{"id":5396,"date":"2023-02-22T09:45:07","date_gmt":"2023-02-22T09:45:07","guid":{"rendered":"https:\/\/charta-nekretnine.hr\/?page_id=5396"},"modified":"2023-03-09T15:05:16","modified_gmt":"2023-03-09T15:05:16","slug":"novosti","status":"publish","type":"page","link":"https:\/\/charta-nekretnine.hr\/en\/novosti\/","title":{"rendered":"Novosti"},"content":{"rendered":"<div data-elementor-type=\"wp-page\" data-elementor-id=\"5396\" class=\"elementor elementor-5396\" data-elementor-post-type=\"page\">\n\t\t\t\t\t\t<section class=\"elementor-section elementor-top-section elementor-element elementor-element-877719e elementor-section-boxed elementor-section-height-default elementor-section-height-default\" data-id=\"877719e\" data-element_type=\"section\">\n\t\t\t\t\t\t<div class=\"elementor-container elementor-column-gap-default\">\n\t\t\t\t\t<div class=\"elementor-column elementor-col-100 elementor-top-column elementor-element elementor-element-6941e3d6\" data-id=\"6941e3d6\" data-element_type=\"column\">\n\t\t\t<div class=\"elementor-widget-wrap elementor-element-populated\">\n\t\t\t\t\t\t<div class=\"elementor-element elementor-element-1eddcc95 elementor-widget elementor-widget-heading\" data-id=\"1eddcc95\" data-element_type=\"widget\" data-widget_type=\"heading.default\">\n\t\t\t\t<div class=\"elementor-widget-container\">\n\t\t\t\t\t<h2 class=\"elementor-heading-title elementor-size-default\">Pro\u010ditajte najnovije zanimljivosti iz svijeta nekretnina<\/h2>\t\t\t\t<\/div>\n\t\t\t\t<\/div>\n\t\t\t\t<div class=\"elementor-element elementor-element-c34bc0d elementor-grid-3 elementor-grid-tablet-2 elementor-grid-mobile-1 elementor-posts--thumbnail-top elementor-widget elementor-widget-posts\" data-id=\"c34bc0d\" data-element_type=\"widget\" data-settings=\"{&quot;classic_columns&quot;:&quot;3&quot;,&quot;classic_columns_tablet&quot;:&quot;2&quot;,&quot;classic_columns_mobile&quot;:&quot;1&quot;,&quot;classic_row_gap&quot;:{&quot;unit&quot;:&quot;px&quot;,&quot;size&quot;:35,&quot;sizes&quot;:[]},&quot;classic_row_gap_tablet&quot;:{&quot;unit&quot;:&quot;px&quot;,&quot;size&quot;:&quot;&quot;,&quot;sizes&quot;:[]},&quot;classic_row_gap_mobile&quot;:{&quot;unit&quot;:&quot;px&quot;,&quot;size&quot;:&quot;&quot;,&quot;sizes&quot;:[]}}\" data-widget_type=\"posts.classic\">\n\t\t\t\t<div class=\"elementor-widget-container\">\n\t\t\t\t\t\t\t<div class=\"elementor-posts-container elementor-posts elementor-posts--skin-classic elementor-grid\" role=\"list\">\n\t\t\t\t<article class=\"elementor-post elementor-grid-item post-9270 post type-post status-publish format-standard has-post-thumbnail hentry category-kampovi-i-mobilne-kucice tag-cijena-mobilne-kucice tag-mobilne-kucice tag-mobilne-kucice-u-kampu entry has-media owp-thumbs-layout-horizontal owp-btn-normal owp-tabs-layout-horizontal has-no-thumbnails has-product-nav\" role=\"listitem\">\n\t\t\t\t<a class=\"elementor-post__thumbnail__link\" href=\"https:\/\/charta-nekretnine.hr\/en\/2025\/10\/23\/cijena-mobilne-kucice-u-kampu\/\" tabindex=\"-1\" >\n\t\t\t<div class=\"elementor-post__thumbnail\"><img fetchpriority=\"high\" decoding=\"async\" width=\"960\" height=\"540\" src=\"https:\/\/charta-nekretnine.hr\/wp-content\/uploads\/2025\/10\/Cijena-mobilne-kucice-u-kampu-1.jpg\" class=\"attachment-medium size-medium wp-image-9293\" alt=\"Cijena mobilne ku\u0107ice u kampu\" srcset=\"https:\/\/charta-nekretnine.hr\/wp-content\/uploads\/2025\/10\/Cijena-mobilne-kucice-u-kampu-1.jpg 960w, https:\/\/charta-nekretnine.hr\/wp-content\/uploads\/2025\/10\/Cijena-mobilne-kucice-u-kampu-1-768x432.jpg 768w, https:\/\/charta-nekretnine.hr\/wp-content\/uploads\/2025\/10\/Cijena-mobilne-kucice-u-kampu-1-18x10.jpg 18w, https:\/\/charta-nekretnine.hr\/wp-content\/uploads\/2025\/10\/Cijena-mobilne-kucice-u-kampu-1-800x450.jpg 800w, https:\/\/charta-nekretnine.hr\/wp-content\/uploads\/2025\/10\/Cijena-mobilne-kucice-u-kampu-1-600x338.jpg 600w\" sizes=\"(max-width: 960px) 100vw, 960px\" \/><\/div>\n\t\t<\/a>\n\t\t\t\t<div class=\"elementor-post__text\">\n\t\t\t\t<h3 class=\"elementor-post__title\">\n\t\t\t<a href=\"https:\/\/charta-nekretnine.hr\/en\/2025\/10\/23\/cijena-mobilne-kucice-u-kampu\/\" >\n\t\t\t\tCijena mobilne ku\u0107ice u kampu: \u0161to zapravo pla\u0107ate?\t\t\t<\/a>\n\t\t<\/h3>\n\t\t\t\t<div class=\"elementor-post__meta-data\">\n\t\t\t\t\t<span class=\"elementor-post-date\">\n\t\t\tOctober 23, 2025\t\t<\/span>\n\t\t\t\t<\/div>\n\t\t\t\t<div class=\"elementor-post__excerpt\">\n\t\t\t<p>U cijenu mobilne ku\u0107ice u kampu ulazi &#8230;<\/p>\n\t\t<\/div>\n\t\t\n\t\t<a class=\"elementor-post__read-more\" href=\"https:\/\/charta-nekretnine.hr\/en\/2025\/10\/23\/cijena-mobilne-kucice-u-kampu\/\" aria-label=\"Read more about Cijena mobilne ku\u0107ice u kampu: \u0161to zapravo pla\u0107ate?\" tabindex=\"-1\" >\n\t\t\tRead More \u00bb\t\t<\/a>\n\n\t\t\t\t<\/div>\n\t\t\t\t<\/article>\n\t\t\t\t<article class=\"elementor-post elementor-grid-item post-9038 post type-post status-publish format-standard has-post-thumbnail hentry category-kampovi-i-mobilne-kucice tag-charta-mobile-homes-kampovi tag-jeftine-mobilne-kucice tag-mobilne-kucice-u-kampu tag-priustive-mobilne-kucice entry has-media owp-thumbs-layout-horizontal owp-btn-normal owp-tabs-layout-horizontal has-no-thumbnails has-product-nav\" role=\"listitem\">\n\t\t\t\t<a class=\"elementor-post__thumbnail__link\" href=\"https:\/\/charta-nekretnine.hr\/en\/2025\/04\/07\/priustive-jeftine-mobilne-kucice\/\" tabindex=\"-1\" >\n\t\t\t<div class=\"elementor-post__thumbnail\"><img decoding=\"async\" width=\"1000\" height=\"563\" src=\"https:\/\/charta-nekretnine.hr\/wp-content\/uploads\/2025\/04\/naslovna-blog-1000x563.jpg\" class=\"attachment-medium size-medium wp-image-9076\" alt=\"Investicijom do jeftine mobilne ku\u0107ice\" srcset=\"https:\/\/charta-nekretnine.hr\/wp-content\/uploads\/2025\/04\/naslovna-blog-1000x563.jpg 1000w, https:\/\/charta-nekretnine.hr\/wp-content\/uploads\/2025\/04\/naslovna-blog-1024x576.jpg 1024w, https:\/\/charta-nekretnine.hr\/wp-content\/uploads\/2025\/04\/naslovna-blog-768x432.jpg 768w, https:\/\/charta-nekretnine.hr\/wp-content\/uploads\/2025\/04\/naslovna-blog-18x10.jpg 18w, https:\/\/charta-nekretnine.hr\/wp-content\/uploads\/2025\/04\/naslovna-blog-800x450.jpg 800w, https:\/\/charta-nekretnine.hr\/wp-content\/uploads\/2025\/04\/naslovna-blog-600x338.jpg 600w, https:\/\/charta-nekretnine.hr\/wp-content\/uploads\/2025\/04\/naslovna-blog.jpg 1280w\" sizes=\"(max-width: 1000px) 100vw, 1000px\" \/><\/div>\n\t\t<\/a>\n\t\t\t\t<div class=\"elementor-post__text\">\n\t\t\t\t<h3 class=\"elementor-post__title\">\n\t\t\t<a href=\"https:\/\/charta-nekretnine.hr\/en\/2025\/04\/07\/priustive-jeftine-mobilne-kucice\/\" >\n\t\t\t\tKako do jeftine mobilne ku\u0107ice?\t\t\t<\/a>\n\t\t<\/h3>\n\t\t\t\t<div class=\"elementor-post__meta-data\">\n\t\t\t\t\t<span class=\"elementor-post-date\">\n\t\t\tApril 7, 2025\t\t<\/span>\n\t\t\t\t<\/div>\n\t\t\t\t<div class=\"elementor-post__excerpt\">\n\t\t\t<p>Nove, potpuno opremljene mobilne ku\u0107ice mogu biti priu\u0161tive, \u010dak i jeftine mobilne ku\u0107ice<\/p>\n\t\t<\/div>\n\t\t\n\t\t<a class=\"elementor-post__read-more\" href=\"https:\/\/charta-nekretnine.hr\/en\/2025\/04\/07\/priustive-jeftine-mobilne-kucice\/\" aria-label=\"Read more about Kako do jeftine mobilne ku\u0107ice?\" tabindex=\"-1\" >\n\t\t\tRead More \u00bb\t\t<\/a>\n\n\t\t\t\t<\/div>\n\t\t\t\t<\/article>\n\t\t\t\t<article class=\"elementor-post elementor-grid-item post-8711 post type-post status-publish format-standard has-post-thumbnail hentry category-investiranje-i-financije tag-mobilne-kucice tag-savjeti-za-kupnju-mobilne-kucice tag-ulaganje-u-mobilne-kucice tag-vodic entry has-media owp-thumbs-layout-horizontal owp-btn-normal owp-tabs-layout-horizontal has-no-thumbnails has-product-nav\" role=\"listitem\">\n\t\t\t\t<a class=\"elementor-post__thumbnail__link\" href=\"https:\/\/charta-nekretnine.hr\/en\/2024\/12\/09\/vodic-za-ulaganje-u-mobilne-kucice\/\" tabindex=\"-1\" >\n\t\t\t<div class=\"elementor-post__thumbnail\"><img decoding=\"async\" width=\"1000\" height=\"563\" src=\"https:\/\/charta-nekretnine.hr\/wp-content\/uploads\/2024\/12\/Naslovna-web-Savjeti-vodic-3-1000x563.jpg\" class=\"attachment-medium size-medium wp-image-8920\" alt=\"Ulaganje u mobilne ku\u0107ice\" srcset=\"https:\/\/charta-nekretnine.hr\/wp-content\/uploads\/2024\/12\/Naslovna-web-Savjeti-vodic-3-1000x563.jpg 1000w, https:\/\/charta-nekretnine.hr\/wp-content\/uploads\/2024\/12\/Naslovna-web-Savjeti-vodic-3-1024x576.jpg 1024w, https:\/\/charta-nekretnine.hr\/wp-content\/uploads\/2024\/12\/Naslovna-web-Savjeti-vodic-3-768x432.jpg 768w, https:\/\/charta-nekretnine.hr\/wp-content\/uploads\/2024\/12\/Naslovna-web-Savjeti-vodic-3-18x10.jpg 18w, https:\/\/charta-nekretnine.hr\/wp-content\/uploads\/2024\/12\/Naslovna-web-Savjeti-vodic-3-800x450.jpg 800w, https:\/\/charta-nekretnine.hr\/wp-content\/uploads\/2024\/12\/Naslovna-web-Savjeti-vodic-3-600x338.jpg 600w, https:\/\/charta-nekretnine.hr\/wp-content\/uploads\/2024\/12\/Naslovna-web-Savjeti-vodic-3.jpg 1280w\" sizes=\"(max-width: 1000px) 100vw, 1000px\" \/><\/div>\n\t\t<\/a>\n\t\t\t\t<div class=\"elementor-post__text\">\n\t\t\t\t<h3 class=\"elementor-post__title\">\n\t\t\t<a href=\"https:\/\/charta-nekretnine.hr\/en\/2024\/12\/09\/vodic-za-ulaganje-u-mobilne-kucice\/\" >\n\t\t\t\t11 savjeta za oprezno ulaganje u mobilne ku\u0107ice\t\t\t<\/a>\n\t\t<\/h3>\n\t\t\t\t<div class=\"elementor-post__meta-data\">\n\t\t\t\t\t<span class=\"elementor-post-date\">\n\t\t\tDecember 9, 2024\t\t<\/span>\n\t\t\t\t<\/div>\n\t\t\t\t<div class=\"elementor-post__excerpt\">\n\t\t\t<p>Ulaganje u mobilne ku\u0107ice ima pristojan investicijski potencijal ako pristupate pa\u017eljivo i raspola\u017eete sa aktualnim informacijama.<\/p>\n<p>Charta Mobile Homes tim za vas je pripremio op\u0161iran vodi\u010d koji \u0107e vas pripremiti za bitne korake u kupnji i raspolaganju mobilnom ku\u0107icom <\/p>\n\t\t<\/div>\n\t\t\n\t\t<a class=\"elementor-post__read-more\" href=\"https:\/\/charta-nekretnine.hr\/en\/2024\/12\/09\/vodic-za-ulaganje-u-mobilne-kucice\/\" aria-label=\"Read more about 11 savjeta za oprezno ulaganje u mobilne ku\u0107ice\" tabindex=\"-1\" >\n\t\t\tRead More \u00bb\t\t<\/a>\n\n\t\t\t\t<\/div>\n\t\t\t\t<\/article>\n\t\t\t\t<article class=\"elementor-post elementor-grid-item post-8020 post type-post status-publish format-standard has-post-thumbnail hentry category-intervju tag-intervju tag-iskustvo-kupnje-mobilne-kucice tag-mobilne-kucice entry has-media owp-thumbs-layout-horizontal owp-btn-normal owp-tabs-layout-horizontal has-no-thumbnails has-product-nav\" role=\"listitem\">\n\t\t\t\t<a class=\"elementor-post__thumbnail__link\" href=\"https:\/\/charta-nekretnine.hr\/en\/2024\/07\/13\/iskustvo-kupnje-mobilne-kucice\/\" tabindex=\"-1\" >\n\t\t\t<div class=\"elementor-post__thumbnail\"><img loading=\"lazy\" decoding=\"async\" width=\"1000\" height=\"667\" src=\"https:\/\/charta-nekretnine.hr\/wp-content\/uploads\/2024\/07\/Iskustvo-kupnje-mobilne-kucice-1000x667.jpg\" class=\"attachment-medium size-medium wp-image-8022\" alt=\"Iskustvo kupnje mobilne ku\u0107ice\" srcset=\"https:\/\/charta-nekretnine.hr\/wp-content\/uploads\/2024\/07\/Iskustvo-kupnje-mobilne-kucice-1000x667.jpg 1000w, https:\/\/charta-nekretnine.hr\/wp-content\/uploads\/2024\/07\/Iskustvo-kupnje-mobilne-kucice-1024x683.jpg 1024w, https:\/\/charta-nekretnine.hr\/wp-content\/uploads\/2024\/07\/Iskustvo-kupnje-mobilne-kucice-768x512.jpg 768w, https:\/\/charta-nekretnine.hr\/wp-content\/uploads\/2024\/07\/Iskustvo-kupnje-mobilne-kucice-18x12.jpg 18w, https:\/\/charta-nekretnine.hr\/wp-content\/uploads\/2024\/07\/Iskustvo-kupnje-mobilne-kucice-600x400.jpg 600w, https:\/\/charta-nekretnine.hr\/wp-content\/uploads\/2024\/07\/Iskustvo-kupnje-mobilne-kucice.jpg 1080w\" sizes=\"(max-width: 1000px) 100vw, 1000px\" \/><\/div>\n\t\t<\/a>\n\t\t\t\t<div class=\"elementor-post__text\">\n\t\t\t\t<h3 class=\"elementor-post__title\">\n\t\t\t<a href=\"https:\/\/charta-nekretnine.hr\/en\/2024\/07\/13\/iskustvo-kupnje-mobilne-kucice\/\" >\n\t\t\t\tNa\u0161e iskustvo kupnje mobilne ku\u0107ice\t\t\t<\/a>\n\t\t<\/h3>\n\t\t\t\t<div class=\"elementor-post__meta-data\">\n\t\t\t\t\t<span class=\"elementor-post-date\">\n\t\t\tJuly 13, 2024\t\t<\/span>\n\t\t\t\t<\/div>\n\t\t\t\t<div class=\"elementor-post__excerpt\">\n\t\t\t<p>Kupnja mobilne ku\u0107ice iz perspektive jednog od na\u0161ih klijenata<\/p>\n\t\t<\/div>\n\t\t\n\t\t<a class=\"elementor-post__read-more\" href=\"https:\/\/charta-nekretnine.hr\/en\/2024\/07\/13\/iskustvo-kupnje-mobilne-kucice\/\" aria-label=\"Read more about Na\u0161e iskustvo kupnje mobilne ku\u0107ice\" tabindex=\"-1\" >\n\t\t\tRead More \u00bb\t\t<\/a>\n\n\t\t\t\t<\/div>\n\t\t\t\t<\/article>\n\t\t\t\t<article class=\"elementor-post elementor-grid-item post-7981 post type-post status-publish format-standard has-post-thumbnail hentry category-mobilne-kucice tag-hrvatska tag-mobilne-kucice tag-mobilne-kucice-uz-more tag-more entry has-media owp-thumbs-layout-horizontal owp-btn-normal owp-tabs-layout-horizontal has-no-thumbnails has-product-nav\" role=\"listitem\">\n\t\t\t\t<a class=\"elementor-post__thumbnail__link\" href=\"https:\/\/charta-nekretnine.hr\/en\/2024\/06\/17\/mobilne-kucice-uz-more\/\" tabindex=\"-1\" >\n\t\t\t<div class=\"elementor-post__thumbnail\"><img loading=\"lazy\" decoding=\"async\" width=\"1000\" height=\"617\" src=\"https:\/\/charta-nekretnine.hr\/wp-content\/uploads\/2024\/06\/Mobilne-kucice-uz-more-Tamaris-1000x617.jpg\" class=\"attachment-medium size-medium wp-image-7989\" alt=\"Mobilne ku\u0107ice uz more\" srcset=\"https:\/\/charta-nekretnine.hr\/wp-content\/uploads\/2024\/06\/Mobilne-kucice-uz-more-Tamaris-1000x617.jpg 1000w, https:\/\/charta-nekretnine.hr\/wp-content\/uploads\/2024\/06\/Mobilne-kucice-uz-more-Tamaris-1024x631.jpg 1024w, https:\/\/charta-nekretnine.hr\/wp-content\/uploads\/2024\/06\/Mobilne-kucice-uz-more-Tamaris-768x474.jpg 768w, https:\/\/charta-nekretnine.hr\/wp-content\/uploads\/2024\/06\/Mobilne-kucice-uz-more-Tamaris-18x12.jpg 18w, https:\/\/charta-nekretnine.hr\/wp-content\/uploads\/2024\/06\/Mobilne-kucice-uz-more-Tamaris-600x370.jpg 600w, https:\/\/charta-nekretnine.hr\/wp-content\/uploads\/2024\/06\/Mobilne-kucice-uz-more-Tamaris.jpg 1440w\" sizes=\"(max-width: 1000px) 100vw, 1000px\" \/><\/div>\n\t\t<\/a>\n\t\t\t\t<div class=\"elementor-post__text\">\n\t\t\t\t<h3 class=\"elementor-post__title\">\n\t\t\t<a href=\"https:\/\/charta-nekretnine.hr\/en\/2024\/06\/17\/mobilne-kucice-uz-more\/\" >\n\t\t\t\tMobilne ku\u0107ice uz more\t\t\t<\/a>\n\t\t<\/h3>\n\t\t\t\t<div class=\"elementor-post__meta-data\">\n\t\t\t\t\t<span class=\"elementor-post-date\">\n\t\t\tJune 17, 2024\t\t<\/span>\n\t\t\t\t<\/div>\n\t\t\t\t<div class=\"elementor-post__excerpt\">\n\t\t\t<p>Mobilne ku\u0107ice uz more Mobilne ku\u0107ice uz more idealno su i jednostavno rje\u0161enje za svakoga tko tra\u017ei na\u010din da posjeduje vlastiti smje\u0161taj u samoj blizini<\/p>\n\t\t<\/div>\n\t\t\n\t\t<a class=\"elementor-post__read-more\" href=\"https:\/\/charta-nekretnine.hr\/en\/2024\/06\/17\/mobilne-kucice-uz-more\/\" aria-label=\"Read more about Mobilne ku\u0107ice uz more\" tabindex=\"-1\" >\n\t\t\tRead More \u00bb\t\t<\/a>\n\n\t\t\t\t<\/div>\n\t\t\t\t<\/article>\n\t\t\t\t<article class=\"elementor-post elementor-grid-item post-6932 post type-post status-publish format-standard has-post-thumbnail hentry category-mobilne-kucice tag-najam-mobilne-kucice tag-ota-portal tag-rent-a-mobile-home tag-rezervacija-termina entry has-media owp-thumbs-layout-horizontal owp-btn-normal owp-tabs-layout-horizontal has-no-thumbnails has-product-nav\" role=\"listitem\">\n\t\t\t\t<a class=\"elementor-post__thumbnail__link\" href=\"https:\/\/charta-nekretnine.hr\/en\/2023\/11\/09\/izazov-najma-mobilne-kucice-dio-i\/\" tabindex=\"-1\" >\n\t\t\t<div class=\"elementor-post__thumbnail\"><img loading=\"lazy\" decoding=\"async\" width=\"1000\" height=\"563\" src=\"https:\/\/charta-nekretnine.hr\/wp-content\/uploads\/2023\/11\/Najam-mobilnih-kucica-1000x563.jpg\" class=\"attachment-medium size-medium wp-image-6942\" alt=\"Uskla\u0111ivanje termina za najam mobilne ku\u0107ice\" srcset=\"https:\/\/charta-nekretnine.hr\/wp-content\/uploads\/2023\/11\/Najam-mobilnih-kucica-1000x563.jpg 1000w, https:\/\/charta-nekretnine.hr\/wp-content\/uploads\/2023\/11\/Najam-mobilnih-kucica-1024x576.jpg 1024w, https:\/\/charta-nekretnine.hr\/wp-content\/uploads\/2023\/11\/Najam-mobilnih-kucica-768x432.jpg 768w, https:\/\/charta-nekretnine.hr\/wp-content\/uploads\/2023\/11\/Najam-mobilnih-kucica-1536x864.jpg 1536w, https:\/\/charta-nekretnine.hr\/wp-content\/uploads\/2023\/11\/Najam-mobilnih-kucica-18x10.jpg 18w, https:\/\/charta-nekretnine.hr\/wp-content\/uploads\/2023\/11\/Najam-mobilnih-kucica-800x450.jpg 800w, https:\/\/charta-nekretnine.hr\/wp-content\/uploads\/2023\/11\/Najam-mobilnih-kucica-600x338.jpg 600w, https:\/\/charta-nekretnine.hr\/wp-content\/uploads\/2023\/11\/Najam-mobilnih-kucica.jpg 1920w\" sizes=\"(max-width: 1000px) 100vw, 1000px\" \/><\/div>\n\t\t<\/a>\n\t\t\t\t<div class=\"elementor-post__text\">\n\t\t\t\t<h3 class=\"elementor-post__title\">\n\t\t\t<a href=\"https:\/\/charta-nekretnine.hr\/en\/2023\/11\/09\/izazov-najma-mobilne-kucice-dio-i\/\" >\n\t\t\t\tIzazov najma mobilne ku\u0107ice &#8211; prvi dio\t\t\t<\/a>\n\t\t<\/h3>\n\t\t\t\t<div class=\"elementor-post__meta-data\">\n\t\t\t\t\t<span class=\"elementor-post-date\">\n\t\t\tNovember 9, 2023\t\t<\/span>\n\t\t\t\t<\/div>\n\t\t\t\t<div class=\"elementor-post__excerpt\">\n\t\t\t<p>U prvom dijelu osvrta na izazove najma mobilnih ku\u0107ica fokusirali smo se na sustave rezervacija i popunjavanje termina tijekom cijele godine.<\/p>\n\t\t<\/div>\n\t\t\n\t\t<a class=\"elementor-post__read-more\" href=\"https:\/\/charta-nekretnine.hr\/en\/2023\/11\/09\/izazov-najma-mobilne-kucice-dio-i\/\" aria-label=\"Read more about Izazov najma mobilne ku\u0107ice &#8211; prvi dio\" tabindex=\"-1\" >\n\t\t\tRead More \u00bb\t\t<\/a>\n\n\t\t\t\t<\/div>\n\t\t\t\t<\/article>\n\t\t\t\t<\/div>\n\t\t\n\t\t\t\t\t\t<\/div>\n\t\t\t\t<\/div>\n\t\t\t\t\t<\/div>\n\t\t<\/div>\n\t\t\t\t\t<\/div>\n\t\t<\/section>\n\t\t\t\t<\/div>","protected":false},"excerpt":{"rendered":"<p>Pro\u010ditajte najnovije zanimljivosti iz svijeta nekretnina<\/p>","protected":false},"author":6,"featured_media":0,"parent":0,"menu_order":0,"comment_status":"closed","ping_status":"closed","template":"","meta":{"_acf_changed":false,"ocean_post_layout":"full-screen","ocean_both_sidebars_style":"","ocean_both_sidebars_content_width":0,"ocean_both_sidebars_sidebars_width":0,"ocean_sidebar":"0","ocean_second_sidebar":"0","ocean_disable_margins":"on","ocean_add_body_class":"","ocean_shortcode_before_top_bar":"","ocean_shortcode_after_top_bar":"","ocean_shortcode_before_header":"","ocean_shortcode_after_header":"","ocean_has_shortcode":"","ocean_shortcode_after_title":"","ocean_shortcode_before_footer_widgets":"","ocean_shortcode_after_footer_widgets":"","ocean_shortcode_before_footer_bottom":"","ocean_shortcode_after_footer_bottom":"","ocean_display_top_bar":"off","ocean_display_header":"on","ocean_header_style":"","ocean_center_header_left_menu":"0","ocean_custom_header_template":"0","ocean_custom_logo":0,"ocean_custom_retina_logo":0,"ocean_custom_logo_max_width":0,"ocean_custom_logo_tablet_max_width":0,"ocean_custom_logo_mobile_max_width":0,"ocean_custom_logo_max_height":0,"ocean_custom_logo_tablet_max_height":0,"ocean_custom_logo_mobile_max_height":0,"ocean_header_custom_menu":"0","ocean_menu_typo_font_family":"0","ocean_menu_typo_font_subset":"","ocean_menu_typo_font_size":0,"ocean_menu_typo_font_size_tablet":0,"ocean_menu_typo_font_size_mobile":0,"ocean_menu_typo_font_size_unit":"px","ocean_menu_typo_font_weight":"","ocean_menu_typo_font_weight_tablet":"","ocean_menu_typo_font_weight_mobile":"","ocean_menu_typo_transform":"","ocean_menu_typo_transform_tablet":"","ocean_menu_typo_transform_mobile":"","ocean_menu_typo_line_height":0,"ocean_menu_typo_line_height_tablet":0,"ocean_menu_typo_line_height_mobile":0,"ocean_menu_typo_line_height_unit":"","ocean_menu_typo_spacing":0,"ocean_menu_typo_spacing_tablet":0,"ocean_menu_typo_spacing_mobile":0,"ocean_menu_typo_spacing_unit":"","ocean_menu_link_color":"","ocean_menu_link_color_hover":"","ocean_menu_link_color_active":"","ocean_menu_link_background":"","ocean_menu_link_hover_background":"","ocean_menu_link_active_background":"","ocean_menu_social_links_bg":"","ocean_menu_social_hover_links_bg":"","ocean_menu_social_links_color":"","ocean_menu_social_hover_links_color":"","ocean_disable_title":"on","ocean_disable_heading":"default","ocean_post_title":"","ocean_post_subheading":"","ocean_post_title_style":"","ocean_post_title_background_color":"","ocean_post_title_background":0,"ocean_post_title_bg_image_position":"","ocean_post_title_bg_image_attachment":"","ocean_post_title_bg_image_repeat":"","ocean_post_title_bg_image_size":"","ocean_post_title_height":0,"ocean_post_title_bg_overlay":0.5,"ocean_post_title_bg_overlay_color":"","ocean_disable_breadcrumbs":"off","ocean_breadcrumbs_color":"","ocean_breadcrumbs_separator_color":"","ocean_breadcrumbs_links_color":"","ocean_breadcrumbs_links_hover_color":"","ocean_display_footer_widgets":"off","ocean_display_footer_bottom":"off","ocean_custom_footer_template":"0","footnotes":""},"class_list":["post-5396","page","type-page","status-publish","hentry","entry","has-media","owp-thumbs-layout-horizontal","owp-btn-normal","owp-tabs-layout-horizontal","has-no-thumbnails","has-product-nav"],"acf":[],"jetpack_sharing_enabled":true,"_links":{"self":[{"href":"https:\/\/charta-nekretnine.hr\/en\/wp-json\/wp\/v2\/pages\/5396","targetHints":{"allow":["GET"]}}],"collection":[{"href":"https:\/\/charta-nekretnine.hr\/en\/wp-json\/wp\/v2\/pages"}],"about":[{"href":"https:\/\/charta-nekretnine.hr\/en\/wp-json\/wp\/v2\/types\/page"}],"author":[{"embeddable":true,"href":"https:\/\/charta-nekretnine.hr\/en\/wp-json\/wp\/v2\/users\/6"}],"replies":[{"embeddable":true,"href":"https:\/\/charta-nekretnine.hr\/en\/wp-json\/wp\/v2\/comments?post=5396"}],"version-history":[{"count":0,"href":"https:\/\/charta-nekretnine.hr\/en\/wp-json\/wp\/v2\/pages\/5396\/revisions"}],"wp:attachment":[{"href":"https:\/\/charta-nekretnine.hr\/en\/wp-json\/wp\/v2\/media?parent=5396"}],"curies":[{"name":"wp","href":"https:\/\/api.w.org\/{rel}","templated":true}]}}