{"id":3972,"date":"2021-02-08T21:12:26","date_gmt":"2021-02-08T21:12:26","guid":{"rendered":"https:\/\/charta-nekretnine.hr\/?post_type=product&#038;p=3972"},"modified":"2024-09-18T09:26:06","modified_gmt":"2024-09-18T09:26:06","slug":"odra-kuca-i-skladiste","status":"publish","type":"product","link":"https:\/\/charta-nekretnine.hr\/en\/product\/odra-kuca-i-skladiste\/","title":{"rendered":"Odra, ku\u0107a i skladi\u0161te"},"content":{"rendered":"","protected":false},"excerpt":{"rendered":"<p><strong>Na prodaju je ku\u0107a koja se sastoji od stana (130 m2), poslovnog prostora (130 m2) a uz ku\u0107u dolazi i skladi\u0161te (200m2)<\/strong><\/p>\n<p>Na katu je 4-sobni stan + kuhinja (potpuno namje\u0161tena), kupaonica, garderoba, ostava.<br \/>\nU prizemlju se nalazi poslovni prostor &#8211; radiona s industrijskim podom i industrijskom strujom. Poslovni prostor se sastoji od dvije prostorije svaka 50 m2, kuhinje, kotlovnice i sanitarnog \u010dvora. Mo\u017ee se preurediti u stambeni prostor sa zasebnim ulazom.<br \/>\nObje eta\u017ee imaju centralno grijanje.<\/p>\n<p>Skladi\u0161te &#8211; hala veli\u010dine 200 m2, pogodno za prilaz \u0161lepera s rampom za istovar. Mogu\u0107nost pro\u0161irenja skladi\u0161ta za dodatnih 200m2 na postoje\u0107im temeljima.<\/p>\n<p>Oku\u0107nica povr\u0161ine 1400 m2 s drvenom ku\u0107icom 20 m2, natkrivenim ro\u0161tiljem te livada s vo\u0107njakom.<br \/>\nBlizina \u0161kole, vrti\u0107a, gradskog prijevoza<\/p>\n<p class=\"BlockStandard-title\"><strong>Osnovne informacije<\/strong><\/p>\n<dl class=\"ClassifiedDetailBasicDetails-list cf\">\n<dt class=\"ClassifiedDetailBasicDetails-listTerm\"><span class=\"ClassifiedDetailBasicDetails-textWrapContainer\">Lokacija: <\/span><span class=\"ClassifiedDetailBasicDetails-textWrapContainer\">Grad Zagreb, Novi Zagreb &#8211; Zapad, Odra<\/span><\/dt>\n<dt class=\"ClassifiedDetailBasicDetails-listTerm\"><span class=\"ClassifiedDetailBasicDetails-textWrapContainer\">Tip ku\u0107e: <\/span><span class=\"ClassifiedDetailBasicDetails-textWrapContainer\">Samostoje\u0107a<\/span><\/dt>\n<dt class=\"ClassifiedDetailBasicDetails-listTerm\"><span class=\"ClassifiedDetailBasicDetails-textWrapContainer\">Broj eta\u017ea: <\/span><span class=\"ClassifiedDetailBasicDetails-textWrapContainer\">Katnica<\/span><\/dt>\n<dt class=\"ClassifiedDetailBasicDetails-listTerm\"><span class=\"ClassifiedDetailBasicDetails-textWrapContainer\">Vrsta ku\u0107e (gradnje): <\/span><span class=\"ClassifiedDetailBasicDetails-textWrapContainer\">Zidana ku\u0107a (beton, opeka)<\/span><\/dt>\n<dt class=\"ClassifiedDetailBasicDetails-listTerm\"><span class=\"ClassifiedDetailBasicDetails-textWrapContainer\">Broj soba: <\/span><span class=\"ClassifiedDetailBasicDetails-textWrapContainer\">6<\/span><\/dt>\n<dt class=\"ClassifiedDetailBasicDetails-listTerm\"><span class=\"ClassifiedDetailBasicDetails-textWrapContainer\">Stambena povr\u0161ina: <\/span><span class=\"ClassifiedDetailBasicDetails-textWrapContainer\">260,00 m\u00b2<\/span><\/dt>\n<dt class=\"ClassifiedDetailBasicDetails-listTerm\"><span class=\"ClassifiedDetailBasicDetails-textWrapContainer\">Povr\u0161ina oku\u0107nice: <\/span><span class=\"ClassifiedDetailBasicDetails-textWrapContainer\">1.400,00 m\u00b2<\/span><\/dt>\n<dt class=\"ClassifiedDetailBasicDetails-listTerm\"><span class=\"ClassifiedDetailBasicDetails-textWrapContainer\">Godina izgradnje: <\/span><span class=\"ClassifiedDetailBasicDetails-textWrapContainer\">2010.<\/span><\/dt>\n<dt class=\"ClassifiedDetailBasicDetails-listTerm\"><span class=\"ClassifiedDetailBasicDetails-textWrapContainer\">Broj parkirnih mjesta: <\/span><span class=\"ClassifiedDetailBasicDetails-textWrapContainer\">7<\/span><\/dt>\n<\/dl>\n<div class=\"ClassifiedDetailPropertyGroups-topControls cf\">\n<p class=\"BlockStandard-title ClassifiedDetailPropertyGroups-title\"><strong>Ostale informacije:<\/strong><\/p>\n<\/div>\n<section class=\"ClassifiedDetailPropertyGroups-group\">\n<p class=\"ClassifiedDetailPropertyGroups-groupTitle\"><strong>Grijanje<\/strong><\/p>\n<p class=\"ClassifiedDetailPropertyGroups-groupTitle\">Sustav grijanja: Kotlovnica na lo\u017e ulje<\/p>\n<\/section>\n<section class=\"ClassifiedDetailPropertyGroups-group\">\n<p class=\"ClassifiedDetailPropertyGroups-groupTitle\"><strong>Podaci o objektu, dozvole i potvrde<\/strong><\/p>\n<div class=\"ClassifiedDetailPropertyGroups-expandWrapper\">\n<ul class=\"ClassifiedDetailPropertyGroups-expandContent ClassifiedDetailPropertyGroups-groupList\">\n<li class=\"ClassifiedDetailPropertyGroups-groupListItem\">Gradski vodovod<\/li>\n<li class=\"ClassifiedDetailPropertyGroups-groupListItem\">Gradska kanalizacija<\/li>\n<li class=\"ClassifiedDetailPropertyGroups-groupListItem\">Vlasni\u010dki list<\/li>\n<li class=\"ClassifiedDetailPropertyGroups-groupListItem\">Gra\u0111evinska dozvola<\/li>\n<li class=\"ClassifiedDetailPropertyGroups-groupListItem\">Uporabna dozvola<\/li>\n<\/ul>\n<\/div>\n<\/section>\n<section class=\"ClassifiedDetailPropertyGroups-group\">\n<p class=\"ClassifiedDetailPropertyGroups-groupTitle\"><strong>Ostali objekti i povr\u0161ine<\/strong><\/p>\n<div class=\"ClassifiedDetailPropertyGroups-expandWrapper\">\n<ul class=\"ClassifiedDetailPropertyGroups-expandContent ClassifiedDetailPropertyGroups-groupList\">\n<li class=\"ClassifiedDetailPropertyGroups-groupListItem\">Dvori\u0161te\/vrt<\/li>\n<li class=\"ClassifiedDetailPropertyGroups-groupListItem\">Spremi\u0161te\/\u0161upa<\/li>\n<li class=\"ClassifiedDetailPropertyGroups-groupListItem\">Ro\u0161tilj<\/li>\n<li class=\"ClassifiedDetailPropertyGroups-groupListItem\">Vrtna ku\u0107ica<\/li>\n<\/ul>\n<\/div>\n<\/section>","protected":false},"featured_media":3974,"template":"","meta":{"_acf_changed":false,"ocean_post_layout":"","ocean_both_sidebars_style":"","ocean_both_sidebars_content_width":0,"ocean_both_sidebars_sidebars_width":0,"ocean_sidebar":"0","ocean_second_sidebar":"0","ocean_disable_margins":"enable","ocean_add_body_class":"","ocean_shortcode_before_top_bar":"","ocean_shortcode_after_top_bar":"","ocean_shortcode_before_header":"","ocean_shortcode_after_header":"","ocean_has_shortcode":"","ocean_shortcode_after_title":"","ocean_shortcode_before_footer_widgets":"","ocean_shortcode_after_footer_widgets":"","ocean_shortcode_before_footer_bottom":"","ocean_shortcode_after_footer_bottom":"","ocean_display_top_bar":"default","ocean_display_header":"default","ocean_header_style":"","ocean_center_header_left_menu":"0","ocean_custom_header_template":"0","ocean_custom_logo":0,"ocean_custom_retina_logo":0,"ocean_custom_logo_max_width":0,"ocean_custom_logo_tablet_max_width":0,"ocean_custom_logo_mobile_max_width":0,"ocean_custom_logo_max_height":0,"ocean_custom_logo_tablet_max_height":0,"ocean_custom_logo_mobile_max_height":0,"ocean_header_custom_menu":"0","ocean_menu_typo_font_family":"0","ocean_menu_typo_font_subset":"","ocean_menu_typo_font_size":0,"ocean_menu_typo_font_size_tablet":0,"ocean_menu_typo_font_size_mobile":0,"ocean_menu_typo_font_size_unit":"px","ocean_menu_typo_font_weight":"","ocean_menu_typo_font_weight_tablet":"","ocean_menu_typo_font_weight_mobile":"","ocean_menu_typo_transform":"","ocean_menu_typo_transform_tablet":"","ocean_menu_typo_transform_mobile":"","ocean_menu_typo_line_height":0,"ocean_menu_typo_line_height_tablet":0,"ocean_menu_typo_line_height_mobile":0,"ocean_menu_typo_line_height_unit":"","ocean_menu_typo_spacing":0,"ocean_menu_typo_spacing_tablet":0,"ocean_menu_typo_spacing_mobile":0,"ocean_menu_typo_spacing_unit":"","ocean_menu_link_color":"","ocean_menu_link_color_hover":"","ocean_menu_link_color_active":"","ocean_menu_link_background":"","ocean_menu_link_hover_background":"","ocean_menu_link_active_background":"","ocean_menu_social_links_bg":"","ocean_menu_social_hover_links_bg":"","ocean_menu_social_links_color":"","ocean_menu_social_hover_links_color":"","ocean_disable_title":"default","ocean_disable_heading":"default","ocean_post_title":"","ocean_post_subheading":"","ocean_post_title_style":"","ocean_post_title_background_color":"","ocean_post_title_background":0,"ocean_post_title_bg_image_position":"","ocean_post_title_bg_image_attachment":"","ocean_post_title_bg_image_repeat":"","ocean_post_title_bg_image_size":"","ocean_post_title_height":0,"ocean_post_title_bg_overlay":0.5,"ocean_post_title_bg_overlay_color":"","ocean_disable_breadcrumbs":"default","ocean_breadcrumbs_color":"","ocean_breadcrumbs_separator_color":"","ocean_breadcrumbs_links_color":"","ocean_breadcrumbs_links_hover_color":"","ocean_display_footer_widgets":"default","ocean_display_footer_bottom":"default","ocean_custom_footer_template":"0"},"product_brand":[],"product_cat":[22],"product_tag":[],"class_list":{"0":"post-3972","1":"product","2":"type-product","3":"status-publish","4":"has-post-thumbnail","6":"product_cat-kuca","7":"pa_cijena-285-000","8":"pa_kvadratura-186","9":"pa_kvart-odra","10":"pa_mjesto-zagreb","11":"pa_vrsta-objave-prodaja","13":"entry","14":"has-media","16":"first","17":"instock","18":"shipping-taxable","19":"purchasable","20":"product-type-simple","21":"has-product-nav","22":"col","23":"span_1_of_3","24":"owp-content-center","25":"owp-thumbs-layout-horizontal","26":"owp-btn-normal","27":"owp-tabs-layout-horizontal"},"acf":[],"jetpack_sharing_enabled":true,"_links":{"self":[{"href":"https:\/\/charta-nekretnine.hr\/en\/wp-json\/wp\/v2\/product\/3972","targetHints":{"allow":["GET"]}}],"collection":[{"href":"https:\/\/charta-nekretnine.hr\/en\/wp-json\/wp\/v2\/product"}],"about":[{"href":"https:\/\/charta-nekretnine.hr\/en\/wp-json\/wp\/v2\/types\/product"}],"wp:featuredmedia":[{"embeddable":true,"href":"https:\/\/charta-nekretnine.hr\/en\/wp-json\/wp\/v2\/media\/3974"}],"wp:attachment":[{"href":"https:\/\/charta-nekretnine.hr\/en\/wp-json\/wp\/v2\/media?parent=3972"}],"wp:term":[{"taxonomy":"product_brand","embeddable":true,"href":"https:\/\/charta-nekretnine.hr\/en\/wp-json\/wp\/v2\/product_brand?post=3972"},{"taxonomy":"product_cat","embeddable":true,"href":"https:\/\/charta-nekretnine.hr\/en\/wp-json\/wp\/v2\/product_cat?post=3972"},{"taxonomy":"product_tag","embeddable":true,"href":"https:\/\/charta-nekretnine.hr\/en\/wp-json\/wp\/v2\/product_tag?post=3972"}],"curies":[{"name":"wp","href":"https:\/\/api.w.org\/{rel}","templated":true}]}}