{"id":4038,"date":"2021-02-16T15:02:42","date_gmt":"2021-02-16T15:02:42","guid":{"rendered":"https:\/\/charta-nekretnine.hr\/?post_type=product&#038;p=4038"},"modified":"2024-04-22T15:58:29","modified_gmt":"2024-04-22T15:58:29","slug":"parcele-i-nove-mobilne-kucice-u-kampu","status":"publish","type":"product","link":"https:\/\/charta-nekretnine.hr\/en\/product\/parcele-i-nove-mobilne-kucice-u-kampu\/","title":{"rendered":"Parcele i nove mobilne ku\u0107ice u kampu Adriana"},"content":{"rendered":"","protected":false},"excerpt":{"rendered":"<p>U mirnom obiteljskom kampu u Starigradu Paklenica u dugotrajni zakup se daju 4 parcele za postavljanje luksuzno opremljenih mobilnih ku\u0107ica. Svaka je mobilna ku\u0107ica u potpunosti opremljena i namje\u0161tena.<\/p>\n<p>Mobilne ku\u0107ice se proizvode sa svim namje\u0161tajem i ku\u0107anskim ure\u0111ajima. Pru\u017eaju luksuz boravka kao i svaki apartman ili soba u hotelu sa predno\u0161\u0107u odvojenosti od ostalih posjetitelja. Od potpuno opremljene kuhinje i spava\u0107ih soba do ure\u0111ene kupaonice i namje\u0161tenog dnevnog boravka, potpunu ugodu tijekom odmora upotpunjuje nadkrivena terasa \u00a0Prilikom odabira modela i rasporeda prostorija izlazi se u susret naru\u010diteljima mobilnih ku\u0107ica, \u010dje su zna\u010dajke sljede\u0107e:<\/p>\n<ul>\n<li>Modeli 8,5 x 4 (34m2) &#8212; 8,5 x 3 (25,5m2) &#8212; 5&#215;4 (20m2) &#8212; 6,5 x 3 (19,5m2) \u2013 10 x 4 (40m2) \u2013 8,5 x 6 (51m2) \u2013 8,5 x 8 (68m2)<\/li>\n<li>Broj osoba: od 2 do 9<\/li>\n<li>Broj prostorija: od 3 do 6<\/li>\n<li>Broj spava\u0107ih soba: od 1 do 3 (potpuno namje\u0161tene)<\/li>\n<li>Broj kupaonica: od 1 do 2 (opremljene i ure\u0111ene, mogu\u0107e postavljanje i perilice za rublje)<\/li>\n<li>Kuhinja (sa elementima, fri\u017eiderom, plo\u0107om za kuhanje, armaturom)<\/li>\n<li>Veliki odabir dodatnih opcija ure\u0111enja<\/li>\n<li>Kvalitetna izgradnja, dugotrajnost i moderan dizajn<\/li>\n<\/ul>\n<p>Mogu\u0107i su razli\u010diti tlocrti.<\/p>\n<p>Uz MK dolazi natkrivena terasa od 8,5mx3m<\/p>\n<p><strong>Kamp Adriana, Starigrad Paklenica:<\/strong><\/p>\n<p>Povr\u0161ina je 1100 m2, ima izgra\u0111en sanitarni \u010dvor.<\/p>\n<p>U kampu je mogu\u0107e postaviti 4 MK, a za postavljanje 4 MK cijena godi\u0161njeg najma po ku\u0107ici je 2.600 eur + re\u017eije. Ukoliko se u kamp postave samo 3 MK cijena godi\u0161njeg najma je 2.800 \u20ac + re\u017eije.<\/p>\n<p>Gostima kampa na raspolaganju je kori\u0161tenje ro\u0161tilja, sadr\u017eaji za djecu ( ljulja\u010dku, tobogan ili pje\u0161\u010danik ) i wi-fi mre\u017ea. Budu\u0107im vlasnicima MK nudimo pomo\u0107 oko pronalaska osoblja vezano za do\u010dek i ispra\u0107aj gostiju, \u010di\u0161\u0107enje MK i\u00a0 eventualne popravke.<\/p>\n<p>Kamp je na kvalitetnoj poziciji i nudi blizinu mnogih zanimljivih i odmoru prilago\u0111enih sadr\u017eaja:<\/p>\n<ul>\n<li>pla\u017ea &#8211; 300 m ( pla\u017ea u kampu uz hotel &#8220;Alan&#8221;)<\/li>\n<li>pla\u017ea Kulina &#8211; 750 m<\/li>\n<li>NP Paklenica &#8211; 1,4 km<\/li>\n<li>restoran &#8211; 30 m<\/li>\n<li>cafe bar &#8211; 30 m<\/li>\n<li>ljekarna &#8211; 30 m<\/li>\n<li>bankomat &#8211; 150 m<\/li>\n<li>suvenirnica &#8211; 50 m<\/li>\n<li>prodaja izleta &#8211; 150 m<\/li>\n<li>centar mjesta &#8211; 1,1 km<\/li>\n<\/ul>\n<p>&#8211; Mogu\u0107nost iznajmljivanja: mobilne ku\u0107ice za iznajmljivanje predstavljaju odli\u010dnu investiciju za rokom povrata od 5 do 7 godina.<br \/>\n&#8211; Ugovor na 10 godina<\/p>\n<p>Stojimo na raspolaganju za dodatne informacije.<\/p>","protected":false},"featured_media":4042,"template":"","meta":{"_acf_changed":false,"ocean_post_layout":"","ocean_both_sidebars_style":"","ocean_both_sidebars_content_width":0,"ocean_both_sidebars_sidebars_width":0,"ocean_sidebar":"0","ocean_second_sidebar":"0","ocean_disable_margins":"enable","ocean_add_body_class":"","ocean_shortcode_before_top_bar":"","ocean_shortcode_after_top_bar":"","ocean_shortcode_before_header":"","ocean_shortcode_after_header":"","ocean_has_shortcode":"","ocean_shortcode_after_title":"","ocean_shortcode_before_footer_widgets":"","ocean_shortcode_after_footer_widgets":"","ocean_shortcode_before_footer_bottom":"","ocean_shortcode_after_footer_bottom":"","ocean_display_top_bar":"default","ocean_display_header":"default","ocean_header_style":"","ocean_center_header_left_menu":"0","ocean_custom_header_template":"0","ocean_custom_logo":0,"ocean_custom_retina_logo":0,"ocean_custom_logo_max_width":0,"ocean_custom_logo_tablet_max_width":0,"ocean_custom_logo_mobile_max_width":0,"ocean_custom_logo_max_height":0,"ocean_custom_logo_tablet_max_height":0,"ocean_custom_logo_mobile_max_height":0,"ocean_header_custom_menu":"0","ocean_menu_typo_font_family":"0","ocean_menu_typo_font_subset":"","ocean_menu_typo_font_size":0,"ocean_menu_typo_font_size_tablet":0,"ocean_menu_typo_font_size_mobile":0,"ocean_menu_typo_font_size_unit":"px","ocean_menu_typo_font_weight":"","ocean_menu_typo_font_weight_tablet":"","ocean_menu_typo_font_weight_mobile":"","ocean_menu_typo_transform":"","ocean_menu_typo_transform_tablet":"","ocean_menu_typo_transform_mobile":"","ocean_menu_typo_line_height":0,"ocean_menu_typo_line_height_tablet":0,"ocean_menu_typo_line_height_mobile":0,"ocean_menu_typo_line_height_unit":"","ocean_menu_typo_spacing":0,"ocean_menu_typo_spacing_tablet":0,"ocean_menu_typo_spacing_mobile":0,"ocean_menu_typo_spacing_unit":"","ocean_menu_link_color":"","ocean_menu_link_color_hover":"","ocean_menu_link_color_active":"","ocean_menu_link_background":"","ocean_menu_link_hover_background":"","ocean_menu_link_active_background":"","ocean_menu_social_links_bg":"","ocean_menu_social_hover_links_bg":"","ocean_menu_social_links_color":"","ocean_menu_social_hover_links_color":"","ocean_disable_title":"default","ocean_disable_heading":"default","ocean_post_title":"","ocean_post_subheading":"","ocean_post_title_style":"","ocean_post_title_background_color":"","ocean_post_title_background":0,"ocean_post_title_bg_image_position":"","ocean_post_title_bg_image_attachment":"","ocean_post_title_bg_image_repeat":"","ocean_post_title_bg_image_size":"","ocean_post_title_height":0,"ocean_post_title_bg_overlay":0.5,"ocean_post_title_bg_overlay_color":"","ocean_disable_breadcrumbs":"default","ocean_breadcrumbs_color":"","ocean_breadcrumbs_separator_color":"","ocean_breadcrumbs_links_color":"","ocean_breadcrumbs_links_hover_color":"","ocean_display_footer_widgets":"default","ocean_display_footer_bottom":"default","ocean_custom_footer_template":"0"},"product_brand":[],"product_cat":[42],"product_tag":[315],"class_list":{"0":"post-4038","1":"product","2":"type-product","3":"status-publish","4":"has-post-thumbnail","6":"product_cat-zemljiste","7":"product_tag-najam-nekretnina","8":"pa_cijena-na-upit","9":"pa_kvadratura-177","10":"pa_mjesto-starigrad-paklenica","11":"pa_stanje-objekta-nove-mobilne-kucice","12":"pa_vrsta-objave-iznajmljivanje","14":"entry","15":"has-media","17":"first","18":"instock","19":"shipping-taxable","20":"product-type-simple","21":"has-product-nav","22":"col","23":"span_1_of_3","24":"owp-content-center","25":"owp-thumbs-layout-horizontal","26":"owp-btn-normal","27":"owp-tabs-layout-horizontal"},"acf":[],"jetpack_sharing_enabled":true,"_links":{"self":[{"href":"https:\/\/charta-nekretnine.hr\/en\/wp-json\/wp\/v2\/product\/4038","targetHints":{"allow":["GET"]}}],"collection":[{"href":"https:\/\/charta-nekretnine.hr\/en\/wp-json\/wp\/v2\/product"}],"about":[{"href":"https:\/\/charta-nekretnine.hr\/en\/wp-json\/wp\/v2\/types\/product"}],"wp:featuredmedia":[{"embeddable":true,"href":"https:\/\/charta-nekretnine.hr\/en\/wp-json\/wp\/v2\/media\/4042"}],"wp:attachment":[{"href":"https:\/\/charta-nekretnine.hr\/en\/wp-json\/wp\/v2\/media?parent=4038"}],"wp:term":[{"taxonomy":"product_brand","embeddable":true,"href":"https:\/\/charta-nekretnine.hr\/en\/wp-json\/wp\/v2\/product_brand?post=4038"},{"taxonomy":"product_cat","embeddable":true,"href":"https:\/\/charta-nekretnine.hr\/en\/wp-json\/wp\/v2\/product_cat?post=4038"},{"taxonomy":"product_tag","embeddable":true,"href":"https:\/\/charta-nekretnine.hr\/en\/wp-json\/wp\/v2\/product_tag?post=4038"}],"curies":[{"name":"wp","href":"https:\/\/api.w.org\/{rel}","templated":true}]}}