{"id":4089,"date":"2021-03-06T21:55:55","date_gmt":"2021-03-06T21:55:55","guid":{"rendered":"https:\/\/charta-nekretnine.hr\/?post_type=product&#038;p=4089"},"modified":"2025-09-28T10:36:21","modified_gmt":"2025-09-28T10:36:21","slug":"deset-parcela-sa-ekskluzivnim-mobilnim-kucicama-kamp-raca","status":"publish","type":"product","link":"https:\/\/charta-nekretnine.hr\/en\/product\/deset-parcela-sa-ekskluzivnim-mobilnim-kucicama-kamp-raca\/","title":{"rendered":"Deset parcela sa ekskluzivnim mobilnim ku\u0107icama \u2013 Kamp Ra\u010da"},"content":{"rendered":"","protected":false},"excerpt":{"rendered":"<p><strong>Deset parcela sa ekskluzivnim mobilnim ku\u0107ama \u2013 Kamp Ra\u010da<\/strong><\/p>\n<p>&nbsp;<\/p>\n<p>U uvali 11 kilometara od Senja pri podvelebitskom primorju, neposredno uz more te magistralni put Rijeka-Zadar nalazi se kamp sa 25 godi\u0161njom tradicijom ugo\u0161\u0107ivanja dragih nam posjetitelja. (<strong>v. galeriju slika<\/strong>)<\/p>\n<p>Od ove godine u ponudu uvodimo 10 parcela sa luksuznim mobilnim ku\u0107ama koje proizvodi renomirana tvrtka Kvadra. Mobilnu ku\u0107icu mo\u017eete kupiti za svoje potrebe ili kao investiciju za turisti\u010dko iznajmljivanje.<\/p>\n<p>Javite nam se ako ste zainteresirani za ulaganje u smje\u0161taj u Euro kampu Ra\u010da. Predvi\u0111eni povrat investicije u mobilne ku\u0107ice je od 4 do 7 godina. Predvi\u0111ena zarada tijekom trajanja najma je u dvostrukom iznosu od po\u010detne invsticije.<\/p>\n<p><strong>\u00a0<\/strong><\/p>\n<p><strong>O parcelama u kampu (v. galeriju slika)<\/strong><\/p>\n<p>Kamp Ra\u010da prima posjetitelje i kampere iz razli\u010ditih dijelova Hrvatske, Europe i svijeta ve\u0107 25 godina. Svaka je parcela ure\u0111ena i infrastrukturno pripremljena za postavljanje mobilne ku\u0107ice. Svaka parcela ima pristup struji i internetu.<\/p>\n<p>Parcela se uzima u najam na 10 godina, a godi\u0161nji pau\u0161al za mobilnu ku\u0107icu na parceli u kampu iznosi 3.500,00 eur.<\/p>\n<p><strong>\u00a0<\/strong><\/p>\n<p><strong>O mobilnim ku\u0107icama (v. galeriju slika)<\/strong><\/p>\n<p>Mobilne ku\u0107ice se proizvode sa svim namje\u0161tajem i ku\u0107anskim ure\u0111ajima. Pru\u017eaju luksuz boravka kao i svaki apartman ili soba u hotelu sa predno\u0161\u0107u odvojenosti od ostalih posjetitelja. Cijena novih mobilnih ku\u0107ica kre\u0107e se od 20.600,00 eur do 29.700,00 eur (plus PDV)<\/p>\n<p>Prilikom odabira modela i rasporeda prostorija izlazi se u susret naru\u010diteljima mobilnih ku\u0107ica, a njihove zna\u010dajke su sljede\u0107e:<\/p>\n<ul>\n<li>Modeli 8,5 x 4 (34m2) &#8212; 8,5 x 3 (25,5m2) &#8212; 5&#215;4 (20m2) &#8212; 6,5 x 3 (19,5m2)<\/li>\n<li>Broj osoba: od 2 do 6<\/li>\n<li>Broj prostorija: od 3 do 5<\/li>\n<li>Broj spava\u0107ih soba: od 1 do 3 (potpuno namje\u0161tene)<\/li>\n<li>Broj kupaonica: od 1 do 2 (opremljene i ure\u0111ene)<\/li>\n<li>Kuhinja (sa elementima, fri\u017eiderom, plo\u0107om za kuhanje, armaturom)<\/li>\n<li>Veliki odabir dodatnih opcija ure\u0111enja<\/li>\n<li>Kvalitetna izgradnja i moderan dizajn<\/li>\n<\/ul>\n<p>&nbsp;<\/p>\n<p><strong>\u00a0<\/strong><\/p>\n<p><strong>O Euro kampu Ra\u010da (v. galeriju slika)<\/strong><\/p>\n<p>Ra\u010da je obiteljski kamp s dugom tradicijom koji pru\u017ea pone\u0161to za svakoga. Dje\u010dje igrali\u0161te, ure\u0111ena pla\u017ea te prostor za ku\u0107ne ljubimce su samo neke od ponuda kampa. Skuteri, pedaline te \u0161kola ronjenja samo su neke od mogu\u0107nost za zabavu na moru. Ukoliko gosti \u017eele na foto safari pod morem ili sudjelovati na ljetnom karnevalu, kamp nudi prijevoz do bli\u017eih destinacija. Kako je podru\u010dje bogato raznolikim raslinjem te divljim \u017eivotinjama, kamp je osigurao pratitelje koji omogu\u0107avaju gostima do\u017eivljaj istih.<\/p>\n<p>U blizini kampa nalaze se Park prirode Velebit, Nacionalni park Sjeverni Velebit te sveti\u0161te u Krasnu na Velebitu. Zainteresirani gosti imaju mogu\u0107nost posjete u organizaciji kampa.<\/p>\n<p>U prostoru kampa nalazi se restoran koji nudi autohtona jela tog podru\u010dja te, tako\u0111er, razne internacionalne specijalitete. Neposredno uz restoran nalazi se caffe bar koji ima natkriven dio te otvorenu terasu neposredno uz more.<\/p>\n<p>Kako bi gosti bili sigurni da uvijek mogu kupiti neophodne artikle, otvoren je mini market koji ima raznoliku ponudu artikala uz pristupa\u010dne cijene.<\/p>\n<p>Profil kampa:<\/p>\n<ul>\n<li>Smje\u0161ten uz samo more<\/li>\n<li>Pet friendly \u2013 dozvoljeni ku\u0107ni ljubmci<\/li>\n<li>Najbli\u017ee naselje 2 km<\/li>\n<li>Internet, Wi-Fi<\/li>\n<li>Restoran u sklopu kampa sa \u0161irokom ponudom<\/li>\n<li>Mini market sa pristupa\u010dnim cijenama<\/li>\n<li>Prijevoz do kulturnih i zabavnih doga\u0111aja u blizini kampa<\/li>\n<li>Zabava: skuteri, pedaline te \u0161kola ronjenja<\/li>\n<li>U blizini kampa nalaze se Park prirode Velebit, Nacionalni park Sjeverni Velebit te sveti\u0161te u Krasnu na Velebitu (mogu\u0107nost organiziranog posjeta)<\/li>\n<\/ul>\n<p>&nbsp;<\/p>\n<p>Za sve informacije smo vam na raspolaganju. Iskoristite priliku za ulaganje u jednu od najsna\u017enijih grana u Hrvatskoj. Budite i vi dio skupine koja vidi budu\u0107nost turizma! Mobilne ku\u0107ice su danas na visokoj razini opremljenosti i modernog dizajna. Ne propusite priliku da ugrabite svoj dio kola\u010da!<\/p>","protected":false},"featured_media":9220,"template":"","meta":{"_acf_changed":false,"ocean_post_layout":"","ocean_both_sidebars_style":"","ocean_both_sidebars_content_width":0,"ocean_both_sidebars_sidebars_width":0,"ocean_sidebar":"0","ocean_second_sidebar":"0","ocean_disable_margins":"enable","ocean_add_body_class":"","ocean_shortcode_before_top_bar":"","ocean_shortcode_after_top_bar":"","ocean_shortcode_before_header":"","ocean_shortcode_after_header":"","ocean_has_shortcode":"","ocean_shortcode_after_title":"","ocean_shortcode_before_footer_widgets":"","ocean_shortcode_after_footer_widgets":"","ocean_shortcode_before_footer_bottom":"","ocean_shortcode_after_footer_bottom":"","ocean_display_top_bar":"default","ocean_display_header":"default","ocean_header_style":"","ocean_center_header_left_menu":"0","ocean_custom_header_template":"0","ocean_custom_logo":0,"ocean_custom_retina_logo":0,"ocean_custom_logo_max_width":0,"ocean_custom_logo_tablet_max_width":0,"ocean_custom_logo_mobile_max_width":0,"ocean_custom_logo_max_height":0,"ocean_custom_logo_tablet_max_height":0,"ocean_custom_logo_mobile_max_height":0,"ocean_header_custom_menu":"0","ocean_menu_typo_font_family":"0","ocean_menu_typo_font_subset":"","ocean_menu_typo_font_size":0,"ocean_menu_typo_font_size_tablet":0,"ocean_menu_typo_font_size_mobile":0,"ocean_menu_typo_font_size_unit":"px","ocean_menu_typo_font_weight":"","ocean_menu_typo_font_weight_tablet":"","ocean_menu_typo_font_weight_mobile":"","ocean_menu_typo_transform":"","ocean_menu_typo_transform_tablet":"","ocean_menu_typo_transform_mobile":"","ocean_menu_typo_line_height":0,"ocean_menu_typo_line_height_tablet":0,"ocean_menu_typo_line_height_mobile":0,"ocean_menu_typo_line_height_unit":"","ocean_menu_typo_spacing":0,"ocean_menu_typo_spacing_tablet":0,"ocean_menu_typo_spacing_mobile":0,"ocean_menu_typo_spacing_unit":"","ocean_menu_link_color":"","ocean_menu_link_color_hover":"","ocean_menu_link_color_active":"","ocean_menu_link_background":"","ocean_menu_link_hover_background":"","ocean_menu_link_active_background":"","ocean_menu_social_links_bg":"","ocean_menu_social_hover_links_bg":"","ocean_menu_social_links_color":"","ocean_menu_social_hover_links_color":"","ocean_disable_title":"default","ocean_disable_heading":"default","ocean_post_title":"","ocean_post_subheading":"","ocean_post_title_style":"","ocean_post_title_background_color":"","ocean_post_title_background":0,"ocean_post_title_bg_image_position":"","ocean_post_title_bg_image_attachment":"","ocean_post_title_bg_image_repeat":"","ocean_post_title_bg_image_size":"","ocean_post_title_height":0,"ocean_post_title_bg_overlay":0.5,"ocean_post_title_bg_overlay_color":"","ocean_disable_breadcrumbs":"default","ocean_breadcrumbs_color":"","ocean_breadcrumbs_separator_color":"","ocean_breadcrumbs_links_color":"","ocean_breadcrumbs_links_hover_color":"","ocean_display_footer_widgets":"default","ocean_display_footer_bottom":"default","ocean_custom_footer_template":"0"},"product_brand":[],"product_cat":[265],"product_tag":[],"class_list":{"0":"post-4089","1":"product","2":"type-product","3":"status-publish","4":"has-post-thumbnail","6":"product_cat-mobilne-kucice","7":"pa_adresa-nekretnine-ul-franje-rackog","8":"pa_broj-kupaonica-1-ili-2","9":"pa_broj-spavacih-soba-1-do-3","10":"pa_cijena-na-upit","11":"pa_kvadratura-20-do-34","12":"pa_mjesto-sv-juraj","13":"pa_stanje-objekta-nove-mobilne-kucice","14":"pa_vrsta-objave-prodaja","16":"entry","17":"has-media","19":"first","20":"instock","21":"shipping-taxable","22":"product-type-simple","23":"has-product-nav","24":"col","25":"span_1_of_3","26":"owp-content-center","27":"owp-thumbs-layout-horizontal","28":"owp-btn-normal","29":"owp-tabs-layout-horizontal"},"acf":[],"jetpack_sharing_enabled":true,"_links":{"self":[{"href":"https:\/\/charta-nekretnine.hr\/en\/wp-json\/wp\/v2\/product\/4089","targetHints":{"allow":["GET"]}}],"collection":[{"href":"https:\/\/charta-nekretnine.hr\/en\/wp-json\/wp\/v2\/product"}],"about":[{"href":"https:\/\/charta-nekretnine.hr\/en\/wp-json\/wp\/v2\/types\/product"}],"wp:featuredmedia":[{"embeddable":true,"href":"https:\/\/charta-nekretnine.hr\/en\/wp-json\/wp\/v2\/media\/9220"}],"wp:attachment":[{"href":"https:\/\/charta-nekretnine.hr\/en\/wp-json\/wp\/v2\/media?parent=4089"}],"wp:term":[{"taxonomy":"product_brand","embeddable":true,"href":"https:\/\/charta-nekretnine.hr\/en\/wp-json\/wp\/v2\/product_brand?post=4089"},{"taxonomy":"product_cat","embeddable":true,"href":"https:\/\/charta-nekretnine.hr\/en\/wp-json\/wp\/v2\/product_cat?post=4089"},{"taxonomy":"product_tag","embeddable":true,"href":"https:\/\/charta-nekretnine.hr\/en\/wp-json\/wp\/v2\/product_tag?post=4089"}],"curies":[{"name":"wp","href":"https:\/\/api.w.org\/{rel}","templated":true}]}}