{"id":4168,"date":"2021-03-18T14:53:28","date_gmt":"2021-03-18T14:53:28","guid":{"rendered":"https:\/\/charta-nekretnine.hr\/?post_type=product&#038;p=4168"},"modified":"2024-09-18T09:24:28","modified_gmt":"2024-09-18T09:24:28","slug":"gradevinsko-zemljiste-prvi-red-do-mora","status":"publish","type":"product","link":"https:\/\/charta-nekretnine.hr\/en\/product\/gradevinsko-zemljiste-prvi-red-do-mora\/","title":{"rendered":"Gra\u0111evinsko zemlji\u0161te &#8211; prvi red do mora"},"content":{"rendered":"","protected":false},"excerpt":{"rendered":"<p><strong>O zemlji\u0161tu<\/strong><\/p>\n<p>Gra\u0111evinsko zemlji\u0161te, zona M5 povr\u0161ine 1925 m2 uz samu obalu i vlastiti put do mora.<\/p>\n<p>\ud83d\udc49 direktan pristup sa sporedne ceste<\/p>\n<p>\ud83d\udc49 prvi red do mora<\/p>\n<p>\ud83d\udc49 pravilnog oblika<\/p>\n<p>\ud83d\udc49 priklju\u010dak za vodu na parceli<\/p>\n<p>\ud83d\udc49 elektri\u010dna mre\u017ea dovedena do parcele<\/p>\n<p>\ud83d\udc49 prekrasan pogled<\/p>\n<p>\ud83d\udc49 u blizini Trogira, \u010ciova i Splita<\/p>\n<p>\ud83d\udc49 dovoljno udaljena lokacija od svakog oblika gu\u017eve<\/p>\n<p>Zemlji\u0161te je mje\u0161ovite namjene i dopu\u0161ta izgradnju ku\u0107e ili vile sa bazenom. Uz prekrasan pogled na otok \u010ciovo, zemlji\u0161te pru\u017ea lako dostupan pristup moru. Pravilnog je oblika, a teren je u potpunosti ravan. Priklju\u010dak za vodu je na parceli, a struja je dovedena do samog zemlji\u0161ta.<\/p>\n<p>Postoji mogu\u0107nost kupnje i dva susjedna zemlji\u0161ta.<\/p>\n<p>Gledaju\u0107i iz smjera pristupne ceste prema zemlji\u0161tu, na desnoj strani je susjedna parcela sa izgra\u0111enom ku\u0107om. Zemlji\u0161te se nalazi u blizini Zra\u010dne luke Split na udaljenosti 5,5 km od Trogira i 25 minuta vo\u017enje do Splita.<\/p>","protected":false},"featured_media":4169,"template":"","meta":{"_acf_changed":false,"ocean_post_layout":"","ocean_both_sidebars_style":"","ocean_both_sidebars_content_width":0,"ocean_both_sidebars_sidebars_width":0,"ocean_sidebar":"0","ocean_second_sidebar":"0","ocean_disable_margins":"enable","ocean_add_body_class":"","ocean_shortcode_before_top_bar":"","ocean_shortcode_after_top_bar":"","ocean_shortcode_before_header":"","ocean_shortcode_after_header":"","ocean_has_shortcode":"","ocean_shortcode_after_title":"","ocean_shortcode_before_footer_widgets":"","ocean_shortcode_after_footer_widgets":"","ocean_shortcode_before_footer_bottom":"","ocean_shortcode_after_footer_bottom":"","ocean_display_top_bar":"default","ocean_display_header":"default","ocean_header_style":"","ocean_center_header_left_menu":"0","ocean_custom_header_template":"0","ocean_custom_logo":0,"ocean_custom_retina_logo":0,"ocean_custom_logo_max_width":0,"ocean_custom_logo_tablet_max_width":0,"ocean_custom_logo_mobile_max_width":0,"ocean_custom_logo_max_height":0,"ocean_custom_logo_tablet_max_height":0,"ocean_custom_logo_mobile_max_height":0,"ocean_header_custom_menu":"0","ocean_menu_typo_font_family":"0","ocean_menu_typo_font_subset":"","ocean_menu_typo_font_size":0,"ocean_menu_typo_font_size_tablet":0,"ocean_menu_typo_font_size_mobile":0,"ocean_menu_typo_font_size_unit":"px","ocean_menu_typo_font_weight":"","ocean_menu_typo_font_weight_tablet":"","ocean_menu_typo_font_weight_mobile":"","ocean_menu_typo_transform":"","ocean_menu_typo_transform_tablet":"","ocean_menu_typo_transform_mobile":"","ocean_menu_typo_line_height":0,"ocean_menu_typo_line_height_tablet":0,"ocean_menu_typo_line_height_mobile":0,"ocean_menu_typo_line_height_unit":"","ocean_menu_typo_spacing":0,"ocean_menu_typo_spacing_tablet":0,"ocean_menu_typo_spacing_mobile":0,"ocean_menu_typo_spacing_unit":"","ocean_menu_link_color":"","ocean_menu_link_color_hover":"","ocean_menu_link_color_active":"","ocean_menu_link_background":"","ocean_menu_link_hover_background":"","ocean_menu_link_active_background":"","ocean_menu_social_links_bg":"","ocean_menu_social_hover_links_bg":"","ocean_menu_social_links_color":"","ocean_menu_social_hover_links_color":"","ocean_disable_title":"default","ocean_disable_heading":"default","ocean_post_title":"","ocean_post_subheading":"","ocean_post_title_style":"","ocean_post_title_background_color":"","ocean_post_title_background":0,"ocean_post_title_bg_image_position":"","ocean_post_title_bg_image_attachment":"","ocean_post_title_bg_image_repeat":"","ocean_post_title_bg_image_size":"","ocean_post_title_height":0,"ocean_post_title_bg_overlay":0.5,"ocean_post_title_bg_overlay_color":"","ocean_disable_breadcrumbs":"default","ocean_breadcrumbs_color":"","ocean_breadcrumbs_separator_color":"","ocean_breadcrumbs_links_color":"","ocean_breadcrumbs_links_hover_color":"","ocean_display_footer_widgets":"default","ocean_display_footer_bottom":"default","ocean_custom_footer_template":"0"},"product_brand":[],"product_cat":[42],"product_tag":[],"class_list":{"0":"post-4168","1":"product","2":"type-product","3":"status-publish","4":"has-post-thumbnail","6":"product_cat-zemljiste","7":"pa_adresa-nekretnine-put-divulja","8":"pa_cijena-495-00000","9":"pa_kvadratura-1-925","10":"pa_mjesto-kastel-stafilic","11":"pa_vrsta-objave-prodaja","13":"entry","14":"has-media","16":"first","17":"instock","18":"shipping-taxable","19":"purchasable","20":"product-type-simple","21":"has-product-nav","22":"col","23":"span_1_of_3","24":"owp-content-center","25":"owp-thumbs-layout-horizontal","26":"owp-btn-normal","27":"owp-tabs-layout-horizontal"},"acf":[],"jetpack_sharing_enabled":true,"_links":{"self":[{"href":"https:\/\/charta-nekretnine.hr\/en\/wp-json\/wp\/v2\/product\/4168","targetHints":{"allow":["GET"]}}],"collection":[{"href":"https:\/\/charta-nekretnine.hr\/en\/wp-json\/wp\/v2\/product"}],"about":[{"href":"https:\/\/charta-nekretnine.hr\/en\/wp-json\/wp\/v2\/types\/product"}],"wp:featuredmedia":[{"embeddable":true,"href":"https:\/\/charta-nekretnine.hr\/en\/wp-json\/wp\/v2\/media\/4169"}],"wp:attachment":[{"href":"https:\/\/charta-nekretnine.hr\/en\/wp-json\/wp\/v2\/media?parent=4168"}],"wp:term":[{"taxonomy":"product_brand","embeddable":true,"href":"https:\/\/charta-nekretnine.hr\/en\/wp-json\/wp\/v2\/product_brand?post=4168"},{"taxonomy":"product_cat","embeddable":true,"href":"https:\/\/charta-nekretnine.hr\/en\/wp-json\/wp\/v2\/product_cat?post=4168"},{"taxonomy":"product_tag","embeddable":true,"href":"https:\/\/charta-nekretnine.hr\/en\/wp-json\/wp\/v2\/product_tag?post=4168"}],"curies":[{"name":"wp","href":"https:\/\/api.w.org\/{rel}","templated":true}]}}