{"id":4232,"date":"2021-05-01T11:22:45","date_gmt":"2021-05-01T11:22:45","guid":{"rendered":"https:\/\/charta-nekretnine.hr\/?post_type=product&#038;p=4232"},"modified":"2024-09-18T09:19:58","modified_gmt":"2024-09-18T09:19:58","slug":"dva-apartmana-na-bracu","status":"publish","type":"product","link":"https:\/\/charta-nekretnine.hr\/en\/product\/dva-apartmana-na-bracu\/","title":{"rendered":"Dva apartmana na Bra\u010du"},"content":{"rendered":"","protected":false},"excerpt":{"rendered":"<p>Na prodaju se stavljaju 2 apartmana u ku\u0107i u kojoj se nalazi jo\u0161 jedna smje\u0161tajna jedinica.<\/p>\n<p>Prvi apartman se nalazi na prvom katu i povr\u0161ine je 80 m2. Prostorije koje se nalaze u apartmanu su:<\/p>\n<ul>\n<li>dnevna soba<\/li>\n<li>spava\u0107a soba 1 sa dva kreveta (bra\u010dni i jednole\u017eajni)<\/li>\n<li>spava\u0107a soba 2 sa dva kreveta (bra\u010dni i jednole\u017eajni)<\/li>\n<li>kuhinja sa blagavaonom<\/li>\n<li>kupaonica<\/li>\n<\/ul>\n<p>Iz dnevnog boravka izlazi se na prostranu terasu od 40 m2 na kojoj se mo\u017ee opustiti uz krasan pogled na more. U zajedni\u010dkom dvori\u0161tu nalazi se ro\u0161tilj koji stoji na raspolaganju. Apartman 1 je smje\u0161tajna jedinica u kojoj mo\u017ee boraviti do 6 osoba.<\/p>\n<p>Drugi apartman se nalazi u prizemlju, povr\u0161ine je 38 m2. Prostorije koje se nalaze u apartmanu su:<\/p>\n<ul>\n<li>spava\u0107a soba 1 sa dva kreveta (bra\u010dni i jednole\u017eajni)<\/li>\n<li>kuhinja sa blagavaonicom<\/li>\n<li>kupaonica<\/li>\n<\/ul>\n<p>Donji apartman ima izlaz na prostor oku\u0107nice povr\u0161ine 50 m2, a zajedni\u010dki ro\u0161tilj u dvori\u0161tu je tako\u0111er na raspolaganju.<\/p>\n<p>Korisnicima apartmana osigurana su tri mjesta za parkiranje. Ku\u0107a je izgra\u0111ena 1980. g., a renovacija je izvr\u0161ena 2015. g. Za pojedina\u010dnu cijenu apartmana, molimo kontaktirajte nas telefonski.<\/p>","protected":false},"featured_media":4233,"template":"","meta":{"_acf_changed":false,"ocean_post_layout":"","ocean_both_sidebars_style":"","ocean_both_sidebars_content_width":0,"ocean_both_sidebars_sidebars_width":0,"ocean_sidebar":"0","ocean_second_sidebar":"0","ocean_disable_margins":"enable","ocean_add_body_class":"","ocean_shortcode_before_top_bar":"","ocean_shortcode_after_top_bar":"","ocean_shortcode_before_header":"","ocean_shortcode_after_header":"","ocean_has_shortcode":"","ocean_shortcode_after_title":"","ocean_shortcode_before_footer_widgets":"","ocean_shortcode_after_footer_widgets":"","ocean_shortcode_before_footer_bottom":"","ocean_shortcode_after_footer_bottom":"","ocean_display_top_bar":"default","ocean_display_header":"default","ocean_header_style":"","ocean_center_header_left_menu":"0","ocean_custom_header_template":"0","ocean_custom_logo":0,"ocean_custom_retina_logo":0,"ocean_custom_logo_max_width":0,"ocean_custom_logo_tablet_max_width":0,"ocean_custom_logo_mobile_max_width":0,"ocean_custom_logo_max_height":0,"ocean_custom_logo_tablet_max_height":0,"ocean_custom_logo_mobile_max_height":0,"ocean_header_custom_menu":"0","ocean_menu_typo_font_family":"0","ocean_menu_typo_font_subset":"","ocean_menu_typo_font_size":0,"ocean_menu_typo_font_size_tablet":0,"ocean_menu_typo_font_size_mobile":0,"ocean_menu_typo_font_size_unit":"px","ocean_menu_typo_font_weight":"","ocean_menu_typo_font_weight_tablet":"","ocean_menu_typo_font_weight_mobile":"","ocean_menu_typo_transform":"","ocean_menu_typo_transform_tablet":"","ocean_menu_typo_transform_mobile":"","ocean_menu_typo_line_height":0,"ocean_menu_typo_line_height_tablet":0,"ocean_menu_typo_line_height_mobile":0,"ocean_menu_typo_line_height_unit":"","ocean_menu_typo_spacing":0,"ocean_menu_typo_spacing_tablet":0,"ocean_menu_typo_spacing_mobile":0,"ocean_menu_typo_spacing_unit":"","ocean_menu_link_color":"","ocean_menu_link_color_hover":"","ocean_menu_link_color_active":"","ocean_menu_link_background":"","ocean_menu_link_hover_background":"","ocean_menu_link_active_background":"","ocean_menu_social_links_bg":"","ocean_menu_social_hover_links_bg":"","ocean_menu_social_links_color":"","ocean_menu_social_hover_links_color":"","ocean_disable_title":"default","ocean_disable_heading":"default","ocean_post_title":"","ocean_post_subheading":"","ocean_post_title_style":"","ocean_post_title_background_color":"","ocean_post_title_background":0,"ocean_post_title_bg_image_position":"","ocean_post_title_bg_image_attachment":"","ocean_post_title_bg_image_repeat":"","ocean_post_title_bg_image_size":"","ocean_post_title_height":0,"ocean_post_title_bg_overlay":0.5,"ocean_post_title_bg_overlay_color":"","ocean_disable_breadcrumbs":"default","ocean_breadcrumbs_color":"","ocean_breadcrumbs_separator_color":"","ocean_breadcrumbs_links_color":"","ocean_breadcrumbs_links_hover_color":"","ocean_display_footer_widgets":"default","ocean_display_footer_bottom":"default","ocean_custom_footer_template":"0"},"product_brand":[],"product_cat":[43],"product_tag":[],"class_list":{"0":"post-4232","1":"product","2":"type-product","3":"status-publish","4":"has-post-thumbnail","6":"product_cat-apartman","7":"pa_broj-kupaonica-59","8":"pa_broj-spavacih-soba-53","9":"pa_cijena-220-000","10":"pa_kvadratura-229","11":"pa_mjesto-supetar-brac","12":"pa_stanje-objekta-vrlo-dobro","13":"pa_vrsta-objave-prodaja","15":"entry","16":"has-media","18":"first","19":"instock","20":"shipping-taxable","21":"purchasable","22":"product-type-simple","23":"has-product-nav","24":"col","25":"span_1_of_3","26":"owp-content-center","27":"owp-thumbs-layout-horizontal","28":"owp-btn-normal","29":"owp-tabs-layout-horizontal"},"acf":[],"jetpack_sharing_enabled":true,"_links":{"self":[{"href":"https:\/\/charta-nekretnine.hr\/en\/wp-json\/wp\/v2\/product\/4232","targetHints":{"allow":["GET"]}}],"collection":[{"href":"https:\/\/charta-nekretnine.hr\/en\/wp-json\/wp\/v2\/product"}],"about":[{"href":"https:\/\/charta-nekretnine.hr\/en\/wp-json\/wp\/v2\/types\/product"}],"wp:featuredmedia":[{"embeddable":true,"href":"https:\/\/charta-nekretnine.hr\/en\/wp-json\/wp\/v2\/media\/4233"}],"wp:attachment":[{"href":"https:\/\/charta-nekretnine.hr\/en\/wp-json\/wp\/v2\/media?parent=4232"}],"wp:term":[{"taxonomy":"product_brand","embeddable":true,"href":"https:\/\/charta-nekretnine.hr\/en\/wp-json\/wp\/v2\/product_brand?post=4232"},{"taxonomy":"product_cat","embeddable":true,"href":"https:\/\/charta-nekretnine.hr\/en\/wp-json\/wp\/v2\/product_cat?post=4232"},{"taxonomy":"product_tag","embeddable":true,"href":"https:\/\/charta-nekretnine.hr\/en\/wp-json\/wp\/v2\/product_tag?post=4232"}],"curies":[{"name":"wp","href":"https:\/\/api.w.org\/{rel}","templated":true}]}}