{"id":4250,"date":"2021-05-06T16:33:15","date_gmt":"2021-05-06T16:33:15","guid":{"rendered":"https:\/\/charta-nekretnine.hr\/?post_type=product&#038;p=4250"},"modified":"2024-09-18T09:19:38","modified_gmt":"2024-09-18T09:19:38","slug":"moderne-kucice-u-kampu-green-park","status":"publish","type":"product","link":"https:\/\/charta-nekretnine.hr\/en\/product\/moderne-kucice-u-kampu-green-park\/","title":{"rendered":"Moderne ku\u0107ice u kampu Green Park"},"content":{"rendered":"","protected":false},"excerpt":{"rendered":"<h3><strong>Moderne ku\u0107ice u kampu Green Park sa najmom parcele na 10 godina<\/strong><\/h3>\n<p>Green Park kamp otvara svoja vrata za suradnju sa zainteresiranim investitorima koji \u0107e prepoznati vrhunski potencijal kampa smje\u0161tenog uz obalu rijeke Neretve. Prirodno okru\u017eenje sa ogromnim povijesnim, vjerskim, ekolo\u0161ko-geolo\u0161kim i kulturolo\u0161kim\u00a0 zna\u010denjem za\u010dinjeno bogatom lokalnom gastronomskom ponudom, \u010dine ovaj lokalitet destinacijom iz snova.<\/p>\n<p>U ponudi su parcele koje se daju u najam na razdoblje od 10 godina i Kvadra mobilne ku\u0107ice koje se postavljaju na parcele. Ku\u0107ice su modernog dizajna, u potpunosti opremljene i namje\u0161tene, sa mogu\u0107no\u0161\u0107u postavljanja natkrivene terase.<\/p>\n<p>Javite nam se ako ste zainteresirani za ulaganje u smje\u0161taj u kampu Green Park. Predvi\u0111eni povrat investicije u mobilne ku\u0107ice je od 4 do 7 godina. Predvi\u0111ena zarada tijekom trajanja najma je u dvostrukom iznosu od po\u010detne investicije. Vi\u0161e o tome pogledajte ni\u017ee pod &#8220;<strong>Iznajmljivanje i potencijal&#8221;<\/strong><\/p>\n<h3><strong>O parcelama u kampu<\/strong><\/h3>\n<p>Svaka je parcela ure\u0111ena i infrastrukturno pripremljena za postavljanje mobilne ku\u0107ice. Pristup struji, vodi i besplatnom WiFi osigurani su za svaku parcelu. Parcele se nalaze u kampu koji je ogra\u0111en i fizi\u010dki osiguran, a gostima pru\u017ea potpuni mir i sigurnost. Uz hlad visokih kro\u0161nji, sa parcela se pru\u017ea pogled na pje\u0161\u010danu pla\u017eu i rijeku Neretvu.<\/p>\n<p>Parcela se uzima u najam na 10 godina, a godi\u0161nji pau\u0161al za ku\u0107icu na parceli u kampu iznosi 3.500,00 eur.<\/p>\n<h3><strong>O mobilnim ku\u0107icama (v. galeriju slika)<\/strong><\/h3>\n<p>Mobilne ku\u0107ice se proizvode sa svim namje\u0161tajem i ku\u0107anskim ure\u0111ajima. Pru\u017eaju luksuz boravka kao i svaki apartman ili soba u hotelu sa predno\u0161\u0107u odvojenosti od ostalih posjetitelja. Cijena novih ku\u0107ica kre\u0107e se od 20.500,00 eur plus pdv za najmanji model (19,5 m2), a najpopularniji modeli (34 m2) su od 25.300,00 do 28.600,00 eur plus pdv. Cijena natkrivene terase (8,5 x 3m) je 235 eur\/m2. Uz cijenu monta\u017ee i postavljanja ku\u0107ice i terase, potrebno je u obzir uzeti i cijenu prijevoza ku\u0107ice do lokacije. Odjednom je mogu\u0107e prevesti dvije ku\u0107ice, \u010dime se zna\u010dajno smanjuje tro\u0161ak prijevoza.<\/p>\n<p>Prilikom odabira modela i rasporeda prostorija izlazi se u susret naru\u010diteljima mobilnih ku\u0107ica, a njihove zna\u010dajke su sljede\u0107e:<\/p>\n<ul>\n<li>Modeli 8,5 x 4 (34 m2) \u2014 8,5 x 3 (25,5 m2) \u2014 5\u00d74 (20 m2) \u2014 6,5 x 3 (19,5 m2) \u2014 8 x 5 (40 m2) \u2014 8,5 x 6 (51 m2) \u2014 8,5 x 8 (68 m2)<\/li>\n<li>14 razli\u010ditih tlocrta sa odabirom prostorija<\/li>\n<li>Broj osoba: od 2 do 8<\/li>\n<li>Broj prostorija: od 3 do 8<\/li>\n<li>Broj spava\u0107ih soba: od 1 do 5 (potpuno namje\u0161tene)<\/li>\n<li>Broj kupaonica: od 1 do 2 (opremljene i ure\u0111ene, tu\u0161 kabina, komforne sa mogu\u0107no\u0161\u0107u postavljanja perilice za rublje)<\/li>\n<li>Kuhinja (sa elementima, fri\u017eiderom, plo\u010dom za kuhanje, armaturom)<\/li>\n<li>Veliki odabir dodatnih opcija ure\u0111enja<\/li>\n<li>Kvalitetna izgradnja i moderan dizajn<\/li>\n<li>Natkrivena terasa po \u017eelji<\/li>\n<\/ul>\n<p>&nbsp;<\/p>\n<h3><strong>O kampu Green Park (v. galeriju slika)<\/strong><\/h3>\n<p>Cijeli kompleks nalazi se u prirodnom okru\u017eenju koji je fizi\u010dki osiguran te te gostima pru\u017ea potpuni mir i sigurnost. Ukupna povr\u0161ina kampa Green Park obuhva\u0107a 5000 kvadratnih metara u \u010diji sastav ulaze kamping mjesta, parcele za ku\u0107ice, pla\u017ea, dje\u010dje igrali\u0161te, \u0161uma te parking povr\u0161ine 2500 metara kvadratnih.<\/p>\n<p>Sam je kamp smje\u0161ten uz obalu rijeke Neretve i dopu\u0161ta dr\u017eanje ljubimaca &#8211; Pet Friendly. Uz lijep pogled i terapeutsku okolinu, Green Park kamp pru\u017ea razne sadr\u017eaje za zabavu, poput:<\/p>\n<ul>\n<li>rafting ture na Neretvi,<\/li>\n<li>vo\u017enje kajakom ili kanuom<\/li>\n<li>sportski ribolov (uz instruktore za po\u010detnike)<\/li>\n<li>biciklisti\u010dke ture (sa vodi\u010dem na raspolaganju)<\/li>\n<li>posjete kulturnim, povijesnim, vjerskim i turisti\u010dkim lokalitetima<\/li>\n<li>dje\u010djeg igrali\u0161ta<\/li>\n<li>pje\u0161\u010dane pla\u017ee du\u017eine 270 m<\/li>\n<li>vanjskog ro\u0161tilja dostupnog svim posjetiteljima<\/li>\n<li>bar i restoran<\/li>\n<\/ul>\n<p>U sklopu kampa ili neposrednoj blizini nalaze se :<\/p>\n<ul>\n<li>recepcija i info pult<\/li>\n<li>besplatan parking<\/li>\n<li>besprijekoran sanitarni \u010dvor<\/li>\n<li>tu\u0161evi i perilice za pranje rublja<\/li>\n<li>suvenirnica<\/li>\n<li>park sa \u0161etnicom<\/li>\n<li>jezerce sa ribama<\/li>\n<li>ordinacija zubara<\/li>\n<li>mjenja\u010dnica<\/li>\n<li>du\u0107an sa namirnicama (50 m)<\/li>\n<li>benzinska pumpa (30 m)<\/li>\n<li>po\u0161tanski ured (50 m)<\/li>\n<\/ul>\n<p>&nbsp;<\/p>\n<h3><strong>Iznajmljivanje i potencijal (3500 = MMMD)<\/strong><\/h3>\n<p><strong>M<\/strong>e\u0111ugorje, <strong>M<\/strong>ostar, <strong>M<\/strong>akarska i <strong>D<\/strong>ubrovnik.<\/p>\n<p>Uz prirodne ljepote koje krase taj mali raj na zemlji, Green Park kamp se nalazi na dosti\u017enoj udaljenosti od navedenih lokaliteta, gradova. Na samo 20 minuta vo\u017enje od <strong>Me\u0111ugorja<\/strong>, Green Park kamp postaje sredi\u0161te od kojega se bez problema mo\u017ee napraviti centralni smje\u0161taj za brojne posjetitelje hodo\u010da\u0161\u0107a u Me\u0111ugorju. Miran, terapeutski okoli\u0161, pravo je mjesto za boravak kako turista, tako i hodo\u010dasnika tijekom onog perioda u godini kada je mogu\u0107e produ\u017eiti sezonu. Milijun hodo\u010dasnika iz svih krajeva svijeta koji godi\u0161nje posjete jedno od poznatijih hodo\u010dasni\u010dkih odredi\u0161ta na svijetu sigurno \u0107e znati cijeniti prirodne ljepote Green Park kampa.<\/p>\n<p>Na dvadeset minuta vo\u017enje od kampa nalazi se <strong>Mostar<\/strong>, \u00a0koji se ubraja u jedan od najljep\u0161ih gradova u Bosni i Hercegovini. Neretvu premo\u0161\u0107uje Stari most, koji se zajedno sa starim gradom od 2005. godine nalazi na popisu za\u0161ti\u0107ene kulturne ba\u0161tine UNESCO-a. Skokovi sa Starog mosta, visine 24 m, prava su atrakcija kojoj vrijedi prisustvovati.<\/p>\n<p>Malo du\u017ea vo\u017enja od sat i pol potrebna je do <strong>Makarske<\/strong>. Prekrasne pla\u017ee Makarske rivijere pozivaju svakoga dana brojne turiste. No velika je prednost Green Park kampa u tome da se nakon jednodnevnog izleta i &#8220;kupanca&#8221; sa pla\u017ea u Makarskoj, mo\u017ee vratiti u osvje\u017eavaju\u0107i kamp i izbje\u0107i sparne ljetne no\u0107i.<\/p>\n<p>Na dva sata vo\u017enje od Green Park kampa nalazi se\u00a0<strong>Dubrovnik,<\/strong> svjetska turisti\u010dka destinacija poznata po velebnim zidinama, utjelovljena i zauvijek povezana sa jednom od najpoznatijih serija, Game of Thrones. Jednodnevni posjet ljepotama Dubrovnika i ste\u010dene impresije najbolje je prepri\u010davati uz vanjski ro\u0161tilj odnosno restoran u sklopu kampa ili na terasi postavljene ku\u0107ice Kvadra.<\/p>\n<p>Za sve informacije smo vam na raspolaganju. Iskoristite priliku za ulaganje u jednu od najsna\u017enijih grana u Hrvatskoj. Budite i vi dio investitora koji znaju prepoznati budu\u0107nost turizma! Mobilne ku\u0107ice su danas na visokoj razini opremljenosti i modernog dizajna i pru\u017eaju sve aspekte ugodnog boravka uz mogu\u0107nost distanciranja.<\/p>\n<p>Javite nam se na 095 724 2285<\/p>","protected":false},"featured_media":4251,"template":"","meta":{"_acf_changed":false,"ocean_post_layout":"","ocean_both_sidebars_style":"","ocean_both_sidebars_content_width":0,"ocean_both_sidebars_sidebars_width":0,"ocean_sidebar":"0","ocean_second_sidebar":"0","ocean_disable_margins":"enable","ocean_add_body_class":"","ocean_shortcode_before_top_bar":"","ocean_shortcode_after_top_bar":"","ocean_shortcode_before_header":"","ocean_shortcode_after_header":"","ocean_has_shortcode":"","ocean_shortcode_after_title":"","ocean_shortcode_before_footer_widgets":"","ocean_shortcode_after_footer_widgets":"","ocean_shortcode_before_footer_bottom":"","ocean_shortcode_after_footer_bottom":"","ocean_display_top_bar":"default","ocean_display_header":"default","ocean_header_style":"","ocean_center_header_left_menu":"0","ocean_custom_header_template":"0","ocean_custom_logo":0,"ocean_custom_retina_logo":0,"ocean_custom_logo_max_width":0,"ocean_custom_logo_tablet_max_width":0,"ocean_custom_logo_mobile_max_width":0,"ocean_custom_logo_max_height":0,"ocean_custom_logo_tablet_max_height":0,"ocean_custom_logo_mobile_max_height":0,"ocean_header_custom_menu":"0","ocean_menu_typo_font_family":"0","ocean_menu_typo_font_subset":"","ocean_menu_typo_font_size":0,"ocean_menu_typo_font_size_tablet":0,"ocean_menu_typo_font_size_mobile":0,"ocean_menu_typo_font_size_unit":"px","ocean_menu_typo_font_weight":"","ocean_menu_typo_font_weight_tablet":"","ocean_menu_typo_font_weight_mobile":"","ocean_menu_typo_transform":"","ocean_menu_typo_transform_tablet":"","ocean_menu_typo_transform_mobile":"","ocean_menu_typo_line_height":0,"ocean_menu_typo_line_height_tablet":0,"ocean_menu_typo_line_height_mobile":0,"ocean_menu_typo_line_height_unit":"","ocean_menu_typo_spacing":0,"ocean_menu_typo_spacing_tablet":0,"ocean_menu_typo_spacing_mobile":0,"ocean_menu_typo_spacing_unit":"","ocean_menu_link_color":"","ocean_menu_link_color_hover":"","ocean_menu_link_color_active":"","ocean_menu_link_background":"","ocean_menu_link_hover_background":"","ocean_menu_link_active_background":"","ocean_menu_social_links_bg":"","ocean_menu_social_hover_links_bg":"","ocean_menu_social_links_color":"","ocean_menu_social_hover_links_color":"","ocean_disable_title":"default","ocean_disable_heading":"default","ocean_post_title":"","ocean_post_subheading":"","ocean_post_title_style":"","ocean_post_title_background_color":"","ocean_post_title_background":0,"ocean_post_title_bg_image_position":"","ocean_post_title_bg_image_attachment":"","ocean_post_title_bg_image_repeat":"","ocean_post_title_bg_image_size":"","ocean_post_title_height":0,"ocean_post_title_bg_overlay":0.5,"ocean_post_title_bg_overlay_color":"","ocean_disable_breadcrumbs":"default","ocean_breadcrumbs_color":"","ocean_breadcrumbs_separator_color":"","ocean_breadcrumbs_links_color":"","ocean_breadcrumbs_links_hover_color":"","ocean_display_footer_widgets":"default","ocean_display_footer_bottom":"default","ocean_custom_footer_template":"0"},"product_brand":[],"product_cat":[18],"product_tag":[],"class_list":{"0":"post-4250","1":"product","2":"type-product","3":"status-publish","4":"has-post-thumbnail","6":"product_cat-uncategorized","7":"pa_broj-spavacih-soba-53","8":"pa_cijena-30-90000","9":"pa_drzava-bih","10":"pa_kvadratura-177","11":"pa_mjesto-zitomislic","12":"pa_vrsta-objave-prodaja","14":"entry","15":"has-media","17":"first","18":"instock","19":"shipping-taxable","20":"purchasable","21":"product-type-simple","22":"has-product-nav","23":"col","24":"span_1_of_3","25":"owp-content-center","26":"owp-thumbs-layout-horizontal","27":"owp-btn-normal","28":"owp-tabs-layout-horizontal"},"acf":[],"jetpack_sharing_enabled":true,"_links":{"self":[{"href":"https:\/\/charta-nekretnine.hr\/en\/wp-json\/wp\/v2\/product\/4250","targetHints":{"allow":["GET"]}}],"collection":[{"href":"https:\/\/charta-nekretnine.hr\/en\/wp-json\/wp\/v2\/product"}],"about":[{"href":"https:\/\/charta-nekretnine.hr\/en\/wp-json\/wp\/v2\/types\/product"}],"wp:featuredmedia":[{"embeddable":true,"href":"https:\/\/charta-nekretnine.hr\/en\/wp-json\/wp\/v2\/media\/4251"}],"wp:attachment":[{"href":"https:\/\/charta-nekretnine.hr\/en\/wp-json\/wp\/v2\/media?parent=4250"}],"wp:term":[{"taxonomy":"product_brand","embeddable":true,"href":"https:\/\/charta-nekretnine.hr\/en\/wp-json\/wp\/v2\/product_brand?post=4250"},{"taxonomy":"product_cat","embeddable":true,"href":"https:\/\/charta-nekretnine.hr\/en\/wp-json\/wp\/v2\/product_cat?post=4250"},{"taxonomy":"product_tag","embeddable":true,"href":"https:\/\/charta-nekretnine.hr\/en\/wp-json\/wp\/v2\/product_tag?post=4250"}],"curies":[{"name":"wp","href":"https:\/\/api.w.org\/{rel}","templated":true}]}}