{"id":4336,"date":"2021-09-13T11:56:05","date_gmt":"2021-09-13T11:56:05","guid":{"rendered":"https:\/\/charta-nekretnine.hr\/?post_type=product&#038;p=4336"},"modified":"2024-09-18T09:16:21","modified_gmt":"2024-09-18T09:16:21","slug":"5-kucica-sa-parcelom-uz-samu-plazu","status":"publish","type":"product","link":"https:\/\/charta-nekretnine.hr\/en\/product\/5-kucica-sa-parcelom-uz-samu-plazu\/","title":{"rendered":"5 ku\u0107ica sa parcelom uz samu pla\u017eu"},"content":{"rendered":"","protected":false},"excerpt":{"rendered":"<p><strong>Kamp Trstenica &#8211; 5 novih ku\u0107ica sa parcelama uz samu pla\u017eu<\/strong><\/p>\n<p>U ponudi izdvajamo 5 mobilnih ku\u0107ica po sistemu klju\u010d u ruke na slobodnim parcelama u kampu Trstenica. Lokacija Kampa Trstenica prava je prilika za svakoga tko \u017eeli u\u017eivati u <strong>pogledu s terase na more<\/strong>. Na samo nekoliko metara od Kampa Trstenica je predivna pla\u017ea Trstenica koja je progla\u0161ena jednom od najljep\u0161ih pla\u017ea u Hrvatskoj, a nalazi se u ju\u017enoj Dalmaciji, na poluotoku Pelje\u0161cu, u malom mjestu, Orebi\u0107u. Video same lokacije i kampa pogledajte pri kraju oglasa.<\/p>\n<p>U navedenu cijenu<strong> nije ura\u010dunat PDV<\/strong>, a ulazi opremljena i namje\u0161tena ku\u0107ica povr\u0161ine 34m2, natkrivena terasa 3&#215;8 m te prijevoz* do lokacije i monta\u017ea ku\u0107ice te terase. Ku\u0107ica ima dvije spava\u0107e sobe sa ormarima, opremljenu kupaonicu i kuhinju te dnevni boravak. Kreveti u sobama mogu biti bra\u010dni ili se u svaku sobu mogu postaviti dva pojedina\u010dna kreveta.<\/p>\n<p>Ugovor za zakup parcele mo\u017ee se sklopiti na rok od 5 ili 10 godina, a <strong>godi\u0161nji pau\u0161al iznosi 5.000 \u20ac<\/strong>.<\/p>\n<p>Privla\u010dna lokacija za dugotrajni boravak uz more, omogu\u0107uje da kupnja ku\u0107ice bude dobra investicija kroz <strong>mogu\u0107nost iznajmljivanja<\/strong>. Na lokaciji sezona traje du\u017ee, a blaga klima izvan sezone omogu\u0107uje du\u017eu popunjenost i boravak gostiju tijekom cijele godine.<\/p>\n<p>&nbsp;<\/p>\n<p>Kako izgledaju same ku\u0107ice pogledajte u kratkom videu koji smo pripremili pri postavljanju ku\u0107ica ovog ljeta u kampu Calimero u Dragama:<\/p>\n<p>https:\/\/youtu.be\/5ozak8Zmvkw<\/p>\n<p>&nbsp;<\/p>\n<p>Video lokacije kampa Trstenica i neposredne okolice pogledajte ovdje:<\/p>\n<p>https:\/\/youtu.be\/-brEXAeq5CA<\/p>\n<p>&nbsp;<\/p>\n<p>*napomena za prijevoz: u cijenu je uklju\u010den prijevoz dvije ku\u0107ice istovremeno. Individualni prijevoz ku\u0107ice utje\u010de na krajnju cijenu.<\/p>","protected":false},"featured_media":4337,"template":"","meta":{"_acf_changed":false,"ocean_post_layout":"","ocean_both_sidebars_style":"","ocean_both_sidebars_content_width":0,"ocean_both_sidebars_sidebars_width":0,"ocean_sidebar":"0","ocean_second_sidebar":"0","ocean_disable_margins":"enable","ocean_add_body_class":"","ocean_shortcode_before_top_bar":"","ocean_shortcode_after_top_bar":"","ocean_shortcode_before_header":"","ocean_shortcode_after_header":"","ocean_has_shortcode":"","ocean_shortcode_after_title":"","ocean_shortcode_before_footer_widgets":"","ocean_shortcode_after_footer_widgets":"","ocean_shortcode_before_footer_bottom":"","ocean_shortcode_after_footer_bottom":"","ocean_display_top_bar":"default","ocean_display_header":"default","ocean_header_style":"","ocean_center_header_left_menu":"0","ocean_custom_header_template":"0","ocean_custom_logo":0,"ocean_custom_retina_logo":0,"ocean_custom_logo_max_width":0,"ocean_custom_logo_tablet_max_width":0,"ocean_custom_logo_mobile_max_width":0,"ocean_custom_logo_max_height":0,"ocean_custom_logo_tablet_max_height":0,"ocean_custom_logo_mobile_max_height":0,"ocean_header_custom_menu":"0","ocean_menu_typo_font_family":"0","ocean_menu_typo_font_subset":"","ocean_menu_typo_font_size":0,"ocean_menu_typo_font_size_tablet":0,"ocean_menu_typo_font_size_mobile":0,"ocean_menu_typo_font_size_unit":"px","ocean_menu_typo_font_weight":"","ocean_menu_typo_font_weight_tablet":"","ocean_menu_typo_font_weight_mobile":"","ocean_menu_typo_transform":"","ocean_menu_typo_transform_tablet":"","ocean_menu_typo_transform_mobile":"","ocean_menu_typo_line_height":0,"ocean_menu_typo_line_height_tablet":0,"ocean_menu_typo_line_height_mobile":0,"ocean_menu_typo_line_height_unit":"","ocean_menu_typo_spacing":0,"ocean_menu_typo_spacing_tablet":0,"ocean_menu_typo_spacing_mobile":0,"ocean_menu_typo_spacing_unit":"","ocean_menu_link_color":"","ocean_menu_link_color_hover":"","ocean_menu_link_color_active":"","ocean_menu_link_background":"","ocean_menu_link_hover_background":"","ocean_menu_link_active_background":"","ocean_menu_social_links_bg":"","ocean_menu_social_hover_links_bg":"","ocean_menu_social_links_color":"","ocean_menu_social_hover_links_color":"","ocean_disable_title":"default","ocean_disable_heading":"default","ocean_post_title":"","ocean_post_subheading":"","ocean_post_title_style":"","ocean_post_title_background_color":"","ocean_post_title_background":0,"ocean_post_title_bg_image_position":"","ocean_post_title_bg_image_attachment":"","ocean_post_title_bg_image_repeat":"","ocean_post_title_bg_image_size":"","ocean_post_title_height":0,"ocean_post_title_bg_overlay":0.5,"ocean_post_title_bg_overlay_color":"","ocean_disable_breadcrumbs":"default","ocean_breadcrumbs_color":"","ocean_breadcrumbs_separator_color":"","ocean_breadcrumbs_links_color":"","ocean_breadcrumbs_links_hover_color":"","ocean_display_footer_widgets":"default","ocean_display_footer_bottom":"default","ocean_custom_footer_template":"0"},"product_brand":[],"product_cat":[18],"product_tag":[],"class_list":{"0":"post-4336","1":"product","2":"type-product","3":"status-publish","4":"has-post-thumbnail","6":"product_cat-uncategorized","7":"pa_broj-kupaonica-60","8":"pa_broj-spavacih-soba-52","9":"pa_cijena-38-333","10":"pa_mjesto-orebic","11":"pa_stanje-objekta-nove-mobilne-kucice","12":"pa_vrsta-objave-prodaja","14":"entry","15":"has-media","17":"first","18":"instock","19":"shipping-taxable","20":"purchasable","21":"product-type-simple","22":"has-product-nav","23":"col","24":"span_1_of_3","25":"owp-content-center","26":"owp-thumbs-layout-horizontal","27":"owp-btn-normal","28":"owp-tabs-layout-horizontal"},"acf":[],"jetpack_sharing_enabled":true,"_links":{"self":[{"href":"https:\/\/charta-nekretnine.hr\/en\/wp-json\/wp\/v2\/product\/4336","targetHints":{"allow":["GET"]}}],"collection":[{"href":"https:\/\/charta-nekretnine.hr\/en\/wp-json\/wp\/v2\/product"}],"about":[{"href":"https:\/\/charta-nekretnine.hr\/en\/wp-json\/wp\/v2\/types\/product"}],"wp:featuredmedia":[{"embeddable":true,"href":"https:\/\/charta-nekretnine.hr\/en\/wp-json\/wp\/v2\/media\/4337"}],"wp:attachment":[{"href":"https:\/\/charta-nekretnine.hr\/en\/wp-json\/wp\/v2\/media?parent=4336"}],"wp:term":[{"taxonomy":"product_brand","embeddable":true,"href":"https:\/\/charta-nekretnine.hr\/en\/wp-json\/wp\/v2\/product_brand?post=4336"},{"taxonomy":"product_cat","embeddable":true,"href":"https:\/\/charta-nekretnine.hr\/en\/wp-json\/wp\/v2\/product_cat?post=4336"},{"taxonomy":"product_tag","embeddable":true,"href":"https:\/\/charta-nekretnine.hr\/en\/wp-json\/wp\/v2\/product_tag?post=4336"}],"curies":[{"name":"wp","href":"https:\/\/api.w.org\/{rel}","templated":true}]}}