{"id":4413,"date":"2022-03-28T11:12:43","date_gmt":"2022-03-28T11:12:43","guid":{"rendered":"https:\/\/charta-nekretnine.hr\/?post_type=product&#038;p=4413"},"modified":"2024-09-18T09:15:30","modified_gmt":"2024-09-18T09:15:30","slug":"lijepa-i-atraktivna-obiteljska-kuca-nepes-sveti-ivan-zelina","status":"publish","type":"product","link":"https:\/\/charta-nekretnine.hr\/en\/product\/lijepa-i-atraktivna-obiteljska-kuca-nepes-sveti-ivan-zelina\/","title":{"rendered":"Lijepa i atraktivna obiteljska ku\u0107a &#8211; Nepe\u0161 &#8211; Sveti Ivan Zelina"},"content":{"rendered":"","protected":false},"excerpt":{"rendered":"<div class=\"kvgmc6g5 cxmmr5t8 oygrvhab hcukyx3x c1et5uql ii04i59q\">\n<div dir=\"auto\">\n<p><strong>Prodaja lijepe i atraktivne obiteljske ku\u0107e na divnoj lokaciji, okru\u017eena prirodom &#8211; Nepe\u0161 &#8211; Sveti Ivan Zelina<\/strong><\/p>\n<\/div>\n<\/div>\n<div class=\"cxmmr5t8 oygrvhab hcukyx3x c1et5uql o9v6fnle ii04i59q\">\n<div dir=\"auto\">Ku\u0107a sa sastoji od: <strong>prizemlja, kata i potkrovlja.<\/strong><\/div>\n<div dir=\"auto\">\n<p>Trenutno se koristi kao jedna stambena jedinica, no po potrebi mogu biti i dvije odvojene stambene jedinice.<\/p>\n<p>PRIZEMLJE: U prizemlju se nalazi gara\u017ea i prostrana uredska prostorija koja je hodnikom povezana sa stambenim prostorom u prizemlju. U hodniku se nalazi i manja kupaonica. Iz hodnika se ulazi u stambeni dio prizemlja gdje se nalazi prostran dnevni boravak s blagovaonom i kuhinjom te otvoreno unutarnje stubi\u0161te za kat. Kompletan dnevni prostor se pomicanjem velike staklene stijene povezuje s terasom i dvori\u0161tem.<\/p>\n<p>Uz bazen napravljena je vanjska garderoba s kupaonicom i saunom. Bazen je smje\u0161ten uz terasu na koju se izlazi iz dnevnog boravka. Dimenzija je 3,5 m X 7 m ima ugra\u0111enu rasvjetu, grijanje, masa\u017eere, filtraciju i mogu\u0107nost protustrujnog plivanja.<\/p>\n<p>KAT: Iz dnevnog boravka ide se na kat gdje se nalazi spava\u0107a soba, predsoblje s izlazom na prostranu terasu, a s terase se ide u jo\u0161 jednu spava\u0107u sobu koja ima visoki strop (planirana galerija) i pristup potkrovlju. Drugi dio kata ure\u0111en je kao zasebna stambena jedinica, s ostatkom ku\u0107e povezan je preko predsoblja na katu, ali ima i svoj poseban ulaz izvana. Sastoji se od balkona, hodnika, spava\u0107e sobe, dnevnog boravka, kuhinje, blagovaone i kupaonice.<\/p>\n<p>POTKROVLJE: Tavanski dio ku\u0107e potrebno je dovr\u0161iti, provedene su instalacije, krovi\u0161te je izolirano, ugra\u0111eni Velux krovni prozori, zidovi su o\u017ebukani. Na krovu je lim. U dvori\u0161tu se nalazi i prostrana sjenica s ljetnom kuhinjom, pe\u010denjarom, kru\u0161nom pe\u0107i i svim potrebnim detaljima za provo\u0111enje ljetnih dana na otvorenom. Dvori\u0161te je kompletno ogra\u0111eno, ograda je na daljinski, prilaz je poplo\u010dan kockama, proveden je sustav navodnjavanja travnatih povr\u0161ina, okoli\u0161 je ure\u0111en ukrasnim biljem i drve\u0107em. Napravljena je nadstre\u0161nica za dva automobila. Stari dio ku\u0107e gdje se danas nalaze gara\u017ea i ured, sagra\u0111en je 1977. godine. Ostatak ku\u0107e dogra\u0111en je i ure\u0111en 2006. godine.<\/p>\n<p>Fasada je stiropor debljine 8 cm, vanjska stolarija je PVC. Namje\u0161taj u ku\u0107i predmet je dogovora.<\/p>\n<p>Ku\u0107a ima urednu dokumentaciju, mogu\u0107a je kupnja putem kredita banke.<\/p>\n<p>Cijena: 280.000 \u20ac<br \/>\nKontakt: +385 91 584 9977 ili info@charta-nekretnine.hr<\/p>\n<\/div>\n<\/div>","protected":false},"featured_media":4414,"template":"","meta":{"_acf_changed":false,"ocean_post_layout":"","ocean_both_sidebars_style":"","ocean_both_sidebars_content_width":0,"ocean_both_sidebars_sidebars_width":0,"ocean_sidebar":"0","ocean_second_sidebar":"0","ocean_disable_margins":"enable","ocean_add_body_class":"","ocean_shortcode_before_top_bar":"","ocean_shortcode_after_top_bar":"","ocean_shortcode_before_header":"","ocean_shortcode_after_header":"","ocean_has_shortcode":"","ocean_shortcode_after_title":"","ocean_shortcode_before_footer_widgets":"","ocean_shortcode_after_footer_widgets":"","ocean_shortcode_before_footer_bottom":"","ocean_shortcode_after_footer_bottom":"","ocean_display_top_bar":"default","ocean_display_header":"default","ocean_header_style":"","ocean_center_header_left_menu":"0","ocean_custom_header_template":"0","ocean_custom_logo":0,"ocean_custom_retina_logo":0,"ocean_custom_logo_max_width":0,"ocean_custom_logo_tablet_max_width":0,"ocean_custom_logo_mobile_max_width":0,"ocean_custom_logo_max_height":0,"ocean_custom_logo_tablet_max_height":0,"ocean_custom_logo_mobile_max_height":0,"ocean_header_custom_menu":"0","ocean_menu_typo_font_family":"0","ocean_menu_typo_font_subset":"","ocean_menu_typo_font_size":0,"ocean_menu_typo_font_size_tablet":0,"ocean_menu_typo_font_size_mobile":0,"ocean_menu_typo_font_size_unit":"px","ocean_menu_typo_font_weight":"","ocean_menu_typo_font_weight_tablet":"","ocean_menu_typo_font_weight_mobile":"","ocean_menu_typo_transform":"","ocean_menu_typo_transform_tablet":"","ocean_menu_typo_transform_mobile":"","ocean_menu_typo_line_height":0,"ocean_menu_typo_line_height_tablet":0,"ocean_menu_typo_line_height_mobile":0,"ocean_menu_typo_line_height_unit":"","ocean_menu_typo_spacing":0,"ocean_menu_typo_spacing_tablet":0,"ocean_menu_typo_spacing_mobile":0,"ocean_menu_typo_spacing_unit":"","ocean_menu_link_color":"","ocean_menu_link_color_hover":"","ocean_menu_link_color_active":"","ocean_menu_link_background":"","ocean_menu_link_hover_background":"","ocean_menu_link_active_background":"","ocean_menu_social_links_bg":"","ocean_menu_social_hover_links_bg":"","ocean_menu_social_links_color":"","ocean_menu_social_hover_links_color":"","ocean_disable_title":"default","ocean_disable_heading":"default","ocean_post_title":"","ocean_post_subheading":"","ocean_post_title_style":"","ocean_post_title_background_color":"","ocean_post_title_background":0,"ocean_post_title_bg_image_position":"","ocean_post_title_bg_image_attachment":"","ocean_post_title_bg_image_repeat":"","ocean_post_title_bg_image_size":"","ocean_post_title_height":0,"ocean_post_title_bg_overlay":0.5,"ocean_post_title_bg_overlay_color":"","ocean_disable_breadcrumbs":"default","ocean_breadcrumbs_color":"","ocean_breadcrumbs_separator_color":"","ocean_breadcrumbs_links_color":"","ocean_breadcrumbs_links_hover_color":"","ocean_display_footer_widgets":"default","ocean_display_footer_bottom":"default","ocean_custom_footer_template":"0"},"product_brand":[],"product_cat":[22],"product_tag":[],"class_list":{"0":"post-4413","1":"product","2":"type-product","3":"status-publish","4":"has-post-thumbnail","6":"product_cat-kuca","7":"pa_adresa-nekretnine-sveti-ivan-zelina","8":"pa_cijena-280-000","9":"pa_drzava-hrvatska","10":"pa_vrsta-objave-prodaja","12":"entry","13":"has-media","15":"first","16":"instock","17":"shipping-taxable","18":"purchasable","19":"product-type-simple","20":"has-product-nav","21":"col","22":"span_1_of_3","23":"owp-content-center","24":"owp-thumbs-layout-horizontal","25":"owp-btn-normal","26":"owp-tabs-layout-horizontal"},"acf":[],"jetpack_sharing_enabled":true,"_links":{"self":[{"href":"https:\/\/charta-nekretnine.hr\/en\/wp-json\/wp\/v2\/product\/4413","targetHints":{"allow":["GET"]}}],"collection":[{"href":"https:\/\/charta-nekretnine.hr\/en\/wp-json\/wp\/v2\/product"}],"about":[{"href":"https:\/\/charta-nekretnine.hr\/en\/wp-json\/wp\/v2\/types\/product"}],"wp:featuredmedia":[{"embeddable":true,"href":"https:\/\/charta-nekretnine.hr\/en\/wp-json\/wp\/v2\/media\/4414"}],"wp:attachment":[{"href":"https:\/\/charta-nekretnine.hr\/en\/wp-json\/wp\/v2\/media?parent=4413"}],"wp:term":[{"taxonomy":"product_brand","embeddable":true,"href":"https:\/\/charta-nekretnine.hr\/en\/wp-json\/wp\/v2\/product_brand?post=4413"},{"taxonomy":"product_cat","embeddable":true,"href":"https:\/\/charta-nekretnine.hr\/en\/wp-json\/wp\/v2\/product_cat?post=4413"},{"taxonomy":"product_tag","embeddable":true,"href":"https:\/\/charta-nekretnine.hr\/en\/wp-json\/wp\/v2\/product_tag?post=4413"}],"curies":[{"name":"wp","href":"https:\/\/api.w.org\/{rel}","templated":true}]}}