{"id":5045,"date":"2023-01-11T18:33:19","date_gmt":"2023-01-11T18:33:19","guid":{"rendered":"https:\/\/charta-nekretnine.hr\/?post_type=product&#038;p=5045"},"modified":"2024-09-18T09:03:49","modified_gmt":"2024-09-18T09:03:49","slug":"prodaja-zagorska-hiza","status":"publish","type":"product","link":"https:\/\/charta-nekretnine.hr\/en\/product\/prodaja-zagorska-hiza\/","title":{"rendered":"Prodaja zagorska hi\u017ea, novobnovljena"},"content":{"rendered":"<p>Novoobnovljena zagorska hi\u017ea, sa puno ljubavi, precizno\u0161\u0107u i bez da se \u0161tedjelo na kvaliteti.<\/p>\n<p>Novo krovi\u0161te, izolirana kompletno &#8211; sa dizalicom topline i velikom starom kru\u0161nom pe\u0107i<\/p>\n<p>kao centralnim dijelom ku\u0107e. Zadr\u017ean integritet te je ulistana kao<\/p>\n<p>kulturno dobro i najlijep\u0161a hi\u017ea u Zagorskim Selima. Dvorac Tabor, Miljana i<\/p>\n<p>Podcetrtek Olimje na 7minuta autom. Predivna lokacija gdje se oko ku\u0107e ne\u0107e mo\u0107i vi\u0161e graditi.<\/p>\n<p>Iza ku\u0107e, jezero i predivne \u0161etnice. U ku\u0107i je sve novo i napravljeno po mjeri.<\/p>\n<p>Kuhinja je state of the art, nova kupaona, sve sobe su skladne. Vlasnica je dizajner interijera<\/p>\n<p>te je vrlo bitan sklad, toplina, efikasnost prostora. Ugradbeni ormari ostaju, kao i<\/p>\n<p>sve sto je po mjeri u ku\u0107i..mogu\u0107e i krevet. Sve se mo\u017eemo dogovoriti.<\/p>\n<p>Dva podruma u kamenu koje nisam dirala te je moguce jo\u0161 napraviti \u0161to si \u010dovjek \u017eeli.<\/p>\n<p>Tavanski prostor isto tako, \u010dist i spreman ako se \u017eeli nadograditi ..teretana ili sli\u010dno.<\/p>\n<p>\u0160tagalj isto tako, sa gradjevinskom dozvolom. Iskopala sam bunar, oko nas nema<\/p>\n<p>farmi te je moguce pripojiti ku\u0107u i na vlastiti izvor. Struja, telefon, vodovod, septi\u010dka jama.<\/p>\n<p>Sve je napravljeno kako spada i sistem je klju\u010da u ruke gdje ne treba nikakva dodatna ulaganja.<\/p>\n<p>Cijena, ne\u0107emo biti smije\u0161ni i sve oko EUR100.000 je mogu\u0107e pregovarati.<\/p>\n<p>U hi\u017ei \u017eivim svaki dan, dakle &#8211; nije hitna prodaja. Moguca zamjena za<\/p>\n<p>stan do 80 kvadrata oko Zaboka, Bistre, Jakovlja, Oroslavlja, Zapre\u0161i\u0107a.<\/p>\n<p>Mogu\u0107e je pogledati naravno nekretninu kada se dogovorimo, nemojte mi banuti jer ne primam ljude sa ceste.<\/p>\n<p>Starost kupaonice: 0<br \/>\nStarost kuhinje: 0<br \/>\nStarost instalacija: 1<\/p>\n<p>Stanje objekta: Odli\u010dno<br \/>\nBroj spava\u0107ih soba: 3<br \/>\nBroj kupaona: 1<\/p>","protected":false},"excerpt":{"rendered":"<p>Tekst oglasa navodimo u originalu prema naputku vlasnice hi\u017ee;<\/p>\n<p>&#8220;Novoobnovljena zagorska hi\u017ea, sa puno ljubavi, precizno\u0161\u0107u i bez da se \u0161tedjelo na kvaliteti. Novo krovi\u0161te, izolirana kompletno &#8211; sa dizalicom topline i velikom starom kru\u0161nom pe\u0107i kao centralnim dijelom ku\u0107e.<\/p>\n<p>Zadr\u017ean integritet te je ulistana kao kulturno dobro i najlijep\u0161a hi\u017ea u Zagorskim Selima.<\/p>\n<p>Dvorac Tabor, Miljana i Podcetrtek Olimje na 7minuta autom. Predivna lokacija gdje se oko ku\u0107e ne\u0107e mo\u0107i vi\u0161e graditi. Iza ku\u0107e, jezero i predivne \u0161etnice.<\/p>\n<p>U ku\u0107i je sve novo i napravljeno po mjeri. Kuhinja je state of the art, nova kupaona, sve sobe su skladne. Vlasnica je dizajner interijera te je vrlo bitan sklad, toplina, efikasnost prostora.<\/p>\n<p>Ugradbeni ormari ostaju, kao i sve sto je po mjeri u ku\u0107i..mogu\u0107e i krevet. Sve se mo\u017eemo dogovoriti.<\/p>\n<p>Dva podruma u kamenu koje nisam dirala te je moguce jo\u0161 napraviti \u0161to si \u010dovjek \u017eeli. Tavanski prostor isto tako, \u010dist i spreman ako se \u017eeli nadograditi ..teretana ili sli\u010dno.<\/p>\n<p>\u0160tagalj isto tako, sa gradjevinskom dozvolom.<\/p>\n<p>Iskopala sam bunar, oko nas nema farmi te je moguce pripojiti ku\u0107u i na vlastiti izvor. Struja, telefon, vodovod, septi\u010dka jama. Sve je napravljeno kako spada i sistem je klju\u010da u ruke gdje ne treba nikakva dodatna ulaganja.<\/p>\n<p>Cijena, ne\u0107emo biti smije\u0161ni i sve oko EUR100.000 je mogu\u0107e pregovarati. U hi\u017ei \u017eivim svaki dan, dakle &#8211; nije hitna prodaja.<\/p>\n<p>Moguca zamjena za stan do 80 kvadrata oko Zaboka, Bistre, Jakovlja, Oroslavlja, Zapre\u0161i\u0107a.<\/p>\n<p>Mogu\u0107e je pogledati naravno nekretninu kada se dogovorimo, nemojte mi banuti jer ne primam ljude sa ceste.&#8221;<\/p>","protected":false},"featured_media":5056,"template":"","meta":{"_acf_changed":false,"ocean_post_layout":"","ocean_both_sidebars_style":"","ocean_both_sidebars_content_width":0,"ocean_both_sidebars_sidebars_width":0,"ocean_sidebar":"0","ocean_second_sidebar":"0","ocean_disable_margins":"enable","ocean_add_body_class":"","ocean_shortcode_before_top_bar":"","ocean_shortcode_after_top_bar":"","ocean_shortcode_before_header":"","ocean_shortcode_after_header":"","ocean_has_shortcode":"","ocean_shortcode_after_title":"","ocean_shortcode_before_footer_widgets":"","ocean_shortcode_after_footer_widgets":"","ocean_shortcode_before_footer_bottom":"","ocean_shortcode_after_footer_bottom":"","ocean_display_top_bar":"default","ocean_display_header":"default","ocean_header_style":"","ocean_center_header_left_menu":"0","ocean_custom_header_template":"0","ocean_custom_logo":0,"ocean_custom_retina_logo":0,"ocean_custom_logo_max_width":0,"ocean_custom_logo_tablet_max_width":0,"ocean_custom_logo_mobile_max_width":0,"ocean_custom_logo_max_height":0,"ocean_custom_logo_tablet_max_height":0,"ocean_custom_logo_mobile_max_height":0,"ocean_header_custom_menu":"0","ocean_menu_typo_font_family":"0","ocean_menu_typo_font_subset":"","ocean_menu_typo_font_size":0,"ocean_menu_typo_font_size_tablet":0,"ocean_menu_typo_font_size_mobile":0,"ocean_menu_typo_font_size_unit":"px","ocean_menu_typo_font_weight":"","ocean_menu_typo_font_weight_tablet":"","ocean_menu_typo_font_weight_mobile":"","ocean_menu_typo_transform":"","ocean_menu_typo_transform_tablet":"","ocean_menu_typo_transform_mobile":"","ocean_menu_typo_line_height":0,"ocean_menu_typo_line_height_tablet":0,"ocean_menu_typo_line_height_mobile":0,"ocean_menu_typo_line_height_unit":"","ocean_menu_typo_spacing":0,"ocean_menu_typo_spacing_tablet":0,"ocean_menu_typo_spacing_mobile":0,"ocean_menu_typo_spacing_unit":"","ocean_menu_link_color":"","ocean_menu_link_color_hover":"","ocean_menu_link_color_active":"","ocean_menu_link_background":"","ocean_menu_link_hover_background":"","ocean_menu_link_active_background":"","ocean_menu_social_links_bg":"","ocean_menu_social_hover_links_bg":"","ocean_menu_social_links_color":"","ocean_menu_social_hover_links_color":"","ocean_disable_title":"default","ocean_disable_heading":"default","ocean_post_title":"","ocean_post_subheading":"","ocean_post_title_style":"","ocean_post_title_background_color":"","ocean_post_title_background":0,"ocean_post_title_bg_image_position":"","ocean_post_title_bg_image_attachment":"","ocean_post_title_bg_image_repeat":"","ocean_post_title_bg_image_size":"","ocean_post_title_height":0,"ocean_post_title_bg_overlay":0.5,"ocean_post_title_bg_overlay_color":"","ocean_disable_breadcrumbs":"default","ocean_breadcrumbs_color":"","ocean_breadcrumbs_separator_color":"","ocean_breadcrumbs_links_color":"","ocean_breadcrumbs_links_hover_color":"","ocean_display_footer_widgets":"default","ocean_display_footer_bottom":"default","ocean_custom_footer_template":"0"},"product_brand":[],"product_cat":[22],"product_tag":[247],"class_list":{"0":"post-5045","1":"product","2":"type-product","3":"status-publish","4":"has-post-thumbnail","6":"product_cat-kuca","7":"product_tag-prodaja","8":"pa_broj-kupaonica-60","9":"pa_broj-spavacih-soba-53","10":"pa_cijena-100-000-2","11":"pa_mjesto-zagorje","12":"pa_starost-instalacija-70","14":"entry","15":"has-media","17":"first","18":"instock","19":"shipping-taxable","20":"purchasable","21":"product-type-simple","22":"has-product-nav","23":"col","24":"span_1_of_3","25":"owp-content-center","26":"owp-thumbs-layout-horizontal","27":"owp-btn-normal","28":"owp-tabs-layout-horizontal"},"acf":[],"jetpack_sharing_enabled":true,"_links":{"self":[{"href":"https:\/\/charta-nekretnine.hr\/en\/wp-json\/wp\/v2\/product\/5045","targetHints":{"allow":["GET"]}}],"collection":[{"href":"https:\/\/charta-nekretnine.hr\/en\/wp-json\/wp\/v2\/product"}],"about":[{"href":"https:\/\/charta-nekretnine.hr\/en\/wp-json\/wp\/v2\/types\/product"}],"wp:featuredmedia":[{"embeddable":true,"href":"https:\/\/charta-nekretnine.hr\/en\/wp-json\/wp\/v2\/media\/5056"}],"wp:attachment":[{"href":"https:\/\/charta-nekretnine.hr\/en\/wp-json\/wp\/v2\/media?parent=5045"}],"wp:term":[{"taxonomy":"product_brand","embeddable":true,"href":"https:\/\/charta-nekretnine.hr\/en\/wp-json\/wp\/v2\/product_brand?post=5045"},{"taxonomy":"product_cat","embeddable":true,"href":"https:\/\/charta-nekretnine.hr\/en\/wp-json\/wp\/v2\/product_cat?post=5045"},{"taxonomy":"product_tag","embeddable":true,"href":"https:\/\/charta-nekretnine.hr\/en\/wp-json\/wp\/v2\/product_tag?post=5045"}],"curies":[{"name":"wp","href":"https:\/\/api.w.org\/{rel}","templated":true}]}}