{"id":6413,"date":"2023-05-20T10:38:31","date_gmt":"2023-05-20T10:38:31","guid":{"rendered":"https:\/\/charta-nekretnine.hr\/?post_type=product&#038;p=6413"},"modified":"2025-09-28T10:31:42","modified_gmt":"2025-09-28T10:31:42","slug":"kamp-turanj-prodaja-mobilnih-kucica","status":"publish","type":"product","link":"https:\/\/charta-nekretnine.hr\/en\/product\/kamp-turanj-prodaja-mobilnih-kucica\/","title":{"rendered":"Kamp Azzuro, Turanj"},"content":{"rendered":"","protected":false},"excerpt":{"rendered":"<div class=\"xdj266r x11i5rnm xat24cr x1mh8g0r x1vvkbs x126k92a\">\n<div dir=\"auto\">\n<h1 dir=\"auto\">Kamp Azzuro, Turanj<\/h1>\n<h3><strong>Napomena za posjetitelje Charta Mobile Homes portala!<\/strong><\/h3>\n<p>Kamp Azzuro popunili smo u cijelosti, a sve su mobilne ku\u0107ice dobile svoje vlasnike. Svim na\u0161im klijentima \u017eelimo ugodan boravak i uspje\u0161no iznajmljivanje ku\u0107ica u nadolaze\u0107im godinama. Zahvaljujemo vam na povjerenju koje ste nam iskazali!<\/p>\n<figure id=\"attachment_9219\" aria-describedby=\"caption-attachment-9219\" style=\"width: 640px\" class=\"wp-caption aligncenter\"><img fetchpriority=\"high\" decoding=\"async\" class=\"wp-image-9219\" src=\"https:\/\/charta-nekretnine.hr\/wp-content\/uploads\/2023\/05\/Azzuro-radovi.jpg\" alt=\"Postavljanje mobilne ku\u0107ice\" width=\"640\" height=\"360\" srcset=\"https:\/\/charta-nekretnine.hr\/wp-content\/uploads\/2023\/05\/Azzuro-radovi.jpg 960w, https:\/\/charta-nekretnine.hr\/wp-content\/uploads\/2023\/05\/Azzuro-radovi-768x432.jpg 768w, https:\/\/charta-nekretnine.hr\/wp-content\/uploads\/2023\/05\/Azzuro-radovi-18x10.jpg 18w, https:\/\/charta-nekretnine.hr\/wp-content\/uploads\/2023\/05\/Azzuro-radovi-800x450.jpg 800w, https:\/\/charta-nekretnine.hr\/wp-content\/uploads\/2023\/05\/Azzuro-radovi-600x338.jpg 600w\" sizes=\"(max-width: 640px) 100vw, 640px\" \/><figcaption id=\"caption-attachment-9219\" class=\"wp-caption-text\">U kampu Azzuro postavili smo mobilne ku\u0107ice na parcele<\/figcaption><\/figure>\n<h3>Originalni tekst projekta \u201cKamp Azzuro\u201d:<\/h3>\n<p>Miran kamp gdje mobilne ku\u0107ice u\u017eivaju dodatan hlad ispod bujnih kro\u0161nji davno posa\u0111enih stabala, nalazi se u neposrednoj blizini mora. Lokacija jam\u010di bijeg od svakodnevne gu\u017eve, a opet, samo par koraka vas dijeli od ure\u0111ene \u0161etnice uz more.<\/p>\n<p>\u0160etnicom &#8220;Lungo Mare&#8221; kroz par minuta na\u0107i \u0107ete se u Sv. Filipu i Jakovu. Za sve \u017eeljne atrakcija, u blizini se nalazi popularno zvan &#8220;Otok ljubavi&#8221; &#8211; Gale\u0161njak koji oblkom podsje\u0107a na srce.<\/p>\n<h2 dir=\"auto\">Registrirani kamp za 2024. u Turnju<\/h2>\n<p>Koliko je Turanj popularna lokacija, dokazuje da je u kratkom roku popunjeno 6 od ukupno 8 parcela. Preostale dvije parcele \u010dekaju vlasnike novih mobilnih ku\u0107ica.<\/p>\n<p>Ure\u0111ena lokacija sa prostranim parcelama i sadr\u017eajima bogato mjesto svakog \u0107e gosta va\u0161ih ku\u0107ica ostaviti zadovoljnim.<\/p>\n<p>Na\u0161u cjelokupnu ponudu i najve\u0107i izbor ku\u0107ica i kampova mo\u017eete pogledati ovdje:\u00a0<a href=\"https:\/\/charta-nekretnine.hr\/en\/prodaja-mobilne-kucice\/\">https:\/\/charta-nekretnine.hr\/prodaja-mobilne-kucice\/<\/a><\/p>\n<p>Kamp: Azzuro<br \/>\nLokacija: Turanj<br \/>\n<a class=\"x1i10hfl xjbqb8w x6umtig x1b1mbwd xaqea5y xav7gou x9f619 x1ypdohk xt0psk2 xe8uvvx xdj266r x11i5rnm xat24cr x1mh8g0r xexx8yu x4uap5 x18d9i69 xkhd6sd x16tdsg8 x1hl2dhg xggy1nq x1a2a7pz xt0b8zv x1fey0fg\" tabindex=\"0\" role=\"link\" href=\"https:\/\/maps.app.goo.gl\/iMZXEfpDeyGjWysH8?fbclid=IwAR2-iRqKrwtqTrDEONVxTffUeVjtzPxj17YhFW3MCnfc8uJaeCko7i7-wwk\" target=\"_blank\" rel=\"nofollow noopener noreferrer\">https:\/\/maps.app.goo.gl\/iMZXEfpDeyGjWysH8<\/a><\/p>\n<p>Broj ukupnih parcela: 8<br \/>\nBroj slobodnih parcela: 2<\/p>\n<p>Period u kojem je kamp otvoren: cijelu godinu<br \/>\nVeli\u010dina ku\u0107ice: 24m2 + natkrivena terasa 24m2<\/p>\n<p>Cijena ku\u0107ice: 32 000 \u20ac + pdv<br \/>\nNaknada godi\u0161njeg pau\u0161ala: 6000 \u20ac<br \/>\nNaknada za ulaz u kamp: ne<\/p>\n<p>Udaljenost od susjedne ku\u0107ice: 3m<br \/>\nMogu\u0107nost postavljanja vlastite ku\u0107ice: ne<\/p>\n<p>Povr\u0161ina terase: 24m2<br \/>\nPovr\u0161ina parcele: 100m2<\/p>\n<p>Udaljenost od mora: 20m<br \/>\nUdaljenost od najbli\u017ee pla\u017ee: 20m<br \/>\nNeometani pogled na more: ne<\/p>\n<p>Na\u010din prijave i odjave gostiju: na lokaciji<br \/>\nUsluga \u010di\u0161\u0107enja: mo\u017ee se organizirati<\/p>\n<div dir=\"auto\">\n<div class=\"x11i5rnm xat24cr x1mh8g0r x1vvkbs xtlvy1s x126k92a\">\n<div dir=\"auto\">OPIS KU\u0106ICE \/ Mobile Home 24m2<\/div>\n<div dir=\"auto\">\n<div class=\"x11i5rnm xat24cr x1mh8g0r x1vvkbs xtlvy1s x126k92a\">\n<div dir=\"auto\"><span class=\"x3nfvp2 x1j61x8r x1fcty0u xdj266r xhhsvwb xat24cr xgzva0m xxymvpz xlup9mm x1kky2od\"><img decoding=\"async\" src=\"https:\/\/static.xx.fbcdn.net\/images\/emoji.php\/v9\/tae\/3\/16\/1f536.png\" alt=\"\ud83d\udd36\" width=\"16\" height=\"16\" \/><\/span>\u00a0dvije spava\u0107e sobe<\/div>\n<div dir=\"auto\"><span class=\"x3nfvp2 x1j61x8r x1fcty0u xdj266r xhhsvwb xat24cr xgzva0m xxymvpz xlup9mm x1kky2od\"><img decoding=\"async\" src=\"https:\/\/static.xx.fbcdn.net\/images\/emoji.php\/v9\/t31\/3\/16\/1f539.png\" alt=\"\ud83d\udd39\" width=\"16\" height=\"16\" \/><\/span><span class=\"x3nfvp2 x1j61x8r x1fcty0u xdj266r xhhsvwb xat24cr xgzva0m xxymvpz xlup9mm x1kky2od\"><img decoding=\"async\" src=\"https:\/\/static.xx.fbcdn.net\/images\/emoji.php\/v9\/t31\/3\/16\/1f539.png\" alt=\"\ud83d\udd39\" width=\"16\" height=\"16\" \/><\/span>\u00a0jednokrevetna<\/div>\n<div dir=\"auto\"><span class=\"x3nfvp2 x1j61x8r x1fcty0u xdj266r xhhsvwb xat24cr xgzva0m xxymvpz xlup9mm x1kky2od\"><img decoding=\"async\" src=\"https:\/\/static.xx.fbcdn.net\/images\/emoji.php\/v9\/t31\/3\/16\/1f539.png\" alt=\"\ud83d\udd39\" width=\"16\" height=\"16\" \/><\/span><span class=\"x3nfvp2 x1j61x8r x1fcty0u xdj266r xhhsvwb xat24cr xgzva0m xxymvpz xlup9mm x1kky2od\"><img decoding=\"async\" src=\"https:\/\/static.xx.fbcdn.net\/images\/emoji.php\/v9\/t31\/3\/16\/1f539.png\" alt=\"\ud83d\udd39\" width=\"16\" height=\"16\" \/><\/span>\u00a0dvokrevetna<\/div>\n<\/div>\n<div class=\"x11i5rnm xat24cr x1mh8g0r x1vvkbs xtlvy1s x126k92a\">\n<div dir=\"auto\"><span class=\"x3nfvp2 x1j61x8r x1fcty0u xdj266r xhhsvwb xat24cr xgzva0m xxymvpz xlup9mm x1kky2od\"><img decoding=\"async\" src=\"https:\/\/static.xx.fbcdn.net\/images\/emoji.php\/v9\/tae\/3\/16\/1f536.png\" alt=\"\ud83d\udd36\" width=\"16\" height=\"16\" \/><\/span>\u00a0kuhinja<\/div>\n<div dir=\"auto\"><span class=\"x3nfvp2 x1j61x8r x1fcty0u xdj266r xhhsvwb xat24cr xgzva0m xxymvpz xlup9mm x1kky2od\"><img decoding=\"async\" src=\"https:\/\/static.xx.fbcdn.net\/images\/emoji.php\/v9\/t31\/3\/16\/1f539.png\" alt=\"\ud83d\udd39\" width=\"16\" height=\"16\" \/><\/span><span class=\"x3nfvp2 x1j61x8r x1fcty0u xdj266r xhhsvwb xat24cr xgzva0m xxymvpz xlup9mm x1kky2od\"><img decoding=\"async\" src=\"https:\/\/static.xx.fbcdn.net\/images\/emoji.php\/v9\/t31\/3\/16\/1f539.png\" alt=\"\ud83d\udd39\" width=\"16\" height=\"16\" \/><\/span>\u00a0plo\u010da za kuhanje, ugradbena<\/div>\n<div dir=\"auto\"><span class=\"x3nfvp2 x1j61x8r x1fcty0u xdj266r xhhsvwb xat24cr xgzva0m xxymvpz xlup9mm x1kky2od\"><img decoding=\"async\" src=\"https:\/\/static.xx.fbcdn.net\/images\/emoji.php\/v9\/t31\/3\/16\/1f539.png\" alt=\"\ud83d\udd39\" width=\"16\" height=\"16\" \/><\/span><span class=\"x3nfvp2 x1j61x8r x1fcty0u xdj266r xhhsvwb xat24cr xgzva0m xxymvpz xlup9mm x1kky2od\"><img decoding=\"async\" src=\"https:\/\/static.xx.fbcdn.net\/images\/emoji.php\/v9\/t31\/3\/16\/1f539.png\" alt=\"\ud83d\udd39\" width=\"16\" height=\"16\" \/><\/span>\u00a0perilica za posu\u0111e<\/div>\n<div dir=\"auto\"><span class=\"x3nfvp2 x1j61x8r x1fcty0u xdj266r xhhsvwb xat24cr xgzva0m xxymvpz xlup9mm x1kky2od\"><img decoding=\"async\" src=\"https:\/\/static.xx.fbcdn.net\/images\/emoji.php\/v9\/t31\/3\/16\/1f539.png\" alt=\"\ud83d\udd39\" width=\"16\" height=\"16\" \/><\/span><span class=\"x3nfvp2 x1j61x8r x1fcty0u xdj266r xhhsvwb xat24cr xgzva0m xxymvpz xlup9mm x1kky2od\"><img decoding=\"async\" src=\"https:\/\/static.xx.fbcdn.net\/images\/emoji.php\/v9\/t31\/3\/16\/1f539.png\" alt=\"\ud83d\udd39\" width=\"16\" height=\"16\" \/><\/span>\u00a0hladnjak<\/div>\n<\/div>\n<div class=\"x11i5rnm xat24cr x1mh8g0r x1vvkbs xtlvy1s x126k92a\">\n<div dir=\"auto\"><span class=\"x3nfvp2 x1j61x8r x1fcty0u xdj266r xhhsvwb xat24cr xgzva0m xxymvpz xlup9mm x1kky2od\"><img decoding=\"async\" src=\"https:\/\/static.xx.fbcdn.net\/images\/emoji.php\/v9\/tae\/3\/16\/1f536.png\" alt=\"\ud83d\udd36\" width=\"16\" height=\"16\" \/><\/span>\u00a0dnevna soba<\/div>\n<div dir=\"auto\"><span class=\"x3nfvp2 x1j61x8r x1fcty0u xdj266r xhhsvwb xat24cr xgzva0m xxymvpz xlup9mm x1kky2od\"><img decoding=\"async\" src=\"https:\/\/static.xx.fbcdn.net\/images\/emoji.php\/v9\/t31\/3\/16\/1f539.png\" alt=\"\ud83d\udd39\" width=\"16\" height=\"16\" \/><\/span><span class=\"x3nfvp2 x1j61x8r x1fcty0u xdj266r xhhsvwb xat24cr xgzva0m xxymvpz xlup9mm x1kky2od\"><img decoding=\"async\" src=\"https:\/\/static.xx.fbcdn.net\/images\/emoji.php\/v9\/t31\/3\/16\/1f539.png\" alt=\"\ud83d\udd39\" width=\"16\" height=\"16\" \/><\/span>\u00a0smart TV<\/div>\n<div dir=\"auto\"><span class=\"x3nfvp2 x1j61x8r x1fcty0u xdj266r xhhsvwb xat24cr xgzva0m xxymvpz xlup9mm x1kky2od\"><img decoding=\"async\" src=\"https:\/\/static.xx.fbcdn.net\/images\/emoji.php\/v9\/t31\/3\/16\/1f539.png\" alt=\"\ud83d\udd39\" width=\"16\" height=\"16\" \/><\/span><span class=\"x3nfvp2 x1j61x8r x1fcty0u xdj266r xhhsvwb xat24cr xgzva0m xxymvpz xlup9mm x1kky2od\"><img decoding=\"async\" src=\"https:\/\/static.xx.fbcdn.net\/images\/emoji.php\/v9\/t31\/3\/16\/1f539.png\" alt=\"\ud83d\udd39\" width=\"16\" height=\"16\" \/><\/span>\u00a0kau\u010d na razvla\u010denje<\/div>\n<div dir=\"auto\"><span class=\"x3nfvp2 x1j61x8r x1fcty0u xdj266r xhhsvwb xat24cr xgzva0m xxymvpz xlup9mm x1kky2od\"><img decoding=\"async\" src=\"https:\/\/static.xx.fbcdn.net\/images\/emoji.php\/v9\/t31\/3\/16\/1f539.png\" alt=\"\ud83d\udd39\" width=\"16\" height=\"16\" \/><\/span><span class=\"x3nfvp2 x1j61x8r x1fcty0u xdj266r xhhsvwb xat24cr xgzva0m xxymvpz xlup9mm x1kky2od\"><img decoding=\"async\" src=\"https:\/\/static.xx.fbcdn.net\/images\/emoji.php\/v9\/t31\/3\/16\/1f539.png\" alt=\"\ud83d\udd39\" width=\"16\" height=\"16\" \/><\/span>\u00a0klima ure\u0111aj, 3.5 kw<\/div>\n<\/div>\n<div class=\"x11i5rnm xat24cr x1mh8g0r x1vvkbs xtlvy1s x126k92a\">\n<div dir=\"auto\"><span class=\"x3nfvp2 x1j61x8r x1fcty0u xdj266r xhhsvwb xat24cr xgzva0m xxymvpz xlup9mm x1kky2od\"><img decoding=\"async\" src=\"https:\/\/static.xx.fbcdn.net\/images\/emoji.php\/v9\/tae\/3\/16\/1f536.png\" alt=\"\ud83d\udd36\" width=\"16\" height=\"16\" \/><\/span>\u00a0kupaonica<\/div>\n<div dir=\"auto\"><span class=\"x3nfvp2 x1j61x8r x1fcty0u xdj266r xhhsvwb xat24cr xgzva0m xxymvpz xlup9mm x1kky2od\"><img decoding=\"async\" src=\"https:\/\/static.xx.fbcdn.net\/images\/emoji.php\/v9\/t31\/3\/16\/1f539.png\" alt=\"\ud83d\udd39\" width=\"16\" height=\"16\" \/><\/span><span class=\"x3nfvp2 x1j61x8r x1fcty0u xdj266r xhhsvwb xat24cr xgzva0m xxymvpz xlup9mm x1kky2od\"><img decoding=\"async\" src=\"https:\/\/static.xx.fbcdn.net\/images\/emoji.php\/v9\/t31\/3\/16\/1f539.png\" alt=\"\ud83d\udd39\" width=\"16\" height=\"16\" \/><\/span>\u00a0kupaonski set<\/div>\n<div dir=\"auto\"><span class=\"x3nfvp2 x1j61x8r x1fcty0u xdj266r xhhsvwb xat24cr xgzva0m xxymvpz xlup9mm x1kky2od\"><img decoding=\"async\" src=\"https:\/\/static.xx.fbcdn.net\/images\/emoji.php\/v9\/t31\/3\/16\/1f539.png\" alt=\"\ud83d\udd39\" width=\"16\" height=\"16\" \/><\/span><span class=\"x3nfvp2 x1j61x8r x1fcty0u xdj266r xhhsvwb xat24cr xgzva0m xxymvpz xlup9mm x1kky2od\"><img decoding=\"async\" src=\"https:\/\/static.xx.fbcdn.net\/images\/emoji.php\/v9\/t31\/3\/16\/1f539.png\" alt=\"\ud83d\udd39\" width=\"16\" height=\"16\" \/><\/span>\u00a0tu\u0161 kabina<\/div>\n<div dir=\"auto\"><span class=\"x3nfvp2 x1j61x8r x1fcty0u xdj266r xhhsvwb xat24cr xgzva0m xxymvpz xlup9mm x1kky2od\"><img decoding=\"async\" src=\"https:\/\/static.xx.fbcdn.net\/images\/emoji.php\/v9\/t31\/3\/16\/1f539.png\" alt=\"\ud83d\udd39\" width=\"16\" height=\"16\" \/><\/span><span class=\"x3nfvp2 x1j61x8r x1fcty0u xdj266r xhhsvwb xat24cr xgzva0m xxymvpz xlup9mm x1kky2od\"><img decoding=\"async\" src=\"https:\/\/static.xx.fbcdn.net\/images\/emoji.php\/v9\/t31\/3\/16\/1f539.png\" alt=\"\ud83d\udd39\" width=\"16\" height=\"16\" \/><\/span>\u00a0elektri\u010dni bojler<\/div>\n<\/div>\n<div class=\"x11i5rnm xat24cr x1mh8g0r x1vvkbs xtlvy1s x126k92a\">\n<div dir=\"auto\"><span class=\"x3nfvp2 x1j61x8r x1fcty0u xdj266r xhhsvwb xat24cr xgzva0m xxymvpz xlup9mm x1kky2od\"><img decoding=\"async\" src=\"https:\/\/static.xx.fbcdn.net\/images\/emoji.php\/v9\/tae\/3\/16\/1f536.png\" alt=\"\ud83d\udd36\" width=\"16\" height=\"16\" \/><\/span>\u00a0terasa<\/div>\n<p dir=\"auto\"><span class=\"x3nfvp2 x1j61x8r x1fcty0u xdj266r xhhsvwb xat24cr xgzva0m xxymvpz xlup9mm x1kky2od\"><img decoding=\"async\" src=\"https:\/\/static.xx.fbcdn.net\/images\/emoji.php\/v9\/t31\/3\/16\/1f539.png\" alt=\"\ud83d\udd39\" width=\"16\" height=\"16\" \/><\/span><span class=\"x3nfvp2 x1j61x8r x1fcty0u xdj266r xhhsvwb xat24cr xgzva0m xxymvpz xlup9mm x1kky2od\"><img decoding=\"async\" src=\"https:\/\/static.xx.fbcdn.net\/images\/emoji.php\/v9\/t31\/3\/16\/1f539.png\" alt=\"\ud83d\udd39\" width=\"16\" height=\"16\" \/><\/span>\u00a0natkrivena 8x3m<\/p>\n<\/div>\n<\/div>\n<\/div>\n<div class=\"x11i5rnm xat24cr x1mh8g0r x1vvkbs xtlvy1s x126k92a\">\n<div dir=\"auto\">\n<div class=\"x11i5rnm xat24cr x1mh8g0r x1vvkbs xtlvy1s x126k92a\">\n<div dir=\"auto\">\n<div dir=\"auto\">\u017delite li saznati vi\u0161e o pojmovima kao \u0161to je pau\u0161al ili o financijskim aspektima ulaganja u mobilne ku\u0107ice pro\u010ditajte\u00a0<a href=\"https:\/\/charta-nekretnine.hr\/en\/blog\/\">na\u0161e \u010dlanke na blogu<\/a>.<\/div>\n<\/div>\n<\/div>\n<div dir=\"auto\"><\/div>\n<p dir=\"auto\">Pridru\u017eite se stotinama na\u0161ih zadovoljnih kupaca za koje smo pripremili i postavili nekoliko desetaka kampova. Za dodatne informacije, savjete i rje\u0161enja prilago\u0111ena va\u0161im kriterijima potra\u017eite nas na:<\/p>\n<div dir=\"auto\">\n<div dir=\"auto\">\n<div dir=\"auto\">+385 (0)91 900 1525<br \/>\n+385 (0)99 366 4412<br \/>\n+385 (0)99 738 5893<br \/>\n+385 (0)95 724 2285<\/div>\n<div dir=\"auto\">info@charta-nekretnine.hr<\/div>\n<\/div>\n<\/div>\n<\/div>\n<\/div>\n<\/div>\n<\/div>\n<\/div>","protected":false},"featured_media":9217,"template":"","meta":{"_acf_changed":false,"ocean_post_layout":"","ocean_both_sidebars_style":"","ocean_both_sidebars_content_width":0,"ocean_both_sidebars_sidebars_width":0,"ocean_sidebar":"0","ocean_second_sidebar":"0","ocean_disable_margins":"enable","ocean_add_body_class":"","ocean_shortcode_before_top_bar":"","ocean_shortcode_after_top_bar":"","ocean_shortcode_before_header":"","ocean_shortcode_after_header":"","ocean_has_shortcode":"","ocean_shortcode_after_title":"","ocean_shortcode_before_footer_widgets":"","ocean_shortcode_after_footer_widgets":"","ocean_shortcode_before_footer_bottom":"","ocean_shortcode_after_footer_bottom":"","ocean_display_top_bar":"default","ocean_display_header":"default","ocean_header_style":"","ocean_center_header_left_menu":"0","ocean_custom_header_template":"0","ocean_custom_logo":0,"ocean_custom_retina_logo":0,"ocean_custom_logo_max_width":0,"ocean_custom_logo_tablet_max_width":0,"ocean_custom_logo_mobile_max_width":0,"ocean_custom_logo_max_height":0,"ocean_custom_logo_tablet_max_height":0,"ocean_custom_logo_mobile_max_height":0,"ocean_header_custom_menu":"0","ocean_menu_typo_font_family":"0","ocean_menu_typo_font_subset":"","ocean_menu_typo_font_size":0,"ocean_menu_typo_font_size_tablet":0,"ocean_menu_typo_font_size_mobile":0,"ocean_menu_typo_font_size_unit":"px","ocean_menu_typo_font_weight":"","ocean_menu_typo_font_weight_tablet":"","ocean_menu_typo_font_weight_mobile":"","ocean_menu_typo_transform":"","ocean_menu_typo_transform_tablet":"","ocean_menu_typo_transform_mobile":"","ocean_menu_typo_line_height":0,"ocean_menu_typo_line_height_tablet":0,"ocean_menu_typo_line_height_mobile":0,"ocean_menu_typo_line_height_unit":"","ocean_menu_typo_spacing":0,"ocean_menu_typo_spacing_tablet":0,"ocean_menu_typo_spacing_mobile":0,"ocean_menu_typo_spacing_unit":"","ocean_menu_link_color":"","ocean_menu_link_color_hover":"","ocean_menu_link_color_active":"","ocean_menu_link_background":"","ocean_menu_link_hover_background":"","ocean_menu_link_active_background":"","ocean_menu_social_links_bg":"","ocean_menu_social_hover_links_bg":"","ocean_menu_social_links_color":"","ocean_menu_social_hover_links_color":"","ocean_disable_title":"default","ocean_disable_heading":"default","ocean_post_title":"","ocean_post_subheading":"","ocean_post_title_style":"","ocean_post_title_background_color":"","ocean_post_title_background":0,"ocean_post_title_bg_image_position":"","ocean_post_title_bg_image_attachment":"","ocean_post_title_bg_image_repeat":"","ocean_post_title_bg_image_size":"","ocean_post_title_height":0,"ocean_post_title_bg_overlay":0.5,"ocean_post_title_bg_overlay_color":"","ocean_disable_breadcrumbs":"default","ocean_breadcrumbs_color":"","ocean_breadcrumbs_separator_color":"","ocean_breadcrumbs_links_color":"","ocean_breadcrumbs_links_hover_color":"","ocean_display_footer_widgets":"default","ocean_display_footer_bottom":"default","ocean_custom_footer_template":"0"},"product_brand":[],"product_cat":[265],"product_tag":[],"class_list":{"0":"post-6413","1":"product","2":"type-product","3":"status-publish","4":"has-post-thumbnail","6":"product_cat-mobilne-kucice","7":"pa_broj-kupaonica-60","8":"pa_broj-spavacih-soba-52","9":"pa_cijena-32-000-plus-pdv","10":"pa_kvadratura-24-24-terasa","11":"pa_mjesto-turanj","13":"entry","14":"has-media","16":"first","17":"instock","18":"shipping-taxable","19":"purchasable","20":"product-type-simple","21":"has-product-nav","22":"col","23":"span_1_of_3","24":"owp-content-center","25":"owp-thumbs-layout-horizontal","26":"owp-btn-normal","27":"owp-tabs-layout-horizontal"},"acf":[],"jetpack_sharing_enabled":true,"_links":{"self":[{"href":"https:\/\/charta-nekretnine.hr\/en\/wp-json\/wp\/v2\/product\/6413","targetHints":{"allow":["GET"]}}],"collection":[{"href":"https:\/\/charta-nekretnine.hr\/en\/wp-json\/wp\/v2\/product"}],"about":[{"href":"https:\/\/charta-nekretnine.hr\/en\/wp-json\/wp\/v2\/types\/product"}],"wp:featuredmedia":[{"embeddable":true,"href":"https:\/\/charta-nekretnine.hr\/en\/wp-json\/wp\/v2\/media\/9217"}],"wp:attachment":[{"href":"https:\/\/charta-nekretnine.hr\/en\/wp-json\/wp\/v2\/media?parent=6413"}],"wp:term":[{"taxonomy":"product_brand","embeddable":true,"href":"https:\/\/charta-nekretnine.hr\/en\/wp-json\/wp\/v2\/product_brand?post=6413"},{"taxonomy":"product_cat","embeddable":true,"href":"https:\/\/charta-nekretnine.hr\/en\/wp-json\/wp\/v2\/product_cat?post=6413"},{"taxonomy":"product_tag","embeddable":true,"href":"https:\/\/charta-nekretnine.hr\/en\/wp-json\/wp\/v2\/product_tag?post=6413"}],"curies":[{"name":"wp","href":"https:\/\/api.w.org\/{rel}","templated":true}]}}