{"id":6614,"date":"2023-07-17T13:03:52","date_gmt":"2023-07-17T13:03:52","guid":{"rendered":"https:\/\/charta-nekretnine.hr\/?post_type=product&#038;p=6614"},"modified":"2024-09-18T08:59:33","modified_gmt":"2024-09-18T08:59:33","slug":"obiteljski-kamp-ante","status":"publish","type":"product","link":"https:\/\/charta-nekretnine.hr\/en\/product\/obiteljski-kamp-ante\/","title":{"rendered":"Obiteljski kamp &#8220;Ante&#8221;, Sveti Petar na Moru"},"content":{"rendered":"<div class=\"x11i5rnm xat24cr x1mh8g0r x1vvkbs xtlvy1s x126k92a\">\n<div dir=\"auto\">Obiteljski kamp<\/div>\n<\/div>","protected":false},"excerpt":{"rendered":"<div class=\"x11i5rnm xat24cr x1mh8g0r x1vvkbs xtlvy1s x126k92a\">\n<h1 dir=\"auto\">Obiteljski kamp &#8220;Ante&#8221;, Sveti Petar na Moru<\/h1>\n<p dir=\"auto\">Ako ste u potrazi za mirnom lokacijom za svoju mobilnu ku\u0107icu, odnosno ciljate na obitelji kao svoje redovite goste, ova \u0107e vam lokacija pru\u017eiti sve \u0161to ste zamislili.<\/p>\n<p dir=\"auto\">Kamp &#8220;Ante&#8221; povu\u010den je u odnosu na glavnu \u0161etnicu, redovitu gu\u017evu i vrevu tijekom ljetnih mjeseci. Ovaj obiteljski kamp daje mir koji trebate u vrijeme kad je mir potreban, a nalazi se na samo 120 metara od mora. Lokacija kampa opasana je vi\u0161im zidom i pru\u017ea dodatnu privatnost.<\/p>\n<p dir=\"auto\">Mobilne su ku\u0107ice opremljene modernom kuhinjom, a za sve kojima je drag okus lokalne kuhinje u blizini se nalazi nekoliko restorana.<\/p>\n<p dir=\"auto\">Na\u0161u cjelokupnu ponudu i najve\u0107i izbor ku\u0107ica i kampova mo\u017eete pogledati ovdje:\u00a0<a href=\"https:\/\/charta-nekretnine.hr\/en\/prodaja-mobilne-kucice\/\">https:\/\/charta-nekretnine.hr\/prodaja-mobilne-kucice\/<\/a><\/p>\n<h3>Specifi\u010dnosti kampa Ante<\/h3>\n<p dir=\"auto\">Kamp: Ante<\/p>\n<p dir=\"auto\">Lokacija: Sveti Petar na Moru<br \/>\n<a class=\"x1i10hfl xjbqb8w x6umtig x1b1mbwd xaqea5y xav7gou x9f619 x1ypdohk xt0psk2 xe8uvvx xdj266r x11i5rnm xat24cr x1mh8g0r xexx8yu x4uap5 x18d9i69 xkhd6sd x16tdsg8 x1hl2dhg xggy1nq x1a2a7pz xt0b8zv x1fey0fg\" tabindex=\"0\" role=\"link\" href=\"https:\/\/maps.app.goo.gl\/8HurpLPFnvpm2hKi9?fbclid=IwAR1cxtQIxcqDmOmcMuRSJOcHALJ2FrxvWahGWm01tls0HMzndsjyZstYZEA\" target=\"_blank\" rel=\"nofollow noopener noreferrer\">https:\/\/maps.app.goo.gl\/8HurpLPFnvpm2hKi9<\/a><\/p>\n<p dir=\"auto\">Broj ukupnih parcela: 8<br \/>\nBroj slobodnih parcela: 2<\/p>\n<p>Period u kojem je kamp otvoren: cijelu godinu<br \/>\nVeli\u010dina ku\u0107ice: 24m2 + natkrivena terasa 24m2<\/p>\n<p>Cijena ku\u0107ice: 32 000 \u20ac + pdv<br \/>\nNaknada godi\u0161njeg pau\u0161ala: 4500 \u20ac<br \/>\nNaknada za ulaz u kamp: ne<\/p>\n<p>Udaljenost od najbli\u017ee ku\u0107ice: 4m<br \/>\nMogu\u0107nost postavljanja vlastite ku\u0107ice: ne<\/p>\n<p>Povr\u0161ina terase: 24m2<br \/>\nPovr\u0161ina parcele: 100m2<\/p>\n<p>Udaljenost od mora: 120m<br \/>\nUdaljenost od najbli\u017ee pla\u017ee: 120m<br \/>\nNeometani pogled na more: ne<\/p>\n<p>Na\u010din prijave i odjave gostiju: kamp<br \/>\nUsluga \u010di\u0161\u0107enja: mo\u017ee se organizirati<\/p>\n<div class=\"x11i5rnm xat24cr x1mh8g0r x1vvkbs xtlvy1s x126k92a\">\n<p dir=\"auto\">OPIS KU\u0106ICE \/ Mobile Home 24m2<\/p>\n<\/div>\n<div class=\"x11i5rnm xat24cr x1mh8g0r x1vvkbs xtlvy1s x126k92a\">\n<div dir=\"auto\">\n<div class=\"x11i5rnm xat24cr x1mh8g0r x1vvkbs xtlvy1s x126k92a\">\n<div dir=\"auto\">\n<div class=\"x11i5rnm xat24cr x1mh8g0r x1vvkbs xtlvy1s x126k92a\">\n<div dir=\"auto\"><span class=\"x3nfvp2 x1j61x8r x1fcty0u xdj266r xhhsvwb xat24cr xgzva0m xxymvpz xlup9mm x1kky2od\"><img decoding=\"async\" src=\"https:\/\/static.xx.fbcdn.net\/images\/emoji.php\/v9\/tae\/3\/16\/1f536.png\" alt=\"\ud83d\udd36\" width=\"16\" height=\"16\" \/><\/span>\u00a0dvije spava\u0107e sobe<\/div>\n<div dir=\"auto\"><span class=\"x3nfvp2 x1j61x8r x1fcty0u xdj266r xhhsvwb xat24cr xgzva0m xxymvpz xlup9mm x1kky2od\"><img decoding=\"async\" src=\"https:\/\/static.xx.fbcdn.net\/images\/emoji.php\/v9\/t31\/3\/16\/1f539.png\" alt=\"\ud83d\udd39\" width=\"16\" height=\"16\" \/><\/span><span class=\"x3nfvp2 x1j61x8r x1fcty0u xdj266r xhhsvwb xat24cr xgzva0m xxymvpz xlup9mm x1kky2od\"><img decoding=\"async\" src=\"https:\/\/static.xx.fbcdn.net\/images\/emoji.php\/v9\/t31\/3\/16\/1f539.png\" alt=\"\ud83d\udd39\" width=\"16\" height=\"16\" \/><\/span>\u00a0jednokrevetna<\/div>\n<div dir=\"auto\"><span class=\"x3nfvp2 x1j61x8r x1fcty0u xdj266r xhhsvwb xat24cr xgzva0m xxymvpz xlup9mm x1kky2od\"><img decoding=\"async\" src=\"https:\/\/static.xx.fbcdn.net\/images\/emoji.php\/v9\/t31\/3\/16\/1f539.png\" alt=\"\ud83d\udd39\" width=\"16\" height=\"16\" \/><\/span><span class=\"x3nfvp2 x1j61x8r x1fcty0u xdj266r xhhsvwb xat24cr xgzva0m xxymvpz xlup9mm x1kky2od\"><img decoding=\"async\" src=\"https:\/\/static.xx.fbcdn.net\/images\/emoji.php\/v9\/t31\/3\/16\/1f539.png\" alt=\"\ud83d\udd39\" width=\"16\" height=\"16\" \/><\/span>\u00a0dvokrevetna<\/div>\n<\/div>\n<div class=\"x11i5rnm xat24cr x1mh8g0r x1vvkbs xtlvy1s x126k92a\">\n<div dir=\"auto\"><span class=\"x3nfvp2 x1j61x8r x1fcty0u xdj266r xhhsvwb xat24cr xgzva0m xxymvpz xlup9mm x1kky2od\"><img decoding=\"async\" src=\"https:\/\/static.xx.fbcdn.net\/images\/emoji.php\/v9\/tae\/3\/16\/1f536.png\" alt=\"\ud83d\udd36\" width=\"16\" height=\"16\" \/><\/span>\u00a0kuhinja<\/div>\n<div dir=\"auto\"><span class=\"x3nfvp2 x1j61x8r x1fcty0u xdj266r xhhsvwb xat24cr xgzva0m xxymvpz xlup9mm x1kky2od\"><img decoding=\"async\" src=\"https:\/\/static.xx.fbcdn.net\/images\/emoji.php\/v9\/t31\/3\/16\/1f539.png\" alt=\"\ud83d\udd39\" width=\"16\" height=\"16\" \/><\/span><span class=\"x3nfvp2 x1j61x8r x1fcty0u xdj266r xhhsvwb xat24cr xgzva0m xxymvpz xlup9mm x1kky2od\"><img decoding=\"async\" src=\"https:\/\/static.xx.fbcdn.net\/images\/emoji.php\/v9\/t31\/3\/16\/1f539.png\" alt=\"\ud83d\udd39\" width=\"16\" height=\"16\" \/><\/span>\u00a0plo\u010da za kuhanje, ugradbena<\/div>\n<div dir=\"auto\"><span class=\"x3nfvp2 x1j61x8r x1fcty0u xdj266r xhhsvwb xat24cr xgzva0m xxymvpz xlup9mm x1kky2od\"><img decoding=\"async\" src=\"https:\/\/static.xx.fbcdn.net\/images\/emoji.php\/v9\/t31\/3\/16\/1f539.png\" alt=\"\ud83d\udd39\" width=\"16\" height=\"16\" \/><\/span><span class=\"x3nfvp2 x1j61x8r x1fcty0u xdj266r xhhsvwb xat24cr xgzva0m xxymvpz xlup9mm x1kky2od\"><img decoding=\"async\" src=\"https:\/\/static.xx.fbcdn.net\/images\/emoji.php\/v9\/t31\/3\/16\/1f539.png\" alt=\"\ud83d\udd39\" width=\"16\" height=\"16\" \/><\/span>\u00a0perilica za posu\u0111e<\/div>\n<div dir=\"auto\"><span class=\"x3nfvp2 x1j61x8r x1fcty0u xdj266r xhhsvwb xat24cr xgzva0m xxymvpz xlup9mm x1kky2od\"><img decoding=\"async\" src=\"https:\/\/static.xx.fbcdn.net\/images\/emoji.php\/v9\/t31\/3\/16\/1f539.png\" alt=\"\ud83d\udd39\" width=\"16\" height=\"16\" \/><\/span><span class=\"x3nfvp2 x1j61x8r x1fcty0u xdj266r xhhsvwb xat24cr xgzva0m xxymvpz xlup9mm x1kky2od\"><img decoding=\"async\" src=\"https:\/\/static.xx.fbcdn.net\/images\/emoji.php\/v9\/t31\/3\/16\/1f539.png\" alt=\"\ud83d\udd39\" width=\"16\" height=\"16\" \/><\/span>\u00a0hladnjak<\/div>\n<\/div>\n<div class=\"x11i5rnm xat24cr x1mh8g0r x1vvkbs xtlvy1s x126k92a\">\n<div dir=\"auto\"><span class=\"x3nfvp2 x1j61x8r x1fcty0u xdj266r xhhsvwb xat24cr xgzva0m xxymvpz xlup9mm x1kky2od\"><img decoding=\"async\" src=\"https:\/\/static.xx.fbcdn.net\/images\/emoji.php\/v9\/tae\/3\/16\/1f536.png\" alt=\"\ud83d\udd36\" width=\"16\" height=\"16\" \/><\/span>\u00a0dnevna soba<\/div>\n<div dir=\"auto\"><span class=\"x3nfvp2 x1j61x8r x1fcty0u xdj266r xhhsvwb xat24cr xgzva0m xxymvpz xlup9mm x1kky2od\"><img decoding=\"async\" src=\"https:\/\/static.xx.fbcdn.net\/images\/emoji.php\/v9\/t31\/3\/16\/1f539.png\" alt=\"\ud83d\udd39\" width=\"16\" height=\"16\" \/><\/span><span class=\"x3nfvp2 x1j61x8r x1fcty0u xdj266r xhhsvwb xat24cr xgzva0m xxymvpz xlup9mm x1kky2od\"><img decoding=\"async\" src=\"https:\/\/static.xx.fbcdn.net\/images\/emoji.php\/v9\/t31\/3\/16\/1f539.png\" alt=\"\ud83d\udd39\" width=\"16\" height=\"16\" \/><\/span>\u00a0smart TV<\/div>\n<div dir=\"auto\"><span class=\"x3nfvp2 x1j61x8r x1fcty0u xdj266r xhhsvwb xat24cr xgzva0m xxymvpz xlup9mm x1kky2od\"><img decoding=\"async\" src=\"https:\/\/static.xx.fbcdn.net\/images\/emoji.php\/v9\/t31\/3\/16\/1f539.png\" alt=\"\ud83d\udd39\" width=\"16\" height=\"16\" \/><\/span><span class=\"x3nfvp2 x1j61x8r x1fcty0u xdj266r xhhsvwb xat24cr xgzva0m xxymvpz xlup9mm x1kky2od\"><img decoding=\"async\" src=\"https:\/\/static.xx.fbcdn.net\/images\/emoji.php\/v9\/t31\/3\/16\/1f539.png\" alt=\"\ud83d\udd39\" width=\"16\" height=\"16\" \/><\/span>\u00a0kau\u010d na razvla\u010denje<\/div>\n<div dir=\"auto\"><span class=\"x3nfvp2 x1j61x8r x1fcty0u xdj266r xhhsvwb xat24cr xgzva0m xxymvpz xlup9mm x1kky2od\"><img decoding=\"async\" src=\"https:\/\/static.xx.fbcdn.net\/images\/emoji.php\/v9\/t31\/3\/16\/1f539.png\" alt=\"\ud83d\udd39\" width=\"16\" height=\"16\" \/><\/span><span class=\"x3nfvp2 x1j61x8r x1fcty0u xdj266r xhhsvwb xat24cr xgzva0m xxymvpz xlup9mm x1kky2od\"><img decoding=\"async\" src=\"https:\/\/static.xx.fbcdn.net\/images\/emoji.php\/v9\/t31\/3\/16\/1f539.png\" alt=\"\ud83d\udd39\" width=\"16\" height=\"16\" \/><\/span>\u00a0klima ure\u0111aj, 3.5 kw<\/div>\n<\/div>\n<div class=\"x11i5rnm xat24cr x1mh8g0r x1vvkbs xtlvy1s x126k92a\">\n<div dir=\"auto\"><span class=\"x3nfvp2 x1j61x8r x1fcty0u xdj266r xhhsvwb xat24cr xgzva0m xxymvpz xlup9mm x1kky2od\"><img decoding=\"async\" src=\"https:\/\/static.xx.fbcdn.net\/images\/emoji.php\/v9\/tae\/3\/16\/1f536.png\" alt=\"\ud83d\udd36\" width=\"16\" height=\"16\" \/><\/span>\u00a0kupaonica<\/div>\n<div dir=\"auto\"><span class=\"x3nfvp2 x1j61x8r x1fcty0u xdj266r xhhsvwb xat24cr xgzva0m xxymvpz xlup9mm x1kky2od\"><img decoding=\"async\" src=\"https:\/\/static.xx.fbcdn.net\/images\/emoji.php\/v9\/t31\/3\/16\/1f539.png\" alt=\"\ud83d\udd39\" width=\"16\" height=\"16\" \/><\/span><span class=\"x3nfvp2 x1j61x8r x1fcty0u xdj266r xhhsvwb xat24cr xgzva0m xxymvpz xlup9mm x1kky2od\"><img decoding=\"async\" src=\"https:\/\/static.xx.fbcdn.net\/images\/emoji.php\/v9\/t31\/3\/16\/1f539.png\" alt=\"\ud83d\udd39\" width=\"16\" height=\"16\" \/><\/span>\u00a0kupaonski set<\/div>\n<div dir=\"auto\"><span class=\"x3nfvp2 x1j61x8r x1fcty0u xdj266r xhhsvwb xat24cr xgzva0m xxymvpz xlup9mm x1kky2od\"><img decoding=\"async\" src=\"https:\/\/static.xx.fbcdn.net\/images\/emoji.php\/v9\/t31\/3\/16\/1f539.png\" alt=\"\ud83d\udd39\" width=\"16\" height=\"16\" \/><\/span><span class=\"x3nfvp2 x1j61x8r x1fcty0u xdj266r xhhsvwb xat24cr xgzva0m xxymvpz xlup9mm x1kky2od\"><img decoding=\"async\" src=\"https:\/\/static.xx.fbcdn.net\/images\/emoji.php\/v9\/t31\/3\/16\/1f539.png\" alt=\"\ud83d\udd39\" width=\"16\" height=\"16\" \/><\/span>\u00a0tu\u0161 kabina<\/div>\n<div dir=\"auto\"><span class=\"x3nfvp2 x1j61x8r x1fcty0u xdj266r xhhsvwb xat24cr xgzva0m xxymvpz xlup9mm x1kky2od\"><img decoding=\"async\" src=\"https:\/\/static.xx.fbcdn.net\/images\/emoji.php\/v9\/t31\/3\/16\/1f539.png\" alt=\"\ud83d\udd39\" width=\"16\" height=\"16\" \/><\/span><span class=\"x3nfvp2 x1j61x8r x1fcty0u xdj266r xhhsvwb xat24cr xgzva0m xxymvpz xlup9mm x1kky2od\"><img decoding=\"async\" src=\"https:\/\/static.xx.fbcdn.net\/images\/emoji.php\/v9\/t31\/3\/16\/1f539.png\" alt=\"\ud83d\udd39\" width=\"16\" height=\"16\" \/><\/span>\u00a0elektri\u010dni bojler<\/div>\n<\/div>\n<div class=\"x11i5rnm xat24cr x1mh8g0r x1vvkbs xtlvy1s x126k92a\">\n<div dir=\"auto\"><span class=\"x3nfvp2 x1j61x8r x1fcty0u xdj266r xhhsvwb xat24cr xgzva0m xxymvpz xlup9mm x1kky2od\"><img decoding=\"async\" src=\"https:\/\/static.xx.fbcdn.net\/images\/emoji.php\/v9\/tae\/3\/16\/1f536.png\" alt=\"\ud83d\udd36\" width=\"16\" height=\"16\" \/><\/span>\u00a0terasa<\/div>\n<p dir=\"auto\"><span class=\"x3nfvp2 x1j61x8r x1fcty0u xdj266r xhhsvwb xat24cr xgzva0m xxymvpz xlup9mm x1kky2od\"><img decoding=\"async\" src=\"https:\/\/static.xx.fbcdn.net\/images\/emoji.php\/v9\/t31\/3\/16\/1f539.png\" alt=\"\ud83d\udd39\" width=\"16\" height=\"16\" \/><\/span><span class=\"x3nfvp2 x1j61x8r x1fcty0u xdj266r xhhsvwb xat24cr xgzva0m xxymvpz xlup9mm x1kky2od\"><img decoding=\"async\" src=\"https:\/\/static.xx.fbcdn.net\/images\/emoji.php\/v9\/t31\/3\/16\/1f539.png\" alt=\"\ud83d\udd39\" width=\"16\" height=\"16\" \/><\/span>\u00a0natkrivena 8x3m<\/p>\n<div class=\"x11i5rnm xat24cr x1mh8g0r x1vvkbs xtlvy1s x126k92a\">\n<div dir=\"auto\">\n<div class=\"x11i5rnm xat24cr x1mh8g0r x1vvkbs xtlvy1s x126k92a\">\n<div dir=\"auto\">\n<div dir=\"auto\">\u017delite li saznati vi\u0161e o pojmovima kao \u0161to je pau\u0161al ili o financijskim aspektima ulaganja u mobilne ku\u0107ice pro\u010ditajte\u00a0<a href=\"https:\/\/charta-nekretnine.hr\/en\/blog\/\">na\u0161e \u010dlanke na blogu<\/a>.<\/div>\n<\/div>\n<\/div>\n<div dir=\"auto\"><\/div>\n<p dir=\"auto\">Pridru\u017eite se stotinama na\u0161ih zadovoljnih kupaca za koje smo pripremili i postavili nekoliko desetaka kampova. Za dodatne informacije, savjete i rje\u0161enja prilago\u0111ena va\u0161im kriterijima potra\u017eite nas na:<\/p>\n<div dir=\"auto\">\n<div dir=\"auto\">\n<div dir=\"auto\">+385 (0)91 900 1525<br \/>\n+385 (0)99 366 4412<br \/>\n+385 (0)99 738 5893<br \/>\n+385 (0)95 724 2285<\/div>\n<div dir=\"auto\">info@charta-nekretnine.hr<\/div>\n<\/div>\n<\/div>\n<\/div>\n<\/div>\n<\/div>\n<\/div>\n<\/div>\n<\/div>\n<\/div>\n<\/div>\n<div class=\"x11i5rnm xat24cr x1mh8g0r x1vvkbs xtlvy1s x126k92a\"><\/div>\n<div class=\"x11i5rnm xat24cr x1mh8g0r x1vvkbs xtlvy1s x126k92a\">\n<div dir=\"auto\"><\/div>\n<\/div>","protected":false},"featured_media":6809,"template":"","meta":{"_acf_changed":false,"ocean_post_layout":"","ocean_both_sidebars_style":"","ocean_both_sidebars_content_width":0,"ocean_both_sidebars_sidebars_width":0,"ocean_sidebar":"0","ocean_second_sidebar":"0","ocean_disable_margins":"enable","ocean_add_body_class":"","ocean_shortcode_before_top_bar":"","ocean_shortcode_after_top_bar":"","ocean_shortcode_before_header":"","ocean_shortcode_after_header":"","ocean_has_shortcode":"","ocean_shortcode_after_title":"","ocean_shortcode_before_footer_widgets":"","ocean_shortcode_after_footer_widgets":"","ocean_shortcode_before_footer_bottom":"","ocean_shortcode_after_footer_bottom":"","ocean_display_top_bar":"default","ocean_display_header":"default","ocean_header_style":"","ocean_center_header_left_menu":"0","ocean_custom_header_template":"0","ocean_custom_logo":0,"ocean_custom_retina_logo":0,"ocean_custom_logo_max_width":0,"ocean_custom_logo_tablet_max_width":0,"ocean_custom_logo_mobile_max_width":0,"ocean_custom_logo_max_height":0,"ocean_custom_logo_tablet_max_height":0,"ocean_custom_logo_mobile_max_height":0,"ocean_header_custom_menu":"0","ocean_menu_typo_font_family":"0","ocean_menu_typo_font_subset":"","ocean_menu_typo_font_size":0,"ocean_menu_typo_font_size_tablet":0,"ocean_menu_typo_font_size_mobile":0,"ocean_menu_typo_font_size_unit":"px","ocean_menu_typo_font_weight":"","ocean_menu_typo_font_weight_tablet":"","ocean_menu_typo_font_weight_mobile":"","ocean_menu_typo_transform":"","ocean_menu_typo_transform_tablet":"","ocean_menu_typo_transform_mobile":"","ocean_menu_typo_line_height":0,"ocean_menu_typo_line_height_tablet":0,"ocean_menu_typo_line_height_mobile":0,"ocean_menu_typo_line_height_unit":"","ocean_menu_typo_spacing":0,"ocean_menu_typo_spacing_tablet":0,"ocean_menu_typo_spacing_mobile":0,"ocean_menu_typo_spacing_unit":"","ocean_menu_link_color":"","ocean_menu_link_color_hover":"","ocean_menu_link_color_active":"","ocean_menu_link_background":"","ocean_menu_link_hover_background":"","ocean_menu_link_active_background":"","ocean_menu_social_links_bg":"","ocean_menu_social_hover_links_bg":"","ocean_menu_social_links_color":"","ocean_menu_social_hover_links_color":"","ocean_disable_title":"default","ocean_disable_heading":"default","ocean_post_title":"","ocean_post_subheading":"","ocean_post_title_style":"","ocean_post_title_background_color":"","ocean_post_title_background":0,"ocean_post_title_bg_image_position":"","ocean_post_title_bg_image_attachment":"","ocean_post_title_bg_image_repeat":"","ocean_post_title_bg_image_size":"","ocean_post_title_height":0,"ocean_post_title_bg_overlay":0.5,"ocean_post_title_bg_overlay_color":"","ocean_disable_breadcrumbs":"default","ocean_breadcrumbs_color":"","ocean_breadcrumbs_separator_color":"","ocean_breadcrumbs_links_color":"","ocean_breadcrumbs_links_hover_color":"","ocean_display_footer_widgets":"default","ocean_display_footer_bottom":"default","ocean_custom_footer_template":"0"},"product_brand":[],"product_cat":[265],"product_tag":[],"class_list":{"0":"post-6614","1":"product","2":"type-product","3":"status-publish","4":"has-post-thumbnail","6":"product_cat-mobilne-kucice","8":"entry","9":"has-media","11":"first","12":"instock","13":"shipping-taxable","14":"purchasable","15":"product-type-simple","16":"has-product-nav","17":"col","18":"span_1_of_3","19":"owp-content-center","20":"owp-thumbs-layout-horizontal","21":"owp-btn-normal","22":"owp-tabs-layout-horizontal"},"acf":[],"jetpack_sharing_enabled":true,"_links":{"self":[{"href":"https:\/\/charta-nekretnine.hr\/en\/wp-json\/wp\/v2\/product\/6614","targetHints":{"allow":["GET"]}}],"collection":[{"href":"https:\/\/charta-nekretnine.hr\/en\/wp-json\/wp\/v2\/product"}],"about":[{"href":"https:\/\/charta-nekretnine.hr\/en\/wp-json\/wp\/v2\/types\/product"}],"wp:featuredmedia":[{"embeddable":true,"href":"https:\/\/charta-nekretnine.hr\/en\/wp-json\/wp\/v2\/media\/6809"}],"wp:attachment":[{"href":"https:\/\/charta-nekretnine.hr\/en\/wp-json\/wp\/v2\/media?parent=6614"}],"wp:term":[{"taxonomy":"product_brand","embeddable":true,"href":"https:\/\/charta-nekretnine.hr\/en\/wp-json\/wp\/v2\/product_brand?post=6614"},{"taxonomy":"product_cat","embeddable":true,"href":"https:\/\/charta-nekretnine.hr\/en\/wp-json\/wp\/v2\/product_cat?post=6614"},{"taxonomy":"product_tag","embeddable":true,"href":"https:\/\/charta-nekretnine.hr\/en\/wp-json\/wp\/v2\/product_tag?post=6614"}],"curies":[{"name":"wp","href":"https:\/\/api.w.org\/{rel}","templated":true}]}}