{"id":6872,"date":"2023-11-06T22:17:46","date_gmt":"2023-11-06T22:17:46","guid":{"rendered":"https:\/\/charta-nekretnine.hr\/?post_type=product&#038;p=6872"},"modified":"2025-07-24T08:58:21","modified_gmt":"2025-07-24T08:58:21","slug":"kucica-panoramski-pogled","status":"publish","type":"product","link":"https:\/\/charta-nekretnine.hr\/en\/product\/kucica-panoramski-pogled\/","title":{"rendered":"Ku\u0107ica sa panoramskim pogledom"},"content":{"rendered":"","protected":false},"excerpt":{"rendered":"<p>&nbsp;<\/p>\n<h1>Mobilna ku\u0107ica Vitolina \/ custom made 2023. \u2013 u sustavu PDV-a<\/h1>\n<p>Po mjeri moderno ure\u0111ena mobilna ku\u0107ica sa prostranom terasom L &#8211; oblika nalazi se na uzvi\u0161enom dijelu Porata u Dragama. Ku\u0107ica ima jedinstven panoramski pogled na more koji u hladu natkrivene terase pru\u017ea u\u017eivanje tijekom cijelog dana.<\/p>\n<p>Mobilna ku\u0107ica namijenjena je za turisti\u010dko iznajmljivanje. Ugovor je potpisan na 5+5 godina uz godi\u0161nji pau\u0161al od 6.000\u20ac.\u00a0 Potencijal za uspje\u0161no iznajmljivanje i optimalan prihod pokazuje da je ku\u0107ica otvorena 04.07.&#8217;23. i u periodu do 27.09.&#8217;23. (85 dana) bila je popunjena 75 dana.<\/p>\n<p>Dodatan bonus: ku\u0107ice se prodaje sa ve\u0107 ostvarenim rezervacijama za sezonu &#8217;24.<\/p>\n<h3>Osnovne informacije:<\/h3>\n<ul>\n<li>povr\u0161ina interijera 28 m2<\/li>\n<li>terasa 40 m2<\/li>\n<li>1 parkirno mjesto<\/li>\n<li>booking link: <a href=\"https:\/\/www.booking.com\/hotel\/hr\/mobile-home-d-view-pakostane.en-gb.html?age=13&amp;age=16&amp;aid=304142&amp;checkin=2023-11-15&amp;checkout=2023-11-16&amp;dest_id=10107443&amp;dest_type=hotel&amp;group_adults=2&amp;group_children=2&amp;label=gen173nr-1FCAEoggI46AdIM1gEaGWIAQGYAQm4ARjIAQ_YAQHoAQH4AQOIAgGoAgS4Ao2X2akGwAIB0gIkODAzZGU4YzUtNGJlYS00YTZkLWExOTktMzBjYzBkNDhkZmIz2AIF4AIB-Share-19Ayjp%401698057810&amp;no_rooms=1&amp;req_adults=2&amp;req_age=13&amp;req_age=16&amp;req_children=2&amp;auth_success=1\">ku\u0107ica d-view<\/a><\/li>\n<li>spava\u0107e sobe: 2<\/li>\n<li>interijer: \u010deli\u010dna konstrukcija i gipsane plo\u010de<\/li>\n<li>ekterijer: \u010deli\u010dna konstrukcija, zvu\u010dna i toplinska izolacija, fasada<\/li>\n<li>rolete na prozorima spava\u0107ih soba<\/li>\n<li>komarnici na svim prozorima i jedan dodatni na staklenoj stijeni<\/li>\n<li>untutarnja vrata su klizna na spava\u0107im sobama<\/li>\n<\/ul>\n<p>&nbsp;<\/p>\n<h3>Kuhinja<\/h3>\n<p>Kuhinja je pomno ure\u0111ena sa naglaskom na detaljima. Uz granitni sudoper u kuhinji dolazi fri\u017eider s ledenicom (Beko), perilica su\u0111a (Candy), plo\u010da za kuhanje (Beko), napa, ru\u010dni mikser, mikrovalna pe\u0107nica.<\/p>\n<p>Kao dio ponude uz ku\u0107icu dolazi sav kuhinjski pribor (veliki 12 kom), 5-djelni set lonaca (Fissler), setovi \u010da\u0161a za vodu (12), rakiju (6), gin (6), pivo (6), crno te bijelo vino, dekanter za crno vino te set \u010da\u0161a za \u0161ampanjac.<\/p>\n<h3>Dnevni boravak<\/h3>\n<ul>\n<li>Kau\u010d na razvla\u010denje<\/li>\n<li>50&#8221; LED SMART TV (PHILIPS TV 50PUS8807\/12 LED UHD, Ambilight, Android)<\/li>\n<li>Klima ure\u0111aj (Gorenje)<\/li>\n<li>Detektor dima (Kidde)<\/li>\n<li>Bojler elektri\u010dni (Terma Aquaheat)<\/li>\n<li>Masivni stol \u2013 ru\u010dni rad<\/li>\n<li>5 blagovaonskih stolica<\/li>\n<li>Zavjese<\/li>\n<\/ul>\n<h3>Spava\u0107e sobe<\/h3>\n<ul>\n<li>Posteljina \u2013 3 seta bijele saten posteljine po svakom krevetu<\/li>\n<li>Nadlo\u017eak za madrac 100% pamuk (Billerbeck) za sve krevete<\/li>\n<li>5 bamboo jastuka s dodatnim za\u0161titnim jastu\u010dnicama 100% pamuk (Billerbeck)<\/li>\n<li>3 ljetna popluna 100% pamuk (Billerbeck) za sve krevete<\/li>\n<li>Madraci &#8211; 1 kom 160&#215;190, 1 kom 140&#215;190, 1 kom 80&#215;190 (Vitapur Lavender)<\/li>\n<\/ul>\n<h3>Kupaonica<\/h3>\n<ul>\n<li>10 bijelih ru\u010dnika 600g 40&#215;60 cm (HRC grupa)<\/li>\n<li>10 bijelih ru\u010dnika 600g 70&#215;140 cm (HRC grupa)<\/li>\n<li>20 bijelih ru\u010dnika 600g 50&#215;100 cm (HRC grupa)<\/li>\n<li>Crne sanitarije i tu\u0161 kabina<\/li>\n<\/ul>\n<h3>Terasa &#8211; panoramski pogled<\/h3>\n<ul>\n<li>Lounge aluminijska garnitura + stol<\/li>\n<li>Masivni stol \u2013 ru\u010dni rad<\/li>\n<li>6 stolica (\u0160kerjanc)<\/li>\n<li>Vise\u0107a fotelja<\/li>\n<li>Plinski ro\u0161tilj (Napoleon)<\/li>\n<li>Vanjski ventilator<\/li>\n<li>2 vanjske video kamere (Xiaomi)<\/li>\n<li>SUP (Crane)<\/li>\n<li>Prijenosna indukcija (Gorenje)<\/li>\n<li>Baldahini (Esposa Outdoor)<\/li>\n<\/ul>","protected":false},"featured_media":6873,"template":"","meta":{"_acf_changed":false,"ocean_post_layout":"","ocean_both_sidebars_style":"","ocean_both_sidebars_content_width":0,"ocean_both_sidebars_sidebars_width":0,"ocean_sidebar":"0","ocean_second_sidebar":"0","ocean_disable_margins":"enable","ocean_add_body_class":"","ocean_shortcode_before_top_bar":"","ocean_shortcode_after_top_bar":"","ocean_shortcode_before_header":"","ocean_shortcode_after_header":"","ocean_has_shortcode":"","ocean_shortcode_after_title":"","ocean_shortcode_before_footer_widgets":"","ocean_shortcode_after_footer_widgets":"","ocean_shortcode_before_footer_bottom":"","ocean_shortcode_after_footer_bottom":"","ocean_display_top_bar":"default","ocean_display_header":"default","ocean_header_style":"","ocean_center_header_left_menu":"0","ocean_custom_header_template":"0","ocean_custom_logo":0,"ocean_custom_retina_logo":0,"ocean_custom_logo_max_width":0,"ocean_custom_logo_tablet_max_width":0,"ocean_custom_logo_mobile_max_width":0,"ocean_custom_logo_max_height":0,"ocean_custom_logo_tablet_max_height":0,"ocean_custom_logo_mobile_max_height":0,"ocean_header_custom_menu":"0","ocean_menu_typo_font_family":"0","ocean_menu_typo_font_subset":"","ocean_menu_typo_font_size":0,"ocean_menu_typo_font_size_tablet":0,"ocean_menu_typo_font_size_mobile":0,"ocean_menu_typo_font_size_unit":"px","ocean_menu_typo_font_weight":"","ocean_menu_typo_font_weight_tablet":"","ocean_menu_typo_font_weight_mobile":"","ocean_menu_typo_transform":"","ocean_menu_typo_transform_tablet":"","ocean_menu_typo_transform_mobile":"","ocean_menu_typo_line_height":0,"ocean_menu_typo_line_height_tablet":0,"ocean_menu_typo_line_height_mobile":0,"ocean_menu_typo_line_height_unit":"","ocean_menu_typo_spacing":0,"ocean_menu_typo_spacing_tablet":0,"ocean_menu_typo_spacing_mobile":0,"ocean_menu_typo_spacing_unit":"","ocean_menu_link_color":"","ocean_menu_link_color_hover":"","ocean_menu_link_color_active":"","ocean_menu_link_background":"","ocean_menu_link_hover_background":"","ocean_menu_link_active_background":"","ocean_menu_social_links_bg":"","ocean_menu_social_hover_links_bg":"","ocean_menu_social_links_color":"","ocean_menu_social_hover_links_color":"","ocean_disable_title":"default","ocean_disable_heading":"default","ocean_post_title":"","ocean_post_subheading":"","ocean_post_title_style":"","ocean_post_title_background_color":"","ocean_post_title_background":0,"ocean_post_title_bg_image_position":"","ocean_post_title_bg_image_attachment":"","ocean_post_title_bg_image_repeat":"","ocean_post_title_bg_image_size":"","ocean_post_title_height":0,"ocean_post_title_bg_overlay":0.5,"ocean_post_title_bg_overlay_color":"","ocean_disable_breadcrumbs":"default","ocean_breadcrumbs_color":"","ocean_breadcrumbs_separator_color":"","ocean_breadcrumbs_links_color":"","ocean_breadcrumbs_links_hover_color":"","ocean_display_footer_widgets":"default","ocean_display_footer_bottom":"default","ocean_custom_footer_template":"0"},"product_brand":[],"product_cat":[265],"product_tag":[272],"class_list":{"0":"post-6872","1":"product","2":"type-product","3":"status-publish","4":"has-post-thumbnail","6":"product_cat-mobilne-kucice","7":"product_tag-prodaja-mobilnih-kucica","8":"pa_broj-spavacih-soba-52","9":"pa_cijena-120-000","10":"pa_mjesto-porat-drage","11":"pa_stanje-objekta-novogradnja","12":"pa_vrsta-objave-prodaja","14":"entry","15":"has-media","17":"first","18":"instock","19":"shipping-taxable","20":"purchasable","21":"product-type-simple","22":"has-product-nav","23":"col","24":"span_1_of_3","25":"owp-content-center","26":"owp-thumbs-layout-horizontal","27":"owp-btn-normal","28":"owp-tabs-layout-horizontal"},"acf":[],"jetpack_sharing_enabled":true,"_links":{"self":[{"href":"https:\/\/charta-nekretnine.hr\/en\/wp-json\/wp\/v2\/product\/6872","targetHints":{"allow":["GET"]}}],"collection":[{"href":"https:\/\/charta-nekretnine.hr\/en\/wp-json\/wp\/v2\/product"}],"about":[{"href":"https:\/\/charta-nekretnine.hr\/en\/wp-json\/wp\/v2\/types\/product"}],"wp:featuredmedia":[{"embeddable":true,"href":"https:\/\/charta-nekretnine.hr\/en\/wp-json\/wp\/v2\/media\/6873"}],"wp:attachment":[{"href":"https:\/\/charta-nekretnine.hr\/en\/wp-json\/wp\/v2\/media?parent=6872"}],"wp:term":[{"taxonomy":"product_brand","embeddable":true,"href":"https:\/\/charta-nekretnine.hr\/en\/wp-json\/wp\/v2\/product_brand?post=6872"},{"taxonomy":"product_cat","embeddable":true,"href":"https:\/\/charta-nekretnine.hr\/en\/wp-json\/wp\/v2\/product_cat?post=6872"},{"taxonomy":"product_tag","embeddable":true,"href":"https:\/\/charta-nekretnine.hr\/en\/wp-json\/wp\/v2\/product_tag?post=6872"}],"curies":[{"name":"wp","href":"https:\/\/api.w.org\/{rel}","templated":true}]}}