{"id":6993,"date":"2023-11-10T14:14:34","date_gmt":"2023-11-10T14:14:34","guid":{"rendered":"https:\/\/charta-nekretnine.hr\/?post_type=product&#038;p=6993"},"modified":"2026-01-14T09:58:48","modified_gmt":"2026-01-14T09:58:48","slug":"kompleks-3-vile-biograd-na-moru","status":"publish","type":"product","link":"https:\/\/charta-nekretnine.hr\/en\/product\/kompleks-3-vile-biograd-na-moru\/","title":{"rendered":"Kompleks 3 vile &#038; jacuzzi"},"content":{"rendered":"","protected":false},"excerpt":{"rendered":"<h1>Biograd na moru &#8211; kompleks 3 vile<\/h1>\n<p>Na 200 metara od mora zapo\u010deo je projekt izgradnje luksuznog smje\u0161tajnog kapaciteta. Lokacija gradnje je Kumenat &#8211; Biograd na Moru sa nagla\u0161enom mirnim susjednim vilama i njihovim gostima.<\/p>\n<p>Susjedne gra\u0111evine su podjednako luksuzne, a sastoje se od vila sa bazenima.<\/p>\n<p>Gradi se kompleks 3 vile koje su me\u0111usobno povezane terasama i vanjskim vrtom. Mogu\u0107a je kupnja cijelog kompleksa ili svake vile pojedina\u010dno.<\/p>\n<p>Ku\u0107e se prodaju po sistemu &#8220;klju\u010d u ruke&#8221; sa potpuno ure\u0111enim interijerom i namje\u0161tajem &#8211; sve prostorije dizajnirane su da &#8220;zadive gosta na prvu&#8221;.<\/p>\n<p>Svaka je vila katnica, povr\u0161ine 137m\u00b2 sa vlastitim jacuzzijem. Sastoji se od:<\/p>\n<ul>\n<li>5 soba ukupno<\/li>\n<li>od toga 3 spava\u0107e sobe<\/li>\n<li>2 kupaonice<\/li>\n<li>dodatan toalet<\/li>\n<li>jacuzzi<\/li>\n<li>kuhinja i blagavaona (prizemlje)<\/li>\n<li>dnevni boravak (prizemlje)<\/li>\n<\/ul>\n<p>Svaka vila dolazi sa vlastitim parkingom, svojim dijelom vrta i privatnog prostora za opu\u0161ten, miran boravak.<\/p>\n<p>Okoli\u0161 lokacije pun je zelenila i daje priliku za opu\u0161tanje uz miris lokalnog bilja. Kompleks 3 vile nalazi se blizu prekrasnih \u0161ljun\u010danih pla\u017ea \u0161to omogu\u0107uje svakodnevno u\u017eivanje u suncu i moru.<\/p>\n<p>Opskrba namirnica jednostavna je zbog marketa u blizini vila &#8211; na 100 metara<\/p>\n<p>Cijena potpuno namje\u0161tene pojedina\u010dne vile je 345.000\u20ac<\/p>\n<p>Kontakt:<\/p>\n<ul>\n<li>+385 (0)91 584 9977<\/li>\n<li>info@charta-nekretnine.hr<\/li>\n<\/ul>","protected":false},"featured_media":7444,"template":"","meta":{"_acf_changed":false,"ocean_post_layout":"","ocean_both_sidebars_style":"","ocean_both_sidebars_content_width":0,"ocean_both_sidebars_sidebars_width":0,"ocean_sidebar":"0","ocean_second_sidebar":"0","ocean_disable_margins":"enable","ocean_add_body_class":"","ocean_shortcode_before_top_bar":"","ocean_shortcode_after_top_bar":"","ocean_shortcode_before_header":"","ocean_shortcode_after_header":"","ocean_has_shortcode":"","ocean_shortcode_after_title":"","ocean_shortcode_before_footer_widgets":"","ocean_shortcode_after_footer_widgets":"","ocean_shortcode_before_footer_bottom":"","ocean_shortcode_after_footer_bottom":"","ocean_display_top_bar":"default","ocean_display_header":"default","ocean_header_style":"","ocean_center_header_left_menu":"0","ocean_custom_header_template":"0","ocean_custom_logo":0,"ocean_custom_retina_logo":0,"ocean_custom_logo_max_width":0,"ocean_custom_logo_tablet_max_width":0,"ocean_custom_logo_mobile_max_width":0,"ocean_custom_logo_max_height":0,"ocean_custom_logo_tablet_max_height":0,"ocean_custom_logo_mobile_max_height":0,"ocean_header_custom_menu":"0","ocean_menu_typo_font_family":"0","ocean_menu_typo_font_subset":"","ocean_menu_typo_font_size":0,"ocean_menu_typo_font_size_tablet":0,"ocean_menu_typo_font_size_mobile":0,"ocean_menu_typo_font_size_unit":"px","ocean_menu_typo_font_weight":"","ocean_menu_typo_font_weight_tablet":"","ocean_menu_typo_font_weight_mobile":"","ocean_menu_typo_transform":"","ocean_menu_typo_transform_tablet":"","ocean_menu_typo_transform_mobile":"","ocean_menu_typo_line_height":0,"ocean_menu_typo_line_height_tablet":0,"ocean_menu_typo_line_height_mobile":0,"ocean_menu_typo_line_height_unit":"","ocean_menu_typo_spacing":0,"ocean_menu_typo_spacing_tablet":0,"ocean_menu_typo_spacing_mobile":0,"ocean_menu_typo_spacing_unit":"","ocean_menu_link_color":"","ocean_menu_link_color_hover":"","ocean_menu_link_color_active":"","ocean_menu_link_background":"","ocean_menu_link_hover_background":"","ocean_menu_link_active_background":"","ocean_menu_social_links_bg":"","ocean_menu_social_hover_links_bg":"","ocean_menu_social_links_color":"","ocean_menu_social_hover_links_color":"","ocean_disable_title":"default","ocean_disable_heading":"default","ocean_post_title":"","ocean_post_subheading":"","ocean_post_title_style":"","ocean_post_title_background_color":"","ocean_post_title_background":0,"ocean_post_title_bg_image_position":"","ocean_post_title_bg_image_attachment":"","ocean_post_title_bg_image_repeat":"","ocean_post_title_bg_image_size":"","ocean_post_title_height":0,"ocean_post_title_bg_overlay":0.5,"ocean_post_title_bg_overlay_color":"","ocean_disable_breadcrumbs":"default","ocean_breadcrumbs_color":"","ocean_breadcrumbs_separator_color":"","ocean_breadcrumbs_links_color":"","ocean_breadcrumbs_links_hover_color":"","ocean_display_footer_widgets":"default","ocean_display_footer_bottom":"default","ocean_custom_footer_template":"0"},"product_brand":[],"product_cat":[22,311],"product_tag":[324,320],"class_list":{"0":"post-6993","1":"product","2":"type-product","3":"status-publish","4":"has-post-thumbnail","6":"product_cat-kuca","7":"product_cat-vila","8":"product_tag-montazna-kuca","9":"product_tag-prodaja-kuca-i-vila","10":"pa_broj-kupaonica-59","11":"pa_broj-spavacih-soba-53","12":"pa_cijena-345-000","13":"pa_kvadratura-339","14":"pa_mjesto-biograd-na-moru","15":"pa_stanje-objekta-novogradnja","16":"pa_vrsta-objave-prodaja","18":"entry","19":"has-media","21":"first","22":"instock","23":"shipping-taxable","24":"purchasable","25":"product-type-simple","26":"has-product-nav","27":"col","28":"span_1_of_3","29":"owp-content-center","30":"owp-thumbs-layout-horizontal","31":"owp-btn-normal","32":"owp-tabs-layout-horizontal"},"acf":[],"jetpack_sharing_enabled":true,"_links":{"self":[{"href":"https:\/\/charta-nekretnine.hr\/en\/wp-json\/wp\/v2\/product\/6993","targetHints":{"allow":["GET"]}}],"collection":[{"href":"https:\/\/charta-nekretnine.hr\/en\/wp-json\/wp\/v2\/product"}],"about":[{"href":"https:\/\/charta-nekretnine.hr\/en\/wp-json\/wp\/v2\/types\/product"}],"wp:featuredmedia":[{"embeddable":true,"href":"https:\/\/charta-nekretnine.hr\/en\/wp-json\/wp\/v2\/media\/7444"}],"wp:attachment":[{"href":"https:\/\/charta-nekretnine.hr\/en\/wp-json\/wp\/v2\/media?parent=6993"}],"wp:term":[{"taxonomy":"product_brand","embeddable":true,"href":"https:\/\/charta-nekretnine.hr\/en\/wp-json\/wp\/v2\/product_brand?post=6993"},{"taxonomy":"product_cat","embeddable":true,"href":"https:\/\/charta-nekretnine.hr\/en\/wp-json\/wp\/v2\/product_cat?post=6993"},{"taxonomy":"product_tag","embeddable":true,"href":"https:\/\/charta-nekretnine.hr\/en\/wp-json\/wp\/v2\/product_tag?post=6993"}],"curies":[{"name":"wp","href":"https:\/\/api.w.org\/{rel}","templated":true}]}}