{"id":7345,"date":"2023-12-09T07:50:08","date_gmt":"2023-12-09T07:50:08","guid":{"rendered":"https:\/\/charta-nekretnine.hr\/?post_type=product&#038;p=7345"},"modified":"2024-04-22T14:46:09","modified_gmt":"2024-04-22T14:46:09","slug":"montazna-kuca-smarthouse-l-93-m2","status":"publish","type":"product","link":"https:\/\/charta-nekretnine.hr\/en\/product\/montazna-kuca-smarthouse-l-93-m2\/","title":{"rendered":"Monta\u017ena ku\u0107a SmartHouse L (93 m2)"},"content":{"rendered":"","protected":false},"excerpt":{"rendered":"<h1>Monta\u017ena ku\u0107a SmartHouse L (97,13 m\u00b2) &#8211;\u00a0 novogradnja<\/h1>\n<p>Koncept nisko-energetske monta\u017ene gradnje na podru\u010dju Hrvatske dobiva novu perjanicu &#8211; SmartHouse L, model monta\u017ene ku\u0107e.<\/p>\n<p>Charta Homes nudi izgradnju cjenovno dostupne ku\u0107e, kvalitetu klasi\u010dne monta\u017ene gradnje te najve\u0107u mogu\u0107u toplinsku i zvu\u010dnu izolaciju. Ova pametna ku\u0107a nudi optimalan raspored prostorija gdje je svaki kvadratni centimetar prostora iskori\u0161ten u\u010dinkovito.<\/p>\n<p>Uz visoko kvalitetne i ekolo\u0161ki prihvatljive materijale, koncept SmartHouse L daje vam priliku da do svog \u017eivotnog prostora do\u0111ete u izuzetno kratkom roku. Nakon isho\u0111enja gra\u0111evinske dozvole ku\u0107a se mo\u017ee postaviti u roku od mjesec dana.<\/p>\n<p>Prednost je monta\u017ene gradnje dvostupanjski proces izvedbe ku\u0107e.<\/p>\n<p>U proizvodnom centru glavni izvedbeni radovi traju 2 mjeseca, a monta\u017ena ku\u0107a se na terenu dovr\u0161ava jo\u0161 mjesec dana.<\/p>\n<p>Na\u0161i su kupci uvijek dobrodo\u0161li posjetiti nas tijekom proizvodnog procesa i razviti dojam svog budu\u0107eg doma. Tijekom posjeta uvijek smo spremni saslu\u0161ati \u017eelje na\u0161ih klijenata.<\/p>\n<p>Za detaljne informacije javite se na\u0161em timu stru\u010dnjaka na:<\/p>\n<div dir=\"auto\">+385 (0)91 900 1525<\/div>\n<div dir=\"auto\">+385 (0)91 944 5078<\/div>\n<div dir=\"auto\">+385 (0)95 724 2285<\/div>\n<div dir=\"auto\">Mail: info@charta-nekretnine.hr<\/div>\n<h2>Raspored prostorija koncepta SmartHouse L<\/h2>\n<ul>\n<li>\u2022 stambena neto povr\u0161ina: 93,17 m\u00b2<\/li>\n<li>\u2022 bruto povr\u0161ina: 141,86 m\u00b2 sa terasom<\/li>\n<li>\u2022 dvije kupaonice: 3,43 m\u00b2, jedna na katu, druga u prizemlju<\/li>\n<li>\u2022 \u010detiri spava\u0107e sobe: dvije 9,60 m\u00b2, dvije 9,33 m\u00b2<\/li>\n<li>\u2022 kuhinja i blagavaona te prostor dnevnog boravka: 33,00 m\u00b2<\/li>\n<li>\u2022 predsoblje u prizemlju: 2,77 m\u00b2<\/li>\n<li>\u2022 hodnik sa garderobom na katu: 12,68 m2<\/li>\n<\/ul>\n<hr \/>\n<h2>Proces gradnje i opremljenost<\/h2>\n<p>Monta\u017ena ku\u0107a Smarthouse L ve\u0107im se dijelom gradi u proizvodnom centru. Elementi ku\u0107e se pripremaju za sklapanje u cijelinu, vr\u0161e se elektro-instalaterski radovi, a prije dopreme ku\u0107e na gradili\u0161te sve su instalacije pripremljene.<\/p>\n<p>Na zemlji\u0161tu klijenta dovoze se blokovi ku\u0107e, a na terenu se vr\u0161e radovi privo\u0111enja ku\u0107e finalnom izgledu.<\/p>\n<p>Ku\u0107a ima betonske izolacijske podne plo\u0107e, sustav podnog grijanja i elektro pe\u0107. Postavljaju se podne obloge, u ve\u0107ini slu\u010dajeva klijenti biraju parket,<\/p>\n<p>Kupaonica dolazi u potpunosti opremljena: Emil keramika, Kolo Idol umivaonik + HansGrohe Focus 100 armatura, Kolo Idol WC \u0161koljka + FLUKE SOFT CLOSE ECO W0 WC daska + Geberit Delta 20 bijela ru\u010dka, Kolpasan Moonwalk tu\u0161 + HansGrohe Focus tu\u0161 armatura + HansGrohe Crometta tu\u0161 set<\/p>\n<h2>Koristi koje donosi monta\u017ena ku\u0107a SmartHouse L<\/h2>\n<p>Energetski u\u010dinkovita rje\u0161enja modela SmartHouse L omogu\u0107uju najve\u0107u mogu\u0107u toplinsku i zvu\u010dnu izolaciju te optimalan raspored prostorija prema potrebama budu\u0107ih vlasnika.<\/p>\n<h3>Cjenovno su dostupne<\/h3>\n<p>Odabir monta\u017ene ku\u0107e financijski je razuman korak. U vrijeme kada cijena novogradnje raste, SmartHouse monta\u017ena ku\u0107a odolijeva visokim skokovima cijena sirovih materijala.<\/p>\n<p>Uhodan proces gradnje omogu\u0107uje kori\u0161tenje visokokvalitetnih materijala u izvedbi projekta.<\/p>\n<p>Za svoj novac dobit \u0107ete vi\u0161e &#8211; tijekom i nakon gradnje. Sa ovom energetski u\u010dinkovitom ku\u0107om, va\u0161i \u0107e tro\u0161kovi re\u017eija bit znatno manji.<\/p>\n<p>* u cijenu ku\u0107e nije uklju\u010deno zemlji\u0161te, isho\u0111enje gra\u0111evinske dozvole i temelji ku\u0107e.<\/p>\n<h3>Toplinska i zvu\u010dna izolacija<\/h3>\n<h3><img fetchpriority=\"high\" decoding=\"async\" class=\"wp-image-7359 alignleft\" src=\"https:\/\/charta-nekretnine.hr\/wp-content\/uploads\/2023\/12\/Izolacija.png\" alt=\"Izolacija monta\u017ene ku\u0107e\" width=\"242\" height=\"288\" srcset=\"https:\/\/charta-nekretnine.hr\/wp-content\/uploads\/2023\/12\/Izolacija.png 252w, https:\/\/charta-nekretnine.hr\/wp-content\/uploads\/2023\/12\/Izolacija-10x12.png 10w\" sizes=\"(max-width: 242px) 100vw, 242px\" \/><\/h3>\n<ul>\n<li><strong>\u2022<\/strong> Fasadni zavr\u0161ni sloj <strong>Sto-Ispolit K<\/strong><\/li>\n<li><strong>\u2022 Sto F110<\/strong>\u00a0armaturna mre\u017ea sa\u00a0<strong>StoLevel Uni<\/strong>\u00a0armaturnim mortom<\/li>\n<li><strong>\u2022 <\/strong>Toplinsko izolacijska plo\u010da od grafitnog stiropora debljine 120 mm<\/li>\n<li><strong>\u2022 <\/strong>Gips plo\u010da armirana\u00a0<strong>Knauf Vidiwall<\/strong>\u00a0celuloznim vlaknima debljine 15 mm<\/li>\n<li><strong>\u2022 <\/strong>Drvena konstrukcija 160 mm sa me\u0111uizolacijom od staklene vune\u00a0<strong>Knauf Insulation Unifit<\/strong>\u00a0035 debljine 160 mm<\/li>\n<li><strong>\u2022 <\/strong>Parna brana sustava\u00a0<strong>Dampfbremse VAP<\/strong><\/li>\n<li><strong>\u2022 <\/strong>Gips plo\u010da armirana\u00a0<strong>Knauf Vidiwall<\/strong>\u00a0celuloznim vlaknima debljine 15 mm<\/li>\n<\/ul>\n<p>Svrha je da monta\u017ena ku\u0107a SmartHouse L bude dom, udoban i ugodan za cjelo\u017eivotni boravak. Kako bi postigli ujedna\u010denost protoka zraka i o\u010duvanja energije, na\u0161 sustav toplinske izolacije rezultat je 30-godi\u0161njeg iskustva gradnje i suradnje sa kupcima.<\/p>\n<p>&nbsp;<\/p>\n<h3>Optimalan raspored prostorija<\/h3>\n<p>Dom je vi\u0161e od zbroja prostorija. Imaju\u0107i u vidu potrebe razli\u010ditih profila kupaca, stvorili smo koncept sa visokom proto\u010dno\u0161\u0107u kroz prostorije uz maksimalnu iskori\u0161tenost prostora.<\/p>\n<p>Spojili smo potrebu prostranosti i slobode kretanja sa raznim, pametnim rje\u0161enjima prostora za pohranu. Ekskluzivnost smo uklopili u razboritost.<\/p>\n<h3>Do svog doma u tren oka<\/h3>\n<p>Gradimo tijekom cijele godine, a sama gradnja traje do 3 mjeseca.<\/p>\n<p>Kada monta\u017ena ku\u0107a SmartHouse L postane va\u0161 odabir, u ku\u0107u se mo\u017eete useliti u najkra\u0107em roku.<\/p>\n<p>Bez poslova sa strane i dodatnog stresa, va\u0161a ku\u0107a postaje dom ve\u0107 mjesec dana nakon isho\u0111enja gra\u0111evinske dozvole.<\/p>\n<h3>Monta\u017ena ku\u0107a SmartHouse L \u0161ampion je brige za okoli\u0161<\/h3>\n<p>Pri izvedbi projekta naglasak stavljamo na maksimalnu iskoristivost sirovih materijala za gradnju.<\/p>\n<p>Koli\u010dinu neupotrebljivog materijala sveli smo gotovo na nulu, a prilikom gradnje na va\u0161em zemlji\u0161tu ne stvaramo velike koli\u010dine otpada.<\/p>\n<p>Uz sve to, jednom kada monta\u017ena ku\u0107a SmartHouse L postane va\u0161 dom, njezina nisko energetska izvedba biti \u0107e \u010dista dobit za okoli\u0161.<\/p>\n<h3>Sigurnost na prvom mjestu<\/h3>\n<p>Iskustvo i tradicija gradnje dovela nas je do tehnologije i kori\u0161tenja materijala koji su bitni za o\u010duvanje zdravlja i sigurnost svih uku\u0107ana.<\/p>\n<p>Prozra\u010dna i ugodna za cjelo\u017eivotni boravak, monta\u017ena ku\u0107a SmartHouse L ne stvara vlagu, a nezapaljivi izolacijski materijali jamstvo su va\u0161e sigurnosti.<\/p>\n<hr \/>\n<p>Za sva va\u0161a pitanja na raspolaganju smo od ponedjeljka do subote. Kontaktirati nas mo\u017eete na:<\/p>\n<div dir=\"auto\">+385 098 438 091<\/div>\n<div dir=\"auto\">Mail: info@charta-nekretnine.hr<\/div>\n<div dir=\"auto\">Najnovije objave i projekte izgradnje pratite na na\u0161em profilu\u00a0<a title=\"Charta monta\u017ene ku\u0107e\" href=\"https:\/\/www.facebook.com\/ChartaHomes\" target=\"_blank\" rel=\"noopener\"><strong>Charta Homes<\/strong><\/a><\/div>","protected":false},"featured_media":7350,"template":"","meta":{"_acf_changed":false,"ocean_post_layout":"","ocean_both_sidebars_style":"","ocean_both_sidebars_content_width":0,"ocean_both_sidebars_sidebars_width":0,"ocean_sidebar":"0","ocean_second_sidebar":"0","ocean_disable_margins":"enable","ocean_add_body_class":"","ocean_shortcode_before_top_bar":"","ocean_shortcode_after_top_bar":"","ocean_shortcode_before_header":"","ocean_shortcode_after_header":"","ocean_has_shortcode":"","ocean_shortcode_after_title":"","ocean_shortcode_before_footer_widgets":"","ocean_shortcode_after_footer_widgets":"","ocean_shortcode_before_footer_bottom":"","ocean_shortcode_after_footer_bottom":"","ocean_display_top_bar":"default","ocean_display_header":"default","ocean_header_style":"","ocean_center_header_left_menu":"0","ocean_custom_header_template":"0","ocean_custom_logo":0,"ocean_custom_retina_logo":0,"ocean_custom_logo_max_width":0,"ocean_custom_logo_tablet_max_width":0,"ocean_custom_logo_mobile_max_width":0,"ocean_custom_logo_max_height":0,"ocean_custom_logo_tablet_max_height":0,"ocean_custom_logo_mobile_max_height":0,"ocean_header_custom_menu":"0","ocean_menu_typo_font_family":"0","ocean_menu_typo_font_subset":"","ocean_menu_typo_font_size":0,"ocean_menu_typo_font_size_tablet":0,"ocean_menu_typo_font_size_mobile":0,"ocean_menu_typo_font_size_unit":"px","ocean_menu_typo_font_weight":"","ocean_menu_typo_font_weight_tablet":"","ocean_menu_typo_font_weight_mobile":"","ocean_menu_typo_transform":"","ocean_menu_typo_transform_tablet":"","ocean_menu_typo_transform_mobile":"","ocean_menu_typo_line_height":0,"ocean_menu_typo_line_height_tablet":0,"ocean_menu_typo_line_height_mobile":0,"ocean_menu_typo_line_height_unit":"","ocean_menu_typo_spacing":0,"ocean_menu_typo_spacing_tablet":0,"ocean_menu_typo_spacing_mobile":0,"ocean_menu_typo_spacing_unit":"","ocean_menu_link_color":"","ocean_menu_link_color_hover":"","ocean_menu_link_color_active":"","ocean_menu_link_background":"","ocean_menu_link_hover_background":"","ocean_menu_link_active_background":"","ocean_menu_social_links_bg":"","ocean_menu_social_hover_links_bg":"","ocean_menu_social_links_color":"","ocean_menu_social_hover_links_color":"","ocean_disable_title":"default","ocean_disable_heading":"default","ocean_post_title":"","ocean_post_subheading":"","ocean_post_title_style":"","ocean_post_title_background_color":"","ocean_post_title_background":0,"ocean_post_title_bg_image_position":"","ocean_post_title_bg_image_attachment":"","ocean_post_title_bg_image_repeat":"","ocean_post_title_bg_image_size":"","ocean_post_title_height":0,"ocean_post_title_bg_overlay":0.5,"ocean_post_title_bg_overlay_color":"","ocean_disable_breadcrumbs":"default","ocean_breadcrumbs_color":"","ocean_breadcrumbs_separator_color":"","ocean_breadcrumbs_links_color":"","ocean_breadcrumbs_links_hover_color":"","ocean_display_footer_widgets":"default","ocean_display_footer_bottom":"default","ocean_custom_footer_template":"0"},"product_brand":[],"product_cat":[311,22],"product_tag":[320],"class_list":{"0":"post-7345","1":"product","2":"type-product","3":"status-publish","4":"has-post-thumbnail","6":"product_cat-vila","7":"product_cat-kuca","8":"product_tag-prodaja-kuca-i-vila","9":"pa_broj-kupaonica-59","10":"pa_cijena-149-99000","11":"pa_kvadratura-322","12":"pa_stanje-objekta-novogradnja","13":"pa_vrsta-objave-prodaja","15":"entry","16":"has-media","18":"first","19":"instock","20":"shipping-taxable","21":"purchasable","22":"product-type-simple","23":"has-product-nav","24":"col","25":"span_1_of_3","26":"owp-content-center","27":"owp-thumbs-layout-horizontal","28":"owp-btn-normal","29":"owp-tabs-layout-horizontal"},"acf":[],"jetpack_sharing_enabled":true,"_links":{"self":[{"href":"https:\/\/charta-nekretnine.hr\/en\/wp-json\/wp\/v2\/product\/7345","targetHints":{"allow":["GET"]}}],"collection":[{"href":"https:\/\/charta-nekretnine.hr\/en\/wp-json\/wp\/v2\/product"}],"about":[{"href":"https:\/\/charta-nekretnine.hr\/en\/wp-json\/wp\/v2\/types\/product"}],"wp:featuredmedia":[{"embeddable":true,"href":"https:\/\/charta-nekretnine.hr\/en\/wp-json\/wp\/v2\/media\/7350"}],"wp:attachment":[{"href":"https:\/\/charta-nekretnine.hr\/en\/wp-json\/wp\/v2\/media?parent=7345"}],"wp:term":[{"taxonomy":"product_brand","embeddable":true,"href":"https:\/\/charta-nekretnine.hr\/en\/wp-json\/wp\/v2\/product_brand?post=7345"},{"taxonomy":"product_cat","embeddable":true,"href":"https:\/\/charta-nekretnine.hr\/en\/wp-json\/wp\/v2\/product_cat?post=7345"},{"taxonomy":"product_tag","embeddable":true,"href":"https:\/\/charta-nekretnine.hr\/en\/wp-json\/wp\/v2\/product_tag?post=7345"}],"curies":[{"name":"wp","href":"https:\/\/api.w.org\/{rel}","templated":true}]}}