{"id":7369,"date":"2023-12-10T12:11:49","date_gmt":"2023-12-10T12:11:49","guid":{"rendered":"https:\/\/charta-nekretnine.hr\/?post_type=product&#038;p=7369"},"modified":"2024-09-18T08:51:05","modified_gmt":"2024-09-18T08:51:05","slug":"vila-sa-bazenom-kavran","status":"publish","type":"product","link":"https:\/\/charta-nekretnine.hr\/en\/product\/vila-sa-bazenom-kavran\/","title":{"rendered":"Vila sa bazenom Kavran"},"content":{"rendered":"","protected":false},"excerpt":{"rendered":"<h1>Vila sa bazenom Kavran<\/h1>\n<p>Na 23 km od Pule, u op\u0107ini Mar\u010dan prodaje se vila katnica sa bazenom u rohbau izvedbi.<\/p>\n<p>Prizemlje vile \u010dini stambeni prostor od 112,95 m\u00b2, od \u010dega je zatvoreni prostor 85,95 m\u00b2. Ostatak prizemlja (27 m\u00b2) je natkriven, otvoren prostor.<\/p>\n<p>Kat vile \u010dini povr\u0161ina od 111 m2, od \u010dega natkriveni prostor \u010dini 55,80 m\u00b2.<\/p>\n<p>Rohbau stupanj izgradnje uklju\u010duje vilu, bazen, kamene ogradne zidove, priklju\u010dke na vode i struju, temeljna kanalizacija sa bio septi\u010dkom, upojni bunari za oborinsku odvodnju, prilaz (trotoar).<\/p>\n<p>Navedena cijena je za opisani stupanj izgradnje.<\/p>\n<p>Po dogovoru, mo\u017eete anga\u017eirati izvo\u0111a\u010da da vilu privede za isporuku pod sistem &#8220;klju\u010d u ruke&#8221;.<\/p>\n<p>Unutar 6 mjeseci, u tom slu\u010daju, biti \u0107e izvr\u0161eni radovi: stolarija, fasada, instalacije vode, struje, podnog grijanja, podloge, \u017ebukanje i keramika.<\/p>\n<p>Cijena za isporuku vile po sistemu &#8220;klju\u010d u ruke&#8221; predmet je dogovora.<\/p>\n<h3>Vila sa bazenom Kavran: lokacija<\/h3>\n<p>Vila se nalazi u op\u0107ini Mar\u010dan &#8211; Istarska \u017eupanija, na 1,8 km udaljenosti od pla\u017ee Kavran te pla\u017ee Vinjole.<\/p>\n<p>Povezanost sa zra\u0107nom lukom Pula &#8211; 18km.<\/p>","protected":false},"featured_media":7371,"template":"","meta":{"_acf_changed":false,"ocean_post_layout":"","ocean_both_sidebars_style":"","ocean_both_sidebars_content_width":0,"ocean_both_sidebars_sidebars_width":0,"ocean_sidebar":"0","ocean_second_sidebar":"0","ocean_disable_margins":"enable","ocean_add_body_class":"","ocean_shortcode_before_top_bar":"","ocean_shortcode_after_top_bar":"","ocean_shortcode_before_header":"","ocean_shortcode_after_header":"","ocean_has_shortcode":"","ocean_shortcode_after_title":"","ocean_shortcode_before_footer_widgets":"","ocean_shortcode_after_footer_widgets":"","ocean_shortcode_before_footer_bottom":"","ocean_shortcode_after_footer_bottom":"","ocean_display_top_bar":"default","ocean_display_header":"default","ocean_header_style":"","ocean_center_header_left_menu":"0","ocean_custom_header_template":"0","ocean_custom_logo":0,"ocean_custom_retina_logo":0,"ocean_custom_logo_max_width":0,"ocean_custom_logo_tablet_max_width":0,"ocean_custom_logo_mobile_max_width":0,"ocean_custom_logo_max_height":0,"ocean_custom_logo_tablet_max_height":0,"ocean_custom_logo_mobile_max_height":0,"ocean_header_custom_menu":"0","ocean_menu_typo_font_family":"0","ocean_menu_typo_font_subset":"","ocean_menu_typo_font_size":0,"ocean_menu_typo_font_size_tablet":0,"ocean_menu_typo_font_size_mobile":0,"ocean_menu_typo_font_size_unit":"px","ocean_menu_typo_font_weight":"","ocean_menu_typo_font_weight_tablet":"","ocean_menu_typo_font_weight_mobile":"","ocean_menu_typo_transform":"","ocean_menu_typo_transform_tablet":"","ocean_menu_typo_transform_mobile":"","ocean_menu_typo_line_height":0,"ocean_menu_typo_line_height_tablet":0,"ocean_menu_typo_line_height_mobile":0,"ocean_menu_typo_line_height_unit":"","ocean_menu_typo_spacing":0,"ocean_menu_typo_spacing_tablet":0,"ocean_menu_typo_spacing_mobile":0,"ocean_menu_typo_spacing_unit":"","ocean_menu_link_color":"","ocean_menu_link_color_hover":"","ocean_menu_link_color_active":"","ocean_menu_link_background":"","ocean_menu_link_hover_background":"","ocean_menu_link_active_background":"","ocean_menu_social_links_bg":"","ocean_menu_social_hover_links_bg":"","ocean_menu_social_links_color":"","ocean_menu_social_hover_links_color":"","ocean_disable_title":"default","ocean_disable_heading":"default","ocean_post_title":"","ocean_post_subheading":"","ocean_post_title_style":"","ocean_post_title_background_color":"","ocean_post_title_background":0,"ocean_post_title_bg_image_position":"","ocean_post_title_bg_image_attachment":"","ocean_post_title_bg_image_repeat":"","ocean_post_title_bg_image_size":"","ocean_post_title_height":0,"ocean_post_title_bg_overlay":0.5,"ocean_post_title_bg_overlay_color":"","ocean_disable_breadcrumbs":"default","ocean_breadcrumbs_color":"","ocean_breadcrumbs_separator_color":"","ocean_breadcrumbs_links_color":"","ocean_breadcrumbs_links_hover_color":"","ocean_display_footer_widgets":"default","ocean_display_footer_bottom":"default","ocean_custom_footer_template":"0"},"product_brand":[],"product_cat":[22,311],"product_tag":[320],"class_list":{"0":"post-7369","1":"product","2":"type-product","3":"status-publish","4":"has-post-thumbnail","6":"product_cat-kuca","7":"product_cat-vila","8":"product_tag-prodaja-kuca-i-vila","9":"pa_broj-kupaonica-329","10":"pa_broj-spavacih-soba-53","11":"pa_cijena-330-000","12":"pa_kvadratura-328","13":"pa_mjesto-kavran-istra","15":"entry","16":"has-media","18":"first","19":"instock","20":"shipping-taxable","21":"purchasable","22":"product-type-simple","23":"has-product-nav","24":"col","25":"span_1_of_3","26":"owp-content-center","27":"owp-thumbs-layout-horizontal","28":"owp-btn-normal","29":"owp-tabs-layout-horizontal"},"acf":[],"jetpack_sharing_enabled":true,"_links":{"self":[{"href":"https:\/\/charta-nekretnine.hr\/en\/wp-json\/wp\/v2\/product\/7369","targetHints":{"allow":["GET"]}}],"collection":[{"href":"https:\/\/charta-nekretnine.hr\/en\/wp-json\/wp\/v2\/product"}],"about":[{"href":"https:\/\/charta-nekretnine.hr\/en\/wp-json\/wp\/v2\/types\/product"}],"wp:featuredmedia":[{"embeddable":true,"href":"https:\/\/charta-nekretnine.hr\/en\/wp-json\/wp\/v2\/media\/7371"}],"wp:attachment":[{"href":"https:\/\/charta-nekretnine.hr\/en\/wp-json\/wp\/v2\/media?parent=7369"}],"wp:term":[{"taxonomy":"product_brand","embeddable":true,"href":"https:\/\/charta-nekretnine.hr\/en\/wp-json\/wp\/v2\/product_brand?post=7369"},{"taxonomy":"product_cat","embeddable":true,"href":"https:\/\/charta-nekretnine.hr\/en\/wp-json\/wp\/v2\/product_cat?post=7369"},{"taxonomy":"product_tag","embeddable":true,"href":"https:\/\/charta-nekretnine.hr\/en\/wp-json\/wp\/v2\/product_tag?post=7369"}],"curies":[{"name":"wp","href":"https:\/\/api.w.org\/{rel}","templated":true}]}}