{"id":7452,"date":"2023-12-17T16:28:52","date_gmt":"2023-12-17T16:28:52","guid":{"rendered":"https:\/\/charta-nekretnine.hr\/?post_type=product&#038;p=7452"},"modified":"2024-09-18T08:50:29","modified_gmt":"2024-09-18T08:50:29","slug":"mobile-house-croatia-for-sale","status":"publish","type":"product","link":"https:\/\/charta-nekretnine.hr\/en\/product\/mobile-house-croatia-for-sale\/","title":{"rendered":"Ku\u0107ica zatvorena terasa, mobile house Croatia"},"content":{"rendered":"","protected":false},"excerpt":{"rendered":"<h1>Spacious mobile house Croatia<\/h1>\n<p>Set on a hillside next to the bay in Draga, this mobile home offers its guests an unobstructed view of the sea. During their stay in this vacation home, we can guarantee plenty of beautiful sunrise and sunset scenery.<\/p>\n<p>The vacation house is new (built in 2022) and is in a prime, quiet location with unobstructed sea views over the Kornati Islands and direct access to the beach.<\/p>\n<p>Well-insulated and winter-proof mobile house Croatia with a living space of 38 m\u00b2, it offers a year-round stay, no matter of outside weather condition.<\/p>\n<p>Large, covered terrace (59m\u00b2 ) glazed with sliding elements, makes it easy to use even in bad weather and in the cooler season.<\/p>\n<p>Each room offers a unique sea view to the south and west through the large windows and glass doors. The house has a living room with kitchen and 2 bedrooms, each with an adjoining bathroom and toilet.<\/p>\n<p>The furniture and terrace were individually manufactured and assembled by a carpenter based on our architect&#8217;s designs, as was the spacious outdoor kitchen on the terrace with a built-in dishwasher and washing machine.<\/p>\n<p>The house is equipped with air conditioning with heating function and has WIFI and TV connection. It is an ideal place to relax but can provide a great solution if you search for a unique work space.<\/p>\n<p>Several shops, restaurants and bars as well as a marina are in the immediate vicinity.<\/p>\n<p><strong>Important<\/strong>: the plot where the mobile house Croatia is placed i under lease for 18 more years which gives the potential buyer a great investment opportunity to rent this vacation house. The <strong>annual flat rate<\/strong> of\u00a0 \u20ac6.000 is fixed for eight years with the amount for remaining period to be arranged.<\/p>\n<p>For more images of mobile house Croatia please follow our <a href=\"https:\/\/www.facebook.com\/groups\/mobilehomes.for.sale.croatia\" target=\"_blank\" rel=\"noopener\"><strong>facebook group\u00a0<\/strong><\/a><\/p>\n<h3>What is included &#8211; Mobile house Croatia?<\/h3>\n<ul>\n<li>mobile house 38m\u00b2<\/li>\n<li>closed, glassed terrace 59m\u00b2<\/li>\n<li>outdoor kitchen with a built-in dishwasher and washing machine<\/li>\n<li>all furniture<\/li>\n<li>kitchen accessories &amp; cutlery<\/li>\n<\/ul>\n<p>Smje\u0161tena na bre\u017euljku uz uvalu Draga, ova mobilna ku\u0107ica svojim gostima pru\u017ea neometan pogled na more. Tijekom njihovog boravka u ovoj ku\u0107i za odmor, garantiramo obilje prekrasnih izlazaka i zalazaka sunca.<\/p>\n<p>Ku\u0107ica je nova (izgra\u0111ena 2022.) i nalazi se na odli\u010dnoj, mirnoj lokaciji sa pogledom na Kornate te izravnim pristupom pla\u017ei.<\/p>\n<p>Dobro izolirana i otporna na vremenske izazove, mobilna ku\u0107a stambene povr\u0161ine 38 m\u00b2 nudi mogu\u0107nost boravka tijekom cijele godine, bez obzira na vanjske vremenske uvjete.<\/p>\n<p>Velika, natkrivena terasa (59m\u00b2) ostakljena kliznim elementima olak\u0161ava kori\u0161tenje pri lo\u0161em vremenu i izvan sezone.<\/p>\n<p>Iz svake sobe pru\u017ea se jedinstven pogled na more prema jugu i zapadu kroz velike prozore i staklena vrata. Ku\u0107a se sastoji od dnevnog boravka s kuhinjom i 2 spava\u0107e sobe, svaka s pripadaju\u0107om kupaonicom i wc-om.<\/p>\n<p>Namje\u0161taj i terasa individualno su izra\u0111eni i montirani od strane stolara prema nacrtima na\u0161ih arhitekata, a isto vrijedi i za prostranu vanjsku kuhinju na terasi s ugradbenom perilicom posu\u0111a i rublja.<\/p>\n<p>Nekoliko trgovina, restorana i barova kao i marina nalaze se u neposrednoj blizini.<\/p>\n<p><strong>Va\u017eno<\/strong>: parcela na kojoj se nalazi ku\u0107a za odmor je u najmu na jo\u0161 18 godina \u0161to potencijalnom kupcu daje izvrsnu investicijsku priliku za najam ove ku\u0107e za odmor. <strong>Godi\u0161nja pau\u0161alna stopa od\u00a0 6.000 \u20ac<\/strong> fiksna je za osam godina, a iznos za preostalo razdoblje predmet je dogovora.<\/p>\n<p>U ponudu je uklju\u010deno:<\/p>\n<ul>\n<li>mobilna ku\u0107ica 38m\u00b2<\/li>\n<li>zatvorena, ostakljena terasa 59m\u00b2<\/li>\n<li>vanjska kuhinja sa ugradbenom perilicom su\u0111a i perilicom rublja<\/li>\n<li>sav namje\u0161taj<\/li>\n<li>kuhinjski dodaci i pribor za jelo<\/li>\n<\/ul>\n<p>Vi\u0161e slika objavljujemo u na\u0161oj facebook grupi &#8220;<strong><a href=\"https:\/\/www.facebook.com\/groups\/mobilehomes.for.sale.croatia\" target=\"_blank\" rel=\"noopener\">Vacation &amp; Mobile Homes for sale &#8211; Croatia<\/a><\/strong>&#8221; pa nas zapratite #mobile house Croatia.<\/p>","protected":false},"featured_media":7464,"template":"","meta":{"_acf_changed":false,"ocean_post_layout":"","ocean_both_sidebars_style":"","ocean_both_sidebars_content_width":0,"ocean_both_sidebars_sidebars_width":0,"ocean_sidebar":"0","ocean_second_sidebar":"0","ocean_disable_margins":"enable","ocean_add_body_class":"","ocean_shortcode_before_top_bar":"","ocean_shortcode_after_top_bar":"","ocean_shortcode_before_header":"","ocean_shortcode_after_header":"","ocean_has_shortcode":"","ocean_shortcode_after_title":"","ocean_shortcode_before_footer_widgets":"","ocean_shortcode_after_footer_widgets":"","ocean_shortcode_before_footer_bottom":"","ocean_shortcode_after_footer_bottom":"","ocean_display_top_bar":"default","ocean_display_header":"default","ocean_header_style":"","ocean_center_header_left_menu":"0","ocean_custom_header_template":"0","ocean_custom_logo":0,"ocean_custom_retina_logo":0,"ocean_custom_logo_max_width":0,"ocean_custom_logo_tablet_max_width":0,"ocean_custom_logo_mobile_max_width":0,"ocean_custom_logo_max_height":0,"ocean_custom_logo_tablet_max_height":0,"ocean_custom_logo_mobile_max_height":0,"ocean_header_custom_menu":"0","ocean_menu_typo_font_family":"0","ocean_menu_typo_font_subset":"","ocean_menu_typo_font_size":0,"ocean_menu_typo_font_size_tablet":0,"ocean_menu_typo_font_size_mobile":0,"ocean_menu_typo_font_size_unit":"px","ocean_menu_typo_font_weight":"","ocean_menu_typo_font_weight_tablet":"","ocean_menu_typo_font_weight_mobile":"","ocean_menu_typo_transform":"","ocean_menu_typo_transform_tablet":"","ocean_menu_typo_transform_mobile":"","ocean_menu_typo_line_height":0,"ocean_menu_typo_line_height_tablet":0,"ocean_menu_typo_line_height_mobile":0,"ocean_menu_typo_line_height_unit":"","ocean_menu_typo_spacing":0,"ocean_menu_typo_spacing_tablet":0,"ocean_menu_typo_spacing_mobile":0,"ocean_menu_typo_spacing_unit":"","ocean_menu_link_color":"","ocean_menu_link_color_hover":"","ocean_menu_link_color_active":"","ocean_menu_link_background":"","ocean_menu_link_hover_background":"","ocean_menu_link_active_background":"","ocean_menu_social_links_bg":"","ocean_menu_social_hover_links_bg":"","ocean_menu_social_links_color":"","ocean_menu_social_hover_links_color":"","ocean_disable_title":"default","ocean_disable_heading":"default","ocean_post_title":"","ocean_post_subheading":"","ocean_post_title_style":"","ocean_post_title_background_color":"","ocean_post_title_background":0,"ocean_post_title_bg_image_position":"","ocean_post_title_bg_image_attachment":"","ocean_post_title_bg_image_repeat":"","ocean_post_title_bg_image_size":"","ocean_post_title_height":0,"ocean_post_title_bg_overlay":0.5,"ocean_post_title_bg_overlay_color":"","ocean_disable_breadcrumbs":"default","ocean_breadcrumbs_color":"","ocean_breadcrumbs_separator_color":"","ocean_breadcrumbs_links_color":"","ocean_breadcrumbs_links_hover_color":"","ocean_display_footer_widgets":"default","ocean_display_footer_bottom":"default","ocean_custom_footer_template":"0"},"product_brand":[],"product_cat":[265],"product_tag":[272],"class_list":{"0":"post-7452","1":"product","2":"type-product","3":"status-publish","4":"has-post-thumbnail","6":"product_cat-mobilne-kucice","7":"product_tag-prodaja-mobilnih-kucica","8":"pa_broj-kupaonica-59","9":"pa_broj-spavacih-soba-52","10":"pa_cijena-210-000","11":"pa_kvadratura-235","12":"pa_mjesto-drage","14":"entry","15":"has-media","17":"first","18":"instock","19":"shipping-taxable","20":"purchasable","21":"product-type-simple","22":"has-product-nav","23":"col","24":"span_1_of_3","25":"owp-content-center","26":"owp-thumbs-layout-horizontal","27":"owp-btn-normal","28":"owp-tabs-layout-horizontal"},"acf":[],"jetpack_sharing_enabled":true,"_links":{"self":[{"href":"https:\/\/charta-nekretnine.hr\/en\/wp-json\/wp\/v2\/product\/7452","targetHints":{"allow":["GET"]}}],"collection":[{"href":"https:\/\/charta-nekretnine.hr\/en\/wp-json\/wp\/v2\/product"}],"about":[{"href":"https:\/\/charta-nekretnine.hr\/en\/wp-json\/wp\/v2\/types\/product"}],"wp:featuredmedia":[{"embeddable":true,"href":"https:\/\/charta-nekretnine.hr\/en\/wp-json\/wp\/v2\/media\/7464"}],"wp:attachment":[{"href":"https:\/\/charta-nekretnine.hr\/en\/wp-json\/wp\/v2\/media?parent=7452"}],"wp:term":[{"taxonomy":"product_brand","embeddable":true,"href":"https:\/\/charta-nekretnine.hr\/en\/wp-json\/wp\/v2\/product_brand?post=7452"},{"taxonomy":"product_cat","embeddable":true,"href":"https:\/\/charta-nekretnine.hr\/en\/wp-json\/wp\/v2\/product_cat?post=7452"},{"taxonomy":"product_tag","embeddable":true,"href":"https:\/\/charta-nekretnine.hr\/en\/wp-json\/wp\/v2\/product_tag?post=7452"}],"curies":[{"name":"wp","href":"https:\/\/api.w.org\/{rel}","templated":true}]}}