{"id":7468,"date":"2023-12-21T12:38:14","date_gmt":"2023-12-21T12:38:14","guid":{"rendered":"https:\/\/charta-nekretnine.hr\/?post_type=product&#038;p=7468"},"modified":"2024-09-18T08:49:02","modified_gmt":"2024-09-18T08:49:02","slug":"gradimo-montazna-kuca-smart-105","status":"publish","type":"product","link":"https:\/\/charta-nekretnine.hr\/en\/product\/gradimo-montazna-kuca-smart-105\/","title":{"rendered":"Gradimo &#8211; monta\u017ena ku\u0107a Smart 105"},"content":{"rendered":"<h1>Monta\u017ena ku\u0107a Smart 105 &#8211; izgradnja<\/h1>\n<p>Charta Homes nudi <strong>izgradnju cjenovno dostupne ku\u0107e<\/strong>, kvalitetu klasi\u010dne monta\u017ene gradnje te najve\u0107u mogu\u0107u toplinsku i zvu\u010dnu izolaciju. Ova pametna ku\u0107a nudi optimalan raspored prostorija gdje je svaki kvadratni centimetar prostora iskori\u0161ten u\u010dinkovito.<\/p>\n<p>Imate li vlastito zemlji\u0161te ili ga tra\u017eite, na\u0161 tim stru\u010dnjaka \u0107e vas sprovesti kroz cjelokupni proces od vizualizacije koncepta va\u0161eg novog doma do realizacije projekta.<\/p>\n<p><strong>Monta\u017ena ku\u0107a Smart 105<\/strong> ima jednostavan, a ujedno atraktivan izgled.<\/p>\n<p>Jedinstven dojam svake pojedine ku\u0107e posti\u0107i \u0107ete odabirom izme\u0111u vi\u0161e od <strong>400 nijansi Weber fasade<\/strong>. Kombinacijom nijansi i materijala na izbor vam se pru\u017ea neograni\u010den broj kombinacija.<\/p>\n<h2>Osnovni podaci<\/h2>\n<ul>\n<li>neto tlocrtna povr\u0161ina: 105m\u00b2<\/li>\n<li>dimenzija ku\u0107e: 9,1 * 7.6 m<\/li>\n<li>eta\u017eiranost: prizemlje i kat<\/li>\n<li>krov: dvokapnica sa nagibom od 38\u00b0<\/li>\n<li>podna keramika povr\u0161ina: 25m\u00b2<\/li>\n<li>zidna keramika povr\u0161ina: 47 m\u00b2 (predvi\u0111eno do stropa)<\/li>\n<li>parket povr\u0161ina: 83m\u00b2<\/li>\n<\/ul>\n<h2>Bonus uz ku\u0107u &#8211; solarna elektrana<\/h2>\n<p>Izgradnjom ovog modela niskoenergetske monta\u017ene ku\u0107e, na poklon dobivate <strong>Solarnu elektrana 7kwh Viessman <\/strong>sa inverterom 5kwh.\u00a0 Za informaciju o trajanju akcije, kontaktirajte nas direktno.<\/p>\n<h3>Prizemlje<\/h3>\n<p><img fetchpriority=\"high\" decoding=\"async\" class=\"aligncenter wp-image-7469\" src=\"https:\/\/charta-nekretnine.hr\/wp-content\/uploads\/2023\/12\/tlocrt-prizemlje-1000x1000.jpg\" alt=\"Monta\u017ena ku\u0107a Smart 105 tlocrt prizemlje\" width=\"700\" height=\"623\" srcset=\"https:\/\/charta-nekretnine.hr\/wp-content\/uploads\/2023\/12\/tlocrt-prizemlje-1000x890.jpg 1000w, https:\/\/charta-nekretnine.hr\/wp-content\/uploads\/2023\/12\/tlocrt-prizemlje-1024x911.jpg 1024w, https:\/\/charta-nekretnine.hr\/wp-content\/uploads\/2023\/12\/tlocrt-prizemlje-768x683.jpg 768w, https:\/\/charta-nekretnine.hr\/wp-content\/uploads\/2023\/12\/tlocrt-prizemlje-13x12.jpg 13w, https:\/\/charta-nekretnine.hr\/wp-content\/uploads\/2023\/12\/tlocrt-prizemlje-600x534.jpg 600w, https:\/\/charta-nekretnine.hr\/wp-content\/uploads\/2023\/12\/tlocrt-prizemlje.jpg 1394w\" sizes=\"(max-width: 700px) 100vw, 700px\" \/><\/p>\n<h3>Kat<\/h3>\n<p><img decoding=\"async\" class=\"aligncenter wp-image-7470\" src=\"https:\/\/charta-nekretnine.hr\/wp-content\/uploads\/2023\/12\/tlocrt-kat-1000x890.jpg\" alt=\"tlocrt kat\" width=\"700\" height=\"623\" srcset=\"https:\/\/charta-nekretnine.hr\/wp-content\/uploads\/2023\/12\/tlocrt-kat-1000x890.jpg 1000w, https:\/\/charta-nekretnine.hr\/wp-content\/uploads\/2023\/12\/tlocrt-kat-1024x911.jpg 1024w, https:\/\/charta-nekretnine.hr\/wp-content\/uploads\/2023\/12\/tlocrt-kat-768x683.jpg 768w, https:\/\/charta-nekretnine.hr\/wp-content\/uploads\/2023\/12\/tlocrt-kat-13x12.jpg 13w, https:\/\/charta-nekretnine.hr\/wp-content\/uploads\/2023\/12\/tlocrt-kat-600x534.jpg 600w, https:\/\/charta-nekretnine.hr\/wp-content\/uploads\/2023\/12\/tlocrt-kat.jpg 1394w\" sizes=\"(max-width: 700px) 100vw, 700px\" \/><\/p>\n<p>Uz visoko kvalitetne i ekolo\u0161ki prihvatljive materijale, <strong>monta\u017ena ku\u0107a Smart 105<\/strong> daje vam priliku da do svog \u017eivotnog prostora do\u0111ete u izuzetno kratkom roku. Nakon isho\u0111enja gra\u0111evinske dozvole ku\u0107a se mo\u017ee postaviti u roku od mjesec dana.<\/p>\n<p>Prednost je monta\u017ene gradnje dvostupanjski proces izvedbe ku\u0107e.<\/p>\n<p>U proizvodnom centru glavni izvedbeni radovi traju 2 mjeseca, a monta\u017ena ku\u0107a se na terenu dovr\u0161ava jo\u0161 mjesec dana.<\/p>\n<p>Na\u0161i su kupci uvijek dobrodo\u0161li posjetiti nas tijekom proizvodnog procesa i razviti dojam svog budu\u0107eg doma. Tijekom posjeta uvijek smo spremni saslu\u0161ati \u017eelje na\u0161ih klijenata.<\/p>\n<p>Za detaljne informacije javite se na\u0161em timu stru\u010dnjaka na:<\/p>\n<div dir=\"auto\">+385 098 438 091<\/div>\n<div dir=\"auto\">Mail: info@charta-nekretnine.hr<\/div>\n<h2 dir=\"auto\">Monta\u017ena ku\u0107a Smart 105 &#8211; prednosti<\/h2>\n<h3>Optimalan raspored prostorija<\/h3>\n<p>Dom je vi\u0161e od zbroja prostorija. Imaju\u0107i u vidu potrebe razli\u010ditih profila kupaca, stvorili smo koncept sa visokom proto\u010dno\u0161\u0107u kroz prostorije uz maksimalnu iskori\u0161tenost prostora.<\/p>\n<p>Spojili smo potrebu prostranosti i slobode kretanja sa raznim, pametnim rje\u0161enjima prostora za pohranu. Ekskluzivnost smo uklopili u razboritost.<\/p>\n<h3>Podno grijanje<\/h3>\n<p>Podno grijanje sprovedeno je po cijelom objektu sa svom pripadaju\u0107om opremom tako da <strong>monta\u017ena ku\u0107a Smart 105<\/strong> nudi toplinu gdjegod se nalazili. Sustav omogu\u0107uje ru\u010dno individualno pode\u0161avanje temperature u pojedinoj prostoriji.<\/p>\n<p>Sustav grijanja uklju\u010duje panele za podno grijanje, cijevi, razvodni set za podno grijanje, pri\u010dvrsne spojnice, kuglasti ventil za zatvaranje i razvodna kutija za podno grijanje.<\/p>\n<h3>Toplinska pumpa<\/h3>\n<p>Dizalica topline: Vitocal 111-S, Tip AWBT-M-E-AC 111.B06<\/p>\n<p>Kompaktna split dizalica topline zrak\/voda za grijanje i hla\u0111enje, s integriranim grija\u010dem &#8211; sanitarna voda volumen 220 litara, visoko u\u010dinkovita cirkulacija.<\/p>\n<p>Regulacija Vitotronic 200 za rad kontroliran vremenskim uvjetima s vanjskim senzorom temperature i integriranim proto\u010dnim grija\u010dima vode.<\/p>\n<h3>Sustav ventilacije<\/h3>\n<p>Ure\u0111aj za ventilaciju: VIESSMANN Vitovent 200-C, Tip H11S A200,\u00a0 sa\u00a0digitalnom regulacijom nivoa protoka.<\/p>\n<p>Centralna priprema za ventilaciju s povratom topline, volumetrijski protok zraka do 200 m3\/h, za stambene jedinice do 120 m2, sa 4 mlaznice DN 125.<\/p>\n<h3>Do svog doma u tren oka<\/h3>\n<p>Gradimo tijekom cijele godine, a sama gradnja traje do 3 mjeseca.<\/p>\n<p>Kada <strong>monta\u017ena ku\u0107a Smart 105<\/strong> postane va\u0161 odabir, u ku\u0107u se mo\u017eete useliti u najkra\u0107em roku.<\/p>\n<p>Bez poslova sa strane i dodatnog stresa, va\u0161a ku\u0107a postaje dom ve\u0107 mjesec dana nakon isho\u0111enja gra\u0111evinske dozvole.<\/p>\n<h3>Unutarnje ure\u0111enje &#8211; va\u0161 odabir<\/h3>\n<p>Da va\u0161 novi dom bude odraz va\u0161eg stila za vas smo pripremili brojne opcije unutarnjeg ure\u0111enja.<\/p>\n<h3>Sigurnost na prvom mjestu<\/h3>\n<p>Iskustvo i tradicija gradnje dovela nas je do tehnologije i kori\u0161tenja materijala koji su bitni za o\u010duvanje zdravlja i sigurnost svih uku\u0107ana.<\/p>\n<p>Prozra\u010dna i ugodna za cjelo\u017eivotni boravak, <strong>monta\u017ena ku\u0107a Smart 105<\/strong> ne stvara vlagu, a nezapaljivi izolacijski materijali jamstvo su va\u0161e sigurnosti.<\/p>\n<p>Za sva va\u0161a pitanja na raspolaganju smo od ponedjeljka do subote. Kontaktirati nas mo\u017eete na:<\/p>\n<div dir=\"auto\">+385 (0)91 900 1525<\/div>\n<div dir=\"auto\">+385 (0)91 944 5078<\/div>\n<div dir=\"auto\">+385 (0)95 724 2285<\/div>\n<div dir=\"auto\">Mail: info@charta-nekretnine.hr<\/div>","protected":false},"excerpt":{"rendered":"<h1>Monta\u017ena ku\u0107a Smart 105 &#8211; izgradnja<\/h1>\n<p>Charta Homes nudi <strong>izgradnju cjenovno dostupne ku\u0107e<\/strong>, kvalitetu klasi\u010dne monta\u017ene gradnje te najve\u0107u mogu\u0107u toplinsku i zvu\u010dnu izolaciju. Ova pametna ku\u0107a nudi optimalan raspored prostorija gdje je svaki kvadratni centimetar prostora iskori\u0161ten u\u010dinkovito.<\/p>\n<p>Imate li vlastito zemlji\u0161te ili ga tra\u017eite, na\u0161 tim stru\u010dnjaka \u0107e vas sprovesti kroz cjelokupni proces od vizualizacije koncepta va\u0161eg novog doma do realizacije projekta.<\/p>\n<p><strong>Monta\u017ena ku\u0107a Smart 105<\/strong> ima jednostavan, a ujedno atraktivan izgled.<\/p>\n<p>Jedinstven dojam svake pojedine ku\u0107e posti\u0107i \u0107ete odabirom izme\u0111u vi\u0161e od <strong>400 nijansi Weber fasade<\/strong>. Kombinacijom nijansi i materijala na izbor vam se pru\u017ea neograni\u010den broj kombinacija.<\/p>\n<h2>Osnovni podaci<\/h2>\n<ul>\n<li>neto tlocrtna povr\u0161ina: 105m\u00b2<\/li>\n<li>dimenzija ku\u0107e: 9,1 * 7.6 m<\/li>\n<li>eta\u017eiranost: prizemlje i kat<\/li>\n<li>krov: dvokapnica sa nagibom od 38\u00b0<\/li>\n<li>podna keramika povr\u0161ina: 25m\u00b2<\/li>\n<li>zidna keramika povr\u0161ina: 47 m\u00b2 (predvi\u0111eno do stropa)<\/li>\n<li>parket povr\u0161ina: 83m\u00b2<\/li>\n<\/ul>\n<h2>Bonus uz ku\u0107u &#8211; solarna elektrana<\/h2>\n<p>Izgradnjom ovog modela niskoenergetske monta\u017ene ku\u0107e, na poklon dobivate <strong>Solarnu elektrana 7kwh Viessman <\/strong>sa inverterom 5kwh.\u00a0 Za informaciju o trajanju akcije, kontaktirajte nas direktno.<\/p>\n<h3>Prizemlje<\/h3>\n<p><img decoding=\"async\" class=\"aligncenter wp-image-7469\" src=\"https:\/\/charta-nekretnine.hr\/wp-content\/uploads\/2023\/12\/tlocrt-prizemlje-1000x1000.jpg\" alt=\"Monta\u017ena ku\u0107a Smart 105 tlocrt prizemlje\" width=\"560\" height=\"498\" srcset=\"https:\/\/charta-nekretnine.hr\/wp-content\/uploads\/2023\/12\/tlocrt-prizemlje-1000x890.jpg 1000w, https:\/\/charta-nekretnine.hr\/wp-content\/uploads\/2023\/12\/tlocrt-prizemlje-1024x911.jpg 1024w, https:\/\/charta-nekretnine.hr\/wp-content\/uploads\/2023\/12\/tlocrt-prizemlje-768x683.jpg 768w, https:\/\/charta-nekretnine.hr\/wp-content\/uploads\/2023\/12\/tlocrt-prizemlje-13x12.jpg 13w, https:\/\/charta-nekretnine.hr\/wp-content\/uploads\/2023\/12\/tlocrt-prizemlje-600x534.jpg 600w, https:\/\/charta-nekretnine.hr\/wp-content\/uploads\/2023\/12\/tlocrt-prizemlje.jpg 1394w\" sizes=\"(max-width: 560px) 100vw, 560px\" \/><\/p>\n<h3>Kat<\/h3>\n<p><img decoding=\"async\" class=\"aligncenter wp-image-7470\" src=\"https:\/\/charta-nekretnine.hr\/wp-content\/uploads\/2023\/12\/tlocrt-kat-1000x890.jpg\" alt=\"tlocrt kat\" width=\"700\" height=\"623\" srcset=\"https:\/\/charta-nekretnine.hr\/wp-content\/uploads\/2023\/12\/tlocrt-kat-1000x890.jpg 1000w, https:\/\/charta-nekretnine.hr\/wp-content\/uploads\/2023\/12\/tlocrt-kat-1024x911.jpg 1024w, https:\/\/charta-nekretnine.hr\/wp-content\/uploads\/2023\/12\/tlocrt-kat-768x683.jpg 768w, https:\/\/charta-nekretnine.hr\/wp-content\/uploads\/2023\/12\/tlocrt-kat-13x12.jpg 13w, https:\/\/charta-nekretnine.hr\/wp-content\/uploads\/2023\/12\/tlocrt-kat-600x534.jpg 600w, https:\/\/charta-nekretnine.hr\/wp-content\/uploads\/2023\/12\/tlocrt-kat.jpg 1394w\" sizes=\"(max-width: 700px) 100vw, 700px\" \/><\/p>\n<p>Uz visoko kvalitetne i ekolo\u0161ki prihvatljive materijale, <strong>monta\u017ena ku\u0107a Smart 105<\/strong> daje vam priliku da do svog \u017eivotnog prostora do\u0111ete u izuzetno kratkom roku. Nakon isho\u0111enja gra\u0111evinske dozvole ku\u0107a se mo\u017ee postaviti u roku od mjesec dana.<\/p>\n<p>Prednost je monta\u017ene gradnje dvostupanjski proces izvedbe ku\u0107e.<\/p>\n<p>U proizvodnom centru glavni izvedbeni radovi traju 2 mjeseca, a monta\u017ena ku\u0107a se na terenu dovr\u0161ava jo\u0161 mjesec dana.<\/p>\n<p>Na\u0161i su kupci uvijek dobrodo\u0161li posjetiti nas tijekom proizvodnog procesa i razviti dojam svog budu\u0107eg doma. Tijekom posjeta uvijek smo spremni saslu\u0161ati \u017eelje na\u0161ih klijenata.<\/p>\n<p>Za detaljne informacije javite se na\u0161em timu stru\u010dnjaka na:<\/p>\n<div dir=\"auto\">+385 (0)91 900 1525<\/div>\n<div dir=\"auto\">+385 (0)91 944 5078<\/div>\n<div dir=\"auto\">+385 (0)95 724 2285<\/div>\n<div dir=\"auto\">Mail: info@charta-nekretnine.hr<\/div>\n<div dir=\"auto\">\n<hr \/>\n<\/div>\n<h2 dir=\"auto\">Monta\u017ena ku\u0107a Smart 105 &#8211; prednosti<\/h2>\n<h3>Optimalan raspored prostorija<\/h3>\n<p>Dom je vi\u0161e od zbroja prostorija. Imaju\u0107i u vidu potrebe razli\u010ditih profila kupaca, stvorili smo koncept sa visokom proto\u010dno\u0161\u0107u kroz prostorije uz maksimalnu iskori\u0161tenost prostora.<\/p>\n<p>Spojili smo potrebu prostranosti i slobode kretanja sa raznim, pametnim rje\u0161enjima prostora za pohranu. Ekskluzivnost smo uklopili u razboritost.<\/p>\n<h3>Podno grijanje<\/h3>\n<p>Podno grijanje sprovedeno je po cijelom objektu sa svom pripadaju\u0107om opremom tako da <strong>monta\u017ena ku\u0107a Smart 105<\/strong> nudi toplinu gdjegod se nalazili. Sustav omogu\u0107uje ru\u010dno individualno pode\u0161avanje temperature u pojedinoj prostoriji.<\/p>\n<p>Sustav grijanja uklju\u010duje panele za podno grijanje, cijevi, razvodni set za podno grijanje, pri\u010dvrsne spojnice, kuglasti ventil za zatvaranje i razvodna kutija za podno grijanje.<\/p>\n<h3>Toplinska pumpa<\/h3>\n<p>Dizalica topline: Vitocal 111-S, Tip AWBT-M-E-AC 111.B06<\/p>\n<p>Kompaktna split dizalica topline zrak\/voda za grijanje i hla\u0111enje, s integriranim grija\u010dem &#8211; sanitarna voda volumen 220 litara, visoko u\u010dinkovita cirkulacija.<\/p>\n<p>Regulacija Vitotronic 200 za rad kontroliran vremenskim uvjetima s vanjskim senzorom temperature i integriranim proto\u010dnim grija\u010dima vode.<\/p>\n<h3>Sustav ventilacije<\/h3>\n<p>Ure\u0111aj za ventilaciju: VIESSMANN Vitovent 200-C, Tip H11S A200,\u00a0 sa\u00a0digitalnom regulacijom nivoa protoka.<\/p>\n<p>Centralna priprema za ventilaciju s povratom topline, volumetrijski protok zraka do 200 m3\/h, za stambene jedinice do 120 m2, sa 4 mlaznice DN 125.<\/p>\n<h3>Do svog doma u tren oka<\/h3>\n<p>Gradimo tijekom cijele godine, a sama gradnja traje do 3 mjeseca.<\/p>\n<p>Kada <strong>monta\u017ena ku\u0107a Smart 105<\/strong> postane va\u0161 odabir, u ku\u0107u se mo\u017eete useliti u najkra\u0107em roku.<\/p>\n<p>Bez poslova sa strane i dodatnog stresa, va\u0161a ku\u0107a postaje dom ve\u0107 mjesec dana nakon isho\u0111enja gra\u0111evinske dozvole.<\/p>\n<h3>Unutarnje ure\u0111enje &#8211; va\u0161 odabir<\/h3>\n<p>Da va\u0161 novi dom bude odraz va\u0161eg stila za vas smo pripremili brojne opcije unutarnjeg ure\u0111enja.<\/p>\n<h3>Sigurnost na prvom mjestu<\/h3>\n<p>Iskustvo i tradicija gradnje dovela nas je do tehnologije i kori\u0161tenja materijala koji su bitni za o\u010duvanje zdravlja i sigurnost svih uku\u0107ana.<\/p>\n<p>Prozra\u010dna i ugodna za cjelo\u017eivotni boravak, <strong>monta\u017ena ku\u0107a Smart 105<\/strong> ne stvara vlagu, a nezapaljivi izolacijski materijali jamstvo su va\u0161e sigurnosti.<\/p>\n<p>Za sva va\u0161a pitanja na raspolaganju smo od ponedjeljka do subote. Kontaktirati nas mo\u017eete na:<\/p>\n<div dir=\"auto\">+385 098 438 091<\/div>\n<div dir=\"auto\">Mail: info@charta-nekretnine.hr<\/div>\n<div dir=\"auto\"><\/div>\n<div dir=\"auto\">Najnovije objave i projekte izgradnje pratite na na\u0161em profilu <a title=\"Charta monta\u017ene ku\u0107e\" href=\"https:\/\/www.facebook.com\/ChartaHomes\" target=\"_blank\" rel=\"noopener\"><strong>Charta Homes<\/strong><\/a><\/div>","protected":false},"featured_media":7481,"template":"","meta":{"_acf_changed":false,"ocean_post_layout":"","ocean_both_sidebars_style":"","ocean_both_sidebars_content_width":0,"ocean_both_sidebars_sidebars_width":0,"ocean_sidebar":"0","ocean_second_sidebar":"0","ocean_disable_margins":"enable","ocean_add_body_class":"","ocean_shortcode_before_top_bar":"","ocean_shortcode_after_top_bar":"","ocean_shortcode_before_header":"","ocean_shortcode_after_header":"","ocean_has_shortcode":"","ocean_shortcode_after_title":"","ocean_shortcode_before_footer_widgets":"","ocean_shortcode_after_footer_widgets":"","ocean_shortcode_before_footer_bottom":"","ocean_shortcode_after_footer_bottom":"","ocean_display_top_bar":"default","ocean_display_header":"default","ocean_header_style":"","ocean_center_header_left_menu":"0","ocean_custom_header_template":"0","ocean_custom_logo":0,"ocean_custom_retina_logo":0,"ocean_custom_logo_max_width":0,"ocean_custom_logo_tablet_max_width":0,"ocean_custom_logo_mobile_max_width":0,"ocean_custom_logo_max_height":0,"ocean_custom_logo_tablet_max_height":0,"ocean_custom_logo_mobile_max_height":0,"ocean_header_custom_menu":"0","ocean_menu_typo_font_family":"0","ocean_menu_typo_font_subset":"","ocean_menu_typo_font_size":0,"ocean_menu_typo_font_size_tablet":0,"ocean_menu_typo_font_size_mobile":0,"ocean_menu_typo_font_size_unit":"px","ocean_menu_typo_font_weight":"","ocean_menu_typo_font_weight_tablet":"","ocean_menu_typo_font_weight_mobile":"","ocean_menu_typo_transform":"","ocean_menu_typo_transform_tablet":"","ocean_menu_typo_transform_mobile":"","ocean_menu_typo_line_height":0,"ocean_menu_typo_line_height_tablet":0,"ocean_menu_typo_line_height_mobile":0,"ocean_menu_typo_line_height_unit":"","ocean_menu_typo_spacing":0,"ocean_menu_typo_spacing_tablet":0,"ocean_menu_typo_spacing_mobile":0,"ocean_menu_typo_spacing_unit":"","ocean_menu_link_color":"","ocean_menu_link_color_hover":"","ocean_menu_link_color_active":"","ocean_menu_link_background":"","ocean_menu_link_hover_background":"","ocean_menu_link_active_background":"","ocean_menu_social_links_bg":"","ocean_menu_social_hover_links_bg":"","ocean_menu_social_links_color":"","ocean_menu_social_hover_links_color":"","ocean_disable_title":"default","ocean_disable_heading":"default","ocean_post_title":"","ocean_post_subheading":"","ocean_post_title_style":"","ocean_post_title_background_color":"","ocean_post_title_background":0,"ocean_post_title_bg_image_position":"","ocean_post_title_bg_image_attachment":"","ocean_post_title_bg_image_repeat":"","ocean_post_title_bg_image_size":"","ocean_post_title_height":0,"ocean_post_title_bg_overlay":0.5,"ocean_post_title_bg_overlay_color":"","ocean_disable_breadcrumbs":"default","ocean_breadcrumbs_color":"","ocean_breadcrumbs_separator_color":"","ocean_breadcrumbs_links_color":"","ocean_breadcrumbs_links_hover_color":"","ocean_display_footer_widgets":"default","ocean_display_footer_bottom":"default","ocean_custom_footer_template":"0"},"product_brand":[],"product_cat":[22],"product_tag":[320],"class_list":{"0":"post-7468","1":"product","2":"type-product","3":"status-publish","4":"has-post-thumbnail","6":"product_cat-kuca","7":"product_tag-prodaja-kuca-i-vila","8":"pa_broj-kupaonica-1-plus-wc","9":"pa_broj-spavacih-soba-53","10":"pa_cijena-188-000","11":"pa_drzava-hrvatska","12":"pa_kvadratura-130","13":"pa_stanje-objekta-novogradnja","14":"pa_vrsta-objave-prodaja","16":"entry","17":"has-media","19":"first","20":"instock","21":"shipping-taxable","22":"purchasable","23":"product-type-simple","24":"has-product-nav","25":"col","26":"span_1_of_3","27":"owp-content-center","28":"owp-thumbs-layout-horizontal","29":"owp-btn-normal","30":"owp-tabs-layout-horizontal"},"acf":[],"jetpack_sharing_enabled":true,"_links":{"self":[{"href":"https:\/\/charta-nekretnine.hr\/en\/wp-json\/wp\/v2\/product\/7468","targetHints":{"allow":["GET"]}}],"collection":[{"href":"https:\/\/charta-nekretnine.hr\/en\/wp-json\/wp\/v2\/product"}],"about":[{"href":"https:\/\/charta-nekretnine.hr\/en\/wp-json\/wp\/v2\/types\/product"}],"wp:featuredmedia":[{"embeddable":true,"href":"https:\/\/charta-nekretnine.hr\/en\/wp-json\/wp\/v2\/media\/7481"}],"wp:attachment":[{"href":"https:\/\/charta-nekretnine.hr\/en\/wp-json\/wp\/v2\/media?parent=7468"}],"wp:term":[{"taxonomy":"product_brand","embeddable":true,"href":"https:\/\/charta-nekretnine.hr\/en\/wp-json\/wp\/v2\/product_brand?post=7468"},{"taxonomy":"product_cat","embeddable":true,"href":"https:\/\/charta-nekretnine.hr\/en\/wp-json\/wp\/v2\/product_cat?post=7468"},{"taxonomy":"product_tag","embeddable":true,"href":"https:\/\/charta-nekretnine.hr\/en\/wp-json\/wp\/v2\/product_tag?post=7468"}],"curies":[{"name":"wp","href":"https:\/\/api.w.org\/{rel}","templated":true}]}}