{"id":7510,"date":"2023-12-28T13:09:36","date_gmt":"2023-12-28T13:09:36","guid":{"rendered":"https:\/\/charta-nekretnine.hr\/?post_type=product&#038;p=7510"},"modified":"2025-02-12T13:54:26","modified_gmt":"2025-02-12T13:54:26","slug":"mobilne-kucice-u-kampu-ana-prodaja","status":"publish","type":"product","link":"https:\/\/charta-nekretnine.hr\/en\/product\/mobilne-kucice-u-kampu-ana-prodaja\/","title":{"rendered":"Mobilne ku\u0107ice u kampu Ana &#8211; Pirovac 2027"},"content":{"rendered":"","protected":false},"excerpt":{"rendered":"<h1>Mobilne ku\u0107ice u kampu Ana<\/h1>\n<p>U ponudi su mobilne ku\u0107ice u obiteljskom kampu Ana.<\/p>\n<p>Kamp se nalazi u Pirovcu, nedaleko od marine i na 2 minute hoda od centra Pirovca. Najbli\u017ea ure\u0111ena pla\u017ea Loli\u0107 udaljena je svega 200 metara od lokacije mobilnih ku\u0107ica.<\/p>\n<h2>Namjena mobilnih ku\u0107ica<\/h2>\n<p>Mobilne ku\u0107ice se prodaju kao investicija u njihovo turisti\u010dko iznajmljivanje. Nudimo vam mogu\u0107nost da posjedujete svoju ku\u0107icu za odmor uz more u ure\u0111enom kampu Ana. Ovisno o va\u0161im prioritetima, uz na\u0161u asistenciju i dobar plan mo\u017eete osigurati svoje mjesto uz more na 10 godina i vi\u0161e sa minimalnim ulaganjem.<\/p>\n<p>Dodatna pogodnost je da svoju ku\u0107icu mo\u017eete dati u najam u vrijeme kada ju ne koristite za sebe, svoje prijatelje ili rodbinu.<\/p>\n<p>Pripadate li investitorima koji tra\u017ee priliku za stabilan povrat investicije, najmom mobilne ku\u0107ice kroz period ugovora ostvarujete povrat kroz 4 do 7 godina. Ugovor se potpisuje na 10 godina uz mogu\u0107nost produljenja<\/p>\n<h2>\u0160to dobivate ulaganjem u mobilne ku\u0107ice u kampu Ana?<\/h2>\n<div class=\"x11i5rnm xat24cr x1mh8g0r x1vvkbs xtlvy1s x126k92a\">\n<div dir=\"auto\"><span class=\"x3nfvp2 x1j61x8r x1fcty0u xdj266r xhhsvwb xat24cr xgzva0m xxymvpz xlup9mm x1kky2od\"><img decoding=\"async\" class=\"xz74otr\" src=\"https:\/\/static.xx.fbcdn.net\/images\/emoji.php\/v9\/t2b\/3\/16\/1f533.png\" alt=\"\ud83d\udd33\" width=\"16\" height=\"16\" \/><\/span> Parcelu na 10 godina (plus produljenje po dogovoru)<\/div>\n<div dir=\"auto\"><span class=\"x3nfvp2 x1j61x8r x1fcty0u xdj266r xhhsvwb xat24cr xgzva0m xxymvpz xlup9mm x1kky2od\"><img decoding=\"async\" class=\"xz74otr\" src=\"https:\/\/static.xx.fbcdn.net\/images\/emoji.php\/v9\/t2b\/3\/16\/1f533.png\" alt=\"\ud83d\udd33\" width=\"16\" height=\"16\" \/><\/span> Mobilnu ku\u0107icu elegantnog dizajna<\/div>\n<div dir=\"auto\"><span class=\"x3nfvp2 x1j61x8r x1fcty0u xdj266r xhhsvwb xat24cr xgzva0m xxymvpz xlup9mm x1kky2od\"><img decoding=\"async\" class=\"xz74otr\" src=\"https:\/\/static.xx.fbcdn.net\/images\/emoji.php\/v9\/t2b\/3\/16\/1f533.png\" alt=\"\ud83d\udd33\" width=\"16\" height=\"16\" \/><\/span> Mjesto u kampu blizu lokalnim sadr\u017eajima<\/div>\n<div dir=\"auto\"><span class=\"x3nfvp2 x1j61x8r x1fcty0u xdj266r xhhsvwb xat24cr xgzva0m xxymvpz xlup9mm x1kky2od\"><img decoding=\"async\" class=\"xz74otr\" src=\"https:\/\/static.xx.fbcdn.net\/images\/emoji.php\/v9\/t2b\/3\/16\/1f533.png\" alt=\"\ud83d\udd33\" width=\"16\" height=\"16\" \/><\/span> Lokaciju uz more<\/div>\n<div dir=\"auto\"><span class=\"x3nfvp2 x1j61x8r x1fcty0u xdj266r xhhsvwb xat24cr xgzva0m xxymvpz xlup9mm x1kky2od\"><img decoding=\"async\" class=\"xz74otr\" src=\"https:\/\/static.xx.fbcdn.net\/images\/emoji.php\/v9\/t2b\/3\/16\/1f533.png\" alt=\"\ud83d\udd33\" width=\"16\" height=\"16\" \/><\/span> Savjetovanje i vodstvo na\u0161eg tima stru\u010dnjaka<\/div>\n<hr \/>\n<\/div>\n<div class=\"x11i5rnm xat24cr x1mh8g0r x1vvkbs xtlvy1s x126k92a\">\n<div dir=\"auto\">Za ku\u0107icu mo\u017eete dogovoriti Paket upravljanja:<\/div>\n<\/div>\n<div class=\"x11i5rnm xat24cr x1mh8g0r x1vvkbs xtlvy1s x126k92a\">\n<div dir=\"auto\"><span class=\"x3nfvp2 x1j61x8r x1fcty0u xdj266r xhhsvwb xat24cr xgzva0m xxymvpz xlup9mm x1kky2od\"><img decoding=\"async\" class=\"xz74otr\" src=\"https:\/\/static.xx.fbcdn.net\/images\/emoji.php\/v9\/t2b\/3\/16\/1f533.png\" alt=\"\ud83d\udd33\" width=\"16\" height=\"16\" \/><\/span> organizacija sustava rezerviranja <span class=\"x3nfvp2 x1j61x8r x1fcty0u xdj266r xhhsvwb xat24cr xgzva0m xxymvpz xlup9mm x1kky2od\"><img decoding=\"async\" class=\"xz74otr\" src=\"https:\/\/static.xx.fbcdn.net\/images\/emoji.php\/v9\/tbc\/3\/16\/1f4c5.png\" alt=\"\ud83d\udcc5\" width=\"16\" height=\"16\" \/><\/span><\/div>\n<div dir=\"auto\"><span class=\"x3nfvp2 x1j61x8r x1fcty0u xdj266r xhhsvwb xat24cr xgzva0m xxymvpz xlup9mm x1kky2od\"><img decoding=\"async\" class=\"xz74otr\" src=\"https:\/\/static.xx.fbcdn.net\/images\/emoji.php\/v9\/t2b\/3\/16\/1f533.png\" alt=\"\ud83d\udd33\" width=\"16\" height=\"16\" \/><\/span> prijava\/odjava gostiju <span class=\"x3nfvp2 x1j61x8r x1fcty0u xdj266r xhhsvwb xat24cr xgzva0m xxymvpz xlup9mm x1kky2od\"><img decoding=\"async\" class=\"xz74otr\" src=\"https:\/\/static.xx.fbcdn.net\/images\/emoji.php\/v9\/t8f\/3\/16\/2611.png\" alt=\"\u2611\ufe0f\" width=\"16\" height=\"16\" \/><\/span><\/div>\n<div dir=\"auto\"><span class=\"x3nfvp2 x1j61x8r x1fcty0u xdj266r xhhsvwb xat24cr xgzva0m xxymvpz xlup9mm x1kky2od\"><img decoding=\"async\" class=\"xz74otr\" src=\"https:\/\/static.xx.fbcdn.net\/images\/emoji.php\/v9\/t2b\/3\/16\/1f533.png\" alt=\"\ud83d\udd33\" width=\"16\" height=\"16\" \/><\/span> usluga \u010di\u0161\u0107enja <span class=\"x3nfvp2 x1j61x8r x1fcty0u xdj266r xhhsvwb xat24cr xgzva0m xxymvpz xlup9mm x1kky2od\"><img loading=\"lazy\" decoding=\"async\" class=\"xz74otr\" src=\"https:\/\/static.xx.fbcdn.net\/images\/emoji.php\/v9\/te2\/3\/16\/1f9f9.png\" alt=\"\ud83e\uddf9\" width=\"16\" height=\"16\" \/><\/span><\/div>\n<div dir=\"auto\"><span class=\"x3nfvp2 x1j61x8r x1fcty0u xdj266r xhhsvwb xat24cr xgzva0m xxymvpz xlup9mm x1kky2od\"><img decoding=\"async\" class=\"xz74otr\" src=\"https:\/\/static.xx.fbcdn.net\/images\/emoji.php\/v9\/t2b\/3\/16\/1f533.png\" alt=\"\ud83d\udd33\" width=\"16\" height=\"16\" \/><\/span> promotivna snimanja <span class=\"x3nfvp2 x1j61x8r x1fcty0u xdj266r xhhsvwb xat24cr xgzva0m xxymvpz xlup9mm x1kky2od\"><img loading=\"lazy\" decoding=\"async\" class=\"xz74otr\" src=\"https:\/\/static.xx.fbcdn.net\/images\/emoji.php\/v9\/t9b\/3\/16\/1f4f7.png\" alt=\"\ud83d\udcf7\" width=\"16\" height=\"16\" \/><\/span><\/div>\n<hr \/>\n<p dir=\"auto\">Zanima li vas investicija u turisti\u010dke smje\u0161tajne jedinice uz samo more, sigurno \u017eelite znati odgovore na ova pitanja:<\/p>\n<\/div>\n<div class=\"x11i5rnm xat24cr x1mh8g0r x1vvkbs xtlvy1s x126k92a\">\n<div dir=\"auto\"><span class=\"x3nfvp2 x1j61x8r x1fcty0u xdj266r xhhsvwb xat24cr xgzva0m xxymvpz xlup9mm x1kky2od\"><img loading=\"lazy\" decoding=\"async\" class=\"xz74otr\" src=\"https:\/\/static.xx.fbcdn.net\/images\/emoji.php\/v9\/t72\/3\/16\/1f518.png\" alt=\"\ud83d\udd18\" width=\"16\" height=\"16\" \/><\/span> \u0160to je pau\u0161al?<\/div>\n<div dir=\"auto\"><span class=\"x3nfvp2 x1j61x8r x1fcty0u xdj266r xhhsvwb xat24cr xgzva0m xxymvpz xlup9mm x1kky2od\"><img decoding=\"async\" class=\"xz74otr\" src=\"https:\/\/static.xx.fbcdn.net\/images\/emoji.php\/v9\/t8f\/3\/16\/2611.png\" alt=\"\u2611\ufe0f\" width=\"16\" height=\"16\" \/><\/span> O pau\u0161alu vi\u0161e pro\u010ditajte u na\u0161em blogu: <a class=\"x1i10hfl xjbqb8w x6umtig x1b1mbwd xaqea5y xav7gou x9f619 x1ypdohk xt0psk2 xe8uvvx xdj266r x11i5rnm xat24cr x1mh8g0r xexx8yu x4uap5 x18d9i69 xkhd6sd x16tdsg8 x1hl2dhg xggy1nq x1a2a7pz xt0b8zv x1fey0fg\" tabindex=\"0\" role=\"link\" href=\"https:\/\/charta-nekretnine.hr\/en\/2023\/04\/28\/zasto-se-placa-pausal-za-mobilne-kucice-u-kampovima\/?fbclid=IwAR3E6vPg2fUeiuwyNNAY3Ld3ltEp-AovZ_cQb3ZvBZDuL6uAlkWsAOV91tA\" target=\"_blank\" rel=\"nofollow noopener noreferrer\">https:\/\/charta-nekretnine.hr\/&#8230;\/zasto-se-placa-pausal&#8230;\/<\/a><\/div>\n<\/div>\n<div class=\"x11i5rnm xat24cr x1mh8g0r x1vvkbs xtlvy1s x126k92a\">\n<div dir=\"auto\"><span class=\"x3nfvp2 x1j61x8r x1fcty0u xdj266r xhhsvwb xat24cr xgzva0m xxymvpz xlup9mm x1kky2od\"><img loading=\"lazy\" decoding=\"async\" class=\"xz74otr\" src=\"https:\/\/static.xx.fbcdn.net\/images\/emoji.php\/v9\/t72\/3\/16\/1f518.png\" alt=\"\ud83d\udd18\" width=\"16\" height=\"16\" \/><\/span> Za koliko mogu vratiti ulo\u017eeno?<\/div>\n<div dir=\"auto\"><span class=\"x3nfvp2 x1j61x8r x1fcty0u xdj266r xhhsvwb xat24cr xgzva0m xxymvpz xlup9mm x1kky2od\"><img decoding=\"async\" class=\"xz74otr\" src=\"https:\/\/static.xx.fbcdn.net\/images\/emoji.php\/v9\/t8f\/3\/16\/2611.png\" alt=\"\u2611\ufe0f\" width=\"16\" height=\"16\" \/><\/span> O\u010dekivani povrat investicije je 4 do 7 godina<\/div>\n<\/div>\n<div class=\"x11i5rnm xat24cr x1mh8g0r x1vvkbs xtlvy1s x126k92a\">\n<div dir=\"auto\"><span class=\"x3nfvp2 x1j61x8r x1fcty0u xdj266r xhhsvwb xat24cr xgzva0m xxymvpz xlup9mm x1kky2od\"><img loading=\"lazy\" decoding=\"async\" class=\"xz74otr\" src=\"https:\/\/static.xx.fbcdn.net\/images\/emoji.php\/v9\/t72\/3\/16\/1f518.png\" alt=\"\ud83d\udd18\" width=\"16\" height=\"16\" \/><\/span> Mogu li boraviti u mobilnoj ku\u0107ici?<\/div>\n<div dir=\"auto\"><span class=\"x3nfvp2 x1j61x8r x1fcty0u xdj266r xhhsvwb xat24cr xgzva0m xxymvpz xlup9mm x1kky2od\"><img decoding=\"async\" class=\"xz74otr\" src=\"https:\/\/static.xx.fbcdn.net\/images\/emoji.php\/v9\/t8f\/3\/16\/2611.png\" alt=\"\u2611\ufe0f\" width=\"16\" height=\"16\" \/><\/span> Naravno, mo\u017eete kombinirati najam ku\u0107ice, boraviti u njoj ili pozvati prijatelje i rodbinu da odsjednu u njoj?<\/div>\n<\/div>\n<div class=\"x11i5rnm xat24cr x1mh8g0r x1vvkbs xtlvy1s x126k92a\">\n<div dir=\"auto\"><span class=\"x3nfvp2 x1j61x8r x1fcty0u xdj266r xhhsvwb xat24cr xgzva0m xxymvpz xlup9mm x1kky2od\"><img loading=\"lazy\" decoding=\"async\" class=\"xz74otr\" src=\"https:\/\/static.xx.fbcdn.net\/images\/emoji.php\/v9\/t72\/3\/16\/1f518.png\" alt=\"\ud83d\udd18\" width=\"16\" height=\"16\" \/><\/span> \u010cija su mobilne ku\u0107ice u kampu Ana?<\/div>\n<div dir=\"auto\"><span class=\"x3nfvp2 x1j61x8r x1fcty0u xdj266r xhhsvwb xat24cr xgzva0m xxymvpz xlup9mm x1kky2od\"><img decoding=\"async\" class=\"xz74otr\" src=\"https:\/\/static.xx.fbcdn.net\/images\/emoji.php\/v9\/t8f\/3\/16\/2611.png\" alt=\"\u2611\ufe0f\" width=\"16\" height=\"16\" \/><\/span> Va\u0161e! Velika je prednost ovog na\u010dina investiranja \u0161to ku\u0107icu mo\u017eete prodati i time jo\u0161 pove\u0107ati svoju dobit.<\/div>\n<\/div>\n<div class=\"x11i5rnm xat24cr x1mh8g0r x1vvkbs xtlvy1s x126k92a\">\n<div dir=\"auto\"><span class=\"x3nfvp2 x1j61x8r x1fcty0u xdj266r xhhsvwb xat24cr xgzva0m xxymvpz xlup9mm x1kky2od\"><img loading=\"lazy\" decoding=\"async\" class=\"xz74otr\" src=\"https:\/\/static.xx.fbcdn.net\/images\/emoji.php\/v9\/t72\/3\/16\/1f518.png\" alt=\"\ud83d\udd18\" width=\"16\" height=\"16\" \/><\/span> Da li je i parcela u kampu moja?<\/div>\n<div dir=\"auto\"><span class=\"x3nfvp2 x1j61x8r x1fcty0u xdj266r xhhsvwb xat24cr xgzva0m xxymvpz xlup9mm x1kky2od\"><img decoding=\"async\" class=\"xz74otr\" src=\"https:\/\/static.xx.fbcdn.net\/images\/emoji.php\/v9\/t8f\/3\/16\/2611.png\" alt=\"\u2611\ufe0f\" width=\"16\" height=\"16\" \/><\/span> Ne! Zemlji\u0161te kampa privatno je vlasni\u0161tvo koje se daje u zakup na odre\u0111eni broj godina.<\/div>\n<\/div>\n<div class=\"x11i5rnm xat24cr x1mh8g0r x1vvkbs xtlvy1s x126k92a\">\n<div dir=\"auto\"><span class=\"x3nfvp2 x1j61x8r x1fcty0u xdj266r xhhsvwb xat24cr xgzva0m xxymvpz xlup9mm x1kky2od\"><img loading=\"lazy\" decoding=\"async\" class=\"xz74otr\" src=\"https:\/\/static.xx.fbcdn.net\/images\/emoji.php\/v9\/t72\/3\/16\/1f518.png\" alt=\"\ud83d\udd18\" width=\"16\" height=\"16\" \/><\/span> Isplati li se ulagati u mobilne ku\u0107ice u kampu Ana?<\/div>\n<div dir=\"auto\"><span class=\"x3nfvp2 x1j61x8r x1fcty0u xdj266r xhhsvwb xat24cr xgzva0m xxymvpz xlup9mm x1kky2od\"><img decoding=\"async\" class=\"xz74otr\" src=\"https:\/\/static.xx.fbcdn.net\/images\/emoji.php\/v9\/t8f\/3\/16\/2611.png\" alt=\"\u2611\ufe0f\" width=\"16\" height=\"16\" \/><\/span> Nazovite nas i saznajte detalje na\u0161e ponude!<\/div>\n<p dir=\"auto\">\n<\/div>\n<div class=\"x11i5rnm xat24cr x1mh8g0r x1vvkbs xtlvy1s x126k92a\">\n<div dir=\"auto\">Za sve detalje i informacije o kampu Ana, mobilnim ku\u0107icama i investicijskom ciklusu, na raspolaganju smo vam:<\/div>\n<div dir=\"auto\">+385 (0)91 900 1525<br \/>\n+385 (0)99 366 4412<br \/>\n+385 (0)99 738 5893<br \/>\n+385 (0)95 724 2285<\/div>\n<div dir=\"auto\">info@charta-nekretnine.hr<\/div>\n<\/div>","protected":false},"featured_media":8966,"template":"","meta":{"_acf_changed":false,"ocean_post_layout":"","ocean_both_sidebars_style":"","ocean_both_sidebars_content_width":0,"ocean_both_sidebars_sidebars_width":0,"ocean_sidebar":"0","ocean_second_sidebar":"0","ocean_disable_margins":"enable","ocean_add_body_class":"","ocean_shortcode_before_top_bar":"","ocean_shortcode_after_top_bar":"","ocean_shortcode_before_header":"","ocean_shortcode_after_header":"","ocean_has_shortcode":"","ocean_shortcode_after_title":"","ocean_shortcode_before_footer_widgets":"","ocean_shortcode_after_footer_widgets":"","ocean_shortcode_before_footer_bottom":"","ocean_shortcode_after_footer_bottom":"","ocean_display_top_bar":"default","ocean_display_header":"default","ocean_header_style":"","ocean_center_header_left_menu":"0","ocean_custom_header_template":"0","ocean_custom_logo":0,"ocean_custom_retina_logo":0,"ocean_custom_logo_max_width":0,"ocean_custom_logo_tablet_max_width":0,"ocean_custom_logo_mobile_max_width":0,"ocean_custom_logo_max_height":0,"ocean_custom_logo_tablet_max_height":0,"ocean_custom_logo_mobile_max_height":0,"ocean_header_custom_menu":"0","ocean_menu_typo_font_family":"0","ocean_menu_typo_font_subset":"","ocean_menu_typo_font_size":0,"ocean_menu_typo_font_size_tablet":0,"ocean_menu_typo_font_size_mobile":0,"ocean_menu_typo_font_size_unit":"px","ocean_menu_typo_font_weight":"","ocean_menu_typo_font_weight_tablet":"","ocean_menu_typo_font_weight_mobile":"","ocean_menu_typo_transform":"","ocean_menu_typo_transform_tablet":"","ocean_menu_typo_transform_mobile":"","ocean_menu_typo_line_height":0,"ocean_menu_typo_line_height_tablet":0,"ocean_menu_typo_line_height_mobile":0,"ocean_menu_typo_line_height_unit":"","ocean_menu_typo_spacing":0,"ocean_menu_typo_spacing_tablet":0,"ocean_menu_typo_spacing_mobile":0,"ocean_menu_typo_spacing_unit":"","ocean_menu_link_color":"","ocean_menu_link_color_hover":"","ocean_menu_link_color_active":"","ocean_menu_link_background":"","ocean_menu_link_hover_background":"","ocean_menu_link_active_background":"","ocean_menu_social_links_bg":"","ocean_menu_social_hover_links_bg":"","ocean_menu_social_links_color":"","ocean_menu_social_hover_links_color":"","ocean_disable_title":"default","ocean_disable_heading":"default","ocean_post_title":"","ocean_post_subheading":"","ocean_post_title_style":"","ocean_post_title_background_color":"","ocean_post_title_background":0,"ocean_post_title_bg_image_position":"","ocean_post_title_bg_image_attachment":"","ocean_post_title_bg_image_repeat":"","ocean_post_title_bg_image_size":"","ocean_post_title_height":0,"ocean_post_title_bg_overlay":0.5,"ocean_post_title_bg_overlay_color":"","ocean_disable_breadcrumbs":"default","ocean_breadcrumbs_color":"","ocean_breadcrumbs_separator_color":"","ocean_breadcrumbs_links_color":"","ocean_breadcrumbs_links_hover_color":"","ocean_display_footer_widgets":"default","ocean_display_footer_bottom":"default","ocean_custom_footer_template":"0"},"product_brand":[],"product_cat":[265],"product_tag":[272],"class_list":{"0":"post-7510","1":"product","2":"type-product","3":"status-publish","4":"has-post-thumbnail","6":"product_cat-mobilne-kucice","7":"product_tag-prodaja-mobilnih-kucica","8":"pa_broj-kupaonica-60","9":"pa_broj-spavacih-soba-52","10":"pa_cijena-32-000-plus-pdv","11":"pa_kvadratura-251","12":"pa_mjesto-pirovac","14":"entry","15":"has-media","17":"first","18":"instock","19":"shipping-taxable","20":"purchasable","21":"product-type-simple","22":"has-product-nav","23":"col","24":"span_1_of_3","25":"owp-content-center","26":"owp-thumbs-layout-horizontal","27":"owp-btn-normal","28":"owp-tabs-layout-horizontal"},"acf":[],"jetpack_sharing_enabled":true,"_links":{"self":[{"href":"https:\/\/charta-nekretnine.hr\/en\/wp-json\/wp\/v2\/product\/7510","targetHints":{"allow":["GET"]}}],"collection":[{"href":"https:\/\/charta-nekretnine.hr\/en\/wp-json\/wp\/v2\/product"}],"about":[{"href":"https:\/\/charta-nekretnine.hr\/en\/wp-json\/wp\/v2\/types\/product"}],"wp:featuredmedia":[{"embeddable":true,"href":"https:\/\/charta-nekretnine.hr\/en\/wp-json\/wp\/v2\/media\/8966"}],"wp:attachment":[{"href":"https:\/\/charta-nekretnine.hr\/en\/wp-json\/wp\/v2\/media?parent=7510"}],"wp:term":[{"taxonomy":"product_brand","embeddable":true,"href":"https:\/\/charta-nekretnine.hr\/en\/wp-json\/wp\/v2\/product_brand?post=7510"},{"taxonomy":"product_cat","embeddable":true,"href":"https:\/\/charta-nekretnine.hr\/en\/wp-json\/wp\/v2\/product_cat?post=7510"},{"taxonomy":"product_tag","embeddable":true,"href":"https:\/\/charta-nekretnine.hr\/en\/wp-json\/wp\/v2\/product_tag?post=7510"}],"curies":[{"name":"wp","href":"https:\/\/api.w.org\/{rel}","templated":true}]}}