{"id":7522,"date":"2024-01-08T05:11:34","date_gmt":"2024-01-08T05:11:34","guid":{"rendered":"https:\/\/charta-nekretnine.hr\/?post_type=product&#038;p=7522"},"modified":"2024-09-18T08:47:45","modified_gmt":"2024-09-18T08:47:45","slug":"mobilne-kucice-u-kampu-lijep-pogled","status":"publish","type":"product","link":"https:\/\/charta-nekretnine.hr\/en\/product\/mobilne-kucice-u-kampu-lijep-pogled\/","title":{"rendered":"Mobilne ku\u0107ice u kampu sa jedinstvenim pogledom"},"content":{"rendered":"","protected":false},"excerpt":{"rendered":"<h1>Mobilne ku\u0107ice u kampu sa 2 pogleda<\/h1>\n<p>Na pola puta\u00a0 izme\u0111u <strong>Vranskog jezera i mora<\/strong> nalazi se novi turisti\u010dko &#8211; investicijski projekt <strong>&#8220;Kamp Antonio&#8221;<\/strong>. Lagana uzvisina same lokacije, pru\u017ea jedinstvenu vizualnu prednost za sve budu\u0107e vlasnike mobilnih ku\u0107ica i njihove goste.<\/p>\n<h2>Projekt &#8220;ANTONIO kamp&#8221;<\/h2>\n<p>U ponudi je 8 parcela u kampu te mobilne ku\u0107ice koje se nove isporu\u010duju na pripadaju\u0107u parcelu. Kupac mobilne ku\u0107ice potpisuje ugovor o zakupu parcele sa vlasnikom kampa na 10 godina. Istekom 10 godina, ugovor se mo\u017ee sporazumno produ\u017eiti.<\/p>\n<p>Mobilne ku\u0107ice u kampu prvenstveno su namijenjene turisti\u010dkom iznajmljivanju. Njihov ih vlasnik mo\u017ee koristiti za privatan boravak ili ih iznajmljivati koliko god tijekom godine \u017eeli.<\/p>\n<h3>Osnovne informacije<\/h3>\n<p>Lokacija kampa je u Dragama, nadomak Pako\u0161tana na morskom pojasu koji se nalazi izme\u0111u Zadra i \u0160ibenika. Mobilne ku\u0107ice u kampu su podjednako udaljene (800 m) od mora i Vranskog jezera.<\/p>\n<ul>\n<li><strong>\u2022\u00a0<\/strong>cijena mobilne ku\u0107ice: 32.000 \u20ac plus pdv<\/li>\n<li><strong>\u2022 <\/strong>pau\u0161al za prvu godinu: 2.000 \u20ac<\/li>\n<li><strong>\u2022<\/strong> pau\u0161al za ostalih 9 godina: 4.000 \u20ac godi\u0161nje<\/li>\n<li><strong>\u2022<\/strong> dimenzija mobilne ku\u0107ice u kampu: 8 x 3 m<\/li>\n<li><strong>\u2022<\/strong> terasa: natkrivena 8 x 3 m<\/li>\n<li><strong>\u2022\u00a0<\/strong>pogled na more: DA<\/li>\n<li><strong>\u2022 <\/strong>trajanje ugovora: 10 godina<\/li>\n<li><strong>\u2022\u00a0<\/strong>produljenje ugovora: mogu\u0107 dogovor<\/li>\n<li><strong>\u2022\u00a0<\/strong>period rada: kamp je otvoren cijele godine<\/li>\n<\/ul>\n<h2>Najbolja praksa iznajmljivanja mobilne ku\u0107ice u kampu<\/h2>\n<p>Kamp je otvoren i mo\u017ee primati goste tijekom cijele godine. Odlu\u010dite li se isklju\u010divo na iznajmljivanje ku\u0107ice, ra\u010dunajte na minimalnu popunjenost od 100 dana tijekom godine.<\/p>\n<p>Mobilne ku\u0107ice mo\u017eete korisiti za privatan boravak, vikend bjegove iz gradske gu\u017eve prema va\u0161oj potrebi. \u017delite li pripremiti ku\u0107icu za boravak va\u0161ih prijatelja, poslovnih partnera ili obitelji, to \u0107e biti mogu\u0107e u svakom trenutku.<\/p>\n<p>Ovisno o tome tra\u017eite li svoje mjesto uz more ili ste investitor u turisti\u010dki smje\u0161taj, sve opcije su pred vama.<\/p>\n<p>Po nama, najbolja praksa kori\u0161tenja mobilnih ku\u0107ica je njihov najam u vrijeme turisti\u010dke sezone i za blagdane uz povremen osobni boravak u njima. Time \u0107ete ostvariti financijsku korist, a ujedno dobiti uvid u do\u017eivljaj boravka u mobilnim ku\u0107icama.<\/p>\n<p>Povremenim kori\u0161tenjem ku\u0107ica za privatan boravak vidjet \u0107ete kako dodatno pobolj\u0161ati iskustvo va\u0161ih gostiju i istaknuti svoju ku\u0107icu u ponudi.<\/p>\n<h2>Povrat investicije &#8211; financijski aspekt projekta<\/h2>\n<p>Prema prikupljenim podacima o popunjenosti mobilnih ku\u0107ica tijekom turisti\u010dke sezone i ostatku godine te ostvarenim cijenama no\u0107enja, kupac mobilne ku\u0107ice mo\u017ee o\u010dekivati povrat investicije kroz 3 do 5 godina.<\/p>\n<p>Poslovni uspjeh uvjetovan je anga\u017emanom i organizacijom vlasnika ku\u0107ica te periodu u kojem se one iznajmljuju tijekom godine.\u00a0 Odluka o kori\u0161tenju ku\u0107ica za privatne svrhe tijekom sezone mo\u017ee utjecati na dulji period povrata investicije.<\/p>\n<p>Ostatak trajanja ugovora predstavlja dobit vlasnicima ku\u0107ica. Potrebno je napomenuti da se ugovor mo\u017ee sporazumno produ\u017eiti i na vi\u0161e od 10 godina. Mobilne ku\u0107ice u kampu mo\u017eete prodati u bilo kojem trenutku,\u00a0 a istekom ugovora prodajom svoje ku\u0107ice tako\u0111er ostvarujete odre\u0111enu dobit.<\/p>\n<h3>Pau\u0161al i godi\u0161nji tro\u0161kovi<\/h3>\n<p>Prilikom procjene uspje\u0161nosti investicije treba ura\u010dunati redovite godi\u0161nje tro\u0161kove. Uz godi\u0161nji pau\u0161al, isti\u010demo iznos osiguranja mobilne ku\u0107ice te podmirenje komunalnih ra\u010duna (struja, voda).<\/p>\n<p>Vi\u0161e o pau\u0161alu i redovitim tro\u0161kovima poslovanja pro\u010ditajte u <a href=\"https:\/\/charta-nekretnine.hr\/en\/2023\/04\/28\/zasto-se-placa-pausal-za-mobilne-kucice-u-kampovima\/\" target=\"_blank\" rel=\"noopener\"><strong>na\u0161em blogu<\/strong><\/a><\/p>\n<p>Va\u017eno: kako bi <strong>olak\u0161ali svima ulazak u svijet turisti\u010dkog iznajmljivanja<\/strong>, za prvu godinu smo umanjili tro\u0161ak pau\u0161ala <strong>na 2.000 \u20ac<\/strong>. Time nastojimo pokazati razumijevanje za nove investitore i omogu\u0107iti vam lak\u0161i po\u010detak poslovanja.<\/p>\n<h3>Paket upravljanja za mobilne ku\u0107ice u kampu<\/h3>\n<p>Za svaku je mobilnu ku\u0107icu mogu\u0107e ugovoriti paket upravljanja koji uklju\u010duje:<\/p>\n<ul>\n<li><strong>\u2022\u00a0<\/strong>iznajmljivanje putem specijaliziranog portala <strong><a href=\"https:\/\/mobilehomerent.eu\/\" target=\"_blank\" rel=\"noopener\">MobileHomeRent<\/a><\/strong><\/li>\n<li><strong>\u2022\u00a0<\/strong>koordinaciju raspolo\u017eivih termina na svim portalima<\/li>\n<li><strong>\u2022 <\/strong>check in \/ check out gostiju<\/li>\n<li><strong>\u2022\u00a0<\/strong>uslugu \u010di\u0161\u0107enja ku\u0107ice<\/li>\n<li><strong>\u2022\u00a0<\/strong>izradu web stranice i vo\u0111enje profila na dru\u0161tvenim mre\u017eama<\/li>\n<li><strong>\u2022\u00a0<\/strong>snimanje promo materijala za mobilne ku\u0107ice<\/li>\n<\/ul>\n<p>Za sve dodatne infomacije vezano uz mobilne ku\u0107ice u kampu, sam kamp te na\u010din poslovanja, obratite se na\u0161em stru\u010dnom timu. Imate li pitanje za nas? Javite nam se <a href=\"https:\/\/charta-nekretnine.hr\/en\/kontakt\/\" target=\"_blank\" rel=\"noopener\"><strong>ovdje<\/strong><\/a> ili nas kontktirajte direktno na jedan od na\u0161ih brojeva:<\/p>\n<ul>\n<li>+385 (0)91 900 1525<\/li>\n<li>+385 (0)99 366 4412<\/li>\n<li>+385 (0)99 738 5893<\/li>\n<li>+385 (0)95 724 2285<\/li>\n<\/ul>\n<p>Mail: info@charta-nekretnine.hr<\/p>","protected":false},"featured_media":7540,"template":"","meta":{"_acf_changed":false,"ocean_post_layout":"","ocean_both_sidebars_style":"","ocean_both_sidebars_content_width":0,"ocean_both_sidebars_sidebars_width":0,"ocean_sidebar":"0","ocean_second_sidebar":"0","ocean_disable_margins":"enable","ocean_add_body_class":"","ocean_shortcode_before_top_bar":"","ocean_shortcode_after_top_bar":"","ocean_shortcode_before_header":"","ocean_shortcode_after_header":"","ocean_has_shortcode":"","ocean_shortcode_after_title":"","ocean_shortcode_before_footer_widgets":"","ocean_shortcode_after_footer_widgets":"","ocean_shortcode_before_footer_bottom":"","ocean_shortcode_after_footer_bottom":"","ocean_display_top_bar":"default","ocean_display_header":"default","ocean_header_style":"","ocean_center_header_left_menu":"0","ocean_custom_header_template":"0","ocean_custom_logo":0,"ocean_custom_retina_logo":0,"ocean_custom_logo_max_width":0,"ocean_custom_logo_tablet_max_width":0,"ocean_custom_logo_mobile_max_width":0,"ocean_custom_logo_max_height":0,"ocean_custom_logo_tablet_max_height":0,"ocean_custom_logo_mobile_max_height":0,"ocean_header_custom_menu":"0","ocean_menu_typo_font_family":"0","ocean_menu_typo_font_subset":"","ocean_menu_typo_font_size":0,"ocean_menu_typo_font_size_tablet":0,"ocean_menu_typo_font_size_mobile":0,"ocean_menu_typo_font_size_unit":"px","ocean_menu_typo_font_weight":"","ocean_menu_typo_font_weight_tablet":"","ocean_menu_typo_font_weight_mobile":"","ocean_menu_typo_transform":"","ocean_menu_typo_transform_tablet":"","ocean_menu_typo_transform_mobile":"","ocean_menu_typo_line_height":0,"ocean_menu_typo_line_height_tablet":0,"ocean_menu_typo_line_height_mobile":0,"ocean_menu_typo_line_height_unit":"","ocean_menu_typo_spacing":0,"ocean_menu_typo_spacing_tablet":0,"ocean_menu_typo_spacing_mobile":0,"ocean_menu_typo_spacing_unit":"","ocean_menu_link_color":"","ocean_menu_link_color_hover":"","ocean_menu_link_color_active":"","ocean_menu_link_background":"","ocean_menu_link_hover_background":"","ocean_menu_link_active_background":"","ocean_menu_social_links_bg":"","ocean_menu_social_hover_links_bg":"","ocean_menu_social_links_color":"","ocean_menu_social_hover_links_color":"","ocean_disable_title":"default","ocean_disable_heading":"default","ocean_post_title":"","ocean_post_subheading":"","ocean_post_title_style":"","ocean_post_title_background_color":"","ocean_post_title_background":0,"ocean_post_title_bg_image_position":"","ocean_post_title_bg_image_attachment":"","ocean_post_title_bg_image_repeat":"","ocean_post_title_bg_image_size":"","ocean_post_title_height":0,"ocean_post_title_bg_overlay":0.5,"ocean_post_title_bg_overlay_color":"","ocean_disable_breadcrumbs":"default","ocean_breadcrumbs_color":"","ocean_breadcrumbs_separator_color":"","ocean_breadcrumbs_links_color":"","ocean_breadcrumbs_links_hover_color":"","ocean_display_footer_widgets":"default","ocean_display_footer_bottom":"default","ocean_custom_footer_template":"0"},"product_brand":[],"product_cat":[265],"product_tag":[247],"class_list":{"0":"post-7522","1":"product","2":"type-product","3":"status-publish","4":"has-post-thumbnail","6":"product_cat-mobilne-kucice","7":"product_tag-prodaja","8":"pa_broj-kupaonica-60","9":"pa_broj-spavacih-soba-52","10":"pa_cijena-32-000-plus-pdv","11":"pa_kvadratura-251","12":"pa_mjesto-drage","14":"entry","15":"has-media","17":"first","18":"instock","19":"shipping-taxable","20":"purchasable","21":"product-type-simple","22":"has-product-nav","23":"col","24":"span_1_of_3","25":"owp-content-center","26":"owp-thumbs-layout-horizontal","27":"owp-btn-normal","28":"owp-tabs-layout-horizontal"},"acf":[],"jetpack_sharing_enabled":true,"_links":{"self":[{"href":"https:\/\/charta-nekretnine.hr\/en\/wp-json\/wp\/v2\/product\/7522","targetHints":{"allow":["GET"]}}],"collection":[{"href":"https:\/\/charta-nekretnine.hr\/en\/wp-json\/wp\/v2\/product"}],"about":[{"href":"https:\/\/charta-nekretnine.hr\/en\/wp-json\/wp\/v2\/types\/product"}],"wp:featuredmedia":[{"embeddable":true,"href":"https:\/\/charta-nekretnine.hr\/en\/wp-json\/wp\/v2\/media\/7540"}],"wp:attachment":[{"href":"https:\/\/charta-nekretnine.hr\/en\/wp-json\/wp\/v2\/media?parent=7522"}],"wp:term":[{"taxonomy":"product_brand","embeddable":true,"href":"https:\/\/charta-nekretnine.hr\/en\/wp-json\/wp\/v2\/product_brand?post=7522"},{"taxonomy":"product_cat","embeddable":true,"href":"https:\/\/charta-nekretnine.hr\/en\/wp-json\/wp\/v2\/product_cat?post=7522"},{"taxonomy":"product_tag","embeddable":true,"href":"https:\/\/charta-nekretnine.hr\/en\/wp-json\/wp\/v2\/product_tag?post=7522"}],"curies":[{"name":"wp","href":"https:\/\/api.w.org\/{rel}","templated":true}]}}