{"id":7548,"date":"2024-01-09T08:16:37","date_gmt":"2024-01-09T08:16:37","guid":{"rendered":"https:\/\/charta-nekretnine.hr\/?post_type=product&#038;p=7548"},"modified":"2024-12-02T20:51:04","modified_gmt":"2024-12-02T20:51:04","slug":"mobilne-kucice-uz-more-podstrana","status":"publish","type":"product","link":"https:\/\/charta-nekretnine.hr\/en\/product\/mobilne-kucice-uz-more-podstrana\/","title":{"rendered":"Mobilne ku\u0107ice uz more, premium lokacija"},"content":{"rendered":"","protected":false},"excerpt":{"rendered":"<h1>Mobilne ku\u0107ice uz more &#8211; Podstrana<\/h1>\n<p>Premium lokacija za va\u0161u mobilnu ku\u0107icu!<\/p>\n<p>Na dohvat ba\u010denog kamen\u010di\u0107a ovaj se kamp nalazi samo nekoliko metara od mora. Ure\u0111uje se privatni obiteljski kamp u kojem mo\u017eete zakupiti parcelu, kupiti i postaviti mobilnu ku\u0107icu i u\u017eivati u nezaboravnim prizorima.<\/p>\n<p>Svaka mobilna ku\u0107ica ima pogled na more, a prekrasno ure\u0111ena pla\u017ea udaljena je tek nekoliko desetaka metara.<\/p>\n<p>Ove mobilne ku\u0107ice uz more mo\u017eete koristiti za svoje potrebe, no njihova prava vrijednost krije se u potencijalu za iznajmljivanje. S obzirom na pogled u kojem \u0107e gosti prekrasnih ku\u0107ica u\u017eivati, cijene najma \u0107e dosezati gornju granicu za ovu vrstu smje\u0161taja.<\/p>\n<h2>Osnovne informacije<\/h2>\n<ul>\n<li><strong>\u2022\u00a0<\/strong>cijena mobilne ku\u0107ice: 32.000 \u20ac plus pdv<\/li>\n<li><strong>\u2022\u00a0<\/strong>Deluxe model ku\u0107ice: uz nadoplatu<\/li>\n<li><strong>\u2022\u00a0<\/strong>godi\u0161nji pau\u0161al: 6.000 \u20ac<\/li>\n<li><strong>\u2022<\/strong>\u00a0dimenzija mobilne ku\u0107ice u kampu: 8 x 3 m<\/li>\n<li><strong>\u2022<\/strong>\u00a0terasa: natkrivena 8 x 3 m<\/li>\n<li><strong>\u2022\u00a0<\/strong>pogled na more: DA<\/li>\n<li><strong>\u2022\u00a0<\/strong>trajanje ugovora: 10 godina<\/li>\n<li><strong>\u2022\u00a0<\/strong>produljenje ugovora: mogu\u0107 dogovor<\/li>\n<li><strong>\u2022\u00a0<\/strong>period rada: kamp je otvoren cijele godine<\/li>\n<li><strong>\u2022 <\/strong>stanje mobilne ku\u0107ice: nova, potpuno opremljena i ure\u0111ena<\/li>\n<li><strong>\u2022 <\/strong>vi\u0161e o <a href=\"https:\/\/visitpodstrana.hr\/\" target=\"_blank\" rel=\"noopener\"><strong>op\u0107ini Podstrana<\/strong><\/a><\/li>\n<\/ul>\n<p>&nbsp;<\/p>\n<h2>Mobilne ku\u0107ice uz more &#8211; opremljenost<\/h2>\n<p>Svaka se mobilna ku\u0107ica isporu\u010duje i postavlja na parcelu u potpunosti opremljena namje\u0161tajem i ku\u0107anskim aparatima.<\/p>\n<p>Za ovu lokaciju preporu\u010dujemo Delux Eco model, \u010dije se luksuzne karakteristike i dodaci savr\u0161eno uklapaju u op\u0107i dojam savr\u0161enog odmora. I najzahtjevniji gosti \u0107e provesti odmor bez zamjerke.<\/p>\n<p>Interijer ku\u0107ice pomno je isplanran tako da je iskori\u0161tenost prostora maksimalna, a odlikuje ga pametno osmi\u0161ljen prostor za pohranu prtljage i osobnih stvari.<\/p>\n<p>Kuhinja dolazi sa velikim fri\u017eiderom, perilicom posu\u0111a i plo\u0107om za kuhanje, dok kao dodatnu pogodnost za svoje goste mo\u017eete urediti i vanjsku kuhinju na prostranoj terasi.<\/p>\n<p>Spava\u0107e sobe mogu imaju dovoljno prostora za odlaganje odje\u0107e, a kupaonica je ure\u0111ena tako da se vi\u0161e osoba mo\u017ee kretati u njoj bez stvaranja gu\u017eve.<\/p>\n<p>Uz smart TV i klima ure\u0111aj, dnevni \u0107e boravak biti ugodno mjesto za odmor nakon ru\u010dka ili popodnevni spavanac.\u00a0 Na terasi mo\u017eete urediti lounge zonu i time stvoriti dodatan prostor za izle\u017eavanje.<\/p>\n<h2>Turisti\u010dko &#8211; investicijski projekt<\/h2>\n<p>Ulaganje u mobilne ku\u0107ice uz more mo\u017ee biti dobar odabir za po\u010detno ulaganje u turisti\u010dko iznajmljivanje.<\/p>\n<p>Cjenovno puno prihvatljivije od kupovine ku\u0107e na istoj ili sli\u010dnoj lokaciji, mobilne ku\u0107ice pru\u017eaju mogu\u0107nost br\u017eeg povrata ulo\u017eenog uz manje utro\u0161enog vremena (i \u017eivaca) da bi se zapo\u010delo sa projektom iznajmljivanja.<\/p>\n<p>Ku\u0107ice dolaze na lokaciju i montiraju se zajedno sa terasom te se predaju vlasnicima spremne za kori\u0161tenje. Va\u0161 je anga\u017eman minimalan.<\/p>\n<p>S obzirom na poziciju kampa, podatke o popunjenosti tijekom cijele godine i vi\u0161om o\u010dekivanom cijenom najma, ove \u0107e mobilne ku\u0107ice uz more omogu\u0107iti vlasnicima povrat investicije kroz 3 do 5 godina.<\/p>\n<p>U ovu ra\u010dunicu smo predvidjeli sve tro\u0161kove koji idu uz ovakav turisti\u010dko &#8211; investicijski projekt.<\/p>\n<p>Vi\u0161e o predvi\u0111enim tro\u0161kovima poslovanja iznajmljiva\u010da mobilnih ku\u0107ica pro\u010ditajte <a href=\"https:\/\/charta-nekretnine.hr\/en\/2023\/04\/28\/zasto-se-placa-pausal-za-mobilne-kucice-u-kampovima\/\" target=\"_blank\" rel=\"noopener\"><strong>u na\u0161em blogu<\/strong><\/a><\/p>\n<h3>Paket upravljanja za mobilne ku\u0107ice uz more<\/h3>\n<p>Za svaku je mobilnu ku\u0107icu mogu\u0107e ugovoriti paket upravljanja koji uklju\u010duje:<\/p>\n<ul>\n<li><strong>\u2022\u00a0<\/strong>iznajmljivanje putem specijaliziranog portala\u00a0<strong><a href=\"https:\/\/mobilehomerent.eu\/\" target=\"_blank\" rel=\"noopener\">MobileHomeRent<\/a><\/strong><\/li>\n<li><strong>\u2022\u00a0<\/strong>koordinaciju raspolo\u017eivih termina na svim portalima<\/li>\n<li><strong>\u2022\u00a0<\/strong>check in \/ check out gostiju<\/li>\n<li><strong>\u2022\u00a0<\/strong>uslugu \u010di\u0161\u0107enja ku\u0107ice<\/li>\n<li><strong>\u2022\u00a0<\/strong>izradu web stranice i vo\u0111enje profila na dru\u0161tvenim mre\u017eama<\/li>\n<li><strong>\u2022\u00a0<\/strong>snimanje promo materijala za mobilne ku\u0107ice<\/li>\n<\/ul>\n<p>Za sve dodatne infomacije vezano uz mobilne ku\u0107ice u kampu, sam kamp te na\u010din poslovanja, obratite se na\u0161em stru\u010dnom timu. Imate li pitanje za nas? Javite nam se\u00a0<a href=\"https:\/\/charta-nekretnine.hr\/en\/kontakt\/\" target=\"_blank\" rel=\"noopener\"><strong>ovdje<\/strong><\/a> ili nas kontaktirajte direktno na jedan od na\u0161ih brojeva:<\/p>\n<ul>\n<li>+385 (0)91 900 1525<\/li>\n<li>+385 (0)99 366 4412<\/li>\n<li>+385 (0)99 738 5893<\/li>\n<li>+385 (0)95 724 2285<\/li>\n<\/ul>\n<p>Mail: info@charta-nekretnine.hr<\/p>\n<p>&nbsp;<\/p>","protected":false},"featured_media":8709,"template":"","meta":{"_acf_changed":false,"ocean_post_layout":"","ocean_both_sidebars_style":"","ocean_both_sidebars_content_width":0,"ocean_both_sidebars_sidebars_width":0,"ocean_sidebar":"0","ocean_second_sidebar":"0","ocean_disable_margins":"enable","ocean_add_body_class":"","ocean_shortcode_before_top_bar":"","ocean_shortcode_after_top_bar":"","ocean_shortcode_before_header":"","ocean_shortcode_after_header":"","ocean_has_shortcode":"","ocean_shortcode_after_title":"","ocean_shortcode_before_footer_widgets":"","ocean_shortcode_after_footer_widgets":"","ocean_shortcode_before_footer_bottom":"","ocean_shortcode_after_footer_bottom":"","ocean_display_top_bar":"default","ocean_display_header":"default","ocean_header_style":"","ocean_center_header_left_menu":"0","ocean_custom_header_template":"0","ocean_custom_logo":0,"ocean_custom_retina_logo":0,"ocean_custom_logo_max_width":0,"ocean_custom_logo_tablet_max_width":0,"ocean_custom_logo_mobile_max_width":0,"ocean_custom_logo_max_height":0,"ocean_custom_logo_tablet_max_height":0,"ocean_custom_logo_mobile_max_height":0,"ocean_header_custom_menu":"0","ocean_menu_typo_font_family":"0","ocean_menu_typo_font_subset":"","ocean_menu_typo_font_size":0,"ocean_menu_typo_font_size_tablet":0,"ocean_menu_typo_font_size_mobile":0,"ocean_menu_typo_font_size_unit":"px","ocean_menu_typo_font_weight":"","ocean_menu_typo_font_weight_tablet":"","ocean_menu_typo_font_weight_mobile":"","ocean_menu_typo_transform":"","ocean_menu_typo_transform_tablet":"","ocean_menu_typo_transform_mobile":"","ocean_menu_typo_line_height":0,"ocean_menu_typo_line_height_tablet":0,"ocean_menu_typo_line_height_mobile":0,"ocean_menu_typo_line_height_unit":"","ocean_menu_typo_spacing":0,"ocean_menu_typo_spacing_tablet":0,"ocean_menu_typo_spacing_mobile":0,"ocean_menu_typo_spacing_unit":"","ocean_menu_link_color":"","ocean_menu_link_color_hover":"","ocean_menu_link_color_active":"","ocean_menu_link_background":"","ocean_menu_link_hover_background":"","ocean_menu_link_active_background":"","ocean_menu_social_links_bg":"","ocean_menu_social_hover_links_bg":"","ocean_menu_social_links_color":"","ocean_menu_social_hover_links_color":"","ocean_disable_title":"default","ocean_disable_heading":"default","ocean_post_title":"","ocean_post_subheading":"","ocean_post_title_style":"","ocean_post_title_background_color":"","ocean_post_title_background":0,"ocean_post_title_bg_image_position":"","ocean_post_title_bg_image_attachment":"","ocean_post_title_bg_image_repeat":"","ocean_post_title_bg_image_size":"","ocean_post_title_height":0,"ocean_post_title_bg_overlay":0.5,"ocean_post_title_bg_overlay_color":"","ocean_disable_breadcrumbs":"default","ocean_breadcrumbs_color":"","ocean_breadcrumbs_separator_color":"","ocean_breadcrumbs_links_color":"","ocean_breadcrumbs_links_hover_color":"","ocean_display_footer_widgets":"default","ocean_display_footer_bottom":"default","ocean_custom_footer_template":"0"},"product_brand":[],"product_cat":[265],"product_tag":[247,272],"class_list":{"0":"post-7548","1":"product","2":"type-product","3":"status-publish","4":"has-post-thumbnail","6":"product_cat-mobilne-kucice","7":"product_tag-prodaja","8":"product_tag-prodaja-mobilnih-kucica","9":"pa_broj-kupaonica-60","10":"pa_broj-spavacih-soba-52","11":"pa_cijena-32-000-plus-pdv","12":"pa_mjesto-podstrana","13":"pa_vrsta-objave-prodaja","15":"entry","16":"has-media","18":"first","19":"instock","20":"shipping-taxable","21":"purchasable","22":"product-type-simple","23":"has-product-nav","24":"col","25":"span_1_of_3","26":"owp-content-center","27":"owp-thumbs-layout-horizontal","28":"owp-btn-normal","29":"owp-tabs-layout-horizontal"},"acf":[],"jetpack_sharing_enabled":true,"_links":{"self":[{"href":"https:\/\/charta-nekretnine.hr\/en\/wp-json\/wp\/v2\/product\/7548","targetHints":{"allow":["GET"]}}],"collection":[{"href":"https:\/\/charta-nekretnine.hr\/en\/wp-json\/wp\/v2\/product"}],"about":[{"href":"https:\/\/charta-nekretnine.hr\/en\/wp-json\/wp\/v2\/types\/product"}],"wp:featuredmedia":[{"embeddable":true,"href":"https:\/\/charta-nekretnine.hr\/en\/wp-json\/wp\/v2\/media\/8709"}],"wp:attachment":[{"href":"https:\/\/charta-nekretnine.hr\/en\/wp-json\/wp\/v2\/media?parent=7548"}],"wp:term":[{"taxonomy":"product_brand","embeddable":true,"href":"https:\/\/charta-nekretnine.hr\/en\/wp-json\/wp\/v2\/product_brand?post=7548"},{"taxonomy":"product_cat","embeddable":true,"href":"https:\/\/charta-nekretnine.hr\/en\/wp-json\/wp\/v2\/product_cat?post=7548"},{"taxonomy":"product_tag","embeddable":true,"href":"https:\/\/charta-nekretnine.hr\/en\/wp-json\/wp\/v2\/product_tag?post=7548"}],"curies":[{"name":"wp","href":"https:\/\/api.w.org\/{rel}","templated":true}]}}