{"id":7571,"date":"2024-01-13T13:41:14","date_gmt":"2024-01-13T13:41:14","guid":{"rendered":"https:\/\/charta-nekretnine.hr\/?post_type=product&#038;p=7571"},"modified":"2024-09-18T08:46:40","modified_gmt":"2024-09-18T08:46:40","slug":"montazne-kuce-prizemnice-hrvatska","status":"publish","type":"product","link":"https:\/\/charta-nekretnine.hr\/en\/product\/montazne-kuce-prizemnice-hrvatska\/","title":{"rendered":"Monta\u017ene ku\u0107e prizemnice &#8211; Siena 145"},"content":{"rendered":"","protected":false},"excerpt":{"rendered":"<h1>Siena 145 &#8211; monta\u017ene ku\u0107e prizemnice<\/h1>\n<p>Charta Homes nudi\u00a0<strong>izgradnju cjenovno dostupnih monta\u017enih ku\u0107a<\/strong> visoke kvalitete i modernog izgleda na podru\u010dju Hrvatske.<\/p>\n<p>Danas predstavljamo prizemnicu stambene povr\u0161ine 145 m\u00b2 vanjskih dimenzija 15,6 mx 14,8 m.<\/p>\n<h3>Osnovne karakteristike monta\u017ene ku\u0107e prizemnice<\/h3>\n<p>Prizemnicu krasi kvaliteta klasi\u010dne monta\u017ene gradnje kombininirana sa uga\u0111anjem potrebama svih uku\u0107ana. Jednako je dobro stambeno rje\u0161enje za obitelji sa djecom te za pojedince \u017eeljne ultimativnog komfora.<\/p>\n<p>Njezina posebnost isti\u010de se kroz prilago\u0111enost i za osobe starije dobi te osobe sa ote\u017eanim kretanjem.<\/p>\n<ul>\n<li><strong>\u2022 <\/strong>neto tlocrtna povr\u0161ina: 145m\u00b2<\/li>\n<li><strong>\u2022 <\/strong>dimenzija ku\u0107e: 15,6 * 14.8 m<\/li>\n<li><strong>\u2022 <\/strong>eta\u017eiranost: prizemnica<\/li>\n<li><strong>\u2022 <\/strong>krov: dvokapnica sa nagibom od 22\u00b0<\/li>\n<li><strong>\u2022 <\/strong>\u0161irina strehe: krovna, ulazna 100 cm<\/li>\n<li><strong>\u2022 <\/strong>podna keramika povr\u0161ina: 32 m\u00b2<\/li>\n<li><strong>\u2022 <\/strong>zidna keramika povr\u0161ina: 65 m\u00b2 (predvi\u0111eno do stropa)<\/li>\n<li><strong>\u2022 <\/strong>parket povr\u0161ina: 109 m\u00b2<\/li>\n<\/ul>\n<p>Izra\u017eena toplinska i zvu\u010dna izolacija uz prostrane terase koje se pru\u017eaju na izlasku iz dnevne, ali i dje\u010dje sobe, \u010dine ovaj model prizemnice mjestom za udoban \u017eivot.<\/p>\n<figure id=\"attachment_7572\" aria-describedby=\"caption-attachment-7572\" style=\"width: 1000px\" class=\"wp-caption aligncenter\"><img fetchpriority=\"high\" decoding=\"async\" class=\"wp-image-7572 size-medium\" src=\"https:\/\/charta-nekretnine.hr\/wp-content\/uploads\/2024\/01\/siena-naslovna-1000x392.jpg\" alt=\"Monta\u017ene ku\u0107e prizemnice\" width=\"1000\" height=\"392\" srcset=\"https:\/\/charta-nekretnine.hr\/wp-content\/uploads\/2024\/01\/siena-naslovna-1000x392.jpg 1000w, https:\/\/charta-nekretnine.hr\/wp-content\/uploads\/2024\/01\/siena-naslovna-1024x401.jpg 1024w, https:\/\/charta-nekretnine.hr\/wp-content\/uploads\/2024\/01\/siena-naslovna-768x301.jpg 768w, https:\/\/charta-nekretnine.hr\/wp-content\/uploads\/2024\/01\/siena-naslovna-18x7.jpg 18w, https:\/\/charta-nekretnine.hr\/wp-content\/uploads\/2024\/01\/siena-naslovna-600x235.jpg 600w, https:\/\/charta-nekretnine.hr\/wp-content\/uploads\/2024\/01\/siena-naslovna.jpg 1401w\" sizes=\"(max-width: 1000px) 100vw, 1000px\" \/><figcaption id=\"caption-attachment-7572\" class=\"wp-caption-text\">Charta Homes &#8211; gradnja monta\u017enih ku\u0107a u Hrvatskoj<\/figcaption><\/figure>\n<h3>\u0160to ulazi u ponudu ove monta\u017ene ku\u0107e prizemnice<\/h3>\n<p>Ku\u0107a se gradi u tri faze. Prve dvije se obavljaju u proizvodno &#8211; monta\u017enom pogonu, dok se finalni radovi izvr\u0161avaju na va\u0161em zemlji\u0161tu.<\/p>\n<p>Ku\u0107a se isporu\u010duje po sistemu klju\u010d u ruke, a ponuda obuhva\u0107a:<\/p>\n<ul>\n<li><strong>\u2022<\/strong> vanjsku kostrukciju sa zidovima debljine 39.2 cm i unutra\u0161njim zidovima debljine 13 cm<\/li>\n<li><strong>\u2022<\/strong> krovnu konstrukciju sa crijepovima &#8220;Nexe Oktavijan&#8221;<\/li>\n<li><strong>\u2022<\/strong> snjgobrane<\/li>\n<li><strong>\u2022<\/strong> PVC prozore i balkonska vrata sa trostrukim izo staklom i<\/li>\n<li><strong>\u2022<\/strong> vanjske rolete profil T-80 sa sustavom elektromotora<\/li>\n<li><strong>\u2022<\/strong> visokokvalitetna ALU ulazna vrata prilago\u0111ena za pasivne ku\u0107e<\/li>\n<li><strong>\u2022<\/strong> fasada (zavr\u0161ni sloj, armaturna mre\u017ea, armaturne \u017ebuke i toplinska izolacija od grafitnog stiropora debljine 140 mm)<\/li>\n<li><strong>\u2022 <\/strong>elektroinstalacije sa asortimanom prekida\u010da<\/li>\n<li><strong>\u2022 <\/strong>vodoinstalcije i sustav odvoda kanalizacije<\/li>\n<li><strong>\u2022 <\/strong>kupaonski elementi (umivaonici, tu\u0161 kada, kupaonska kada, kupaonske slavine, wc)<\/li>\n<li><strong>\u2022 <\/strong>soboslikarski radovi<\/li>\n<li><strong>\u2022 <\/strong>podno grijanje po cijeloj ku\u0107i<\/li>\n<li><strong>\u2022 <\/strong>kompaktna split dizalica topline zrak\/voda za grijanje i hla\u0111enje, s integriranim grija\u010dem<\/li>\n<li><strong>\u2022 <\/strong>ventilacijski sustav VIESSMANN Vitovent 200-C, Tip H11S A200,\u00a0 sa digitalnom regulacijom nivoa protoka zraka<\/li>\n<li><strong>\u2022 <\/strong>kerami\u010dke plo\u010de<\/li>\n<li><strong>\u2022 <\/strong>podne parkete<\/li>\n<\/ul>\n<p>Izgradnjom ovog modela niskoenergetske monta\u017ene ku\u0107e prizemnice, na poklon dobivate <strong>Solarnu elektranu 7kwh Viessman <\/strong>sa inverterom 5kwh.\u00a0 Za informaciju o trajanju akcije, kontaktirajte nas direktno.<\/p>\n<p>Potrebno je napomenuti da u cijenu gradnje nisu uklju\u010deni zemlji\u0161te, isho\u0111enje gra\u0111evinske dozvole i temelji ku\u0107e.<\/p>\n<h2>Va\u0161 smo partner za nove projekte<\/h2>\n<p>Imate li vlastito zemlji\u0161te ili ga tra\u017eite, na\u0161 tim stru\u010dnjaka \u0107e vas sprovesti kroz cjelokupni proces od vizualizacije koncepta va\u0161eg novog doma do realizacije projekta.<\/p>\n<p>Tra\u017eite li lokaciju za gradnju svog doma ili ste zainteresirani za ulaganje u &#8220;Villa projekte&#8221;, turisti\u010dko &#8211; investicijske projekte na obali, <strong><a href=\"https:\/\/charta-nekretnine.hr\/en\/kontakt\/\" target=\"_blank\" rel=\"noopener\">javite nam se<\/a><\/strong>.<\/p>\n<figure id=\"attachment_7573\" aria-describedby=\"caption-attachment-7573\" style=\"width: 685px\" class=\"wp-caption aligncenter\"><img decoding=\"async\" class=\"wp-image-7573\" src=\"https:\/\/charta-nekretnine.hr\/wp-content\/uploads\/2024\/01\/prednosti_montazne.png\" alt=\"monta\u017ena gradnja ku\u0107a i vila\" width=\"685\" height=\"330\" srcset=\"https:\/\/charta-nekretnine.hr\/wp-content\/uploads\/2024\/01\/prednosti_montazne.png 703w, https:\/\/charta-nekretnine.hr\/wp-content\/uploads\/2024\/01\/prednosti_montazne-18x9.png 18w, https:\/\/charta-nekretnine.hr\/wp-content\/uploads\/2024\/01\/prednosti_montazne-600x289.png 600w\" sizes=\"(max-width: 685px) 100vw, 685px\" \/><figcaption id=\"caption-attachment-7573\" class=\"wp-caption-text\">Va\u0161e ideje pretvaramo u stvarnost<\/figcaption><\/figure>\n<p>U obzir uzimamo va\u0161e individualne \u017eelje, potrebe i ideje. Sa iznimnom predano\u0161\u0107u i neskrivenom precizno\u0161\u0107u, za vas stvaramo dom po va\u0161em ukusu.<\/p>\n<p>Ponudu projekata u pripremi pogledajte <a href=\"https:\/\/charta-nekretnine.hr\/en\/prodaja-kuce\/?_sft_product_cat=kuca&amp;_sft_pa_vrsta-objave=prodaja&amp;_sfm_cijena=0+100000&amp;_sfm_kvadratura=0+100000\" target=\"_blank\" rel=\"noopener\"><strong>ovdje<\/strong><\/a><\/p>\n<p>Za sva va\u0161a pitanja na raspolaganju smo od ponedjeljka do subote. Kontaktirati nas mo\u017eete na:<\/p>\n<div dir=\"auto\">+385 098 438 091<\/div>\n<div dir=\"auto\">Mail: info@charta-nekretnine.hr<\/div>\n<div dir=\"auto\"><\/div>\n<div dir=\"auto\">Najnovije objave i projekte izgradnje pratite na na\u0161em profilu\u00a0<a title=\"Charta monta\u017ene ku\u0107e\" href=\"https:\/\/www.facebook.com\/ChartaHomes\" target=\"_blank\" rel=\"noopener\"><strong>Charta Homes<\/strong><\/a><\/div>\n<p>&nbsp;<\/p>","protected":false},"featured_media":7589,"template":"","meta":{"_acf_changed":false,"ocean_post_layout":"","ocean_both_sidebars_style":"","ocean_both_sidebars_content_width":0,"ocean_both_sidebars_sidebars_width":0,"ocean_sidebar":"0","ocean_second_sidebar":"0","ocean_disable_margins":"enable","ocean_add_body_class":"","ocean_shortcode_before_top_bar":"","ocean_shortcode_after_top_bar":"","ocean_shortcode_before_header":"","ocean_shortcode_after_header":"","ocean_has_shortcode":"","ocean_shortcode_after_title":"","ocean_shortcode_before_footer_widgets":"","ocean_shortcode_after_footer_widgets":"","ocean_shortcode_before_footer_bottom":"","ocean_shortcode_after_footer_bottom":"","ocean_display_top_bar":"default","ocean_display_header":"default","ocean_header_style":"","ocean_center_header_left_menu":"0","ocean_custom_header_template":"0","ocean_custom_logo":0,"ocean_custom_retina_logo":0,"ocean_custom_logo_max_width":0,"ocean_custom_logo_tablet_max_width":0,"ocean_custom_logo_mobile_max_width":0,"ocean_custom_logo_max_height":0,"ocean_custom_logo_tablet_max_height":0,"ocean_custom_logo_mobile_max_height":0,"ocean_header_custom_menu":"0","ocean_menu_typo_font_family":"0","ocean_menu_typo_font_subset":"","ocean_menu_typo_font_size":0,"ocean_menu_typo_font_size_tablet":0,"ocean_menu_typo_font_size_mobile":0,"ocean_menu_typo_font_size_unit":"px","ocean_menu_typo_font_weight":"","ocean_menu_typo_font_weight_tablet":"","ocean_menu_typo_font_weight_mobile":"","ocean_menu_typo_transform":"","ocean_menu_typo_transform_tablet":"","ocean_menu_typo_transform_mobile":"","ocean_menu_typo_line_height":0,"ocean_menu_typo_line_height_tablet":0,"ocean_menu_typo_line_height_mobile":0,"ocean_menu_typo_line_height_unit":"","ocean_menu_typo_spacing":0,"ocean_menu_typo_spacing_tablet":0,"ocean_menu_typo_spacing_mobile":0,"ocean_menu_typo_spacing_unit":"","ocean_menu_link_color":"","ocean_menu_link_color_hover":"","ocean_menu_link_color_active":"","ocean_menu_link_background":"","ocean_menu_link_hover_background":"","ocean_menu_link_active_background":"","ocean_menu_social_links_bg":"","ocean_menu_social_hover_links_bg":"","ocean_menu_social_links_color":"","ocean_menu_social_hover_links_color":"","ocean_disable_title":"default","ocean_disable_heading":"default","ocean_post_title":"","ocean_post_subheading":"","ocean_post_title_style":"","ocean_post_title_background_color":"","ocean_post_title_background":0,"ocean_post_title_bg_image_position":"","ocean_post_title_bg_image_attachment":"","ocean_post_title_bg_image_repeat":"","ocean_post_title_bg_image_size":"","ocean_post_title_height":0,"ocean_post_title_bg_overlay":0.5,"ocean_post_title_bg_overlay_color":"","ocean_disable_breadcrumbs":"default","ocean_breadcrumbs_color":"","ocean_breadcrumbs_separator_color":"","ocean_breadcrumbs_links_color":"","ocean_breadcrumbs_links_hover_color":"","ocean_display_footer_widgets":"default","ocean_display_footer_bottom":"default","ocean_custom_footer_template":"0"},"product_brand":[],"product_cat":[22,311],"product_tag":[324,320],"class_list":{"0":"post-7571","1":"product","2":"type-product","3":"status-publish","4":"has-post-thumbnail","6":"product_cat-kuca","7":"product_cat-vila","8":"product_tag-montazna-kuca","9":"product_tag-prodaja-kuca-i-vila","10":"pa_broj-kupaonica-60","11":"pa_broj-spavacih-soba-53","12":"pa_cijena-263-725","13":"pa_drzava-hrvatska","14":"pa_kvadratura-351","15":"pa_stanje-objekta-novogradnja","16":"pa_vrsta-objave-prodaja","18":"entry","19":"has-media","21":"first","22":"instock","23":"shipping-taxable","24":"purchasable","25":"product-type-simple","26":"has-product-nav","27":"col","28":"span_1_of_3","29":"owp-content-center","30":"owp-thumbs-layout-horizontal","31":"owp-btn-normal","32":"owp-tabs-layout-horizontal"},"acf":[],"jetpack_sharing_enabled":true,"_links":{"self":[{"href":"https:\/\/charta-nekretnine.hr\/en\/wp-json\/wp\/v2\/product\/7571","targetHints":{"allow":["GET"]}}],"collection":[{"href":"https:\/\/charta-nekretnine.hr\/en\/wp-json\/wp\/v2\/product"}],"about":[{"href":"https:\/\/charta-nekretnine.hr\/en\/wp-json\/wp\/v2\/types\/product"}],"wp:featuredmedia":[{"embeddable":true,"href":"https:\/\/charta-nekretnine.hr\/en\/wp-json\/wp\/v2\/media\/7589"}],"wp:attachment":[{"href":"https:\/\/charta-nekretnine.hr\/en\/wp-json\/wp\/v2\/media?parent=7571"}],"wp:term":[{"taxonomy":"product_brand","embeddable":true,"href":"https:\/\/charta-nekretnine.hr\/en\/wp-json\/wp\/v2\/product_brand?post=7571"},{"taxonomy":"product_cat","embeddable":true,"href":"https:\/\/charta-nekretnine.hr\/en\/wp-json\/wp\/v2\/product_cat?post=7571"},{"taxonomy":"product_tag","embeddable":true,"href":"https:\/\/charta-nekretnine.hr\/en\/wp-json\/wp\/v2\/product_tag?post=7571"}],"curies":[{"name":"wp","href":"https:\/\/api.w.org\/{rel}","templated":true}]}}