{"id":7602,"date":"2024-01-24T17:19:08","date_gmt":"2024-01-24T17:19:08","guid":{"rendered":"https:\/\/charta-nekretnine.hr\/?post_type=product&#038;p=7602"},"modified":"2024-09-18T08:46:05","modified_gmt":"2024-09-18T08:46:05","slug":"mobilne-kucice-u-istri-prodaja","status":"publish","type":"product","link":"https:\/\/charta-nekretnine.hr\/en\/product\/mobilne-kucice-u-istri-prodaja\/","title":{"rendered":"Mobilne ku\u0107ice u Istri, novi kamp projekt"},"content":{"rendered":"","protected":false},"excerpt":{"rendered":"<h1>Novi kamp kompleks: mobilne ku\u0107ice u Istri<\/h1>\n<p>Zapo\u010dinjemo novi projekt u Istri gdje podi\u017eemo kamp sa 20 parcela za mobilne ku\u0107ice. Sadr\u017eajima bogat kamp i jedinstvena lokacija idealni su za ostvarenje prihoda od najma tijekom cijele godine.<\/p>\n<p>Atraktivni popratni sadr\u017eaji i polo\u017eaj kampa prilika su da gostima pru\u017eite jedinstven do\u017eivljaj i nezaboravan odmor.<\/p>\n<h2>Lokacija kampa<\/h2>\n<p>Kamp se nalazi u naselju\u00a0<strong>Loborika<\/strong>, op\u0107ine Mar\u010dana u Istri. Smje\u0161ten izme\u0111u Valture i Fa\u017eane i udaljen od Pule 5-minutnom vo\u017enjom, centralni polo\u017eaj kampa \u010dini izlete u obli\u017enja naselja te grad Pulu vrlo jednostavnima.<\/p>\n<p>Poseban polo\u017eaj kampa na samo 3 minute vo\u017enje od Pulske zra\u010dne luke omogu\u0107it \u0107e priljev gostiju u kamp iz cijele Europe. Za informaciju donosimo popis letova i odredi\u0161ta povezanih sa <strong><a href=\"https:\/\/airport-pula.hr\/letovi\/popis-letova-i-odredista\/\" target=\"_blank\" rel=\"noopener\">Zra\u010dnom lukom<\/a><a href=\"https:\/\/airport-pula.hr\/letovi\/popis-letova-i-odredista\/\" target=\"_blank\" rel=\"noopener\"> Pula<\/a><\/strong>.<\/p>\n<p>Povezanost zra\u010dnim prijevozom \u010dini kamp i ove mobilne ku\u0107ice u Istri pristupa\u010dnima za vikend odmore i izvan sezone.<\/p>\n<p>Dodatna i mogli bismo re\u0107i jedinstvena ponuda koju \u0107e kamp pru\u017eiti, pretvara ga u odredi\u0161te za kojim \u0107e se termini odmora rezervirati i godinu unaprijed.<\/p>\n<h2>Pogodnosti kampa Loborika<\/h2>\n<p>Uz moderno opremljene, luksuzne mobilne ku\u0107ice u samom kampu \u0107e biti <strong>veliki bazen dimenzija 9*5 m<\/strong> namijenjen za dje\u010dje radosti, ali i za opu\u0161tanje ostalih posjetitelja kampa.<\/p>\n<p>Jedinstvenost kampa i ponuda kojom se isti\u010de jest ovaj kompleks je mogu\u0107nost <strong>rekreativnog konji\u010dkog jahanja<\/strong> za goste va\u0161ih mobilnih ku\u0107ica.<\/p>\n<p>Ova posebnost, u kamp integriranog konji\u010dkog kluba, odska\u010de od uobi\u010dajene ponude i stvara priliku da kupnjom mobilne ku\u0107ice osigurate prihode od iznajmljivanja tijekom cijele godine.<\/p>\n<p>U sklopu kampa je <strong>restoran<\/strong>.<\/p>\n<p>Iako \u0107e svaka mobilna ku\u0107ica imati moderno opremljenu kuhinju, va\u0161im \u0107e gostima biti na raspolaganju restoran sa doma\u0107im, istarskim specijalitetima.<\/p>\n<p>Kao \u0161to znamo, svakom gostu potrebno je pru\u017eiti iskustvo lokalnih do\u017eivljaja. Upravo dodatnom ponudom stvaramo uvjete da se va\u0161i gosti iznova vra\u0107aju i \u0161ire dobar glas o va\u0161em gostoprimstvu.<\/p>\n<h2>Ponuda: mobilne ku\u0107ice u Istri<\/h2>\n<figure id=\"attachment_7603\" aria-describedby=\"caption-attachment-7603\" style=\"width: 800px\" class=\"wp-caption aligncenter\"><img fetchpriority=\"high\" decoding=\"async\" class=\"wp-image-7603\" src=\"https:\/\/charta-nekretnine.hr\/wp-content\/uploads\/2024\/01\/Mobilne-kucice-u-kampu-2-1000x563.jpg\" alt=\"Mobilne ku\u0107ice u Istri\" width=\"800\" height=\"450\" srcset=\"https:\/\/charta-nekretnine.hr\/wp-content\/uploads\/2024\/01\/Mobilne-kucice-u-kampu-2-1000x563.jpg 1000w, https:\/\/charta-nekretnine.hr\/wp-content\/uploads\/2024\/01\/Mobilne-kucice-u-kampu-2-1024x576.jpg 1024w, https:\/\/charta-nekretnine.hr\/wp-content\/uploads\/2024\/01\/Mobilne-kucice-u-kampu-2-768x432.jpg 768w, https:\/\/charta-nekretnine.hr\/wp-content\/uploads\/2024\/01\/Mobilne-kucice-u-kampu-2-18x10.jpg 18w, https:\/\/charta-nekretnine.hr\/wp-content\/uploads\/2024\/01\/Mobilne-kucice-u-kampu-2-800x450.jpg 800w, https:\/\/charta-nekretnine.hr\/wp-content\/uploads\/2024\/01\/Mobilne-kucice-u-kampu-2-600x338.jpg 600w, https:\/\/charta-nekretnine.hr\/wp-content\/uploads\/2024\/01\/Mobilne-kucice-u-kampu-2.jpg 1280w\" sizes=\"(max-width: 800px) 100vw, 800px\" \/><figcaption id=\"caption-attachment-7603\" class=\"wp-caption-text\">Mobilne ku\u0107ice u Istri imat \u0107e mogu\u0107nost zatvaranja terase<\/figcaption><\/figure>\n<p>&nbsp;<\/p>\n<p>U ponudi su mobilne ku\u0107ice 24 m\u00b2 opremljene sa svim potrebnim ure\u0111ajima i namje\u0161tene da udovolje i najzahtjevnijim gostima. Uz dvije spava\u0107e sobe, kupaonicu, dnevni boravak i kuhinju dolazi i natkrivena terasa od 24 m\u00b2 na kojoj mo\u017eete postaviti lounge zonu za odmaranje ili dodatnu vanjsku kuhinju.<\/p>\n<p>Kuhinja je opremljena perilicom posu\u0111a, velikim fri\u017eiderom, plo\u0107om za kuhanje te pametno iskori\u0161tenim prostorom za pohranu pripadaju\u0107eg pribora i sitnih kuhinjskih ure\u0111aja.<\/p>\n<p>Spava\u0107e sobe imaju velike krevete za dvije osobe, a po potrebi mogu se opremiti sa dva kreveta u\u017eih dimenzija ili krevetom na kat. Pametno iskori\u0161ten prostor oslobodio je vi\u0161e mjesta za spremanje odje\u0107e.<\/p>\n<p>Moderno ure\u0111ena kupaonica dizajnirana je tako da omogu\u0107i nesmetano kretanje vi\u0161e osoba istovremeno. Uz tu\u0161 kabinu, svaki kutak kupaonice maksimalno je funkcionalno iskori\u0161ten.<\/p>\n<p>Cijena ove mobilne ku\u0107ice u Istri, u kampu Loborika je <strong>35,000 \u20ac plus pdv<\/strong>.<\/p>\n<p>Godi\u0161nji pau\u0161al za prvu godinu umanjem je kako bi se investitorima olak\u0161ao po\u010detak ulaganja u iznajmljivanje mobilnih ku\u0107ica i iznosi <strong>2.900 \u20ac.<\/strong><\/p>\n<p>Preostalih 9 godina ugovora o zakupu parcele, godi\u0161nji pau\u0161al iznosi <strong>4.900 \u20ac<\/strong><\/p>\n<p>Unutra\u0161njost mobilnih ku\u0107ica pogledajte u galeriji slika.<\/p>\n<h2>Turisti\u010dki sadr\u017eaj u bli\u017eoj okolici kampa<\/h2>\n<p>Lokacija je zna\u010dajna prednost ovog kampa. Za samo 10 minuta mo\u017eete se na\u0107i na bilo kojoj od mnogobrojnih <strong>pla\u017ea koje krase jug Istre<\/strong>. Da svoj odmor gosti va\u0161ih mobilnih ku\u0107ica fokusiraju isklju\u010divo na pla\u017ee u i okolici Pule, svaki dan bi mogli u\u017eivati na drugoj lokaciji.<\/p>\n<p>Da ne govorimo o pla\u017eama u manjim naseljima uz obalu.<\/p>\n<p>Aktivan odmor upotpunit \u0107e razgranatost <strong>biciklisti\u010dkih staza<\/strong> koje \u0161araju Loborikom i obli\u017enjim naseljima. Cijela je Istra poznata kao destinacija za u\u017eivanje u laganim vo\u017enjama, a malena udaljenost kampa od mora pru\u017eit \u0107e neke od najljep\u0161ih prizora koje va\u0161i gosti mogu po\u017eeljeti.<\/p>\n<figure id=\"attachment_7610\" aria-describedby=\"caption-attachment-7610\" style=\"width: 800px\" class=\"wp-caption alignnone\"><img decoding=\"async\" class=\"wp-image-7610\" src=\"https:\/\/charta-nekretnine.hr\/wp-content\/uploads\/2024\/01\/Pogled-i-bickliranje-1000x667.jpg\" alt=\"Pogled na more, biciklisti\u010dka staza\" width=\"800\" height=\"533\" srcset=\"https:\/\/charta-nekretnine.hr\/wp-content\/uploads\/2024\/01\/Pogled-i-bickliranje-1000x667.jpg 1000w, https:\/\/charta-nekretnine.hr\/wp-content\/uploads\/2024\/01\/Pogled-i-bickliranje-1024x683.jpg 1024w, https:\/\/charta-nekretnine.hr\/wp-content\/uploads\/2024\/01\/Pogled-i-bickliranje-768x512.jpg 768w, https:\/\/charta-nekretnine.hr\/wp-content\/uploads\/2024\/01\/Pogled-i-bickliranje-18x12.jpg 18w, https:\/\/charta-nekretnine.hr\/wp-content\/uploads\/2024\/01\/Pogled-i-bickliranje-600x400.jpg 600w, https:\/\/charta-nekretnine.hr\/wp-content\/uploads\/2024\/01\/Pogled-i-bickliranje.jpg 1080w\" sizes=\"(max-width: 800px) 100vw, 800px\" \/><figcaption id=\"caption-attachment-7610\" class=\"wp-caption-text\">Biciklisti\u010dke staze u Istri pru\u017eaju prizore za pam\u0107enje<\/figcaption><\/figure>\n<p>&nbsp;<\/p>\n<p>Mirno okru\u017eenje kampa i u\u017eitak koji pru\u017eaju ove mobilne ku\u0107ice u Istri upotpunjeno je sa nekoliko istarskih konoba u bli\u017eoj okolici. Svojim \u0107ete gostima priu\u0161titi autenti\u010dan do\u017eivljaj lokalne kulture i gastronomije posjetom jednoj od tih konoba.<\/p>\n<h3>\u010cesta pitanja i odgovori vezani uz ulaganje u mobilne ku\u0107ice<\/h3>\n<div class=\"x11i5rnm xat24cr x1mh8g0r x1vvkbs xtlvy1s x126k92a\">\n<p dir=\"auto\">Zanima li vas investicija u mobilne ku\u0107ice u Istri, sigurno \u017eelite znati odgovore na sljede\u0107a pitanja:<\/p>\n<\/div>\n<div class=\"x11i5rnm xat24cr x1mh8g0r x1vvkbs xtlvy1s x126k92a\">\n<div dir=\"auto\"><span class=\"x3nfvp2 x1j61x8r x1fcty0u xdj266r xhhsvwb xat24cr xgzva0m xxymvpz xlup9mm x1kky2od\"><img decoding=\"async\" class=\"xz74otr\" src=\"https:\/\/static.xx.fbcdn.net\/images\/emoji.php\/v9\/t72\/3\/16\/1f518.png\" alt=\"\ud83d\udd18\" width=\"16\" height=\"16\" \/><\/span>\u00a0\u0160to je pau\u0161al?<\/div>\n<div dir=\"auto\"><span class=\"x3nfvp2 x1j61x8r x1fcty0u xdj266r xhhsvwb xat24cr xgzva0m xxymvpz xlup9mm x1kky2od\"><img loading=\"lazy\" decoding=\"async\" class=\"xz74otr\" src=\"https:\/\/static.xx.fbcdn.net\/images\/emoji.php\/v9\/t8f\/3\/16\/2611.png\" alt=\"\u2611\ufe0f\" width=\"16\" height=\"16\" \/><\/span> O pau\u0161alu vi\u0161e pro\u010ditajte u <strong><a href=\"https:\/\/charta-nekretnine.hr\/en\/2023\/04\/28\/zasto-se-placa-pausal-za-mobilne-kucice-u-kampovima\/\" target=\"_blank\" rel=\"noopener\">na\u0161em blogu<\/a><\/strong><\/div>\n<\/div>\n<div class=\"x11i5rnm xat24cr x1mh8g0r x1vvkbs xtlvy1s x126k92a\">\n<div dir=\"auto\"><span class=\"x3nfvp2 x1j61x8r x1fcty0u xdj266r xhhsvwb xat24cr xgzva0m xxymvpz xlup9mm x1kky2od\"><img decoding=\"async\" class=\"xz74otr\" src=\"https:\/\/static.xx.fbcdn.net\/images\/emoji.php\/v9\/t72\/3\/16\/1f518.png\" alt=\"\ud83d\udd18\" width=\"16\" height=\"16\" \/><\/span>\u00a0Za koliko mogu vratiti ulo\u017eeno?<\/div>\n<div dir=\"auto\"><span class=\"x3nfvp2 x1j61x8r x1fcty0u xdj266r xhhsvwb xat24cr xgzva0m xxymvpz xlup9mm x1kky2od\"><img loading=\"lazy\" decoding=\"async\" class=\"xz74otr\" src=\"https:\/\/static.xx.fbcdn.net\/images\/emoji.php\/v9\/t8f\/3\/16\/2611.png\" alt=\"\u2611\ufe0f\" width=\"16\" height=\"16\" \/><\/span> O\u010dekivani povrat investicije je 3 do 5 godina<\/div>\n<\/div>\n<div class=\"x11i5rnm xat24cr x1mh8g0r x1vvkbs xtlvy1s x126k92a\">\n<div dir=\"auto\"><span class=\"x3nfvp2 x1j61x8r x1fcty0u xdj266r xhhsvwb xat24cr xgzva0m xxymvpz xlup9mm x1kky2od\"><img decoding=\"async\" class=\"xz74otr\" src=\"https:\/\/static.xx.fbcdn.net\/images\/emoji.php\/v9\/t72\/3\/16\/1f518.png\" alt=\"\ud83d\udd18\" width=\"16\" height=\"16\" \/><\/span>\u00a0Mogu li boraviti u mobilnoj ku\u0107ici?<\/div>\n<div dir=\"auto\"><span class=\"x3nfvp2 x1j61x8r x1fcty0u xdj266r xhhsvwb xat24cr xgzva0m xxymvpz xlup9mm x1kky2od\"><img loading=\"lazy\" decoding=\"async\" class=\"xz74otr\" src=\"https:\/\/static.xx.fbcdn.net\/images\/emoji.php\/v9\/t8f\/3\/16\/2611.png\" alt=\"\u2611\ufe0f\" width=\"16\" height=\"16\" \/><\/span>\u00a0Naravno, mo\u017eete kombinirati najam ku\u0107ice, boraviti u njoj ili pozvati prijatelje i rodbinu da odsjednu u njoj?<\/div>\n<\/div>\n<div class=\"x11i5rnm xat24cr x1mh8g0r x1vvkbs xtlvy1s x126k92a\">\n<div dir=\"auto\"><span class=\"x3nfvp2 x1j61x8r x1fcty0u xdj266r xhhsvwb xat24cr xgzva0m xxymvpz xlup9mm x1kky2od\"><img decoding=\"async\" class=\"xz74otr\" src=\"https:\/\/static.xx.fbcdn.net\/images\/emoji.php\/v9\/t72\/3\/16\/1f518.png\" alt=\"\ud83d\udd18\" width=\"16\" height=\"16\" \/><\/span> \u010cije su vlasni\u0161tvo ove mobilne ku\u0107ice u Istri?<\/div>\n<div dir=\"auto\"><span class=\"x3nfvp2 x1j61x8r x1fcty0u xdj266r xhhsvwb xat24cr xgzva0m xxymvpz xlup9mm x1kky2od\"><img loading=\"lazy\" decoding=\"async\" class=\"xz74otr\" src=\"https:\/\/static.xx.fbcdn.net\/images\/emoji.php\/v9\/t8f\/3\/16\/2611.png\" alt=\"\u2611\ufe0f\" width=\"16\" height=\"16\" \/><\/span>\u00a0Va\u0161e! Velika je prednost ovog na\u010dina investiranja \u0161to ku\u0107icu mo\u017eete prodati i time jo\u0161 pove\u0107ati svoju dobit.<\/div>\n<\/div>\n<div class=\"x11i5rnm xat24cr x1mh8g0r x1vvkbs xtlvy1s x126k92a\">\n<div dir=\"auto\"><span class=\"x3nfvp2 x1j61x8r x1fcty0u xdj266r xhhsvwb xat24cr xgzva0m xxymvpz xlup9mm x1kky2od\"><img decoding=\"async\" class=\"xz74otr\" src=\"https:\/\/static.xx.fbcdn.net\/images\/emoji.php\/v9\/t72\/3\/16\/1f518.png\" alt=\"\ud83d\udd18\" width=\"16\" height=\"16\" \/><\/span>\u00a0Da li je i parcela u kampu moja?<\/div>\n<div dir=\"auto\"><span class=\"x3nfvp2 x1j61x8r x1fcty0u xdj266r xhhsvwb xat24cr xgzva0m xxymvpz xlup9mm x1kky2od\"><img loading=\"lazy\" decoding=\"async\" class=\"xz74otr\" src=\"https:\/\/static.xx.fbcdn.net\/images\/emoji.php\/v9\/t8f\/3\/16\/2611.png\" alt=\"\u2611\ufe0f\" width=\"16\" height=\"16\" \/><\/span>\u00a0Ne! Zemlji\u0161te kampa privatno je vlasni\u0161tvo koje se daje u zakup na odre\u0111eni broj godina.<\/div>\n<\/div>\n<div class=\"x11i5rnm xat24cr x1mh8g0r x1vvkbs xtlvy1s x126k92a\">\n<div dir=\"auto\"><span class=\"x3nfvp2 x1j61x8r x1fcty0u xdj266r xhhsvwb xat24cr xgzva0m xxymvpz xlup9mm x1kky2od\"><img decoding=\"async\" class=\"xz74otr\" src=\"https:\/\/static.xx.fbcdn.net\/images\/emoji.php\/v9\/t72\/3\/16\/1f518.png\" alt=\"\ud83d\udd18\" width=\"16\" height=\"16\" \/><\/span> Isplati li se ulagati u mobilne ku\u0107ice u Istri?<\/div>\n<div dir=\"auto\">\n<p><span class=\"x3nfvp2 x1j61x8r x1fcty0u xdj266r xhhsvwb xat24cr xgzva0m xxymvpz xlup9mm x1kky2od\"><img loading=\"lazy\" decoding=\"async\" class=\"xz74otr\" src=\"https:\/\/static.xx.fbcdn.net\/images\/emoji.php\/v9\/t8f\/3\/16\/2611.png\" alt=\"\u2611\ufe0f\" width=\"16\" height=\"16\" \/><\/span>\u00a0Nazovite nas i saznajte detalje na\u0161e ponude!<\/p>\n<\/div>\n<\/div>\n<div class=\"x11i5rnm xat24cr x1mh8g0r x1vvkbs xtlvy1s x126k92a\">\n<div dir=\"auto\">Za sve detalje i informacije o kampu Loborika, mobilnim ku\u0107icama i investicijskom ciklusu, na raspolaganju smo vam:<\/div>\n<div dir=\"auto\">+385 (0)91 900 1525<br \/>\n+385 (0)99 366 4412<br \/>\n+385 (0)99 738 5893<br \/>\n+385 (0)95 724 2285<\/div>\n<div dir=\"auto\">info@charta-nekretnine.hr<\/div>\n<\/div>","protected":false},"featured_media":7612,"template":"","meta":{"_acf_changed":false,"ocean_post_layout":"","ocean_both_sidebars_style":"","ocean_both_sidebars_content_width":0,"ocean_both_sidebars_sidebars_width":0,"ocean_sidebar":"0","ocean_second_sidebar":"0","ocean_disable_margins":"enable","ocean_add_body_class":"","ocean_shortcode_before_top_bar":"","ocean_shortcode_after_top_bar":"","ocean_shortcode_before_header":"","ocean_shortcode_after_header":"","ocean_has_shortcode":"","ocean_shortcode_after_title":"","ocean_shortcode_before_footer_widgets":"","ocean_shortcode_after_footer_widgets":"","ocean_shortcode_before_footer_bottom":"","ocean_shortcode_after_footer_bottom":"","ocean_display_top_bar":"default","ocean_display_header":"default","ocean_header_style":"","ocean_center_header_left_menu":"0","ocean_custom_header_template":"0","ocean_custom_logo":0,"ocean_custom_retina_logo":0,"ocean_custom_logo_max_width":0,"ocean_custom_logo_tablet_max_width":0,"ocean_custom_logo_mobile_max_width":0,"ocean_custom_logo_max_height":0,"ocean_custom_logo_tablet_max_height":0,"ocean_custom_logo_mobile_max_height":0,"ocean_header_custom_menu":"0","ocean_menu_typo_font_family":"0","ocean_menu_typo_font_subset":"","ocean_menu_typo_font_size":0,"ocean_menu_typo_font_size_tablet":0,"ocean_menu_typo_font_size_mobile":0,"ocean_menu_typo_font_size_unit":"px","ocean_menu_typo_font_weight":"","ocean_menu_typo_font_weight_tablet":"","ocean_menu_typo_font_weight_mobile":"","ocean_menu_typo_transform":"","ocean_menu_typo_transform_tablet":"","ocean_menu_typo_transform_mobile":"","ocean_menu_typo_line_height":0,"ocean_menu_typo_line_height_tablet":0,"ocean_menu_typo_line_height_mobile":0,"ocean_menu_typo_line_height_unit":"","ocean_menu_typo_spacing":0,"ocean_menu_typo_spacing_tablet":0,"ocean_menu_typo_spacing_mobile":0,"ocean_menu_typo_spacing_unit":"","ocean_menu_link_color":"","ocean_menu_link_color_hover":"","ocean_menu_link_color_active":"","ocean_menu_link_background":"","ocean_menu_link_hover_background":"","ocean_menu_link_active_background":"","ocean_menu_social_links_bg":"","ocean_menu_social_hover_links_bg":"","ocean_menu_social_links_color":"","ocean_menu_social_hover_links_color":"","ocean_disable_title":"default","ocean_disable_heading":"default","ocean_post_title":"","ocean_post_subheading":"","ocean_post_title_style":"","ocean_post_title_background_color":"","ocean_post_title_background":0,"ocean_post_title_bg_image_position":"","ocean_post_title_bg_image_attachment":"","ocean_post_title_bg_image_repeat":"","ocean_post_title_bg_image_size":"","ocean_post_title_height":0,"ocean_post_title_bg_overlay":0.5,"ocean_post_title_bg_overlay_color":"","ocean_disable_breadcrumbs":"default","ocean_breadcrumbs_color":"","ocean_breadcrumbs_separator_color":"","ocean_breadcrumbs_links_color":"","ocean_breadcrumbs_links_hover_color":"","ocean_display_footer_widgets":"default","ocean_display_footer_bottom":"default","ocean_custom_footer_template":"0"},"product_brand":[],"product_cat":[265],"product_tag":[247,272],"class_list":{"0":"post-7602","1":"product","2":"type-product","3":"status-publish","4":"has-post-thumbnail","6":"product_cat-mobilne-kucice","7":"product_tag-prodaja","8":"product_tag-prodaja-mobilnih-kucica","9":"pa_broj-kupaonica-60","10":"pa_broj-spavacih-soba-52","11":"pa_cijena-35-000-plus-pdv","12":"pa_kvadratura-251","13":"pa_mjesto-loborika-istra","15":"entry","16":"has-media","18":"first","19":"instock","20":"shipping-taxable","21":"purchasable","22":"product-type-simple","23":"has-product-nav","24":"col","25":"span_1_of_3","26":"owp-content-center","27":"owp-thumbs-layout-horizontal","28":"owp-btn-normal","29":"owp-tabs-layout-horizontal"},"acf":[],"jetpack_sharing_enabled":true,"_links":{"self":[{"href":"https:\/\/charta-nekretnine.hr\/en\/wp-json\/wp\/v2\/product\/7602","targetHints":{"allow":["GET"]}}],"collection":[{"href":"https:\/\/charta-nekretnine.hr\/en\/wp-json\/wp\/v2\/product"}],"about":[{"href":"https:\/\/charta-nekretnine.hr\/en\/wp-json\/wp\/v2\/types\/product"}],"wp:featuredmedia":[{"embeddable":true,"href":"https:\/\/charta-nekretnine.hr\/en\/wp-json\/wp\/v2\/media\/7612"}],"wp:attachment":[{"href":"https:\/\/charta-nekretnine.hr\/en\/wp-json\/wp\/v2\/media?parent=7602"}],"wp:term":[{"taxonomy":"product_brand","embeddable":true,"href":"https:\/\/charta-nekretnine.hr\/en\/wp-json\/wp\/v2\/product_brand?post=7602"},{"taxonomy":"product_cat","embeddable":true,"href":"https:\/\/charta-nekretnine.hr\/en\/wp-json\/wp\/v2\/product_cat?post=7602"},{"taxonomy":"product_tag","embeddable":true,"href":"https:\/\/charta-nekretnine.hr\/en\/wp-json\/wp\/v2\/product_tag?post=7602"}],"curies":[{"name":"wp","href":"https:\/\/api.w.org\/{rel}","templated":true}]}}