{"id":7625,"date":"2024-01-26T04:49:03","date_gmt":"2024-01-26T04:49:03","guid":{"rendered":"https:\/\/charta-nekretnine.hr\/?post_type=product&#038;p=7625"},"modified":"2025-12-01T11:56:20","modified_gmt":"2025-12-01T11:56:20","slug":"mobilne-kucice-kamp-miocic","status":"publish","type":"product","link":"https:\/\/charta-nekretnine.hr\/en\/product\/mobilne-kucice-kamp-miocic\/","title":{"rendered":"Mobilne ku\u0107ice kamp Mio\u010di\u0107"},"content":{"rendered":"","protected":false},"excerpt":{"rendered":"<h1>Mobilne ku\u0107ice kamp Mio\u010di\u0107<\/h1>\n<h3><strong>Napomena za posjetitelje na\u0161eg web portala:<\/strong><\/h3>\n<p>Projekt &#8220;Kamp Mio\u010di\u0107&#8221; dovr\u0161en je te parcele vi\u0161e nisu dostupne, tako da vi\u0161e nema mobilnih ku\u0107ica na prodaju na ovoj lokaciji.<\/p>\n<p>Svim na\u0161im klijentima \u017eelimo ugodan boravak i uspje\u0161no iznajmljivanje ku\u0107ica u nadolaze\u0107im godinama. Zahvaljujemo vam na povjerenju koje ste nam iskazali!<\/p>\n<h3>Originalni tekst ponude:<\/h3>\n<p>Nudimo vam nove mobilne ku\u0107ice i zakup parcela na 10 godina u izvrsno pozicioniranom kampu Mio\u010di\u0107.<\/p>\n<p>Kamp se nalazi na samo nekoliko metara od mora uz prekrasnu pla\u017eu u mjestu Rtina, nedaleko od Zadra. Kao \u0161to naziv mjesta govori, Rtina se nalazi na izdu\u017eenom rtu lagano povi\u0161ene nadmorske visine.<\/p>\n<p>Blaga padina uz more svakoj \u0107e mobilnoj ku\u0107ici pru\u017eiti pogled na more i spektakularne zalaske sunca.<\/p>\n<figure id=\"attachment_7626\" aria-describedby=\"caption-attachment-7626\" style=\"width: 720px\" class=\"wp-caption aligncenter\"><img fetchpriority=\"high\" decoding=\"async\" class=\"wp-image-7626\" src=\"https:\/\/charta-nekretnine.hr\/wp-content\/uploads\/2024\/01\/Zalazak-sunca-u-kampu-Miocic-1000x563.jpg\" alt=\"Zalazak sunca kamp Mio\u010di\u0107\" width=\"720\" height=\"405\" srcset=\"https:\/\/charta-nekretnine.hr\/wp-content\/uploads\/2024\/01\/Zalazak-sunca-u-kampu-Miocic-1000x563.jpg 1000w, https:\/\/charta-nekretnine.hr\/wp-content\/uploads\/2024\/01\/Zalazak-sunca-u-kampu-Miocic-1024x576.jpg 1024w, https:\/\/charta-nekretnine.hr\/wp-content\/uploads\/2024\/01\/Zalazak-sunca-u-kampu-Miocic-768x432.jpg 768w, https:\/\/charta-nekretnine.hr\/wp-content\/uploads\/2024\/01\/Zalazak-sunca-u-kampu-Miocic-18x10.jpg 18w, https:\/\/charta-nekretnine.hr\/wp-content\/uploads\/2024\/01\/Zalazak-sunca-u-kampu-Miocic-800x450.jpg 800w, https:\/\/charta-nekretnine.hr\/wp-content\/uploads\/2024\/01\/Zalazak-sunca-u-kampu-Miocic-600x338.jpg 600w, https:\/\/charta-nekretnine.hr\/wp-content\/uploads\/2024\/01\/Zalazak-sunca-u-kampu-Miocic.jpg 1280w\" sizes=\"(max-width: 720px) 100vw, 720px\" \/><figcaption id=\"caption-attachment-7626\" class=\"wp-caption-text\">Gosti kampa u\u017eivat \u0107e u prizorima zalaska sunca<\/figcaption><\/figure>\n<h2>Mobilne ku\u0107ice kamp Mio\u010di\u0107 &#8211; osnovne informacije<\/h2>\n<ul>\n<li><strong>\u2022\u00a0<\/strong>cijena mobilne ku\u0107ice: 32.000 \u20ac plus pdv<\/li>\n<li><strong>\u2022\u00a0<\/strong>Deluxe model ku\u0107ice: uz nadoplatu<\/li>\n<li><strong>\u2022\u00a0<\/strong>godi\u0161nji pau\u0161al: 5.000 \u20ac<\/li>\n<li><strong>\u2022<\/strong>\u00a0dimenzija mobilne ku\u0107ice u kampu: 8 x 3 m<\/li>\n<li><strong>\u2022<\/strong>\u00a0terasa: natkrivena 8 x 3 m<\/li>\n<li><strong>\u2022\u00a0<\/strong>pogled na more: DA<\/li>\n<li><strong>\u2022\u00a0<\/strong>trajanje ugovora: 10 godina<\/li>\n<li><strong>\u2022\u00a0<\/strong>produljenje ugovora: mogu\u0107 dogovor<\/li>\n<li><strong>\u2022\u00a0<\/strong>period rada: kamp je otvoren cijele godine<\/li>\n<li><strong>\u2022\u00a0<\/strong>stanje mobilne ku\u0107ice: nova, potpuno opremljena i ure\u0111ena<\/li>\n<li><strong>\u2022\u00a0<\/strong>vez za brodicu dostupan uz sam kamp<\/li>\n<li><strong>\u2022 <\/strong>video lokacije kampa i konobe <a href=\"https:\/\/youtu.be\/ZvwtFZIJcWo?si=szKlVnyQcG2cz4hI\" target=\"_blank\" rel=\"noopener\"><strong>pogledajte ovdje<\/strong><\/a><\/li>\n<\/ul>\n<h2>Turisti\u010dko \u2013 investicijski projekt<\/h2>\n<p>Ulaganje u mobilne ku\u0107ice kamp Mio\u010di\u0107 dobar je odabir za po\u010detno ulaganje u turisti\u010dko iznajmljivanje.<\/p>\n<p>Cjenovno puno prihvatljivije od kupovine ku\u0107e na istoj ili sli\u010dnoj lokaciji, mobilne ku\u0107ice pru\u017eaju mogu\u0107nost br\u017eeg povrata ulo\u017eenog uz manje utro\u0161enog vremena (i \u017eivaca) da bi se zapo\u010delo sa projektom iznajmljivanja.<\/p>\n<p>Ku\u0107ice dolaze na lokaciju i montiraju se zajedno sa terasom te se predaju vlasnicima spremne za kori\u0161tenje. Va\u0161 je anga\u017eman minimalan.<\/p>\n<p>S obzirom na poziciju kampa, podatke o popunjenosti tijekom cijele godine i vi\u0161om o\u010dekivanom cijenom najma, ove \u0107e mobilne ku\u0107ice uz more omogu\u0107iti vlasnicima povrat investicije kroz 3 do 5 godina.<\/p>\n<p>U ovu ra\u010dunicu smo predvidjeli sve tro\u0161kove koji idu uz ovakav turisti\u010dko \u2013 investicijski projekt.<\/p>\n<p>Vi\u0161e o predvi\u0111enim tro\u0161kovima poslovanja iznajmljiva\u010da mobilnih ku\u0107ica pro\u010ditajte\u00a0<a href=\"https:\/\/charta-nekretnine.hr\/en\/2023\/04\/28\/zasto-se-placa-pausal-za-mobilne-kucice-u-kampovima\/\" target=\"_blank\" rel=\"noopener\"><strong>u na\u0161em blogu<\/strong><\/a><\/p>\n<h2>Istaknute pogodnosti kampa Mio\u010di\u0107<\/h2>\n<p>Sama lokacija dovoljna je da investicijski projekt &#8211; mobilne ku\u0107ice kamp Mio\u010di\u0107 bude isplativ u kratkom roku. Va\u0161im \u0107ete gostima priu\u0161titi pozitivnom energijom ispunjen odmor.<\/p>\n<blockquote><p>Nema boljeg &#8220;punjenja baterija&#8221; uz jutarnju kavu dok sunce obasjava sitne vale u svitanje dana i bokal doma\u0107eg vina u predve\u010derje uz pogled na zalazak sunca nad morem \u0161to pomalo gubi modrinu<\/p><\/blockquote>\n<h3>Konoba kampa Mio\u010di\u0107<\/h3>\n<p>Na raspolaganju \u0107e gostima svake mobilne ku\u0107ice kamp Mio\u010di\u0107 biti konoba u kojoj prevladavaju lokalni specijaliteti i svije\u017ee nabavljeni plodovi mora.<\/p>\n<figure id=\"attachment_7627\" aria-describedby=\"caption-attachment-7627\" style=\"width: 720px\" class=\"wp-caption aligncenter\"><img decoding=\"async\" class=\"wp-image-7627\" src=\"https:\/\/charta-nekretnine.hr\/wp-content\/uploads\/2024\/01\/Konoba-Miocic--1000x563.jpg\" alt=\"Konoba Mio\u010di\u0107\" width=\"720\" height=\"405\" srcset=\"https:\/\/charta-nekretnine.hr\/wp-content\/uploads\/2024\/01\/Konoba-Miocic--1000x563.jpg 1000w, https:\/\/charta-nekretnine.hr\/wp-content\/uploads\/2024\/01\/Konoba-Miocic--1024x576.jpg 1024w, https:\/\/charta-nekretnine.hr\/wp-content\/uploads\/2024\/01\/Konoba-Miocic--768x432.jpg 768w, https:\/\/charta-nekretnine.hr\/wp-content\/uploads\/2024\/01\/Konoba-Miocic--18x10.jpg 18w, https:\/\/charta-nekretnine.hr\/wp-content\/uploads\/2024\/01\/Konoba-Miocic--800x450.jpg 800w, https:\/\/charta-nekretnine.hr\/wp-content\/uploads\/2024\/01\/Konoba-Miocic--600x338.jpg 600w, https:\/\/charta-nekretnine.hr\/wp-content\/uploads\/2024\/01\/Konoba-Miocic-.jpg 1280w\" sizes=\"(max-width: 720px) 100vw, 720px\" \/><figcaption id=\"caption-attachment-7627\" class=\"wp-caption-text\">Gosti kampa u\u017eivat \u0107e u lokalnim specijalitetima konobe Mio\u010di\u0107<\/figcaption><\/figure>\n<p>Svje\u017einu namirnica svi \u0107e znati prepoznati, pogotovo \u0161to se organizira <strong>no\u0107ni ribolov\u00a0<\/strong>za sve zainteresirane goste.<\/p>\n<h3>Paket upravljanja za mobilne ku\u0107ice kamp Mio\u010di\u0107<\/h3>\n<p>Za svaku je mobilnu ku\u0107icu mogu\u0107e ugovoriti paket upravljanja koji uklju\u010duje:<\/p>\n<ul>\n<li><strong>\u2022\u00a0<\/strong>iznajmljivanje putem specijaliziranog portala\u00a0<strong><a href=\"https:\/\/mobilehomerent.eu\/\" target=\"_blank\" rel=\"noopener\">MobileHomeRent<\/a><\/strong><\/li>\n<li><strong>\u2022\u00a0<\/strong>koordinaciju raspolo\u017eivih termina na svim portalima<\/li>\n<li><strong>\u2022\u00a0<\/strong>check in \/ check out gostiju<\/li>\n<li><strong>\u2022\u00a0<\/strong>uslugu \u010di\u0161\u0107enja ku\u0107ice<\/li>\n<li><strong>\u2022\u00a0<\/strong>izradu web stranice i vo\u0111enje profila na dru\u0161tvenim mre\u017eama<\/li>\n<li><strong>\u2022\u00a0<\/strong>snimanje promo materijala za mobilne ku\u0107ice<\/li>\n<\/ul>\n<p>Za sve dodatne infomacije vezano uz mobilne ku\u0107ice u kampu, sam kamp te na\u010din poslovanja, obratite se na\u0161em stru\u010dnom timu. Imate li pitanje za nas? Javite nam se\u00a0<a href=\"https:\/\/charta-nekretnine.hr\/en\/kontakt\/\" target=\"_blank\" rel=\"noopener\"><strong>ovdje<\/strong><\/a>\u00a0ili nas kontaktirajte direktno na jedan od na\u0161ih brojeva:<\/p>\n<ul>\n<li>+385 (0)91 900 1525<\/li>\n<li>+385 (0)99 366 4412<\/li>\n<li>+385 (0)99 738 5893<\/li>\n<li>+385 (0)95 724 2285<\/li>\n<\/ul>\n<p>Mail: info@charta-nekretnine.hr<\/p>","protected":false},"featured_media":9351,"template":"","meta":{"_acf_changed":false,"ocean_post_layout":"","ocean_both_sidebars_style":"","ocean_both_sidebars_content_width":0,"ocean_both_sidebars_sidebars_width":0,"ocean_sidebar":"0","ocean_second_sidebar":"0","ocean_disable_margins":"enable","ocean_add_body_class":"","ocean_shortcode_before_top_bar":"","ocean_shortcode_after_top_bar":"","ocean_shortcode_before_header":"","ocean_shortcode_after_header":"","ocean_has_shortcode":"","ocean_shortcode_after_title":"","ocean_shortcode_before_footer_widgets":"","ocean_shortcode_after_footer_widgets":"","ocean_shortcode_before_footer_bottom":"","ocean_shortcode_after_footer_bottom":"","ocean_display_top_bar":"default","ocean_display_header":"default","ocean_header_style":"","ocean_center_header_left_menu":"0","ocean_custom_header_template":"0","ocean_custom_logo":0,"ocean_custom_retina_logo":0,"ocean_custom_logo_max_width":0,"ocean_custom_logo_tablet_max_width":0,"ocean_custom_logo_mobile_max_width":0,"ocean_custom_logo_max_height":0,"ocean_custom_logo_tablet_max_height":0,"ocean_custom_logo_mobile_max_height":0,"ocean_header_custom_menu":"0","ocean_menu_typo_font_family":"0","ocean_menu_typo_font_subset":"","ocean_menu_typo_font_size":0,"ocean_menu_typo_font_size_tablet":0,"ocean_menu_typo_font_size_mobile":0,"ocean_menu_typo_font_size_unit":"px","ocean_menu_typo_font_weight":"","ocean_menu_typo_font_weight_tablet":"","ocean_menu_typo_font_weight_mobile":"","ocean_menu_typo_transform":"","ocean_menu_typo_transform_tablet":"","ocean_menu_typo_transform_mobile":"","ocean_menu_typo_line_height":0,"ocean_menu_typo_line_height_tablet":0,"ocean_menu_typo_line_height_mobile":0,"ocean_menu_typo_line_height_unit":"","ocean_menu_typo_spacing":0,"ocean_menu_typo_spacing_tablet":0,"ocean_menu_typo_spacing_mobile":0,"ocean_menu_typo_spacing_unit":"","ocean_menu_link_color":"","ocean_menu_link_color_hover":"","ocean_menu_link_color_active":"","ocean_menu_link_background":"","ocean_menu_link_hover_background":"","ocean_menu_link_active_background":"","ocean_menu_social_links_bg":"","ocean_menu_social_hover_links_bg":"","ocean_menu_social_links_color":"","ocean_menu_social_hover_links_color":"","ocean_disable_title":"default","ocean_disable_heading":"default","ocean_post_title":"","ocean_post_subheading":"","ocean_post_title_style":"","ocean_post_title_background_color":"","ocean_post_title_background":0,"ocean_post_title_bg_image_position":"","ocean_post_title_bg_image_attachment":"","ocean_post_title_bg_image_repeat":"","ocean_post_title_bg_image_size":"","ocean_post_title_height":0,"ocean_post_title_bg_overlay":0.5,"ocean_post_title_bg_overlay_color":"","ocean_disable_breadcrumbs":"default","ocean_breadcrumbs_color":"","ocean_breadcrumbs_separator_color":"","ocean_breadcrumbs_links_color":"","ocean_breadcrumbs_links_hover_color":"","ocean_display_footer_widgets":"default","ocean_display_footer_bottom":"default","ocean_custom_footer_template":"0"},"product_brand":[],"product_cat":[265],"product_tag":[247],"class_list":{"0":"post-7625","1":"product","2":"type-product","3":"status-publish","4":"has-post-thumbnail","6":"product_cat-mobilne-kucice","7":"product_tag-prodaja","8":"pa_broj-kupaonica-60","9":"pa_broj-spavacih-soba-52","10":"pa_cijena-32-000-plus-pdv","11":"pa_kvadratura-24-24-terasa","12":"pa_mjesto-rtina","14":"entry","15":"has-media","17":"first","18":"instock","19":"shipping-taxable","20":"purchasable","21":"product-type-simple","22":"has-product-nav","23":"col","24":"span_1_of_3","25":"owp-content-center","26":"owp-thumbs-layout-horizontal","27":"owp-btn-normal","28":"owp-tabs-layout-horizontal"},"acf":[],"jetpack_sharing_enabled":true,"_links":{"self":[{"href":"https:\/\/charta-nekretnine.hr\/en\/wp-json\/wp\/v2\/product\/7625","targetHints":{"allow":["GET"]}}],"collection":[{"href":"https:\/\/charta-nekretnine.hr\/en\/wp-json\/wp\/v2\/product"}],"about":[{"href":"https:\/\/charta-nekretnine.hr\/en\/wp-json\/wp\/v2\/types\/product"}],"wp:featuredmedia":[{"embeddable":true,"href":"https:\/\/charta-nekretnine.hr\/en\/wp-json\/wp\/v2\/media\/9351"}],"wp:attachment":[{"href":"https:\/\/charta-nekretnine.hr\/en\/wp-json\/wp\/v2\/media?parent=7625"}],"wp:term":[{"taxonomy":"product_brand","embeddable":true,"href":"https:\/\/charta-nekretnine.hr\/en\/wp-json\/wp\/v2\/product_brand?post=7625"},{"taxonomy":"product_cat","embeddable":true,"href":"https:\/\/charta-nekretnine.hr\/en\/wp-json\/wp\/v2\/product_cat?post=7625"},{"taxonomy":"product_tag","embeddable":true,"href":"https:\/\/charta-nekretnine.hr\/en\/wp-json\/wp\/v2\/product_tag?post=7625"}],"curies":[{"name":"wp","href":"https:\/\/api.w.org\/{rel}","templated":true}]}}