{"id":7637,"date":"2024-01-26T14:36:53","date_gmt":"2024-01-26T14:36:53","guid":{"rendered":"https:\/\/charta-nekretnine.hr\/?post_type=product&#038;p=7637"},"modified":"2025-09-28T09:54:33","modified_gmt":"2025-09-28T09:54:33","slug":"prodaja-mobilne-kucice-kamp-u-istri","status":"publish","type":"product","link":"https:\/\/charta-nekretnine.hr\/en\/product\/prodaja-mobilne-kucice-kamp-u-istri\/","title":{"rendered":"Mobilne ku\u0107ice kamp u Istri"},"content":{"rendered":"","protected":false},"excerpt":{"rendered":"<h1>Novi kamp u Istri: mobilne ku\u0107ice<\/h1>\n<p>Zapo\u010dinjemo novi projekt u Istri gdje podi\u017eemo kamp sa 20 parcela za mobilne ku\u0107ice dimenzija 9 x 3 m. Sadr\u017eajima bogat kamp imat \u0107e veliki bazen, konji\u010dki klub te restoran.<\/p>\n<p>Sadr\u017eajna ponuda i polo\u017eaj kampa omogu\u0107it \u0107e da gosti va\u0161ih mobilnih ku\u0107ica dolaze tijekom cijele godine.<\/p>\n<h2>Polo\u017eaj kampa<\/h2>\n<p>U naselju <strong>Loborika<\/strong>, op\u0107ine Mar\u010dana u Istri, smje\u0161ten izme\u0111u Valture i Fa\u017eane i udaljen od Pule 5-minutnom vo\u017enjom, centralni polo\u017eaj kampa \u010dini izlete u obli\u017enja naselja te grad Pulu lako za organizirati.<\/p>\n<p>Ovaj kamp u Istri nalazi se na samo 3 minute vo\u017enje od Pulske zra\u010dne luke.\u00a0 Tako pozicioniran kamp \u0107e lako ostvariti priljev gostiju iz cijele Europe. Za informaciju donosimo popis letova i odredi\u0161ta povezanih sa <strong><a href=\"https:\/\/airport-pula.hr\/letovi\/popis-letova-i-odredista\/\" target=\"_blank\" rel=\"noopener\">Zra\u010dnom lukom<\/a><a href=\"https:\/\/airport-pula.hr\/letovi\/popis-letova-i-odredista\/\" target=\"_blank\" rel=\"noopener\">\u00a0Pula<\/a><\/strong>.<\/p>\n<p>Povezanost zra\u010dnim prijevozom \u010dini kamp i ove mobilne ku\u0107ice u Istri pristupa\u010dnima za vikend odmore i izvan sezone.<\/p>\n<p>Dodatna i mogli bismo re\u0107i jedinstvena ponuda koju \u0107e kamp pru\u017eiti, pretvara ga u odredi\u0161te za kojim \u0107e se termini odmora rezervirati i godinu unaprijed.<\/p>\n<h2>Posebne prednosti Loborika kampa u Istri<\/h2>\n<p>Uz moderno opremljene, luksuzne mobilne ku\u0107ice u samom kampu \u0107e biti\u00a0<strong>veliki bazen dimenzija 9*5 m<\/strong>\u00a0namijenjen za dje\u010dje radosti, ali i za opu\u0161tanje ostalih posjetitelja kampa.<\/p>\n<p>Posebnost ponude kojom se isti\u010de\u00a0 ovaj kompleks je mogu\u0107nost <strong>rekreativnog konji\u010dkog jahanja<\/strong>\u00a0za goste va\u0161ih mobilnih ku\u0107ica.<\/p>\n<figure id=\"attachment_7639\" aria-describedby=\"caption-attachment-7639\" style=\"width: 720px\" class=\"wp-caption aligncenter\"><img fetchpriority=\"high\" decoding=\"async\" class=\"wp-image-7639\" src=\"https:\/\/charta-nekretnine.hr\/wp-content\/uploads\/2024\/01\/rekreativno-jahanje-1000x563.jpg\" alt=\"dva konja, rekreativno jahanje\" width=\"720\" height=\"405\" srcset=\"https:\/\/charta-nekretnine.hr\/wp-content\/uploads\/2024\/01\/rekreativno-jahanje-1000x563.jpg 1000w, https:\/\/charta-nekretnine.hr\/wp-content\/uploads\/2024\/01\/rekreativno-jahanje-1024x576.jpg 1024w, https:\/\/charta-nekretnine.hr\/wp-content\/uploads\/2024\/01\/rekreativno-jahanje-768x432.jpg 768w, https:\/\/charta-nekretnine.hr\/wp-content\/uploads\/2024\/01\/rekreativno-jahanje-18x10.jpg 18w, https:\/\/charta-nekretnine.hr\/wp-content\/uploads\/2024\/01\/rekreativno-jahanje-800x450.jpg 800w, https:\/\/charta-nekretnine.hr\/wp-content\/uploads\/2024\/01\/rekreativno-jahanje-600x338.jpg 600w, https:\/\/charta-nekretnine.hr\/wp-content\/uploads\/2024\/01\/rekreativno-jahanje.jpg 1280w\" sizes=\"(max-width: 720px) 100vw, 720px\" \/><figcaption id=\"caption-attachment-7639\" class=\"wp-caption-text\">Konji\u010dki klub organizira rekreativno jahanje<\/figcaption><\/figure>\n<p>Sa kampom je integriran konji\u010dki klub, \u0161to odska\u010de od uobi\u010dajene ponude i stvara priliku da kupnjom mobilne ku\u0107ice osigurate prihode od iznajmljivanja gostima razli\u010ditih profila.<\/p>\n<p>U sklopu kampa je <strong>restoran<\/strong>.<\/p>\n<p>Iako \u0107e svaka mobilna ku\u0107ica imati moderno opremljenu kuhinju, va\u0161im \u0107e gostima biti na raspolaganju restoran sa doma\u0107im, istarskim specijalitetima.<\/p>\n<p>Kao \u0161to znamo, svakom gostu potrebno je pru\u017eiti iskustvo lokalnih do\u017eivljaja. Upravo dodatnom ponudom stvaramo uvjete da se va\u0161i gosti iznova vra\u0107aju i \u0161ire dobar glas o va\u0161em gostoprimstvu.<\/p>\n<h2>Ponuda mobilnih ku\u0107ica za ovaj kamp u Istri<\/h2>\n<p>\u017delite li dodatan prostor za u\u017eivanje u ku\u0107ici ili su va\u0161i gosti izrazili \u017eelju za ve\u0107im dnevnim boravkom, ove \u0107e mobilne ku\u0107ice dimenzija 9 x 3 metara biti pravi izbor za vas<\/p>\n<div class=\"x11i5rnm xat24cr x1mh8g0r x1vvkbs xtlvy1s x126k92a\">\n<ul>\n<li style=\"list-style-type: none;\">\n<ul>\n<li dir=\"auto\">Cijena: 45.000\u20ac plus pdv<\/li>\n<li dir=\"auto\">Povr\u0161ina: 27 m\u00b2<\/li>\n<li dir=\"auto\">Terasa: 24 m\u00b2 natkrivena sa ogradom ili bez<\/li>\n<li dir=\"auto\">Br. spava\u0107ih soba: 2<\/li>\n<li dir=\"auto\">Br. kupaonica: 1<\/li>\n<li dir=\"auto\">Mogu\u0107e je naru\u010diti &#8220;Winter varijantu&#8221; sa poja\u010danom, duplom debljinom vanjskih zidova.<\/li>\n<\/ul>\n<\/li>\n<\/ul>\n<figure id=\"attachment_7640\" aria-describedby=\"caption-attachment-7640\" style=\"width: 1000px\" class=\"wp-caption aligncenter\"><img decoding=\"async\" class=\"wp-image-7640 size-medium\" src=\"https:\/\/charta-nekretnine.hr\/wp-content\/uploads\/2024\/01\/tlocrt-1000x379.jpg\" alt=\"Tlocrt mobilne ku\u0107ice za kamp u Istri\" width=\"1000\" height=\"379\" srcset=\"https:\/\/charta-nekretnine.hr\/wp-content\/uploads\/2024\/01\/tlocrt-1000x379.jpg 1000w, https:\/\/charta-nekretnine.hr\/wp-content\/uploads\/2024\/01\/tlocrt-1024x388.jpg 1024w, https:\/\/charta-nekretnine.hr\/wp-content\/uploads\/2024\/01\/tlocrt-768x291.jpg 768w, https:\/\/charta-nekretnine.hr\/wp-content\/uploads\/2024\/01\/tlocrt-18x7.jpg 18w, https:\/\/charta-nekretnine.hr\/wp-content\/uploads\/2024\/01\/tlocrt-600x227.jpg 600w, https:\/\/charta-nekretnine.hr\/wp-content\/uploads\/2024\/01\/tlocrt.jpg 1059w\" sizes=\"(max-width: 1000px) 100vw, 1000px\" \/><figcaption id=\"caption-attachment-7640\" class=\"wp-caption-text\">Raspored prostorija mobilne ku\u0107ice za ovaj kamp u Istri<\/figcaption><\/figure>\n<p>Za vrijeme hladnijih dana i klimatski izazovnija podneblja dodatne izvore topline pru\u017eaju Bosch klima ure\u0111aj te kupaonski elektri\u010dni radijator 833W.<\/p>\n<h3>\u010cesta pitanja i odgovori vezani uz ulaganje u mobilne ku\u0107ice<\/h3>\n<div class=\"x11i5rnm xat24cr x1mh8g0r x1vvkbs xtlvy1s x126k92a\">\n<p dir=\"auto\">Zanima li vas investicija u mobilne ku\u0107ice i kamp u Istri, sigurno \u017eelite znati odgovore na sljede\u0107a pitanja:<\/p>\n<\/div>\n<div class=\"x11i5rnm xat24cr x1mh8g0r x1vvkbs xtlvy1s x126k92a\">\n<div dir=\"auto\"><span class=\"x3nfvp2 x1j61x8r x1fcty0u xdj266r xhhsvwb xat24cr xgzva0m xxymvpz xlup9mm x1kky2od\"><img decoding=\"async\" class=\"xz74otr\" src=\"https:\/\/static.xx.fbcdn.net\/images\/emoji.php\/v9\/t72\/3\/16\/1f518.png\" alt=\"\ud83d\udd18\" width=\"16\" height=\"16\" \/><\/span>\u00a0\u0160to je pau\u0161al?<\/div>\n<div dir=\"auto\"><span class=\"x3nfvp2 x1j61x8r x1fcty0u xdj266r xhhsvwb xat24cr xgzva0m xxymvpz xlup9mm x1kky2od\"><img loading=\"lazy\" decoding=\"async\" class=\"xz74otr\" src=\"https:\/\/static.xx.fbcdn.net\/images\/emoji.php\/v9\/t8f\/3\/16\/2611.png\" alt=\"\u2611\ufe0f\" width=\"16\" height=\"16\" \/><\/span>\u00a0O pau\u0161alu vi\u0161e pro\u010ditajte u\u00a0<strong><a href=\"https:\/\/charta-nekretnine.hr\/en\/2023\/04\/28\/zasto-se-placa-pausal-za-mobilne-kucice-u-kampovima\/\" target=\"_blank\" rel=\"noopener\">na\u0161em blogu<\/a><\/strong><\/div>\n<\/div>\n<div class=\"x11i5rnm xat24cr x1mh8g0r x1vvkbs xtlvy1s x126k92a\">\n<div dir=\"auto\"><span class=\"x3nfvp2 x1j61x8r x1fcty0u xdj266r xhhsvwb xat24cr xgzva0m xxymvpz xlup9mm x1kky2od\"><img decoding=\"async\" class=\"xz74otr\" src=\"https:\/\/static.xx.fbcdn.net\/images\/emoji.php\/v9\/t72\/3\/16\/1f518.png\" alt=\"\ud83d\udd18\" width=\"16\" height=\"16\" \/><\/span>\u00a0Za koliko mogu vratiti ulo\u017eeno?<\/div>\n<div dir=\"auto\"><span class=\"x3nfvp2 x1j61x8r x1fcty0u xdj266r xhhsvwb xat24cr xgzva0m xxymvpz xlup9mm x1kky2od\"><img loading=\"lazy\" decoding=\"async\" class=\"xz74otr\" src=\"https:\/\/static.xx.fbcdn.net\/images\/emoji.php\/v9\/t8f\/3\/16\/2611.png\" alt=\"\u2611\ufe0f\" width=\"16\" height=\"16\" \/><\/span>\u00a0O\u010dekivani povrat investicije je 3 do 5 godina<\/div>\n<\/div>\n<div class=\"x11i5rnm xat24cr x1mh8g0r x1vvkbs xtlvy1s x126k92a\">\n<div dir=\"auto\"><span class=\"x3nfvp2 x1j61x8r x1fcty0u xdj266r xhhsvwb xat24cr xgzva0m xxymvpz xlup9mm x1kky2od\"><img decoding=\"async\" class=\"xz74otr\" src=\"https:\/\/static.xx.fbcdn.net\/images\/emoji.php\/v9\/t72\/3\/16\/1f518.png\" alt=\"\ud83d\udd18\" width=\"16\" height=\"16\" \/><\/span>\u00a0Mogu li boraviti u mobilnoj ku\u0107ici?<\/div>\n<div dir=\"auto\"><span class=\"x3nfvp2 x1j61x8r x1fcty0u xdj266r xhhsvwb xat24cr xgzva0m xxymvpz xlup9mm x1kky2od\"><img loading=\"lazy\" decoding=\"async\" class=\"xz74otr\" src=\"https:\/\/static.xx.fbcdn.net\/images\/emoji.php\/v9\/t8f\/3\/16\/2611.png\" alt=\"\u2611\ufe0f\" width=\"16\" height=\"16\" \/><\/span>\u00a0Naravno, mo\u017eete kombinirati najam ku\u0107ice, boraviti u njoj ili pozvati prijatelje i rodbinu da odsjednu u njoj?<\/div>\n<\/div>\n<div class=\"x11i5rnm xat24cr x1mh8g0r x1vvkbs xtlvy1s x126k92a\">\n<div dir=\"auto\"><span class=\"x3nfvp2 x1j61x8r x1fcty0u xdj266r xhhsvwb xat24cr xgzva0m xxymvpz xlup9mm x1kky2od\"><img decoding=\"async\" class=\"xz74otr\" src=\"https:\/\/static.xx.fbcdn.net\/images\/emoji.php\/v9\/t72\/3\/16\/1f518.png\" alt=\"\ud83d\udd18\" width=\"16\" height=\"16\" \/><\/span>\u00a0\u010cije su vlasni\u0161tvo ove mobilne ku\u0107ice u Istri?<\/div>\n<div dir=\"auto\"><span class=\"x3nfvp2 x1j61x8r x1fcty0u xdj266r xhhsvwb xat24cr xgzva0m xxymvpz xlup9mm x1kky2od\"><img loading=\"lazy\" decoding=\"async\" class=\"xz74otr\" src=\"https:\/\/static.xx.fbcdn.net\/images\/emoji.php\/v9\/t8f\/3\/16\/2611.png\" alt=\"\u2611\ufe0f\" width=\"16\" height=\"16\" \/><\/span>\u00a0Va\u0161e! Velika je prednost ovog na\u010dina investiranja \u0161to ku\u0107icu mo\u017eete prodati i time jo\u0161 pove\u0107ati svoju dobit.<\/div>\n<\/div>\n<div class=\"x11i5rnm xat24cr x1mh8g0r x1vvkbs xtlvy1s x126k92a\">\n<div dir=\"auto\"><span class=\"x3nfvp2 x1j61x8r x1fcty0u xdj266r xhhsvwb xat24cr xgzva0m xxymvpz xlup9mm x1kky2od\"><img decoding=\"async\" class=\"xz74otr\" src=\"https:\/\/static.xx.fbcdn.net\/images\/emoji.php\/v9\/t72\/3\/16\/1f518.png\" alt=\"\ud83d\udd18\" width=\"16\" height=\"16\" \/><\/span>\u00a0Da li je i parcela u kampu moja?<\/div>\n<div dir=\"auto\"><span class=\"x3nfvp2 x1j61x8r x1fcty0u xdj266r xhhsvwb xat24cr xgzva0m xxymvpz xlup9mm x1kky2od\"><img loading=\"lazy\" decoding=\"async\" class=\"xz74otr\" src=\"https:\/\/static.xx.fbcdn.net\/images\/emoji.php\/v9\/t8f\/3\/16\/2611.png\" alt=\"\u2611\ufe0f\" width=\"16\" height=\"16\" \/><\/span>\u00a0Ne! Zemlji\u0161te kampa privatno je vlasni\u0161tvo koje se daje u zakup na odre\u0111eni broj godina.<\/div>\n<\/div>\n<div class=\"x11i5rnm xat24cr x1mh8g0r x1vvkbs xtlvy1s x126k92a\">\n<div dir=\"auto\"><span class=\"x3nfvp2 x1j61x8r x1fcty0u xdj266r xhhsvwb xat24cr xgzva0m xxymvpz xlup9mm x1kky2od\"><img decoding=\"async\" class=\"xz74otr\" src=\"https:\/\/static.xx.fbcdn.net\/images\/emoji.php\/v9\/t72\/3\/16\/1f518.png\" alt=\"\ud83d\udd18\" width=\"16\" height=\"16\" \/><\/span> Isplati li se ulagati u mobilne ku\u0107ice i kamp u Istri?<\/div>\n<div dir=\"auto\">\n<p><span class=\"x3nfvp2 x1j61x8r x1fcty0u xdj266r xhhsvwb xat24cr xgzva0m xxymvpz xlup9mm x1kky2od\"><img loading=\"lazy\" decoding=\"async\" class=\"xz74otr\" src=\"https:\/\/static.xx.fbcdn.net\/images\/emoji.php\/v9\/t8f\/3\/16\/2611.png\" alt=\"\u2611\ufe0f\" width=\"16\" height=\"16\" \/><\/span>\u00a0Nazovite nas i saznajte detalje na\u0161e ponude!<\/p>\n<\/div>\n<\/div>\n<div class=\"x11i5rnm xat24cr x1mh8g0r x1vvkbs xtlvy1s x126k92a\">\n<div dir=\"auto\">Za sve detalje i informacije o kampu Loborika, mobilnim ku\u0107icama i investicijskom ciklusu, na raspolaganju smo vam:<\/div>\n<div dir=\"auto\">+385 (0)91 900 1525<br \/>\n+385 (0)99 366 4412<br \/>\n+385 (0)99 738 5893<br \/>\n+385 (0)95 724 2285<\/div>\n<div dir=\"auto\">info@charta-nekretnine.hr<\/div>\n<\/div>\n<\/div>\n<p>&nbsp;<\/p>","protected":false},"featured_media":9213,"template":"","meta":{"_acf_changed":false,"ocean_post_layout":"","ocean_both_sidebars_style":"","ocean_both_sidebars_content_width":0,"ocean_both_sidebars_sidebars_width":0,"ocean_sidebar":"0","ocean_second_sidebar":"0","ocean_disable_margins":"enable","ocean_add_body_class":"","ocean_shortcode_before_top_bar":"","ocean_shortcode_after_top_bar":"","ocean_shortcode_before_header":"","ocean_shortcode_after_header":"","ocean_has_shortcode":"","ocean_shortcode_after_title":"","ocean_shortcode_before_footer_widgets":"","ocean_shortcode_after_footer_widgets":"","ocean_shortcode_before_footer_bottom":"","ocean_shortcode_after_footer_bottom":"","ocean_display_top_bar":"default","ocean_display_header":"default","ocean_header_style":"","ocean_center_header_left_menu":"0","ocean_custom_header_template":"0","ocean_custom_logo":0,"ocean_custom_retina_logo":0,"ocean_custom_logo_max_width":0,"ocean_custom_logo_tablet_max_width":0,"ocean_custom_logo_mobile_max_width":0,"ocean_custom_logo_max_height":0,"ocean_custom_logo_tablet_max_height":0,"ocean_custom_logo_mobile_max_height":0,"ocean_header_custom_menu":"0","ocean_menu_typo_font_family":"0","ocean_menu_typo_font_subset":"","ocean_menu_typo_font_size":0,"ocean_menu_typo_font_size_tablet":0,"ocean_menu_typo_font_size_mobile":0,"ocean_menu_typo_font_size_unit":"px","ocean_menu_typo_font_weight":"","ocean_menu_typo_font_weight_tablet":"","ocean_menu_typo_font_weight_mobile":"","ocean_menu_typo_transform":"","ocean_menu_typo_transform_tablet":"","ocean_menu_typo_transform_mobile":"","ocean_menu_typo_line_height":0,"ocean_menu_typo_line_height_tablet":0,"ocean_menu_typo_line_height_mobile":0,"ocean_menu_typo_line_height_unit":"","ocean_menu_typo_spacing":0,"ocean_menu_typo_spacing_tablet":0,"ocean_menu_typo_spacing_mobile":0,"ocean_menu_typo_spacing_unit":"","ocean_menu_link_color":"","ocean_menu_link_color_hover":"","ocean_menu_link_color_active":"","ocean_menu_link_background":"","ocean_menu_link_hover_background":"","ocean_menu_link_active_background":"","ocean_menu_social_links_bg":"","ocean_menu_social_hover_links_bg":"","ocean_menu_social_links_color":"","ocean_menu_social_hover_links_color":"","ocean_disable_title":"default","ocean_disable_heading":"default","ocean_post_title":"","ocean_post_subheading":"","ocean_post_title_style":"","ocean_post_title_background_color":"","ocean_post_title_background":0,"ocean_post_title_bg_image_position":"","ocean_post_title_bg_image_attachment":"","ocean_post_title_bg_image_repeat":"","ocean_post_title_bg_image_size":"","ocean_post_title_height":0,"ocean_post_title_bg_overlay":0.5,"ocean_post_title_bg_overlay_color":"","ocean_disable_breadcrumbs":"default","ocean_breadcrumbs_color":"","ocean_breadcrumbs_separator_color":"","ocean_breadcrumbs_links_color":"","ocean_breadcrumbs_links_hover_color":"","ocean_display_footer_widgets":"default","ocean_display_footer_bottom":"default","ocean_custom_footer_template":"0"},"product_brand":[],"product_cat":[265],"product_tag":[247],"class_list":{"0":"post-7637","1":"product","2":"type-product","3":"status-publish","4":"has-post-thumbnail","6":"product_cat-mobilne-kucice","7":"product_tag-prodaja","8":"pa_broj-kupaonica-60","9":"pa_broj-spavacih-soba-52","10":"pa_cijena-45-000-plus-pdv","11":"pa_kvadratura-357","12":"pa_mjesto-loborika-istra","14":"entry","15":"has-media","17":"first","18":"instock","19":"shipping-taxable","20":"purchasable","21":"product-type-simple","22":"has-product-nav","23":"col","24":"span_1_of_3","25":"owp-content-center","26":"owp-thumbs-layout-horizontal","27":"owp-btn-normal","28":"owp-tabs-layout-horizontal"},"acf":[],"jetpack_sharing_enabled":true,"_links":{"self":[{"href":"https:\/\/charta-nekretnine.hr\/en\/wp-json\/wp\/v2\/product\/7637","targetHints":{"allow":["GET"]}}],"collection":[{"href":"https:\/\/charta-nekretnine.hr\/en\/wp-json\/wp\/v2\/product"}],"about":[{"href":"https:\/\/charta-nekretnine.hr\/en\/wp-json\/wp\/v2\/types\/product"}],"wp:featuredmedia":[{"embeddable":true,"href":"https:\/\/charta-nekretnine.hr\/en\/wp-json\/wp\/v2\/media\/9213"}],"wp:attachment":[{"href":"https:\/\/charta-nekretnine.hr\/en\/wp-json\/wp\/v2\/media?parent=7637"}],"wp:term":[{"taxonomy":"product_brand","embeddable":true,"href":"https:\/\/charta-nekretnine.hr\/en\/wp-json\/wp\/v2\/product_brand?post=7637"},{"taxonomy":"product_cat","embeddable":true,"href":"https:\/\/charta-nekretnine.hr\/en\/wp-json\/wp\/v2\/product_cat?post=7637"},{"taxonomy":"product_tag","embeddable":true,"href":"https:\/\/charta-nekretnine.hr\/en\/wp-json\/wp\/v2\/product_tag?post=7637"}],"curies":[{"name":"wp","href":"https:\/\/api.w.org\/{rel}","templated":true}]}}