{"id":7666,"date":"2024-02-12T08:31:33","date_gmt":"2024-02-12T08:31:33","guid":{"rendered":"https:\/\/charta-nekretnine.hr\/?post_type=product&#038;p=7666"},"modified":"2024-09-18T08:44:14","modified_gmt":"2024-09-18T08:44:14","slug":"mobilne-kucice-u-zaledu","status":"publish","type":"product","link":"https:\/\/charta-nekretnine.hr\/en\/product\/mobilne-kucice-u-zaledu\/","title":{"rendered":"Mobilne ku\u0107ice u zale\u0111u"},"content":{"rendered":"","protected":false},"excerpt":{"rendered":"<h1>Mobilne ku\u0107ice u zale\u0111u, Piramatovci<\/h1>\n<p>U ponudi imamo ne\u0161to sasvim druga\u010dije &#8211; kamp na padini sa prekrasnim pogledom i prirodom koja odmara du\u0161u i tijelo.<\/p>\n<h2>Lokacija kampa<\/h2>\n<p>Kamp se nalazi u Piramatovcima, malenom naselju koje pripada gradu Skradinu.<\/p>\n<p>Udaljen je 20 minuta vo\u017enje od <a href=\"https:\/\/www.npkrka.hr\/hr\/\" target=\"_blank\" rel=\"noopener\"><strong>Nacionalnog parka Krka <\/strong><\/a>, Pirovca, Vodica, a do \u0160ibenika \u0107ete autom trebati otprilike pola sata. Ponuda za ove mobilne ku\u0107ice u zale\u0111u pro\u0161irena je velikim bazenom u kampu, a do obli\u017enjih pla\u017ea u raznim gradovima \u0107ete brzo sti\u0107i automobilom.<\/p>\n<p>U blizini se nalazi Vransko jezero i razgranata mre\u017ea biciklisti\u010dkih staza.<\/p>\n<blockquote><p>Tako blizu mora, a opet dovoljno daleko od svakodnevnog stresa. Pogled na \u010disto no\u0107no nebo ispunjava divljenjem prema prirodi.<\/p><\/blockquote>\n<p>Blizina ve\u0107ih gradova poput Zadra i Splita omogu\u0107uje jednodnevne izlete te razgledavanje kulturne i arhitektonske ba\u0161tine bisera Dalmacije.<\/p>\n<h2>Osnovne informacije o projektu<\/h2>\n<ul>\n<li><strong>\u2022\u00a0<\/strong>cijena mobilne ku\u0107ice: 30.000 \u20ac plus pdv<\/li>\n<li><strong>\u2022\u00a0<\/strong>godi\u0161nji pau\u0161al: 4.500 \u20ac<\/li>\n<li><strong>\u2022<\/strong> dimenzija mobilne ku\u0107ice u zale\u0111u: 8 x 3 m<\/li>\n<li><strong>\u2022<\/strong> terasa: natkrivena 8 x 3 m<\/li>\n<li><strong>\u2022\u00a0<\/strong>trajanje ugovora: 10 godina<\/li>\n<li><strong>\u2022\u00a0<\/strong>produljenje ugovora: mogu\u0107 dogovor<\/li>\n<li><strong>\u2022\u00a0<\/strong>period rada: kamp je otvoren cijele godine<\/li>\n<li><strong>\u2022\u00a0<\/strong>stanje mobilne ku\u0107ice: nova, potpuno opremljena i ure\u0111ena<\/li>\n<\/ul>\n<h2>Udaljenost od mora<\/h2>\n<p>Kamp se ne nalazi na samoj obali i nema direktan pogled na more. Nebrojene pla\u017ee su ipak dostupne kratkom vo\u017enjom, tako da \u0107e u\u017eivanje u morskim aktivnostima zahtijevati auto.<\/p>\n<p>Glavni adut kampa je mir.<\/p>\n<p>Mobilne ku\u0107ice u zale\u0111u nude le\u017eernije uto\u010di\u0161te daleko od vreve obalnih podru\u010dja, omogu\u0107uju\u0107i gostima da se odmore i opuste u miru.<\/p>\n<p>Za osvje\u017eenje i zabavu, posjetiteljima kampa \u0107e na raspolaganju biti <strong>ve\u0107i bazen<\/strong> dimenzija 9 x 5 metara.<\/p>\n<h2>Potencijal kampa Piramatovci<\/h2>\n<p>More i sunce za odre\u0111ene grupe turista nisu najva\u017eniji razlog da odaberu Hrvatsku kao destinaciju za svoj odmor. Ovaj je kamp idealan za svakoga tko prednost daje istra\u017eivanju i prikupljanju posebnih iskustava koje Dalmacija pru\u017ea.<\/p>\n<p>Tko \u0107e sve u\u017eivati u prednostima ovog kampa?<\/p>\n<figure id=\"attachment_7667\" aria-describedby=\"caption-attachment-7667\" style=\"width: 500px\" class=\"wp-caption aligncenter\"><img fetchpriority=\"high\" decoding=\"async\" class=\"wp-image-7667\" src=\"https:\/\/charta-nekretnine.hr\/wp-content\/uploads\/2024\/02\/Piramatovci-pogled-1000x563.jpg\" alt=\"Kamp projekt Piromatovci\" width=\"500\" height=\"281\" srcset=\"https:\/\/charta-nekretnine.hr\/wp-content\/uploads\/2024\/02\/Piramatovci-pogled-1000x563.jpg 1000w, https:\/\/charta-nekretnine.hr\/wp-content\/uploads\/2024\/02\/Piramatovci-pogled-1024x576.jpg 1024w, https:\/\/charta-nekretnine.hr\/wp-content\/uploads\/2024\/02\/Piramatovci-pogled-768x432.jpg 768w, https:\/\/charta-nekretnine.hr\/wp-content\/uploads\/2024\/02\/Piramatovci-pogled-18x10.jpg 18w, https:\/\/charta-nekretnine.hr\/wp-content\/uploads\/2024\/02\/Piramatovci-pogled-800x450.jpg 800w, https:\/\/charta-nekretnine.hr\/wp-content\/uploads\/2024\/02\/Piramatovci-pogled-600x338.jpg 600w, https:\/\/charta-nekretnine.hr\/wp-content\/uploads\/2024\/02\/Piramatovci-pogled.jpg 1280w\" sizes=\"(max-width: 500px) 100vw, 500px\" \/><figcaption id=\"caption-attachment-7667\" class=\"wp-caption-text\">Pogled sa padine pru\u017ea se kilometrima unedogled<\/figcaption><\/figure>\n<h3>Ljubitelji prirode<\/h3>\n<p>Pojedinci koji cijene mir i ljepotu prirode preferirati \u0107e mobilne ku\u0107ice za odmor u unutra\u0161njosti. Uz pristup slikovitim krajolicima, \u0161umama i jezerima, otvaraju im se prilike za planinarenje, promatranje ptica i druge aktivnosti na otvorenom.<\/p>\n<p>Nekoliko kilometara udaljeno u\u0161\u0107e rijeke Gudu\u0107e skriva ornitolo\u0161ki rezervat &#8211; mjesto gdje \u0107e u\u017eitak prona\u0107i ljubitelji promatranja ptica.<\/p>\n<h3>Turisti koji tra\u017ee privatnost<\/h3>\n<p>Neki \u0107e turisti vi\u0161e cijeniti privatnost i osamljenost nego blizinu pla\u017ee. Udaljeni od svakodnevne gu\u017eve oni tra\u017ee lokaciju gdje \u0107e &#8220;napuniti baterije&#8221; bez pretjeranih ometanja brojnih turista koji su zaposjeli obalu.<\/p>\n<p>Idila \u010distog no\u0107nog neba koje pru\u017ea jasan pogled na zvijezde, prizor je kojime se obalna naselja ne mogu pohvaliti.<\/p>\n<p>U ovome kampu nema mjesta za svjetlosno one\u010di\u0161\u0107enje.<\/p>\n<p>Prava je to kontra od onoga na ono \u0161to su turisti navikli provode\u0107i godinu u svojim gradovima. Znatan je to plus za ulaganje u mobilne ku\u0107ice u zale\u0111u.<\/p>\n<h3>Putnici koji paze na prora\u010dun za odmor<\/h3>\n<p>Mobilne ku\u0107ice u zale\u0111u mogu biti pristupa\u010dnije od smje\u0161taja uz pla\u017eu.<\/p>\n<p>To ih \u010dini privla\u010dnima putnicima koji \u017eele na\u0107i ravnote\u017eu izme\u0111u sve ve\u0107ih cijena smje\u0161taja i odmora ispunjenog aktivnostima.<\/p>\n<p>Ovaj smje\u0161taj \u010desto nudi izvrsnu vrijednost za novac bez kompromisa u udobnosti ili pogodnostima.<\/p>\n<h3>Zaljubljenici u kulturne i gastro sadr\u017eaje<\/h3>\n<p>Gosti koji \u017eele uroniti u lokalnu kulturu i ba\u0161tinu radije \u0107e ostati u unutra\u0161njosti, gdje mogu istra\u017eivati \u200b\u200bobli\u017enje gradove, sela i povijesna mjesta.<\/p>\n<p>To omogu\u0107uje autenti\u010dnije iskustvo putovanja i mogu\u0107nosti povezivanja s lokalnom zajednicom.<\/p>\n<p>Unutar kampa nalazi se konoba koja \u0107e gostima omogu\u0107iti da urone u izvorne proizvode i delicije lokalne gastro ponude.<\/p>\n<h3>Avanturisti na otvorenom<\/h3>\n<p>Putnici koji u\u017eivaju u aktivnostima na otvorenom kao \u0161to su brdski biciklizam, jahanje ili penjanje po stijenama do\u0107i \u0107e na svoje.<\/p>\n<p>Okolica Vranskog jezera premre\u017eena je biciklisti\u010dkim stazama, a u\u0161\u0107e Krke i Prukljansko jezero idealni su za ljubitelje veslanja.<\/p>\n<p>Avanturisti \u0107e uz slobodno penjanje brzo prihvatiti lokacije u unutra\u0161njosti s lakim pristupom prirodnim atrakcijama i sadr\u017eajima za pustolovne sportove.<\/p>\n<p>Ove \u0107e mobilne ku\u0107ice u zale\u0111u biti centar planiranja svakodnevnih avantura i stvaranja uspomena za dugo pam\u0107enje.<\/p>\n<h3>Obitelji koje putuju s djecom<\/h3>\n<p>Svaka \u0107e obitelj cijeniti prostranost i pristupa\u010dnost mobilnih ku\u0107ica u zale\u0111u. Brojne pogodnosti kao \u0161to su prostrane terase, bazen i igrali\u0161ta, pru\u017eaju\u0107i djeci dovoljno prostora za igru \u200b\u200bi istra\u017eivanje.<\/p>\n<h3>\u010cesta pitanja i odgovori vezani uz ulaganje u mobilne ku\u0107ice u zale\u0111u<\/h3>\n<div class=\"x11i5rnm xat24cr x1mh8g0r x1vvkbs xtlvy1s x126k92a\">\n<p dir=\"auto\">Zanima li vas investicija u mobilne ku\u0107ice u kampu u Primatovcima, sigurno \u017eelite znati odgovore na sljede\u0107a pitanja:<\/p>\n<\/div>\n<div class=\"x11i5rnm xat24cr x1mh8g0r x1vvkbs xtlvy1s x126k92a\">\n<div dir=\"auto\"><span class=\"x3nfvp2 x1j61x8r x1fcty0u xdj266r xhhsvwb xat24cr xgzva0m xxymvpz xlup9mm x1kky2od\"><img decoding=\"async\" class=\"xz74otr\" src=\"https:\/\/static.xx.fbcdn.net\/images\/emoji.php\/v9\/t72\/3\/16\/1f518.png\" alt=\"\ud83d\udd18\" width=\"16\" height=\"16\" \/><\/span>\u00a0\u0160to je pau\u0161al?<\/div>\n<div dir=\"auto\"><span class=\"x3nfvp2 x1j61x8r x1fcty0u xdj266r xhhsvwb xat24cr xgzva0m xxymvpz xlup9mm x1kky2od\"><img decoding=\"async\" class=\"xz74otr\" src=\"https:\/\/static.xx.fbcdn.net\/images\/emoji.php\/v9\/t8f\/3\/16\/2611.png\" alt=\"\u2611\ufe0f\" width=\"16\" height=\"16\" \/><\/span>\u00a0O pau\u0161alu vi\u0161e pro\u010ditajte u\u00a0<strong><a href=\"https:\/\/charta-nekretnine.hr\/en\/2023\/04\/28\/zasto-se-placa-pausal-za-mobilne-kucice-u-kampovima\/\" target=\"_blank\" rel=\"noopener\">na\u0161em blogu<\/a><\/strong><\/div>\n<\/div>\n<div class=\"x11i5rnm xat24cr x1mh8g0r x1vvkbs xtlvy1s x126k92a\">\n<div dir=\"auto\"><span class=\"x3nfvp2 x1j61x8r x1fcty0u xdj266r xhhsvwb xat24cr xgzva0m xxymvpz xlup9mm x1kky2od\"><img decoding=\"async\" class=\"xz74otr\" src=\"https:\/\/static.xx.fbcdn.net\/images\/emoji.php\/v9\/t72\/3\/16\/1f518.png\" alt=\"\ud83d\udd18\" width=\"16\" height=\"16\" \/><\/span>\u00a0Za koliko mogu vratiti ulo\u017eeno?<\/div>\n<div dir=\"auto\"><span class=\"x3nfvp2 x1j61x8r x1fcty0u xdj266r xhhsvwb xat24cr xgzva0m xxymvpz xlup9mm x1kky2od\"><img decoding=\"async\" class=\"xz74otr\" src=\"https:\/\/static.xx.fbcdn.net\/images\/emoji.php\/v9\/t8f\/3\/16\/2611.png\" alt=\"\u2611\ufe0f\" width=\"16\" height=\"16\" \/><\/span> O\u010dekivani povrat investicije je 4 do 5 godina<\/div>\n<\/div>\n<div class=\"x11i5rnm xat24cr x1mh8g0r x1vvkbs xtlvy1s x126k92a\">\n<div dir=\"auto\"><span class=\"x3nfvp2 x1j61x8r x1fcty0u xdj266r xhhsvwb xat24cr xgzva0m xxymvpz xlup9mm x1kky2od\"><img decoding=\"async\" class=\"xz74otr\" src=\"https:\/\/static.xx.fbcdn.net\/images\/emoji.php\/v9\/t72\/3\/16\/1f518.png\" alt=\"\ud83d\udd18\" width=\"16\" height=\"16\" \/><\/span>\u00a0Mogu li boraviti u mobilnoj ku\u0107ici?<\/div>\n<div dir=\"auto\"><span class=\"x3nfvp2 x1j61x8r x1fcty0u xdj266r xhhsvwb xat24cr xgzva0m xxymvpz xlup9mm x1kky2od\"><img decoding=\"async\" class=\"xz74otr\" src=\"https:\/\/static.xx.fbcdn.net\/images\/emoji.php\/v9\/t8f\/3\/16\/2611.png\" alt=\"\u2611\ufe0f\" width=\"16\" height=\"16\" \/><\/span>\u00a0Naravno, mo\u017eete kombinirati najam ku\u0107ice, boraviti u njoj ili pozvati prijatelje i rodbinu da odsjednu u njoj?<\/div>\n<\/div>\n<div class=\"x11i5rnm xat24cr x1mh8g0r x1vvkbs xtlvy1s x126k92a\">\n<div dir=\"auto\"><span class=\"x3nfvp2 x1j61x8r x1fcty0u xdj266r xhhsvwb xat24cr xgzva0m xxymvpz xlup9mm x1kky2od\"><img decoding=\"async\" class=\"xz74otr\" src=\"https:\/\/static.xx.fbcdn.net\/images\/emoji.php\/v9\/t72\/3\/16\/1f518.png\" alt=\"\ud83d\udd18\" width=\"16\" height=\"16\" \/><\/span> \u010cije su vlasni\u0161tvo ove mobilne ku\u0107ice u zale\u0111u?<\/div>\n<div dir=\"auto\"><span class=\"x3nfvp2 x1j61x8r x1fcty0u xdj266r xhhsvwb xat24cr xgzva0m xxymvpz xlup9mm x1kky2od\"><img decoding=\"async\" class=\"xz74otr\" src=\"https:\/\/static.xx.fbcdn.net\/images\/emoji.php\/v9\/t8f\/3\/16\/2611.png\" alt=\"\u2611\ufe0f\" width=\"16\" height=\"16\" \/><\/span>\u00a0Va\u0161e! Velika je prednost ovog na\u010dina investiranja \u0161to ku\u0107icu mo\u017eete prodati i time jo\u0161 pove\u0107ati svoju dobit.<\/div>\n<\/div>\n<div class=\"x11i5rnm xat24cr x1mh8g0r x1vvkbs xtlvy1s x126k92a\">\n<div dir=\"auto\"><span class=\"x3nfvp2 x1j61x8r x1fcty0u xdj266r xhhsvwb xat24cr xgzva0m xxymvpz xlup9mm x1kky2od\"><img decoding=\"async\" class=\"xz74otr\" src=\"https:\/\/static.xx.fbcdn.net\/images\/emoji.php\/v9\/t72\/3\/16\/1f518.png\" alt=\"\ud83d\udd18\" width=\"16\" height=\"16\" \/><\/span>\u00a0Da li je i parcela u kampu moja?<\/div>\n<div dir=\"auto\"><span class=\"x3nfvp2 x1j61x8r x1fcty0u xdj266r xhhsvwb xat24cr xgzva0m xxymvpz xlup9mm x1kky2od\"><img decoding=\"async\" class=\"xz74otr\" src=\"https:\/\/static.xx.fbcdn.net\/images\/emoji.php\/v9\/t8f\/3\/16\/2611.png\" alt=\"\u2611\ufe0f\" width=\"16\" height=\"16\" \/><\/span>\u00a0Ne! Zemlji\u0161te kampa privatno je vlasni\u0161tvo koje se daje u zakup na odre\u0111eni broj godina.<\/div>\n<\/div>\n<div class=\"x11i5rnm xat24cr x1mh8g0r x1vvkbs xtlvy1s x126k92a\">\n<div dir=\"auto\"><span class=\"x3nfvp2 x1j61x8r x1fcty0u xdj266r xhhsvwb xat24cr xgzva0m xxymvpz xlup9mm x1kky2od\"><img decoding=\"async\" class=\"xz74otr\" src=\"https:\/\/static.xx.fbcdn.net\/images\/emoji.php\/v9\/t72\/3\/16\/1f518.png\" alt=\"\ud83d\udd18\" width=\"16\" height=\"16\" \/><\/span> Isplati li se ulagati u mobilne ku\u0107ice u Primatovcima?<\/div>\n<div dir=\"auto\">\n<p><span class=\"x3nfvp2 x1j61x8r x1fcty0u xdj266r xhhsvwb xat24cr xgzva0m xxymvpz xlup9mm x1kky2od\"><img decoding=\"async\" class=\"xz74otr\" src=\"https:\/\/static.xx.fbcdn.net\/images\/emoji.php\/v9\/t8f\/3\/16\/2611.png\" alt=\"\u2611\ufe0f\" width=\"16\" height=\"16\" \/><\/span>\u00a0Nazovite nas i saznajte detalje na\u0161e ponude!<\/p>\n<\/div>\n<\/div>\n<div class=\"x11i5rnm xat24cr x1mh8g0r x1vvkbs xtlvy1s x126k92a\">\n<div dir=\"auto\">Za sve detalje i informacije o kampu Primatovci, mobilnim ku\u0107icama i investicijskom ciklusu, na raspolaganju smo vam:<\/div>\n<div dir=\"auto\">+385 (0)91 900 1525<br \/>\n+385 (0)99 366 4412<br \/>\n+385 (0)99 738 5893<br \/>\n+385 (0)95 724 2285<\/div>\n<div dir=\"auto\">info@charta-nekretnine.hr<\/div>\n<\/div>","protected":false},"featured_media":7672,"template":"","meta":{"_acf_changed":false,"ocean_post_layout":"","ocean_both_sidebars_style":"","ocean_both_sidebars_content_width":0,"ocean_both_sidebars_sidebars_width":0,"ocean_sidebar":"0","ocean_second_sidebar":"0","ocean_disable_margins":"enable","ocean_add_body_class":"","ocean_shortcode_before_top_bar":"","ocean_shortcode_after_top_bar":"","ocean_shortcode_before_header":"","ocean_shortcode_after_header":"","ocean_has_shortcode":"","ocean_shortcode_after_title":"","ocean_shortcode_before_footer_widgets":"","ocean_shortcode_after_footer_widgets":"","ocean_shortcode_before_footer_bottom":"","ocean_shortcode_after_footer_bottom":"","ocean_display_top_bar":"default","ocean_display_header":"default","ocean_header_style":"","ocean_center_header_left_menu":"0","ocean_custom_header_template":"0","ocean_custom_logo":0,"ocean_custom_retina_logo":0,"ocean_custom_logo_max_width":0,"ocean_custom_logo_tablet_max_width":0,"ocean_custom_logo_mobile_max_width":0,"ocean_custom_logo_max_height":0,"ocean_custom_logo_tablet_max_height":0,"ocean_custom_logo_mobile_max_height":0,"ocean_header_custom_menu":"0","ocean_menu_typo_font_family":"0","ocean_menu_typo_font_subset":"","ocean_menu_typo_font_size":0,"ocean_menu_typo_font_size_tablet":0,"ocean_menu_typo_font_size_mobile":0,"ocean_menu_typo_font_size_unit":"px","ocean_menu_typo_font_weight":"","ocean_menu_typo_font_weight_tablet":"","ocean_menu_typo_font_weight_mobile":"","ocean_menu_typo_transform":"","ocean_menu_typo_transform_tablet":"","ocean_menu_typo_transform_mobile":"","ocean_menu_typo_line_height":0,"ocean_menu_typo_line_height_tablet":0,"ocean_menu_typo_line_height_mobile":0,"ocean_menu_typo_line_height_unit":"","ocean_menu_typo_spacing":0,"ocean_menu_typo_spacing_tablet":0,"ocean_menu_typo_spacing_mobile":0,"ocean_menu_typo_spacing_unit":"","ocean_menu_link_color":"","ocean_menu_link_color_hover":"","ocean_menu_link_color_active":"","ocean_menu_link_background":"","ocean_menu_link_hover_background":"","ocean_menu_link_active_background":"","ocean_menu_social_links_bg":"","ocean_menu_social_hover_links_bg":"","ocean_menu_social_links_color":"","ocean_menu_social_hover_links_color":"","ocean_disable_title":"default","ocean_disable_heading":"default","ocean_post_title":"","ocean_post_subheading":"","ocean_post_title_style":"","ocean_post_title_background_color":"","ocean_post_title_background":0,"ocean_post_title_bg_image_position":"","ocean_post_title_bg_image_attachment":"","ocean_post_title_bg_image_repeat":"","ocean_post_title_bg_image_size":"","ocean_post_title_height":0,"ocean_post_title_bg_overlay":0.5,"ocean_post_title_bg_overlay_color":"","ocean_disable_breadcrumbs":"default","ocean_breadcrumbs_color":"","ocean_breadcrumbs_separator_color":"","ocean_breadcrumbs_links_color":"","ocean_breadcrumbs_links_hover_color":"","ocean_display_footer_widgets":"default","ocean_display_footer_bottom":"default","ocean_custom_footer_template":"0"},"product_brand":[],"product_cat":[265],"product_tag":[247],"class_list":{"0":"post-7666","1":"product","2":"type-product","3":"status-publish","4":"has-post-thumbnail","6":"product_cat-mobilne-kucice","7":"product_tag-prodaja","8":"pa_broj-kupaonica-60","9":"pa_broj-spavacih-soba-52","10":"pa_cijena-30-000-plus-pdv","11":"pa_kvadratura-251","12":"pa_mjesto-piramatovci","14":"entry","15":"has-media","17":"first","18":"instock","19":"shipping-taxable","20":"purchasable","21":"product-type-simple","22":"has-product-nav","23":"col","24":"span_1_of_3","25":"owp-content-center","26":"owp-thumbs-layout-horizontal","27":"owp-btn-normal","28":"owp-tabs-layout-horizontal"},"acf":[],"jetpack_sharing_enabled":true,"_links":{"self":[{"href":"https:\/\/charta-nekretnine.hr\/en\/wp-json\/wp\/v2\/product\/7666","targetHints":{"allow":["GET"]}}],"collection":[{"href":"https:\/\/charta-nekretnine.hr\/en\/wp-json\/wp\/v2\/product"}],"about":[{"href":"https:\/\/charta-nekretnine.hr\/en\/wp-json\/wp\/v2\/types\/product"}],"wp:featuredmedia":[{"embeddable":true,"href":"https:\/\/charta-nekretnine.hr\/en\/wp-json\/wp\/v2\/media\/7672"}],"wp:attachment":[{"href":"https:\/\/charta-nekretnine.hr\/en\/wp-json\/wp\/v2\/media?parent=7666"}],"wp:term":[{"taxonomy":"product_brand","embeddable":true,"href":"https:\/\/charta-nekretnine.hr\/en\/wp-json\/wp\/v2\/product_brand?post=7666"},{"taxonomy":"product_cat","embeddable":true,"href":"https:\/\/charta-nekretnine.hr\/en\/wp-json\/wp\/v2\/product_cat?post=7666"},{"taxonomy":"product_tag","embeddable":true,"href":"https:\/\/charta-nekretnine.hr\/en\/wp-json\/wp\/v2\/product_tag?post=7666"}],"curies":[{"name":"wp","href":"https:\/\/api.w.org\/{rel}","templated":true}]}}