{"id":7675,"date":"2024-02-18T23:35:33","date_gmt":"2024-02-18T23:35:33","guid":{"rendered":"https:\/\/charta-nekretnine.hr\/?post_type=product&#038;p=7675"},"modified":"2024-05-20T23:34:18","modified_gmt":"2024-05-20T23:34:18","slug":"zemljiste-za-kamp-pasman","status":"publish","type":"product","link":"https:\/\/charta-nekretnine.hr\/en\/product\/zemljiste-za-kamp-pasman\/","title":{"rendered":"Zemlji\u0161te za kamp Pa\u0161man, dugoro\u010dni najam"},"content":{"rendered":"","protected":false},"excerpt":{"rendered":"<h1>Zemlji\u0161te za kamp i mobilne ku\u0107ice<\/h1>\n<p>Uz obalu na otoku Pa\u0161manu nudi se zemlji\u0161te namijenjeno za budu\u0107i kamp.<\/p>\n<p>Zemlji\u0161te povr\u0161ine 1373 m\u00b2 nalazi se u mjestu Dobropoljana i nudi pogled na priobalni dio uz Sv. Petar na Moru. Zemlji\u0161te izduljenog oblika idealno je za ure\u0111enje kampa sa 20 parcela i postavljanje mobilnih ku\u0107ica na tim parcelama.<\/p>\n<p>Tra\u017ei se investitor ili grupacija sa interesom u ulaganje u luksuzne mobilne ku\u0107ice postavljene na ovo zemlji\u0161te za kamp.<\/p>\n<p>Uvjete suradnje molim potra\u017eite direktnim kontaktom na broj<\/p>\n<p>+385 095 724 2285<\/p>\n<p>\u010cestica na kojoj \u0107e se urediti 20 parcela smje\u0161tena je uz samo more i \u0161etnicu uz obalu. Silaskom do obale nalazi se ure\u0111ena pla\u017ea za kupanje, a obli\u017enji mol prilika je za svladavanje tehnike skokova u more.<\/p>","protected":false},"featured_media":7677,"template":"","meta":{"_acf_changed":false,"ocean_post_layout":"","ocean_both_sidebars_style":"","ocean_both_sidebars_content_width":0,"ocean_both_sidebars_sidebars_width":0,"ocean_sidebar":"0","ocean_second_sidebar":"0","ocean_disable_margins":"enable","ocean_add_body_class":"","ocean_shortcode_before_top_bar":"","ocean_shortcode_after_top_bar":"","ocean_shortcode_before_header":"","ocean_shortcode_after_header":"","ocean_has_shortcode":"","ocean_shortcode_after_title":"","ocean_shortcode_before_footer_widgets":"","ocean_shortcode_after_footer_widgets":"","ocean_shortcode_before_footer_bottom":"","ocean_shortcode_after_footer_bottom":"","ocean_display_top_bar":"default","ocean_display_header":"default","ocean_header_style":"","ocean_center_header_left_menu":"0","ocean_custom_header_template":"0","ocean_custom_logo":0,"ocean_custom_retina_logo":0,"ocean_custom_logo_max_width":0,"ocean_custom_logo_tablet_max_width":0,"ocean_custom_logo_mobile_max_width":0,"ocean_custom_logo_max_height":0,"ocean_custom_logo_tablet_max_height":0,"ocean_custom_logo_mobile_max_height":0,"ocean_header_custom_menu":"0","ocean_menu_typo_font_family":"0","ocean_menu_typo_font_subset":"","ocean_menu_typo_font_size":0,"ocean_menu_typo_font_size_tablet":0,"ocean_menu_typo_font_size_mobile":0,"ocean_menu_typo_font_size_unit":"px","ocean_menu_typo_font_weight":"","ocean_menu_typo_font_weight_tablet":"","ocean_menu_typo_font_weight_mobile":"","ocean_menu_typo_transform":"","ocean_menu_typo_transform_tablet":"","ocean_menu_typo_transform_mobile":"","ocean_menu_typo_line_height":0,"ocean_menu_typo_line_height_tablet":0,"ocean_menu_typo_line_height_mobile":0,"ocean_menu_typo_line_height_unit":"","ocean_menu_typo_spacing":0,"ocean_menu_typo_spacing_tablet":0,"ocean_menu_typo_spacing_mobile":0,"ocean_menu_typo_spacing_unit":"","ocean_menu_link_color":"","ocean_menu_link_color_hover":"","ocean_menu_link_color_active":"","ocean_menu_link_background":"","ocean_menu_link_hover_background":"","ocean_menu_link_active_background":"","ocean_menu_social_links_bg":"","ocean_menu_social_hover_links_bg":"","ocean_menu_social_links_color":"","ocean_menu_social_hover_links_color":"","ocean_disable_title":"default","ocean_disable_heading":"default","ocean_post_title":"","ocean_post_subheading":"","ocean_post_title_style":"","ocean_post_title_background_color":"","ocean_post_title_background":0,"ocean_post_title_bg_image_position":"","ocean_post_title_bg_image_attachment":"","ocean_post_title_bg_image_repeat":"","ocean_post_title_bg_image_size":"","ocean_post_title_height":0,"ocean_post_title_bg_overlay":0.5,"ocean_post_title_bg_overlay_color":"","ocean_disable_breadcrumbs":"default","ocean_breadcrumbs_color":"","ocean_breadcrumbs_separator_color":"","ocean_breadcrumbs_links_color":"","ocean_breadcrumbs_links_hover_color":"","ocean_display_footer_widgets":"default","ocean_display_footer_bottom":"default","ocean_custom_footer_template":"0"},"product_brand":[],"product_cat":[42],"product_tag":[315],"class_list":{"0":"post-7675","1":"product","2":"type-product","3":"status-publish","4":"has-post-thumbnail","6":"product_cat-zemljiste","7":"product_tag-najam-nekretnina","8":"pa_cijena-na-upit","9":"pa_kvadratura-362","10":"pa_mjesto-dobropoljana-pasman","11":"pa_vrsta-objave-iznajmljivanje","13":"entry","14":"has-media","16":"first","17":"instock","18":"shipping-taxable","19":"product-type-simple","20":"has-product-nav","21":"col","22":"span_1_of_3","23":"owp-content-center","24":"owp-thumbs-layout-horizontal","25":"owp-btn-normal","26":"owp-tabs-layout-horizontal"},"acf":[],"jetpack_sharing_enabled":true,"_links":{"self":[{"href":"https:\/\/charta-nekretnine.hr\/en\/wp-json\/wp\/v2\/product\/7675","targetHints":{"allow":["GET"]}}],"collection":[{"href":"https:\/\/charta-nekretnine.hr\/en\/wp-json\/wp\/v2\/product"}],"about":[{"href":"https:\/\/charta-nekretnine.hr\/en\/wp-json\/wp\/v2\/types\/product"}],"wp:featuredmedia":[{"embeddable":true,"href":"https:\/\/charta-nekretnine.hr\/en\/wp-json\/wp\/v2\/media\/7677"}],"wp:attachment":[{"href":"https:\/\/charta-nekretnine.hr\/en\/wp-json\/wp\/v2\/media?parent=7675"}],"wp:term":[{"taxonomy":"product_brand","embeddable":true,"href":"https:\/\/charta-nekretnine.hr\/en\/wp-json\/wp\/v2\/product_brand?post=7675"},{"taxonomy":"product_cat","embeddable":true,"href":"https:\/\/charta-nekretnine.hr\/en\/wp-json\/wp\/v2\/product_cat?post=7675"},{"taxonomy":"product_tag","embeddable":true,"href":"https:\/\/charta-nekretnine.hr\/en\/wp-json\/wp\/v2\/product_tag?post=7675"}],"curies":[{"name":"wp","href":"https:\/\/api.w.org\/{rel}","templated":true}]}}