{"id":7703,"date":"2024-02-21T08:22:59","date_gmt":"2024-02-21T08:22:59","guid":{"rendered":"https:\/\/charta-nekretnine.hr\/?post_type=product&#038;p=7703"},"modified":"2024-09-18T08:43:35","modified_gmt":"2024-09-18T08:43:35","slug":"vila-belavici-projekt-istra","status":"publish","type":"product","link":"https:\/\/charta-nekretnine.hr\/en\/product\/vila-belavici-projekt-istra\/","title":{"rendered":"Vila Belavi\u0107i &#8211; zemlji\u0161te sa gra\u0111evinskom dozvolom"},"content":{"rendered":"","protected":false},"excerpt":{"rendered":"<h1>Vila Belavi\u0107i &#8211; gra\u0111evinsko zemlji\u0161te sa 3 parcele<\/h1>\n<p>U ponudi je gra\u0111evinsko zemlji\u0161te ukupne povr\u0161ine 3440 m\u00b2 sa razra\u0111enim idejnim projektom za 3 odvojene, luksuzne vile sa bazenom.<\/p>\n<p>Nudimo prodaju projekta ili ako je to kupcu potrebno i uslugu gradnje ku\u0107e ili pak prodaju ku\u0107e u izgradnji (klju\u010d u ruke) &#8211; naravno s neopozivim garancijama pla\u0107anja za ugovorenu cijenu.<\/p>\n<p>Za budu\u0107e vile izra\u0111ena je projektna dokumentacija uz ishodovanu pravomo\u0107nu gra\u0111evinsku dozvolu.<\/p>\n<p>Projekt je idealan za ulaganje u turisti\u010dki smje\u0161taj i iznajmljivanje.<\/p>\n<p>Cijena od 297.200 \u20ac uklju\u010duje:<\/p>\n<ul>\n<li><strong>\u2022\u00a0<\/strong>gra\u0111evinsko zemlji\u0161te 3440 m\u00b2<\/li>\n<li><strong>\u2022 <\/strong>projektnu dokumentaciju i ishodovanu gra\u0111evinsku dozvolu*<\/li>\n<\/ul>\n<p>*Projektna dokumentacija se satoji od: Idejnog projekta, Glavnog projekta, Tro\u0161kovnika, Pravomo\u0107ne gra\u0111evinske dozvole te pla\u0107enih komunalnih doprinosa<\/p>\n<h2>Lokacija<\/h2>\n<p>Vila Belavi\u0107i bit \u0107e sagra\u0111ena u naselju Belavi\u0107i u okolici Mar\u010dane, Istra. Zemlji\u0161te je na mirnom podru\u010dju poznatom po luksuznim vilama sa visokim stupnjem privatnosti.<\/p>\n<p>Od mora je udaljena 2.400 metara. Do Zra\u010dne luke Pula dijeli je 15 minutna vo\u017enja, a grad Pula je udaljena na manje od pola sata vo\u017enje.<\/p>\n<h2>Tlocrtni plan &#8211; Vila Belavi\u0107i<\/h2>\n<p>Vila se sastoji od prizemlja kojim dominira proto\u010dna glavna prostorija sa blagavaonicom i dnevnim boravkom. Kat je dizajniran sa ciljem da gosti potra\u0107e mir u jednoj od 3 spava\u0107e sobe.<\/p>\n<h3>Prizemlje<\/h3>\n<p>Neto povr\u0161ina prizemlja (bez terasa): 117,59 m\u00b2<\/p>\n<ul>\n<li><strong>\u2022 <\/strong>ulazni prostor 4.38m\u00b2<\/li>\n<li><strong>\u2022 <\/strong>hodnik 14.30 m\u00b2<\/li>\n<li><strong>\u2022 <\/strong>spremi\u0161te \/ tehnika 9.95 m\u00b2<\/li>\n<li><strong>\u2022\u00a0<\/strong>kuhinja, blagavonica, dnevni boravak 56.83 m\u00b2<\/li>\n<li><strong>\u2022 <\/strong>spava\u0107a soba 22.96 m\u00b2<\/li>\n<li><strong>\u2022 <\/strong>kupaonica 5.44 m\u00b2<\/li>\n<li><strong>\u2022 <\/strong>wc 3.75 m\u00b2<\/li>\n<li><strong>\u2022 <\/strong>natkriveni trijem 5.90 m\u00b2<\/li>\n<li><strong>\u2022 <\/strong>natkrivena terasa 85.19 m\u00b2<\/li>\n<\/ul>\n<h3>Kat<\/h3>\n<p>Neto povr\u0161ina prizemlja (bez terasa): 113,43 m\u00b2<\/p>\n<ul>\n<li><strong>\u2022 <\/strong>hodnik (1) 10.52 m\u00b2<\/li>\n<li><strong>\u2022 <\/strong>hodnik (2) 7.74 m\u00b2<\/li>\n<li><strong>\u2022 <\/strong>praonica \/ garderoba 9.95m\u00b2<\/li>\n<li><strong>\u2022 <\/strong>spava\u0107a soba (1) 22.96 m\u00b2<\/li>\n<li><strong>\u2022 <\/strong>kupaonica (1) 5.44 m\u00b2<\/li>\n<li><strong>\u2022 <\/strong>spava\u0107a soba (2) 20.95 m\u00b2<\/li>\n<li><strong>\u2022 <\/strong>kupaonica (2) 5.44 m\u00b2<\/li>\n<li><strong>\u2022 <\/strong>spava\u0107a soba (3) 15.58 m\u00b2<\/li>\n<li><strong>\u2022 <\/strong>kupaonica (3) 5.95 m\u00b2<\/li>\n<li><strong>\u2022 <\/strong>terasa 76.14 m\u00b2<\/li>\n<\/ul>\n<p>Svaka spava\u0107a soba ima vlastitu kupaonicu.<\/p>\n<h2>Kontakt<\/h2>\n<p>Zainteresiranim investitorima <a href=\"https:\/\/charta-nekretnine.hr\/en\/kontakt\/\" target=\"_blank\" rel=\"noopener\"><strong>na raspolaganju smo<\/strong><\/a>:<\/p>\n<p>+385 (0)91 584 9977<\/p>\n<p>info@charta-nekretnine.hr<\/p>\n<p>Za projekt Vila Belavi\u0107i, projektnu dokumentaciju dostavljamo na zahtjev.<\/p>","protected":false},"featured_media":7705,"template":"","meta":{"_acf_changed":false,"ocean_post_layout":"","ocean_both_sidebars_style":"","ocean_both_sidebars_content_width":0,"ocean_both_sidebars_sidebars_width":0,"ocean_sidebar":"0","ocean_second_sidebar":"0","ocean_disable_margins":"enable","ocean_add_body_class":"","ocean_shortcode_before_top_bar":"","ocean_shortcode_after_top_bar":"","ocean_shortcode_before_header":"","ocean_shortcode_after_header":"","ocean_has_shortcode":"","ocean_shortcode_after_title":"","ocean_shortcode_before_footer_widgets":"","ocean_shortcode_after_footer_widgets":"","ocean_shortcode_before_footer_bottom":"","ocean_shortcode_after_footer_bottom":"","ocean_display_top_bar":"default","ocean_display_header":"default","ocean_header_style":"","ocean_center_header_left_menu":"0","ocean_custom_header_template":"0","ocean_custom_logo":0,"ocean_custom_retina_logo":0,"ocean_custom_logo_max_width":0,"ocean_custom_logo_tablet_max_width":0,"ocean_custom_logo_mobile_max_width":0,"ocean_custom_logo_max_height":0,"ocean_custom_logo_tablet_max_height":0,"ocean_custom_logo_mobile_max_height":0,"ocean_header_custom_menu":"0","ocean_menu_typo_font_family":"0","ocean_menu_typo_font_subset":"","ocean_menu_typo_font_size":0,"ocean_menu_typo_font_size_tablet":0,"ocean_menu_typo_font_size_mobile":0,"ocean_menu_typo_font_size_unit":"px","ocean_menu_typo_font_weight":"","ocean_menu_typo_font_weight_tablet":"","ocean_menu_typo_font_weight_mobile":"","ocean_menu_typo_transform":"","ocean_menu_typo_transform_tablet":"","ocean_menu_typo_transform_mobile":"","ocean_menu_typo_line_height":0,"ocean_menu_typo_line_height_tablet":0,"ocean_menu_typo_line_height_mobile":0,"ocean_menu_typo_line_height_unit":"","ocean_menu_typo_spacing":0,"ocean_menu_typo_spacing_tablet":0,"ocean_menu_typo_spacing_mobile":0,"ocean_menu_typo_spacing_unit":"","ocean_menu_link_color":"","ocean_menu_link_color_hover":"","ocean_menu_link_color_active":"","ocean_menu_link_background":"","ocean_menu_link_hover_background":"","ocean_menu_link_active_background":"","ocean_menu_social_links_bg":"","ocean_menu_social_hover_links_bg":"","ocean_menu_social_links_color":"","ocean_menu_social_hover_links_color":"","ocean_disable_title":"default","ocean_disable_heading":"default","ocean_post_title":"","ocean_post_subheading":"","ocean_post_title_style":"","ocean_post_title_background_color":"","ocean_post_title_background":0,"ocean_post_title_bg_image_position":"","ocean_post_title_bg_image_attachment":"","ocean_post_title_bg_image_repeat":"","ocean_post_title_bg_image_size":"","ocean_post_title_height":0,"ocean_post_title_bg_overlay":0.5,"ocean_post_title_bg_overlay_color":"","ocean_disable_breadcrumbs":"default","ocean_breadcrumbs_color":"","ocean_breadcrumbs_separator_color":"","ocean_breadcrumbs_links_color":"","ocean_breadcrumbs_links_hover_color":"","ocean_display_footer_widgets":"default","ocean_display_footer_bottom":"default","ocean_custom_footer_template":"0"},"product_brand":[],"product_cat":[311],"product_tag":[320],"class_list":{"0":"post-7703","1":"product","2":"type-product","3":"status-publish","4":"has-post-thumbnail","6":"product_cat-vila","7":"product_tag-prodaja-kuca-i-vila","8":"pa_cijena-297-200","9":"pa_kvadratura-364","10":"pa_mjesto-istra-marcana","12":"entry","13":"has-media","15":"first","16":"instock","17":"shipping-taxable","18":"purchasable","19":"product-type-simple","20":"has-product-nav","21":"col","22":"span_1_of_3","23":"owp-content-center","24":"owp-thumbs-layout-horizontal","25":"owp-btn-normal","26":"owp-tabs-layout-horizontal"},"acf":[],"jetpack_sharing_enabled":true,"_links":{"self":[{"href":"https:\/\/charta-nekretnine.hr\/en\/wp-json\/wp\/v2\/product\/7703","targetHints":{"allow":["GET"]}}],"collection":[{"href":"https:\/\/charta-nekretnine.hr\/en\/wp-json\/wp\/v2\/product"}],"about":[{"href":"https:\/\/charta-nekretnine.hr\/en\/wp-json\/wp\/v2\/types\/product"}],"wp:featuredmedia":[{"embeddable":true,"href":"https:\/\/charta-nekretnine.hr\/en\/wp-json\/wp\/v2\/media\/7705"}],"wp:attachment":[{"href":"https:\/\/charta-nekretnine.hr\/en\/wp-json\/wp\/v2\/media?parent=7703"}],"wp:term":[{"taxonomy":"product_brand","embeddable":true,"href":"https:\/\/charta-nekretnine.hr\/en\/wp-json\/wp\/v2\/product_brand?post=7703"},{"taxonomy":"product_cat","embeddable":true,"href":"https:\/\/charta-nekretnine.hr\/en\/wp-json\/wp\/v2\/product_cat?post=7703"},{"taxonomy":"product_tag","embeddable":true,"href":"https:\/\/charta-nekretnine.hr\/en\/wp-json\/wp\/v2\/product_tag?post=7703"}],"curies":[{"name":"wp","href":"https:\/\/api.w.org\/{rel}","templated":true}]}}