{"id":7756,"date":"2024-02-27T10:01:35","date_gmt":"2024-02-27T10:01:35","guid":{"rendered":"https:\/\/charta-nekretnine.hr\/?post_type=product&#038;p=7756"},"modified":"2025-09-28T09:45:18","modified_gmt":"2025-09-28T09:45:18","slug":"mobilne-kucice-kamp-gordana-drage","status":"publish","type":"product","link":"https:\/\/charta-nekretnine.hr\/en\/product\/mobilne-kucice-kamp-gordana-drage\/","title":{"rendered":"Mobilne ku\u0107ice uz more Kamp Gordana"},"content":{"rendered":"","protected":false},"excerpt":{"rendered":"<h1>Kamp Gordana<\/h1>\n<h3><strong>Napomena za posjetitelje na\u0161eg web portala:<\/strong><\/h3>\n<p>Kamp Gordana u Dragama popunjen je u cijelosti, a sve su mobilne ku\u0107ice dobile svoje vlasnike. Po\u010detkom 2025. godine stavljena je i posljednja mobilna ku\u0107ica na slobodnu parcelu, tako da vi\u0161e nema mobilnih ku\u0107ica na prodaju na ovoj lokaciji.<\/p>\n<p>Svim na\u0161im klijentima \u017eelimo ugodan boravak i uspje\u0161no iznajmljivanje ku\u0107ica u nadolaze\u0107im godinama. Zahvaljujemo vam na povjerenju koje ste nam iskazali!<\/p>\n<h3>Originalni tekst ponude:<\/h3>\n<p>U ponudi su 3 parcele za 10 godi\u0161nji najam i nove mobilne ku\u0107ice u kampu koji se nalazi u neposrednoj blizini obale.<\/p>\n<p>Kamp se nalazi u Dragama u blizini Pako\u0161tana i cestovno je povezan sa svim naseljima u blizini. Zakupom parcele na 10 godina i kupovinom ku\u0107ice na njoj pokre\u0107ete investiciju u svoj smje\u0161taj do mora.<\/p>\n<p>Odlu\u010dite li se koristiti ku\u0107icu za sebe ili \u0107ete ju namijeniti za najam, lako spojite obje mogu\u0107nosti: iznajmljujte ku\u0107icu da pokrijete godi\u0161nje tro\u0161kove, a ostatak godine u\u017eivajte u svojoj vikend destinaciji.<\/p>\n<p>Kamp Gordana je otvoren cijelu godinu, na vama je da napravite ponudu koja \u0107e privla\u010diti goste u svakom godi\u0161njem dobu.<\/p>\n<p>Naravno, sa nama \u0107ete pro\u0107i osnovnu orijentaciju, a na raspolaganju vam nudimo i paket upravljanja mobilnim ku\u0107icama.<\/p>\n<h2>Osnovne informacije<\/h2>\n<ul>\n<li><strong>\u2022\u00a0<\/strong>cijena mobilne ku\u0107ice: 35.000 \u20ac plus pdv<\/li>\n<li><strong>\u2022\u00a0<\/strong>godi\u0161nji pau\u0161al: 6.000 \u20ac<\/li>\n<li><strong>\u2022\u00a0<\/strong>stanje mobilne ku\u0107ice: nova, potpuno opremljena i ure\u0111ena<\/li>\n<\/ul>\n<hr \/>\n<ul>\n<li><strong>\u2022<\/strong>\u00a0dimenzija mobilne ku\u0107ice u kampu: 8 x 3 m<\/li>\n<li><strong>\u2022<\/strong>\u00a0terasa: natkrivena 8 x 3 m<\/li>\n<li><strong>\u2022\u00a0<\/strong>blizina mora: 50 metara<\/li>\n<\/ul>\n<hr \/>\n<ul>\n<li><strong>\u2022\u00a0<\/strong>trajanje ugovora: 10 godina<\/li>\n<li><strong>\u2022\u00a0<\/strong>produljenje ugovora: mogu\u0107 dogovor<\/li>\n<li><strong>\u2022\u00a0<\/strong>period rada: kamp Gordana je otvoren cijele godine<\/li>\n<\/ul>\n<h2>Povrat investicije<\/h2>\n<p>Smje\u0161taj u mobilnoj ku\u0107ici ima vi\u0161e prednosti u odnosu na apartmane. Vi\u0161e privatnosti\u00a0 i sloboda boravka u moderno opremljenim ku\u0107icama u neposrednoj blizini mora \u010dini mobilne ku\u0107ice eksluzivnom ponudom za doma\u0107e i strane turiste.<\/p>\n<p>Vanjska natkrivena terasa koja slu\u017ei za opu\u0161tanje mo\u017ee se dodatno opremiti vanjskom kuhinjom. Time va\u0161im gostima dajete priliku da zadr\u017ee unutarnji prostor rashla\u0111enim, dok hranu pripremaju na svje\u017eem, morskom zraku.<\/p>\n<p>Uz lounge zonu koju ve\u0107ina vlasnika ku\u0107ica za odmor postavlja na terasi, dobivate 48 m\u00b2 prostora za ugodan i udoban odmor za cijelu obitelj.<\/p>\n<p>Po\u017eeljno je uz ku\u0107ice postaviti vanjski tu\u0161. Kako se kamp Gordana nalazi vrlo blizu mora, kratko osvje\u017eenje pod tu\u0161em olak\u0161at \u0107e ispiranje soli sa ko\u017ee.<\/p>\n<p>Imaju\u0107i to na umu, cijene no\u0107enja u mobilnim ku\u0107icama redovito posti\u017eu ve\u0107e prihode od iznajmljivanja.<\/p>\n<p>Tijekom vrhunca sezone (srpanj &#8211; kolovoz), cijene no\u0107enja su bile protekle &#8217;23. g. bile na razini iznad 200 \u20ac<\/p>\n<p>Prema procjeni prihoda i iskustvu na\u0161ih klijenata, povrat investicije se mo\u017ee o\u010dekivati u periodu od 4 do 6 godina.<\/p>\n<p>Preostalo vrijeme do isteka ugovora o zakupu parcele za kamp Gordana, ostvarujete prihod od iznajmljivanja. Pojednostavljeno, istekom ugovora nakon 10 godina, va\u0161a se investicija gotovo dvostruko isplatila.<\/p>\n<h2>Kamp Gordana \u2013 opremljenost ku\u0107ica<\/h2>\n<p>Svaka se mobilna ku\u0107ica isporu\u010duje i postavlja na parcelu u potpunosti opremljena namje\u0161tajem i ku\u0107anskim aparatima.<\/p>\n<p>Za ovu lokaciju preporu\u010dujemo Delux Eco model, \u010dije se luksuzne karakteristike i dodaci savr\u0161eno uklapaju u op\u0107i dojam savr\u0161enog odmora. I najzahtjevniji gosti \u0107e provesti odmor bez zamjerke.<\/p>\n<figure id=\"attachment_7779\" aria-describedby=\"caption-attachment-7779\" style=\"width: 480px\" class=\"wp-caption aligncenter\"><img fetchpriority=\"high\" decoding=\"async\" class=\"wp-image-7779\" src=\"https:\/\/charta-nekretnine.hr\/wp-content\/uploads\/2024\/03\/Delux4-Hosekra.jpg\" alt=\"Kuhinja i blagavaona\" width=\"480\" height=\"360\" srcset=\"https:\/\/charta-nekretnine.hr\/wp-content\/uploads\/2024\/03\/Delux4-Hosekra.jpg 720w, https:\/\/charta-nekretnine.hr\/wp-content\/uploads\/2024\/03\/Delux4-Hosekra-16x12.jpg 16w, https:\/\/charta-nekretnine.hr\/wp-content\/uploads\/2024\/03\/Delux4-Hosekra-600x450.jpg 600w\" sizes=\"(max-width: 480px) 100vw, 480px\" \/><figcaption id=\"caption-attachment-7779\" class=\"wp-caption-text\">Moderno ure\u0111ena i opremljena mobilna ku\u0107ica<\/figcaption><\/figure>\n<p>Interijer ku\u0107ica za kamp Gordana pomno je isplaniran tako da je iskori\u0161tenost prostora maksimalna, a odlikuje ga pametno osmi\u0161ljen prostor za pohranu prtljage i osobnih stvari.<\/p>\n<p>Kuhinja dolazi sa velikim fri\u017eiderom, perilicom posu\u0111a i plo\u0107om za kuhanje, dok kao dodatnu pogodnost za svoje goste mo\u017eete urediti i vanjsku kuhinju na prostranoj terasi.<\/p>\n<p>Spava\u0107e sobe mogu imaju dovoljno prostora za odlaganje odje\u0107e, a kupaonica je ure\u0111ena tako da se vi\u0161e osoba mo\u017ee kretati u njoj bez stvaranja gu\u017eve.<\/p>\n<p>Uz smart TV i klima ure\u0111aj, dnevni \u0107e boravak biti ugodno mjesto za odmor nakon ru\u010dka ili popodnevni spavanac.\u00a0 Na terasi mo\u017eete urediti lounge zonu i time stvoriti dodatan prostor za opu\u0161tanje va\u0161ih gostiju.<\/p>\n<figure id=\"attachment_8166\" aria-describedby=\"caption-attachment-8166\" style=\"width: 515px\" class=\"wp-caption aligncenter\"><img decoding=\"async\" class=\"wp-image-8166\" src=\"https:\/\/charta-nekretnine.hr\/wp-content\/uploads\/2024\/08\/Postavljena-kucica-kamp-Vrulje.jpg\" alt=\"Mobilna ku\u0107ica u kampu Vrulje\" width=\"515\" height=\"360\" srcset=\"https:\/\/charta-nekretnine.hr\/wp-content\/uploads\/2024\/08\/Postavljena-kucica-kamp-Vrulje.jpg 773w, https:\/\/charta-nekretnine.hr\/wp-content\/uploads\/2024\/08\/Postavljena-kucica-kamp-Vrulje-768x537.jpg 768w, https:\/\/charta-nekretnine.hr\/wp-content\/uploads\/2024\/08\/Postavljena-kucica-kamp-Vrulje-18x12.jpg 18w, https:\/\/charta-nekretnine.hr\/wp-content\/uploads\/2024\/08\/Postavljena-kucica-kamp-Vrulje-600x419.jpg 600w\" sizes=\"(max-width: 515px) 100vw, 515px\" \/><figcaption id=\"caption-attachment-8166\" class=\"wp-caption-text\">Mobilna ku\u0107ica koju smo postavili u kampu Vrulje (Pirovac) za na\u0161e drage klijente<\/figcaption><\/figure>\n<h3>\u010cesta pitanja i odgovori vezani uz ulaganje u mobilne ku\u0107ice<\/h3>\n<div class=\"x11i5rnm xat24cr x1mh8g0r x1vvkbs xtlvy1s x126k92a\">\n<p dir=\"auto\">Zanima li vas investicija u mobilne ku\u0107ice i kamp Gordana u blizini mora, sigurno \u017eelite znati odgovore na sljede\u0107a pitanja:<\/p>\n<\/div>\n<div class=\"x11i5rnm xat24cr x1mh8g0r x1vvkbs xtlvy1s x126k92a\">\n<div dir=\"auto\"><span class=\"x3nfvp2 x1j61x8r x1fcty0u xdj266r xhhsvwb xat24cr xgzva0m xxymvpz xlup9mm x1kky2od\"><img decoding=\"async\" class=\"xz74otr\" src=\"https:\/\/static.xx.fbcdn.net\/images\/emoji.php\/v9\/t72\/3\/16\/1f518.png\" alt=\"\ud83d\udd18\" width=\"16\" height=\"16\" \/><\/span>\u00a0\u0160to je pau\u0161al?<\/div>\n<div dir=\"auto\"><span class=\"x3nfvp2 x1j61x8r x1fcty0u xdj266r xhhsvwb xat24cr xgzva0m xxymvpz xlup9mm x1kky2od\"><img loading=\"lazy\" decoding=\"async\" class=\"xz74otr\" src=\"https:\/\/static.xx.fbcdn.net\/images\/emoji.php\/v9\/t8f\/3\/16\/2611.png\" alt=\"\u2611\ufe0f\" width=\"16\" height=\"16\" \/><\/span>\u00a0O pau\u0161alu vi\u0161e pro\u010ditajte u\u00a0<strong><a href=\"https:\/\/charta-nekretnine.hr\/en\/2023\/04\/28\/zasto-se-placa-pausal-za-mobilne-kucice-u-kampovima\/\" target=\"_blank\" rel=\"noopener\">na\u0161em blogu<\/a><\/strong><\/div>\n<\/div>\n<div class=\"x11i5rnm xat24cr x1mh8g0r x1vvkbs xtlvy1s x126k92a\">\n<div dir=\"auto\"><span class=\"x3nfvp2 x1j61x8r x1fcty0u xdj266r xhhsvwb xat24cr xgzva0m xxymvpz xlup9mm x1kky2od\"><img decoding=\"async\" class=\"xz74otr\" src=\"https:\/\/static.xx.fbcdn.net\/images\/emoji.php\/v9\/t72\/3\/16\/1f518.png\" alt=\"\ud83d\udd18\" width=\"16\" height=\"16\" \/><\/span>\u00a0Za koliko mogu vratiti ulo\u017eeno?<\/div>\n<div dir=\"auto\"><span class=\"x3nfvp2 x1j61x8r x1fcty0u xdj266r xhhsvwb xat24cr xgzva0m xxymvpz xlup9mm x1kky2od\"><img loading=\"lazy\" decoding=\"async\" class=\"xz74otr\" src=\"https:\/\/static.xx.fbcdn.net\/images\/emoji.php\/v9\/t8f\/3\/16\/2611.png\" alt=\"\u2611\ufe0f\" width=\"16\" height=\"16\" \/><\/span> O\u010dekivani povrat investicije je 4 do 6 godina<\/div>\n<\/div>\n<div class=\"x11i5rnm xat24cr x1mh8g0r x1vvkbs xtlvy1s x126k92a\">\n<div dir=\"auto\"><span class=\"x3nfvp2 x1j61x8r x1fcty0u xdj266r xhhsvwb xat24cr xgzva0m xxymvpz xlup9mm x1kky2od\"><img decoding=\"async\" class=\"xz74otr\" src=\"https:\/\/static.xx.fbcdn.net\/images\/emoji.php\/v9\/t72\/3\/16\/1f518.png\" alt=\"\ud83d\udd18\" width=\"16\" height=\"16\" \/><\/span>\u00a0Mogu li boraviti u mobilnoj ku\u0107ici?<\/div>\n<div dir=\"auto\"><span class=\"x3nfvp2 x1j61x8r x1fcty0u xdj266r xhhsvwb xat24cr xgzva0m xxymvpz xlup9mm x1kky2od\"><img loading=\"lazy\" decoding=\"async\" class=\"xz74otr\" src=\"https:\/\/static.xx.fbcdn.net\/images\/emoji.php\/v9\/t8f\/3\/16\/2611.png\" alt=\"\u2611\ufe0f\" width=\"16\" height=\"16\" \/><\/span>\u00a0Naravno, mo\u017eete kombinirati najam ku\u0107ice, boraviti u njoj ili pozvati prijatelje i rodbinu da odsjednu u njoj?<\/div>\n<\/div>\n<div class=\"x11i5rnm xat24cr x1mh8g0r x1vvkbs xtlvy1s x126k92a\">\n<div dir=\"auto\"><span class=\"x3nfvp2 x1j61x8r x1fcty0u xdj266r xhhsvwb xat24cr xgzva0m xxymvpz xlup9mm x1kky2od\"><img decoding=\"async\" class=\"xz74otr\" src=\"https:\/\/static.xx.fbcdn.net\/images\/emoji.php\/v9\/t72\/3\/16\/1f518.png\" alt=\"\ud83d\udd18\" width=\"16\" height=\"16\" \/><\/span> \u010cije su vlasni\u0161tvo ove mobilne ku\u0107ice ?<\/div>\n<div dir=\"auto\"><span class=\"x3nfvp2 x1j61x8r x1fcty0u xdj266r xhhsvwb xat24cr xgzva0m xxymvpz xlup9mm x1kky2od\"><img loading=\"lazy\" decoding=\"async\" class=\"xz74otr\" src=\"https:\/\/static.xx.fbcdn.net\/images\/emoji.php\/v9\/t8f\/3\/16\/2611.png\" alt=\"\u2611\ufe0f\" width=\"16\" height=\"16\" \/><\/span>\u00a0Va\u0161e! Velika je prednost ovog na\u010dina investiranja \u0161to ku\u0107icu mo\u017eete prodati i time jo\u0161 pove\u0107ati svoju dobit.<\/div>\n<\/div>\n<div class=\"x11i5rnm xat24cr x1mh8g0r x1vvkbs xtlvy1s x126k92a\">\n<div dir=\"auto\"><span class=\"x3nfvp2 x1j61x8r x1fcty0u xdj266r xhhsvwb xat24cr xgzva0m xxymvpz xlup9mm x1kky2od\"><img decoding=\"async\" class=\"xz74otr\" src=\"https:\/\/static.xx.fbcdn.net\/images\/emoji.php\/v9\/t72\/3\/16\/1f518.png\" alt=\"\ud83d\udd18\" width=\"16\" height=\"16\" \/><\/span>\u00a0Da li je i parcela u kampu moja?<\/div>\n<div dir=\"auto\"><span class=\"x3nfvp2 x1j61x8r x1fcty0u xdj266r xhhsvwb xat24cr xgzva0m xxymvpz xlup9mm x1kky2od\"><img loading=\"lazy\" decoding=\"async\" class=\"xz74otr\" src=\"https:\/\/static.xx.fbcdn.net\/images\/emoji.php\/v9\/t8f\/3\/16\/2611.png\" alt=\"\u2611\ufe0f\" width=\"16\" height=\"16\" \/><\/span>\u00a0Ne! Zemlji\u0161te kampa privatno je vlasni\u0161tvo koje se daje u zakup na odre\u0111eni broj godina.<\/div>\n<\/div>\n<div class=\"x11i5rnm xat24cr x1mh8g0r x1vvkbs xtlvy1s x126k92a\">\n<div dir=\"auto\"><span class=\"x3nfvp2 x1j61x8r x1fcty0u xdj266r xhhsvwb xat24cr xgzva0m xxymvpz xlup9mm x1kky2od\"><img decoding=\"async\" class=\"xz74otr\" src=\"https:\/\/static.xx.fbcdn.net\/images\/emoji.php\/v9\/t72\/3\/16\/1f518.png\" alt=\"\ud83d\udd18\" width=\"16\" height=\"16\" \/><\/span> Isplati li se ulagati u mobilne ku\u0107ice?<\/div>\n<div dir=\"auto\">\n<p><span class=\"x3nfvp2 x1j61x8r x1fcty0u xdj266r xhhsvwb xat24cr xgzva0m xxymvpz xlup9mm x1kky2od\"><img loading=\"lazy\" decoding=\"async\" class=\"xz74otr\" src=\"https:\/\/static.xx.fbcdn.net\/images\/emoji.php\/v9\/t8f\/3\/16\/2611.png\" alt=\"\u2611\ufe0f\" width=\"16\" height=\"16\" \/><\/span>\u00a0Nazovite nas i saznajte detalje na\u0161e ponude!<\/p>\n<\/div>\n<\/div>\n<div class=\"x11i5rnm xat24cr x1mh8g0r x1vvkbs xtlvy1s x126k92a\">\n<div dir=\"auto\">Za sve detalje i informacije o kampu Gordana, mobilnim ku\u0107icama i investicijskom ciklusu, na raspolaganju smo vam na:<\/div>\n<div dir=\"auto\"><\/div>\n<div dir=\"auto\">+385 (0)91 900 1525<br \/>\n+385 (0)99 366 4412<br \/>\n+385 (0)99 738 5893<br \/>\n+385 (0)95 724 2285<\/div>\n<div dir=\"auto\"><\/div>\n<div dir=\"auto\">info@charta-nekretnine.hr<\/div>\n<\/div>","protected":false},"featured_media":9211,"template":"","meta":{"_acf_changed":false,"ocean_post_layout":"","ocean_both_sidebars_style":"","ocean_both_sidebars_content_width":0,"ocean_both_sidebars_sidebars_width":0,"ocean_sidebar":"0","ocean_second_sidebar":"0","ocean_disable_margins":"enable","ocean_add_body_class":"","ocean_shortcode_before_top_bar":"","ocean_shortcode_after_top_bar":"","ocean_shortcode_before_header":"","ocean_shortcode_after_header":"","ocean_has_shortcode":"","ocean_shortcode_after_title":"","ocean_shortcode_before_footer_widgets":"","ocean_shortcode_after_footer_widgets":"","ocean_shortcode_before_footer_bottom":"","ocean_shortcode_after_footer_bottom":"","ocean_display_top_bar":"default","ocean_display_header":"default","ocean_header_style":"","ocean_center_header_left_menu":"0","ocean_custom_header_template":"0","ocean_custom_logo":0,"ocean_custom_retina_logo":0,"ocean_custom_logo_max_width":0,"ocean_custom_logo_tablet_max_width":0,"ocean_custom_logo_mobile_max_width":0,"ocean_custom_logo_max_height":0,"ocean_custom_logo_tablet_max_height":0,"ocean_custom_logo_mobile_max_height":0,"ocean_header_custom_menu":"0","ocean_menu_typo_font_family":"0","ocean_menu_typo_font_subset":"","ocean_menu_typo_font_size":0,"ocean_menu_typo_font_size_tablet":0,"ocean_menu_typo_font_size_mobile":0,"ocean_menu_typo_font_size_unit":"px","ocean_menu_typo_font_weight":"","ocean_menu_typo_font_weight_tablet":"","ocean_menu_typo_font_weight_mobile":"","ocean_menu_typo_transform":"","ocean_menu_typo_transform_tablet":"","ocean_menu_typo_transform_mobile":"","ocean_menu_typo_line_height":0,"ocean_menu_typo_line_height_tablet":0,"ocean_menu_typo_line_height_mobile":0,"ocean_menu_typo_line_height_unit":"","ocean_menu_typo_spacing":0,"ocean_menu_typo_spacing_tablet":0,"ocean_menu_typo_spacing_mobile":0,"ocean_menu_typo_spacing_unit":"","ocean_menu_link_color":"","ocean_menu_link_color_hover":"","ocean_menu_link_color_active":"","ocean_menu_link_background":"","ocean_menu_link_hover_background":"","ocean_menu_link_active_background":"","ocean_menu_social_links_bg":"","ocean_menu_social_hover_links_bg":"","ocean_menu_social_links_color":"","ocean_menu_social_hover_links_color":"","ocean_disable_title":"default","ocean_disable_heading":"default","ocean_post_title":"","ocean_post_subheading":"","ocean_post_title_style":"","ocean_post_title_background_color":"","ocean_post_title_background":0,"ocean_post_title_bg_image_position":"","ocean_post_title_bg_image_attachment":"","ocean_post_title_bg_image_repeat":"","ocean_post_title_bg_image_size":"","ocean_post_title_height":0,"ocean_post_title_bg_overlay":0.5,"ocean_post_title_bg_overlay_color":"","ocean_disable_breadcrumbs":"default","ocean_breadcrumbs_color":"","ocean_breadcrumbs_separator_color":"","ocean_breadcrumbs_links_color":"","ocean_breadcrumbs_links_hover_color":"","ocean_display_footer_widgets":"default","ocean_display_footer_bottom":"default","ocean_custom_footer_template":"0"},"product_brand":[],"product_cat":[265],"product_tag":[247,272],"class_list":{"0":"post-7756","1":"product","2":"type-product","3":"status-publish","4":"has-post-thumbnail","6":"product_cat-mobilne-kucice","7":"product_tag-prodaja","8":"product_tag-prodaja-mobilnih-kucica","9":"pa_broj-kupaonica-60","10":"pa_broj-spavacih-soba-52","11":"pa_cijena-35-000-plus-pdv","12":"pa_kvadratura-24-24-terasa","13":"pa_mjesto-drage-lucica","14":"pa_stanje-objekta-nove-mobilne-kucice","15":"pa_vrsta-objave-prodaja","17":"entry","18":"has-media","20":"first","21":"instock","22":"shipping-taxable","23":"purchasable","24":"product-type-simple","25":"has-product-nav","26":"col","27":"span_1_of_3","28":"owp-content-center","29":"owp-thumbs-layout-horizontal","30":"owp-btn-normal","31":"owp-tabs-layout-horizontal"},"acf":[],"jetpack_sharing_enabled":true,"_links":{"self":[{"href":"https:\/\/charta-nekretnine.hr\/en\/wp-json\/wp\/v2\/product\/7756","targetHints":{"allow":["GET"]}}],"collection":[{"href":"https:\/\/charta-nekretnine.hr\/en\/wp-json\/wp\/v2\/product"}],"about":[{"href":"https:\/\/charta-nekretnine.hr\/en\/wp-json\/wp\/v2\/types\/product"}],"wp:featuredmedia":[{"embeddable":true,"href":"https:\/\/charta-nekretnine.hr\/en\/wp-json\/wp\/v2\/media\/9211"}],"wp:attachment":[{"href":"https:\/\/charta-nekretnine.hr\/en\/wp-json\/wp\/v2\/media?parent=7756"}],"wp:term":[{"taxonomy":"product_brand","embeddable":true,"href":"https:\/\/charta-nekretnine.hr\/en\/wp-json\/wp\/v2\/product_brand?post=7756"},{"taxonomy":"product_cat","embeddable":true,"href":"https:\/\/charta-nekretnine.hr\/en\/wp-json\/wp\/v2\/product_cat?post=7756"},{"taxonomy":"product_tag","embeddable":true,"href":"https:\/\/charta-nekretnine.hr\/en\/wp-json\/wp\/v2\/product_tag?post=7756"}],"curies":[{"name":"wp","href":"https:\/\/api.w.org\/{rel}","templated":true}]}}