{"id":7799,"date":"2024-03-05T08:23:10","date_gmt":"2024-03-05T08:23:10","guid":{"rendered":"https:\/\/charta-nekretnine.hr\/?post_type=product&#038;p=7799"},"modified":"2024-09-18T08:41:42","modified_gmt":"2024-09-18T08:41:42","slug":"parcela-za-mobilnu-kucicu-uz-more","status":"publish","type":"product","link":"https:\/\/charta-nekretnine.hr\/en\/product\/parcela-za-mobilnu-kucicu-uz-more\/","title":{"rendered":"Kamp Lovre parcela za mobilnu ku\u0107icu 30 m od mora"},"content":{"rendered":"","protected":false},"excerpt":{"rendered":"<h1>Kamp Lovre &#8211; parcela za mobilnu ku\u0107icu<\/h1>\n<p>Na samo <strong>30 metara od mora\u00a0<\/strong>dostupna je jedna parcela za dugoro\u010dni zakup i postavljanje potpuno nove mobilne ku\u0107ice.<\/p>\n<p>Bilo da ste zainteresirani za najam ku\u0107ice tijekom cijele godine ili vas zanima da najmom pokrijete godi\u0161nje tro\u0161kove, a ostatak vremena provedete sami u ku\u0107ici, ova \u0107e vam atraktivna lokacija omogu\u0107iti razuman rok za povrat invasticije.<\/p>\n<p>Posebnost kampa Lovre je njegova blizina obali. Va\u0161i \u0107e gosti doslovno iz kreveta mo\u0107i sko\u010diti u more, a njegovom lokacijom \u0107e biti odu\u0161evljene obitelji sa manjom i ve\u0107 odraslom djecom.<\/p>\n<h2>Osnovne informacije ponude<\/h2>\n<ul>\n<li><strong>\u2022\u00a0<\/strong>cijena mobilne ku\u0107ice: 32.000 \u20ac plus pdv<\/li>\n<li><strong>\u2022\u00a0<\/strong>godi\u0161nji pau\u0161al: 6.000 \u20ac<\/li>\n<li><strong>\u2022<\/strong>\u00a0dimenzija mobilne ku\u0107ice u kampu: 8 x 3 m<\/li>\n<li><strong>\u2022<\/strong>\u00a0terasa: natkrivena 8 x 3 m<\/li>\n<li><strong>\u2022\u00a0<\/strong>pogled na more: DA<\/li>\n<li><strong>\u2022\u00a0<\/strong>trajanje ugovora: 10 godina<\/li>\n<li><strong>\u2022\u00a0<\/strong>produljenje ugovora: mogu\u0107 dogovor<\/li>\n<li><strong>\u2022\u00a0<\/strong>period rada: kamp je otvoren cijele godine<\/li>\n<li><strong>\u2022\u00a0<\/strong>stanje mobilne ku\u0107ice: nova, potpuno opremljena i ure\u0111ena<\/li>\n<\/ul>\n<p>Kupujete li mobilnu ku\u0107icu sa namjerom turisti\u010dkog iznajmljivanja, prvo \u0161to vas zanima je isplativost investicije. Bez dugoro\u010dno sklopljenog ugovora o zakupu parcele, ra\u010dunica jednostavno pada u vodu.<\/p>\n<p>Na\u0161a je praksa, u dogovoru sa vlasnicima kampova, osigurati kupcima ku\u0107ica period od 10 godina u kojemu \u0107ete isplatiti ulo\u017eeno i ostvariti zacrtanu zaradu.<\/p>\n<h2>\u0160to vam donosi parcela za mobilnu ku\u0107icu?<\/h2>\n<div class=\"x11i5rnm xat24cr x1mh8g0r x1vvkbs xtlvy1s x126k92a\">\n<div dir=\"auto\">\u00a0Parcelu na 10 godina (plus produljenje po dogovoru)<\/div>\n<div dir=\"auto\"><span class=\"x3nfvp2 x1j61x8r x1fcty0u xdj266r xhhsvwb xat24cr xgzva0m xxymvpz xlup9mm x1kky2od\"><img decoding=\"async\" class=\"xz74otr\" src=\"https:\/\/static.xx.fbcdn.net\/images\/emoji.php\/v9\/t2b\/3\/16\/1f533.png\" alt=\"\ud83d\udd33\" width=\"16\" height=\"16\" \/><\/span>\u00a0Mobilnu ku\u0107icu elegantnog di<img decoding=\"async\" class=\"xz74otr\" src=\"https:\/\/static.xx.fbcdn.net\/images\/emoji.php\/v9\/t2b\/3\/16\/1f533.png\" alt=\"\ud83d\udd33\" width=\"16\" height=\"16\" \/>zajna<\/div>\n<div dir=\"auto\"><span class=\"x3nfvp2 x1j61x8r x1fcty0u xdj266r xhhsvwb xat24cr xgzva0m xxymvpz xlup9mm x1kky2od\"><img decoding=\"async\" class=\"xz74otr\" src=\"https:\/\/static.xx.fbcdn.net\/images\/emoji.php\/v9\/t2b\/3\/16\/1f533.png\" alt=\"\ud83d\udd33\" width=\"16\" height=\"16\" \/><\/span>\u00a0Mjesto u kampu blizu lokalnim sadr\u017eajima<\/div>\n<div dir=\"auto\"><span class=\"x3nfvp2 x1j61x8r x1fcty0u xdj266r xhhsvwb xat24cr xgzva0m xxymvpz xlup9mm x1kky2od\"><img decoding=\"async\" class=\"xz74otr\" src=\"https:\/\/static.xx.fbcdn.net\/images\/emoji.php\/v9\/t2b\/3\/16\/1f533.png\" alt=\"\ud83d\udd33\" width=\"16\" height=\"16\" \/><\/span>\u00a0Lokaciju uz more<\/div>\n<div dir=\"auto\"><span class=\"x3nfvp2 x1j61x8r x1fcty0u xdj266r xhhsvwb xat24cr xgzva0m xxymvpz xlup9mm x1kky2od\"><img decoding=\"async\" class=\"xz74otr\" src=\"https:\/\/static.xx.fbcdn.net\/images\/emoji.php\/v9\/t2b\/3\/16\/1f533.png\" alt=\"\ud83d\udd33\" width=\"16\" height=\"16\" \/><\/span>\u00a0Savjetovanje i vodstvo na\u0161eg tima stru\u010dnjaka<\/div>\n<hr \/>\n<\/div>\n<div class=\"x11i5rnm xat24cr x1mh8g0r x1vvkbs xtlvy1s x126k92a\"><\/div>\n<div class=\"x11i5rnm xat24cr x1mh8g0r x1vvkbs xtlvy1s x126k92a\">\n<h2 dir=\"auto\">Paket upravljanja za mobilne ku\u0107ice<\/h2>\n<\/div>\n<p>Za svaku je mobilnu ku\u0107icu mogu\u0107e ugovoriti paket upravljanja koji uklju\u010duje:<\/p>\n<ul>\n<li><strong>\u2022\u00a0<\/strong>iznajmljivanje putem specijaliziranog portala\u00a0<strong><a href=\"https:\/\/mobilehomerent.eu\/\" target=\"_blank\" rel=\"noopener\">MobileHomeRent<\/a><\/strong><\/li>\n<li><strong>\u2022\u00a0<\/strong>koordinaciju raspolo\u017eivih termina na svim portalima<\/li>\n<li><strong>\u2022\u00a0<\/strong>check in \/ check out gostiju<\/li>\n<li><strong>\u2022\u00a0<\/strong>uslugu \u010di\u0161\u0107enja ku\u0107ice<\/li>\n<li><strong>\u2022\u00a0<\/strong>izradu web stranice i vo\u0111enje profila na dru\u0161tvenim mre\u017eama<\/li>\n<li><strong>\u2022\u00a0<\/strong>snimanje promo materijala za mobilne ku\u0107ice<\/li>\n<\/ul>\n<p>Za sve dodatne infomacije vezano uz mobilne ku\u0107ice u kampu, sam kamp te na\u010din poslovanja, obratite se na\u0161em stru\u010dnom timu. Imate li pitanje za nas? Javite nam se\u00a0<a href=\"https:\/\/charta-nekretnine.hr\/en\/kontakt\/\" target=\"_blank\" rel=\"noopener\"><strong>ovdje<\/strong><\/a>\u00a0ili nas kontaktirajte direktno na jedan od na\u0161ih brojeva:<\/p>\n<ul>\n<li>+385 (0)91 900 1525<\/li>\n<li>+385 (0)99 366 4412<\/li>\n<li>+385 (0)99 738 5893<\/li>\n<li>+385 (0)95 724 2285<\/li>\n<\/ul>\n<p>Mail: info@charta-nekretnine.hr<\/p>","protected":false},"featured_media":7800,"template":"","meta":{"_acf_changed":false,"ocean_post_layout":"","ocean_both_sidebars_style":"","ocean_both_sidebars_content_width":0,"ocean_both_sidebars_sidebars_width":0,"ocean_sidebar":"0","ocean_second_sidebar":"0","ocean_disable_margins":"enable","ocean_add_body_class":"","ocean_shortcode_before_top_bar":"","ocean_shortcode_after_top_bar":"","ocean_shortcode_before_header":"","ocean_shortcode_after_header":"","ocean_has_shortcode":"","ocean_shortcode_after_title":"","ocean_shortcode_before_footer_widgets":"","ocean_shortcode_after_footer_widgets":"","ocean_shortcode_before_footer_bottom":"","ocean_shortcode_after_footer_bottom":"","ocean_display_top_bar":"default","ocean_display_header":"default","ocean_header_style":"","ocean_center_header_left_menu":"0","ocean_custom_header_template":"0","ocean_custom_logo":0,"ocean_custom_retina_logo":0,"ocean_custom_logo_max_width":0,"ocean_custom_logo_tablet_max_width":0,"ocean_custom_logo_mobile_max_width":0,"ocean_custom_logo_max_height":0,"ocean_custom_logo_tablet_max_height":0,"ocean_custom_logo_mobile_max_height":0,"ocean_header_custom_menu":"0","ocean_menu_typo_font_family":"0","ocean_menu_typo_font_subset":"","ocean_menu_typo_font_size":0,"ocean_menu_typo_font_size_tablet":0,"ocean_menu_typo_font_size_mobile":0,"ocean_menu_typo_font_size_unit":"px","ocean_menu_typo_font_weight":"","ocean_menu_typo_font_weight_tablet":"","ocean_menu_typo_font_weight_mobile":"","ocean_menu_typo_transform":"","ocean_menu_typo_transform_tablet":"","ocean_menu_typo_transform_mobile":"","ocean_menu_typo_line_height":0,"ocean_menu_typo_line_height_tablet":0,"ocean_menu_typo_line_height_mobile":0,"ocean_menu_typo_line_height_unit":"","ocean_menu_typo_spacing":0,"ocean_menu_typo_spacing_tablet":0,"ocean_menu_typo_spacing_mobile":0,"ocean_menu_typo_spacing_unit":"","ocean_menu_link_color":"","ocean_menu_link_color_hover":"","ocean_menu_link_color_active":"","ocean_menu_link_background":"","ocean_menu_link_hover_background":"","ocean_menu_link_active_background":"","ocean_menu_social_links_bg":"","ocean_menu_social_hover_links_bg":"","ocean_menu_social_links_color":"","ocean_menu_social_hover_links_color":"","ocean_disable_title":"default","ocean_disable_heading":"default","ocean_post_title":"","ocean_post_subheading":"","ocean_post_title_style":"","ocean_post_title_background_color":"","ocean_post_title_background":0,"ocean_post_title_bg_image_position":"","ocean_post_title_bg_image_attachment":"","ocean_post_title_bg_image_repeat":"","ocean_post_title_bg_image_size":"","ocean_post_title_height":0,"ocean_post_title_bg_overlay":0.5,"ocean_post_title_bg_overlay_color":"","ocean_disable_breadcrumbs":"default","ocean_breadcrumbs_color":"","ocean_breadcrumbs_separator_color":"","ocean_breadcrumbs_links_color":"","ocean_breadcrumbs_links_hover_color":"","ocean_display_footer_widgets":"default","ocean_display_footer_bottom":"default","ocean_custom_footer_template":"0"},"product_brand":[],"product_cat":[18],"product_tag":[],"class_list":{"0":"post-7799","1":"product","2":"type-product","3":"status-publish","4":"has-post-thumbnail","6":"product_cat-uncategorized","7":"pa_broj-kupaonica-60","8":"pa_broj-spavacih-soba-52","9":"pa_cijena-32-000-plus-pdv","10":"pa_kvadratura-24-24-terasa","11":"pa_mjesto-drage","13":"entry","14":"has-media","16":"first","17":"instock","18":"shipping-taxable","19":"purchasable","20":"product-type-simple","21":"has-product-nav","22":"col","23":"span_1_of_3","24":"owp-content-center","25":"owp-thumbs-layout-horizontal","26":"owp-btn-normal","27":"owp-tabs-layout-horizontal"},"acf":[],"jetpack_sharing_enabled":true,"_links":{"self":[{"href":"https:\/\/charta-nekretnine.hr\/en\/wp-json\/wp\/v2\/product\/7799","targetHints":{"allow":["GET"]}}],"collection":[{"href":"https:\/\/charta-nekretnine.hr\/en\/wp-json\/wp\/v2\/product"}],"about":[{"href":"https:\/\/charta-nekretnine.hr\/en\/wp-json\/wp\/v2\/types\/product"}],"wp:featuredmedia":[{"embeddable":true,"href":"https:\/\/charta-nekretnine.hr\/en\/wp-json\/wp\/v2\/media\/7800"}],"wp:attachment":[{"href":"https:\/\/charta-nekretnine.hr\/en\/wp-json\/wp\/v2\/media?parent=7799"}],"wp:term":[{"taxonomy":"product_brand","embeddable":true,"href":"https:\/\/charta-nekretnine.hr\/en\/wp-json\/wp\/v2\/product_brand?post=7799"},{"taxonomy":"product_cat","embeddable":true,"href":"https:\/\/charta-nekretnine.hr\/en\/wp-json\/wp\/v2\/product_cat?post=7799"},{"taxonomy":"product_tag","embeddable":true,"href":"https:\/\/charta-nekretnine.hr\/en\/wp-json\/wp\/v2\/product_tag?post=7799"}],"curies":[{"name":"wp","href":"https:\/\/api.w.org\/{rel}","templated":true}]}}