{"id":7804,"date":"2024-03-06T14:23:14","date_gmt":"2024-03-06T14:23:14","guid":{"rendered":"https:\/\/charta-nekretnine.hr\/?post_type=product&#038;p=7804"},"modified":"2024-09-18T08:41:21","modified_gmt":"2024-09-18T08:41:21","slug":"mobilne-kucice-kamp-stipe-drage","status":"publish","type":"product","link":"https:\/\/charta-nekretnine.hr\/en\/product\/mobilne-kucice-kamp-stipe-drage\/","title":{"rendered":"Mobilne ku\u0107ice kamp Stipe (Lu\u010dica, Drage)"},"content":{"rendered":"","protected":false},"excerpt":{"rendered":"<h1>Mobilne ku\u0107ice kamp Stipe<\/h1>\n<p>Zaokru\u017een projekt nadomak Pako\u0161tana u naselju Lu\u010dica Drage, u ponudu stavlja kamp sa mobilnim ku\u0107icama Adria.<\/p>\n<p>Na raspolaganju su preostale jo\u0161 samo <strong>2 parcele <\/strong>povr\u0161ine do 120m\u00b2, a mobilne ku\u0107ice su prostranih dimenzija <strong>7,5 x 4 metara<\/strong>.<\/p>\n<h2>Lokacija kampa i blizina mora<\/h2>\n<p>Kamp se nalazi u turisti\u010dkom naselju Lu\u010dica &#8211; Drage, a od mora i lijepo ure\u0111enih pla\u017ea dijeli ga samo 60 metara.<\/p>\n<p>Lokacija: Lu\u010dica Drage, Pako\u0161tane<br \/>\n<a class=\"x1i10hfl xjbqb8w x6umtig x1b1mbwd xaqea5y xav7gou x9f619 x1ypdohk xt0psk2 xe8uvvx xdj266r x11i5rnm xat24cr x1mh8g0r xexx8yu x4uap5 x18d9i69 xkhd6sd x16tdsg8 x1hl2dhg xggy1nq x1a2a7pz xt0b8zv x1fey0fg\" tabindex=\"0\" role=\"link\" href=\"https:\/\/maps.app.goo.gl\/Us6YAmSNsrcbSz787?fbclid=IwAR0qcc_d_QWKRw2o7newMyF1GoWMnj_AisSU3BpuOKjv0bLDP1dpLC2w_OY\" target=\"_blank\" rel=\"nofollow noopener noreferrer\">https:\/\/maps.app.goo.gl\/Us6YAmSNsrcbSz787<\/a><\/p>\n<p>Gosti va\u0161ih mobilnih ku\u0107ica znat \u0107e cijeniti mir kojim odi\u0161e ovo naselje uz prekrasan pogled koji se pru\u017ea uz obalu cijelim naseljem.<\/p>\n<p>Uz \u0161etnicu i kristalno bistro more, lu\u010dica Drage pravo je mjesto gdje \u0107ete jutra i predve\u010derja provoditi na terasama mobilnih ku\u0107ica ispunjeni dojmovima pejza\u017ea kakvog se mo\u017ee vidjeti na platnima lokalnih slikara.<\/p>\n<h2>Detalji ponude za mobilne ku\u0107ice kamp Stipe<\/h2>\n<h4>Mobilna ku\u0107ica<\/h4>\n<p>Cijena mobilne ku\u0107ice kamp Stipe je <strong>48.000 plus PDV<\/strong>. U cijenu ku\u0107ice ulazi:<\/p>\n<ul>\n<li>\u2022 mobilna ku\u0107ica 7.5 x 4 metara<\/li>\n<li>\u2022 terasa 7,5 x 3 metara<\/li>\n<li>\u2022 prijevoz i monta\u017ea ku\u0107ice i terase<\/li>\n<li>\u2022 osiguran parking<\/li>\n<\/ul>\n<h4>Godi\u0161nji pau\u0161al<\/h4>\n<p>Ugovor za smje\u0161taj mobilne ku\u0107ice u kamp se potpisuje na 10 godina, uz mogu\u0107nost produ\u017eenja ugovora u skladu sa dogovorom sa vlasnikom kampa.<\/p>\n<p>Godi\u0161nji pau\u0161al iznosi 6.000\u20ac.<\/p>\n<h2>Turisti\u010dko \u2013 investicijski projekt<\/h2>\n<p>Ulaganje u mobilne ku\u0107ice kamp Stipe razborit je odabir za po\u010detno ulaganje u turisti\u010dko iznajmljivanje.<\/p>\n<p>Cjenovno puno prihvatljivije od kupovine ku\u0107e na istoj ili sli\u010dnoj lokaciji, mobilne ku\u0107ice pru\u017eaju mogu\u0107nost br\u017eeg povrata ulo\u017eenog uz manje utro\u0161enog vremena (i \u017eivaca) da bi se zapo\u010delo sa projektom iznajmljivanja.<\/p>\n<p>Ku\u0107ice dolaze na lokaciju i montiraju se zajedno sa terasom te se predaju vlasnicima spremne za kori\u0161tenje. Va\u0161 je anga\u017eman minimalan.<\/p>\n<p>S obzirom na poziciju kampa, podatke o popunjenosti tijekom cijele godine i vi\u0161om o\u010dekivanom cijenom najma, ove \u0107e mobilne ku\u0107ice uz more omogu\u0107iti vlasnicima povrat investicije kroz 5 do 7 godina. Tako \u0107e biti dovoljno vremena za ostvarenje dodatne zarade.<\/p>\n<p>U ovu ra\u010dunicu smo predvidjeli sve tro\u0161kove koji idu uz turisti\u010dko \u2013 investicijski projekt ove razine.<\/p>\n<p>S obzirom na mogu\u0107nost produ\u017eenja ugovora o zakupu parcele i nakon 10 godina, potencijal zarade raste sa svakom sljede\u0107om godinom,<\/p>\n<p>Vi\u0161e o predvi\u0111enim tro\u0161kovima poslovanja iznajmljiva\u010da mobilnih ku\u0107ica pro\u010ditajte\u00a0<a href=\"https:\/\/charta-nekretnine.hr\/en\/2023\/04\/28\/zasto-se-placa-pausal-za-mobilne-kucice-u-kampovima\/\" target=\"_blank\" rel=\"noopener\"><strong>u na\u0161em blogu<\/strong><\/a><\/p>\n<h2>Adria mobilne ku\u0107ice &#8211; MLine model<\/h2>\n<p>Dimenzije za mobilne ku\u0107ice kamp Stipe (7.5 x 4 m) pru\u017eaju dovoljno prostranosti za ugodan boravak. Kombinacija prostorija unutar ku\u0107ice osloba\u0111a interijer za ve\u0107u blagavaonu i dnevni boravak, a mogu\u0107e je prostor iskoristiti i za dvije kupaonice.<\/p>\n<figure id=\"attachment_7806\" aria-describedby=\"caption-attachment-7806\" style=\"width: 938px\" class=\"wp-caption aligncenter\"><img fetchpriority=\"high\" decoding=\"async\" class=\"wp-image-7806\" src=\"https:\/\/charta-nekretnine.hr\/wp-content\/uploads\/2024\/03\/tlocrt-1-kupaonica-1000x512.jpg\" alt=\"Tlocrt mobilne ku\u0107ice kamp Srima\" width=\"938\" height=\"480\" srcset=\"https:\/\/charta-nekretnine.hr\/wp-content\/uploads\/2024\/03\/tlocrt-1-kupaonica-1000x512.jpg 1000w, https:\/\/charta-nekretnine.hr\/wp-content\/uploads\/2024\/03\/tlocrt-1-kupaonica-1024x524.jpg 1024w, https:\/\/charta-nekretnine.hr\/wp-content\/uploads\/2024\/03\/tlocrt-1-kupaonica-768x393.jpg 768w, https:\/\/charta-nekretnine.hr\/wp-content\/uploads\/2024\/03\/tlocrt-1-kupaonica-18x9.jpg 18w, https:\/\/charta-nekretnine.hr\/wp-content\/uploads\/2024\/03\/tlocrt-1-kupaonica-600x307.jpg 600w, https:\/\/charta-nekretnine.hr\/wp-content\/uploads\/2024\/03\/tlocrt-1-kupaonica.jpg 1055w\" sizes=\"(max-width: 938px) 100vw, 938px\" \/><figcaption id=\"caption-attachment-7806\" class=\"wp-caption-text\">Tlocrt mobilne ku\u0107ice kamp Stipe<\/figcaption><\/figure>\n<h2>Paket upravljanja za mobilne ku\u0107ice za 2025.<\/h2>\n<p>Za svaku je mobilnu ku\u0107icu mogu\u0107e ugovoriti paket upravljanja koji uklju\u010duje:<\/p>\n<ul>\n<li><strong>\u2022\u00a0<\/strong>iznajmljivanje putem specijaliziranog portala\u00a0<strong><a href=\"https:\/\/mobilehomerent.eu\/\" target=\"_blank\" rel=\"noopener\">MobileHomeRent<\/a><\/strong><\/li>\n<li><strong>\u2022\u00a0<\/strong>koordinaciju raspolo\u017eivih termina na svim portalima<\/li>\n<li><strong>\u2022\u00a0<\/strong>check in \/ check out gostiju<\/li>\n<li><strong>\u2022\u00a0<\/strong>uslugu \u010di\u0161\u0107enja ku\u0107ice<\/li>\n<li><strong>\u2022\u00a0<\/strong>izradu web stranice i vo\u0111enje profila na dru\u0161tvenim mre\u017eama<\/li>\n<li><strong>\u2022\u00a0<\/strong>snimanje promo materijala za mobilne ku\u0107ice<\/li>\n<\/ul>\n<p>Za sve dodatne infomacije vezano uz mobilne ku\u0107ice kamp Stipe, na\u010din poslovanja i investiranja obratite se na\u0161em stru\u010dnom timu.<\/p>\n<p>Imate li pitanje za nas? Javite nam se <a href=\"https:\/\/charta-nekretnine.hr\/en\/kontakt\/\" target=\"_blank\" rel=\"noopener\"><strong>ovdje<\/strong><\/a>\u00a0ili nas kontaktirajte direktno na jedan od na\u0161ih brojeva:<\/p>\n<div dir=\"auto\">+385 (0)91 900 1525<br \/>\n+385 (0)99 366 4412<br \/>\n+385 (0)99 738 5893<br \/>\n+385 (0)95 724 2285<\/div>\n<div dir=\"auto\">info@charta-nekretnine.hr<\/div>","protected":false},"featured_media":7872,"template":"","meta":{"_acf_changed":false,"ocean_post_layout":"","ocean_both_sidebars_style":"","ocean_both_sidebars_content_width":0,"ocean_both_sidebars_sidebars_width":0,"ocean_sidebar":"0","ocean_second_sidebar":"0","ocean_disable_margins":"enable","ocean_add_body_class":"","ocean_shortcode_before_top_bar":"","ocean_shortcode_after_top_bar":"","ocean_shortcode_before_header":"","ocean_shortcode_after_header":"","ocean_has_shortcode":"","ocean_shortcode_after_title":"","ocean_shortcode_before_footer_widgets":"","ocean_shortcode_after_footer_widgets":"","ocean_shortcode_before_footer_bottom":"","ocean_shortcode_after_footer_bottom":"","ocean_display_top_bar":"default","ocean_display_header":"default","ocean_header_style":"","ocean_center_header_left_menu":"0","ocean_custom_header_template":"0","ocean_custom_logo":0,"ocean_custom_retina_logo":0,"ocean_custom_logo_max_width":0,"ocean_custom_logo_tablet_max_width":0,"ocean_custom_logo_mobile_max_width":0,"ocean_custom_logo_max_height":0,"ocean_custom_logo_tablet_max_height":0,"ocean_custom_logo_mobile_max_height":0,"ocean_header_custom_menu":"0","ocean_menu_typo_font_family":"0","ocean_menu_typo_font_subset":"","ocean_menu_typo_font_size":0,"ocean_menu_typo_font_size_tablet":0,"ocean_menu_typo_font_size_mobile":0,"ocean_menu_typo_font_size_unit":"px","ocean_menu_typo_font_weight":"","ocean_menu_typo_font_weight_tablet":"","ocean_menu_typo_font_weight_mobile":"","ocean_menu_typo_transform":"","ocean_menu_typo_transform_tablet":"","ocean_menu_typo_transform_mobile":"","ocean_menu_typo_line_height":0,"ocean_menu_typo_line_height_tablet":0,"ocean_menu_typo_line_height_mobile":0,"ocean_menu_typo_line_height_unit":"","ocean_menu_typo_spacing":0,"ocean_menu_typo_spacing_tablet":0,"ocean_menu_typo_spacing_mobile":0,"ocean_menu_typo_spacing_unit":"","ocean_menu_link_color":"","ocean_menu_link_color_hover":"","ocean_menu_link_color_active":"","ocean_menu_link_background":"","ocean_menu_link_hover_background":"","ocean_menu_link_active_background":"","ocean_menu_social_links_bg":"","ocean_menu_social_hover_links_bg":"","ocean_menu_social_links_color":"","ocean_menu_social_hover_links_color":"","ocean_disable_title":"default","ocean_disable_heading":"default","ocean_post_title":"","ocean_post_subheading":"","ocean_post_title_style":"","ocean_post_title_background_color":"","ocean_post_title_background":0,"ocean_post_title_bg_image_position":"","ocean_post_title_bg_image_attachment":"","ocean_post_title_bg_image_repeat":"","ocean_post_title_bg_image_size":"","ocean_post_title_height":0,"ocean_post_title_bg_overlay":0.5,"ocean_post_title_bg_overlay_color":"","ocean_disable_breadcrumbs":"default","ocean_breadcrumbs_color":"","ocean_breadcrumbs_separator_color":"","ocean_breadcrumbs_links_color":"","ocean_breadcrumbs_links_hover_color":"","ocean_display_footer_widgets":"default","ocean_display_footer_bottom":"default","ocean_custom_footer_template":"0"},"product_brand":[],"product_cat":[265],"product_tag":[247,272],"class_list":{"0":"post-7804","1":"product","2":"type-product","3":"status-publish","4":"has-post-thumbnail","6":"product_cat-mobilne-kucice","7":"product_tag-prodaja","8":"product_tag-prodaja-mobilnih-kucica","9":"pa_broj-kupaonica-60","10":"pa_broj-spavacih-soba-52","11":"pa_cijena-48-000-plus-pdv","12":"pa_kvadratura-333","13":"pa_mjesto-lucica-drage","14":"pa_vrsta-objave-prodaja","16":"entry","17":"has-media","19":"first","20":"instock","21":"shipping-taxable","22":"purchasable","23":"product-type-simple","24":"has-product-nav","25":"col","26":"span_1_of_3","27":"owp-content-center","28":"owp-thumbs-layout-horizontal","29":"owp-btn-normal","30":"owp-tabs-layout-horizontal"},"acf":[],"jetpack_sharing_enabled":true,"_links":{"self":[{"href":"https:\/\/charta-nekretnine.hr\/en\/wp-json\/wp\/v2\/product\/7804","targetHints":{"allow":["GET"]}}],"collection":[{"href":"https:\/\/charta-nekretnine.hr\/en\/wp-json\/wp\/v2\/product"}],"about":[{"href":"https:\/\/charta-nekretnine.hr\/en\/wp-json\/wp\/v2\/types\/product"}],"wp:featuredmedia":[{"embeddable":true,"href":"https:\/\/charta-nekretnine.hr\/en\/wp-json\/wp\/v2\/media\/7872"}],"wp:attachment":[{"href":"https:\/\/charta-nekretnine.hr\/en\/wp-json\/wp\/v2\/media?parent=7804"}],"wp:term":[{"taxonomy":"product_brand","embeddable":true,"href":"https:\/\/charta-nekretnine.hr\/en\/wp-json\/wp\/v2\/product_brand?post=7804"},{"taxonomy":"product_cat","embeddable":true,"href":"https:\/\/charta-nekretnine.hr\/en\/wp-json\/wp\/v2\/product_cat?post=7804"},{"taxonomy":"product_tag","embeddable":true,"href":"https:\/\/charta-nekretnine.hr\/en\/wp-json\/wp\/v2\/product_tag?post=7804"}],"curies":[{"name":"wp","href":"https:\/\/api.w.org\/{rel}","templated":true}]}}