{"id":7855,"date":"2024-03-24T21:55:04","date_gmt":"2024-03-24T21:55:04","guid":{"rendered":"https:\/\/charta-nekretnine.hr\/?post_type=product&#038;p=7855"},"modified":"2024-09-18T08:40:16","modified_gmt":"2024-09-18T08:40:16","slug":"vila-sa-bazenom-i-pogledom-na-more","status":"publish","type":"product","link":"https:\/\/charta-nekretnine.hr\/en\/product\/vila-sa-bazenom-i-pogledom-na-more\/","title":{"rendered":"Vila sa bazenom i pogledom na more"},"content":{"rendered":"","protected":false},"excerpt":{"rendered":"<p>Na podru\u010dju Li\u017enjana izvodi se projekt: vila sa bazenom i pogledom na more.<\/p>\n<p>Na povr\u0161ini \u010destice 495 m\u00b2 gradi se vila u rohbau izgra\u0111enom stanju. Gra\u0111evni objekt tako\u0111er uklju\u010duje:<\/p>\n<ul>\n<li>bazen<\/li>\n<li>kameni ogradni zid<\/li>\n<li>izbetonirano sun\u010dali\u0161te<\/li>\n<li>izbetonirana parking mjesta<\/li>\n<li>aktivnim priklju\u010dcima voda,struja,bio jama<\/li>\n<li>izra\u0111enim upojnim bunarima<\/li>\n<\/ul>\n<p>Mogu\u0107 je dogovor da investitor privede vilu krajnjem gra\u0111evnom rje\u0161enju, ako kupac izrazi namjeru. Cijena predaje ku\u0107e u takvom stanju ovisi o krajnjim afinitetima kupca.<\/p>\n<p>Povr\u0161ina prizemlja: 69,80 m\u00b2<\/p>\n<p>Prizemljem dominira dnevni boravak sa blagavonicom i kuhinjom ukupne povr\u0161ine 31.80 m\u00b2<\/p>\n<p>Povr\u0161ina kata: 70,00 m\u00b2<\/p>\n<p>Na katu su planirane dvije sobe (20,30 i 13,00 m\u00b2), dvije kupaonice, dvije natkrivene terase i jedna nenatkrivena.<\/p>\n<h2>Lokacija<\/h2>\n<figure id=\"attachment_7856\" aria-describedby=\"caption-attachment-7856\" style=\"width: 563px\" class=\"wp-caption aligncenter\"><img fetchpriority=\"high\" decoding=\"async\" class=\"wp-image-7856\" src=\"https:\/\/charta-nekretnine.hr\/wp-content\/uploads\/2024\/03\/Lokacija.jpg\" alt=\"Li\u017enjan, Istra\" width=\"563\" height=\"360\" srcset=\"https:\/\/charta-nekretnine.hr\/wp-content\/uploads\/2024\/03\/Lokacija.jpg 844w, https:\/\/charta-nekretnine.hr\/wp-content\/uploads\/2024\/03\/Lokacija-768x491.jpg 768w, https:\/\/charta-nekretnine.hr\/wp-content\/uploads\/2024\/03\/Lokacija-18x12.jpg 18w, https:\/\/charta-nekretnine.hr\/wp-content\/uploads\/2024\/03\/Lokacija-600x384.jpg 600w\" sizes=\"(max-width: 563px) 100vw, 563px\" \/><figcaption id=\"caption-attachment-7856\" class=\"wp-caption-text\">Lokacija i zra\u010dna povezanost<\/figcaption><\/figure>\n<p>Op\u0107ina Li\u017enjan smje\u0161tena je na krajnjem jugoistoku Istarskog poluotoka, nedaleko od najve\u0107eg grada u Istarskoj \u017eupaniji, grada Pule.<\/p>\n<p>Vi\u0161e detalja o samoj lokaciji pogledajte na <strong><a href=\"https:\/\/www.liznjan.hr\/index.php\/opcina-liznjan\/o-opcini\" target=\"_blank\" rel=\"noopener\">slu\u017ebenim stranicama op\u0107ine<\/a><\/strong>.<\/p>\n<h2>Informacije o realizaciji projekta: vila sa bazenom Li\u017enjan<\/h2>\n<p>Ku\u0107a s bazenom gradi se i prodaje po sistemu \u201eklju\u010d u ruke\u201d<\/p>\n<p>Ugovorena kupoprodajna cijena predstavlja kona\u010dnu kupoprodajnu cijenu na koju se ne obra\u010dunava PDV, no postoji obveza Kupca na pla\u0107anje porezna na promet nekretnina, u visini od 3% tr\u017ei\u0161ne vrijednosti nekretnine sukladno rje\u0161enju Ministarstva financija &#8211; porezne uprave<\/p>\n<p>Investitori ugovaraju izvo\u0111enje radova s glavnim izvoda\u010dem radova i ostalim podizvoda\u010dima te se obvezuju unutar ugovorenog roka izgraditi ku\u0107u s bazenom do razine \u201eklju\u010d u ruke\u201d, ishoditi pravomo\u0107nu uporabnu dozvolu za izgra\u0111enu ku\u0107u s bazenom te istu upisati u katastar nekretnina.<\/p>\n<p>Ugovornu dokumentaciju i detaljne korake realizacije projekta \u0161aljemo na zahtjev.<\/p>\n<p>Upit za detalje projekta &#8220;Vila sa bazenom &#8211; Li\u017enjan&#8221; mo\u017eete poslati na: info@charta-nekretnine.hr ili diretknim pozivom na broj<\/p>\n<p>+385 (0)91 584 9977<\/p>","protected":false},"featured_media":7858,"template":"","meta":{"_acf_changed":false,"ocean_post_layout":"","ocean_both_sidebars_style":"","ocean_both_sidebars_content_width":0,"ocean_both_sidebars_sidebars_width":0,"ocean_sidebar":"0","ocean_second_sidebar":"0","ocean_disable_margins":"enable","ocean_add_body_class":"","ocean_shortcode_before_top_bar":"","ocean_shortcode_after_top_bar":"","ocean_shortcode_before_header":"","ocean_shortcode_after_header":"","ocean_has_shortcode":"","ocean_shortcode_after_title":"","ocean_shortcode_before_footer_widgets":"","ocean_shortcode_after_footer_widgets":"","ocean_shortcode_before_footer_bottom":"","ocean_shortcode_after_footer_bottom":"","ocean_display_top_bar":"default","ocean_display_header":"default","ocean_header_style":"","ocean_center_header_left_menu":"0","ocean_custom_header_template":"0","ocean_custom_logo":0,"ocean_custom_retina_logo":0,"ocean_custom_logo_max_width":0,"ocean_custom_logo_tablet_max_width":0,"ocean_custom_logo_mobile_max_width":0,"ocean_custom_logo_max_height":0,"ocean_custom_logo_tablet_max_height":0,"ocean_custom_logo_mobile_max_height":0,"ocean_header_custom_menu":"0","ocean_menu_typo_font_family":"0","ocean_menu_typo_font_subset":"","ocean_menu_typo_font_size":0,"ocean_menu_typo_font_size_tablet":0,"ocean_menu_typo_font_size_mobile":0,"ocean_menu_typo_font_size_unit":"px","ocean_menu_typo_font_weight":"","ocean_menu_typo_font_weight_tablet":"","ocean_menu_typo_font_weight_mobile":"","ocean_menu_typo_transform":"","ocean_menu_typo_transform_tablet":"","ocean_menu_typo_transform_mobile":"","ocean_menu_typo_line_height":0,"ocean_menu_typo_line_height_tablet":0,"ocean_menu_typo_line_height_mobile":0,"ocean_menu_typo_line_height_unit":"","ocean_menu_typo_spacing":0,"ocean_menu_typo_spacing_tablet":0,"ocean_menu_typo_spacing_mobile":0,"ocean_menu_typo_spacing_unit":"","ocean_menu_link_color":"","ocean_menu_link_color_hover":"","ocean_menu_link_color_active":"","ocean_menu_link_background":"","ocean_menu_link_hover_background":"","ocean_menu_link_active_background":"","ocean_menu_social_links_bg":"","ocean_menu_social_hover_links_bg":"","ocean_menu_social_links_color":"","ocean_menu_social_hover_links_color":"","ocean_disable_title":"default","ocean_disable_heading":"default","ocean_post_title":"","ocean_post_subheading":"","ocean_post_title_style":"","ocean_post_title_background_color":"","ocean_post_title_background":0,"ocean_post_title_bg_image_position":"","ocean_post_title_bg_image_attachment":"","ocean_post_title_bg_image_repeat":"","ocean_post_title_bg_image_size":"","ocean_post_title_height":0,"ocean_post_title_bg_overlay":0.5,"ocean_post_title_bg_overlay_color":"","ocean_disable_breadcrumbs":"default","ocean_breadcrumbs_color":"","ocean_breadcrumbs_separator_color":"","ocean_breadcrumbs_links_color":"","ocean_breadcrumbs_links_hover_color":"","ocean_display_footer_widgets":"default","ocean_display_footer_bottom":"default","ocean_custom_footer_template":"0"},"product_brand":[],"product_cat":[22],"product_tag":[320],"class_list":{"0":"post-7855","1":"product","2":"type-product","3":"status-publish","4":"has-post-thumbnail","6":"product_cat-kuca","7":"product_tag-prodaja-kuca-i-vila","8":"pa_broj-kupaonica-59","9":"pa_broj-spavacih-soba-52","10":"pa_cijena-330-000","11":"pa_kvadratura-375","12":"pa_mjesto-liznjan-istra","13":"pa_stanje-objekta-novogradnja","14":"pa_vrsta-objave-prodaja","16":"entry","17":"has-media","19":"first","20":"instock","21":"shipping-taxable","22":"purchasable","23":"product-type-simple","24":"has-product-nav","25":"col","26":"span_1_of_3","27":"owp-content-center","28":"owp-thumbs-layout-horizontal","29":"owp-btn-normal","30":"owp-tabs-layout-horizontal"},"acf":[],"jetpack_sharing_enabled":true,"_links":{"self":[{"href":"https:\/\/charta-nekretnine.hr\/en\/wp-json\/wp\/v2\/product\/7855","targetHints":{"allow":["GET"]}}],"collection":[{"href":"https:\/\/charta-nekretnine.hr\/en\/wp-json\/wp\/v2\/product"}],"about":[{"href":"https:\/\/charta-nekretnine.hr\/en\/wp-json\/wp\/v2\/types\/product"}],"wp:featuredmedia":[{"embeddable":true,"href":"https:\/\/charta-nekretnine.hr\/en\/wp-json\/wp\/v2\/media\/7858"}],"wp:attachment":[{"href":"https:\/\/charta-nekretnine.hr\/en\/wp-json\/wp\/v2\/media?parent=7855"}],"wp:term":[{"taxonomy":"product_brand","embeddable":true,"href":"https:\/\/charta-nekretnine.hr\/en\/wp-json\/wp\/v2\/product_brand?post=7855"},{"taxonomy":"product_cat","embeddable":true,"href":"https:\/\/charta-nekretnine.hr\/en\/wp-json\/wp\/v2\/product_cat?post=7855"},{"taxonomy":"product_tag","embeddable":true,"href":"https:\/\/charta-nekretnine.hr\/en\/wp-json\/wp\/v2\/product_tag?post=7855"}],"curies":[{"name":"wp","href":"https:\/\/api.w.org\/{rel}","templated":true}]}}