{"id":7926,"date":"2024-05-01T13:17:28","date_gmt":"2024-05-01T13:17:28","guid":{"rendered":"https:\/\/charta-nekretnine.hr\/?post_type=product&#038;p=7926"},"modified":"2024-09-18T09:35:15","modified_gmt":"2024-09-18T09:35:15","slug":"prodaja-mobilne-kucice-u-istri","status":"publish","type":"product","link":"https:\/\/charta-nekretnine.hr\/en\/product\/prodaja-mobilne-kucice-u-istri\/","title":{"rendered":"Prodaja mobilne ku\u0107ice u Istri, resort Banki Village"},"content":{"rendered":"","protected":false},"excerpt":{"rendered":"<h1>Projekt &#8220;Banki Green Istrian Village&#8221;<\/h1>\n<p>Mobilne ku\u0107ice u Istri vrlo su zahvalne kao investicija u smje\u0161tajni turizam. Blaga klima, specifi\u010dan oblik Istarskog poluotoka gdje je sve nadohvat kratke vo\u017enje te bogatstvo raznolike ponude daju priliku za izvedbu kvalitetnih turisti\u010dko &#8211; investicijskih projekata.<\/p>\n<p>Jedan takav projekt donosimo vam u suradnji sa cjelovitim i renomiranim &#8220;<strong><a href=\"https:\/\/www.istrian-village-banki.hr\/en\" target=\"_blank\" rel=\"noopener\">Banki Green Istrian Village<\/a><\/strong>&#8221; resortom.<\/p>\n<figure id=\"attachment_7927\" aria-describedby=\"caption-attachment-7927\" style=\"width: 640px\" class=\"wp-caption aligncenter\"><img fetchpriority=\"high\" decoding=\"async\" class=\"wp-image-7927\" src=\"https:\/\/charta-nekretnine.hr\/wp-content\/uploads\/2024\/05\/Mobile-kucice-u-Istri.jpg\" alt=\"Mobile ku\u0107ice u Istri\" width=\"640\" height=\"360\" srcset=\"https:\/\/charta-nekretnine.hr\/wp-content\/uploads\/2024\/05\/Mobile-kucice-u-Istri.jpg 960w, https:\/\/charta-nekretnine.hr\/wp-content\/uploads\/2024\/05\/Mobile-kucice-u-Istri-768x432.jpg 768w, https:\/\/charta-nekretnine.hr\/wp-content\/uploads\/2024\/05\/Mobile-kucice-u-Istri-18x10.jpg 18w, https:\/\/charta-nekretnine.hr\/wp-content\/uploads\/2024\/05\/Mobile-kucice-u-Istri-800x450.jpg 800w, https:\/\/charta-nekretnine.hr\/wp-content\/uploads\/2024\/05\/Mobile-kucice-u-Istri-600x338.jpg 600w\" sizes=\"(max-width: 640px) 100vw, 640px\" \/><figcaption id=\"caption-attachment-7927\" class=\"wp-caption-text\">Adria mobilna ku\u0107ica 34 m\u00b2 sa bazenom i natkrivenom terasom<\/figcaption><\/figure>\n<p>Resort koji se nalazi u malenom istarskom mjestu Banki, nedaleko od Tinjana, pokrenuo je pro\u0161irenje vlastite ponude na prostrane i luksuzno opremljene mobilne ku\u0107ice od kojih \u0107e svaka imati <strong>vlastiti bazen<\/strong>.<\/p>\n<p>U ponudi je ukupno <strong>35 parcela<\/strong>, svaka povr\u0161ine 120m\u00b2, namijenjene za nove mobilne ku\u0107ice sa 2 spava\u0107e sobe i 2 kupaonice te natkrivenom terasom.<\/p>\n<p>Kupnjom mobilne ku\u0107ice za odmor mo\u017eete zapo\u010deti njezino iznajmljivanje ve\u0107 ovu <strong>&#8217;24 turisti\u010dku sezonu<\/strong>. Mobilne ku\u0107ice dostupne su ve\u0107 sada na parcelama resorta &#8220;Banki Green Istrian Village&#8221;<\/p>\n<figure id=\"attachment_7973\" aria-describedby=\"caption-attachment-7973\" style=\"width: 201px\" class=\"wp-caption aligncenter\"><img decoding=\"async\" class=\"wp-image-7973\" src=\"https:\/\/charta-nekretnine.hr\/wp-content\/uploads\/2024\/05\/Banki-Brosura-e1716895920249-670x1000.jpg\" alt=\"Banki resort bro\u0161ura\" width=\"201\" height=\"300\" srcset=\"https:\/\/charta-nekretnine.hr\/wp-content\/uploads\/2024\/05\/Banki-Brosura-e1716895920249-670x1000.jpg 670w, https:\/\/charta-nekretnine.hr\/wp-content\/uploads\/2024\/05\/Banki-Brosura-e1716895920249-686x1024.jpg 686w, https:\/\/charta-nekretnine.hr\/wp-content\/uploads\/2024\/05\/Banki-Brosura-e1716895920249-768x1146.jpg 768w, https:\/\/charta-nekretnine.hr\/wp-content\/uploads\/2024\/05\/Banki-Brosura-e1716895920249-1029x1536.jpg 1029w, https:\/\/charta-nekretnine.hr\/wp-content\/uploads\/2024\/05\/Banki-Brosura-e1716895920249-8x12.jpg 8w, https:\/\/charta-nekretnine.hr\/wp-content\/uploads\/2024\/05\/Banki-Brosura-e1716895920249-600x896.jpg 600w, https:\/\/charta-nekretnine.hr\/wp-content\/uploads\/2024\/05\/Banki-Brosura-e1716895920249.jpg 1080w\" sizes=\"(max-width: 201px) 100vw, 201px\" \/><figcaption id=\"caption-attachment-7973\" class=\"wp-caption-text\">Preuzmi bro\u0161uru ispod slike<\/figcaption><\/figure>\n<p><strong><a href=\"https:\/\/charta-nekretnine.hr\/wp-content\/uploads\/2024\/05\/Banki-Green-Istrian-Village-resort-HR.pdf\">Banki Green Istrian Village resort (HR)<\/a><\/strong><\/p>\n<p><strong><a href=\"https:\/\/charta-nekretnine.hr\/wp-content\/uploads\/2024\/05\/Banki-GIV-resort-ENG.pdf\">Banki Green Istrian Village resort (ENG)<\/a><\/strong><\/p>\n<h2>Poseban do\u017eivljaj resorta &#8220;Banki Green Istrian Village&#8221;<\/h2>\n<p>Iako se nalazi u malom istarskom mjestu, put do &#8220;Banki Green Istrian Village&#8221; resorta nevjerojatno je lagan i poprili\u010dno brz. Udaljen na 2 sata vo\u017enje od Ljubljane i Trsta, 40 minuta od Zra\u010dne luke Pula te 20 minuta vo\u017enje od Pore\u010da, ovaj je resort svoje mjesto na\u0161ao u zelenilu istarske unutra\u0161njosti.<\/p>\n<p>Ispunjen pomno planiranim arboretumom, boravak u resortu jam\u010di u\u017eitak stalne hladovine ispod sveprisutnih kro\u0161nji mnogobrojnog drve\u0107a.<\/p>\n<figure id=\"attachment_7929\" aria-describedby=\"caption-attachment-7929\" style=\"width: 541px\" class=\"wp-caption aligncenter\"><img decoding=\"async\" class=\"wp-image-7929\" src=\"https:\/\/charta-nekretnine.hr\/wp-content\/uploads\/2024\/05\/zajednicki-bazen.jpg\" alt=\"Banki resort Istra, bazen\" width=\"541\" height=\"360\" srcset=\"https:\/\/charta-nekretnine.hr\/wp-content\/uploads\/2024\/05\/zajednicki-bazen.jpg 811w, https:\/\/charta-nekretnine.hr\/wp-content\/uploads\/2024\/05\/zajednicki-bazen-768x511.jpg 768w, https:\/\/charta-nekretnine.hr\/wp-content\/uploads\/2024\/05\/zajednicki-bazen-18x12.jpg 18w, https:\/\/charta-nekretnine.hr\/wp-content\/uploads\/2024\/05\/zajednicki-bazen-600x400.jpg 600w\" sizes=\"(max-width: 541px) 100vw, 541px\" \/><figcaption id=\"caption-attachment-7929\" class=\"wp-caption-text\">Svaka \u0107e mobilna ku\u0107ica uz vlastiti, na raspolaganju imati i zajedni\u010dki, grijani bazen<\/figcaption><\/figure>\n<p>Istra je poznata po umjerenoj, blagoj klimi \u0161to daje priliku za produ\u017eenje turisti\u010dke ponude daleko izvan glavne sezone.<\/p>\n<p>Grijani bazen centralna je atrakcija u svako doba godine. Hvatanje prvog proljetnog, prirodnog tena uz opu\u0161taju\u0107e pi\u0107e za odrasle biti \u0107e ugodnije znaju\u0107i da \u0107e njihovi maleni u\u017eivati u br\u010dkanju u bazenu.<\/p>\n<h3>Spa i Wellnes centar, teretana i sauna<\/h3>\n<p>Gosti va\u0161e mobilne ku\u0107ice u Istri biti \u0107e tijekom odmora obasuti tretmanima dostojnih filmskih zvijezda. Opu\u0161tanje i otklanjanje stresa u malom je prstu (i rukama) stru\u010dnog osoblja koje \u0107e znati primijeniti odgovaraju\u0107e tehnike otpu\u0161tanja napetosti.<\/p>\n<p>Od tradicionalnog do modernog pristupa svladavanja stresa masa\u017eom cijelog ili pojedinih dijelova tijela korist \u0107e sa svakom novom razinom opu\u0161tenosti imati polaznici masa\u017ee, a posredno i njihova pratnja.<\/p>\n<figure id=\"attachment_7930\" aria-describedby=\"caption-attachment-7930\" style=\"width: 540px\" class=\"wp-caption aligncenter\"><img loading=\"lazy\" decoding=\"async\" class=\"wp-image-7930\" src=\"https:\/\/charta-nekretnine.hr\/wp-content\/uploads\/2024\/05\/Spa-Wellness-.jpg\" alt=\"Rresort Istria, Spa Wellness center\" width=\"540\" height=\"360\" srcset=\"https:\/\/charta-nekretnine.hr\/wp-content\/uploads\/2024\/05\/Spa-Wellness-.jpg 810w, https:\/\/charta-nekretnine.hr\/wp-content\/uploads\/2024\/05\/Spa-Wellness--768x512.jpg 768w, https:\/\/charta-nekretnine.hr\/wp-content\/uploads\/2024\/05\/Spa-Wellness--18x12.jpg 18w, https:\/\/charta-nekretnine.hr\/wp-content\/uploads\/2024\/05\/Spa-Wellness--600x400.jpg 600w\" sizes=\"(max-width: 540px) 100vw, 540px\" \/><figcaption id=\"caption-attachment-7930\" class=\"wp-caption-text\">Opu\u0161tanje za goste va\u0161ih mobilnih ku\u0107ica prioritet je resorta<\/figcaption><\/figure>\n<p>Za svakog gosta na raspolaganju je potpuno opremljena teretana te ugodan ambijent <a href=\"https:\/\/www.istrian-village-banki.hr\/experience\/spa-wellness\" target=\"_blank\" rel=\"noopener\"><strong>Turske, Finske i Infracrvene saune<\/strong><\/a>.<\/p>\n<h3>Restoran &#8220;Banki&#8221;<\/h3>\n<p class=\"Typography_paragraph__KxYcu Typography_paragraph--md__Rmvad Typography_secondary__DKIbH Typography_wgt--400__lLHxU Typography_variant--primary__2JeU0 undefined\">Vrhunska tradicionalna istarska jela spravljena od <strong>lokalnih namirnica provjerene kvalitete<\/strong> svakodnevno priprema regionalno priznati chef i osoblje restorana.<\/p>\n<p class=\"Typography_paragraph__KxYcu Typography_paragraph--md__Rmvad Typography_secondary__DKIbH Typography_wgt--400__lLHxU Typography_variant--primary__2JeU0 undefined\">Rustikalna unutra\u0161njost restorana ambijent je koji daje dodatnu \u010dar gastronomskom do\u017eivljaju dok va\u0161i gosti u\u017eivaju u gastronomskim delicijama. Na raspolaganju je tako\u0111er vanjska terasa restorana na kojoj omiljena jela postaju gastro u\u017eitak u okru\u017eenju netaknute prirode resorta &#8220;Banki&#8221;.<\/p>\n<p class=\"Typography_paragraph__KxYcu Typography_paragraph--md__Rmvad Typography_secondary__DKIbH Typography_wgt--400__lLHxU Typography_variant--primary__2JeU0 undefined\">Da prehrambene navike va\u0161ih gostiju budu u potpunosti zadovoljene, osoblje restorana &#8220;Banki&#8221; rado \u0107e pripremiti jela u skladu sa <strong>prethodno dostavljenim uputama<\/strong>.<\/p>\n<h2>Premium T.I. Adria paket<\/h2>\n<p>Nove \u0107e mobilne ku\u0107ice u Istri, u sklopu &#8220;Banki Green Istrian Village&#8221; resorta, biti dio premium Turisti\u010dko &#8211; Investicijskog Adria paketa.<\/p>\n<p>\u0160to uklju\u010duje ovaj premium paket?<\/p>\n<p>U prvom pogledu, priliku za investiciju u akviziciju i upravljanje vlastitim smje\u0161tajem u jednom od istarskih resort dragulja koji svojom ponudom privla\u010di goste vi\u0161e plate\u017ene mo\u0107i iz Europe i ostalih financijski razvijenijih kutaka svijeta.<\/p>\n<p>Dovoljno je napomenuti da no\u0107enje u lipnju u luksuznim ku\u0107icama za odmor sa vlastitim bazenom kotira na razini od 400\u20ac, \u0161to pretvoreno u godi\u0161nje prihode predstavlja dobar temelj za analizu ove poslovne prilike.<\/p>\n<figure id=\"attachment_7931\" aria-describedby=\"caption-attachment-7931\" style=\"width: 480px\" class=\"wp-caption aligncenter\"><img loading=\"lazy\" decoding=\"async\" class=\"wp-image-7931\" src=\"https:\/\/charta-nekretnine.hr\/wp-content\/uploads\/2024\/05\/blagavaona-i-kuhinja.jpg\" alt=\"Interijer mobilne ku\u0107ice u Istri\" width=\"480\" height=\"360\" srcset=\"https:\/\/charta-nekretnine.hr\/wp-content\/uploads\/2024\/05\/blagavaona-i-kuhinja.jpg 720w, https:\/\/charta-nekretnine.hr\/wp-content\/uploads\/2024\/05\/blagavaona-i-kuhinja-16x12.jpg 16w, https:\/\/charta-nekretnine.hr\/wp-content\/uploads\/2024\/05\/blagavaona-i-kuhinja-600x450.jpg 600w\" sizes=\"(max-width: 480px) 100vw, 480px\" \/><figcaption id=\"caption-attachment-7931\" class=\"wp-caption-text\">Gostima je na raspolaganju potpuno opremljena kuhinja<\/figcaption><\/figure>\n<p>Mobilna ku\u0107ica dimenzija 8,5 x 4 m moderno je ure\u0111ena i opremljena svim potrebnim ku\u0107anskim ure\u0111ajima, funkcionalnim namje\u0161tajem i natkrivenom terasom dimenzija 6 x 3 metara.<\/p>\n<p>Ugovor o zakupu parcele od 120 m\u00b2 potpisuje se na 12 godina sa mogu\u0107no\u0161\u0107u produ\u017eenja. Period je to koji daje dovoljno vremena za povrat investicije i pristojne prihode od iznajmljivanja Adria luksuzne ku\u0107ice za odmor.<\/p>\n<h3>Detalji projekta \u201cmobilne ku\u0107ice u Istri &#8211; resort Banki G.I.V\u201d<\/h3>\n<ul>\n<li><strong>\u2022 <\/strong>Mobilna ku\u0107ica Adria: 8,5 x 4 m<\/li>\n<li><strong>\u2022\u00a0<\/strong>Terasa, natkrivena: 6 x 3 m<\/li>\n<li><strong>\u2022 <\/strong>Vanjski bazen 4 x 2,5 m<\/li>\n<li><strong>\u2022\u00a0<\/strong>Parcela za ku\u0107icu: 120 m\u00b2<\/li>\n<\/ul>\n<hr \/>\n<ul>\n<li><strong>\u2022\u00a0<\/strong>Spava\u0107e sobe: 2<\/li>\n<li><strong>\u2022<\/strong> Kupaonice: 2<\/li>\n<li><strong>\u2022\u00a0<\/strong>Moderno opremljena kuhinja<\/li>\n<li><strong>\u2022\u00a0<\/strong>Sat TV, klima, WiFi<\/li>\n<\/ul>\n<hr \/>\n<ul>\n<li><strong>\u2022\u00a0<\/strong>Ugovor o zakupu parcele: 12 godina<\/li>\n<li><strong>\u2022\u00a0<\/strong>Mogu\u0107nost produljenja ugovora: DA<\/li>\n<li><strong>\u2022\u00a0<\/strong>Cijena Premium T.I. Adria paketa: 160.000 \u20ac<\/li>\n<\/ul>\n<h2>Projekt ulaganja u mobilne ku\u0107ice u Istri<\/h2>\n<p>Kupnjom mobilne ku\u0107ice, ona postaje va\u0161e vlasni\u0161tvo. Time dobivate mogu\u0107nost ostvarivanja zarade od njena najma.<\/p>\n<p>Gledaju\u0107i prosjek cijene no\u0107enja u resortu &#8220;Banki Green Istrian Village&#8221; te konzervativnim pristupom u odre\u0111ivanju cijene najma za lokacijski pametno smje\u0161tene mobilne ku\u0107ice u Istri, dolazimo do zaklju\u010dka da je za<strong> povrat ulo\u017eene investicije potrebno 4 do 6 godina<\/strong>.<\/p>\n<p>Ostatak ugovornog roka, dakle narednih 6 ili vi\u0161e godina, mo\u017eete o\u010dekivati \u010disti prihod (umanjen za pau\u0161al i osnovne tro\u0161kove komunalija i odr\u017eavanja mobilne ku\u0107ice).<\/p>\n<p>O pau\u0161alu i ostalim godi\u0161njim tro\u0161kovima vi\u0161e pro\u010ditajte u <strong><a href=\"https:\/\/charta-nekretnine.hr\/en\/2023\/04\/28\/zasto-se-placa-pausal-za-mobilne-kucice-u-kampovima\/\" target=\"_blank\" rel=\"noopener\">na\u0161em blogu<\/a><\/strong>.<\/p>\n<p>Odlu\u010dite li ju prodati istekom ugovora sa vlasnikom parcele, mo\u017eete tako dobiven iznos pridodati ukupnom prihodu.<\/p>\n<p>Dodatna prednost kupnje mobilne ku\u0107ice u Istri u ovom aran\u017emanu je mogu\u0107nost da boravite u njoj kad god po\u017eelite.<\/p>\n<p>Ukoliko vam je za sklapanje budu\u0107eg poslovnog pothvata potreban dodatan iskorak, svojim poslovnim partnerima mo\u017eete priu\u0161titi odmor iz snova, \u010dime <strong>Premium T.I. Adria paket\u00a0<\/strong>postaje va\u0161 &#8220;adut iz rukava&#8221;.<\/p>\n<h2>Organizacija upravljanja mobilnom ku\u0107icom<\/h2>\n<p>Za kupce mobilnih ku\u0107ica smo pripremili uslugu upravljanja koja uklju\u010duje vo\u0111enje sustava rezervacija i uskla\u0111ivanja termina.<\/p>\n<p>Za vas uspostavljamo ra\u010dun na specijaliziranom portalu za iznajmljivanje mobilnih ku\u0107ica\u00a0<strong><a href=\"https:\/\/mobilehomerent.eu\/\" target=\"_blank\" rel=\"noopener\">Mobile Home Rent<\/a><\/strong>\u00a0i snikroniziramo kalendare na svim prodajnim kanalima.<\/p>\n<p>Usluga upravljanja uklju\u010duje organizaciju slu\u017ebe za \u010di\u0161\u0107enje ku\u0107ica, marketin\u0161ke kampanje, snimanje vizualnih materijala te promid\u017ebene kampanje za dru\u0161tvene mre\u017ee.<\/p>\n<p dir=\"auto\">Za sve detalje i informacije vezane uz <strong>Premium T.I. Adria paket<\/strong>, mobilne ku\u0107ice u Istri i ulaganju u turisti\u010dko iznajmljivanje, na raspolaganju smo vam:<\/p>\n<div class=\"x11i5rnm xat24cr x1mh8g0r x1vvkbs xtlvy1s x126k92a\">\n<div dir=\"auto\">+385 (0)91 900 1525<br \/>\n+385 (0)99 366 4412<br \/>\n+385 (0)99 738 5893<br \/>\n+385 (0)95 724 2285<\/div>\n<div dir=\"auto\">info@charta-nekretnine.hr<\/div>\n<\/div>","protected":false},"featured_media":7961,"template":"","meta":{"_acf_changed":false,"ocean_post_layout":"","ocean_both_sidebars_style":"","ocean_both_sidebars_content_width":0,"ocean_both_sidebars_sidebars_width":0,"ocean_sidebar":"0","ocean_second_sidebar":"0","ocean_disable_margins":"enable","ocean_add_body_class":"","ocean_shortcode_before_top_bar":"","ocean_shortcode_after_top_bar":"","ocean_shortcode_before_header":"","ocean_shortcode_after_header":"","ocean_has_shortcode":"","ocean_shortcode_after_title":"","ocean_shortcode_before_footer_widgets":"","ocean_shortcode_after_footer_widgets":"","ocean_shortcode_before_footer_bottom":"","ocean_shortcode_after_footer_bottom":"","ocean_display_top_bar":"default","ocean_display_header":"default","ocean_header_style":"","ocean_center_header_left_menu":"0","ocean_custom_header_template":"0","ocean_custom_logo":0,"ocean_custom_retina_logo":0,"ocean_custom_logo_max_width":0,"ocean_custom_logo_tablet_max_width":0,"ocean_custom_logo_mobile_max_width":0,"ocean_custom_logo_max_height":0,"ocean_custom_logo_tablet_max_height":0,"ocean_custom_logo_mobile_max_height":0,"ocean_header_custom_menu":"0","ocean_menu_typo_font_family":"0","ocean_menu_typo_font_subset":"","ocean_menu_typo_font_size":0,"ocean_menu_typo_font_size_tablet":0,"ocean_menu_typo_font_size_mobile":0,"ocean_menu_typo_font_size_unit":"px","ocean_menu_typo_font_weight":"","ocean_menu_typo_font_weight_tablet":"","ocean_menu_typo_font_weight_mobile":"","ocean_menu_typo_transform":"","ocean_menu_typo_transform_tablet":"","ocean_menu_typo_transform_mobile":"","ocean_menu_typo_line_height":0,"ocean_menu_typo_line_height_tablet":0,"ocean_menu_typo_line_height_mobile":0,"ocean_menu_typo_line_height_unit":"","ocean_menu_typo_spacing":0,"ocean_menu_typo_spacing_tablet":0,"ocean_menu_typo_spacing_mobile":0,"ocean_menu_typo_spacing_unit":"","ocean_menu_link_color":"","ocean_menu_link_color_hover":"","ocean_menu_link_color_active":"","ocean_menu_link_background":"","ocean_menu_link_hover_background":"","ocean_menu_link_active_background":"","ocean_menu_social_links_bg":"","ocean_menu_social_hover_links_bg":"","ocean_menu_social_links_color":"","ocean_menu_social_hover_links_color":"","ocean_disable_title":"default","ocean_disable_heading":"default","ocean_post_title":"","ocean_post_subheading":"","ocean_post_title_style":"","ocean_post_title_background_color":"","ocean_post_title_background":0,"ocean_post_title_bg_image_position":"","ocean_post_title_bg_image_attachment":"","ocean_post_title_bg_image_repeat":"","ocean_post_title_bg_image_size":"","ocean_post_title_height":0,"ocean_post_title_bg_overlay":0.5,"ocean_post_title_bg_overlay_color":"","ocean_disable_breadcrumbs":"default","ocean_breadcrumbs_color":"","ocean_breadcrumbs_separator_color":"","ocean_breadcrumbs_links_color":"","ocean_breadcrumbs_links_hover_color":"","ocean_display_footer_widgets":"default","ocean_display_footer_bottom":"default","ocean_custom_footer_template":"0"},"product_brand":[],"product_cat":[265],"product_tag":[247,272],"class_list":{"0":"post-7926","1":"product","2":"type-product","3":"status-publish","4":"has-post-thumbnail","6":"product_cat-mobilne-kucice","7":"product_tag-prodaja","8":"product_tag-prodaja-mobilnih-kucica","9":"pa_broj-kupaonica-59","10":"pa_broj-spavacih-soba-52","11":"pa_cijena-160-000","12":"pa_drzava-hrvatska","13":"pa_kvadratura-34-terasa-18","14":"pa_mjesto-banki-istra","15":"pa_stanje-objekta-nove-mobilne-kucice","16":"pa_vrsta-objave-prodaja","18":"entry","19":"has-media","21":"first","22":"instock","23":"shipping-taxable","24":"purchasable","25":"product-type-simple","26":"has-product-nav","27":"col","28":"span_1_of_3","29":"owp-content-center","30":"owp-thumbs-layout-horizontal","31":"owp-btn-normal","32":"owp-tabs-layout-horizontal"},"acf":[],"jetpack_sharing_enabled":true,"_links":{"self":[{"href":"https:\/\/charta-nekretnine.hr\/en\/wp-json\/wp\/v2\/product\/7926","targetHints":{"allow":["GET"]}}],"collection":[{"href":"https:\/\/charta-nekretnine.hr\/en\/wp-json\/wp\/v2\/product"}],"about":[{"href":"https:\/\/charta-nekretnine.hr\/en\/wp-json\/wp\/v2\/types\/product"}],"wp:featuredmedia":[{"embeddable":true,"href":"https:\/\/charta-nekretnine.hr\/en\/wp-json\/wp\/v2\/media\/7961"}],"wp:attachment":[{"href":"https:\/\/charta-nekretnine.hr\/en\/wp-json\/wp\/v2\/media?parent=7926"}],"wp:term":[{"taxonomy":"product_brand","embeddable":true,"href":"https:\/\/charta-nekretnine.hr\/en\/wp-json\/wp\/v2\/product_brand?post=7926"},{"taxonomy":"product_cat","embeddable":true,"href":"https:\/\/charta-nekretnine.hr\/en\/wp-json\/wp\/v2\/product_cat?post=7926"},{"taxonomy":"product_tag","embeddable":true,"href":"https:\/\/charta-nekretnine.hr\/en\/wp-json\/wp\/v2\/product_tag?post=7926"}],"curies":[{"name":"wp","href":"https:\/\/api.w.org\/{rel}","templated":true}]}}