{"id":8003,"date":"2024-06-21T11:07:33","date_gmt":"2024-06-21T11:07:33","guid":{"rendered":"https:\/\/charta-nekretnine.hr\/?post_type=product&#038;p=8003"},"modified":"2025-09-24T22:44:18","modified_gmt":"2025-09-24T22:44:18","slug":"adria-mobilne-kucice-u-kampovima","status":"publish","type":"product","link":"https:\/\/charta-nekretnine.hr\/en\/product\/adria-mobilne-kucice-u-kampovima\/","title":{"rendered":"Adria mobilne ku\u0107ice u kampovima Turanj i Nevi\u0111ane"},"content":{"rendered":"","protected":false},"excerpt":{"rendered":"<h1>Adria mobilne ku\u0107ice u kampovima Turanj i Nevi\u0111ane<\/h1>\n<h3><strong>Napomena za posjetitelje na\u0161eg web portala:<\/strong><\/h3>\n<p>Mobilne ku\u0107ice u kampovima Turanj i Nevi\u0111ane prodane su, a sve parcele su popunjene u skladu sa revidiranim planom rasporeda mobilnih ku\u0107ica.<\/p>\n<h3>Originalni tekst ponude:<\/h3>\n<p>Na dvije razli\u010dite lokacije u Turnju i na Pa\u0161manu pokre\u0107emo projekte za 2025. godinu. U ponudi su Adria mobilne ku\u0107ice u kampovima, potpuno opremljene i dizajnirane za udoban boravak tijekom cijele godine.<\/p>\n<p>NAPOMENA: vi\u0161e o kampovima pogledajte na kraju teksta<\/p>\n<p>Namjena mobilnih ku\u0107ica prvenstveno je daljnje iznajmljivanje. Kroz investicijski period od 10 godina, od najma u mobilne ku\u0107ice u kampovima se o\u010dekuje povrat ulaganja te 2 do 4 godine ostvarenja \u010distog prihoda*. Prema dosada\u0161njem iskustvu na\u0161ih klijenata, ovaj oblik ulaganja idealan je ako vam je cilj o\u010duvati vrijednost svojih, ve\u0107 postoje\u0107ih financijskih sredstava.<\/p>\n<p>Jednostavnije re\u010deno, ako ne \u017eelite da vam sredstva propadaju uslijed inflacije i drugih negativnih trendova.<\/p>\n<p>Kako bi lak\u0161e donijeli odluku, pogledajte na\u0161\u00a0<strong><a href=\"https:\/\/charta-nekretnine.hr\/en\/2023\/04\/28\/pausal-za-mobilne-kucice-u-kampu\/\" target=\"_blank\" rel=\"noopener\">prikaz tro\u0161kova i pau\u0161ala za mobilne ku\u0107ice<\/a><\/strong>.<\/p>\n<p>Vlasnici novih mobilnih ku\u0107ica mogu odabrati mje\u0161oviti model upotrebe mobilne ku\u0107ice u kampovima.<\/p>\n<p>Ovime se odlu\u010duju iznajmiti ku\u0107icu koliko je dovoljno da se pokriju osnovni godi\u0161nji tro\u0161kovi, a ostatak vremena koriste ju za vlastite potrebe. Malo za sebe, malo za rodbinu i prijatelje, ovaj model otvara mogu\u0107nost da u\u017eivate u svom smje\u0161taju uz more kad to vama odgovara.<\/p>\n<p>*procjena prihoda od najma utvr\u0111ena je prema pokazateljima u prethodne 3 godine za smje\u0161taj na bliskim lokacijama u mobilnim ku\u0107icama. Du\u017eni smo napomenuti da se kupnjom mobilne ku\u0107ice u kampovima, ona ne\u0107e iznajmljivati sama od sebe. Iako upravljanje ku\u0107icom nije intezivan i zahtjevan postupak, od vlasnika ku\u0107ica za odmor se o\u010dekuje odre\u0111eni anga\u017eman.<\/p>\n<h2>O Adria mobilnim ku\u0107icama<\/h2>\n<p>Kako u 24 m\u00b2 urediti 2 spava\u0107e sobe, dnevni boravak i kupaonicu sa dovoljno mjesta za pohranu stvari i ujedno osigurati proto\u010dan raspored za slobodno kretanje do 6 osoba?<\/p>\n<p>Adria je dizajnirala &#8220;S Line&#8221; koncept mobilne ku\u0107ice pun malenih detalja i tlocrtnih rje\u0161enja koji zajedno doprinose pove\u0107anju do\u017eivljaja udobnosti za vrijeme boravka u njima.<\/p>\n<h3>Raspored prostorija &#8220;S Line&#8221; Adria modela<\/h3>\n<p>Krenimo sa spava\u0107im sobama.<\/p>\n<p>Adria mobilne ku\u0107ice u kampovima Nevi\u0111ane i Turanj povr\u0161ine su 24 m\u00b2 sa dvije spava\u0107e sobe. Obje sobe imaju ormare za pohranu stvari te no\u0107ni ormari\u0107 uz same krevete. Dodatan prostor za odlaganje osobnih stvari osiguran je dodavanjem zidnih polica<\/p>\n<p>U glavnoj sobi nalazi se krevet dimenzija 140 x 200 cm, dok \u0107e druga soba biti opremljena sa 2 kreveta veli\u010dine 70 x 190 cm. Sa klima ure\u0111ajem smje\u0161tenim u dnevno boravku, spava\u0107ae sobe biti \u0107e dovoljno rashla\u0111ene tijekom sparnih no\u0107i, a tijekom dana pretvorit \u0107e se u ugodno mjesto za izle\u017eavanje ili podnevni spavanac.<\/p>\n<p>Dnevni boravak sa kuhinjom poslu\u017eit \u0107e kad vrijeme nije pogodno za pripremu hrane na terasi. Kuhinja opremljena sa plo\u010dom za kuhanje sa 4 ringa i perilicom posu\u0111a nadopunjena je sa samostoje\u0107im, velikim fri\u017eiderom sa ledenicom.<\/p>\n<figure id=\"attachment_8006\" aria-describedby=\"caption-attachment-8006\" style=\"width: 720px\" class=\"wp-caption aligncenter\"><img fetchpriority=\"high\" decoding=\"async\" class=\"wp-image-8006\" src=\"https:\/\/charta-nekretnine.hr\/wp-content\/uploads\/2024\/06\/Dnevni-boravak-i-kuhinja.jpg\" alt=\"Adria mobilne ku\u0107ice u kampovima\" width=\"720\" height=\"540\" srcset=\"https:\/\/charta-nekretnine.hr\/wp-content\/uploads\/2024\/06\/Dnevni-boravak-i-kuhinja.jpg 960w, https:\/\/charta-nekretnine.hr\/wp-content\/uploads\/2024\/06\/Dnevni-boravak-i-kuhinja-768x576.jpg 768w, https:\/\/charta-nekretnine.hr\/wp-content\/uploads\/2024\/06\/Dnevni-boravak-i-kuhinja-16x12.jpg 16w, https:\/\/charta-nekretnine.hr\/wp-content\/uploads\/2024\/06\/Dnevni-boravak-i-kuhinja-600x450.jpg 600w\" sizes=\"(max-width: 720px) 100vw, 720px\" \/><figcaption id=\"caption-attachment-8006\" class=\"wp-caption-text\">Untra\u0161njost ku\u0107ice obilje\u017eena je pa\u017enjom na detalje<\/figcaption><\/figure>\n<p>Dok \u0107e ve\u0107ina svoj odmor provesti na potezu pla\u017ea &#8211; terasa, za one koj ne mogu bez televizijskog programa, u dnevnom \u0107e boravku mo\u0107i u\u017eivati u SAT TV-u.<\/p>\n<p>Kupaonica je pravo remek djelo prakti\u010dnog dizajna. Ostakljena tu\u0161 kabina 80 x 100 cm na samom kraju kupaonice ostavlja dovoljno prostora za svu potrebnu kupaonsku galanteriju, dr\u017ea\u010de i jednostavno kretanje vi\u0161e osoba istovremeno u njoj.<\/p>\n<p>Uz mobilnu ku\u0107icu dolazi vanjska natkrivena terasa povr\u0161ine 24 m\u00b2 (8&#215;3 m) koja kad se ogradi i stave ukrasne zavjese postaje sredi\u0161te\u00a0 za neprekidno opu\u0161tanje. Od ranog jutra do zvjezdane no\u0107i!<\/p>\n<p>Va\u0161e \u0107e mobilne ku\u0107ice u kampovima Turanj i Nevi\u0111ane biti mjesto stvaranja mnogih ugodnih uspomena za vas i va\u0161e goste.<\/p>\n<h2>Lokacije za mobilne ku\u0107ice u kampovima<\/h2>\n<p>Kao \u0161to smo napomenuli, Adria mobilne ku\u0107ice mo\u017eete kupiti i smjestiti na dvije lokacije.<\/p>\n<h3>Kamp Turanj, Turanj<\/h3>\n<p>Mali obiteljski kamp u Turnju na raspolaganje stavlja parcele za\u00a0<strong>\u0161est mobilnih ku\u0107ica<\/strong>, \u010dija je osnovna namjena turisti\u010dko iznajmlivanje.<\/p>\n<figure id=\"attachment_7912\" aria-describedby=\"caption-attachment-7912\" style=\"width: 720px\" class=\"wp-caption aligncenter\"><img decoding=\"async\" class=\"wp-image-7912\" src=\"https:\/\/charta-nekretnine.hr\/wp-content\/uploads\/2024\/04\/Kamp-Turanj-more.jpg\" alt=\"mobilne ku\u0107ice kamp Turanj - 2025\" width=\"720\" height=\"405\" srcset=\"https:\/\/charta-nekretnine.hr\/wp-content\/uploads\/2024\/04\/Kamp-Turanj-more.jpg 960w, https:\/\/charta-nekretnine.hr\/wp-content\/uploads\/2024\/04\/Kamp-Turanj-more-768x432.jpg 768w, https:\/\/charta-nekretnine.hr\/wp-content\/uploads\/2024\/04\/Kamp-Turanj-more-18x10.jpg 18w, https:\/\/charta-nekretnine.hr\/wp-content\/uploads\/2024\/04\/Kamp-Turanj-more-800x450.jpg 800w, https:\/\/charta-nekretnine.hr\/wp-content\/uploads\/2024\/04\/Kamp-Turanj-more-600x338.jpg 600w\" sizes=\"(max-width: 720px) 100vw, 720px\" \/><figcaption id=\"caption-attachment-7912\" class=\"wp-caption-text\">Kamp Turanj pru\u017ea prirodan hlad za mobilne ku\u0107ice u blizini mora<\/figcaption><\/figure>\n<p>Turanj je\u00a0<strong><a href=\"https:\/\/www.opcina-svfilipjakov.hr\/naselja\/turanj\" target=\"_blank\" rel=\"noopener\">malo, ugodno i mirno naselje<\/a><\/strong>\u00a0koje je \u0161etnicom (Lungo Mare) povezano sa ve\u0107im sredi\u0161tima poput Sv. Filipa i Jakova, Udaljen od gu\u017evi i prometa, Turanj je idealno mjesto za \u201cotpustiti ko\u010dnice\u201d i u\u017eivati u blagodatima Jadrana.<\/p>\n<p>Sa vlasnikom parcele sklapa se 10-godi\u0161nji ugovor o zakupu parcele za koju se godi\u0161nje pla\u0107a 4.000\u20ac.<\/p>\n<p>Istekom roka od deset godina, sa vlasnikom parcele mo\u017eete dogovoriti produljenje ugovora. Budu\u0107i da je mobilna ku\u0107ica va\u0161a, istu mo\u017eete prodati u bilo kojem trenutku.<\/p>\n<h4>Detalji ponude za kamp Turanj<\/h4>\n<ul>\n<li><strong>\u2022\u00a0<\/strong>Godi\u0161nji pau\u0161al: 4.000\u20ac<\/li>\n<li><strong>\u2022\u00a0<\/strong>Ugovor na 10 godina<\/li>\n<li><strong>\u2022\u00a0<\/strong>produljenje ugovora: mogu\u0107 dogovor<\/li>\n<\/ul>\n<hr \/>\n<ul>\n<li><strong>\u2022\u00a0<\/strong>Pristup ku\u0107icama: cijele godine<\/li>\n<li><strong>\u2022<\/strong>\u00a0terasa: natkrivena 8 x 3 m<\/li>\n<li><strong>\u2022\u00a0<\/strong>stanje mobilne ku\u0107ice kamp Turanj: nova, potpuno opremljena i ure\u0111ena<\/li>\n<\/ul>\n<h3>Kamp Nevi\u0111ane, otok Pa\u0161man<\/h3>\n<p>Kamp je u vlasni\u0161tvu privatne osobe koja je odlu\u010dila svoje zemlji\u0161te razvijati kao mali obiteljski kamp. Za zakup u kampu preostalo je jo\u0161 6 parcela, svaka povr\u0161ine 110 m\u00b2. Parcele se daju u zakup na 10 godina, \u0161to zna\u010di da postavljanjem mobilne ku\u0107ice ne postajete vlasnik parcele zemlji\u0161ta.<\/p>\n<figure id=\"attachment_7908\" aria-describedby=\"caption-attachment-7908\" style=\"width: 720px\" class=\"wp-caption aligncenter\"><img decoding=\"async\" class=\"wp-image-7908\" src=\"https:\/\/charta-nekretnine.hr\/wp-content\/uploads\/2024\/04\/Buduci-kamp-uz-more.jpg\" alt=\"Nevi\u0111ane otok Pa\u0161man\" width=\"720\" height=\"405\" srcset=\"https:\/\/charta-nekretnine.hr\/wp-content\/uploads\/2024\/04\/Buduci-kamp-uz-more.jpg 960w, https:\/\/charta-nekretnine.hr\/wp-content\/uploads\/2024\/04\/Buduci-kamp-uz-more-768x432.jpg 768w, https:\/\/charta-nekretnine.hr\/wp-content\/uploads\/2024\/04\/Buduci-kamp-uz-more-18x10.jpg 18w, https:\/\/charta-nekretnine.hr\/wp-content\/uploads\/2024\/04\/Buduci-kamp-uz-more-800x450.jpg 800w, https:\/\/charta-nekretnine.hr\/wp-content\/uploads\/2024\/04\/Buduci-kamp-uz-more-600x338.jpg 600w\" sizes=\"(max-width: 720px) 100vw, 720px\" \/><figcaption id=\"caption-attachment-7908\" class=\"wp-caption-text\">Lokacija na otoku Pa\u0161manu za 2025.<\/figcaption><\/figure>\n<p>Prekrasna duga pje\u0161\u010dana pla\u017ea okru\u017eena tamarisima obilje\u017eje je naselja Nevi\u0111ane. Uz bistro more, pogodnost koju \u0107ete pru\u017eiti gositma va\u0161ih mobilnih ku\u0107ica je mir i ugodna okolica samoga kampa.<\/p>\n<p>Sa pla\u017ee se pru\u017ea pogled na Pa\u0161manski kanal i oto\u010di\u0107 \u0160kolji\u0107 na kojem se nalazi svjetionik.<\/p>\n<p>Vi\u0161e o naselju Nevi\u0111ane pogledajte na slu\u017ebenim stranicama \u201c<strong><a href=\"https:\/\/www.pasman.hr\/hr\/nevidane\" target=\"_blank\" rel=\"noopener\">Turisti\u010dke zajednice otoka Pa\u0161mana<\/a><\/strong>\u201d<\/p>\n<h4>Detalji ponude za kamp Nevi\u0111ane<\/h4>\n<ul>\n<li>Lokacija kampa: Nevi\u0111ane, otok Pa\u0161man<\/li>\n<li>Udaljenost od mora: 50 metara<\/li>\n<li>Pogled na more: DA<\/li>\n<li>Godi\u0161nji pau\u0161al: 6.000 \u20ac<\/li>\n<li>Broj parcela na raspolaganju: 6<\/li>\n<\/ul>\n<h2>Razrada ponude za Adria mobilne ku\u0107ice u kampovima<\/h2>\n<p>Cijena Adria paketa: 39.900 \u20ac plus PDV<\/p>\n<p>U paket su uklju\u010deni:<\/p>\n<ul>\n<li><strong>\u2022 Adria mobilna ku\u0107ica (8 x 3 m)<\/strong><\/li>\n<li><strong>\u2022 <\/strong>Prijevoz ku\u0107ice od proizvodnog pogona do lokacije postavljanja<\/li>\n<li><strong>\u2022 <\/strong>Priprema parcele za postavljanje ku\u0107ice<\/li>\n<li><strong>\u2022\u00a0<\/strong>Spajanje ku\u0107ice na komunalne priklju\u010dke (voda, struja&#8230;)<\/li>\n<li><strong>\u2022\u00a0Terasa natkrivena (8 x 3 m)<\/strong><\/li>\n<li><strong>\u2022<\/strong> Dostava terase i montiranje<\/li>\n<li><strong>\u2022\u00a0Parcela u kampu<\/strong> &#8211; pripremljena i ure\u0111ena<\/li>\n<\/ul>\n<h2>Organizacija upravljanja mobilnom ku\u0107icom<\/h2>\n<p>Za kupce Adria mobilne ku\u0107ice u kampovima pripremili smo uslugu upravljanja koja uklju\u010duje vo\u0111enje sustava rezervacija i uskla\u0111ivanja termina.<\/p>\n<p>Za vas uspostavljamo ra\u010dun na specijaliziranom portalu za iznajmljivanje mobilnih ku\u0107ica\u00a0<strong><a href=\"https:\/\/mobilehomerent.eu\/\" target=\"_blank\" rel=\"noopener\">Mobile Home Rent<\/a><\/strong> i sinkroniziramo kalendare na ostalim prodajnim kanalima.<\/p>\n<p>Usluga upravljanja uklju\u010duje organizaciju slu\u017ebe za \u010di\u0161\u0107enje ku\u0107ica, marketin\u0161ke kampanje, snimanje vizualnih materijala te promid\u017ebene kampanje za dru\u0161tvene mre\u017ee.<\/p>\n<p dir=\"auto\">Za sve detalje i informacije vezane uz Adria mobilne ku\u0107ice u kampovima Turanj i Nevi\u0111ane te ulaganju u turisti\u010dko iznajmljivanje, na raspolaganju smo vam:<\/p>\n<div class=\"x11i5rnm xat24cr x1mh8g0r x1vvkbs xtlvy1s x126k92a\">\n<div dir=\"auto\">+385 (0)91 900 1525<br \/>\n+385 (0)99 366 4412<br \/>\n+385 (0)99 738 5893<br \/>\n+385 (0)95 724 2285<\/div>\n<div dir=\"auto\">info@charta-nekretnine.hr<\/div>\n<\/div>","protected":false},"featured_media":9206,"template":"","meta":{"_acf_changed":false,"ocean_post_layout":"","ocean_both_sidebars_style":"","ocean_both_sidebars_content_width":0,"ocean_both_sidebars_sidebars_width":0,"ocean_sidebar":"0","ocean_second_sidebar":"0","ocean_disable_margins":"enable","ocean_add_body_class":"","ocean_shortcode_before_top_bar":"","ocean_shortcode_after_top_bar":"","ocean_shortcode_before_header":"","ocean_shortcode_after_header":"","ocean_has_shortcode":"","ocean_shortcode_after_title":"","ocean_shortcode_before_footer_widgets":"","ocean_shortcode_after_footer_widgets":"","ocean_shortcode_before_footer_bottom":"","ocean_shortcode_after_footer_bottom":"","ocean_display_top_bar":"default","ocean_display_header":"default","ocean_header_style":"","ocean_center_header_left_menu":"0","ocean_custom_header_template":"0","ocean_custom_logo":0,"ocean_custom_retina_logo":0,"ocean_custom_logo_max_width":0,"ocean_custom_logo_tablet_max_width":0,"ocean_custom_logo_mobile_max_width":0,"ocean_custom_logo_max_height":0,"ocean_custom_logo_tablet_max_height":0,"ocean_custom_logo_mobile_max_height":0,"ocean_header_custom_menu":"0","ocean_menu_typo_font_family":"0","ocean_menu_typo_font_subset":"","ocean_menu_typo_font_size":0,"ocean_menu_typo_font_size_tablet":0,"ocean_menu_typo_font_size_mobile":0,"ocean_menu_typo_font_size_unit":"px","ocean_menu_typo_font_weight":"","ocean_menu_typo_font_weight_tablet":"","ocean_menu_typo_font_weight_mobile":"","ocean_menu_typo_transform":"","ocean_menu_typo_transform_tablet":"","ocean_menu_typo_transform_mobile":"","ocean_menu_typo_line_height":0,"ocean_menu_typo_line_height_tablet":0,"ocean_menu_typo_line_height_mobile":0,"ocean_menu_typo_line_height_unit":"","ocean_menu_typo_spacing":0,"ocean_menu_typo_spacing_tablet":0,"ocean_menu_typo_spacing_mobile":0,"ocean_menu_typo_spacing_unit":"","ocean_menu_link_color":"","ocean_menu_link_color_hover":"","ocean_menu_link_color_active":"","ocean_menu_link_background":"","ocean_menu_link_hover_background":"","ocean_menu_link_active_background":"","ocean_menu_social_links_bg":"","ocean_menu_social_hover_links_bg":"","ocean_menu_social_links_color":"","ocean_menu_social_hover_links_color":"","ocean_disable_title":"default","ocean_disable_heading":"default","ocean_post_title":"","ocean_post_subheading":"","ocean_post_title_style":"","ocean_post_title_background_color":"","ocean_post_title_background":0,"ocean_post_title_bg_image_position":"","ocean_post_title_bg_image_attachment":"","ocean_post_title_bg_image_repeat":"","ocean_post_title_bg_image_size":"","ocean_post_title_height":0,"ocean_post_title_bg_overlay":0.5,"ocean_post_title_bg_overlay_color":"","ocean_disable_breadcrumbs":"default","ocean_breadcrumbs_color":"","ocean_breadcrumbs_separator_color":"","ocean_breadcrumbs_links_color":"","ocean_breadcrumbs_links_hover_color":"","ocean_display_footer_widgets":"default","ocean_display_footer_bottom":"default","ocean_custom_footer_template":"0"},"product_brand":[],"product_cat":[265],"product_tag":[247,272],"class_list":{"0":"post-8003","1":"product","2":"type-product","3":"status-publish","4":"has-post-thumbnail","6":"product_cat-mobilne-kucice","7":"product_tag-prodaja","8":"product_tag-prodaja-mobilnih-kucica","9":"pa_broj-kupaonica-60","10":"pa_broj-spavacih-soba-52","11":"pa_cijena-39-900-plus-pdv","12":"pa_kvadratura-24-24-terasa","13":"pa_mjesto-turanj-i-pasman","14":"pa_stanje-objekta-nove-mobilne-kucice","15":"pa_vrsta-objave-prodaja","17":"entry","18":"has-media","20":"first","21":"instock","22":"shipping-taxable","23":"purchasable","24":"product-type-simple","25":"has-product-nav","26":"col","27":"span_1_of_3","28":"owp-content-center","29":"owp-thumbs-layout-horizontal","30":"owp-btn-normal","31":"owp-tabs-layout-horizontal"},"acf":[],"jetpack_sharing_enabled":true,"_links":{"self":[{"href":"https:\/\/charta-nekretnine.hr\/en\/wp-json\/wp\/v2\/product\/8003","targetHints":{"allow":["GET"]}}],"collection":[{"href":"https:\/\/charta-nekretnine.hr\/en\/wp-json\/wp\/v2\/product"}],"about":[{"href":"https:\/\/charta-nekretnine.hr\/en\/wp-json\/wp\/v2\/types\/product"}],"wp:featuredmedia":[{"embeddable":true,"href":"https:\/\/charta-nekretnine.hr\/en\/wp-json\/wp\/v2\/media\/9206"}],"wp:attachment":[{"href":"https:\/\/charta-nekretnine.hr\/en\/wp-json\/wp\/v2\/media?parent=8003"}],"wp:term":[{"taxonomy":"product_brand","embeddable":true,"href":"https:\/\/charta-nekretnine.hr\/en\/wp-json\/wp\/v2\/product_brand?post=8003"},{"taxonomy":"product_cat","embeddable":true,"href":"https:\/\/charta-nekretnine.hr\/en\/wp-json\/wp\/v2\/product_cat?post=8003"},{"taxonomy":"product_tag","embeddable":true,"href":"https:\/\/charta-nekretnine.hr\/en\/wp-json\/wp\/v2\/product_tag?post=8003"}],"curies":[{"name":"wp","href":"https:\/\/api.w.org\/{rel}","templated":true}]}}