{"id":8066,"date":"2024-07-24T13:57:35","date_gmt":"2024-07-24T13:57:35","guid":{"rendered":"https:\/\/charta-nekretnine.hr\/?post_type=product&#038;p=8066"},"modified":"2024-07-24T14:01:58","modified_gmt":"2024-07-24T14:01:58","slug":"mijenjamo-dvije-mobilne-kucice","status":"publish","type":"product","link":"https:\/\/charta-nekretnine.hr\/en\/product\/mijenjamo-dvije-mobilne-kucice\/","title":{"rendered":"Mijenjamo dvije mobilne ku\u0107ice u kampu za stan u Zagrebu"},"content":{"rendered":"","protected":false},"excerpt":{"rendered":"<h1>Mijenjamo dvije mobilne ku\u0107ice za stan u Zagrebu<\/h1>\n<p>Dvije postavljene mobilne ku\u0107ice u Pirovcu &#8211; &#8220;Camping Pirovac&#8221; sa uhodanim poslovanjem iznajmljivanja mijenjamo za stan u Zagrebu.<\/p>\n<p>Vrijednost obje mobilne ku\u0107ice pove\u0107ana je lokacijom u blizini mora, sadr\u017eajima kampa u kojma su postavljene, osiguranim ugovorom za parcele te postavljenom infrastrukturom.<\/p>\n<h2>Camping Pirovac<\/h2>\n<p>Lokacija resorta je u Pirovcu, Stare Vrulje 22 na 150 metara od mora. Na raspolaganju vlasnicima mobilnih ku\u0107ica i njihovim gostima su 2 bazena, dje\u010dje igrali\u0161te, bar s predivnim pogledom na gornjoj terasi i restoran u sklopu bar-a.<\/p>\n<figure id=\"attachment_8067\" aria-describedby=\"caption-attachment-8067\" style=\"width: 810px\" class=\"wp-caption aligncenter\"><img fetchpriority=\"high\" decoding=\"async\" class=\"wp-image-8067\" src=\"https:\/\/charta-nekretnine.hr\/wp-content\/uploads\/2024\/07\/Mobilne-kucice-sa-bazenom.jpg\" alt=\"Mobilne ku\u0107ice sa bazenom\" width=\"810\" height=\"540\" srcset=\"https:\/\/charta-nekretnine.hr\/wp-content\/uploads\/2024\/07\/Mobilne-kucice-sa-bazenom.jpg 810w, https:\/\/charta-nekretnine.hr\/wp-content\/uploads\/2024\/07\/Mobilne-kucice-sa-bazenom-768x512.jpg 768w, https:\/\/charta-nekretnine.hr\/wp-content\/uploads\/2024\/07\/Mobilne-kucice-sa-bazenom-18x12.jpg 18w, https:\/\/charta-nekretnine.hr\/wp-content\/uploads\/2024\/07\/Mobilne-kucice-sa-bazenom-600x400.jpg 600w\" sizes=\"(max-width: 810px) 100vw, 810px\" \/><figcaption id=\"caption-attachment-8067\" class=\"wp-caption-text\">Camping Pirovac<\/figcaption><\/figure>\n<div class=\"x11i5rnm xat24cr x1mh8g0r x1vvkbs xtlvy1s x126k92a\">\n<div dir=\"auto\"><\/div>\n<div dir=\"auto\">Va\u0161im gostima dali bi toplu preporuku za jedne od lijepih pla\u017ea u Pirovcu<\/div>\n<\/div>\n<div class=\"x11i5rnm xat24cr x1mh8g0r x1vvkbs xtlvy1s x126k92a\">\n<div dir=\"auto\"><\/div>\n<div dir=\"auto\"><strong>Pla\u017ea Starine<\/strong> na jugoistoku Pirovca prote\u017ee se vi\u0161e od kilometra uz more, na pla\u017ei vas \u010deka nekoliko kafi\u0107a za ispijanje kave i osvje\u017eavaju\u0107ih ljetnih koktela. Osim sjajnih molova za skokove u more, na pla\u017ei mo\u017eete zadovoljiti svoje \u017eelje za ludom zabavom i na razne druge na\u010dine poput vo\u017enje jet-skia, pedalina te najmom \u010damca!<\/div>\n<\/div>\n<div class=\"x11i5rnm xat24cr x1mh8g0r x1vvkbs xtlvy1s x126k92a\">\n<div dir=\"auto\"><\/div>\n<div dir=\"auto\"><strong>Uvala Porat<\/strong> ve\u0107im je dijelom bez hlada, \u0161to zna\u010di da \u0107ete, gdje god se smjestili, pla\u017eu napustiti sa zavidnim tenom. Uvala je uglavnom stjenovita, a ima i pje\u0161\u010danih dijelova. Pravo je mjesto za sve koji su na izlet poveli svoje \u010detverono\u017ene najbolje prijatelje jer ih upravo tu mo\u017eete okupati <span class=\"html-span xexx8yu x4uap5 x18d9i69 xkhd6sd x1hl2dhg x16tdsg8 x1vvkbs x3nfvp2 x1j61x8r x1fcty0u xdj266r xat24cr xgzva0m xhhsvwb xxymvpz xlup9mm x1kky2od\"><img decoding=\"async\" class=\"xz74otr\" src=\"https:\/\/static.xx.fbcdn.net\/images\/emoji.php\/v9\/tae\/3\/16\/1f415.png\" alt=\"\ud83d\udc15\" width=\"16\" height=\"16\" \/><\/span><\/div>\n<\/div>\n<div class=\"x11i5rnm xat24cr x1mh8g0r x1vvkbs xtlvy1s x126k92a\">\n<div dir=\"auto\"><\/div>\n<div dir=\"auto\"><strong>Pla\u017ea Loli\u0107<\/strong> smjestila se u sjeverozapadnom dijelu Pirovca. Osim izuzetne \u010disto\u0107e mora, nudi razne sportske, ugostiteljske i zabavne sadr\u017eaje nadomak pla\u017ee.<\/div>\n<\/div>\n<h2 dir=\"auto\">Mobilne ku\u0107ice<\/h2>\n<p>Dvije mobilne ku\u0107ice Toni i Nino dolaze potpuno opremljene i namje\u0161tene.<\/p>\n<p>Ku\u0107ica je veli\u010dine 24m2 sa natkrivenom terasom 24m2, modernog dizajna te \u0107e svakom odmoru pru\u017eiti osje\u0107aj doma.<\/p>\n<figure id=\"attachment_8068\" aria-describedby=\"caption-attachment-8068\" style=\"width: 720px\" class=\"wp-caption aligncenter\"><img decoding=\"async\" class=\"wp-image-8068 size-full\" src=\"https:\/\/charta-nekretnine.hr\/wp-content\/uploads\/2024\/07\/Mobilna-kucica-u-kampu-Pirovac.jpg\" alt=\"Mobilna ku\u0107ica u kampu Pirovac\" width=\"720\" height=\"540\" srcset=\"https:\/\/charta-nekretnine.hr\/wp-content\/uploads\/2024\/07\/Mobilna-kucica-u-kampu-Pirovac.jpg 720w, https:\/\/charta-nekretnine.hr\/wp-content\/uploads\/2024\/07\/Mobilna-kucica-u-kampu-Pirovac-16x12.jpg 16w, https:\/\/charta-nekretnine.hr\/wp-content\/uploads\/2024\/07\/Mobilna-kucica-u-kampu-Pirovac-600x450.jpg 600w\" sizes=\"(max-width: 720px) 100vw, 720px\" \/><figcaption id=\"caption-attachment-8068\" class=\"wp-caption-text\">Dvije mobilne ku\u0107ice sa terasom<\/figcaption><\/figure>\n<p>Potpuna\u00a0<strong>opremljenost ku\u0107anskim ure\u0111ajima<\/strong>\u00a0zna\u010di da mo\u017eete ra\u010dunati na kuhinju sa perilicom posu\u0111a, velikim fri\u017eiderom sa ledenicom te staklokerami\u010dkom plo\u010dom za kuhanje.<\/p>\n<p>Elementi za pohranu pribora za jelo i malih kuhinjskih ure\u0111aja dovoljno su veliki za potrebe va\u0161ih gostiju \u2013 od parova do cijelih obitelji.<\/p>\n<p>Kupaonica sa tu\u0161 kabinom, umivaonikom i elementima je moderno ure\u0111ena paze\u0107i da je raspored prilago\u0111en tako da vi\u0161e osoba istovremeno mo\u017ee prolaziti kroz nju.<\/p>\n<p>Dvije spava\u0107e sobe mogu opremljene su sa dva bra\u010dna kreveta.<\/p>\n<h2>Poslovanje sa mobilnim ku\u0107icama<\/h2>\n<p>Obje mobilne ku\u0107ice su novo postavljene u resortu &#8220;Camping Pirovac&#8221; i namijenjene su za iznajmljivanje tijekom cijele godine.<\/p>\n<p>Mobilne ku\u0107ice dolaze sa ugovorenim zakupom parcele u kampu na 10 godina.<\/p>\n<p>Za svaku mobilnu ku\u0107icu godi\u0161nje se pla\u0107a pau\u0161al. Godi\u0161nji pau\u0161al u resortu &#8220;Camping Pirovac&#8221; iznosi 6.000\u20ac po mobilnoj ku\u0107ici.<\/p>\n<p>Kupnjom mobilne ku\u0107ice, ona postaje va\u0161e vlasni\u0161tvo. Time dobivate mogu\u0107nost ostvarivanja zarade od njena najma.<\/p>\n<p>Gledaju\u0107i prosjek cijene no\u0107enja u obli\u017enjim smje\u0161tajnim jedinicama i usporedbom sa klasom mobilnih ku\u0107ica te konzervativnim pristupom u odre\u0111ivanju cijene najma ove dvije mobilne ku\u0107ice, dolazimo do zaklju\u010dka da je\u00a0<strong>za povrat ulo\u017eenog iznosa potrebno 4 do 6 godina<\/strong>.<\/p>\n<p>Ostatak ugovornog roka, mo\u017eete o\u010dekivati \u010disti prihod (umanjen za pau\u0161al i osnovne tro\u0161kove komunalija i odr\u017eavanja mobilne ku\u0107ice).<\/p>\n<p>\u017delite li saznati vi\u0161e o\u00a0<strong><a href=\"https:\/\/charta-nekretnine.hr\/en\/2023\/04\/28\/zasto-se-placa-pausal-za-mobilne-kucice-u-kampovima\/\">tro\u0161kovima mobilne ku\u0107ice<\/a><\/strong> potra\u017eite \u010dlanak o toj temi.<\/p>\n<p>Odlu\u010dite li ju prodati istekom ugovora sa vlasnikom parcele, mo\u017eete tako dobiven iznos pridodati ukupnom prihodu.<\/p>\n<p>Dodatna prednost kupnje mobilne ku\u0107ice u ovom aran\u017emanu je mogu\u0107nost da boravite u njoj kad god po\u017eelite.<\/p>\n<p dir=\"auto\">Za sve detalje i informacije o resortu &#8220;Campin Pirovac&#8221;, mobilnim ku\u0107icama i ulaganju u turisti\u010dko iznajmljivanje, na raspolaganju smo vam:<\/p>\n<div class=\"x11i5rnm xat24cr x1mh8g0r x1vvkbs xtlvy1s x126k92a\">\n<div dir=\"auto\">+385 (0)95 724 2285<\/div>\n<div dir=\"auto\">info@charta-nekretnine.hr<\/div>\n<\/div>\n<div class=\"x11i5rnm xat24cr x1mh8g0r x1vvkbs xtlvy1s x126k92a\"><\/div>\n<div class=\"x11i5rnm xat24cr x1mh8g0r x1vvkbs xtlvy1s x126k92a\">\n<div dir=\"auto\"><\/div>\n<\/div>","protected":false},"featured_media":8068,"template":"","meta":{"_acf_changed":false,"ocean_post_layout":"","ocean_both_sidebars_style":"","ocean_both_sidebars_content_width":0,"ocean_both_sidebars_sidebars_width":0,"ocean_sidebar":"0","ocean_second_sidebar":"0","ocean_disable_margins":"enable","ocean_add_body_class":"","ocean_shortcode_before_top_bar":"","ocean_shortcode_after_top_bar":"","ocean_shortcode_before_header":"","ocean_shortcode_after_header":"","ocean_has_shortcode":"","ocean_shortcode_after_title":"","ocean_shortcode_before_footer_widgets":"","ocean_shortcode_after_footer_widgets":"","ocean_shortcode_before_footer_bottom":"","ocean_shortcode_after_footer_bottom":"","ocean_display_top_bar":"default","ocean_display_header":"default","ocean_header_style":"","ocean_center_header_left_menu":"0","ocean_custom_header_template":"0","ocean_custom_logo":0,"ocean_custom_retina_logo":0,"ocean_custom_logo_max_width":0,"ocean_custom_logo_tablet_max_width":0,"ocean_custom_logo_mobile_max_width":0,"ocean_custom_logo_max_height":0,"ocean_custom_logo_tablet_max_height":0,"ocean_custom_logo_mobile_max_height":0,"ocean_header_custom_menu":"0","ocean_menu_typo_font_family":"0","ocean_menu_typo_font_subset":"","ocean_menu_typo_font_size":0,"ocean_menu_typo_font_size_tablet":0,"ocean_menu_typo_font_size_mobile":0,"ocean_menu_typo_font_size_unit":"px","ocean_menu_typo_font_weight":"","ocean_menu_typo_font_weight_tablet":"","ocean_menu_typo_font_weight_mobile":"","ocean_menu_typo_transform":"","ocean_menu_typo_transform_tablet":"","ocean_menu_typo_transform_mobile":"","ocean_menu_typo_line_height":0,"ocean_menu_typo_line_height_tablet":0,"ocean_menu_typo_line_height_mobile":0,"ocean_menu_typo_line_height_unit":"","ocean_menu_typo_spacing":0,"ocean_menu_typo_spacing_tablet":0,"ocean_menu_typo_spacing_mobile":0,"ocean_menu_typo_spacing_unit":"","ocean_menu_link_color":"","ocean_menu_link_color_hover":"","ocean_menu_link_color_active":"","ocean_menu_link_background":"","ocean_menu_link_hover_background":"","ocean_menu_link_active_background":"","ocean_menu_social_links_bg":"","ocean_menu_social_hover_links_bg":"","ocean_menu_social_links_color":"","ocean_menu_social_hover_links_color":"","ocean_disable_title":"default","ocean_disable_heading":"default","ocean_post_title":"","ocean_post_subheading":"","ocean_post_title_style":"","ocean_post_title_background_color":"","ocean_post_title_background":0,"ocean_post_title_bg_image_position":"","ocean_post_title_bg_image_attachment":"","ocean_post_title_bg_image_repeat":"","ocean_post_title_bg_image_size":"","ocean_post_title_height":0,"ocean_post_title_bg_overlay":0.5,"ocean_post_title_bg_overlay_color":"","ocean_disable_breadcrumbs":"default","ocean_breadcrumbs_color":"","ocean_breadcrumbs_separator_color":"","ocean_breadcrumbs_links_color":"","ocean_breadcrumbs_links_hover_color":"","ocean_display_footer_widgets":"default","ocean_display_footer_bottom":"default","ocean_custom_footer_template":"0"},"product_brand":[],"product_cat":[21],"product_tag":[314],"class_list":{"0":"post-8066","1":"product","2":"type-product","3":"status-publish","4":"has-post-thumbnail","6":"product_cat-stan","7":"product_tag-kupovina-nekretnina","8":"pa_adresa-nekretnine-stare-vrulje-22","9":"pa_mjesto-pirovac","10":"pa_stanje-objekta-nove-mobilne-kucice","11":"pa_vrsta-objave-kupovina","13":"entry","14":"has-media","16":"first","17":"instock","18":"shipping-taxable","19":"product-type-simple","20":"has-product-nav","21":"col","22":"span_1_of_3","23":"owp-content-center","24":"owp-thumbs-layout-horizontal","25":"owp-btn-normal","26":"owp-tabs-layout-horizontal"},"acf":[],"jetpack_sharing_enabled":true,"_links":{"self":[{"href":"https:\/\/charta-nekretnine.hr\/en\/wp-json\/wp\/v2\/product\/8066","targetHints":{"allow":["GET"]}}],"collection":[{"href":"https:\/\/charta-nekretnine.hr\/en\/wp-json\/wp\/v2\/product"}],"about":[{"href":"https:\/\/charta-nekretnine.hr\/en\/wp-json\/wp\/v2\/types\/product"}],"wp:featuredmedia":[{"embeddable":true,"href":"https:\/\/charta-nekretnine.hr\/en\/wp-json\/wp\/v2\/media\/8068"}],"wp:attachment":[{"href":"https:\/\/charta-nekretnine.hr\/en\/wp-json\/wp\/v2\/media?parent=8066"}],"wp:term":[{"taxonomy":"product_brand","embeddable":true,"href":"https:\/\/charta-nekretnine.hr\/en\/wp-json\/wp\/v2\/product_brand?post=8066"},{"taxonomy":"product_cat","embeddable":true,"href":"https:\/\/charta-nekretnine.hr\/en\/wp-json\/wp\/v2\/product_cat?post=8066"},{"taxonomy":"product_tag","embeddable":true,"href":"https:\/\/charta-nekretnine.hr\/en\/wp-json\/wp\/v2\/product_tag?post=8066"}],"curies":[{"name":"wp","href":"https:\/\/api.w.org\/{rel}","templated":true}]}}