{"id":8185,"date":"2024-09-10T11:56:33","date_gmt":"2024-09-10T11:56:33","guid":{"rendered":"https:\/\/charta-nekretnine.hr\/?post_type=product&#038;p=8185"},"modified":"2025-09-21T14:58:44","modified_gmt":"2025-09-21T14:58:44","slug":"mobilne-kucice-prvi-red-do-mora","status":"publish","type":"product","link":"https:\/\/charta-nekretnine.hr\/en\/product\/mobilne-kucice-prvi-red-do-mora\/","title":{"rendered":"Mobilne ku\u0107ice prvi red do mora"},"content":{"rendered":"","protected":false},"excerpt":{"rendered":"<h1>Mobilne ku\u0107ice prvi red do mora<\/h1>\n<p>Premium lokacija za va\u0161u investiciju, Vir\u00a0 &#8211; mobilne ku\u0107ice prvi red do mora!<\/p>\n<p><strong>Napomena za posjetitelje Charta Mobile Homes portala!<\/strong><\/p>\n<p>Kamp na otoku Viru popunili smo u cijelosti, a sve su mobilne ku\u0107ice dobile svoje vlasnike. Svim na\u0161im klijentima \u017eelimo ugodan boravak i uspje\u0161no iznajmljivanje ku\u0107ica u nadolaze\u0107im godinama. Zahvaljujemo vam na povjerenju koje ste nam iskazali!<\/p>\n<p>Ni\u017ee vam donosimo kratki video o putovanju mobilnih ku\u0107ica do lokacije na otoku Viru i njihovo postavljanje.<\/p>\n<p><iframe src=\"https:\/\/www.youtube.com\/embed\/Ub5CCSEJ9Zc\" width=\"560\" height=\"315\" frameborder=\"0\" allowfullscreen=\"allowfullscreen\"><span data-mce-type=\"bookmark\" style=\"display: inline-block; width: 0px; overflow: hidden; line-height: 0;\" class=\"mce_SELRES_start\"><\/span><br \/>\n<\/iframe><br \/>\nIako slike govore same za sebe, na lokaciji uz more pripremljen je teren za postavljanje <strong>10 novih mobilnih ku\u0107ica<\/strong>.<\/p>\n<p>Mobilne ku\u0107ice od pla\u017ee odijeljene su tek \u0161etnicom, a upravo ta blizina mora va\u0161im \u0107e gostima pru\u017eiti jedinstveno iskustvo dok sjede na terasi i u\u017eivaju u pogledu.<\/p>\n<h2>Turisti\u010dko &#8211; investicijsko poja\u0161njenje projekta &#8220;Vir&#8221;<\/h2>\n<p>Namjena mobilnih ku\u0107ica prvenstveno je daljnje iznajmljivanje. Ugovor o zakupu parcele na koju dolazi nova mobilna ku\u0107ica potpisuje se na 10 godina &#8211; uz mogu\u0107nost produ\u017eenja<\/p>\n<figure id=\"attachment_8187\" aria-describedby=\"caption-attachment-8187\" style=\"width: 640px\" class=\"wp-caption aligncenter\"><img fetchpriority=\"high\" decoding=\"async\" class=\"wp-image-8187\" src=\"https:\/\/charta-nekretnine.hr\/wp-content\/uploads\/2024\/09\/Dron-lokacija-sa-mora.jpg\" alt=\"Mobilne ku\u0107ice prvi red do mora\" width=\"640\" height=\"360\" srcset=\"https:\/\/charta-nekretnine.hr\/wp-content\/uploads\/2024\/09\/Dron-lokacija-sa-mora.jpg 960w, https:\/\/charta-nekretnine.hr\/wp-content\/uploads\/2024\/09\/Dron-lokacija-sa-mora-768x432.jpg 768w, https:\/\/charta-nekretnine.hr\/wp-content\/uploads\/2024\/09\/Dron-lokacija-sa-mora-18x10.jpg 18w, https:\/\/charta-nekretnine.hr\/wp-content\/uploads\/2024\/09\/Dron-lokacija-sa-mora-800x450.jpg 800w, https:\/\/charta-nekretnine.hr\/wp-content\/uploads\/2024\/09\/Dron-lokacija-sa-mora-600x338.jpg 600w\" sizes=\"(max-width: 640px) 100vw, 640px\" \/><figcaption id=\"caption-attachment-8187\" class=\"wp-caption-text\">Kamp do mora za 10 mobilnih ku\u0107ica<\/figcaption><\/figure>\n<p>Kroz investicijski period od 10 godina, od najma u mobilne ku\u0107ice u kampovima se o\u010dekuje povrat ulaganja kroz 4 do 6 godina, a preostali period do isteka ugovora od 10 godina, razdoblje je ostvarenja \u010distog prihoda.*<\/p>\n<p>Prema dosada\u0161njem iskustvu na\u0161ih klijenata, ovaj oblik ulaganja idealan je ako vam je cilj o\u010duvati vrijednost svojih, ve\u0107 postoje\u0107ih financijskih sredstava. Odnosno, ako ne \u017eelite da vam sredstva propadaju uslijed inflacije i drugih negativnih trendova.<\/p>\n<p>Kako bi lak\u0161e donijeli odluku, pogledajte na\u0161\u00a0<strong><a href=\"https:\/\/charta-nekretnine.hr\/en\/2023\/04\/28\/pausal-za-mobilne-kucice-u-kampu\/\" target=\"_blank\" rel=\"noopener\">prikaz tro\u0161kova i pau\u0161ala za mobilne ku\u0107ice<\/a><\/strong>.<\/p>\n<p>Vlasnici novih mobilnih ku\u0107ica mogu tako\u0111er odabrati mje\u0161oviti model upotrebe mobilne ku\u0107ice u kampovima.<\/p>\n<p>Ovime se odlu\u010duju iznajmiti ku\u0107icu koliko je dovoljno da se pokriju osnovni godi\u0161nji tro\u0161kovi, a ostatak vremena koriste ju za vlastite potrebe. Malo za sebe, malo za rodbinu i prijatelje, ovaj model otvara mogu\u0107nost da u\u017eivate u svom smje\u0161taju uz more kad to vama odgovara.<\/p>\n<p>Du\u017eni smo napomenuti da se kupnjom mobilne ku\u0107ice u kampovima, ona ne\u0107e iznajmljivati sama od sebe. Iako upravljanje ku\u0107icom nije intezivan i zahtjevan postupak, od vlasnika ku\u0107ica za odmor se o\u010dekuje odre\u0111eni anga\u017eman.<\/p>\n<p>*procjena prihoda od najma utvr\u0111ena je prema pokazateljima u prethodne 3 godine za smje\u0161taj na bliskim lokacijama u mobilnim ku\u0107icama.<\/p>\n<h3>Hosekra Delux mobilne ku\u0107ice prvi red do mora<\/h3>\n<figure id=\"attachment_8166\" aria-describedby=\"caption-attachment-8166\" style=\"width: 515px\" class=\"wp-caption aligncenter\"><img decoding=\"async\" class=\"wp-image-8166\" src=\"https:\/\/charta-nekretnine.hr\/wp-content\/uploads\/2024\/08\/Postavljena-kucica-kamp-Vrulje.jpg\" alt=\"Mobilna ku\u0107ica u kampu Vrulje\" width=\"515\" height=\"360\" srcset=\"https:\/\/charta-nekretnine.hr\/wp-content\/uploads\/2024\/08\/Postavljena-kucica-kamp-Vrulje.jpg 773w, https:\/\/charta-nekretnine.hr\/wp-content\/uploads\/2024\/08\/Postavljena-kucica-kamp-Vrulje-768x537.jpg 768w, https:\/\/charta-nekretnine.hr\/wp-content\/uploads\/2024\/08\/Postavljena-kucica-kamp-Vrulje-18x12.jpg 18w, https:\/\/charta-nekretnine.hr\/wp-content\/uploads\/2024\/08\/Postavljena-kucica-kamp-Vrulje-600x419.jpg 600w\" sizes=\"(max-width: 515px) 100vw, 515px\" \/><figcaption id=\"caption-attachment-8166\" class=\"wp-caption-text\">Mobilna ku\u0107ica Hosekra koju smo postavili u kampu Vrulje (Pirovac) za na\u0161e drage klijente<\/figcaption><\/figure>\n<ul>\n<li><strong>\u2022<\/strong> dimenzija: 8 x 3 m (24 m\u00b2)<\/li>\n<li><strong>\u2022<\/strong> terasa: natkrivena 8 x 3 m (24 m\u00b2)<\/li>\n<li><strong>\u2022<\/strong> spava\u0107e sobe: 2<\/li>\n<li><strong>\u2022\u00a0<\/strong>kupaonica: 1<\/li>\n<\/ul>\n<hr \/>\n<ul>\n<li><strong>\u2022 <\/strong>cijena: 35.000 \u20ac plus pdv<\/li>\n<li><strong>\u2022 <\/strong>pau\u0161al: 6.000 \u20ac godi\u0161nje<\/li>\n<li><strong>\u2022\u00a0<\/strong>trajanje ugovora: 10 godina<\/li>\n<li><strong>\u2022\u00a0<\/strong>produljenje ugovora: mogu\u0107 dogovor<\/li>\n<\/ul>\n<hr \/>\n<ul>\n<li><strong>\u2022\u00a0<\/strong>stanje mobilne ku\u0107ice: nova, potpuno opremljena i ure\u0111ena<\/li>\n<li><strong>\u2022 <\/strong>period rada: kamp je otvoren cijele godine<\/li>\n<li><strong>\u2022 <\/strong>pogled na more: DA<\/li>\n<\/ul>\n<h2>Paket upravljanja za mobilne ku\u0107ice prvi red do mora<\/h2>\n<p>Za svaku je mobilnu ku\u0107icu mogu\u0107e ugovoriti paket upravljanja koji uklju\u010duje:<\/p>\n<ul>\n<li><strong>\u2022\u00a0<\/strong>iznajmljivanje putem specijaliziranog portala\u00a0<strong><a href=\"https:\/\/mobilehomerent.eu\/\" target=\"_blank\" rel=\"noopener\">MobileHomeRent<\/a><\/strong><\/li>\n<li><strong>\u2022\u00a0<\/strong>koordinaciju raspolo\u017eivih termina na svim portalima<\/li>\n<li><strong>\u2022\u00a0<\/strong>check in \/ check out gostiju<\/li>\n<li><strong>\u2022\u00a0<\/strong>uslugu \u010di\u0161\u0107enja ku\u0107ice<\/li>\n<li><strong>\u2022\u00a0<\/strong>izradu web stranice i vo\u0111enje profila na dru\u0161tvenim mre\u017eama<\/li>\n<li><strong>\u2022\u00a0<\/strong>snimanje promo materijala za mobilne ku\u0107ice<\/li>\n<\/ul>\n<p>Za sve dodatne infomacije vezano uz mobilne ku\u0107ice kamp Stipe, na\u010din poslovanja i investiranja obratite se na\u0161em stru\u010dnom timu.<\/p>\n<p>Imate li pitanje za nas? Javite nam se\u00a0<a href=\"https:\/\/charta-nekretnine.hr\/en\/kontakt\/\" target=\"_blank\" rel=\"noopener\"><strong>ovdje<\/strong><\/a>\u00a0ili nas kontaktirajte direktno na jedan od na\u0161ih brojeva:<\/p>\n<div dir=\"auto\">+385 (0)91 900 1525<br \/>\n+385 (0)99 366 4412<br \/>\n+385 (0)99 738 5893<\/div>\n<div dir=\"auto\">info@charta-nekretnine.hr<\/div>\n<p dir=\"auto\">Za upite iz Slovenije, Austrije i Njema\u010dke molimo kontaktirjte nas na:<\/p>\n<div dir=\"auto\">\n<div class=\"x11i5rnm xat24cr x1mh8g0r x1vvkbs xtlvy1s x126k92a\">\n<div dir=\"auto\">+386 70 438 235<\/div>\n<\/div>\n<\/div>","protected":false},"featured_media":9161,"template":"","meta":{"_acf_changed":false,"ocean_post_layout":"","ocean_both_sidebars_style":"","ocean_both_sidebars_content_width":0,"ocean_both_sidebars_sidebars_width":0,"ocean_sidebar":"0","ocean_second_sidebar":"0","ocean_disable_margins":"enable","ocean_add_body_class":"","ocean_shortcode_before_top_bar":"","ocean_shortcode_after_top_bar":"","ocean_shortcode_before_header":"","ocean_shortcode_after_header":"","ocean_has_shortcode":"","ocean_shortcode_after_title":"","ocean_shortcode_before_footer_widgets":"","ocean_shortcode_after_footer_widgets":"","ocean_shortcode_before_footer_bottom":"","ocean_shortcode_after_footer_bottom":"","ocean_display_top_bar":"default","ocean_display_header":"default","ocean_header_style":"","ocean_center_header_left_menu":"0","ocean_custom_header_template":"0","ocean_custom_logo":0,"ocean_custom_retina_logo":0,"ocean_custom_logo_max_width":0,"ocean_custom_logo_tablet_max_width":0,"ocean_custom_logo_mobile_max_width":0,"ocean_custom_logo_max_height":0,"ocean_custom_logo_tablet_max_height":0,"ocean_custom_logo_mobile_max_height":0,"ocean_header_custom_menu":"0","ocean_menu_typo_font_family":"0","ocean_menu_typo_font_subset":"","ocean_menu_typo_font_size":0,"ocean_menu_typo_font_size_tablet":0,"ocean_menu_typo_font_size_mobile":0,"ocean_menu_typo_font_size_unit":"px","ocean_menu_typo_font_weight":"","ocean_menu_typo_font_weight_tablet":"","ocean_menu_typo_font_weight_mobile":"","ocean_menu_typo_transform":"","ocean_menu_typo_transform_tablet":"","ocean_menu_typo_transform_mobile":"","ocean_menu_typo_line_height":0,"ocean_menu_typo_line_height_tablet":0,"ocean_menu_typo_line_height_mobile":0,"ocean_menu_typo_line_height_unit":"","ocean_menu_typo_spacing":0,"ocean_menu_typo_spacing_tablet":0,"ocean_menu_typo_spacing_mobile":0,"ocean_menu_typo_spacing_unit":"","ocean_menu_link_color":"","ocean_menu_link_color_hover":"","ocean_menu_link_color_active":"","ocean_menu_link_background":"","ocean_menu_link_hover_background":"","ocean_menu_link_active_background":"","ocean_menu_social_links_bg":"","ocean_menu_social_hover_links_bg":"","ocean_menu_social_links_color":"","ocean_menu_social_hover_links_color":"","ocean_disable_title":"default","ocean_disable_heading":"default","ocean_post_title":"","ocean_post_subheading":"","ocean_post_title_style":"","ocean_post_title_background_color":"","ocean_post_title_background":0,"ocean_post_title_bg_image_position":"","ocean_post_title_bg_image_attachment":"","ocean_post_title_bg_image_repeat":"","ocean_post_title_bg_image_size":"","ocean_post_title_height":0,"ocean_post_title_bg_overlay":0.5,"ocean_post_title_bg_overlay_color":"","ocean_disable_breadcrumbs":"default","ocean_breadcrumbs_color":"","ocean_breadcrumbs_separator_color":"","ocean_breadcrumbs_links_color":"","ocean_breadcrumbs_links_hover_color":"","ocean_display_footer_widgets":"default","ocean_display_footer_bottom":"default","ocean_custom_footer_template":"0"},"product_brand":[],"product_cat":[265],"product_tag":[247,272],"class_list":{"0":"post-8185","1":"product","2":"type-product","3":"status-publish","4":"has-post-thumbnail","6":"product_cat-mobilne-kucice","7":"product_tag-prodaja","8":"product_tag-prodaja-mobilnih-kucica","9":"pa_broj-kupaonica-60","10":"pa_broj-spavacih-soba-52","11":"pa_cijena-35-000-plus-pdv","12":"pa_kvadratura-24-24-terasa","13":"pa_mjesto-vir","14":"pa_stanje-objekta-nove-mobilne-kucice","15":"pa_vrsta-objave-prodaja","17":"entry","18":"has-media","20":"first","21":"instock","22":"shipping-taxable","23":"purchasable","24":"product-type-simple","25":"has-product-nav","26":"col","27":"span_1_of_3","28":"owp-content-center","29":"owp-thumbs-layout-horizontal","30":"owp-btn-normal","31":"owp-tabs-layout-horizontal"},"acf":[],"jetpack_sharing_enabled":true,"_links":{"self":[{"href":"https:\/\/charta-nekretnine.hr\/en\/wp-json\/wp\/v2\/product\/8185","targetHints":{"allow":["GET"]}}],"collection":[{"href":"https:\/\/charta-nekretnine.hr\/en\/wp-json\/wp\/v2\/product"}],"about":[{"href":"https:\/\/charta-nekretnine.hr\/en\/wp-json\/wp\/v2\/types\/product"}],"wp:featuredmedia":[{"embeddable":true,"href":"https:\/\/charta-nekretnine.hr\/en\/wp-json\/wp\/v2\/media\/9161"}],"wp:attachment":[{"href":"https:\/\/charta-nekretnine.hr\/en\/wp-json\/wp\/v2\/media?parent=8185"}],"wp:term":[{"taxonomy":"product_brand","embeddable":true,"href":"https:\/\/charta-nekretnine.hr\/en\/wp-json\/wp\/v2\/product_brand?post=8185"},{"taxonomy":"product_cat","embeddable":true,"href":"https:\/\/charta-nekretnine.hr\/en\/wp-json\/wp\/v2\/product_cat?post=8185"},{"taxonomy":"product_tag","embeddable":true,"href":"https:\/\/charta-nekretnine.hr\/en\/wp-json\/wp\/v2\/product_tag?post=8185"}],"curies":[{"name":"wp","href":"https:\/\/api.w.org\/{rel}","templated":true}]}}