{"id":8563,"date":"2024-09-24T09:11:48","date_gmt":"2024-09-24T09:11:48","guid":{"rendered":"https:\/\/charta-nekretnine.hr\/?post_type=product&#038;p=8563"},"modified":"2024-10-17T15:24:24","modified_gmt":"2024-10-17T15:24:24","slug":"obiteljska-kuca-3-kata-blaskovec","status":"publish","type":"product","link":"https:\/\/charta-nekretnine.hr\/en\/product\/obiteljska-kuca-3-kata-blaskovec\/","title":{"rendered":"Obiteljska ku\u0107a 3 kata Gornja Drenova"},"content":{"rendered":"","protected":false},"excerpt":{"rendered":"<h1>Obiteljska ku\u0107a 3 kata Gornja Drenova<\/h1>\n<p>Na pola puta izme\u0111u Zagreba i Sv. Ivana Zeline prodaje se obiteljska ku\u0107a sa pogledom na Sljeme.<\/p>\n<p>Izgra\u0111ena 2003 g. ku\u0107a od 164 m\u00b2 prostire se na 3 kata.<\/p>\n<div class=\"html-div xdj266r x11i5rnm xat24cr x1mh8g0r xexx8yu x4uap5 x18d9i69 xkhd6sd\" tabindex=\"-1\">\n<div class=\"html-div xdj266r x11i5rnm x1mh8g0r xexx8yu x4uap5 x18d9i69 xkhd6sd x1e56ztr\"><span class=\"x193iq5w xeuugli x13faqbe x1vvkbs x1xmvt09 x6prxxf xvq8zen xo1l8bm xzsf02u\">Ku\u0107a je posebna po tome \u0161to se mogu urediti 3 zasebna, odvojena stana. <\/span>Kvalitetna gradnja dokazana je time \u0161to u potresu ku\u0107a nije imala nikanva o\u0161te\u0107enja.<\/div>\n<\/div>\n<p>U potkrovlju su 2 spava\u0107e sobe i kupaonica te balkon sa kojega se pru\u017ea pogled na Sljeme &#8211; pravo mjesto za ranojutarnju kavu.<\/p>\n<p>Na srednjem katu u raspored prostorija uklju\u010den je velik dnevni boravak, kuhinja i kupaonica<\/p>\n<p>Donji kat ima ve\u0107u kuhinju, manji dnevni boravak, jo\u0161 jednu kupaonicu te ostavu ispod stepenica.<\/p>\n<p>Podrum povr\u0161ine 27 m\u00b2, malena su\u0161ara od 2 m\u00b2 dodatne su prostorije, a zasebna zatvorena gara\u017ea sa izlazom na cestu povr\u0161ine je 27 m\u00b2.<\/p>\n<p>Zemlji\u0161te zajedno sa ku\u0107om ima 1,900 m\u00b2<\/p>\n<p>Stanje ku\u0107e: nema nikakvih posljedica potresnog djelovanja &#8211; stabilna gradnja. Ku\u0107a je izgra\u0111ena 2003 g., nudi bogat raspored prostorija, a kupac ima mogu\u0107nost ure\u0111enja interijera prema vlastitim idejama.<\/p>\n<h3>Obiteljska ku\u0107a 3 kata Gornja Drenova<\/h3>\n<p>Kontakt za dodatne informacije:<\/p>\n<p>+385 99 311 5394<\/p>\n<p>info@charta-nekretnine.hr<\/p>","protected":false},"featured_media":8564,"template":"","meta":{"_acf_changed":false,"ocean_post_layout":"","ocean_both_sidebars_style":"","ocean_both_sidebars_content_width":0,"ocean_both_sidebars_sidebars_width":0,"ocean_sidebar":"","ocean_second_sidebar":"","ocean_disable_margins":"enable","ocean_add_body_class":"","ocean_shortcode_before_top_bar":"","ocean_shortcode_after_top_bar":"","ocean_shortcode_before_header":"","ocean_shortcode_after_header":"","ocean_has_shortcode":"","ocean_shortcode_after_title":"","ocean_shortcode_before_footer_widgets":"","ocean_shortcode_after_footer_widgets":"","ocean_shortcode_before_footer_bottom":"","ocean_shortcode_after_footer_bottom":"","ocean_display_top_bar":"default","ocean_display_header":"default","ocean_header_style":"","ocean_center_header_left_menu":"","ocean_custom_header_template":"","ocean_custom_logo":0,"ocean_custom_retina_logo":0,"ocean_custom_logo_max_width":0,"ocean_custom_logo_tablet_max_width":0,"ocean_custom_logo_mobile_max_width":0,"ocean_custom_logo_max_height":0,"ocean_custom_logo_tablet_max_height":0,"ocean_custom_logo_mobile_max_height":0,"ocean_header_custom_menu":"","ocean_menu_typo_font_family":"","ocean_menu_typo_font_subset":"","ocean_menu_typo_font_size":0,"ocean_menu_typo_font_size_tablet":0,"ocean_menu_typo_font_size_mobile":0,"ocean_menu_typo_font_size_unit":"px","ocean_menu_typo_font_weight":"","ocean_menu_typo_font_weight_tablet":"","ocean_menu_typo_font_weight_mobile":"","ocean_menu_typo_transform":"","ocean_menu_typo_transform_tablet":"","ocean_menu_typo_transform_mobile":"","ocean_menu_typo_line_height":0,"ocean_menu_typo_line_height_tablet":0,"ocean_menu_typo_line_height_mobile":0,"ocean_menu_typo_line_height_unit":"","ocean_menu_typo_spacing":0,"ocean_menu_typo_spacing_tablet":0,"ocean_menu_typo_spacing_mobile":0,"ocean_menu_typo_spacing_unit":"","ocean_menu_link_color":"","ocean_menu_link_color_hover":"","ocean_menu_link_color_active":"","ocean_menu_link_background":"","ocean_menu_link_hover_background":"","ocean_menu_link_active_background":"","ocean_menu_social_links_bg":"","ocean_menu_social_hover_links_bg":"","ocean_menu_social_links_color":"","ocean_menu_social_hover_links_color":"","ocean_disable_title":"default","ocean_disable_heading":"default","ocean_post_title":"","ocean_post_subheading":"","ocean_post_title_style":"","ocean_post_title_background_color":"","ocean_post_title_background":0,"ocean_post_title_bg_image_position":"","ocean_post_title_bg_image_attachment":"","ocean_post_title_bg_image_repeat":"","ocean_post_title_bg_image_size":"","ocean_post_title_height":0,"ocean_post_title_bg_overlay":0.5,"ocean_post_title_bg_overlay_color":"","ocean_disable_breadcrumbs":"default","ocean_breadcrumbs_color":"","ocean_breadcrumbs_separator_color":"","ocean_breadcrumbs_links_color":"","ocean_breadcrumbs_links_hover_color":"","ocean_display_footer_widgets":"default","ocean_display_footer_bottom":"default","ocean_custom_footer_template":""},"product_brand":[],"product_cat":[22],"product_tag":[247,320],"class_list":{"0":"post-8563","1":"product","2":"type-product","3":"status-publish","4":"has-post-thumbnail","6":"product_cat-kuca","7":"product_tag-prodaja","8":"product_tag-prodaja-kuca-i-vila","9":"pa_broj-kupaonica-3-2","10":"pa_broj-spavacih-soba-52","11":"pa_cijena-175-000","12":"pa_mjesto-gornja-drenova","13":"pa_stanje-objekta-vrlo-dobro","14":"pa_vrsta-objave-prodaja","16":"entry","17":"has-media","19":"first","20":"instock","21":"shipping-taxable","22":"product-type-simple","23":"has-product-nav","24":"col","25":"span_1_of_3","26":"owp-content-center","27":"owp-thumbs-layout-horizontal","28":"owp-btn-normal","29":"owp-tabs-layout-horizontal"},"acf":[],"jetpack_sharing_enabled":true,"_links":{"self":[{"href":"https:\/\/charta-nekretnine.hr\/en\/wp-json\/wp\/v2\/product\/8563","targetHints":{"allow":["GET"]}}],"collection":[{"href":"https:\/\/charta-nekretnine.hr\/en\/wp-json\/wp\/v2\/product"}],"about":[{"href":"https:\/\/charta-nekretnine.hr\/en\/wp-json\/wp\/v2\/types\/product"}],"wp:featuredmedia":[{"embeddable":true,"href":"https:\/\/charta-nekretnine.hr\/en\/wp-json\/wp\/v2\/media\/8564"}],"wp:attachment":[{"href":"https:\/\/charta-nekretnine.hr\/en\/wp-json\/wp\/v2\/media?parent=8563"}],"wp:term":[{"taxonomy":"product_brand","embeddable":true,"href":"https:\/\/charta-nekretnine.hr\/en\/wp-json\/wp\/v2\/product_brand?post=8563"},{"taxonomy":"product_cat","embeddable":true,"href":"https:\/\/charta-nekretnine.hr\/en\/wp-json\/wp\/v2\/product_cat?post=8563"},{"taxonomy":"product_tag","embeddable":true,"href":"https:\/\/charta-nekretnine.hr\/en\/wp-json\/wp\/v2\/product_tag?post=8563"}],"curies":[{"name":"wp","href":"https:\/\/api.w.org\/{rel}","templated":true}]}}