{"id":8675,"date":"2024-11-11T09:32:26","date_gmt":"2024-11-11T09:32:26","guid":{"rendered":"https:\/\/charta-nekretnine.hr\/?post_type=product&#038;p=8675"},"modified":"2025-10-05T17:40:37","modified_gmt":"2025-10-05T17:40:37","slug":"4-parcele-za-mobilne-kucice-zakanj","status":"publish","type":"product","link":"https:\/\/charta-nekretnine.hr\/en\/product\/4-parcele-za-mobilne-kucice-zakanj\/","title":{"rendered":"4 parcele za mobilne ku\u0107ice \u017dakanj"},"content":{"rendered":"","protected":false},"excerpt":{"rendered":"<h1>\u017dakanj: 4 parcele za mobilne ku\u0107ice<\/h1>\n<h3><strong>Napomena za posjetitelje Charta Mobile Homes portala!<\/strong><\/h3>\n<p>Ove smo 4 parcle <strong>popunili u cijelosti<\/strong>, a sve su mobilne ku\u0107ice dobile svoje vlasnike. Svim na\u0161im klijentima \u017eelimo ugodan boravak i uspje\u0161no iznajmljivanje ku\u0107ica u nadolaze\u0107im godinama. Zahvaljujemo vam na povjerenju koje ste nam iskazali!<\/p>\n<figure id=\"attachment_9239\" aria-describedby=\"caption-attachment-9239\" style=\"width: 640px\" class=\"wp-caption aligncenter\"><img fetchpriority=\"high\" decoding=\"async\" class=\"wp-image-9239\" src=\"https:\/\/charta-nekretnine.hr\/wp-content\/uploads\/2024\/11\/Zakanj-postavljanje-kucice.jpg\" alt=\"Prijevoz mobilne ku\u0107ice Charta Mobile Homes\" width=\"640\" height=\"360\" srcset=\"https:\/\/charta-nekretnine.hr\/wp-content\/uploads\/2024\/11\/Zakanj-postavljanje-kucice.jpg 960w, https:\/\/charta-nekretnine.hr\/wp-content\/uploads\/2024\/11\/Zakanj-postavljanje-kucice-768x432.jpg 768w, https:\/\/charta-nekretnine.hr\/wp-content\/uploads\/2024\/11\/Zakanj-postavljanje-kucice-18x10.jpg 18w, https:\/\/charta-nekretnine.hr\/wp-content\/uploads\/2024\/11\/Zakanj-postavljanje-kucice-800x450.jpg 800w, https:\/\/charta-nekretnine.hr\/wp-content\/uploads\/2024\/11\/Zakanj-postavljanje-kucice-600x338.jpg 600w\" sizes=\"(max-width: 640px) 100vw, 640px\" \/><figcaption id=\"caption-attachment-9239\" class=\"wp-caption-text\">Na parcele smo pa\u017eljivo dopremili i postavili mobilne ku\u0107ice<\/figcaption><\/figure>\n<h3>Originalni tekst projekta \u201c\u017dakanj &#8211; 4 parcele za mobilne ku\u0107ice\u201d<\/h3>\n<p>Za 2025. godinu pripremili smo 4 parcele za mobilne ku\u0107ice koje se mogu postaviti na ve\u0107 ure\u0111enom platou nadomak pla\u017ea Porat i \u017dakanj.<\/p>\n<p>Na dvije (2) parcele idu mobilne ku\u0107ice dimenzija 7.5 x 4 m (30 m\u00b2) sa 30 m\u00b2 terasom, a na dvije (2) parcele mo\u017eete postaviti ku\u0107ice dimenzija 8 x 3 m (24 m\u00b2) uz koje dolazi 24 m\u00b2 terasa.<\/p>\n<h2>Lokacija kampa<\/h2>\n<p>Kamp sa 4 parcele za mobilne ku\u0107ice se nalazi na vrhu blage uzvisine u naselju Drage, nedaleko od Pako\u0161tana. Za svaku parcelu predvi\u0111en je parking za goste, a u neposrednoj udaljenosti od ku\u0107ica sa svake strane nalaze se pla\u017ee.<\/p>\n<p><strong>Pogled na more sa svih strana<\/strong> upotpunjuje blizina dviju pla\u017ea, Porat i \u017dakanj.<\/p>\n<figure id=\"attachment_8679\" aria-describedby=\"caption-attachment-8679\" style=\"width: 640px\" class=\"wp-caption aligncenter\"><img decoding=\"async\" class=\"wp-image-8679\" src=\"https:\/\/charta-nekretnine.hr\/wp-content\/uploads\/2024\/11\/Zakanj-parcele.jpg\" alt=\"4 parcele za mobilne ku\u0107ice\" width=\"640\" height=\"360\" srcset=\"https:\/\/charta-nekretnine.hr\/wp-content\/uploads\/2024\/11\/Zakanj-parcele.jpg 960w, https:\/\/charta-nekretnine.hr\/wp-content\/uploads\/2024\/11\/Zakanj-parcele-768x432.jpg 768w, https:\/\/charta-nekretnine.hr\/wp-content\/uploads\/2024\/11\/Zakanj-parcele-18x10.jpg 18w, https:\/\/charta-nekretnine.hr\/wp-content\/uploads\/2024\/11\/Zakanj-parcele-800x450.jpg 800w, https:\/\/charta-nekretnine.hr\/wp-content\/uploads\/2024\/11\/Zakanj-parcele-600x338.jpg 600w\" sizes=\"(max-width: 640px) 100vw, 640px\" \/><figcaption id=\"caption-attachment-8679\" class=\"wp-caption-text\">Na ure\u0111enom platou opasanom morem sa 3 strane predvi\u0111ene su 4 parcele za mobilne ku\u0107ice<\/figcaption><\/figure>\n<p>Privatnost gostima ovih mobilnih ku\u0107ica osigurava\u00a0<strong>premium lokacija<\/strong>\u00a0za\u0161ti\u0107ena od pogleda ostalih gostiju. Dobro ure\u0111ena terasa ovaj \u0107e smje\u0161taj u\u010diniti mjestom sa kojeg \u0107e biti te\u0161ko rastati se krajem odmora.<\/p>\n<p>Za koga je idealna ova lokacija?<\/p>\n<p>\u017delite li iznajmljivati mobilnu ku\u0107icu gostima iz cijelog svijeta, upoznajte ih sa iznimnom lokacijom koja je opasana morem sa tri strane. Turisti \u017eeljni opu\u0161tanja kamp \u017dakanj \u0107e znati cijeniti zbog pogleda koji se pru\u017ea na more, a bilo koji avanturisti\u010dki duh potra\u017eit \u0107e uzbu\u0111enja u okolnim atrakcijama.<\/p>\n<p>Brojne biciklisti\u010dke staze, od laganih do brdovito zahtjevnijih, se\u017eu uz obli\u017enje Vransko jezero. Svaki \u0107e odmor upotpuniti organiziran posjet\u00a0<strong><a href=\"https:\/\/www.np-kornati.hr\/index.php?lang=hr\" target=\"_blank\" rel=\"noopener\">Nacionalnom parku Kornati<\/a><\/strong>, Parku prirode Tela\u0161\u0107ica ili nekom od obli\u017enjih naselja i gradova.<\/p>\n<h2>Detalji ponude 4 parcele za mobilne ku\u0107ice \u017dakanj<\/h2>\n<p>Na ove parcele dolaze po dvije mobilne ku\u0107ice dimenzija 8 x 3 metara te dvije 7.5 x 4 metra. Oba modela dolaze sa terasama jednake povr\u0161ine kao \u0161to su ku\u0107ice za odmor.<\/p>\n<p>\u017delite li pogledati kako izgledaju mobilne ku\u0107ice spremne za vas, posjetite <a href=\"https:\/\/www.youtube.com\/@ChartaMobileHomes\" target=\"_blank\" rel=\"noopener\"><span style=\"text-decoration: underline;\"><strong>na\u0161 Charta Mobile Homes YouTube kanal<\/strong><\/span><\/a><\/p>\n<h3>Hosekra Delux mobilne ku\u0107ice 8 x 3 m (24 m\u00b2) sa terasom 24 m\u00b2<\/h3>\n<figure id=\"attachment_8578\" aria-describedby=\"caption-attachment-8578\" style=\"width: 480px\" class=\"wp-caption aligncenter\"><img decoding=\"async\" class=\"wp-image-8578\" src=\"https:\/\/charta-nekretnine.hr\/wp-content\/uploads\/2024\/09\/Mobilne-kucice-uz-more-blog.jpg\" alt=\"Charta Mobile Homes Blog\" width=\"480\" height=\"360\" srcset=\"https:\/\/charta-nekretnine.hr\/wp-content\/uploads\/2024\/09\/Mobilne-kucice-uz-more-blog.jpg 720w, https:\/\/charta-nekretnine.hr\/wp-content\/uploads\/2024\/09\/Mobilne-kucice-uz-more-blog-16x12.jpg 16w, https:\/\/charta-nekretnine.hr\/wp-content\/uploads\/2024\/09\/Mobilne-kucice-uz-more-blog-600x450.jpg 600w\" sizes=\"(max-width: 480px) 100vw, 480px\" \/><figcaption id=\"caption-attachment-8578\" class=\"wp-caption-text\">Mobilne ku\u0107ice koje smo za klijente postavili u kampu Tamaris, Sv. Petar na moru<\/figcaption><\/figure>\n<p>Moderno ure\u0111ene, ove mobilne ku\u0107ice imaju sve potrebne ure\u0111aje za ugodan boravak i odmor bez naprezanja.<\/p>\n<div class=\"x11i5rnm xat24cr x1mh8g0r x1vvkbs xtlvy1s x126k92a\">\n<ul>\n<li dir=\"auto\">\u2022 Cijena mobilne ku\u0107ice: 38.000\u20ac + pdv<\/li>\n<li dir=\"auto\">\u2022 Godi\u0161nji pau\u0161al: 6.000\u20ac<br \/>\n<hr \/>\n<\/li>\n<li>\u2022 Ugovor na 10 godina<\/li>\n<li dir=\"auto\">\u2022 Mogu\u0107nost produljenja ugovora: DA<\/li>\n<\/ul>\n<div dir=\"auto\">\n<hr \/>\n<\/div>\n<ul>\n<li dir=\"auto\">\u2022 Blizina mora: 100 metara<\/li>\n<li>\u2022 Pristup ku\u0107icama: cijele godine<\/li>\n<\/ul>\n<p><strong>Kuhinja<\/strong>\u00a0ima veliki fri\u017eider, perilicu za pranje su\u0111a, plo\u010du za kuhanje i dovoljno prostora za odlaganje kuhinjskog pribora i manjih ure\u0111aja.<\/p>\n<p>Savjetujemo da svojim gostima pru\u017eite dodatan komfor nabavkom mikrovalne i aparata za kavu.<\/p>\n<p>Dvije\u00a0<strong>spava\u0107e sobe<\/strong>\u00a0mogu biti opremljene velikim krevetima ili\u00a0 onima za jednu osobu. Mogu\u0107e je dogovoriti i postavljanje kreveta na kat.<\/p>\n<p><strong>Kupaonica<\/strong> je projektirana tako da se iskoristi svaki kvadratni centimetar \u0161to omogu\u0107ava nesmetano kretanje vi\u0161e osoba istovremeno.<\/p>\n<p><strong>Dnevni boravak<\/strong>\u00a0opremljen je kau\u010dem na razvla\u010denje \u0161to mo\u017ee obradovati privremene goste, smart TV-om i klima ure\u0111ajem.<\/p>\n<p><strong>Terasa<\/strong> je mjesto okupljanja svih posjetitelja i prostor za unapre\u0111enje usluge smje\u0161taja. Uz vanjsku garnituru za opu\u0161tanje uz lagani vjetri\u0107, na terasu se mo\u017ee postaviti vanjska kuhinja te elektri\u010dni ro\u0161tilj.<\/p>\n<\/div>\n<h3>Adria S Line model &#8211; 7.5 x 4 m (30m\u00b2) sa terasom 30 m\u00b2<\/h3>\n<figure id=\"attachment_8680\" aria-describedby=\"caption-attachment-8680\" style=\"width: 640px\" class=\"wp-caption aligncenter\"><img loading=\"lazy\" decoding=\"async\" class=\"wp-image-8680\" src=\"https:\/\/charta-nekretnine.hr\/wp-content\/uploads\/2024\/11\/Charta-Adria-kucica.jpg\" alt=\"Charta mobilna ku\u0107ica model Adria S Line\" width=\"640\" height=\"360\" srcset=\"https:\/\/charta-nekretnine.hr\/wp-content\/uploads\/2024\/11\/Charta-Adria-kucica.jpg 960w, https:\/\/charta-nekretnine.hr\/wp-content\/uploads\/2024\/11\/Charta-Adria-kucica-768x432.jpg 768w, https:\/\/charta-nekretnine.hr\/wp-content\/uploads\/2024\/11\/Charta-Adria-kucica-18x10.jpg 18w, https:\/\/charta-nekretnine.hr\/wp-content\/uploads\/2024\/11\/Charta-Adria-kucica-800x450.jpg 800w, https:\/\/charta-nekretnine.hr\/wp-content\/uploads\/2024\/11\/Charta-Adria-kucica-600x338.jpg 600w\" sizes=\"(max-width: 640px) 100vw, 640px\" \/><figcaption id=\"caption-attachment-8680\" class=\"wp-caption-text\">Mobilna ku\u0107ica sa 60 m2 povr\u0161ine, 30 m2 unutra\u0161njosti i 30 m2 terase<\/figcaption><\/figure>\n<p>Adria mobilne ku\u0107ice su 30 m\u00b2 sa dvije spava\u0107e sobe, sa prostranim ormarima za pohranu stvari no\u0107nim ormari\u0107em uz same krevete. Dodatan prostor za odlaganje osobnih stvari osiguran je dodavanjem zidnih polica.<\/p>\n<div class=\"x11i5rnm xat24cr x1mh8g0r x1vvkbs xtlvy1s x126k92a\">\n<ul>\n<li dir=\"auto\">\u2022 Cijena mobilne ku\u0107ice: 55.000\u20ac + pdv<\/li>\n<li dir=\"auto\">\u2022 Godi\u0161nji pau\u0161al: 6.000\u20ac<br \/>\n<hr \/>\n<\/li>\n<li>\u2022 Ugovor na 10 godina<\/li>\n<li dir=\"auto\">\u2022 Mogu\u0107nost produljenja ugovora: DA<\/li>\n<\/ul>\n<div dir=\"auto\">\n<hr \/>\n<\/div>\n<ul>\n<li dir=\"auto\">\u2022 Blizina mora: 100 metara<\/li>\n<li>\u2022 Pristup ku\u0107icama: cijele godine<\/li>\n<\/ul>\n<p>U glavnoj sobi nalazi se krevet dimenzija 140 x 200 cm, dok \u0107e druga soba biti opremljena sa 2 kreveta veli\u010dine 70 x 190 cm. Sa klima ure\u0111ajem smje\u0161tenim u dnevno boravku, spava\u0107e sobe su idealno rashla\u0111ene tijekom sparnih no\u0107i.<\/p>\n<p>Dnevni boravak sa kuhinjom poslu\u017eit \u0107e kad vrijeme nije pogodno za pripremu hrane na terasi. Kuhinja opremljena sa plo\u010dom za kuhanje sa 4 ringa i perilicom posu\u0111a nadopunjena je sa samostoje\u0107im, velikim fri\u017eiderom sa ledenicom.<\/p>\n<\/div>\n<div dir=\"auto\"><\/div>\n<p dir=\"auto\">U cijenu potpune usluge &#8220;mobilna ku\u0107ica &#8211; klju\u010d u ruke&#8221; ulazi:<\/p>\n<div class=\"x11i5rnm xat24cr x1mh8g0r x1vvkbs xtlvy1s x126k92a\">\n<ul>\n<li dir=\"auto\">\u2022 Priprema parcele za postavljanje ku\u0107ice<\/li>\n<li dir=\"auto\">\u2022 Spajanje ku\u0107ice na komunalne priklju\u010dke (voda, struja\u2026)<\/li>\n<li dir=\"auto\">\u2022 mobilna ku\u0107ica\u00a0 opremljena i namje\u0161tena<\/li>\n<li dir=\"auto\">\u2022 terasa<\/li>\n<li dir=\"auto\">\u2022 prijevoz i monta\u017ea ku\u0107ice i terase<\/li>\n<li dir=\"auto\">\u2022 osiguran parking<\/li>\n<\/ul>\n<\/div>\n<h2>Turisti\u010dko \u2013 investicijski projekt 4 parcele za mobilne ku\u0107ice<\/h2>\n<p>Ulaganje u mobilne ku\u0107ice sa pogledom na more mo\u017ee biti dobar odabir za po\u010detno ulaganje u turisti\u010dko iznajmljivanje.<\/p>\n<p>Cjenovno puno prihvatljivije od kupovine ku\u0107e na istoj ili sli\u010dnoj lokaciji, mobilne ku\u0107ice pru\u017eaju mogu\u0107nost br\u017eeg povrata ulo\u017eenog uz manje utro\u0161enog vremena (i \u017eivaca) da bi se zapo\u010delo sa projektom iznajmljivanja.<\/p>\n<p>Ku\u0107ice dolaze na lokaciju i montiraju se zajedno sa terasom te se predaju vlasnicima spremne za kori\u0161tenje. Va\u0161 je anga\u017eman minimalan.<\/p>\n<p>S obzirom na poziciju kampa, podatke o popunjenosti tijekom cijele godine i vi\u0161om o\u010dekivanom cijenom najma, ove \u0107e mobilne ku\u0107ice sa vanjskim bazenom omogu\u0107iti vlasnicima povrat investicije kroz 4 do 6 godina.<\/p>\n<p>U ovu ra\u010dunicu smo predvidjeli sve tro\u0161kove koji idu uz ovakav turisti\u010dko \u2013 investicijski projekt.<\/p>\n<p>Od tro\u0161kova, potrebno je naglasiti da najve\u0107i dio ide na godi\u0161nji pau\u0161al koji iznosi 6.000 \u20ac. U na\u0161em \u010dlanku na blogu mo\u017eete pro\u010ditati vi\u0161e o tome <span style=\"text-decoration: underline;\"><strong><a href=\"https:\/\/charta-nekretnine.hr\/en\/2023\/04\/28\/pausal-za-mobilne-kucice-u-kampu\/\" target=\"_blank\" rel=\"noopener\">\u0161to je pau\u0161al i za\u0161to se pla\u0107a<\/a><\/strong><\/span>.<\/p>\n<h3>\u010cesta pitanja i odgovori vezani uz ulaganje u mobilne ku\u0107ice<\/h3>\n<div class=\"x11i5rnm xat24cr x1mh8g0r x1vvkbs xtlvy1s x126k92a\">\n<p dir=\"auto\">Zanima li vas investicija u mobilne ku\u0107ice Privlaka u neposrednoj blizini mora, sigurno \u017eelite znati odgovore na sljede\u0107a pitanja:<\/p>\n<\/div>\n<div class=\"x11i5rnm xat24cr x1mh8g0r x1vvkbs xtlvy1s x126k92a\">\n<div dir=\"auto\"><span class=\"x3nfvp2 x1j61x8r x1fcty0u xdj266r xhhsvwb xat24cr xgzva0m xxymvpz xlup9mm x1kky2od\"><img loading=\"lazy\" decoding=\"async\" class=\"xz74otr\" src=\"https:\/\/static.xx.fbcdn.net\/images\/emoji.php\/v9\/t72\/3\/16\/1f518.png\" alt=\"\ud83d\udd18\" width=\"16\" height=\"16\" \/><\/span>\u00a0\u0160to je pau\u0161al?<\/div>\n<div dir=\"auto\"><span class=\"x3nfvp2 x1j61x8r x1fcty0u xdj266r xhhsvwb xat24cr xgzva0m xxymvpz xlup9mm x1kky2od\"><img loading=\"lazy\" decoding=\"async\" class=\"xz74otr\" src=\"https:\/\/static.xx.fbcdn.net\/images\/emoji.php\/v9\/t8f\/3\/16\/2611.png\" alt=\"\u2611\ufe0f\" width=\"16\" height=\"16\" \/><\/span>\u00a0Godi\u0161nja naknada za kori\u0161tenje parcele koja se pla\u0107a vlasniku kampa<\/div>\n<\/div>\n<div class=\"x11i5rnm xat24cr x1mh8g0r x1vvkbs xtlvy1s x126k92a\">\n<div dir=\"auto\">\n<hr \/>\n<\/div>\n<\/div>\n<div class=\"x11i5rnm xat24cr x1mh8g0r x1vvkbs xtlvy1s x126k92a\">\n<div dir=\"auto\"><span class=\"x3nfvp2 x1j61x8r x1fcty0u xdj266r xhhsvwb xat24cr xgzva0m xxymvpz xlup9mm x1kky2od\"><img loading=\"lazy\" decoding=\"async\" class=\"xz74otr\" src=\"https:\/\/static.xx.fbcdn.net\/images\/emoji.php\/v9\/t72\/3\/16\/1f518.png\" alt=\"\ud83d\udd18\" width=\"16\" height=\"16\" \/><\/span>\u00a0Za koliko mogu vratiti ulo\u017eeno?<\/div>\n<div dir=\"auto\"><span class=\"x3nfvp2 x1j61x8r x1fcty0u xdj266r xhhsvwb xat24cr xgzva0m xxymvpz xlup9mm x1kky2od\"><img loading=\"lazy\" decoding=\"async\" class=\"xz74otr\" src=\"https:\/\/static.xx.fbcdn.net\/images\/emoji.php\/v9\/t8f\/3\/16\/2611.png\" alt=\"\u2611\ufe0f\" width=\"16\" height=\"16\" \/><\/span>\u00a0O\u010dekivani povrat investicije je 4 do 6 godina<\/div>\n<\/div>\n<div class=\"x11i5rnm xat24cr x1mh8g0r x1vvkbs xtlvy1s x126k92a\">\n<div dir=\"auto\">\n<hr \/>\n<\/div>\n<div dir=\"auto\"><span class=\"x3nfvp2 x1j61x8r x1fcty0u xdj266r xhhsvwb xat24cr xgzva0m xxymvpz xlup9mm x1kky2od\"><img loading=\"lazy\" decoding=\"async\" class=\"xz74otr\" src=\"https:\/\/static.xx.fbcdn.net\/images\/emoji.php\/v9\/t72\/3\/16\/1f518.png\" alt=\"\ud83d\udd18\" width=\"16\" height=\"16\" \/><\/span>\u00a0Mogu li boraviti u mobilnoj ku\u0107ici?<\/div>\n<div dir=\"auto\"><span class=\"x3nfvp2 x1j61x8r x1fcty0u xdj266r xhhsvwb xat24cr xgzva0m xxymvpz xlup9mm x1kky2od\"><img loading=\"lazy\" decoding=\"async\" class=\"xz74otr\" src=\"https:\/\/static.xx.fbcdn.net\/images\/emoji.php\/v9\/t8f\/3\/16\/2611.png\" alt=\"\u2611\ufe0f\" width=\"16\" height=\"16\" \/><\/span>\u00a0Naravno, mo\u017eete kombinirati najam ku\u0107ice, boraviti u njoj ili pozvati prijatelje i rodbinu da odsjednu u njoj?<\/div>\n<\/div>\n<div class=\"x11i5rnm xat24cr x1mh8g0r x1vvkbs xtlvy1s x126k92a\">\n<div dir=\"auto\">\n<hr \/>\n<\/div>\n<div dir=\"auto\"><span class=\"x3nfvp2 x1j61x8r x1fcty0u xdj266r xhhsvwb xat24cr xgzva0m xxymvpz xlup9mm x1kky2od\"><img loading=\"lazy\" decoding=\"async\" class=\"xz74otr\" src=\"https:\/\/static.xx.fbcdn.net\/images\/emoji.php\/v9\/t72\/3\/16\/1f518.png\" alt=\"\ud83d\udd18\" width=\"16\" height=\"16\" \/><\/span>\u00a0\u010cije su vlasni\u0161tvo ove mobilne ku\u0107ice Privlaka ?<\/div>\n<div dir=\"auto\"><span class=\"x3nfvp2 x1j61x8r x1fcty0u xdj266r xhhsvwb xat24cr xgzva0m xxymvpz xlup9mm x1kky2od\"><img loading=\"lazy\" decoding=\"async\" class=\"xz74otr\" src=\"https:\/\/static.xx.fbcdn.net\/images\/emoji.php\/v9\/t8f\/3\/16\/2611.png\" alt=\"\u2611\ufe0f\" width=\"16\" height=\"16\" \/><\/span>\u00a0Va\u0161e! Velika je prednost ovog na\u010dina investiranja \u0161to ku\u0107icu mo\u017eete prodati i time jo\u0161 pove\u0107ati svoju dobit.<\/div>\n<\/div>\n<div class=\"x11i5rnm xat24cr x1mh8g0r x1vvkbs xtlvy1s x126k92a\">\n<div dir=\"auto\">\n<hr \/>\n<\/div>\n<div dir=\"auto\"><span class=\"x3nfvp2 x1j61x8r x1fcty0u xdj266r xhhsvwb xat24cr xgzva0m xxymvpz xlup9mm x1kky2od\"><img loading=\"lazy\" decoding=\"async\" class=\"xz74otr\" src=\"https:\/\/static.xx.fbcdn.net\/images\/emoji.php\/v9\/t72\/3\/16\/1f518.png\" alt=\"\ud83d\udd18\" width=\"16\" height=\"16\" \/><\/span>\u00a0Da li je i parcela u kampu moja?<\/div>\n<div dir=\"auto\"><span class=\"x3nfvp2 x1j61x8r x1fcty0u xdj266r xhhsvwb xat24cr xgzva0m xxymvpz xlup9mm x1kky2od\"><img loading=\"lazy\" decoding=\"async\" class=\"xz74otr\" src=\"https:\/\/static.xx.fbcdn.net\/images\/emoji.php\/v9\/t8f\/3\/16\/2611.png\" alt=\"\u2611\ufe0f\" width=\"16\" height=\"16\" \/><\/span>\u00a0Ne! Zemlji\u0161te kampa privatno je vlasni\u0161tvo koje se daje u zakup na odre\u0111eni broj godina.<\/div>\n<\/div>\n<div class=\"x11i5rnm xat24cr x1mh8g0r x1vvkbs xtlvy1s x126k92a\">\n<div dir=\"auto\">\n<hr \/>\n<\/div>\n<div dir=\"auto\"><span class=\"x3nfvp2 x1j61x8r x1fcty0u xdj266r xhhsvwb xat24cr xgzva0m xxymvpz xlup9mm x1kky2od\"><img loading=\"lazy\" decoding=\"async\" class=\"xz74otr\" src=\"https:\/\/static.xx.fbcdn.net\/images\/emoji.php\/v9\/t72\/3\/16\/1f518.png\" alt=\"\ud83d\udd18\" width=\"16\" height=\"16\" \/><\/span> Isplati li se ulagati u projekt \u017dakanj 4 parcele mobilne ku\u0107ice ?<\/div>\n<div dir=\"auto\">\n<p><span class=\"x3nfvp2 x1j61x8r x1fcty0u xdj266r xhhsvwb xat24cr xgzva0m xxymvpz xlup9mm x1kky2od\"><img loading=\"lazy\" decoding=\"async\" class=\"xz74otr\" src=\"https:\/\/static.xx.fbcdn.net\/images\/emoji.php\/v9\/t8f\/3\/16\/2611.png\" alt=\"\u2611\ufe0f\" width=\"16\" height=\"16\" \/><\/span>\u00a0Nazovite nas i saznajte detalje na\u0161e ponude!<\/p>\n<\/div>\n<\/div>\n<p dir=\"auto\">Za sve detalje i informacije o projektu ulaganja u turisti\u010dko iznajmljivanje, na raspolaganju smo vam na:<\/p>\n<div class=\"x11i5rnm xat24cr x1mh8g0r x1vvkbs xtlvy1s x126k92a\">\n<div dir=\"auto\">+385 (0)91 900 1525<br \/>\n+385 (0)99 366 4412<br \/>\n+385 (0)99 738 5893<br \/>\n+385 (0)95 724 2285<\/div>\n<div dir=\"auto\">info@charta-nekretnine.hr<\/div>\n<\/div>\n<p>&nbsp;<\/p>","protected":false},"featured_media":9237,"template":"","meta":{"_acf_changed":false,"ocean_post_layout":"","ocean_both_sidebars_style":"","ocean_both_sidebars_content_width":0,"ocean_both_sidebars_sidebars_width":0,"ocean_sidebar":"","ocean_second_sidebar":"","ocean_disable_margins":"enable","ocean_add_body_class":"","ocean_shortcode_before_top_bar":"","ocean_shortcode_after_top_bar":"","ocean_shortcode_before_header":"","ocean_shortcode_after_header":"","ocean_has_shortcode":"","ocean_shortcode_after_title":"","ocean_shortcode_before_footer_widgets":"","ocean_shortcode_after_footer_widgets":"","ocean_shortcode_before_footer_bottom":"","ocean_shortcode_after_footer_bottom":"","ocean_display_top_bar":"default","ocean_display_header":"default","ocean_header_style":"","ocean_center_header_left_menu":"","ocean_custom_header_template":"","ocean_custom_logo":0,"ocean_custom_retina_logo":0,"ocean_custom_logo_max_width":0,"ocean_custom_logo_tablet_max_width":0,"ocean_custom_logo_mobile_max_width":0,"ocean_custom_logo_max_height":0,"ocean_custom_logo_tablet_max_height":0,"ocean_custom_logo_mobile_max_height":0,"ocean_header_custom_menu":"","ocean_menu_typo_font_family":"","ocean_menu_typo_font_subset":"","ocean_menu_typo_font_size":0,"ocean_menu_typo_font_size_tablet":0,"ocean_menu_typo_font_size_mobile":0,"ocean_menu_typo_font_size_unit":"px","ocean_menu_typo_font_weight":"","ocean_menu_typo_font_weight_tablet":"","ocean_menu_typo_font_weight_mobile":"","ocean_menu_typo_transform":"","ocean_menu_typo_transform_tablet":"","ocean_menu_typo_transform_mobile":"","ocean_menu_typo_line_height":0,"ocean_menu_typo_line_height_tablet":0,"ocean_menu_typo_line_height_mobile":0,"ocean_menu_typo_line_height_unit":"","ocean_menu_typo_spacing":0,"ocean_menu_typo_spacing_tablet":0,"ocean_menu_typo_spacing_mobile":0,"ocean_menu_typo_spacing_unit":"","ocean_menu_link_color":"","ocean_menu_link_color_hover":"","ocean_menu_link_color_active":"","ocean_menu_link_background":"","ocean_menu_link_hover_background":"","ocean_menu_link_active_background":"","ocean_menu_social_links_bg":"","ocean_menu_social_hover_links_bg":"","ocean_menu_social_links_color":"","ocean_menu_social_hover_links_color":"","ocean_disable_title":"default","ocean_disable_heading":"default","ocean_post_title":"","ocean_post_subheading":"","ocean_post_title_style":"","ocean_post_title_background_color":"","ocean_post_title_background":0,"ocean_post_title_bg_image_position":"","ocean_post_title_bg_image_attachment":"","ocean_post_title_bg_image_repeat":"","ocean_post_title_bg_image_size":"","ocean_post_title_height":0,"ocean_post_title_bg_overlay":0.5,"ocean_post_title_bg_overlay_color":"","ocean_disable_breadcrumbs":"default","ocean_breadcrumbs_color":"","ocean_breadcrumbs_separator_color":"","ocean_breadcrumbs_links_color":"","ocean_breadcrumbs_links_hover_color":"","ocean_display_footer_widgets":"default","ocean_display_footer_bottom":"default","ocean_custom_footer_template":""},"product_brand":[],"product_cat":[265],"product_tag":[247,272],"class_list":{"0":"post-8675","1":"product","2":"type-product","3":"status-publish","4":"has-post-thumbnail","6":"product_cat-mobilne-kucice","7":"product_tag-prodaja","8":"product_tag-prodaja-mobilnih-kucica","9":"pa_broj-kupaonica-60","10":"pa_broj-spavacih-soba-52","11":"pa_cijena-u-tekstu","12":"pa_kvadratura-24-ili-30","13":"pa_mjesto-drage-zakanj","14":"pa_stanje-objekta-nove-mobilne-kucice","15":"pa_vrsta-objave-prodaja","17":"entry","18":"has-media","20":"first","21":"instock","22":"shipping-taxable","23":"product-type-simple","24":"has-product-nav","25":"col","26":"span_1_of_3","27":"owp-content-center","28":"owp-thumbs-layout-horizontal","29":"owp-btn-normal","30":"owp-tabs-layout-horizontal"},"acf":[],"jetpack_sharing_enabled":true,"_links":{"self":[{"href":"https:\/\/charta-nekretnine.hr\/en\/wp-json\/wp\/v2\/product\/8675","targetHints":{"allow":["GET"]}}],"collection":[{"href":"https:\/\/charta-nekretnine.hr\/en\/wp-json\/wp\/v2\/product"}],"about":[{"href":"https:\/\/charta-nekretnine.hr\/en\/wp-json\/wp\/v2\/types\/product"}],"wp:featuredmedia":[{"embeddable":true,"href":"https:\/\/charta-nekretnine.hr\/en\/wp-json\/wp\/v2\/media\/9237"}],"wp:attachment":[{"href":"https:\/\/charta-nekretnine.hr\/en\/wp-json\/wp\/v2\/media?parent=8675"}],"wp:term":[{"taxonomy":"product_brand","embeddable":true,"href":"https:\/\/charta-nekretnine.hr\/en\/wp-json\/wp\/v2\/product_brand?post=8675"},{"taxonomy":"product_cat","embeddable":true,"href":"https:\/\/charta-nekretnine.hr\/en\/wp-json\/wp\/v2\/product_cat?post=8675"},{"taxonomy":"product_tag","embeddable":true,"href":"https:\/\/charta-nekretnine.hr\/en\/wp-json\/wp\/v2\/product_tag?post=8675"}],"curies":[{"name":"wp","href":"https:\/\/api.w.org\/{rel}","templated":true}]}}