{"id":8696,"date":"2024-11-25T03:32:42","date_gmt":"2024-11-25T03:32:42","guid":{"rendered":"https:\/\/charta-nekretnine.hr\/?post_type=product&#038;p=8696"},"modified":"2024-11-25T16:15:08","modified_gmt":"2024-11-25T16:15:08","slug":"4-slobodne-parcele-za-mobilne-kucice","status":"publish","type":"product","link":"https:\/\/charta-nekretnine.hr\/en\/product\/4-slobodne-parcele-za-mobilne-kucice\/","title":{"rendered":"4 slobodne parcele za mobilne ku\u0107ice"},"content":{"rendered":"","protected":false},"excerpt":{"rendered":"<h1>4 slobodne parcele za mobilne ku\u0107ice<\/h1>\n<p>Na samo 150 metara od mora kamp Sv. Petar ima 4 slobodne parcele za mobilne ku\u0107ice, Hosekra Deluxe model. Mobilne ku\u0107ice u ponudi se izra\u0111uju po uplati te dostavljaju na parcelu po va\u0161em odabiru.<\/p>\n<p>Ku\u0107ice su u potpunosti opremljene ku\u0107anskim ure\u0111ajima za svakodnevnu upotrebu. Na raspolaganju su vam plo\u010da za kuhanje, veliki fri\u017eider sa ledenicom, perilica posu\u0111a, Smart TV te osiguran WiFi. Vi\u0161e detalja o izgledu i opremljenosti ku\u0107ice pogledajte ni\u017ee u tekstu.<\/p>\n<h2>Detalji ponude<\/h2>\n<p>Kamp Sveti Petar, kako mu sam naziv govori, nalazi se u Svetom Petru na Moru. Od ure\u0111ene pla\u017ee je udaljen 150 metara.<\/p>\n<p>U samoj blizini kampa nalaze se trgovine i dva restorana \u0161to ga \u010dini po\u017eeljnom lokacijom za ugostiti turiste koji preferiraju kuhati na odmoru i one koji u\u017eivaju u lokalnoj gastro ponudi.<\/p>\n<p>Godi\u0161nji pau\u0161al za parcelu u ve\u0107 ure\u0111enom, aktivnom kampu je odmjeren i iznosi 4.000 \u20ac godi\u0161nje.<\/p>\n<p>Sa ovako primjerenim pau\u0161alom, kroz iznajmljivanje mobilne ku\u0107ice mo\u017eete o\u010dekivati br\u017ei povrat investcije. Na na\u0161em blogu smo pripremili za vas <span style=\"text-decoration: underline;\"><strong><a href=\"https:\/\/charta-nekretnine.hr\/en\/2023\/04\/28\/pausal-za-mobilne-kucice-u-kampu\/\" target=\"_blank\" rel=\"noopener\">detaljno poja\u0161njenje pau\u0161ala i ostalih tro\u0161kova<\/a><\/strong><\/span> koje mo\u017eete o\u010dekivati odlu\u010dite li se na kupnju i najam ku\u0107ica za odmor.<\/p>\n<ul>\n<li dir=\"auto\">\u2022 Cijena mobilne ku\u0107ice: 35.000\u20ac + pdv<\/li>\n<li dir=\"auto\">\u2022 Godi\u0161nji pau\u0161al: 4.000\u20ac<br \/>\n<hr \/>\n<\/li>\n<li>\u2022 Ugovor na 10 godina<\/li>\n<li dir=\"auto\">\u2022 Mogu\u0107nost produljenja ugovora: DA<\/li>\n<\/ul>\n<div dir=\"auto\">\n<hr \/>\n<\/div>\n<ul>\n<li dir=\"auto\">\u2022 Blizina mora: 150 metara<\/li>\n<li>\u2022 Pristup ku\u0107icama: cijele godine<\/li>\n<\/ul>\n<h2>Turisti\u010dko investicijski potencijal mobilnih ku\u0107ica<\/h2>\n<p>Mobilna ku\u0107ica kroz kupnju i najam mo\u017ee postati va\u0161 novi izvor prihoda. Sklapanjem ugovora o zakupu parcele na 10 godina otvara vam se dugogodi\u0161nje razdoblje u kojem \u0107ete ostvariti povrat svoje investicije te odre\u0111enu zaradu povrh ulo\u017eenog.<\/p>\n<figure id=\"attachment_8098\" aria-describedby=\"caption-attachment-8098\" style=\"width: 540px\" class=\"wp-caption aligncenter\"><img fetchpriority=\"high\" decoding=\"async\" class=\"wp-image-8098\" src=\"https:\/\/charta-nekretnine.hr\/wp-content\/uploads\/2024\/08\/Terasa-stol-mobilna-kucica.jpg\" alt=\"Terasa stol mobilna ku\u0107ica\" width=\"540\" height=\"360\" srcset=\"https:\/\/charta-nekretnine.hr\/wp-content\/uploads\/2024\/08\/Terasa-stol-mobilna-kucica.jpg 810w, https:\/\/charta-nekretnine.hr\/wp-content\/uploads\/2024\/08\/Terasa-stol-mobilna-kucica-768x512.jpg 768w, https:\/\/charta-nekretnine.hr\/wp-content\/uploads\/2024\/08\/Terasa-stol-mobilna-kucica-18x12.jpg 18w, https:\/\/charta-nekretnine.hr\/wp-content\/uploads\/2024\/08\/Terasa-stol-mobilna-kucica-600x400.jpg 600w\" sizes=\"(max-width: 540px) 100vw, 540px\" \/><figcaption id=\"caption-attachment-8098\" class=\"wp-caption-text\">Va\u0161i gosti \u0107e u\u017eivati na terasi mobilne ku\u0107ice<\/figcaption><\/figure>\n<p>Prema dosada\u0161njem iskustvu na\u0161ih klijenata, ovaj oblik ulaganja idealan je ako vam je cilj o\u010duvati vrijednost svojih, ve\u0107 postoje\u0107ih financijskih sredstava. Odnosno, ako ne \u017eelite da vam sredstva propadaju uslijed inflacije i drugih negativnih trendova.<\/p>\n<p>Procjena roka povrata investicije ovisi o vi\u0161e \u010dimbenika, a glavni je va\u0161 osobni anga\u017eman.<\/p>\n<p>Du\u017eni smo napomenuti da se kupnjom mobilne ku\u0107ice u kampovima, ona ne\u0107e iznajmljivati sama od sebe. Iako upravljanje ku\u0107icom nije intezivno niti zahtjevno, od vlasnika ku\u0107ica za odmor se o\u010dekuje da mobilnu ku\u0107icu pripremi te upravlja njome tijekom iznajmljivanja.<\/p>\n<p>Kao druga opcija, na raspolaganju vam je <strong>paket upravljanja mobilnom ku\u0107icom<\/strong> koju nudi Charta Mobile Homes, a vi\u0161e o pojedninim uslugama mo\u017eete saznati <span style=\"text-decoration: underline;\"><strong><a href=\"https:\/\/charta-nekretnine.hr\/en\/kontakt\/\">javite li nam se direktno<\/a><\/strong><\/span>.<\/p>\n<p>U Svetom Petru na Moru na 4 slobodne parcele za mobilne ku\u0107ice procjena prihoda od najma utvr\u0111ena je prema pokazateljima u prethodne 3 godine za smje\u0161taj na bliskim lokacijama u mobilnim ku\u0107icama.<\/p>\n<p>Prema prikupljenim podacima na\u0161ih klijenata, na ovoj lokaciji \u00a0se o\u010dekuje <strong>povrat ulaganja kroz 4 do 6 godina<\/strong>, a preostali period do isteka ugovora od 10 godina razdoblje je ostvarenja \u010distog prihoda, umanjenog za navedene tro\u0161kove.<\/p>\n<h2>Prednosti lokacije 4 slobodne parcele za mobilne ku\u0107ice<\/h2>\n<p>Prije nego \u0161to donesete odluku o ulasku u svijet poslovanja sa mobilnim ku\u0107icama, va\u017eno je da odaberete lokaciju kampa koja \u0107e vama najbolje odgovarati.<\/p>\n<p>Zanimaju li vas dodatne opcije i lokacije, uz ovaj kamp u Svetom Petru na Moru pripremili smo za vas <span style=\"text-decoration: underline;\"><strong><a href=\"https:\/\/charta-nekretnine.hr\/en\/prodaja-mobilne-kucice\/\">cjelokupnu ponuda kampova i mobilnih ku\u0107ica<\/a><\/strong><\/span>.<\/p>\n<figure id=\"attachment_8166\" aria-describedby=\"caption-attachment-8166\" style=\"width: 515px\" class=\"wp-caption aligncenter\"><img decoding=\"async\" class=\"wp-image-8166\" src=\"https:\/\/charta-nekretnine.hr\/wp-content\/uploads\/2024\/08\/Postavljena-kucica-kamp-Vrulje.jpg\" alt=\"Mobilna ku\u0107ica u kampu Vrulje\" width=\"515\" height=\"360\" srcset=\"https:\/\/charta-nekretnine.hr\/wp-content\/uploads\/2024\/08\/Postavljena-kucica-kamp-Vrulje.jpg 773w, https:\/\/charta-nekretnine.hr\/wp-content\/uploads\/2024\/08\/Postavljena-kucica-kamp-Vrulje-768x537.jpg 768w, https:\/\/charta-nekretnine.hr\/wp-content\/uploads\/2024\/08\/Postavljena-kucica-kamp-Vrulje-18x12.jpg 18w, https:\/\/charta-nekretnine.hr\/wp-content\/uploads\/2024\/08\/Postavljena-kucica-kamp-Vrulje-600x419.jpg 600w\" sizes=\"(max-width: 515px) 100vw, 515px\" \/><figcaption id=\"caption-attachment-8166\" class=\"wp-caption-text\">Mobilna ku\u0107ica koju smo postavili u kampu Vrulje (Pirovac) za na\u0161e drage klijente<\/figcaption><\/figure>\n<p>No vratimo se postoje\u0107em kampu u Svetom Petru na Moru i otkrijmo \u0161to ga \u010dini zanimljivim da postane trajno mjesto va\u0161e mobilne ku\u0107ice.<\/p>\n<h3>Blizina mora<\/h3>\n<p>Osigurajte va\u0161im gostima da vrlo brzo zauzmu svoje mjesto na ure\u0111enoj pla\u017ei. Na samo 150 metara od ku\u0107ica nalazi se ure\u0111ena pla\u017ea sa jednostavnim pristupom.<\/p>\n<p>\u017dele li se vratiti u ku\u0107icu nakon ugodnih trenutaka provedenih na suncu i u moru, povratak do ku\u0107ice biti \u0107e brz bez ikakvih optere\u0107enja. Nakon samo par minuta od izlaska iz mora, va\u0161i \u0107e gosti ve\u0107 u\u017eivati dok se opu\u0161taju na natkrivenoj terasi.<\/p>\n<h3>Blizina restorana i trgovina<\/h3>\n<p>Dva su restorana odmah do kampa.<\/p>\n<p>Iako je kuhinja mobilne ku\u0107ice opremljena za pripremu svakojakih obroka, ponekad \u0107e va\u0161i gosti po\u017eeljeti isprobati lokalnu gastro ponudu. Tra\u017ee li ne\u0161to od uobi\u010dajene ponude za restorane ili su se namjerili na svje\u017ee pripremljenu ribu, lokacija kampa Sveti Petar im ide na ruku.<\/p>\n<p>Svije\u017ee namirnice iz lokalnih trgovina mogu nabaviti bez naprezanja i dugih \u0161etnji. Sam kamp ima nekoliko trgovina u krugu od 300 metara.<\/p>\n<h2>Povoljan godi\u0161nji pau\u0161al<\/h2>\n<p>Dvije su glavne stavke pri odabiru lokacije za mobilnu ku\u0107icu. Blizina mora i visina godi\u0161njeg pau\u0161ala.<\/p>\n<p>Pau\u0161al od 4.000 \u20ac primjeren je za 4 slobodne parcele za mobilne ku\u0107ice u Sv. Petru na Moru te \u0107e omogu\u0107iti postojan prihod od najma va\u0161e nove ku\u0107ice ve\u0107 u prvoj godini.<\/p>\n<p>Idealan za ulazak u poslovanje sa mobilnim ku\u0107icama, godi\u0161nji pau\u0161al od 4.000 \u20ac dopustit \u0107e jednostavnu prilagodbu i lak\u0161e planiranje za nove investitore u mobilne ku\u0107ice.<\/p>\n<h3>Paket upravljanja za mobilne ku\u0107ice<\/h3>\n<p>Za svaku je od 4 slobodne parcele za mobilne ku\u0107ice mogu\u0107e ugovoriti paket upravljanja koji uklju\u010duje:<\/p>\n<ul>\n<li><strong>\u2022\u00a0<\/strong>iznajmljivanje putem specijaliziranog portala\u00a0<strong><a href=\"https:\/\/mobilehomerent.eu\/\" target=\"_blank\" rel=\"noopener\">MobileHomeRent<\/a><\/strong><\/li>\n<li><strong>\u2022\u00a0<\/strong>koordinaciju raspolo\u017eivih termina na svim portalima<\/li>\n<li><strong>\u2022\u00a0<\/strong>check in \/ check out gostiju<\/li>\n<li><strong>\u2022\u00a0<\/strong>uslugu \u010di\u0161\u0107enja ku\u0107ice<\/li>\n<li><strong>\u2022\u00a0<\/strong>izradu web stranice i vo\u0111enje profila na dru\u0161tvenim mre\u017eama<\/li>\n<li><strong>\u2022\u00a0<\/strong>snimanje promo materijala za mobilne ku\u0107ice<\/li>\n<\/ul>\n<p dir=\"auto\">Za sve detalje i informacije o projektu ulaganja u turisti\u010dko iznajmljivanje, na raspolaganju smo vam<\/p>\n<div class=\"x11i5rnm xat24cr x1mh8g0r x1vvkbs xtlvy1s x126k92a\">\n<div dir=\"auto\">+385 (0)91 900 1525<br \/>\n+385 (0)99 366 4412<br \/>\n+385 (0)99 738 5893<br \/>\n+385 (0)95 724 2285<\/div>\n<div dir=\"auto\">info@charta-nekretnine.hr<\/div>\n<\/div>","protected":false},"featured_media":8704,"template":"","meta":{"_acf_changed":false,"ocean_post_layout":"","ocean_both_sidebars_style":"","ocean_both_sidebars_content_width":0,"ocean_both_sidebars_sidebars_width":0,"ocean_sidebar":"","ocean_second_sidebar":"","ocean_disable_margins":"enable","ocean_add_body_class":"","ocean_shortcode_before_top_bar":"","ocean_shortcode_after_top_bar":"","ocean_shortcode_before_header":"","ocean_shortcode_after_header":"","ocean_has_shortcode":"","ocean_shortcode_after_title":"","ocean_shortcode_before_footer_widgets":"","ocean_shortcode_after_footer_widgets":"","ocean_shortcode_before_footer_bottom":"","ocean_shortcode_after_footer_bottom":"","ocean_display_top_bar":"default","ocean_display_header":"default","ocean_header_style":"","ocean_center_header_left_menu":"","ocean_custom_header_template":"","ocean_custom_logo":0,"ocean_custom_retina_logo":0,"ocean_custom_logo_max_width":0,"ocean_custom_logo_tablet_max_width":0,"ocean_custom_logo_mobile_max_width":0,"ocean_custom_logo_max_height":0,"ocean_custom_logo_tablet_max_height":0,"ocean_custom_logo_mobile_max_height":0,"ocean_header_custom_menu":"","ocean_menu_typo_font_family":"","ocean_menu_typo_font_subset":"","ocean_menu_typo_font_size":0,"ocean_menu_typo_font_size_tablet":0,"ocean_menu_typo_font_size_mobile":0,"ocean_menu_typo_font_size_unit":"px","ocean_menu_typo_font_weight":"","ocean_menu_typo_font_weight_tablet":"","ocean_menu_typo_font_weight_mobile":"","ocean_menu_typo_transform":"","ocean_menu_typo_transform_tablet":"","ocean_menu_typo_transform_mobile":"","ocean_menu_typo_line_height":0,"ocean_menu_typo_line_height_tablet":0,"ocean_menu_typo_line_height_mobile":0,"ocean_menu_typo_line_height_unit":"","ocean_menu_typo_spacing":0,"ocean_menu_typo_spacing_tablet":0,"ocean_menu_typo_spacing_mobile":0,"ocean_menu_typo_spacing_unit":"","ocean_menu_link_color":"","ocean_menu_link_color_hover":"","ocean_menu_link_color_active":"","ocean_menu_link_background":"","ocean_menu_link_hover_background":"","ocean_menu_link_active_background":"","ocean_menu_social_links_bg":"","ocean_menu_social_hover_links_bg":"","ocean_menu_social_links_color":"","ocean_menu_social_hover_links_color":"","ocean_disable_title":"default","ocean_disable_heading":"default","ocean_post_title":"","ocean_post_subheading":"","ocean_post_title_style":"","ocean_post_title_background_color":"","ocean_post_title_background":0,"ocean_post_title_bg_image_position":"","ocean_post_title_bg_image_attachment":"","ocean_post_title_bg_image_repeat":"","ocean_post_title_bg_image_size":"","ocean_post_title_height":0,"ocean_post_title_bg_overlay":0.5,"ocean_post_title_bg_overlay_color":"","ocean_disable_breadcrumbs":"default","ocean_breadcrumbs_color":"","ocean_breadcrumbs_separator_color":"","ocean_breadcrumbs_links_color":"","ocean_breadcrumbs_links_hover_color":"","ocean_display_footer_widgets":"default","ocean_display_footer_bottom":"default","ocean_custom_footer_template":""},"product_brand":[],"product_cat":[265],"product_tag":[272],"class_list":{"0":"post-8696","1":"product","2":"type-product","3":"status-publish","4":"has-post-thumbnail","6":"product_cat-mobilne-kucice","7":"product_tag-prodaja-mobilnih-kucica","8":"pa_broj-kupaonica-60","9":"pa_broj-spavacih-soba-52","10":"pa_cijena-35-000-plus-pdv","11":"pa_kvadratura-24-24-terasa","12":"pa_mjesto-sv-petar-na-moru","13":"pa_stanje-objekta-nove-mobilne-kucice","14":"pa_vrsta-objave-prodaja","16":"entry","17":"has-media","19":"first","20":"instock","21":"shipping-taxable","22":"product-type-simple","23":"has-product-nav","24":"col","25":"span_1_of_3","26":"owp-content-center","27":"owp-thumbs-layout-horizontal","28":"owp-btn-normal","29":"owp-tabs-layout-horizontal"},"acf":[],"jetpack_sharing_enabled":true,"_links":{"self":[{"href":"https:\/\/charta-nekretnine.hr\/en\/wp-json\/wp\/v2\/product\/8696","targetHints":{"allow":["GET"]}}],"collection":[{"href":"https:\/\/charta-nekretnine.hr\/en\/wp-json\/wp\/v2\/product"}],"about":[{"href":"https:\/\/charta-nekretnine.hr\/en\/wp-json\/wp\/v2\/types\/product"}],"wp:featuredmedia":[{"embeddable":true,"href":"https:\/\/charta-nekretnine.hr\/en\/wp-json\/wp\/v2\/media\/8704"}],"wp:attachment":[{"href":"https:\/\/charta-nekretnine.hr\/en\/wp-json\/wp\/v2\/media?parent=8696"}],"wp:term":[{"taxonomy":"product_brand","embeddable":true,"href":"https:\/\/charta-nekretnine.hr\/en\/wp-json\/wp\/v2\/product_brand?post=8696"},{"taxonomy":"product_cat","embeddable":true,"href":"https:\/\/charta-nekretnine.hr\/en\/wp-json\/wp\/v2\/product_cat?post=8696"},{"taxonomy":"product_tag","embeddable":true,"href":"https:\/\/charta-nekretnine.hr\/en\/wp-json\/wp\/v2\/product_tag?post=8696"}],"curies":[{"name":"wp","href":"https:\/\/api.w.org\/{rel}","templated":true}]}}