{"id":8934,"date":"2024-12-16T13:36:06","date_gmt":"2024-12-16T13:36:06","guid":{"rendered":"https:\/\/charta-nekretnine.hr\/?post_type=product&#038;p=8934"},"modified":"2024-12-16T13:38:01","modified_gmt":"2024-12-16T13:38:01","slug":"mobilne-kucice-resort-naselje-mk","status":"publish","type":"product","link":"https:\/\/charta-nekretnine.hr\/en\/product\/mobilne-kucice-resort-naselje-mk\/","title":{"rendered":"Mobilne ku\u0107ice Resort naselje MK"},"content":{"rendered":"","protected":false},"excerpt":{"rendered":"<h1>Mobilne ku\u0107ice Resort naselje MK<\/h1>\n<p>Novi kamp sa 8&#215;4 mobilnim ku\u0107icama u Charta Mobile Homes ponudi.<\/p>\n<p>Resort naselje MK gradi se na prostranom zemlji\u0161tu gdje \u0107e svaka parcela\u00a0 imati 150 m2 kako bi osigurali privatnost va\u0161im gostima.<\/p>\n<p>Mobilne ku\u0107ice dimenzija su 8&#215;4 metara, a dolaze namje\u0161tene i potpuno opremljene ure\u0111ajima. Svaka ku\u0107ica ima natkrivenu, prostranu terasu dimenzija 8&#215;4 metara.<\/p>\n<h2>Turisti\u010dko \u2013 investicijski potencijal ulaganja u mobilne ku\u0107ice<\/h2>\n<p>Ulaganje u mobilne ku\u0107ice sa pogledom na more mo\u017ee biti dobar odabir za po\u010detno ulaganje u turisti\u010dko iznajmljivanje.<\/p>\n<p>Cjenovno puno prihvatljivije od kupovine ku\u0107e na istoj ili sli\u010dnoj lokaciji, mobilne ku\u0107ice pru\u017eaju mogu\u0107nost br\u017eeg povrata ulo\u017eenog uz manje utro\u0161enog vremena (i \u017eivaca) da bi se zapo\u010delo sa projektom iznajmljivanja.<\/p>\n<p>Ku\u0107ice dolaze na lokaciju i montiraju se zajedno sa terasom te se predaju vlasnicima spremne za kori\u0161tenje. Va\u0161 je anga\u017eman minimalan.<\/p>\n<p>S obzirom na poziciju kampa, podatke o popunjenosti tijekom cijele godine i vi\u0161om o\u010dekivanom cijenom najma, ove \u0107e mobilne ku\u0107ice sa vanjskim bazenom omogu\u0107iti vlasnicima povrat investicije kroz 4 do 6 godina.<\/p>\n<p>U ovu ra\u010dunicu smo predvidjeli sve tro\u0161kove koji idu uz ovakav turisti\u010dko \u2013 investicijski projekt.<\/p>\n<figure id=\"attachment_8920\" aria-describedby=\"caption-attachment-8920\" style=\"width: 960px\" class=\"wp-caption aligncenter\"><img fetchpriority=\"high\" decoding=\"async\" class=\"wp-image-8920\" src=\"https:\/\/charta-nekretnine.hr\/wp-content\/uploads\/2024\/12\/Naslovna-web-Savjeti-vodic-3-1000x563.jpg\" alt=\"Ulaganje u mobilne ku\u0107ice\" width=\"960\" height=\"540\" srcset=\"https:\/\/charta-nekretnine.hr\/wp-content\/uploads\/2024\/12\/Naslovna-web-Savjeti-vodic-3-1000x563.jpg 1000w, https:\/\/charta-nekretnine.hr\/wp-content\/uploads\/2024\/12\/Naslovna-web-Savjeti-vodic-3-1024x576.jpg 1024w, https:\/\/charta-nekretnine.hr\/wp-content\/uploads\/2024\/12\/Naslovna-web-Savjeti-vodic-3-768x432.jpg 768w, https:\/\/charta-nekretnine.hr\/wp-content\/uploads\/2024\/12\/Naslovna-web-Savjeti-vodic-3-18x10.jpg 18w, https:\/\/charta-nekretnine.hr\/wp-content\/uploads\/2024\/12\/Naslovna-web-Savjeti-vodic-3-800x450.jpg 800w, https:\/\/charta-nekretnine.hr\/wp-content\/uploads\/2024\/12\/Naslovna-web-Savjeti-vodic-3-600x338.jpg 600w, https:\/\/charta-nekretnine.hr\/wp-content\/uploads\/2024\/12\/Naslovna-web-Savjeti-vodic-3.jpg 1280w\" sizes=\"(max-width: 960px) 100vw, 960px\" \/><figcaption id=\"caption-attachment-8920\" class=\"wp-caption-text\">Vodi\u010d ispunjen savjetima za kupnju i ulaganje u mobilne ku\u0107ice<\/figcaption><\/figure>\n<p>Za vas smo pripremili <span style=\"text-decoration: underline;\"><strong><a href=\"https:\/\/charta-nekretnine.hr\/en\/2024\/12\/09\/vodic-za-ulaganje-u-mobilne-kucice\/\" target=\"_blank\" rel=\"noopener\">Vodi\u010d za oprezno ulaganje u mobilne ku\u0107ice<\/a><\/strong><\/span> sa mnogobrojnim savjetima koji \u0107e vam pomo\u0107i pri dono\u0161enju odluke o investiranju u projekt &#8220;Mobilne ku\u0107ice Resort naselje MK&#8221;.<\/p>\n<h2>Lokacija Resort naselja MK<\/h2>\n<p>Novi projekt &#8220;mobilne ku\u0107ice Resort naselje MK&#8221; zapo\u010dinje u Pako\u0161tanima, nedaleko od Zadra, na 300 metara od pla\u017ee i 600 metara od Vranskog jezera.<\/p>\n<p>Prometna povezanost sa Pako\u0161tanima i okolnim mjestima \u010dini ovu lokaciju lako dostupnom, a opet ekskluzivno privatnom za miran i bezbri\u017ean odmor.<\/p>\n<p>Blizina restorana i trgovina olak\u0161at \u0107e boravak u MK Resort naselju &#8211; sve je &#8220;na dohvat ruke&#8221;.<\/p>\n<h2>Detalji ponude za mobilne ku\u0107ice Resort naselje MK<\/h2>\n<ul>\n<li><strong>\u2022\u00a0<\/strong>cijena ove mobilne ku\u0107ice na atraktivnoj lokaciji: 48.000 \u20ac plus pdv<\/li>\n<li><strong>\u2022\u00a0<\/strong>godi\u0161nji pau\u0161al: 6.000 \u20ac<\/li>\n<\/ul>\n<hr \/>\n<ul>\n<li><strong>\u2022<\/strong> dimenzija mobilne ku\u0107ice u kampu: 8 x 4 m<\/li>\n<li><strong>\u2022<\/strong> terasa: natkrivena 8 x 4 m<\/li>\n<li><strong>\u2022\u00a0<\/strong>zajedni\u010dki bazen: 10 x 5 m<\/li>\n<li><strong>\u2022 <\/strong>dje\u010dje igrali\u0161te<\/li>\n<\/ul>\n<hr \/>\n<ul>\n<li><strong>\u2022\u00a0<\/strong>period rada: Resort naselje MK je otvoreno cijele godine<\/li>\n<li><strong>\u2022\u00a0<\/strong>stanje mobilne ku\u0107ice: nova, potpuno opremljena i ure\u0111ena<\/li>\n<\/ul>\n<h2>Kako su opremljene mobilne ku\u0107ice<\/h2>\n<p>Potpuna\u00a0<strong>opremljenost ku\u0107anskim ure\u0111ajima<\/strong>\u00a0zna\u010di da mo\u017eete ra\u010dunati na kuhinju sa perilicom posu\u0111a, velikim hladnjakom sa ledenicom te staklokerami\u010dkom plo\u010dom za kuhanje.<\/p>\n<p>Elementi za pohranu pribora za jelo i malih kuhinjskih ure\u0111aja dovoljno su veliki za potrebe va\u0161ih gostiju \u2013 od parova do cijelih obitelji.<\/p>\n<figure id=\"attachment_8938\" aria-describedby=\"caption-attachment-8938\" style=\"width: 960px\" class=\"wp-caption aligncenter\"><img decoding=\"async\" class=\"wp-image-8938\" src=\"https:\/\/charta-nekretnine.hr\/wp-content\/uploads\/2024\/12\/interijer-mobilne-kucice-1-1000x563.jpg\" alt=\"Mobilne ku\u0107ice Resort naselje MK\" width=\"960\" height=\"540\" srcset=\"https:\/\/charta-nekretnine.hr\/wp-content\/uploads\/2024\/12\/interijer-mobilne-kucice-1-1000x563.jpg 1000w, https:\/\/charta-nekretnine.hr\/wp-content\/uploads\/2024\/12\/interijer-mobilne-kucice-1-1024x576.jpg 1024w, https:\/\/charta-nekretnine.hr\/wp-content\/uploads\/2024\/12\/interijer-mobilne-kucice-1-768x432.jpg 768w, https:\/\/charta-nekretnine.hr\/wp-content\/uploads\/2024\/12\/interijer-mobilne-kucice-1-18x10.jpg 18w, https:\/\/charta-nekretnine.hr\/wp-content\/uploads\/2024\/12\/interijer-mobilne-kucice-1-800x450.jpg 800w, https:\/\/charta-nekretnine.hr\/wp-content\/uploads\/2024\/12\/interijer-mobilne-kucice-1-600x338.jpg 600w, https:\/\/charta-nekretnine.hr\/wp-content\/uploads\/2024\/12\/interijer-mobilne-kucice-1.jpg 1280w\" sizes=\"(max-width: 960px) 100vw, 960px\" \/><figcaption id=\"caption-attachment-8938\" class=\"wp-caption-text\">Potpuno opremljene i namje\u0161tene mobilne ku\u0107ice sa opcijom odabira rasporeda<\/figcaption><\/figure>\n<p>&nbsp;<\/p>\n<p>Na raspolaganju vam je odabir interijera sa 2 kupaonice, a spava\u0107e sobe mo\u017eete opremiti krevetima na kat, odvojenim krevetima ili velikim krevetom za dvije osobe.<\/p>\n<p>Moderno ure\u0111ene, ove mobilne ku\u0107ice sa pogledom na more opremljene su svim potrebnim ure\u0111ajima za ugodan boravak i odmor bez naprezanja.<\/p>\n<p><strong>Kuhinja<\/strong>\u00a0ima veliki fri\u017eider, perilicu za pranje su\u0111a, plo\u010du za kuhanje i dovoljno prostora za odlaganje kuhinjskog pribora i manjih ure\u0111aja.<\/p>\n<p>Savjetujemo da svojim gostima pru\u017eite dodatan komfor nabavkom mikrovalne i aparata za kavu.<\/p>\n<p><strong>Kupaonica<\/strong>\u00a0je pravo \u010dudo rasporeda elemenata i galanterije. Svaki kvadratni centimetar iskori\u0161ten je da omogu\u0107i nesmetano kretanje vi\u0161e osoba istovremeno.<\/p>\n<p><strong>Dnevni boravak<\/strong>\u00a0opremljen je kau\u010dem na razvla\u010denje \u0161to mo\u017ee obradovati privremene goste, smart TV-om i klima ure\u0111ajem.<\/p>\n<figure id=\"attachment_8627\" aria-describedby=\"caption-attachment-8627\" style=\"width: 960px\" class=\"wp-caption aligncenter\"><img decoding=\"async\" class=\"wp-image-8627\" src=\"https:\/\/charta-nekretnine.hr\/wp-content\/uploads\/2024\/10\/Postavljena-kucica.jpg\" alt=\"Mobilna ku\u0107ica projekt Vrulje\" width=\"960\" height=\"540\" srcset=\"https:\/\/charta-nekretnine.hr\/wp-content\/uploads\/2024\/10\/Postavljena-kucica.jpg 960w, https:\/\/charta-nekretnine.hr\/wp-content\/uploads\/2024\/10\/Postavljena-kucica-768x432.jpg 768w, https:\/\/charta-nekretnine.hr\/wp-content\/uploads\/2024\/10\/Postavljena-kucica-18x10.jpg 18w, https:\/\/charta-nekretnine.hr\/wp-content\/uploads\/2024\/10\/Postavljena-kucica-800x450.jpg 800w, https:\/\/charta-nekretnine.hr\/wp-content\/uploads\/2024\/10\/Postavljena-kucica-600x338.jpg 600w\" sizes=\"(max-width: 960px) 100vw, 960px\" \/><figcaption id=\"caption-attachment-8627\" class=\"wp-caption-text\">Mobilne ku\u0107ice koje smo postavili za na\u0161e klijente u jednom od prethodnih projekata<\/figcaption><\/figure>\n<p><strong>Terasa<\/strong>\u00a0je mjesto okupljanja svih posjetitelja i prostor za unapre\u0111enje usluge smje\u0161taja. Uz vanjsku garnituru za opu\u0161tanje uz lagani vjetri\u0107, na terasu se mo\u017ee postaviti vanjska kuhinja te el. gril.<\/p>\n<p>Pru\u017eite svojim gostima iskustvo zajedni\u010dkih obroka na svje\u017eem zraku i rashla\u0111ene prostorije unutar mobilne ku\u0107ice.<\/p>\n<p>* Prikazane slike mobilnih ku\u0107ica su iz na\u0161eg albuma ku\u0107ica koje smo postavili za na\u0161e klijente i slu\u017ee da dobijete dojam kako izgledaju postavljene.<\/p>\n<h3>Paket upravljanja za mobilne ku\u0107ice Resort naselje MK<\/h3>\n<p>Za sve je mobilne ku\u0107ice na atraktivnoj lokaciji mogu\u0107e ugovoriti paket upravljanja koji uklju\u010duje:<\/p>\n<ul>\n<li><strong>\u2022\u00a0<\/strong>iznajmljivanje putem specijaliziranog portala\u00a0<strong><a href=\"https:\/\/mobilehomerent.eu\/\" target=\"_blank\" rel=\"noopener\">MobileHomeRent<\/a><\/strong><\/li>\n<li><strong>\u2022\u00a0<\/strong>koordinaciju raspolo\u017eivih termina na svim portalima<br \/>\n<hr \/>\n<\/li>\n<li><strong>\u2022\u00a0<\/strong>check in \/ check out gostiju<\/li>\n<li><strong>\u2022\u00a0<\/strong>uslugu \u010di\u0161\u0107enja ku\u0107ice<br \/>\n<hr \/>\n<\/li>\n<li><strong>\u2022\u00a0<\/strong>izradu web stranice i vo\u0111enje profila na dru\u0161tvenim mre\u017eama<\/li>\n<li><strong>\u2022\u00a0<\/strong>snimanje promo materijala za mobilne ku\u0107ice<\/li>\n<\/ul>\n<p>Za vas predstavljamo\u00a0<strong><a href=\"https:\/\/charta-nekretnine.hr\/en\/prodaja-mobilne-kucice\/\" target=\"_blank\" rel=\"noopener\">ponudu ostalih lokacija<\/a><\/strong>\u00a0na kojima mo\u017eete kupiti i postaviti mobilnu ku\u0107icu te zapo\u010deti sa zara\u0111ivanjem od turisti\u010dkog iznajmljivanja.<\/p>\n<p>Za sve dodatne infomacije vezano uz mobilne ku\u0107ice, Resort naselje MK te na\u010din poslovanja, obratite se na\u0161em stru\u010dnom timu.<\/p>\n<ul>\n<li>+385 (0)91 900 1525<\/li>\n<li>+385 (0)99 366 4412<\/li>\n<li>+385 (0)99 738 5893<\/li>\n<li>+385 (0)95 724 2285<\/li>\n<\/ul>\n<p>Mail: info@charta-nekretnine.hr<\/p>\n<p>&nbsp;<\/p>","protected":false},"featured_media":8945,"template":"","meta":{"_acf_changed":false,"ocean_post_layout":"","ocean_both_sidebars_style":"","ocean_both_sidebars_content_width":0,"ocean_both_sidebars_sidebars_width":0,"ocean_sidebar":"","ocean_second_sidebar":"","ocean_disable_margins":"enable","ocean_add_body_class":"","ocean_shortcode_before_top_bar":"","ocean_shortcode_after_top_bar":"","ocean_shortcode_before_header":"","ocean_shortcode_after_header":"","ocean_has_shortcode":"","ocean_shortcode_after_title":"","ocean_shortcode_before_footer_widgets":"","ocean_shortcode_after_footer_widgets":"","ocean_shortcode_before_footer_bottom":"","ocean_shortcode_after_footer_bottom":"","ocean_display_top_bar":"default","ocean_display_header":"default","ocean_header_style":"","ocean_center_header_left_menu":"","ocean_custom_header_template":"","ocean_custom_logo":0,"ocean_custom_retina_logo":0,"ocean_custom_logo_max_width":0,"ocean_custom_logo_tablet_max_width":0,"ocean_custom_logo_mobile_max_width":0,"ocean_custom_logo_max_height":0,"ocean_custom_logo_tablet_max_height":0,"ocean_custom_logo_mobile_max_height":0,"ocean_header_custom_menu":"","ocean_menu_typo_font_family":"","ocean_menu_typo_font_subset":"","ocean_menu_typo_font_size":0,"ocean_menu_typo_font_size_tablet":0,"ocean_menu_typo_font_size_mobile":0,"ocean_menu_typo_font_size_unit":"px","ocean_menu_typo_font_weight":"","ocean_menu_typo_font_weight_tablet":"","ocean_menu_typo_font_weight_mobile":"","ocean_menu_typo_transform":"","ocean_menu_typo_transform_tablet":"","ocean_menu_typo_transform_mobile":"","ocean_menu_typo_line_height":0,"ocean_menu_typo_line_height_tablet":0,"ocean_menu_typo_line_height_mobile":0,"ocean_menu_typo_line_height_unit":"","ocean_menu_typo_spacing":0,"ocean_menu_typo_spacing_tablet":0,"ocean_menu_typo_spacing_mobile":0,"ocean_menu_typo_spacing_unit":"","ocean_menu_link_color":"","ocean_menu_link_color_hover":"","ocean_menu_link_color_active":"","ocean_menu_link_background":"","ocean_menu_link_hover_background":"","ocean_menu_link_active_background":"","ocean_menu_social_links_bg":"","ocean_menu_social_hover_links_bg":"","ocean_menu_social_links_color":"","ocean_menu_social_hover_links_color":"","ocean_disable_title":"default","ocean_disable_heading":"default","ocean_post_title":"","ocean_post_subheading":"","ocean_post_title_style":"","ocean_post_title_background_color":"","ocean_post_title_background":0,"ocean_post_title_bg_image_position":"","ocean_post_title_bg_image_attachment":"","ocean_post_title_bg_image_repeat":"","ocean_post_title_bg_image_size":"","ocean_post_title_height":0,"ocean_post_title_bg_overlay":0.5,"ocean_post_title_bg_overlay_color":"","ocean_disable_breadcrumbs":"default","ocean_breadcrumbs_color":"","ocean_breadcrumbs_separator_color":"","ocean_breadcrumbs_links_color":"","ocean_breadcrumbs_links_hover_color":"","ocean_display_footer_widgets":"default","ocean_display_footer_bottom":"default","ocean_custom_footer_template":""},"product_brand":[],"product_cat":[265],"product_tag":[247,272],"class_list":{"0":"post-8934","1":"product","2":"type-product","3":"status-publish","4":"has-post-thumbnail","6":"product_cat-mobilne-kucice","7":"product_tag-prodaja","8":"product_tag-prodaja-mobilnih-kucica","9":"pa_broj-kupaonica-1-ili-2","10":"pa_broj-spavacih-soba-52","11":"pa_cijena-48-000-plus-pdv","12":"pa_kvadratura-413","13":"pa_mjesto-pakostane","14":"pa_stanje-objekta-nove-mobilne-kucice","15":"pa_vrsta-objave-prodaja","17":"entry","18":"has-media","20":"first","21":"instock","22":"shipping-taxable","23":"product-type-simple","24":"has-product-nav","25":"col","26":"span_1_of_3","27":"owp-content-center","28":"owp-thumbs-layout-horizontal","29":"owp-btn-normal","30":"owp-tabs-layout-horizontal"},"acf":[],"jetpack_sharing_enabled":true,"_links":{"self":[{"href":"https:\/\/charta-nekretnine.hr\/en\/wp-json\/wp\/v2\/product\/8934","targetHints":{"allow":["GET"]}}],"collection":[{"href":"https:\/\/charta-nekretnine.hr\/en\/wp-json\/wp\/v2\/product"}],"about":[{"href":"https:\/\/charta-nekretnine.hr\/en\/wp-json\/wp\/v2\/types\/product"}],"wp:featuredmedia":[{"embeddable":true,"href":"https:\/\/charta-nekretnine.hr\/en\/wp-json\/wp\/v2\/media\/8945"}],"wp:attachment":[{"href":"https:\/\/charta-nekretnine.hr\/en\/wp-json\/wp\/v2\/media?parent=8934"}],"wp:term":[{"taxonomy":"product_brand","embeddable":true,"href":"https:\/\/charta-nekretnine.hr\/en\/wp-json\/wp\/v2\/product_brand?post=8934"},{"taxonomy":"product_cat","embeddable":true,"href":"https:\/\/charta-nekretnine.hr\/en\/wp-json\/wp\/v2\/product_cat?post=8934"},{"taxonomy":"product_tag","embeddable":true,"href":"https:\/\/charta-nekretnine.hr\/en\/wp-json\/wp\/v2\/product_tag?post=8934"}],"curies":[{"name":"wp","href":"https:\/\/api.w.org\/{rel}","templated":true}]}}