{"id":9002,"date":"2025-02-13T16:45:00","date_gmt":"2025-02-13T16:45:00","guid":{"rendered":"https:\/\/charta-nekretnine.hr\/?post_type=product&#038;p=9002"},"modified":"2025-10-05T17:30:23","modified_gmt":"2025-10-05T17:30:23","slug":"mobilne-kucice-u-kampu-uz-more","status":"publish","type":"product","link":"https:\/\/charta-nekretnine.hr\/en\/product\/mobilne-kucice-u-kampu-uz-more\/","title":{"rendered":"Mobilne ku\u0107ice u kampu uz more"},"content":{"rendered":"","protected":false},"excerpt":{"rendered":"<h1>Mobilne ku\u0107ice u kampu uz more<\/h1>\n<h3><strong>Napomena za posjetitelje Charta Mobile Homes portala!<\/strong><\/h3>\n<p>Kamp Pirova West popunili smo u cijelosti, a sve su mobilne ku\u0107ice dobile svoje vlasnike. Svim na\u0161im klijentima \u017eelimo ugodan boravak i uspje\u0161no iznajmljivanje ku\u0107ica u nadolaze\u0107im godinama. Zahvaljujemo vam na povjerenju koje ste nam iskazali!<\/p>\n<h3>Originalni tekst projekta \u201cKamp Pirovac West\u201d:<\/h3>\n<p>Kao \u0161to mo\u017eete vidjeti na slikama kampa Pirovac &#8211; West, parcele za mobilne ku\u0107ice se nalaze na laganoj uzbrdici u neposrednoj blizini mora.<\/p>\n<p>Ova premium lokacija, nadomak Pirovca nudi vam mogu\u0107nost kupovine mobilne ku\u0107ice u kampu uz more i ostvarenje dodatnog izvora prihoda koji doslovce samostalno otpla\u0107uje va\u0161u inicijalnu investiciju.<\/p>\n<p><iframe style=\"border: none; overflow: hidden;\" src=\"https:\/\/www.facebook.com\/plugins\/video.php?height=476&amp;href=https%3A%2F%2Fwww.facebook.com%2FChartaMobileHomes%2Fvideos%2F1309024273481173%2F&amp;show_text=false&amp;width=476&amp;t=0\" width=\"476\" height=\"476\" frameborder=\"0\" scrolling=\"no\" allowfullscreen=\"allowfullscreen\"><\/iframe><\/p>\n<p>Ovako atraktivna lokacija privu\u0107i \u0107e \u0161irok raspon va\u0161ih budu\u0107ih gostiju i olak\u0161ati vam popunjavanje termina tijekom sezone, ali i izvan nje.<\/p>\n<p>Mobilne ku\u0107ice u kampu uz more biti \u0107e privla\u010dne obiteljima sa manjom i ve\u0107 odraslom djecom kao odredi\u0161te sa izvrsnim pristupom pla\u017ei. Ne\u0107e biti uskra\u0107eni niti gosti &#8220;poja\u010danog&#8221; bud\u017eeta za ljetovanje u potrazi za jedinstvenim lokacijama sa prekrasnim pogledom sa terase.<\/p>\n<p>Mobilne ku\u0107ice smje\u0161tene u kampu Pirovac &#8211; West poslu\u017eit \u0107e kao polazna to\u010dka za jednodnevne izlete do nekih od najljep\u0161ih prirodnih ljepota \u0161to Hrvatska ima za ponuditi.<\/p>\n<h2>Turisti\u010dko \u2013 investicijsko potencijal kampa Pirovac &#8211; West<\/h2>\n<p>Namjena mobilnih ku\u0107ica prvenstveno je daljnje iznajmljivanje. Ugovor o zakupu parcele na koju dolazi nova mobilna ku\u0107ica potpisuje se na 10 godina \u2013 uz mogu\u0107nost produ\u017eenja.<\/p>\n<p>Kroz investicijski period od 10 godina, od najma u mobilne ku\u0107ice u kampovima se o\u010dekuje povrat ulaganja kroz 4 do 6 godina, a preostali period do isteka ugovora od 10 godina, razdoblje je ostvarenja \u010distog prihoda.*<\/p>\n<p>Prema dosada\u0161njem iskustvu na\u0161ih klijenata, ovaj oblik ulaganja idealan je ako vam je cilj o\u010duvati vrijednost svojih, ve\u0107 postoje\u0107ih financijskih sredstava. Odnosno, ako ne \u017eelite da vam sredstva propadaju uslijed inflacije i drugih negativnih trendova.<\/p>\n<p>Kako bi lak\u0161e donijeli odluku, pogledajte na\u0161\u00a0<strong><a href=\"https:\/\/charta-nekretnine.hr\/en\/2023\/04\/28\/pausal-za-mobilne-kucice-u-kampu\/\" target=\"_blank\" rel=\"noopener\">prikaz tro\u0161kova i pau\u0161ala za mobilne ku\u0107ice<\/a><\/strong>.<\/p>\n<p>Vlasnici novih mobilnih ku\u0107ica mogu tako\u0111er odabrati mje\u0161oviti model upotrebe mobilne ku\u0107ice u kampovima.<\/p>\n<p>Ovime se odlu\u010duju iznajmiti ku\u0107icu koliko je dovoljno da se pokriju osnovni godi\u0161nji tro\u0161kovi, a ostatak vremena koriste ju za vlastite potrebe. Malo za sebe, malo za rodbinu i prijatelje, ovaj model otvara mogu\u0107nost da u\u017eivate u svom smje\u0161taju uz more kad to vama odgovara.<\/p>\n<p>Du\u017eni smo napomenuti da se kupnjom mobilne ku\u0107ice u kampu uz more, ona ne\u0107e iznajmljivati sama od sebe. Iako upravljanje ku\u0107icom nije intezivan i zahtjevan postupak, od vlasnika ku\u0107ica za odmor se o\u010dekuje odre\u0111eni anga\u017eman.<\/p>\n<p>*procjena prihoda od najma utvr\u0111ena je prema pokazateljima u prethodne 3 godine za smje\u0161taj na bliskim lokacijama u mobilnim ku\u0107icama.<\/p>\n<h2>Detalji ponude za mobilne ku\u0107ice<\/h2>\n<div class=\"x11i5rnm xat24cr x1mh8g0r x1vvkbs xtlvy1s x126k92a\">\n<div dir=\"auto\">\n<ul>\n<li><strong>\u2022\u00a0<\/strong>Cijena mobilne ku\u0107ice: 36.000 \u20ac plus pdv<\/li>\n<li><strong>\u2022\u00a0<\/strong>Godi\u0161nji pau\u0161al: prvi red uz more 6.900 \u20ac, a za ostale ku\u0107ice 6.000 \u20ac<\/li>\n<li><strong>\u2022\u00a0<\/strong>Ugovor na 10 godina<\/li>\n<li><strong>\u2022\u00a0<\/strong>Produljenje ugovora: mogu\u0107 dogovor<\/li>\n<\/ul>\n<hr \/>\n<ul>\n<li><strong>\u2022\u00a0<\/strong>Pristup ku\u0107icama: cijele godine<\/li>\n<li><strong>\u2022<\/strong>\u00a0Terasa: natkrivena 8 x 3 m<\/li>\n<li><strong>\u2022\u00a0<\/strong>Stanje mobilne ku\u0107ice: nova, potpuno opremljena i ure\u0111ena<\/li>\n<li><strong>\u2022 <\/strong>Pogled na more: DA<\/li>\n<li><strong>\u2022\u00a0<\/strong>Osiguran parking<\/li>\n<\/ul>\n<\/div>\n<\/div>\n<hr \/>\n<p dir=\"auto\">Mobilne ku\u0107ice u kampu Pirovac &#8211; West se prodaju po sistemu klju\u010d u ruke, a na\u0161a usluga uklju\u010duje:<\/p>\n<div class=\"x11i5rnm xat24cr x1mh8g0r x1vvkbs xtlvy1s x126k92a\">\n<ul>\n<li dir=\"auto\">\u2022 Potpuno opremljenu i namje\u0161tenu mobilnu ku\u0107icu<\/li>\n<li dir=\"auto\">\u2022 Organiziran prijevoz i postavljanje ku\u0107ice<\/li>\n<li dir=\"auto\">\u2022 Natkrivenu terasu 24m2<br \/>\n<hr \/>\n<\/li>\n<li dir=\"auto\">\u2022 Monta\u017eu terase<\/li>\n<li dir=\"auto\">\u2022 Pripremljena parcela sa priklju\u010dcima<\/li>\n<li dir=\"auto\">\u2022 Spajanje ku\u0107ice na priklju\u010dke<\/li>\n<\/ul>\n<\/div>\n<h2>Mobilne ku\u0107ice u kampu uz more Pirovac &#8211; West<\/h2>\n<p>Svaka se mobilna ku\u0107ica isporu\u010duje i postavlja na parcelu\u00a0<strong>u potpunosti opremljena<\/strong>\u00a0namje\u0161tajem i ku\u0107anskim aparatima.<\/p>\n<p>Za ovu lokaciju preporu\u010dujemo Delux Eco model, \u010dije se luksuzne karakteristike i dodaci savr\u0161eno uklapaju u op\u0107i dojam savr\u0161enog odmora. I najzahtjevniji gosti \u0107e provesti odmor bez zamjerke.<\/p>\n<figure id=\"attachment_7779\" class=\"wp-caption aligncenter\" aria-describedby=\"caption-attachment-7779\">\n<figure id=\"attachment_7779\" aria-describedby=\"caption-attachment-7779\" style=\"width: 480px\" class=\"wp-caption aligncenter\"><img fetchpriority=\"high\" decoding=\"async\" class=\"wp-image-7779\" src=\"https:\/\/charta-nekretnine.hr\/wp-content\/uploads\/2024\/03\/Delux4-Hosekra.jpg\" alt=\"Kuhinja i blagavaona mobilne ku\u0107ice u kampu uz more\" width=\"480\" height=\"360\" srcset=\"https:\/\/charta-nekretnine.hr\/wp-content\/uploads\/2024\/03\/Delux4-Hosekra.jpg 720w, https:\/\/charta-nekretnine.hr\/wp-content\/uploads\/2024\/03\/Delux4-Hosekra-16x12.jpg 16w, https:\/\/charta-nekretnine.hr\/wp-content\/uploads\/2024\/03\/Delux4-Hosekra-600x450.jpg 600w\" sizes=\"(max-width: 480px) 100vw, 480px\" \/><figcaption id=\"caption-attachment-7779\" class=\"wp-caption-text\">Delux Eco model mobilna ku\u0107ica dimenzija 8 x 3 metara<\/figcaption><\/figure><figcaption id=\"caption-attachment-7779\" class=\"wp-caption-text\"><\/figcaption><\/figure>\n<h3>Unutra\u0161njost mobilne ku\u0107ice<\/h3>\n<p>Interijer ku\u0107ica pomno je isplaniran tako da se postigne maksimalna iskori\u0161tenost prostora, a odlikuje se spretno osmi\u0161ljenim prostorom za pohranu prtljage i osobnih stvari.<\/p>\n<p>Kuhinja dolazi sa velikim fri\u017eiderom, perilicom posu\u0111a i plo\u0107om za kuhanje, dok kao dodatnu pogodnost za svoje goste mo\u017eete urediti i vanjsku kuhinju na prostranoj terasi.<\/p>\n<p>U kuhinji mobilnih ku\u0107ica koje u kampovima postavlja Charta Mobile Homes mo\u017ee se pripremiti jelo po sva\u010dijem izboru. Ljetovanje nudi priliku isprobati nove namirnice koje ve\u0107inom godine va\u0161i budu\u0107i gosti ne koristite \u010desto ili im nisu na raspolaganju.<\/p>\n<p>Spava\u0107e sobe mogu imaju dovoljno prostora za odlaganje odje\u0107e, a kupaonica je ure\u0111ena tako da se vi\u0161e osoba mo\u017ee kretati u njoj bez stvaranja gu\u017eve.<\/p>\n<figure id=\"attachment_7780\" class=\"wp-caption aligncenter\" aria-describedby=\"caption-attachment-7780\">\n<figure id=\"attachment_7780\" aria-describedby=\"caption-attachment-7780\" style=\"width: 480px\" class=\"wp-caption aligncenter\"><img decoding=\"async\" class=\"wp-image-7780\" src=\"https:\/\/charta-nekretnine.hr\/wp-content\/uploads\/2024\/03\/Delux5-Hosekra-rev.jpg\" alt=\"Spava\u0107a soba, mobilna ku\u0107ica\" width=\"480\" height=\"360\" srcset=\"https:\/\/charta-nekretnine.hr\/wp-content\/uploads\/2024\/03\/Delux5-Hosekra-rev.jpg 720w, https:\/\/charta-nekretnine.hr\/wp-content\/uploads\/2024\/03\/Delux5-Hosekra-rev-16x12.jpg 16w, https:\/\/charta-nekretnine.hr\/wp-content\/uploads\/2024\/03\/Delux5-Hosekra-rev-600x450.jpg 600w\" sizes=\"(max-width: 480px) 100vw, 480px\" \/><figcaption id=\"caption-attachment-7780\" class=\"wp-caption-text\">Spava\u0107a soba za mobilne ku\u0107ice u kampu uz more Pirovac &#8211; West<\/figcaption><\/figure><figcaption id=\"caption-attachment-7780\" class=\"wp-caption-text\"><\/figcaption><\/figure>\n<p>Uz smart TV i klima ure\u0111aj, dnevni \u0107e boravak biti ugodno mjesto za odmor nakon ru\u010dka ili popodnevni spavanac.<\/p>\n<h3>Terasa mobilne ku\u0107ice<\/h3>\n<p>Na terasi mo\u017eete urediti lounge zonu i time stvoriti dodatan prostor za opu\u0161tanje va\u0161ih gostiju. Prema anketi koju smo proveli me\u0111u gostima mobilnih ku\u0107ica, ve\u0107ina je navela da najvi\u0161e vremena provode upravo na terasi.<\/p>\n<p>Bilo da u\u017eivaju izle\u017eavaju\u0107i na laganom povjetarcu tijekom dana, dru\u017ee se uz \u010da\u0161u vina nave\u010der ili pijuckaju prvu jutarnju kavu, natkrivena terasa mobilne ku\u0107ice u resortu Pirovac &#8211; West biti \u0107e centralno mjesto opu\u0161tanja va\u0161ih budu\u0107ih gostiju.<\/p>\n<p>Kao preporuku za pro\u0161irenje ponude predla\u017eemo dodatno opremiti mobilnu ku\u0107icu sa elektri\u010dnim grilom ili urediti potpuno funkcionalnu vanjsku kuhinju.<\/p>\n<figure id=\"attachment_8086\" class=\"wp-caption aligncenter\" aria-describedby=\"caption-attachment-8086\">\n<figure id=\"attachment_9001\" aria-describedby=\"caption-attachment-9001\" style=\"width: 640px\" class=\"wp-caption aligncenter\"><img decoding=\"async\" class=\"wp-image-9001\" src=\"https:\/\/charta-nekretnine.hr\/wp-content\/uploads\/2025\/02\/Terasa.jpg\" alt=\"Terasa mobilne ku\u0107ice\" width=\"640\" height=\"360\" srcset=\"https:\/\/charta-nekretnine.hr\/wp-content\/uploads\/2025\/02\/Terasa.jpg 960w, https:\/\/charta-nekretnine.hr\/wp-content\/uploads\/2025\/02\/Terasa-768x432.jpg 768w, https:\/\/charta-nekretnine.hr\/wp-content\/uploads\/2025\/02\/Terasa-18x10.jpg 18w, https:\/\/charta-nekretnine.hr\/wp-content\/uploads\/2025\/02\/Terasa-800x450.jpg 800w, https:\/\/charta-nekretnine.hr\/wp-content\/uploads\/2025\/02\/Terasa-600x338.jpg 600w\" sizes=\"(max-width: 640px) 100vw, 640px\" \/><figcaption id=\"caption-attachment-9001\" class=\"wp-caption-text\">Najvi\u0161e vremena va\u0161i \u0107e gosti provoditi na terasi<\/figcaption><\/figure>\n<\/figure>\n<h3>Paket upravljanja za mobilne ku\u0107ice<\/h3>\n<p>Za svaku je mobilnu ku\u0107icu mogu\u0107e ugovoriti paket upravljanja koji uklju\u010duje:<\/p>\n<ul>\n<li><strong>\u2022\u00a0<\/strong>iznajmljivanje putem specijaliziranog portala\u00a0<strong><a href=\"https:\/\/mobilehomerent.eu\/\" target=\"_blank\" rel=\"noopener\">MobileHomeRent<\/a><\/strong><\/li>\n<li><strong>\u2022\u00a0<\/strong>koordinaciju raspolo\u017eivih termina na svim portalima<\/li>\n<li><strong>\u2022\u00a0<\/strong>check in \/ check out gostiju<\/li>\n<li><strong>\u2022\u00a0<\/strong>uslugu \u010di\u0161\u0107enja ku\u0107ice<\/li>\n<li><strong>\u2022\u00a0<\/strong>izradu web stranice i vo\u0111enje profila na dru\u0161tvenim mre\u017eama<\/li>\n<li><strong>\u2022\u00a0<\/strong>snimanje promo materijala za mobilne ku\u0107ice<\/li>\n<\/ul>\n<p>Za vas predstavljamo\u00a0<strong><a href=\"https:\/\/charta-nekretnine.hr\/en\/prodaja-mobilne-kucice\/\" target=\"_blank\" rel=\"noopener\">ponudu ostalih lokacija<\/a><\/strong>\u00a0na kojima mo\u017eete kupiti i postaviti mobilnu ku\u0107icu te zapo\u010deti sa ostvarivanjem prihoda od turisti\u010dkog iznajmljivanja.<\/p>\n<p dir=\"auto\">Za sve detalje i informacije o projektu \u201cMobilne ku\u0107ice u kampu uz more Pirovac -West\u201d i ulaganju u turisti\u010dko iznajmljivanje, na raspolaganju smo vam na:<\/p>\n<div class=\"x11i5rnm xat24cr x1mh8g0r x1vvkbs xtlvy1s x126k92a\">\n<div dir=\"auto\">+385 (0)91 900 1525<br \/>\n+385 (0)99 366 4412<br \/>\n+385 (0)99 738 5893<br \/>\n+385 (0)95 724 2285<\/div>\n<div dir=\"auto\">info@charta-nekretnine.hr<\/div>\n<\/div>","protected":false},"featured_media":9235,"template":"","meta":{"_acf_changed":false,"ocean_post_layout":"","ocean_both_sidebars_style":"","ocean_both_sidebars_content_width":0,"ocean_both_sidebars_sidebars_width":0,"ocean_sidebar":"","ocean_second_sidebar":"","ocean_disable_margins":"enable","ocean_add_body_class":"","ocean_shortcode_before_top_bar":"","ocean_shortcode_after_top_bar":"","ocean_shortcode_before_header":"","ocean_shortcode_after_header":"","ocean_has_shortcode":"","ocean_shortcode_after_title":"","ocean_shortcode_before_footer_widgets":"","ocean_shortcode_after_footer_widgets":"","ocean_shortcode_before_footer_bottom":"","ocean_shortcode_after_footer_bottom":"","ocean_display_top_bar":"default","ocean_display_header":"default","ocean_header_style":"","ocean_center_header_left_menu":"","ocean_custom_header_template":"","ocean_custom_logo":0,"ocean_custom_retina_logo":0,"ocean_custom_logo_max_width":0,"ocean_custom_logo_tablet_max_width":0,"ocean_custom_logo_mobile_max_width":0,"ocean_custom_logo_max_height":0,"ocean_custom_logo_tablet_max_height":0,"ocean_custom_logo_mobile_max_height":0,"ocean_header_custom_menu":"","ocean_menu_typo_font_family":"","ocean_menu_typo_font_subset":"","ocean_menu_typo_font_size":0,"ocean_menu_typo_font_size_tablet":0,"ocean_menu_typo_font_size_mobile":0,"ocean_menu_typo_font_size_unit":"px","ocean_menu_typo_font_weight":"","ocean_menu_typo_font_weight_tablet":"","ocean_menu_typo_font_weight_mobile":"","ocean_menu_typo_transform":"","ocean_menu_typo_transform_tablet":"","ocean_menu_typo_transform_mobile":"","ocean_menu_typo_line_height":0,"ocean_menu_typo_line_height_tablet":0,"ocean_menu_typo_line_height_mobile":0,"ocean_menu_typo_line_height_unit":"","ocean_menu_typo_spacing":0,"ocean_menu_typo_spacing_tablet":0,"ocean_menu_typo_spacing_mobile":0,"ocean_menu_typo_spacing_unit":"","ocean_menu_link_color":"","ocean_menu_link_color_hover":"","ocean_menu_link_color_active":"","ocean_menu_link_background":"","ocean_menu_link_hover_background":"","ocean_menu_link_active_background":"","ocean_menu_social_links_bg":"","ocean_menu_social_hover_links_bg":"","ocean_menu_social_links_color":"","ocean_menu_social_hover_links_color":"","ocean_disable_title":"default","ocean_disable_heading":"default","ocean_post_title":"","ocean_post_subheading":"","ocean_post_title_style":"","ocean_post_title_background_color":"","ocean_post_title_background":0,"ocean_post_title_bg_image_position":"","ocean_post_title_bg_image_attachment":"","ocean_post_title_bg_image_repeat":"","ocean_post_title_bg_image_size":"","ocean_post_title_height":0,"ocean_post_title_bg_overlay":0.5,"ocean_post_title_bg_overlay_color":"","ocean_disable_breadcrumbs":"default","ocean_breadcrumbs_color":"","ocean_breadcrumbs_separator_color":"","ocean_breadcrumbs_links_color":"","ocean_breadcrumbs_links_hover_color":"","ocean_display_footer_widgets":"default","ocean_display_footer_bottom":"default","ocean_custom_footer_template":""},"product_brand":[],"product_cat":[265],"product_tag":[247,272],"class_list":{"0":"post-9002","1":"product","2":"type-product","3":"status-publish","4":"has-post-thumbnail","6":"product_cat-mobilne-kucice","7":"product_tag-prodaja","8":"product_tag-prodaja-mobilnih-kucica","9":"pa_broj-kupaonica-60","10":"pa_broj-spavacih-soba-52","11":"pa_cijena-36-000-plus-pdv","12":"pa_kvadratura-24-24-terasa","13":"pa_mjesto-pirovac","14":"pa_stanje-objekta-nove-mobilne-kucice","15":"pa_vrsta-objave-prodaja","17":"entry","18":"has-media","20":"first","21":"instock","22":"shipping-taxable","23":"product-type-simple","24":"has-product-nav","25":"col","26":"span_1_of_3","27":"owp-content-center","28":"owp-thumbs-layout-horizontal","29":"owp-btn-normal","30":"owp-tabs-layout-horizontal"},"acf":[],"jetpack_sharing_enabled":true,"_links":{"self":[{"href":"https:\/\/charta-nekretnine.hr\/en\/wp-json\/wp\/v2\/product\/9002","targetHints":{"allow":["GET"]}}],"collection":[{"href":"https:\/\/charta-nekretnine.hr\/en\/wp-json\/wp\/v2\/product"}],"about":[{"href":"https:\/\/charta-nekretnine.hr\/en\/wp-json\/wp\/v2\/types\/product"}],"wp:featuredmedia":[{"embeddable":true,"href":"https:\/\/charta-nekretnine.hr\/en\/wp-json\/wp\/v2\/media\/9235"}],"wp:attachment":[{"href":"https:\/\/charta-nekretnine.hr\/en\/wp-json\/wp\/v2\/media?parent=9002"}],"wp:term":[{"taxonomy":"product_brand","embeddable":true,"href":"https:\/\/charta-nekretnine.hr\/en\/wp-json\/wp\/v2\/product_brand?post=9002"},{"taxonomy":"product_cat","embeddable":true,"href":"https:\/\/charta-nekretnine.hr\/en\/wp-json\/wp\/v2\/product_cat?post=9002"},{"taxonomy":"product_tag","embeddable":true,"href":"https:\/\/charta-nekretnine.hr\/en\/wp-json\/wp\/v2\/product_tag?post=9002"}],"curies":[{"name":"wp","href":"https:\/\/api.w.org\/{rel}","templated":true}]}}