{"id":9015,"date":"2025-03-31T06:39:45","date_gmt":"2025-03-31T06:39:45","guid":{"rendered":"https:\/\/charta-nekretnine.hr\/?post_type=product&#038;p=9015"},"modified":"2025-09-23T09:32:51","modified_gmt":"2025-09-23T09:32:51","slug":"mobilne-kucice-drage-centar","status":"publish","type":"product","link":"https:\/\/charta-nekretnine.hr\/en\/product\/mobilne-kucice-drage-centar\/","title":{"rendered":"Mobilne ku\u0107ice Drage Centar"},"content":{"rendered":"","protected":false},"excerpt":{"rendered":"<h1>Mobilne ku\u0107ice Drage Centar, kamp Centrum<\/h1>\n<p>Na samo 80 metara od mora i blizu Marine Drage sa kapacitetom od 200 vezova <span class=\"html-span xexx8yu x4uap5 x18d9i69 xkhd6sd x1hl2dhg x16tdsg8 x1vvkbs x3nfvp2 x1j61x8r x1fcty0u xdj266r xat24cr xgzva0m xhhsvwb xxymvpz xlup9mm x1kky2od\"><img decoding=\"async\" class=\"xz74otr x168nmei x13lgxp2 x5pf9jr xo71vjh\" src=\"https:\/\/static.xx.fbcdn.net\/images\/emoji.php\/v9\/t7c\/3\/16\/1f6e5.png\" alt=\"\ud83d\udee5\ufe0f\" width=\"16\" height=\"16\" \/><\/span> u ponudu stavljamo 6 parcela na kojima mo\u017eete kupiti nove, potpuno opremljene mobilne ku\u0107ice.<\/p>\n<p>Tra\u017eite li investiciju koja \u0107e otplatiti samu sebe, kupnjom mobilne ku\u0107ice imate priliku od njezina najma ostvariti povrat u roku od 4 do 6 godina.<\/p>\n<p>Ugovor o zakupu parcele potpisuje se na 10 godina \u0161to vam daje dovoljno vremena da iskoristite potencijal mobilne ku\u0107ice postavljene na ovako atraktivnoj lokaciji.<\/p>\n<figure id=\"attachment_9168\" aria-describedby=\"caption-attachment-9168\" style=\"width: 540px\" class=\"wp-caption aligncenter\"><img fetchpriority=\"high\" decoding=\"async\" class=\"wp-image-9168\" src=\"https:\/\/charta-nekretnine.hr\/wp-content\/uploads\/2025\/03\/Drage-Centar-02.jpg\" alt=\"Moilne ku\u0107ice pogled na more\" width=\"540\" height=\"360\" srcset=\"https:\/\/charta-nekretnine.hr\/wp-content\/uploads\/2025\/03\/Drage-Centar-02.jpg 810w, https:\/\/charta-nekretnine.hr\/wp-content\/uploads\/2025\/03\/Drage-Centar-02-768x512.jpg 768w, https:\/\/charta-nekretnine.hr\/wp-content\/uploads\/2025\/03\/Drage-Centar-02-18x12.jpg 18w, https:\/\/charta-nekretnine.hr\/wp-content\/uploads\/2025\/03\/Drage-Centar-02-600x400.jpg 600w\" sizes=\"(max-width: 540px) 100vw, 540px\" \/><figcaption id=\"caption-attachment-9168\" class=\"wp-caption-text\">Raspored ku\u0107ica omogu\u0107uje pogled na more<\/figcaption><\/figure>\n<h2>Detalji ponude za mobilne ku\u0107ice Drage Centar<\/h2>\n<div class=\"x11i5rnm xat24cr x1mh8g0r x1vvkbs xtlvy1s x126k92a\">\n<ul>\n<li dir=\"auto\">Cijena mobilne ku\u0107ice: 35.000 \u20ac plus pdv<\/li>\n<li dir=\"auto\">Godi\u0161nji pau\u0161al: 6.000 \u20ac<\/li>\n<li dir=\"auto\">Ugovor na 10 godina<\/li>\n<li dir=\"auto\">Produljenje ugovora: mogu\u0107 dogovor<\/li>\n<\/ul>\n<\/div>\n<div class=\"x11i5rnm xat24cr x1mh8g0r x1vvkbs xtlvy1s x126k92a\">\n<ul>\n<li dir=\"auto\">Ku\u0107ica dimenzija 8 x 3 m<\/li>\n<li dir=\"auto\">2 spava\u0107e sobe, kupaonica, kuhinja, dnevni boravak<\/li>\n<li dir=\"auto\">Terasa: natkrivena 8 x 3 m<\/li>\n<\/ul>\n<p>Lokacija kampa ima u neposrednoj blizini:<\/p>\n<ul>\n<li dir=\"auto\">Dje\u010dje igrali\u0161te<\/li>\n<li dir=\"auto\">Trgovine<\/li>\n<li dir=\"auto\">Nekoliko caffe barova<\/li>\n<li dir=\"auto\">3 restorana<\/li>\n<\/ul>\n<\/div>\n<figure id=\"attachment_9016\" aria-describedby=\"caption-attachment-9016\" style=\"width: 640px\" class=\"wp-caption aligncenter\"><img decoding=\"async\" class=\"wp-image-9016\" src=\"https:\/\/charta-nekretnine.hr\/wp-content\/uploads\/2025\/03\/Kamp-Drage-Centar-marina-2.jpg\" alt=\"Kamp Drage Centar - marina Drage\" width=\"640\" height=\"360\" srcset=\"https:\/\/charta-nekretnine.hr\/wp-content\/uploads\/2025\/03\/Kamp-Drage-Centar-marina-2.jpg 960w, https:\/\/charta-nekretnine.hr\/wp-content\/uploads\/2025\/03\/Kamp-Drage-Centar-marina-2-768x432.jpg 768w, https:\/\/charta-nekretnine.hr\/wp-content\/uploads\/2025\/03\/Kamp-Drage-Centar-marina-2-18x10.jpg 18w, https:\/\/charta-nekretnine.hr\/wp-content\/uploads\/2025\/03\/Kamp-Drage-Centar-marina-2-800x450.jpg 800w, https:\/\/charta-nekretnine.hr\/wp-content\/uploads\/2025\/03\/Kamp-Drage-Centar-marina-2-600x338.jpg 600w\" sizes=\"(max-width: 640px) 100vw, 640px\" \/><figcaption id=\"caption-attachment-9016\" class=\"wp-caption-text\">Kamp Drage Centar &#8211; marina Drage<\/figcaption><\/figure>\n<div class=\"x11i5rnm xat24cr x1mh8g0r x1vvkbs xtlvy1s x126k92a\">\n<h2>Lokacija kampa i potencijal najma mobilnih ku\u0107ica<\/h2>\n<\/div>\n<p>Nova lokacija kampa, Drage Centar na atraktivnoj lokaciji idealna je za investitore u mobilne ku\u0107ice koji ciljaju na goste sa brodicama, jedrilicama ili jahtama.<\/p>\n<p>Namjena mobilnih ku\u0107ica prvenstveno je daljnje iznajmljivanje. Ugovor o zakupu parcele na koju dolazi nova mobilna ku\u0107ica potpisuje se na 10 godina \u2013 uz mogu\u0107nost produ\u017eenja.<\/p>\n<p>Kroz investicijski period od 10 godina, od najma u mobilne ku\u0107ice u kampovima se o\u010dekuje povrat ulaganja kroz 4 do 6 godina, a preostali period do isteka ugovora od 10 godina, razdoblje je ostvarenja \u010distog prihoda.*<\/p>\n<p>Prema dosada\u0161njem iskustvu na\u0161ih klijenata, ovaj oblik ulaganja idealan je ako vam je cilj o\u010duvati vrijednost svojih, ve\u0107 postoje\u0107ih financijskih sredstava. Odnosno, ako ne \u017eelite da vam sredstva propadaju uslijed inflacije i drugih negativnih trendova.<\/p>\n<figure id=\"attachment_8920\" aria-describedby=\"caption-attachment-8920\" style=\"width: 640px\" class=\"wp-caption aligncenter\"><img loading=\"lazy\" decoding=\"async\" class=\"wp-image-8920\" src=\"https:\/\/charta-nekretnine.hr\/wp-content\/uploads\/2024\/12\/Naslovna-web-Savjeti-vodic-3-1000x563.jpg\" alt=\"Ulaganje u mobilne ku\u0107ice\" width=\"640\" height=\"360\" srcset=\"https:\/\/charta-nekretnine.hr\/wp-content\/uploads\/2024\/12\/Naslovna-web-Savjeti-vodic-3-1000x563.jpg 1000w, https:\/\/charta-nekretnine.hr\/wp-content\/uploads\/2024\/12\/Naslovna-web-Savjeti-vodic-3-1024x576.jpg 1024w, https:\/\/charta-nekretnine.hr\/wp-content\/uploads\/2024\/12\/Naslovna-web-Savjeti-vodic-3-768x432.jpg 768w, https:\/\/charta-nekretnine.hr\/wp-content\/uploads\/2024\/12\/Naslovna-web-Savjeti-vodic-3-18x10.jpg 18w, https:\/\/charta-nekretnine.hr\/wp-content\/uploads\/2024\/12\/Naslovna-web-Savjeti-vodic-3-800x450.jpg 800w, https:\/\/charta-nekretnine.hr\/wp-content\/uploads\/2024\/12\/Naslovna-web-Savjeti-vodic-3-600x338.jpg 600w, https:\/\/charta-nekretnine.hr\/wp-content\/uploads\/2024\/12\/Naslovna-web-Savjeti-vodic-3.jpg 1280w\" sizes=\"(max-width: 640px) 100vw, 640px\" \/><figcaption id=\"caption-attachment-8920\" class=\"wp-caption-text\">Vodi\u010d ispunjen savjetima za kupnju i ulaganje u mobilne ku\u0107ice<\/figcaption><\/figure>\n<p>Za vas smo pripremili\u00a0<strong><a href=\"https:\/\/charta-nekretnine.hr\/en\/2024\/12\/09\/vodic-za-ulaganje-u-mobilne-kucice\/\" target=\"_blank\" rel=\"noopener\">Vodi\u010d za oprezno ulaganje u mobilne ku\u0107ice<\/a><\/strong> sa mnogobrojnim savjetima koji \u0107e vam pomo\u0107i pri dono\u0161enju odluke o investiranju u projekt \u201cMobilne ku\u0107ice Drage Centar\u201d.<\/p>\n<p>Vlasnici nove mobilne ku\u0107ice Drage Centar mogu tako\u0111er odabrati mje\u0161oviti model upotrebe mobilne ku\u0107ice u kampovima.<\/p>\n<p>Ovime se odlu\u010duju iznajmiti ku\u0107icu koliko je dovoljno da se pokriju osnovni godi\u0161nji tro\u0161kovi, a ostatak vremena koriste ju za vlastite potrebe. Malo za sebe, malo za rodbinu i prijatelje, ovaj model otvara mogu\u0107nost da u\u017eivate u svom smje\u0161taju uz more kad to vama odgovara.<\/p>\n<p>Du\u017eni smo napomenuti da se kupnjom mobilne ku\u0107ice u kampu uz more, ona ne\u0107e iznajmljivati sama od sebe. Iako upravljanje ku\u0107icom nije intezivan i zahtjevan postupak, od vlasnika ku\u0107ica za odmor se o\u010dekuje odre\u0111eni anga\u017eman.<\/p>\n<figure id=\"attachment_9171\" aria-describedby=\"caption-attachment-9171\" style=\"width: 540px\" class=\"wp-caption aligncenter\"><img loading=\"lazy\" decoding=\"async\" class=\"wp-image-9171\" src=\"https:\/\/charta-nekretnine.hr\/wp-content\/uploads\/2025\/03\/jhjps.jpg\" alt=\"Kamp Centrum, mobilne ku\u0107ice\" width=\"540\" height=\"360\" srcset=\"https:\/\/charta-nekretnine.hr\/wp-content\/uploads\/2025\/03\/jhjps.jpg 810w, https:\/\/charta-nekretnine.hr\/wp-content\/uploads\/2025\/03\/jhjps-768x512.jpg 768w, https:\/\/charta-nekretnine.hr\/wp-content\/uploads\/2025\/03\/jhjps-18x12.jpg 18w, https:\/\/charta-nekretnine.hr\/wp-content\/uploads\/2025\/03\/jhjps-600x400.jpg 600w\" sizes=\"(max-width: 540px) 100vw, 540px\" \/><figcaption id=\"caption-attachment-9171\" class=\"wp-caption-text\">Uz ovakav\u00a0 pogled, va\u0161a investicija u mobilne ku\u0107ice \u0107e se isplatiti u razumnom periodu<\/figcaption><\/figure>\n<p>*procjena prihoda od najma utvr\u0111ena je prema pokazateljima u prethodne 3 godine za smje\u0161taj na bliskim lokacijama u mobilnim ku\u0107icama.<\/p>\n<p>Kako bi lak\u0161e donijeli odluku, pogledajte na\u0161\u00a0<strong><a href=\"https:\/\/charta-nekretnine.hr\/en\/2023\/04\/28\/pausal-za-mobilne-kucice-u-kampu\/\" target=\"_blank\" rel=\"noopener\">prikaz tro\u0161kova i pau\u0161ala za mobilne ku\u0107ice<\/a><\/strong>.<\/p>\n<h3>Delux mobilne ku\u0107ice 8 x 3 m (24 m\u00b2) sa terasom 24 m\u00b2<\/h3>\n<p>Moderno ure\u0111ene, ove mobilne ku\u0107ice imaju sve potrebne ure\u0111aje za ugodan boravak i odmor bez naprezanja.<\/p>\n<figure id=\"attachment_9181\" aria-describedby=\"caption-attachment-9181\" style=\"width: 540px\" class=\"wp-caption aligncenter\"><img loading=\"lazy\" decoding=\"async\" class=\"wp-image-9181\" src=\"https:\/\/charta-nekretnine.hr\/wp-content\/uploads\/2025\/03\/pssaiwer333.jpg\" alt=\"Mobilna ku\u0107ica u kampu Centrum\" width=\"540\" height=\"360\" srcset=\"https:\/\/charta-nekretnine.hr\/wp-content\/uploads\/2025\/03\/pssaiwer333.jpg 810w, https:\/\/charta-nekretnine.hr\/wp-content\/uploads\/2025\/03\/pssaiwer333-768x512.jpg 768w, https:\/\/charta-nekretnine.hr\/wp-content\/uploads\/2025\/03\/pssaiwer333-18x12.jpg 18w, https:\/\/charta-nekretnine.hr\/wp-content\/uploads\/2025\/03\/pssaiwer333-600x400.jpg 600w\" sizes=\"(max-width: 540px) 100vw, 540px\" \/><figcaption id=\"caption-attachment-9181\" class=\"wp-caption-text\">Nove, potpuno opremljene mobilne ku\u0107ice<\/figcaption><\/figure>\n<p><strong>Kuhinja<\/strong>\u00a0ima veliki fri\u017eider, perilicu za pranje su\u0111a, plo\u010du za kuhanje i dovoljno prostora za odlaganje kuhinjskog pribora i manjih ure\u0111aja.<\/p>\n<p>Savjetujemo da svojim gostima pru\u017eite dodatan komfor nabavkom mikrovalne i aparata za kavu.<\/p>\n<p>Dvije\u00a0<strong>spava\u0107e sobe<\/strong>\u00a0mogu biti opremljene velikim krevetima ili\u00a0 onima za jednu osobu. Mogu\u0107e je dogovoriti i postavljanje kreveta na kat.<\/p>\n<p><strong>Kupaonica<\/strong>\u00a0je projektirana tako da se iskoristi svaki kvadratni centimetar \u0161to omogu\u0107ava nesmetano kretanje vi\u0161e osoba istovremeno.<\/p>\n<p><strong>Dnevni boravak<\/strong>\u00a0opremljen je kau\u010dem na razvla\u010denje \u0161to mo\u017ee obradovati privremene goste, smart TV-om i klima ure\u0111ajem.<\/p>\n<p><strong>Terasa<\/strong>\u00a0je mjesto okupljanja svih posjetitelja i prostor za unapre\u0111enje usluge smje\u0161taja. Uz vanjsku garnituru za opu\u0161tanje uz lagani vjetri\u0107, na terasu se mo\u017ee postaviti vanjska kuhinja te elektri\u010dni ro\u0161tilj.<\/p>\n<h3>Paket upravljanja za mobilne ku\u0107ice Drage Centar<\/h3>\n<p>Za svaku je od 4 slobodne parcele za mobilne ku\u0107ice mogu\u0107e ugovoriti paket upravljanja koji uklju\u010duje:<\/p>\n<ul>\n<li><strong>\u2022\u00a0<\/strong>iznajmljivanje putem specijaliziranih portala<\/li>\n<li><strong>\u2022\u00a0<\/strong>koordinaciju raspolo\u017eivih termina na svim portalima<\/li>\n<li><strong>\u2022\u00a0<\/strong>check in \/ check out gostiju<\/li>\n<li><strong>\u2022\u00a0<\/strong>uslugu \u010di\u0161\u0107enja ku\u0107ice<\/li>\n<li><strong>\u2022\u00a0<\/strong>izradu web stranice i vo\u0111enje profila na dru\u0161tvenim mre\u017eama<\/li>\n<li><strong>\u2022\u00a0<\/strong>snimanje promo materijala za mobilne ku\u0107ice<\/li>\n<\/ul>\n<p dir=\"auto\">Za sve detalje i informacije o projektu ulaganja u turisti\u010dko iznajmljivanje, na raspolaganju smo vam<\/p>\n<div class=\"x11i5rnm xat24cr x1mh8g0r x1vvkbs xtlvy1s x126k92a\">\n<div dir=\"auto\">+385 (0)91 900 1525<br \/>\n+385 (0)99 366 4412<br \/>\n+385 (0)99 738 5893<br \/>\n+385 (0)95 724 2285<\/div>\n<div dir=\"auto\">info@charta-nekretnine.hr<\/div>\n<\/div>\n<p>&nbsp;<\/p>","protected":false},"featured_media":9182,"template":"","meta":{"_acf_changed":false,"ocean_post_layout":"","ocean_both_sidebars_style":"","ocean_both_sidebars_content_width":0,"ocean_both_sidebars_sidebars_width":0,"ocean_sidebar":"","ocean_second_sidebar":"","ocean_disable_margins":"enable","ocean_add_body_class":"","ocean_shortcode_before_top_bar":"","ocean_shortcode_after_top_bar":"","ocean_shortcode_before_header":"","ocean_shortcode_after_header":"","ocean_has_shortcode":"","ocean_shortcode_after_title":"","ocean_shortcode_before_footer_widgets":"","ocean_shortcode_after_footer_widgets":"","ocean_shortcode_before_footer_bottom":"","ocean_shortcode_after_footer_bottom":"","ocean_display_top_bar":"default","ocean_display_header":"default","ocean_header_style":"","ocean_center_header_left_menu":"","ocean_custom_header_template":"","ocean_custom_logo":0,"ocean_custom_retina_logo":0,"ocean_custom_logo_max_width":0,"ocean_custom_logo_tablet_max_width":0,"ocean_custom_logo_mobile_max_width":0,"ocean_custom_logo_max_height":0,"ocean_custom_logo_tablet_max_height":0,"ocean_custom_logo_mobile_max_height":0,"ocean_header_custom_menu":"","ocean_menu_typo_font_family":"","ocean_menu_typo_font_subset":"","ocean_menu_typo_font_size":0,"ocean_menu_typo_font_size_tablet":0,"ocean_menu_typo_font_size_mobile":0,"ocean_menu_typo_font_size_unit":"px","ocean_menu_typo_font_weight":"","ocean_menu_typo_font_weight_tablet":"","ocean_menu_typo_font_weight_mobile":"","ocean_menu_typo_transform":"","ocean_menu_typo_transform_tablet":"","ocean_menu_typo_transform_mobile":"","ocean_menu_typo_line_height":0,"ocean_menu_typo_line_height_tablet":0,"ocean_menu_typo_line_height_mobile":0,"ocean_menu_typo_line_height_unit":"","ocean_menu_typo_spacing":0,"ocean_menu_typo_spacing_tablet":0,"ocean_menu_typo_spacing_mobile":0,"ocean_menu_typo_spacing_unit":"","ocean_menu_link_color":"","ocean_menu_link_color_hover":"","ocean_menu_link_color_active":"","ocean_menu_link_background":"","ocean_menu_link_hover_background":"","ocean_menu_link_active_background":"","ocean_menu_social_links_bg":"","ocean_menu_social_hover_links_bg":"","ocean_menu_social_links_color":"","ocean_menu_social_hover_links_color":"","ocean_disable_title":"default","ocean_disable_heading":"default","ocean_post_title":"","ocean_post_subheading":"","ocean_post_title_style":"","ocean_post_title_background_color":"","ocean_post_title_background":0,"ocean_post_title_bg_image_position":"","ocean_post_title_bg_image_attachment":"","ocean_post_title_bg_image_repeat":"","ocean_post_title_bg_image_size":"","ocean_post_title_height":0,"ocean_post_title_bg_overlay":0.5,"ocean_post_title_bg_overlay_color":"","ocean_disable_breadcrumbs":"default","ocean_breadcrumbs_color":"","ocean_breadcrumbs_separator_color":"","ocean_breadcrumbs_links_color":"","ocean_breadcrumbs_links_hover_color":"","ocean_display_footer_widgets":"default","ocean_display_footer_bottom":"default","ocean_custom_footer_template":""},"product_brand":[],"product_cat":[18,265],"product_tag":[247,272],"class_list":{"0":"post-9015","1":"product","2":"type-product","3":"status-publish","4":"has-post-thumbnail","6":"product_cat-uncategorized","7":"product_cat-mobilne-kucice","8":"product_tag-prodaja","9":"product_tag-prodaja-mobilnih-kucica","10":"pa_broj-kupaonica-60","11":"pa_broj-spavacih-soba-52","12":"pa_cijena-35-000-plus-pdv","13":"pa_kvadratura-24-24-terasa","14":"pa_mjesto-drage","15":"pa_stanje-objekta-nove-mobilne-kucice","16":"pa_vrsta-objave-prodaja","18":"entry","19":"has-media","21":"first","22":"instock","23":"shipping-taxable","24":"product-type-simple","25":"has-product-nav","26":"col","27":"span_1_of_3","28":"owp-content-center","29":"owp-thumbs-layout-horizontal","30":"owp-btn-normal","31":"owp-tabs-layout-horizontal"},"acf":[],"jetpack_sharing_enabled":true,"_links":{"self":[{"href":"https:\/\/charta-nekretnine.hr\/en\/wp-json\/wp\/v2\/product\/9015","targetHints":{"allow":["GET"]}}],"collection":[{"href":"https:\/\/charta-nekretnine.hr\/en\/wp-json\/wp\/v2\/product"}],"about":[{"href":"https:\/\/charta-nekretnine.hr\/en\/wp-json\/wp\/v2\/types\/product"}],"wp:featuredmedia":[{"embeddable":true,"href":"https:\/\/charta-nekretnine.hr\/en\/wp-json\/wp\/v2\/media\/9182"}],"wp:attachment":[{"href":"https:\/\/charta-nekretnine.hr\/en\/wp-json\/wp\/v2\/media?parent=9015"}],"wp:term":[{"taxonomy":"product_brand","embeddable":true,"href":"https:\/\/charta-nekretnine.hr\/en\/wp-json\/wp\/v2\/product_brand?post=9015"},{"taxonomy":"product_cat","embeddable":true,"href":"https:\/\/charta-nekretnine.hr\/en\/wp-json\/wp\/v2\/product_cat?post=9015"},{"taxonomy":"product_tag","embeddable":true,"href":"https:\/\/charta-nekretnine.hr\/en\/wp-json\/wp\/v2\/product_tag?post=9015"}],"curies":[{"name":"wp","href":"https:\/\/api.w.org\/{rel}","templated":true}]}}