{"id":9103,"date":"2025-06-08T11:05:46","date_gmt":"2025-06-08T11:05:46","guid":{"rendered":"https:\/\/charta-nekretnine.hr\/?post_type=product&#038;p=9103"},"modified":"2026-03-12T12:03:03","modified_gmt":"2026-03-12T12:03:03","slug":"mobilne-kucice-u-view-kampu","status":"publish","type":"product","link":"https:\/\/charta-nekretnine.hr\/en\/product\/mobilne-kucice-u-view-kampu\/","title":{"rendered":"Mobilne ku\u0107ice u View kampu"},"content":{"rendered":"","protected":false},"excerpt":{"rendered":"<h1>Mobilne ku\u0107ice u View kampu<\/h1>\n<p>Na vrhu uzvisine okru\u017eene morem sa dvije strane pripremamo projekt za 2026. godinu.<\/p>\n<p>Mobilne ku\u0107ice u View kampu biti \u0107e okrenute terasom prema moru \u0161to im daje <strong>jedinstven pogled<\/strong> tijekom cijelog dana. Svakog dana kroz \u010ditavu godinu<\/p>\n<figure id=\"attachment_9104\" aria-describedby=\"caption-attachment-9104\" style=\"width: 640px\" class=\"wp-caption aligncenter\"><img fetchpriority=\"high\" decoding=\"async\" class=\"wp-image-9104\" src=\"https:\/\/charta-nekretnine.hr\/wp-content\/uploads\/2025\/06\/Mobilne-kucice-pogled-na-more.jpg\" alt=\"Zalazak sunca mobilne ku\u0107ice\" width=\"640\" height=\"360\" srcset=\"https:\/\/charta-nekretnine.hr\/wp-content\/uploads\/2025\/06\/Mobilne-kucice-pogled-na-more.jpg 960w, https:\/\/charta-nekretnine.hr\/wp-content\/uploads\/2025\/06\/Mobilne-kucice-pogled-na-more-768x432.jpg 768w, https:\/\/charta-nekretnine.hr\/wp-content\/uploads\/2025\/06\/Mobilne-kucice-pogled-na-more-18x10.jpg 18w, https:\/\/charta-nekretnine.hr\/wp-content\/uploads\/2025\/06\/Mobilne-kucice-pogled-na-more-800x450.jpg 800w, https:\/\/charta-nekretnine.hr\/wp-content\/uploads\/2025\/06\/Mobilne-kucice-pogled-na-more-600x338.jpg 600w\" sizes=\"(max-width: 640px) 100vw, 640px\" \/><figcaption id=\"caption-attachment-9104\" class=\"wp-caption-text\">Mobilne ku\u0107ice sa pogledom na more<\/figcaption><\/figure>\n<p>Na atraktivnoj lokaciji za 2026. nude se nove mobilne ku\u0107ice, <strong>potpuno opremljene ku\u0107anskim ure\u0111ajima i namje\u0161tajem<\/strong> po sistemu klju\u010d u ruke.<\/p>\n<p>Mobilne ku\u0107ice u View kampu prvenstveno su namijenjene kao ulaganje u turisti\u010dki smje\u0161taj. Kupnjom mobilne ku\u0107e postajete vlasnikom koji mo\u017ee ku\u0107icu iznajmljivati i time ostvariti dodatan izvor prihoda.<\/p>\n<p>Za parcelu na kojoj se nalazi mobilna ku\u0107ica pla\u0107a se godi\u0161nji pau\u0161al. U na\u0161em blogu pogledajte <strong><a title=\"Pau\u0161al u kampu\" href=\"https:\/\/charta-nekretnine.hr\/en\/2023\/04\/28\/pausal-za-mobilne-kucice-u-kampu\/\" target=\"_blank\" rel=\"noopener\">vi\u0161e o razlozima pla\u0107anja i svrsi pau\u0161ala u kampu<\/a><\/strong>.<\/p>\n<h2>Detalji ponude projekta &#8220;View kamp&#8221;<\/h2>\n<div class=\"x11i5rnm xat24cr x1mh8g0r x1vvkbs xtlvy1s x126k92a\">\n<ul>\n<li dir=\"auto\">Cijena mobilne ku\u0107ice: 38.900 \u20ac plus pdv<\/li>\n<li dir=\"auto\">Godi\u0161nji pau\u0161al: 6.000 \u20ac<\/li>\n<li dir=\"auto\">Ugovor na 10 godina<\/li>\n<li dir=\"auto\">Produljenje ugovora: mogu\u0107 dogovor<\/li>\n<\/ul>\n<\/div>\n<div class=\"x11i5rnm xat24cr x1mh8g0r x1vvkbs xtlvy1s x126k92a\">\n<ul>\n<li dir=\"auto\">Ku\u0107ica dimenzija 8 x 3 m<\/li>\n<li dir=\"auto\">2 spava\u0107e sobe, kupaonica, kuhinja, dnevni boravak<\/li>\n<li dir=\"auto\">Terasa: natkrivena 8 x 4 m<\/li>\n<\/ul>\n<\/div>\n<p>Investicija u mobilne ku\u0107ice u View kampu ima <strong>razuman rok povrata ulo\u017eenog<\/strong>, kroz 5 do 7 godina. O\u010dekivani godi\u0161nji prihod od najma mobilne ku\u0107ice iznosi do 20.000 \u20ac. Ovdje pak nagla\u0161avamo da se radi o prihodima ostvarenim kroz najam mobilne ku\u0107ice i izvan glavne sezone.<\/p>\n<p>Da bi ovaj turisti\u010dko &#8211; investicijski projekt imao pozitivne rezultate, od kupca mobilne ku\u0107ice zahtijeva se odre\u0111eni anga\u017eman. Da vam olak\u0161amo prve korake u iznajmljivanju mobilne ku\u0107ice, za vas smo pripremili opse\u017ean <a title=\"Vodi\u010d za ulaganje u mobilne ku\u0107ice\" href=\"https:\/\/charta-nekretnine.hr\/en\/2024\/12\/09\/vodic-za-ulaganje-u-mobilne-kucice\/\" target=\"_blank\" rel=\"noopener\"><strong>Charta vodi\u010d za razborito ulaganje u mobilne ku\u0107ice<\/strong><\/a>.<\/p>\n<h3>Lokacija kampa<\/h3>\n<p>View kamp se nalazi na blagoj uzvisini u naselju Drage, nedaleko od Pako\u0161tana. Za svaku parcelu predvi\u0111en je parking za goste, a u neposrednoj udaljenosti od ku\u0107ica sa svake strane nalaze se pla\u017ee.<\/p>\n<p>Turisti \u017eeljni opu\u0161tanja \u017dakanj \u0107e znati cijeniti zbog pogleda koji se pru\u017ea na more, a bilo koji avanturisti\u010dki duh potra\u017eit \u0107e uzbu\u0111enja u okolnim atrakcijama.<\/p>\n<p>Brojne biciklisti\u010dke staze, od laganih do brdovito zahtjevnijih, se\u017eu uz obli\u017enje Vransko jezero. Svaki \u0107e odmor upotpuniti organiziran posjet\u00a0<strong><a href=\"https:\/\/www.np-kornati.hr\/index.php?lang=hr\" target=\"_blank\" rel=\"noopener\">Nacionalnom parku Kornati<\/a><\/strong>, Parku prirode Tela\u0161\u0107ica ili nekom od obli\u017enjih naselja i gradova.<\/p>\n<h2>Opremljenost mobilne ku\u0107ice u View kampu<\/h2>\n<p>Potpuna\u00a0<strong>opremljenost ku\u0107anskim ure\u0111ajima<\/strong>\u00a0zna\u010di da mo\u017eete ra\u010dunati na kuhinju sa perilicom posu\u0111a, velikim hladnjakom sa ledenicom te staklokerami\u010dkom plo\u010dom za kuhanje.<\/p>\n<p>Elementi za pohranu pribora za jelo i malih kuhinjskih ure\u0111aja dovoljno su veliki za potrebe va\u0161ih gostiju \u2013 od parova do cijelih obitelji.<\/p>\n<figure id=\"attachment_9105\" aria-describedby=\"caption-attachment-9105\" style=\"width: 607px\" class=\"wp-caption aligncenter\"><img decoding=\"async\" class=\"wp-image-9105\" src=\"https:\/\/charta-nekretnine.hr\/wp-content\/uploads\/2025\/06\/Tlocrt.jpg\" alt=\"Tlocrt mobilne ku\u0107ice u view kampu\" width=\"607\" height=\"360\" srcset=\"https:\/\/charta-nekretnine.hr\/wp-content\/uploads\/2025\/06\/Tlocrt.jpg 910w, https:\/\/charta-nekretnine.hr\/wp-content\/uploads\/2025\/06\/Tlocrt-768x456.jpg 768w, https:\/\/charta-nekretnine.hr\/wp-content\/uploads\/2025\/06\/Tlocrt-18x12.jpg 18w, https:\/\/charta-nekretnine.hr\/wp-content\/uploads\/2025\/06\/Tlocrt-600x356.jpg 600w\" sizes=\"(max-width: 607px) 100vw, 607px\" \/><figcaption id=\"caption-attachment-9105\" class=\"wp-caption-text\">Prikaz interijera mobilne ku\u0107ice u View kampu<\/figcaption><\/figure>\n<p>Na raspolaganju vam je odabir interijera sa 2 kupaonice, a spava\u0107e sobe mo\u017eete opremiti krevetima na kat, odvojenim krevetima ili velikim krevetom za dvije osobe.<\/p>\n<p>Moderno ure\u0111ene, ove mobilne ku\u0107ice sa pogledom na more opremljene su svim potrebnim ure\u0111ajima za ugodan boravak i odmor bez naprezanja.<\/p>\n<p><strong>Kuhinja<\/strong>\u00a0ima veliki fri\u017eider, perilicu za pranje su\u0111a, plo\u010du za kuhanje i dovoljno prostora za odlaganje kuhinjskog pribora i manjih ure\u0111aja.<\/p>\n<p>Savjetujemo da svojim gostima pru\u017eite dodatan komfor nabavkom mikrovalne i aparata za kavu.<\/p>\n<p><strong>Kupaonica<\/strong>\u00a0je pravo \u010dudo rasporeda elemenata i galanterije. Svaki kvadratni centimetar iskori\u0161ten je da omogu\u0107i nesmetano kretanje vi\u0161e osoba istovremeno.<\/p>\n<p><strong>Dnevni boravak<\/strong>\u00a0opremljen je kau\u010dem na razvla\u010denje \u0161to mo\u017ee obradovati privremene goste, smart TV-om i klima ure\u0111ajem.<\/p>\n<figure id=\"attachment_9039\" aria-describedby=\"caption-attachment-9039\" style=\"width: 640px\" class=\"wp-caption aligncenter\"><img decoding=\"async\" class=\"wp-image-9039\" src=\"https:\/\/charta-nekretnine.hr\/wp-content\/uploads\/2025\/04\/naslovna-1000x563.jpg\" alt=\"Investicijom do jeftine mobilne ku\u0107ice\" width=\"640\" height=\"360\" srcset=\"https:\/\/charta-nekretnine.hr\/wp-content\/uploads\/2025\/04\/naslovna-1000x563.jpg 1000w, https:\/\/charta-nekretnine.hr\/wp-content\/uploads\/2025\/04\/naslovna-1024x576.jpg 1024w, https:\/\/charta-nekretnine.hr\/wp-content\/uploads\/2025\/04\/naslovna-768x432.jpg 768w, https:\/\/charta-nekretnine.hr\/wp-content\/uploads\/2025\/04\/naslovna-18x10.jpg 18w, https:\/\/charta-nekretnine.hr\/wp-content\/uploads\/2025\/04\/naslovna-800x450.jpg 800w, https:\/\/charta-nekretnine.hr\/wp-content\/uploads\/2025\/04\/naslovna-600x338.jpg 600w, https:\/\/charta-nekretnine.hr\/wp-content\/uploads\/2025\/04\/naslovna.jpg 1280w\" sizes=\"(max-width: 640px) 100vw, 640px\" \/><figcaption id=\"caption-attachment-9039\" class=\"wp-caption-text\">Mobilne ku\u0107ice u kampu<\/figcaption><\/figure>\n<p><strong>Terasa<\/strong>\u00a0je mjesto okupljanja svih posjetitelja i prostor za unapre\u0111enje usluge smje\u0161taja. Uz vanjsku garnituru za opu\u0161tanje uz lagani vjetri\u0107, na terasu se mo\u017ee postaviti vanjska kuhinja te el. gril.<\/p>\n<p>Pru\u017eite svojim gostima iskustvo zajedni\u010dkih obroka na svje\u017eem zraku i rashla\u0111ene prostorije unutar mobilne ku\u0107ice.<\/p>\n<h3>Paket upravljanja za mobilne ku\u0107ice u View kampu<\/h3>\n<p>Za svaku je mobilnu ku\u0107icu mogu\u0107e ugovoriti paket upravljanja koji uklju\u010duje:<\/p>\n<ul>\n<li><strong>\u2022\u00a0<\/strong>iznajmljivanje putem specijaliziranih portala<\/li>\n<li><strong>\u2022\u00a0<\/strong>koordinaciju raspolo\u017eivih termina na svim portalima<\/li>\n<li><strong>\u2022\u00a0<\/strong>check in \/ check out gostiju<\/li>\n<li><strong>\u2022\u00a0<\/strong>uslugu \u010di\u0161\u0107enja ku\u0107ice<\/li>\n<li><strong>\u2022\u00a0<\/strong>izradu web stranice i vo\u0111enje profila na dru\u0161tvenim mre\u017eama<\/li>\n<li><strong>\u2022\u00a0<\/strong>snimanje promo materijala za mobilne ku\u0107ice<\/li>\n<\/ul>\n<p>Za vas predstavljamo\u00a0<strong><a href=\"https:\/\/charta-nekretnine.hr\/en\/prodaja-mobilne-kucice\/\" target=\"_blank\" rel=\"noopener\">ponudu ostalih lokacija<\/a><\/strong>\u00a0na kojima mo\u017eete kupiti i postaviti mobilnu ku\u0107icu te zapo\u010deti sa ostvarivanjem prihoda od turisti\u010dkog iznajmljivanja.<\/p>\n<h3>\u010cesta pitanja i odgovori vezani uz ulaganje u mobilne ku\u0107ice<\/h3>\n<div class=\"x11i5rnm xat24cr x1mh8g0r x1vvkbs xtlvy1s x126k92a\">\n<p dir=\"auto\">Zanima li vas investicija u mobilne ku\u0107ice u View kampu, sigurno \u017eelite znati odgovore na sljede\u0107a pitanja:<\/p>\n<\/div>\n<div class=\"x11i5rnm xat24cr x1mh8g0r x1vvkbs xtlvy1s x126k92a\">\n<div dir=\"auto\"><span class=\"x3nfvp2 x1j61x8r x1fcty0u xdj266r xhhsvwb xat24cr xgzva0m xxymvpz xlup9mm x1kky2od\"><img loading=\"lazy\" decoding=\"async\" class=\"xz74otr\" src=\"https:\/\/static.xx.fbcdn.net\/images\/emoji.php\/v9\/t72\/3\/16\/1f518.png\" alt=\"\ud83d\udd18\" width=\"16\" height=\"16\" \/><\/span>\u00a0\u0160to je pau\u0161al?<\/div>\n<div dir=\"auto\"><span class=\"x3nfvp2 x1j61x8r x1fcty0u xdj266r xhhsvwb xat24cr xgzva0m xxymvpz xlup9mm x1kky2od\"><img loading=\"lazy\" decoding=\"async\" class=\"xz74otr\" src=\"https:\/\/static.xx.fbcdn.net\/images\/emoji.php\/v9\/t8f\/3\/16\/2611.png\" alt=\"\u2611\ufe0f\" width=\"16\" height=\"16\" \/><\/span>\u00a0Godi\u0161nja naknada za kori\u0161tenje parcele koja se pla\u0107a vlasniku kampa<\/div>\n<\/div>\n<div class=\"x11i5rnm xat24cr x1mh8g0r x1vvkbs xtlvy1s x126k92a\">\n<div dir=\"auto\">\n<hr \/>\n<\/div>\n<\/div>\n<div class=\"x11i5rnm xat24cr x1mh8g0r x1vvkbs xtlvy1s x126k92a\">\n<div dir=\"auto\"><span class=\"x3nfvp2 x1j61x8r x1fcty0u xdj266r xhhsvwb xat24cr xgzva0m xxymvpz xlup9mm x1kky2od\"><img loading=\"lazy\" decoding=\"async\" class=\"xz74otr\" src=\"https:\/\/static.xx.fbcdn.net\/images\/emoji.php\/v9\/t72\/3\/16\/1f518.png\" alt=\"\ud83d\udd18\" width=\"16\" height=\"16\" \/><\/span>\u00a0Za koliko mogu vratiti ulo\u017eeno?<\/div>\n<div dir=\"auto\"><span class=\"x3nfvp2 x1j61x8r x1fcty0u xdj266r xhhsvwb xat24cr xgzva0m xxymvpz xlup9mm x1kky2od\"><img loading=\"lazy\" decoding=\"async\" class=\"xz74otr\" src=\"https:\/\/static.xx.fbcdn.net\/images\/emoji.php\/v9\/t8f\/3\/16\/2611.png\" alt=\"\u2611\ufe0f\" width=\"16\" height=\"16\" \/><\/span> O\u010dekivani povrat investicije je 5 do 7 godina<\/div>\n<\/div>\n<div class=\"x11i5rnm xat24cr x1mh8g0r x1vvkbs xtlvy1s x126k92a\">\n<div dir=\"auto\">\n<hr \/>\n<\/div>\n<div dir=\"auto\"><span class=\"x3nfvp2 x1j61x8r x1fcty0u xdj266r xhhsvwb xat24cr xgzva0m xxymvpz xlup9mm x1kky2od\"><img loading=\"lazy\" decoding=\"async\" class=\"xz74otr\" src=\"https:\/\/static.xx.fbcdn.net\/images\/emoji.php\/v9\/t72\/3\/16\/1f518.png\" alt=\"\ud83d\udd18\" width=\"16\" height=\"16\" \/><\/span>\u00a0Mogu li boraviti u mobilnoj ku\u0107ici?<\/div>\n<div dir=\"auto\"><span class=\"x3nfvp2 x1j61x8r x1fcty0u xdj266r xhhsvwb xat24cr xgzva0m xxymvpz xlup9mm x1kky2od\"><img loading=\"lazy\" decoding=\"async\" class=\"xz74otr\" src=\"https:\/\/static.xx.fbcdn.net\/images\/emoji.php\/v9\/t8f\/3\/16\/2611.png\" alt=\"\u2611\ufe0f\" width=\"16\" height=\"16\" \/><\/span>\u00a0Naravno, mo\u017eete kombinirati najam ku\u0107ice, boraviti u njoj ili pozvati prijatelje i rodbinu da odsjednu u njoj?<\/div>\n<\/div>\n<div class=\"x11i5rnm xat24cr x1mh8g0r x1vvkbs xtlvy1s x126k92a\">\n<div dir=\"auto\">\n<hr \/>\n<\/div>\n<div dir=\"auto\"><span class=\"x3nfvp2 x1j61x8r x1fcty0u xdj266r xhhsvwb xat24cr xgzva0m xxymvpz xlup9mm x1kky2od\"><img loading=\"lazy\" decoding=\"async\" class=\"xz74otr\" src=\"https:\/\/static.xx.fbcdn.net\/images\/emoji.php\/v9\/t72\/3\/16\/1f518.png\" alt=\"\ud83d\udd18\" width=\"16\" height=\"16\" \/><\/span> \u010cije su vlasni\u0161tvo ove mobilne ku\u0107ice u View kampu ?<\/div>\n<div dir=\"auto\"><span class=\"x3nfvp2 x1j61x8r x1fcty0u xdj266r xhhsvwb xat24cr xgzva0m xxymvpz xlup9mm x1kky2od\"><img loading=\"lazy\" decoding=\"async\" class=\"xz74otr\" src=\"https:\/\/static.xx.fbcdn.net\/images\/emoji.php\/v9\/t8f\/3\/16\/2611.png\" alt=\"\u2611\ufe0f\" width=\"16\" height=\"16\" \/><\/span>\u00a0Va\u0161e! Velika je prednost ovog na\u010dina investiranja \u0161to ku\u0107icu mo\u017eete prodati i time jo\u0161 pove\u0107ati svoju dobit.<\/div>\n<\/div>\n<div class=\"x11i5rnm xat24cr x1mh8g0r x1vvkbs xtlvy1s x126k92a\">\n<div dir=\"auto\">\n<hr \/>\n<\/div>\n<div dir=\"auto\"><span class=\"x3nfvp2 x1j61x8r x1fcty0u xdj266r xhhsvwb xat24cr xgzva0m xxymvpz xlup9mm x1kky2od\"><img loading=\"lazy\" decoding=\"async\" class=\"xz74otr\" src=\"https:\/\/static.xx.fbcdn.net\/images\/emoji.php\/v9\/t72\/3\/16\/1f518.png\" alt=\"\ud83d\udd18\" width=\"16\" height=\"16\" \/><\/span>\u00a0Da li je i parcela u kampu moja?<\/div>\n<div dir=\"auto\"><span class=\"x3nfvp2 x1j61x8r x1fcty0u xdj266r xhhsvwb xat24cr xgzva0m xxymvpz xlup9mm x1kky2od\"><img loading=\"lazy\" decoding=\"async\" class=\"xz74otr\" src=\"https:\/\/static.xx.fbcdn.net\/images\/emoji.php\/v9\/t8f\/3\/16\/2611.png\" alt=\"\u2611\ufe0f\" width=\"16\" height=\"16\" \/><\/span>\u00a0Ne! Zemlji\u0161te kampa privatno je vlasni\u0161tvo koje se daje u zakup na odre\u0111eni broj godina.<\/div>\n<\/div>\n<div class=\"x11i5rnm xat24cr x1mh8g0r x1vvkbs xtlvy1s x126k92a\">\n<div dir=\"auto\">\n<hr \/>\n<\/div>\n<div dir=\"auto\"><span class=\"x3nfvp2 x1j61x8r x1fcty0u xdj266r xhhsvwb xat24cr xgzva0m xxymvpz xlup9mm x1kky2od\"><img loading=\"lazy\" decoding=\"async\" class=\"xz74otr\" src=\"https:\/\/static.xx.fbcdn.net\/images\/emoji.php\/v9\/t72\/3\/16\/1f518.png\" alt=\"\ud83d\udd18\" width=\"16\" height=\"16\" \/><\/span> Isplati li se ulagati u mobilne ku\u0107ice u View kampu?<\/div>\n<div dir=\"auto\">\n<p><span class=\"x3nfvp2 x1j61x8r x1fcty0u xdj266r xhhsvwb xat24cr xgzva0m xxymvpz xlup9mm x1kky2od\"><img loading=\"lazy\" decoding=\"async\" class=\"xz74otr\" src=\"https:\/\/static.xx.fbcdn.net\/images\/emoji.php\/v9\/t8f\/3\/16\/2611.png\" alt=\"\u2611\ufe0f\" width=\"16\" height=\"16\" \/><\/span>\u00a0Nazovite nas i saznajte detalje na\u0161e ponude!<\/p>\n<\/div>\n<\/div>\n<p dir=\"auto\">Za sve detalje i informacije o projektu \u201cMobilne ku\u0107ice u View kampu\u201d i ulaganju u turisti\u010dko iznajmljivanje, na raspolaganju smo vam na:<\/p>\n<div class=\"x11i5rnm xat24cr x1mh8g0r x1vvkbs xtlvy1s x126k92a\">\n<div dir=\"auto\">+385 (0)91 900 1525<br \/>\n+385 (0)99 366 4412<br \/>\n+385 (0)99 738 5893<br \/>\n+385 (0)95 724 2285<\/div>\n<div dir=\"auto\">info@charta-nekretnine.hr<\/div>\n<\/div>","protected":false},"featured_media":9107,"template":"","meta":{"_acf_changed":false,"ocean_post_layout":"","ocean_both_sidebars_style":"","ocean_both_sidebars_content_width":0,"ocean_both_sidebars_sidebars_width":0,"ocean_sidebar":"","ocean_second_sidebar":"","ocean_disable_margins":"enable","ocean_add_body_class":"","ocean_shortcode_before_top_bar":"","ocean_shortcode_after_top_bar":"","ocean_shortcode_before_header":"","ocean_shortcode_after_header":"","ocean_has_shortcode":"","ocean_shortcode_after_title":"","ocean_shortcode_before_footer_widgets":"","ocean_shortcode_after_footer_widgets":"","ocean_shortcode_before_footer_bottom":"","ocean_shortcode_after_footer_bottom":"","ocean_display_top_bar":"default","ocean_display_header":"default","ocean_header_style":"","ocean_center_header_left_menu":"","ocean_custom_header_template":"","ocean_custom_logo":0,"ocean_custom_retina_logo":0,"ocean_custom_logo_max_width":0,"ocean_custom_logo_tablet_max_width":0,"ocean_custom_logo_mobile_max_width":0,"ocean_custom_logo_max_height":0,"ocean_custom_logo_tablet_max_height":0,"ocean_custom_logo_mobile_max_height":0,"ocean_header_custom_menu":"","ocean_menu_typo_font_family":"","ocean_menu_typo_font_subset":"","ocean_menu_typo_font_size":0,"ocean_menu_typo_font_size_tablet":0,"ocean_menu_typo_font_size_mobile":0,"ocean_menu_typo_font_size_unit":"px","ocean_menu_typo_font_weight":"","ocean_menu_typo_font_weight_tablet":"","ocean_menu_typo_font_weight_mobile":"","ocean_menu_typo_transform":"","ocean_menu_typo_transform_tablet":"","ocean_menu_typo_transform_mobile":"","ocean_menu_typo_line_height":0,"ocean_menu_typo_line_height_tablet":0,"ocean_menu_typo_line_height_mobile":0,"ocean_menu_typo_line_height_unit":"","ocean_menu_typo_spacing":0,"ocean_menu_typo_spacing_tablet":0,"ocean_menu_typo_spacing_mobile":0,"ocean_menu_typo_spacing_unit":"","ocean_menu_link_color":"","ocean_menu_link_color_hover":"","ocean_menu_link_color_active":"","ocean_menu_link_background":"","ocean_menu_link_hover_background":"","ocean_menu_link_active_background":"","ocean_menu_social_links_bg":"","ocean_menu_social_hover_links_bg":"","ocean_menu_social_links_color":"","ocean_menu_social_hover_links_color":"","ocean_disable_title":"default","ocean_disable_heading":"default","ocean_post_title":"","ocean_post_subheading":"","ocean_post_title_style":"","ocean_post_title_background_color":"","ocean_post_title_background":0,"ocean_post_title_bg_image_position":"","ocean_post_title_bg_image_attachment":"","ocean_post_title_bg_image_repeat":"","ocean_post_title_bg_image_size":"","ocean_post_title_height":0,"ocean_post_title_bg_overlay":0.5,"ocean_post_title_bg_overlay_color":"","ocean_disable_breadcrumbs":"default","ocean_breadcrumbs_color":"","ocean_breadcrumbs_separator_color":"","ocean_breadcrumbs_links_color":"","ocean_breadcrumbs_links_hover_color":"","ocean_display_footer_widgets":"default","ocean_display_footer_bottom":"default","ocean_custom_footer_template":""},"product_brand":[],"product_cat":[265],"product_tag":[272],"class_list":{"0":"post-9103","1":"product","2":"type-product","3":"status-publish","4":"has-post-thumbnail","6":"product_cat-mobilne-kucice","7":"product_tag-prodaja-mobilnih-kucica","8":"pa_broj-kupaonica-60","9":"pa_broj-spavacih-soba-52","10":"pa_cijena-38-900-pdv","11":"pa_kvadratura-24m2-32m2-terasa","12":"pa_mjesto-drage-zakanj","13":"pa_stanje-objekta-nove-mobilne-kucice","14":"pa_vrsta-objave-prodaja","16":"entry","17":"has-media","19":"first","20":"instock","21":"shipping-taxable","22":"product-type-simple","23":"has-product-nav","24":"col","25":"span_1_of_3","26":"owp-content-center","27":"owp-thumbs-layout-horizontal","28":"owp-btn-normal","29":"owp-tabs-layout-horizontal"},"acf":[],"jetpack_sharing_enabled":true,"_links":{"self":[{"href":"https:\/\/charta-nekretnine.hr\/en\/wp-json\/wp\/v2\/product\/9103","targetHints":{"allow":["GET"]}}],"collection":[{"href":"https:\/\/charta-nekretnine.hr\/en\/wp-json\/wp\/v2\/product"}],"about":[{"href":"https:\/\/charta-nekretnine.hr\/en\/wp-json\/wp\/v2\/types\/product"}],"wp:featuredmedia":[{"embeddable":true,"href":"https:\/\/charta-nekretnine.hr\/en\/wp-json\/wp\/v2\/media\/9107"}],"wp:attachment":[{"href":"https:\/\/charta-nekretnine.hr\/en\/wp-json\/wp\/v2\/media?parent=9103"}],"wp:term":[{"taxonomy":"product_brand","embeddable":true,"href":"https:\/\/charta-nekretnine.hr\/en\/wp-json\/wp\/v2\/product_brand?post=9103"},{"taxonomy":"product_cat","embeddable":true,"href":"https:\/\/charta-nekretnine.hr\/en\/wp-json\/wp\/v2\/product_cat?post=9103"},{"taxonomy":"product_tag","embeddable":true,"href":"https:\/\/charta-nekretnine.hr\/en\/wp-json\/wp\/v2\/product_tag?post=9103"}],"curies":[{"name":"wp","href":"https:\/\/api.w.org\/{rel}","templated":true}]}}