{"id":9183,"date":"2025-09-24T15:49:38","date_gmt":"2025-09-24T15:49:38","guid":{"rendered":"https:\/\/charta-nekretnine.hr\/?post_type=product&#038;p=9183"},"modified":"2026-03-12T12:17:19","modified_gmt":"2026-03-12T12:17:19","slug":"mobilne-kucice-sveti-petar-na-moru","status":"publish","type":"product","link":"https:\/\/charta-nekretnine.hr\/en\/product\/mobilne-kucice-sveti-petar-na-moru\/","title":{"rendered":"Mobilne ku\u0107ice Sveti Petar na Moru, kupi i rentaj"},"content":{"rendered":"","protected":false},"excerpt":{"rendered":"<h1>Mobilne ku\u0107ice Sveti Petar na Moru<\/h1>\n<p>More, sunce, mirno mjesta\u0161ce i privla\u010dan pau\u0161al &#8211; recept je to koji vam daje priliku da u\u0111ete u svijet investicije u mobilne ku\u0107ice pod povoljnim uvjetima.<\/p>\n<p>U Sv. Petru na Moru otvaramo novi projekt &#8220;\ud835\udde9\ud835\uddf6\ud835\ude01\ud835\uddee \ud835\uddf8\ud835\uddee\ud835\uddfa\ud835\uddfd&#8221; gdje mo\u017eete kupiti novu, potpuno opremljenu mobilnu ku\u0107icu i pokrenuti svoj turisti\u010dki projekt iznajmljivanja ku\u0107ice.<\/p>\n<p>Glavna prednost ovog projekta je visina pau\u0161ala koja \u0107e vam olak\u0161ati po\u010detak ulaganja i skratiti vrijeme za povrat ulo\u017eenog.<\/p>\n<p>Tra\u017eite li priliku ulo\u017eiti u smje\u0161tajne jedinice sa visokim potencijalom povrata investicije, kamp Vita nudi lokaciju za u\u017eivanje tijekom cijele godine.<\/p>\n<p><span class=\"html-span xdj266r x11i5rnm xat24cr x1mh8g0r xexx8yu x4uap5 x18d9i69 xkhd6sd x1hl2dhg x16tdsg8 x1vvkbs\"><a class=\"x1i10hfl xjbqb8w x1ejq31n xd10rxx x1sy0etr x17r0tee x972fbf xcfux6l x1qhh985 xm0m39n x9f619 x1ypdohk xt0psk2 xe8uvvx xdj266r x11i5rnm xat24cr x1mh8g0r xexx8yu x4uap5 x18d9i69 xkhd6sd x16tdsg8 x1hl2dhg xggy1nq x1a2a7pz x1sur9pj xkrqix3 x1fey0fg xo1l8bm\" tabindex=\"0\" role=\"link\" href=\"https:\/\/www.facebook.com\/ChartaMobileHomes?__cft__[0]=AZVnRKJg32Cjd9OeHUM1AYTnIsP6Pp1JSjc6h1racgL9GRURc81-NemTGGsgHx7hpm2NhUqShOp0x9-QTEM2xbha6c6DzwxFvE--khAoMyNZoK7Lwj4qFAVm83DVWaoBvWsr1OMZuX_NXKsjVMnvxh8TiONevGAVpRoyeKJnzOXbkTl4ns49wVD9vf38Oq7CupEv-qSUo3kzvDIImZRmOAXR&amp;__tn__=-]K-R\" target=\"_blank\" rel=\"noopener\"><span class=\"xt0psk2\"><strong>Charta Mobile Homes<\/strong><\/span><\/a><\/span>\u00a0partner je Hosekra Homes za postavljenje mobilnih ku\u0107ica u Hrvatskoj.<\/p>\n<h2>Detalji ponude projekta \u201cMobilne ku\u0107ice Sveti Petar na Moru\u201d<\/h2>\n<div class=\"x11i5rnm xat24cr x1mh8g0r x1vvkbs xtlvy1s x126k92a\">\n<div dir=\"auto\">\n<ul>\n<li><strong>\u2022\u00a0<\/strong>Cijena mobilne ku\u0107ice model 24 m\u00b2: 36.000 \u20ac plus pdv<\/li>\n<li><strong>\u2022\u00a0<\/strong>Godi\u0161nji pau\u0161al: 4.500 \u20ac<\/li>\n<li><strong>\u2022\u00a0<\/strong>Ugovor na 10 godina<\/li>\n<li><strong>\u2022\u00a0<\/strong>Produljenje ugovora: mogu\u0107 dogovor<\/li>\n<\/ul>\n<hr \/>\n<ul>\n<li><strong>\u2022\u00a0<\/strong>Udaljenost od mora: 100 metara<\/li>\n<li><strong>\u2022\u00a0<\/strong>Pristup ku\u0107icama: cijele godine<\/li>\n<li><strong>\u2022<\/strong>\u00a0Terasa: natkrivena, po dogovoru ogra\u0111ena<\/li>\n<li><strong>\u2022\u00a0<\/strong>Stanje mobilne ku\u0107ice: nova, potpuno opremljena i ure\u0111ena<\/li>\n<li><strong>\u2022\u00a0<\/strong>Osiguran parking<\/li>\n<\/ul>\n<\/div>\n<\/div>\n<p dir=\"auto\">Mobilne ku\u0107ice se prodaju po sistemu klju\u010d u ruke, a na\u0161a usluga uklju\u010duje:<\/p>\n<div class=\"x11i5rnm xat24cr x1mh8g0r x1vvkbs xtlvy1s x126k92a\">\n<ul>\n<li dir=\"auto\">\u2022 Potpuno opremljenu i namje\u0161tenu mobilnu ku\u0107icu<\/li>\n<li dir=\"auto\">\u2022 Organiziran prijevoz i postavljanje ku\u0107ice<\/li>\n<li dir=\"auto\">\u2022 Natkrivenu terasu<br \/>\n<hr \/>\n<\/li>\n<li dir=\"auto\">\u2022 Monta\u017eu terase<\/li>\n<li dir=\"auto\">\u2022 Pripremljena parcela sa priklju\u010dcima<\/li>\n<li dir=\"auto\">\u2022 Spajanje ku\u0107ice na priklju\u010dke<\/li>\n<\/ul>\n<\/div>\n<h2>Turisti\u010dko \u2013 investicijsko poja\u0161njenje projekta \u201cVita kamp\u201d<\/h2>\n<p>Namjena mobilnih ku\u0107ica prvenstveno je daljnje iznajmljivanje. Ugovor o zakupu parcele na koju dolazi nova mobilna ku\u0107ica potpisuje se na 10 godina \u2013 uz mogu\u0107nost produ\u017eenja.<\/p>\n<p>Kroz investicijski period od 10 godina, od najma u mobilne ku\u0107ice u kampovima se o\u010dekuje povrat ulaganja kroz 4 do 6 godina, a preostali period do isteka ugovora od 10 godina, razdoblje je ostvarenja \u010distog prihoda.*<\/p>\n<p>Prema dosada\u0161njem iskustvu na\u0161ih klijenata, ovaj oblik ulaganja idealan je ako vam je cilj o\u010duvati vrijednost svojih, ve\u0107 postoje\u0107ih financijskih sredstava. Odnosno, ako ne \u017eelite da vam sredstva propadaju uslijed inflacije i drugih negativnih trendova.<\/p>\n<p>Kako bi lak\u0161e donijeli odluku, pogledajte na\u0161\u00a0<strong><a href=\"https:\/\/charta-nekretnine.hr\/en\/2023\/04\/28\/pausal-za-mobilne-kucice-u-kampu\/\" target=\"_blank\" rel=\"noopener\">prikaz tro\u0161kova i pau\u0161ala za mobilne ku\u0107ice<\/a><\/strong>.<\/p>\n<p>Vlasnici svake mobilne ku\u0107ice Sveti Petar na Moru mogu tako\u0111er odabrati mje\u0161oviti model upotrebe mobilne ku\u0107ice u kampovima.<\/p>\n<p>Ovime se odlu\u010duju iznajmiti ku\u0107icu koliko je dovoljno da se pokriju osnovni godi\u0161nji tro\u0161kovi, a ostatak vremena koriste ju za vlastite potrebe. Malo za sebe, malo za rodbinu i prijatelje, ovaj model otvara mogu\u0107nost da u\u017eivate u svom smje\u0161taju uz more kad to vama odgovara.<\/p>\n<p>Du\u017eni smo napomenuti da se kupnjom mobilne ku\u0107ice u kampovima, ona ne\u0107e iznajmljivati sama od sebe. Iako upravljanje ku\u0107icom nije intezivan i zahtjevan postupak, od vlasnika ku\u0107ica za odmor se o\u010dekuje odre\u0111eni anga\u017eman.<\/p>\n<p>*procjena prihoda od najma utvr\u0111ena je prema pokazateljima u prethodne 3 godine za smje\u0161taj na bliskim lokacijama u mobilnim ku\u0107icama.<\/p>\n<h3>Godi\u0161nji pau\u0161al za mobilne ku\u0107ice Sveti Petar na Moru<\/h3>\n<p>Ovom prilikom \u017eelimo istaknuti posebnu ponudu. Imate priliku odabrati lokaciju za va\u0161u mobilnu ku\u0107icu na 100 metara od mora uz, prema va\u0161im upitima, povoljniji pau\u0161al.<\/p>\n<p>Iznos <strong>godi\u0161njeg pau\u0161ala je 4.500 \u20ac<\/strong><\/p>\n<p>Ugovor se potpisuje na 10 godina.\u00a0 S obzirom na iskustvo sa drugim lokacijama na kojima smo prisutni vi\u0161e od 5 godina, pau\u0161al od 4.500 \u20ac se ne\u0107e bitno promijeniti u ugovornom razdoblju od 10 godina.<\/p>\n<h3>Paket upravljanja za mobilne ku\u0107ice<\/h3>\n<p>Ako ste u poziciji da ne mo\u017eete stalno biti prisutni uz mobilnu ku\u0107icu, mogu\u0107e je ugovoriti paket upravljanja koji uklju\u010duje:<\/p>\n<ul>\n<li><strong>\u2022\u00a0<\/strong>koordinaciju raspolo\u017eivih termina na svim portalima<br \/>\n<hr \/>\n<\/li>\n<li><strong>\u2022\u00a0<\/strong>check in \/ check out gostiju<\/li>\n<li><strong>\u2022\u00a0<\/strong>uslugu \u010di\u0161\u0107enja ku\u0107ice<br \/>\n<hr \/>\n<\/li>\n<li><strong>\u2022\u00a0<\/strong>izradu web stranice i vo\u0111enje profila na dru\u0161tvenim mre\u017eama<\/li>\n<li><strong>\u2022\u00a0<\/strong>snimanje promo materijala za mobilne ku\u0107ice<\/li>\n<\/ul>\n<p>Za vas predstavljamo\u00a0<strong><a href=\"https:\/\/charta-nekretnine.hr\/en\/prodaja-mobilne-kucice\/\" target=\"_blank\" rel=\"noopener\">ponudu ostalih lokacija<\/a><\/strong>\u00a0na kojima mo\u017eete kupiti i postaviti mobilnu ku\u0107icu te zapo\u010deti sa zara\u0111ivanjem od turisti\u010dkog iznajmljivanja.<\/p>\n<p>Za sve dodatne infomacije vezano uz mobilne ku\u0107ice Sveti Petar na Moru te na\u010din poslovanja, obratite se na\u0161em stru\u010dnom timu.<\/p>\n<ul>\n<li>+385 (0)91 900 1525<\/li>\n<li>+385 (0)99 366 4412<\/li>\n<li>+385 (0)99 738 5893<\/li>\n<li>+385 (0)95 724 2285<\/li>\n<\/ul>\n<p>Mail: info@charta-nekretnine.hr<\/p>","protected":false},"featured_media":9184,"template":"","meta":{"_acf_changed":false,"ocean_post_layout":"","ocean_both_sidebars_style":"","ocean_both_sidebars_content_width":0,"ocean_both_sidebars_sidebars_width":0,"ocean_sidebar":"","ocean_second_sidebar":"","ocean_disable_margins":"enable","ocean_add_body_class":"","ocean_shortcode_before_top_bar":"","ocean_shortcode_after_top_bar":"","ocean_shortcode_before_header":"","ocean_shortcode_after_header":"","ocean_has_shortcode":"","ocean_shortcode_after_title":"","ocean_shortcode_before_footer_widgets":"","ocean_shortcode_after_footer_widgets":"","ocean_shortcode_before_footer_bottom":"","ocean_shortcode_after_footer_bottom":"","ocean_display_top_bar":"default","ocean_display_header":"default","ocean_header_style":"","ocean_center_header_left_menu":"","ocean_custom_header_template":"","ocean_custom_logo":0,"ocean_custom_retina_logo":0,"ocean_custom_logo_max_width":0,"ocean_custom_logo_tablet_max_width":0,"ocean_custom_logo_mobile_max_width":0,"ocean_custom_logo_max_height":0,"ocean_custom_logo_tablet_max_height":0,"ocean_custom_logo_mobile_max_height":0,"ocean_header_custom_menu":"","ocean_menu_typo_font_family":"","ocean_menu_typo_font_subset":"","ocean_menu_typo_font_size":0,"ocean_menu_typo_font_size_tablet":0,"ocean_menu_typo_font_size_mobile":0,"ocean_menu_typo_font_size_unit":"px","ocean_menu_typo_font_weight":"","ocean_menu_typo_font_weight_tablet":"","ocean_menu_typo_font_weight_mobile":"","ocean_menu_typo_transform":"","ocean_menu_typo_transform_tablet":"","ocean_menu_typo_transform_mobile":"","ocean_menu_typo_line_height":0,"ocean_menu_typo_line_height_tablet":0,"ocean_menu_typo_line_height_mobile":0,"ocean_menu_typo_line_height_unit":"","ocean_menu_typo_spacing":0,"ocean_menu_typo_spacing_tablet":0,"ocean_menu_typo_spacing_mobile":0,"ocean_menu_typo_spacing_unit":"","ocean_menu_link_color":"","ocean_menu_link_color_hover":"","ocean_menu_link_color_active":"","ocean_menu_link_background":"","ocean_menu_link_hover_background":"","ocean_menu_link_active_background":"","ocean_menu_social_links_bg":"","ocean_menu_social_hover_links_bg":"","ocean_menu_social_links_color":"","ocean_menu_social_hover_links_color":"","ocean_disable_title":"default","ocean_disable_heading":"default","ocean_post_title":"","ocean_post_subheading":"","ocean_post_title_style":"","ocean_post_title_background_color":"","ocean_post_title_background":0,"ocean_post_title_bg_image_position":"","ocean_post_title_bg_image_attachment":"","ocean_post_title_bg_image_repeat":"","ocean_post_title_bg_image_size":"","ocean_post_title_height":0,"ocean_post_title_bg_overlay":0.5,"ocean_post_title_bg_overlay_color":"","ocean_disable_breadcrumbs":"default","ocean_breadcrumbs_color":"","ocean_breadcrumbs_separator_color":"","ocean_breadcrumbs_links_color":"","ocean_breadcrumbs_links_hover_color":"","ocean_display_footer_widgets":"default","ocean_display_footer_bottom":"default","ocean_custom_footer_template":""},"product_brand":[],"product_cat":[265],"product_tag":[272],"class_list":{"0":"post-9183","1":"product","2":"type-product","3":"status-publish","4":"has-post-thumbnail","6":"product_cat-mobilne-kucice","7":"product_tag-prodaja-mobilnih-kucica","8":"pa_broj-kupaonica-60","9":"pa_broj-spavacih-soba-52","10":"pa_cijena-36-000-plus-pdv","11":"pa_kvadratura-24-24-terasa","12":"pa_mjesto-sv-petar-na-moru","13":"pa_stanje-objekta-nove-mobilne-kucice","14":"pa_vrsta-objave-prodaja","16":"entry","17":"has-media","19":"first","20":"instock","21":"shipping-taxable","22":"product-type-simple","23":"has-product-nav","24":"col","25":"span_1_of_3","26":"owp-content-center","27":"owp-thumbs-layout-horizontal","28":"owp-btn-normal","29":"owp-tabs-layout-horizontal"},"acf":[],"jetpack_sharing_enabled":true,"_links":{"self":[{"href":"https:\/\/charta-nekretnine.hr\/en\/wp-json\/wp\/v2\/product\/9183","targetHints":{"allow":["GET"]}}],"collection":[{"href":"https:\/\/charta-nekretnine.hr\/en\/wp-json\/wp\/v2\/product"}],"about":[{"href":"https:\/\/charta-nekretnine.hr\/en\/wp-json\/wp\/v2\/types\/product"}],"wp:featuredmedia":[{"embeddable":true,"href":"https:\/\/charta-nekretnine.hr\/en\/wp-json\/wp\/v2\/media\/9184"}],"wp:attachment":[{"href":"https:\/\/charta-nekretnine.hr\/en\/wp-json\/wp\/v2\/media?parent=9183"}],"wp:term":[{"taxonomy":"product_brand","embeddable":true,"href":"https:\/\/charta-nekretnine.hr\/en\/wp-json\/wp\/v2\/product_brand?post=9183"},{"taxonomy":"product_cat","embeddable":true,"href":"https:\/\/charta-nekretnine.hr\/en\/wp-json\/wp\/v2\/product_cat?post=9183"},{"taxonomy":"product_tag","embeddable":true,"href":"https:\/\/charta-nekretnine.hr\/en\/wp-json\/wp\/v2\/product_tag?post=9183"}],"curies":[{"name":"wp","href":"https:\/\/api.w.org\/{rel}","templated":true}]}}