{"id":9187,"date":"2025-09-24T17:27:27","date_gmt":"2025-09-24T17:27:27","guid":{"rendered":"https:\/\/charta-nekretnine.hr\/?post_type=product&#038;p=9187"},"modified":"2025-09-24T17:27:27","modified_gmt":"2025-09-24T17:27:27","slug":"gradevinsko-zemljiste-drage","status":"publish","type":"product","link":"https:\/\/charta-nekretnine.hr\/en\/product\/gradevinsko-zemljiste-drage\/","title":{"rendered":"Gra\u0111evinsko zemlji\u0161te Drage"},"content":{"rendered":"","protected":false},"excerpt":{"rendered":"<h1>Gra\u0111evinsko zemlji\u0161te Drage<\/h1>\n<p><span style=\"font-size: 16px;\">Prodaje se zemlji\u0161te povr\u0161ine 985 m\u00b2 u Dragama, Pako\u0161tane.<\/span><\/p>\n<p>Zemlji\u0161te se sasstoji od dvije parcele \u010diji su vlasnici suglasni na prodaju, a po namjeni je gra\u0111evinsko sa pristupom infrastrukturi.<\/p>\n<p>Cijena zemlji\u0161ta je 180\u20ac\/m\u00b2, \u0161to ukupno \u010dini 177.300 \u20ac<\/p>\n<p>Lokacija zemlji\u0161ta je na 700 m od mora te 500 m od Vranskog jezera koje se prote\u017ee paralelno uz obalu mora.<\/p>\n<p>Okolicu zemlji\u0161ta prate izgra\u0111ene ku\u0107e, ve\u0107inom novogradnja.<\/p>\n<p>Vi\u0161e informacija mo\u017eete dobiti na:<\/p>\n<p><span class=\"html-span xexx8yu xyri2b x18d9i69 x1c1uobl x1hl2dhg x16tdsg8 x1vvkbs x3nfvp2 x1j61x8r x1fcty0u xdj266r xat24cr xm2jcoa x1mpyi22 xxymvpz xlup9mm x1kky2od\"><img decoding=\"async\" class=\"xz74otr x15mokao x1ga7v0g x16uus16 xbiv7yw\" src=\"https:\/\/static.xx.fbcdn.net\/images\/emoji.php\/v9\/t16\/3\/16\/1f4f2.png\" alt=\"\ud83d\udcf2\" width=\"16\" height=\"16\" \/><\/span>+385 (0)99 311 5394<\/p>\n<p><span class=\"html-span xexx8yu xyri2b x18d9i69 x1c1uobl x1hl2dhg x16tdsg8 x1vvkbs x3nfvp2 x1j61x8r x1fcty0u xdj266r xat24cr xm2jcoa x1mpyi22 xxymvpz xlup9mm x1kky2od\"><img decoding=\"async\" class=\"xz74otr x15mokao x1ga7v0g x16uus16 xbiv7yw\" src=\"https:\/\/static.xx.fbcdn.net\/images\/emoji.php\/v9\/tfc\/3\/16\/1f4e7.png\" alt=\"\ud83d\udce7\" width=\"16\" height=\"16\" \/><\/span>info@charta-nekretnine.hr<\/p>","protected":false},"featured_media":9188,"template":"","meta":{"_acf_changed":false,"ocean_post_layout":"","ocean_both_sidebars_style":"","ocean_both_sidebars_content_width":0,"ocean_both_sidebars_sidebars_width":0,"ocean_sidebar":"","ocean_second_sidebar":"","ocean_disable_margins":"enable","ocean_add_body_class":"","ocean_shortcode_before_top_bar":"","ocean_shortcode_after_top_bar":"","ocean_shortcode_before_header":"","ocean_shortcode_after_header":"","ocean_has_shortcode":"","ocean_shortcode_after_title":"","ocean_shortcode_before_footer_widgets":"","ocean_shortcode_after_footer_widgets":"","ocean_shortcode_before_footer_bottom":"","ocean_shortcode_after_footer_bottom":"","ocean_display_top_bar":"default","ocean_display_header":"default","ocean_header_style":"","ocean_center_header_left_menu":"","ocean_custom_header_template":"","ocean_custom_logo":0,"ocean_custom_retina_logo":0,"ocean_custom_logo_max_width":0,"ocean_custom_logo_tablet_max_width":0,"ocean_custom_logo_mobile_max_width":0,"ocean_custom_logo_max_height":0,"ocean_custom_logo_tablet_max_height":0,"ocean_custom_logo_mobile_max_height":0,"ocean_header_custom_menu":"","ocean_menu_typo_font_family":"","ocean_menu_typo_font_subset":"","ocean_menu_typo_font_size":0,"ocean_menu_typo_font_size_tablet":0,"ocean_menu_typo_font_size_mobile":0,"ocean_menu_typo_font_size_unit":"px","ocean_menu_typo_font_weight":"","ocean_menu_typo_font_weight_tablet":"","ocean_menu_typo_font_weight_mobile":"","ocean_menu_typo_transform":"","ocean_menu_typo_transform_tablet":"","ocean_menu_typo_transform_mobile":"","ocean_menu_typo_line_height":0,"ocean_menu_typo_line_height_tablet":0,"ocean_menu_typo_line_height_mobile":0,"ocean_menu_typo_line_height_unit":"","ocean_menu_typo_spacing":0,"ocean_menu_typo_spacing_tablet":0,"ocean_menu_typo_spacing_mobile":0,"ocean_menu_typo_spacing_unit":"","ocean_menu_link_color":"","ocean_menu_link_color_hover":"","ocean_menu_link_color_active":"","ocean_menu_link_background":"","ocean_menu_link_hover_background":"","ocean_menu_link_active_background":"","ocean_menu_social_links_bg":"","ocean_menu_social_hover_links_bg":"","ocean_menu_social_links_color":"","ocean_menu_social_hover_links_color":"","ocean_disable_title":"default","ocean_disable_heading":"default","ocean_post_title":"","ocean_post_subheading":"","ocean_post_title_style":"","ocean_post_title_background_color":"","ocean_post_title_background":0,"ocean_post_title_bg_image_position":"","ocean_post_title_bg_image_attachment":"","ocean_post_title_bg_image_repeat":"","ocean_post_title_bg_image_size":"","ocean_post_title_height":0,"ocean_post_title_bg_overlay":0.5,"ocean_post_title_bg_overlay_color":"","ocean_disable_breadcrumbs":"default","ocean_breadcrumbs_color":"","ocean_breadcrumbs_separator_color":"","ocean_breadcrumbs_links_color":"","ocean_breadcrumbs_links_hover_color":"","ocean_display_footer_widgets":"default","ocean_display_footer_bottom":"default","ocean_custom_footer_template":""},"product_brand":[],"product_cat":[42],"product_tag":[247,317],"class_list":{"0":"post-9187","1":"product","2":"type-product","3":"status-publish","4":"has-post-thumbnail","6":"product_cat-zemljiste","7":"product_tag-prodaja","8":"product_tag-prodaja-zemljista","9":"pa_cijena-177-300","10":"pa_kvadratura-426","11":"pa_mjesto-drage-pakostane","12":"pa_vrsta-objave-prodaja","14":"entry","15":"has-media","17":"first","18":"instock","19":"shipping-taxable","20":"product-type-simple","21":"has-product-nav","22":"col","23":"span_1_of_3","24":"owp-content-center","25":"owp-thumbs-layout-horizontal","26":"owp-btn-normal","27":"owp-tabs-layout-horizontal"},"acf":[],"jetpack_sharing_enabled":true,"_links":{"self":[{"href":"https:\/\/charta-nekretnine.hr\/en\/wp-json\/wp\/v2\/product\/9187","targetHints":{"allow":["GET"]}}],"collection":[{"href":"https:\/\/charta-nekretnine.hr\/en\/wp-json\/wp\/v2\/product"}],"about":[{"href":"https:\/\/charta-nekretnine.hr\/en\/wp-json\/wp\/v2\/types\/product"}],"wp:featuredmedia":[{"embeddable":true,"href":"https:\/\/charta-nekretnine.hr\/en\/wp-json\/wp\/v2\/media\/9188"}],"wp:attachment":[{"href":"https:\/\/charta-nekretnine.hr\/en\/wp-json\/wp\/v2\/media?parent=9187"}],"wp:term":[{"taxonomy":"product_brand","embeddable":true,"href":"https:\/\/charta-nekretnine.hr\/en\/wp-json\/wp\/v2\/product_brand?post=9187"},{"taxonomy":"product_cat","embeddable":true,"href":"https:\/\/charta-nekretnine.hr\/en\/wp-json\/wp\/v2\/product_cat?post=9187"},{"taxonomy":"product_tag","embeddable":true,"href":"https:\/\/charta-nekretnine.hr\/en\/wp-json\/wp\/v2\/product_tag?post=9187"}],"curies":[{"name":"wp","href":"https:\/\/api.w.org\/{rel}","templated":true}]}}