{"id":9221,"date":"2025-09-28T15:21:29","date_gmt":"2025-09-28T15:21:29","guid":{"rendered":"https:\/\/charta-nekretnine.hr\/?post_type=product&#038;p=9221"},"modified":"2026-03-12T11:53:24","modified_gmt":"2026-03-12T11:53:24","slug":"mobilne-kucice-kamp-sanny","status":"publish","type":"product","link":"https:\/\/charta-nekretnine.hr\/en\/product\/mobilne-kucice-kamp-sanny\/","title":{"rendered":"Mobilne ku\u0107ice kamp Sanny, Drage \u017dakanj"},"content":{"rendered":"","protected":false},"excerpt":{"rendered":"<h1>Mobilne ku\u0107ice kamp Sanny<\/h1>\n<p>Na atraktivnoj lokaciji za 2026. nude se nove mobilne ku\u0107ice, potpuno opremljene ku\u0107anskim ure\u0111ajima i namje\u0161tajem po sistemu klju\u010d u ruke.<\/p>\n<p>Mobilne ku\u0107ice u \ud835\uddf8\ud835\uddee\ud835\uddfa\ud835\uddfd\ud835\ude02 \ud835\udde6\ud835\uddee\ud835\uddfb\ud835\uddfb\ud835\ude06 biti \u0107e okrenute terasom prema moru \u0161to im daje jedinstven pogled tijekom cijelog dana. Svakog dana kroz \u010ditavu godinu.<\/p>\n<p>Sama lokacija kampa opasana je morem sa dvije strane, a u blizini se nalaze dvije ure\u0111ene pla\u017ee.<\/p>\n<h2>Lokacija kampa<\/h2>\n<p>Kamp Sanny se nalazi na vrhu blage uzvisine u naselju Drage, nedaleko od Pako\u0161tana. Za svaku parcelu predvi\u0111en je parking za goste, a u neposrednoj udaljenosti od ku\u0107ica sa svake strane nalaze se pla\u017ee.<\/p>\n<p><strong>Pogled na more sa svih strana<\/strong>\u00a0upotpunjuje blizina dviju pla\u017ea, Porat i \u017dakanj.<\/p>\n<figure id=\"attachment_9222\" aria-describedby=\"caption-attachment-9222\" style=\"width: 540px\" class=\"wp-caption aligncenter\"><img fetchpriority=\"high\" decoding=\"async\" class=\"wp-image-9222\" src=\"https:\/\/charta-nekretnine.hr\/wp-content\/uploads\/2025\/09\/Pogled-na-more.jpg\" alt=\"Mobilna ku\u0107ica uz more Hrvatska\" width=\"540\" height=\"360\" srcset=\"https:\/\/charta-nekretnine.hr\/wp-content\/uploads\/2025\/09\/Pogled-na-more.jpg 810w, https:\/\/charta-nekretnine.hr\/wp-content\/uploads\/2025\/09\/Pogled-na-more-768x512.jpg 768w, https:\/\/charta-nekretnine.hr\/wp-content\/uploads\/2025\/09\/Pogled-na-more-18x12.jpg 18w, https:\/\/charta-nekretnine.hr\/wp-content\/uploads\/2025\/09\/Pogled-na-more-600x400.jpg 600w\" sizes=\"(max-width: 540px) 100vw, 540px\" \/><figcaption id=\"caption-attachment-9222\" class=\"wp-caption-text\">Pogled sa terase mobilne ku\u0107ice u kampu Sanny odu\u0161evit \u0107e vas i va\u0161e goste<\/figcaption><\/figure>\n<figure id=\"attachment_8679\" class=\"wp-caption aligncenter\" aria-describedby=\"caption-attachment-8679\"><figcaption id=\"caption-attachment-8679\" class=\"wp-caption-text\"><\/figcaption><\/figure>\n<p>Na ure\u0111enom platou opasanom morem predvi\u0111ene su parcele na kaskadnom terenu.<\/p>\n<p>Privatnost gostima ovih mobilnih ku\u0107ica osigurava\u00a0<strong>premium lokacija<\/strong>\u00a0za\u0161ti\u0107ena od pogleda ostalih gostiju. Dobro ure\u0111ena terasa ovaj \u0107e smje\u0161taj u\u010diniti mjestom sa kojeg \u0107e biti te\u0161ko rastati se krajem odmora.<\/p>\n<p>Za koga je idealna ova lokacija projekta\u00a0&#8220;mobilne ku\u0107ice kamp Sanny&#8221;\u00a0?<\/p>\n<p>\u017delite li iznajmljivati mobilnu ku\u0107icu gostima iz cijelog svijeta, upoznajte ih sa iznimnom lokacijom koja je opasana morem sa tri strane. Turisti \u017eeljni opu\u0161tanja kamp Sanny \u0107e znati cijeniti zbog pogleda koji se pru\u017ea na more, a bilo koji avanturisti\u010dki duh potra\u017eit \u0107e uzbu\u0111enja u okolnim atrakcijama.<\/p>\n<p>Brojne biciklisti\u010dke staze, od laganih do brdovito zahtjevnijih, se\u017eu uz obli\u017enje Vransko jezero. Svaki \u0107e odmor upotpuniti organiziran posjet\u00a0<strong><a href=\"https:\/\/www.np-kornati.hr\/index.php?lang=hr\" target=\"_blank\" rel=\"noopener\">Nacionalnom parku Kornati<\/a><\/strong>, Parku prirode Tela\u0161\u0107ica ili nekom od obli\u017enjih naselja i gradova.<\/p>\n<h2>Detalji ponude za mobilne ku\u0107ice kamp Sanny<\/h2>\n<ul>\n<li><strong>\u2022\u00a0<\/strong>cijena ove mobilne ku\u0107ice na atraktivnoj lokaciji: 42.000 \u20ac plus pdv<\/li>\n<li><strong>\u2022\u00a0<\/strong>godi\u0161nji pau\u0161al: 7.000 \u20ac<\/li>\n<\/ul>\n<hr \/>\n<ul>\n<li><strong>\u2022<\/strong> dimenzija mobilne ku\u0107ice u kampu: 8 x 3 m<\/li>\n<li><strong>\u2022<\/strong>\u00a0terasa: natkrivena 8 x 4 m<\/li>\n<li><strong>\u2022\u00a0<\/strong>pogled na more: DA<\/li>\n<li><strong>\u2022\u00a0<\/strong>parkiranje: osigurano parking mjesto<\/li>\n<\/ul>\n<hr \/>\n<ul>\n<li><strong>\u2022\u00a0<\/strong>period rada: kamp Sanny je otvoren cijele godine<\/li>\n<li><strong>\u2022\u00a0<\/strong>stanje mobilne ku\u0107ice: nova, potpuno opremljena i ure\u0111ena<\/li>\n<li><strong>\u2022\u00a0<\/strong>udaljenost od mora: 100 metara<\/li>\n<\/ul>\n<h3>Godi\u0161nji pau\u0161al za mobilne ku\u0107ice kamp Sanny<\/h3>\n<p>Premium lokacija za parcele koje se nalaze uz more va\u0161im \u0107e gostima pru\u017eiti ugodne trenutke ispunjene prizorima koje \u0107e ponijeti sa sobom. Nema bolje reklame od usmene predaje o ljepotama koje su gosti do\u017eivjeli tijekom boravka u va\u0161im mobilnim ku\u0107icama.<\/p>\n<p>Ugovor o zakupu parcele potpisuje se na 10 godina, a za ovu lokaciju iznos godi\u0161njeg pau\u0161ala je 7.000\u20ac .<\/p>\n<p>Godi\u0161nji pau\u0161al je naknada za zakup parcele koji se pla\u0107a vlasniku kampa. Od tog iznosa se planiraju i provode pobolj\u0161anja infrastrukture i ponude kampa.<\/p>\n<p>S obzirom na iskustvo vlasnika mobilnih ku\u0107ica koje se nalaze u blizini parcela u kampu Sanny i podatke o godi\u0161njem prihodu od najma, predvi\u0111eni povrat investicije u mobilnu ku\u0107icu ostvaruje se u roku od 5 do 7 godina.<\/p>\n<p>Preporu\u010dujemo na\u0161 <strong><a href=\"https:\/\/charta-nekretnine.hr\/en\/2023\/04\/28\/pausal-za-mobilne-kucice-u-kampu\/\" target=\"_blank\" rel=\"noopener\">blog \u010dlanak o pau\u0161alu<\/a><\/strong> kako bi dobili uvid o ovoj bitnoj stavci ulaganja u mobilne ku\u0107ice i njihov najam.<\/p>\n<h2>Kako su opremljene mobilne ku\u0107ice<\/h2>\n<p>Potpuna\u00a0<strong>opremljenost ku\u0107anskim ure\u0111ajima<\/strong>\u00a0zna\u010di da mo\u017eete ra\u010dunati na kuhinju sa perilicom posu\u0111a, velikim hladnjakom sa ledenicom te staklokerami\u010dkom plo\u010dom za kuhanje.<\/p>\n<figure id=\"attachment_8979\" aria-describedby=\"caption-attachment-8979\" style=\"width: 640px\" class=\"wp-caption aligncenter\"><img decoding=\"async\" class=\"wp-image-8979\" src=\"https:\/\/charta-nekretnine.hr\/wp-content\/uploads\/2025\/02\/Kuhinja-i-sank.jpg\" alt=\"Kuhinja mobilne ku\u0107ice\" width=\"640\" height=\"360\" srcset=\"https:\/\/charta-nekretnine.hr\/wp-content\/uploads\/2025\/02\/Kuhinja-i-sank.jpg 960w, https:\/\/charta-nekretnine.hr\/wp-content\/uploads\/2025\/02\/Kuhinja-i-sank-768x432.jpg 768w, https:\/\/charta-nekretnine.hr\/wp-content\/uploads\/2025\/02\/Kuhinja-i-sank-18x10.jpg 18w, https:\/\/charta-nekretnine.hr\/wp-content\/uploads\/2025\/02\/Kuhinja-i-sank-800x450.jpg 800w, https:\/\/charta-nekretnine.hr\/wp-content\/uploads\/2025\/02\/Kuhinja-i-sank-600x338.jpg 600w\" sizes=\"(max-width: 640px) 100vw, 640px\" \/><figcaption id=\"caption-attachment-8979\" class=\"wp-caption-text\">Priprema hrane jednostavna je u opremljenoj kuhinji mobilne ku\u0107ice<\/figcaption><\/figure>\n<p>Elementi za pohranu pribora za jelo i malih kuhinjskih ure\u0111aja dovoljno su veliki za potrebe va\u0161ih gostiju \u2013 od parova do cijelih obitelji.<\/p>\n<p>Na raspolaganju vam je odabir interijera sa 2 kupaonice, a spava\u0107e sobe mo\u017eete opremiti krevetima na kat, odvojenim krevetima ili velikim krevetom za dvije osobe.<\/p>\n<p>Moderno ure\u0111ene, ove mobilne ku\u0107ice sa pogledom na more opremljene su svim potrebnim ure\u0111ajima za ugodan boravak i odmor bez naprezanja.<\/p>\n<p><strong>Kuhinja<\/strong>\u00a0ima veliki fri\u017eider, perilicu za pranje su\u0111a, plo\u010du za kuhanje i dovoljno prostora za odlaganje kuhinjskog pribora i manjih ure\u0111aja.<\/p>\n<p>Savjetujemo da svojim gostima pru\u017eite dodatan komfor nabavkom mikrovalne i aparata za kavu.<\/p>\n<p><strong>Kupaonica<\/strong>\u00a0je pravo \u010dudo rasporeda elemenata i galanterije. Svaki kvadratni centimetar iskori\u0161ten je da omogu\u0107i nesmetano kretanje vi\u0161e osoba istovremeno.<\/p>\n<p><strong>Dnevni boravak<\/strong>\u00a0opremljen je kau\u010dem na razvla\u010denje \u0161to mo\u017ee obradovati privremene goste, smart TV-om i klima ure\u0111ajem.<\/p>\n<p><strong>Terasa<\/strong> je mjesto okupljanja svih posjetitelja i prostor za unapre\u0111enje usluge smje\u0161taja. Uz vanjsku garnituru za opu\u0161tanje uz lagani vjetri\u0107, na terasu se mo\u017ee postaviti vanjska kuhinja te el. gril \u0161to \u0107e vam omogu\u0107iti da postavite vi\u0161e cijene no\u0107enja za mobilne ku\u0107ice kamp Sanny.<\/p>\n<figure id=\"attachment_9046\" aria-describedby=\"caption-attachment-9046\" style=\"width: 640px\" class=\"wp-caption aligncenter\"><img decoding=\"async\" class=\"wp-image-9046\" src=\"https:\/\/charta-nekretnine.hr\/wp-content\/uploads\/2025\/04\/Terasa-odmor-1000x563.jpg\" alt=\"Terasa mobilne ku\u0107ice\" width=\"640\" height=\"360\" srcset=\"https:\/\/charta-nekretnine.hr\/wp-content\/uploads\/2025\/04\/Terasa-odmor-1000x563.jpg 1000w, https:\/\/charta-nekretnine.hr\/wp-content\/uploads\/2025\/04\/Terasa-odmor-1024x576.jpg 1024w, https:\/\/charta-nekretnine.hr\/wp-content\/uploads\/2025\/04\/Terasa-odmor-768x432.jpg 768w, https:\/\/charta-nekretnine.hr\/wp-content\/uploads\/2025\/04\/Terasa-odmor-18x10.jpg 18w, https:\/\/charta-nekretnine.hr\/wp-content\/uploads\/2025\/04\/Terasa-odmor-800x450.jpg 800w, https:\/\/charta-nekretnine.hr\/wp-content\/uploads\/2025\/04\/Terasa-odmor-600x338.jpg 600w, https:\/\/charta-nekretnine.hr\/wp-content\/uploads\/2025\/04\/Terasa-odmor.jpg 1280w\" sizes=\"(max-width: 640px) 100vw, 640px\" \/><figcaption id=\"caption-attachment-9046\" class=\"wp-caption-text\">Dobro ure\u0111ena terasa doprinosi vi\u0161im prihodima od najma<\/figcaption><\/figure>\n<p>Pru\u017eite svojim gostima iskustvo zajedni\u010dkih obroka na svje\u017eem zraku i rashla\u0111ene prostorije unutar mobilne ku\u0107ice.<\/p>\n<h2>Isplati li se ulo\u017eiti u mobilne ku\u0107ice?<\/h2>\n<p>Ulaganje u mobilne ku\u0107ice isplativo je kroz njihov najam kao dugoro\u010dan, desetogodi\u0161nji projekt. Prema iskustvu na\u0161ih klijenata, \u0161to su potvrdili i na\u0161i inozemni ulaga\u010di u mobilne ku\u0107ice, povrat investicije u roku od 7 godina zadovoljavaju\u0107i je rezultat u skladu sa standardima tr\u017ei\u0161ta kapitala.<\/p>\n<p>Ne treba zaboraviti da kupnjom mobilne ku\u0107ice postajete vlasnikom smje\u0161taja uz more koji mo\u017eete posjetiti bilo kad tijekom godine. Iako na prvu zanemaren, iznos koji bi ina\u010de dali za boravak negdje drugdje ima zna\u010dajnu materijalnu vrijednost u obliku u\u0161tede.<\/p>\n<p>Da dobijete kvalitetan uvid u ovu vrstu investicije, za vas smo pripremili opse\u017ean <strong><a href=\"https:\/\/charta-nekretnine.hr\/en\/2024\/12\/09\/vodic-za-ulaganje-u-mobilne-kucice\/\" target=\"_blank\" rel=\"noopener\">vodi\u010d za razumno ulaganje u mobilne ku\u0107ice<\/a><\/strong> sa mno\u0161tvom savjeta koji \u0107e vam biti od koristi.<\/p>\n<figure id=\"attachment_9223\" aria-describedby=\"caption-attachment-9223\" style=\"width: 512px\" class=\"wp-caption aligncenter\"><img loading=\"lazy\" decoding=\"async\" class=\"wp-image-9223\" src=\"https:\/\/charta-nekretnine.hr\/wp-content\/uploads\/2025\/09\/Charta-Mobile-Homes.jpg\" alt=\"Charta Mobile Homes\" width=\"512\" height=\"360\" srcset=\"https:\/\/charta-nekretnine.hr\/wp-content\/uploads\/2025\/09\/Charta-Mobile-Homes.jpg 768w, https:\/\/charta-nekretnine.hr\/wp-content\/uploads\/2025\/09\/Charta-Mobile-Homes-18x12.jpg 18w, https:\/\/charta-nekretnine.hr\/wp-content\/uploads\/2025\/09\/Charta-Mobile-Homes-600x422.jpg 600w\" sizes=\"(max-width: 512px) 100vw, 512px\" \/><figcaption id=\"caption-attachment-9223\" class=\"wp-caption-text\">Charta Mobile Homes ima vi\u0161egodi\u0161nje iskustvo u radu sa kampovima i mobilnim ku\u0107icama<\/figcaption><\/figure>\n<p>&nbsp;<\/p>\n<p>Naravno da je za iznajmljvanje ku\u0107ice potreban odre\u0111eni anga\u017eman vlasnika. Ipak, za one koji ne mogu biti stalno prisutni uz mobilnu ku\u0107icu, mogu\u0107e je dogovoriti upravljanje ku\u0107icom i njezinim iznajmljivanjem.<\/p>\n<h3>\u010cesta pitanja i odgovori vezani uz ulaganje u mobilne ku\u0107ice<\/h3>\n<div class=\"x11i5rnm xat24cr x1mh8g0r x1vvkbs xtlvy1s x126k92a\">\n<p dir=\"auto\">Zanima li vas investicija u mobilne ku\u0107ice u mobilne ku\u0107ice kamp Sanny, sigurno \u017eelite znati odgovore na sljede\u0107a pitanja:<\/p>\n<\/div>\n<div class=\"x11i5rnm xat24cr x1mh8g0r x1vvkbs xtlvy1s x126k92a\">\n<div dir=\"auto\"><span class=\"x3nfvp2 x1j61x8r x1fcty0u xdj266r xhhsvwb xat24cr xgzva0m xxymvpz xlup9mm x1kky2od\"><img loading=\"lazy\" decoding=\"async\" class=\"xz74otr\" src=\"https:\/\/static.xx.fbcdn.net\/images\/emoji.php\/v9\/t72\/3\/16\/1f518.png\" alt=\"\ud83d\udd18\" width=\"16\" height=\"16\" \/><\/span>\u00a0\u0160to je pau\u0161al?<\/div>\n<div dir=\"auto\"><span class=\"x3nfvp2 x1j61x8r x1fcty0u xdj266r xhhsvwb xat24cr xgzva0m xxymvpz xlup9mm x1kky2od\"><img loading=\"lazy\" decoding=\"async\" class=\"xz74otr\" src=\"https:\/\/static.xx.fbcdn.net\/images\/emoji.php\/v9\/t8f\/3\/16\/2611.png\" alt=\"\u2611\ufe0f\" width=\"16\" height=\"16\" \/><\/span>\u00a0Godi\u0161nja naknada za kori\u0161tenje parcele koja se pla\u0107a vlasniku kampa<\/div>\n<\/div>\n<div class=\"x11i5rnm xat24cr x1mh8g0r x1vvkbs xtlvy1s x126k92a\">\n<div dir=\"auto\">\n<hr \/>\n<\/div>\n<\/div>\n<div class=\"x11i5rnm xat24cr x1mh8g0r x1vvkbs xtlvy1s x126k92a\">\n<div dir=\"auto\"><span class=\"x3nfvp2 x1j61x8r x1fcty0u xdj266r xhhsvwb xat24cr xgzva0m xxymvpz xlup9mm x1kky2od\"><img loading=\"lazy\" decoding=\"async\" class=\"xz74otr\" src=\"https:\/\/static.xx.fbcdn.net\/images\/emoji.php\/v9\/t72\/3\/16\/1f518.png\" alt=\"\ud83d\udd18\" width=\"16\" height=\"16\" \/><\/span>\u00a0Za koliko mogu vratiti ulo\u017eeno?<\/div>\n<div dir=\"auto\"><span class=\"x3nfvp2 x1j61x8r x1fcty0u xdj266r xhhsvwb xat24cr xgzva0m xxymvpz xlup9mm x1kky2od\"><img loading=\"lazy\" decoding=\"async\" class=\"xz74otr\" src=\"https:\/\/static.xx.fbcdn.net\/images\/emoji.php\/v9\/t8f\/3\/16\/2611.png\" alt=\"\u2611\ufe0f\" width=\"16\" height=\"16\" \/><\/span>\u00a0O\u010dekivani povrat investicije je 3 do 5 godina<\/div>\n<\/div>\n<div class=\"x11i5rnm xat24cr x1mh8g0r x1vvkbs xtlvy1s x126k92a\">\n<div dir=\"auto\">\n<hr \/>\n<\/div>\n<div dir=\"auto\"><span class=\"x3nfvp2 x1j61x8r x1fcty0u xdj266r xhhsvwb xat24cr xgzva0m xxymvpz xlup9mm x1kky2od\"><img loading=\"lazy\" decoding=\"async\" class=\"xz74otr\" src=\"https:\/\/static.xx.fbcdn.net\/images\/emoji.php\/v9\/t72\/3\/16\/1f518.png\" alt=\"\ud83d\udd18\" width=\"16\" height=\"16\" \/><\/span>\u00a0Mogu li boraviti u mobilnoj ku\u0107ici?<\/div>\n<div dir=\"auto\"><span class=\"x3nfvp2 x1j61x8r x1fcty0u xdj266r xhhsvwb xat24cr xgzva0m xxymvpz xlup9mm x1kky2od\"><img loading=\"lazy\" decoding=\"async\" class=\"xz74otr\" src=\"https:\/\/static.xx.fbcdn.net\/images\/emoji.php\/v9\/t8f\/3\/16\/2611.png\" alt=\"\u2611\ufe0f\" width=\"16\" height=\"16\" \/><\/span>\u00a0Naravno, mo\u017eete kombinirati najam ku\u0107ice, boraviti u njoj ili pozvati prijatelje i rodbinu da odsjednu u njoj?<\/div>\n<\/div>\n<div class=\"x11i5rnm xat24cr x1mh8g0r x1vvkbs xtlvy1s x126k92a\">\n<div dir=\"auto\">\n<hr \/>\n<\/div>\n<div dir=\"auto\"><span class=\"x3nfvp2 x1j61x8r x1fcty0u xdj266r xhhsvwb xat24cr xgzva0m xxymvpz xlup9mm x1kky2od\"><img loading=\"lazy\" decoding=\"async\" class=\"xz74otr\" src=\"https:\/\/static.xx.fbcdn.net\/images\/emoji.php\/v9\/t72\/3\/16\/1f518.png\" alt=\"\ud83d\udd18\" width=\"16\" height=\"16\" \/><\/span> \u010cije su vlasni\u0161tvo ove mobilne ku\u0107ice u kampu Sanny?<\/div>\n<div dir=\"auto\"><span class=\"x3nfvp2 x1j61x8r x1fcty0u xdj266r xhhsvwb xat24cr xgzva0m xxymvpz xlup9mm x1kky2od\"><img loading=\"lazy\" decoding=\"async\" class=\"xz74otr\" src=\"https:\/\/static.xx.fbcdn.net\/images\/emoji.php\/v9\/t8f\/3\/16\/2611.png\" alt=\"\u2611\ufe0f\" width=\"16\" height=\"16\" \/><\/span>\u00a0Va\u0161e! Velika je prednost ovog na\u010dina investiranja \u0161to ku\u0107icu mo\u017eete prodati i time jo\u0161 pove\u0107ati svoju dobit.<\/div>\n<\/div>\n<div class=\"x11i5rnm xat24cr x1mh8g0r x1vvkbs xtlvy1s x126k92a\">\n<div dir=\"auto\">\n<hr \/>\n<\/div>\n<div dir=\"auto\"><span class=\"x3nfvp2 x1j61x8r x1fcty0u xdj266r xhhsvwb xat24cr xgzva0m xxymvpz xlup9mm x1kky2od\"><img loading=\"lazy\" decoding=\"async\" class=\"xz74otr\" src=\"https:\/\/static.xx.fbcdn.net\/images\/emoji.php\/v9\/t72\/3\/16\/1f518.png\" alt=\"\ud83d\udd18\" width=\"16\" height=\"16\" \/><\/span>\u00a0Da li je i parcela u kampu moja?<\/div>\n<div dir=\"auto\"><span class=\"x3nfvp2 x1j61x8r x1fcty0u xdj266r xhhsvwb xat24cr xgzva0m xxymvpz xlup9mm x1kky2od\"><img loading=\"lazy\" decoding=\"async\" class=\"xz74otr\" src=\"https:\/\/static.xx.fbcdn.net\/images\/emoji.php\/v9\/t8f\/3\/16\/2611.png\" alt=\"\u2611\ufe0f\" width=\"16\" height=\"16\" \/><\/span>\u00a0Ne! Zemlji\u0161te kampa privatno je vlasni\u0161tvo koje se daje u zakup na odre\u0111eni broj godina.<\/div>\n<\/div>\n<div class=\"x11i5rnm xat24cr x1mh8g0r x1vvkbs xtlvy1s x126k92a\">\n<div dir=\"auto\">\n<hr \/>\n<\/div>\n<div dir=\"auto\"><span class=\"x3nfvp2 x1j61x8r x1fcty0u xdj266r xhhsvwb xat24cr xgzva0m xxymvpz xlup9mm x1kky2od\"><img loading=\"lazy\" decoding=\"async\" class=\"xz74otr\" src=\"https:\/\/static.xx.fbcdn.net\/images\/emoji.php\/v9\/t72\/3\/16\/1f518.png\" alt=\"\ud83d\udd18\" width=\"16\" height=\"16\" \/><\/span>\u00a0Isplati li se ulagati u mobilne ku\u0107ice\u00a0 sa pogledom na more?<\/div>\n<div dir=\"auto\">\n<p><span class=\"x3nfvp2 x1j61x8r x1fcty0u xdj266r xhhsvwb xat24cr xgzva0m xxymvpz xlup9mm x1kky2od\"><img loading=\"lazy\" decoding=\"async\" class=\"xz74otr\" src=\"https:\/\/static.xx.fbcdn.net\/images\/emoji.php\/v9\/t8f\/3\/16\/2611.png\" alt=\"\u2611\ufe0f\" width=\"16\" height=\"16\" \/><\/span>\u00a0Nazovite nas i saznajte detalje na\u0161e ponude!<\/p>\n<\/div>\n<\/div>\n<p dir=\"auto\">Za sve detalje i informacije o projektu \u201cMobilne ku\u0107ice kamp Sanny\u201d i ulaganju u turisti\u010dko iznajmljivanje, na raspolaganju smo vam na:<\/p>\n<div class=\"x11i5rnm xat24cr x1mh8g0r x1vvkbs xtlvy1s x126k92a\">\n<div dir=\"auto\">+385 (0)91 900 1525<br \/>\n+385 (0)99 366 4412<br \/>\n+385 (0)99 738 5893<br \/>\n+385 (0)95 724 2285<\/div>\n<div dir=\"auto\">info@charta-nekretnine.hr<\/div>\n<\/div>","protected":false},"featured_media":9224,"template":"","meta":{"_acf_changed":false,"ocean_post_layout":"","ocean_both_sidebars_style":"","ocean_both_sidebars_content_width":0,"ocean_both_sidebars_sidebars_width":0,"ocean_sidebar":"","ocean_second_sidebar":"","ocean_disable_margins":"enable","ocean_add_body_class":"","ocean_shortcode_before_top_bar":"","ocean_shortcode_after_top_bar":"","ocean_shortcode_before_header":"","ocean_shortcode_after_header":"","ocean_has_shortcode":"","ocean_shortcode_after_title":"","ocean_shortcode_before_footer_widgets":"","ocean_shortcode_after_footer_widgets":"","ocean_shortcode_before_footer_bottom":"","ocean_shortcode_after_footer_bottom":"","ocean_display_top_bar":"default","ocean_display_header":"default","ocean_header_style":"","ocean_center_header_left_menu":"","ocean_custom_header_template":"","ocean_custom_logo":0,"ocean_custom_retina_logo":0,"ocean_custom_logo_max_width":0,"ocean_custom_logo_tablet_max_width":0,"ocean_custom_logo_mobile_max_width":0,"ocean_custom_logo_max_height":0,"ocean_custom_logo_tablet_max_height":0,"ocean_custom_logo_mobile_max_height":0,"ocean_header_custom_menu":"","ocean_menu_typo_font_family":"","ocean_menu_typo_font_subset":"","ocean_menu_typo_font_size":0,"ocean_menu_typo_font_size_tablet":0,"ocean_menu_typo_font_size_mobile":0,"ocean_menu_typo_font_size_unit":"px","ocean_menu_typo_font_weight":"","ocean_menu_typo_font_weight_tablet":"","ocean_menu_typo_font_weight_mobile":"","ocean_menu_typo_transform":"","ocean_menu_typo_transform_tablet":"","ocean_menu_typo_transform_mobile":"","ocean_menu_typo_line_height":0,"ocean_menu_typo_line_height_tablet":0,"ocean_menu_typo_line_height_mobile":0,"ocean_menu_typo_line_height_unit":"","ocean_menu_typo_spacing":0,"ocean_menu_typo_spacing_tablet":0,"ocean_menu_typo_spacing_mobile":0,"ocean_menu_typo_spacing_unit":"","ocean_menu_link_color":"","ocean_menu_link_color_hover":"","ocean_menu_link_color_active":"","ocean_menu_link_background":"","ocean_menu_link_hover_background":"","ocean_menu_link_active_background":"","ocean_menu_social_links_bg":"","ocean_menu_social_hover_links_bg":"","ocean_menu_social_links_color":"","ocean_menu_social_hover_links_color":"","ocean_disable_title":"default","ocean_disable_heading":"default","ocean_post_title":"","ocean_post_subheading":"","ocean_post_title_style":"","ocean_post_title_background_color":"","ocean_post_title_background":0,"ocean_post_title_bg_image_position":"","ocean_post_title_bg_image_attachment":"","ocean_post_title_bg_image_repeat":"","ocean_post_title_bg_image_size":"","ocean_post_title_height":0,"ocean_post_title_bg_overlay":0.5,"ocean_post_title_bg_overlay_color":"","ocean_disable_breadcrumbs":"default","ocean_breadcrumbs_color":"","ocean_breadcrumbs_separator_color":"","ocean_breadcrumbs_links_color":"","ocean_breadcrumbs_links_hover_color":"","ocean_display_footer_widgets":"default","ocean_display_footer_bottom":"default","ocean_custom_footer_template":""},"product_brand":[],"product_cat":[265],"product_tag":[247],"class_list":{"0":"post-9221","1":"product","2":"type-product","3":"status-publish","4":"has-post-thumbnail","6":"product_cat-mobilne-kucice","7":"product_tag-prodaja","8":"pa_broj-kupaonica-60","9":"pa_broj-spavacih-soba-52","10":"pa_cijena-42-000-plus-pdv","11":"pa_kvadratura-24-m2-i-32m2-terasa","12":"pa_mjesto-drage-zakanj","13":"pa_stanje-objekta-nove-mobilne-kucice","14":"pa_vrsta-objave-prodaja","16":"entry","17":"has-media","19":"first","20":"instock","21":"shipping-taxable","22":"product-type-simple","23":"has-product-nav","24":"col","25":"span_1_of_3","26":"owp-content-center","27":"owp-thumbs-layout-horizontal","28":"owp-btn-normal","29":"owp-tabs-layout-horizontal"},"acf":[],"jetpack_sharing_enabled":true,"_links":{"self":[{"href":"https:\/\/charta-nekretnine.hr\/en\/wp-json\/wp\/v2\/product\/9221","targetHints":{"allow":["GET"]}}],"collection":[{"href":"https:\/\/charta-nekretnine.hr\/en\/wp-json\/wp\/v2\/product"}],"about":[{"href":"https:\/\/charta-nekretnine.hr\/en\/wp-json\/wp\/v2\/types\/product"}],"wp:featuredmedia":[{"embeddable":true,"href":"https:\/\/charta-nekretnine.hr\/en\/wp-json\/wp\/v2\/media\/9224"}],"wp:attachment":[{"href":"https:\/\/charta-nekretnine.hr\/en\/wp-json\/wp\/v2\/media?parent=9221"}],"wp:term":[{"taxonomy":"product_brand","embeddable":true,"href":"https:\/\/charta-nekretnine.hr\/en\/wp-json\/wp\/v2\/product_brand?post=9221"},{"taxonomy":"product_cat","embeddable":true,"href":"https:\/\/charta-nekretnine.hr\/en\/wp-json\/wp\/v2\/product_cat?post=9221"},{"taxonomy":"product_tag","embeddable":true,"href":"https:\/\/charta-nekretnine.hr\/en\/wp-json\/wp\/v2\/product_tag?post=9221"}],"curies":[{"name":"wp","href":"https:\/\/api.w.org\/{rel}","templated":true}]}}