{"id":9244,"date":"2025-10-06T08:51:12","date_gmt":"2025-10-06T08:51:12","guid":{"rendered":"https:\/\/charta-nekretnine.hr\/?post_type=product&#038;p=9244"},"modified":"2026-01-12T13:54:33","modified_gmt":"2026-01-12T13:54:33","slug":"mobilne-kucice-u-kampu-elka-pakostane","status":"publish","type":"product","link":"https:\/\/charta-nekretnine.hr\/en\/product\/mobilne-kucice-u-kampu-elka-pakostane\/","title":{"rendered":"Mobilne ku\u0107ice u kampu Elka, Pako\u0161tane"},"content":{"rendered":"","protected":false},"excerpt":{"rendered":"<h1>Mobilne ku\u0107ice u kampu Elka<\/h1>\n<p>U ure\u0111enom i ogra\u0111enom kampu Elka oslobodilo se 6 parcela na kojima se mogu kupiti i postaviti nove, potpuno opremljene mobilne ku\u0107ice.<\/p>\n<p>Smje\u0161taj unutar kampa Elka idealna je lokacija za sve koji \u017eele stvoriti novi izvor prihoda putem iznajmljivanja mobilne ku\u0107ice. Parcele se nalaze na mirnom dijelu Pako\u0161tana, a privla\u010dnima ih \u010dini trajan hlad visokih kro\u0161nji.<\/p>\n<figure id=\"attachment_9246\" aria-describedby=\"caption-attachment-9246\" style=\"width: 540px\" class=\"wp-caption aligncenter\"><img fetchpriority=\"high\" decoding=\"async\" class=\"wp-image-9246\" src=\"https:\/\/charta-nekretnine.hr\/wp-content\/uploads\/2025\/10\/20251001_094333.jpg\" alt=\"Mobilne ku\u0107ice u kampu Elka\" width=\"540\" height=\"360\" srcset=\"https:\/\/charta-nekretnine.hr\/wp-content\/uploads\/2025\/10\/20251001_094333.jpg 810w, https:\/\/charta-nekretnine.hr\/wp-content\/uploads\/2025\/10\/20251001_094333-768x512.jpg 768w, https:\/\/charta-nekretnine.hr\/wp-content\/uploads\/2025\/10\/20251001_094333-18x12.jpg 18w, https:\/\/charta-nekretnine.hr\/wp-content\/uploads\/2025\/10\/20251001_094333-600x400.jpg 600w\" sizes=\"(max-width: 540px) 100vw, 540px\" \/><figcaption id=\"caption-attachment-9246\" class=\"wp-caption-text\">Parcele se nalaze pod trajnim hladom kro\u0161nji visokog drve\u0107a<\/figcaption><\/figure>\n<p>Dodatna pogodnost je restoran koji se nalazi u samom sklopu kampa. Va\u0161im \u0107ete gostima mo\u0107i ponuditi opciju pansionskog naru\u010divanja svje\u017ee pripremljene hrane.<\/p>\n<p>Mobilne ku\u0107ice u kampu Elka prvenstveno su namijenjene kao ulaganje u turisti\u010dki smje\u0161taj. Kupnjom mobilne ku\u0107e postajete vlasnikom koji mo\u017ee ku\u0107icu iznajmljivati i time ostvariti dodatan izvor prihoda.<\/p>\n<p>Za parcelu na kojoj se nalazi mobilna ku\u0107ica pla\u0107a se godi\u0161nji pau\u0161al. U na\u0161em blogu pogledajte\u00a0<strong><a title=\"Pau\u0161al u kampu\" href=\"https:\/\/charta-nekretnine.hr\/en\/2023\/04\/28\/pausal-za-mobilne-kucice-u-kampu\/\" target=\"_blank\" rel=\"noopener\">vi\u0161e o razlozima pla\u0107anja i svrsi pau\u0161ala u kampu<\/a><\/strong>.<\/p>\n<h2>Detalji ponude projekta \u201cMobilne ku\u0107ice u kampu Elka\u201d<\/h2>\n<div class=\"x11i5rnm xat24cr x1mh8g0r x1vvkbs xtlvy1s x126k92a\">\n<div dir=\"auto\">\n<ul>\n<li><strong>\u2022\u00a0<\/strong>Cijena mobilne ku\u0107ice: 37.000 \u20ac plus pdv<\/li>\n<li><strong>\u2022\u00a0<\/strong>Godi\u0161nji pau\u0161al: 6.000 \u20ac<\/li>\n<li><strong>\u2022\u00a0<\/strong>Ugovor na 10 godina<\/li>\n<li><strong>\u2022\u00a0<\/strong>Produljenje ugovora: mogu\u0107 dogovor<\/li>\n<\/ul>\n<hr \/>\n<ul>\n<li><strong>\u2022\u00a0<\/strong>Blizina mora: 150 metara<\/li>\n<li><strong>\u2022\u00a0<\/strong>Pristup ku\u0107icama: cijele godine<\/li>\n<li><strong>\u2022<\/strong>\u00a0Terasa: natkrivena, po dogovoru ogra\u0111ena<\/li>\n<li><strong>\u2022\u00a0<\/strong>Stanje mobilne ku\u0107ice: nova, potpuno opremljena i ure\u0111ena<\/li>\n<li><strong>\u2022\u00a0<\/strong>Osiguran parking<\/li>\n<\/ul>\n<p>&nbsp;<\/p>\n<\/div>\n<\/div>\n<p dir=\"auto\">Mobilne ku\u0107ice se prodaju po sistemu klju\u010d u ruke, a na\u0161a usluga uklju\u010duje:<\/p>\n<div class=\"x11i5rnm xat24cr x1mh8g0r x1vvkbs xtlvy1s x126k92a\">\n<ul>\n<li dir=\"auto\">\u2022 Potpuno opremljenu i namje\u0161tenu mobilnu ku\u0107icu<\/li>\n<li dir=\"auto\">\u2022 Organiziran prijevoz i postavljanje ku\u0107ice<\/li>\n<li dir=\"auto\">\u2022 Natkrivenu terasu<br \/>\n<hr \/>\n<\/li>\n<li dir=\"auto\">\u2022 Monta\u017eu terase<\/li>\n<li dir=\"auto\">\u2022 Pripremljena parcela sa priklju\u010dcima<\/li>\n<li dir=\"auto\">\u2022 Spajanje ku\u0107ice na priklju\u010dke<\/li>\n<\/ul>\n<\/div>\n<h3>Lokacija kampa<\/h3>\n<p>Kamp Elka se nalazi u Pako\u0161tanima, nedaleko od Zadra. Za svaku parcelu predvi\u0111en je parking za goste, a u neposrednoj udaljenosti od kampa nalaze se brojne trgovine.<\/p>\n<p>Na ovoj poveznici pogledajte <a href=\"https:\/\/maps.app.goo.gl\/fGvuC7SZWY3wGnsUA?g_st=aw\" target=\"_blank\" rel=\"noopener\"><strong>lokaciju kampa Elka<\/strong><\/a><\/p>\n<p>Brojne biciklisti\u010dke staze, od laganih do brdovito zahtjevnijih, se\u017eu uz obli\u017enje Vransko jezero. Svaki \u0107e odmor upotpuniti organiziran posjet\u00a0<strong><a href=\"https:\/\/www.np-kornati.hr\/index.php?lang=hr\" target=\"_blank\" rel=\"noopener\">Nacionalnom parku Kornati<\/a><\/strong>, Parku prirode Tela\u0161\u0107ica ili nekom od obli\u017enjih naselja i gradova.<\/p>\n<h2>Posebnosti ponude za mobilne ku\u0107ice u kampu Elka<\/h2>\n<p>Kamp Elka smostalni je kompleks koji svake godine pro\u0161iruje i podi\u017ee atraktivnost ponude za vlastite goste.<\/p>\n<p>U kampu se nalazi maleno, prikladno <strong>dje\u010dje igrali\u0161te<\/strong> sa toboganima, ljulja\u010dkama i trampolinom. A sve to na dohvat ruke i na mjestu koje je vidljivo sa terasa mobilnih ku\u0107ica. Ova \u0107e mala pogodnost dobro do\u0107i svakom roditelju koji \u017eeli u miru popiti kavu na terasi dok se njihovi maleni zabavljaju.<\/p>\n<p>Vjerojatno najve\u0107i adut za vlasnike mobilne ku\u0107ice u kampu Elka je <strong>restoran Elka<\/strong> u kojemu se mogu naru\u010diti razna jela. Od tipi\u010dne ponude za priobalno podru\u010dje do svje\u017ee pripremljenih plodova mora, goste va\u0161ih ku\u0107ica odu\u0161evit \u0107e mogu\u0107nost pansionskog naru\u010divanja obroka.<\/p>\n<p>Naravno, na raspolaganju \u0107e biti i slastice poput kola\u010da i nadasve nezaobilaznog sladoleda.<\/p>\n<h2>Turisti\u010dko investicijski potencijal kampa Elka<\/h2>\n<p>Namjena mobilnih ku\u0107ica prvenstveno je daljnje iznajmljivanje. Ugovor o zakupu parcele na koju dolazi nova mobilna ku\u0107ica potpisuje se na 10 godina \u2013 uz mogu\u0107nost produ\u017eenja.<\/p>\n<p>Kroz investicijski period od 10 godina, od najma u mobilne ku\u0107ice u kampovima se o\u010dekuje povrat ulaganja kroz 4 do 6 godina, a preostali period do isteka ugovora od 10 godina, razdoblje je ostvarenja \u010distog prihoda.*<\/p>\n<p>Prema dosada\u0161njem iskustvu na\u0161ih klijenata, ovaj oblik ulaganja idealan je ako vam je cilj o\u010duvati vrijednost svojih, ve\u0107 postoje\u0107ih financijskih sredstava. Odnosno, ako ne \u017eelite da vam sredstva propadaju uslijed inflacije i drugih negativnih trendova.<\/p>\n<p>Procjena godi\u0161njeg prihoda od najma mobilne ku\u0107ice u kampu Elka: <strong>15.000 \u2013 20.000 \u20ac<\/strong><\/p>\n<p>Kako bi lak\u0161e donijeli odluku za vas smo pripremili <strong><a href=\"https:\/\/charta-nekretnine.hr\/en\/2024\/12\/09\/vodic-za-ulaganje-u-mobilne-kucice\/\" target=\"_blank\" rel=\"noopener\">opse\u017ean vodi\u010d o ulaganju u mobilne ku\u0107ice<\/a><\/strong>.<\/p>\n<p>Vlasnici nove mobilne ku\u0107ice resort u kampu Elka mogu tako\u0111er odabrati mje\u0161oviti model upotrebe mobilne ku\u0107ice u kampovima.<\/p>\n<p>Ovime se odlu\u010duju iznajmiti ku\u0107icu koliko je dovoljno da se pokriju osnovni godi\u0161nji tro\u0161kovi, a ostatak vremena koriste ju za vlastite potrebe. Malo za sebe, malo za rodbinu i prijatelje, ovaj model otvara mogu\u0107nost da u\u017eivate u svom smje\u0161taju uz more kad to vama odgovara.<\/p>\n<p>Du\u017eni smo napomenuti da se kupnjom mobilne ku\u0107ice u kampovima, ona ne\u0107e iznajmljivati sama od sebe. Iako upravljanje ku\u0107icom nije intezivan i zahtjevan postupak, od vlasnika ku\u0107ica za odmor se o\u010dekuje odre\u0111eni anga\u017eman.<\/p>\n<p>*procjena prihoda od najma utvr\u0111ena je prema pokazateljima u prethodne 3 godine za smje\u0161taj u mobilnim ku\u0107icama na bliskim lokacijama.<\/p>\n<h2>Kako su opremljene mobilne ku\u0107ice<\/h2>\n<p>Potpuna\u00a0<strong>opremljenost ku\u0107anskim ure\u0111ajima<\/strong>\u00a0zna\u010di da mo\u017eete ra\u010dunati na kuhinju sa perilicom posu\u0111a, velikim hladnjakom sa ledenicom te staklokerami\u010dkom plo\u010dom za kuhanje.<\/p>\n<p>Elementi za pohranu pribora za jelo i malih kuhinjskih ure\u0111aja dovoljno su veliki za potrebe va\u0161ih gostiju \u2013 od parova do cijelih obitelji.<\/p>\n<figure id=\"attachment_9105\" aria-describedby=\"caption-attachment-9105\" style=\"width: 607px\" class=\"wp-caption aligncenter\"><img decoding=\"async\" class=\"wp-image-9105\" src=\"https:\/\/charta-nekretnine.hr\/wp-content\/uploads\/2025\/06\/Tlocrt.jpg\" alt=\"Tlocrt mobilne ku\u0107ice u view kampu\" width=\"607\" height=\"360\" srcset=\"https:\/\/charta-nekretnine.hr\/wp-content\/uploads\/2025\/06\/Tlocrt.jpg 910w, https:\/\/charta-nekretnine.hr\/wp-content\/uploads\/2025\/06\/Tlocrt-768x456.jpg 768w, https:\/\/charta-nekretnine.hr\/wp-content\/uploads\/2025\/06\/Tlocrt-18x12.jpg 18w, https:\/\/charta-nekretnine.hr\/wp-content\/uploads\/2025\/06\/Tlocrt-600x356.jpg 600w\" sizes=\"(max-width: 607px) 100vw, 607px\" \/><figcaption id=\"caption-attachment-9105\" class=\"wp-caption-text\">Tlocrt mobilne ku\u0107ice<\/figcaption><\/figure>\n<p>Na raspolaganju vam je odabir interijera sa 2 kupaonice, a spava\u0107e sobe mo\u017eete opremiti krevetima na kat, odvojenim krevetima ili velikim krevetom za dvije osobe.<\/p>\n<p>Moderno ure\u0111ene, ove mobilne ku\u0107ice sa pogledom na more opremljene su svim potrebnim ure\u0111ajima za ugodan boravak i odmor bez naprezanja.<\/p>\n<p><strong>Kuhinja<\/strong>\u00a0ima veliki fri\u017eider, perilicu za pranje su\u0111a, plo\u010du za kuhanje i dovoljno prostora za odlaganje kuhinjskog pribora i manjih ure\u0111aja.<\/p>\n<p>Savjetujemo da svojim gostima pru\u017eite dodatan komfor nabavkom mikrovalne i aparata za kavu.<\/p>\n<p><strong>Kupaonica<\/strong>\u00a0je pravo \u010dudo rasporeda elemenata i galanterije. Svaki kvadratni centimetar iskori\u0161ten je da omogu\u0107i nesmetano kretanje vi\u0161e osoba istovremeno.<\/p>\n<p><strong>Dnevni boravak<\/strong>\u00a0opremljen je kau\u010dem na razvla\u010denje \u0161to mo\u017ee obradovati privremene goste, smart TV-om i klima ure\u0111ajem.<\/p>\n<figure id=\"attachment_8981\" class=\"wp-caption aligncenter\" aria-describedby=\"caption-attachment-8981\"><figcaption id=\"caption-attachment-8981\" class=\"wp-caption-text\">\n<figure id=\"attachment_9178\" aria-describedby=\"caption-attachment-9178\" style=\"width: 540px\" class=\"wp-caption aligncenter\"><img decoding=\"async\" class=\"wp-image-9178\" src=\"https:\/\/charta-nekretnine.hr\/wp-content\/uploads\/2025\/03\/ps456546.jpg\" alt=\"Mobilna ku\u0107ica u kampu\" width=\"540\" height=\"360\" srcset=\"https:\/\/charta-nekretnine.hr\/wp-content\/uploads\/2025\/03\/ps456546.jpg 810w, https:\/\/charta-nekretnine.hr\/wp-content\/uploads\/2025\/03\/ps456546-768x512.jpg 768w, https:\/\/charta-nekretnine.hr\/wp-content\/uploads\/2025\/03\/ps456546-18x12.jpg 18w, https:\/\/charta-nekretnine.hr\/wp-content\/uploads\/2025\/03\/ps456546-600x400.jpg 600w\" sizes=\"(max-width: 540px) 100vw, 540px\" \/><figcaption id=\"caption-attachment-9178\" class=\"wp-caption-text\">Svaka mobilna ku\u0107ica dolazi sa natkrivenom terasom<\/figcaption><\/figure>\n<\/figcaption><\/figure>\n<p><strong>Terasa<\/strong> je mjesto okupljanja svih posjetitelja i prostor za unapre\u0111enje usluge smje\u0161taja. Uz vanjsku garnituru za opu\u0161tanje uz lagani vjetri\u0107, na terasu se mo\u017ee postaviti vanjska kuhinja te el. gril. Ovdje \u0107e zasjati va\u0161a ma\u0161tovitost i pretvoriti va\u0161 smje\u0161taj u uspje\u0161an projekt \u201cMobilne ku\u0107ice u kampu Elka\u201d.<\/p>\n<p>Pru\u017eite svojim gostima iskustvo zajedni\u010dkih obroka na svje\u017eem zraku i rashla\u0111ene prostorije unutar mobilne ku\u0107ice.<\/p>\n<h3>\u010cesta pitanja i odgovori vezani uz ulaganje u mobilne ku\u0107ice<\/h3>\n<div class=\"x11i5rnm xat24cr x1mh8g0r x1vvkbs xtlvy1s x126k92a\">\n<p dir=\"auto\">Zanima li vas investicija u projekt \u201cMobilne ku\u0107ice u kampu Elka\u201d u neposrednoj blizini mora, sigurno \u017eelite znati odgovore na sljede\u0107a pitanja:<\/p>\n<\/div>\n<div class=\"x11i5rnm xat24cr x1mh8g0r x1vvkbs xtlvy1s x126k92a\">\n<div dir=\"auto\"><span class=\"x3nfvp2 x1j61x8r x1fcty0u xdj266r xhhsvwb xat24cr xgzva0m xxymvpz xlup9mm x1kky2od\"><img loading=\"lazy\" decoding=\"async\" class=\"xz74otr\" src=\"https:\/\/static.xx.fbcdn.net\/images\/emoji.php\/v9\/t72\/3\/16\/1f518.png\" alt=\"\ud83d\udd18\" width=\"16\" height=\"16\" \/><\/span>\u00a0\u0160to je pau\u0161al ?<\/div>\n<div dir=\"auto\"><span class=\"x3nfvp2 x1j61x8r x1fcty0u xdj266r xhhsvwb xat24cr xgzva0m xxymvpz xlup9mm x1kky2od\"><img loading=\"lazy\" decoding=\"async\" class=\"xz74otr\" src=\"https:\/\/static.xx.fbcdn.net\/images\/emoji.php\/v9\/t8f\/3\/16\/2611.png\" alt=\"\u2611\ufe0f\" width=\"16\" height=\"16\" \/><\/span>\u00a0Godi\u0161nja naknada za kori\u0161tenje parcele koja se pla\u0107a vlasniku kampa<\/div>\n<\/div>\n<div class=\"x11i5rnm xat24cr x1mh8g0r x1vvkbs xtlvy1s x126k92a\">\n<div dir=\"auto\">\n<hr \/>\n<\/div>\n<\/div>\n<div class=\"x11i5rnm xat24cr x1mh8g0r x1vvkbs xtlvy1s x126k92a\">\n<div dir=\"auto\"><span class=\"x3nfvp2 x1j61x8r x1fcty0u xdj266r xhhsvwb xat24cr xgzva0m xxymvpz xlup9mm x1kky2od\"><img loading=\"lazy\" decoding=\"async\" class=\"xz74otr\" src=\"https:\/\/static.xx.fbcdn.net\/images\/emoji.php\/v9\/t72\/3\/16\/1f518.png\" alt=\"\ud83d\udd18\" width=\"16\" height=\"16\" \/><\/span>\u00a0Za koliko mogu vratiti ulo\u017eeno ?<\/div>\n<div dir=\"auto\"><span class=\"x3nfvp2 x1j61x8r x1fcty0u xdj266r xhhsvwb xat24cr xgzva0m xxymvpz xlup9mm x1kky2od\"><img loading=\"lazy\" decoding=\"async\" class=\"xz74otr\" src=\"https:\/\/static.xx.fbcdn.net\/images\/emoji.php\/v9\/t8f\/3\/16\/2611.png\" alt=\"\u2611\ufe0f\" width=\"16\" height=\"16\" \/><\/span>\u00a0O\u010dekivani povrat investicije je 4 do 6 godina<\/div>\n<\/div>\n<div class=\"x11i5rnm xat24cr x1mh8g0r x1vvkbs xtlvy1s x126k92a\">\n<div dir=\"auto\">\n<hr \/>\n<\/div>\n<div dir=\"auto\"><span class=\"x3nfvp2 x1j61x8r x1fcty0u xdj266r xhhsvwb xat24cr xgzva0m xxymvpz xlup9mm x1kky2od\"><img loading=\"lazy\" decoding=\"async\" class=\"xz74otr\" src=\"https:\/\/static.xx.fbcdn.net\/images\/emoji.php\/v9\/t72\/3\/16\/1f518.png\" alt=\"\ud83d\udd18\" width=\"16\" height=\"16\" \/><\/span>\u00a0Mogu li boraviti u mobilnoj ku\u0107ici ?<\/div>\n<div dir=\"auto\"><span class=\"x3nfvp2 x1j61x8r x1fcty0u xdj266r xhhsvwb xat24cr xgzva0m xxymvpz xlup9mm x1kky2od\"><img loading=\"lazy\" decoding=\"async\" class=\"xz74otr\" src=\"https:\/\/static.xx.fbcdn.net\/images\/emoji.php\/v9\/t8f\/3\/16\/2611.png\" alt=\"\u2611\ufe0f\" width=\"16\" height=\"16\" \/><\/span>\u00a0Naravno, mo\u017eete kombinirati najam ku\u0107ice, boraviti u njoj ili pozvati prijatelje i rodbinu da odsjednu u njoj<\/div>\n<\/div>\n<div class=\"x11i5rnm xat24cr x1mh8g0r x1vvkbs xtlvy1s x126k92a\">\n<div dir=\"auto\">\n<hr \/>\n<\/div>\n<div dir=\"auto\"><span class=\"x3nfvp2 x1j61x8r x1fcty0u xdj266r xhhsvwb xat24cr xgzva0m xxymvpz xlup9mm x1kky2od\"><img loading=\"lazy\" decoding=\"async\" class=\"xz74otr\" src=\"https:\/\/static.xx.fbcdn.net\/images\/emoji.php\/v9\/t72\/3\/16\/1f518.png\" alt=\"\ud83d\udd18\" width=\"16\" height=\"16\" \/><\/span>\u00a0\u010cije su vlasni\u0161tvo ove mobilne ku\u0107ice ?<\/div>\n<div dir=\"auto\"><span class=\"x3nfvp2 x1j61x8r x1fcty0u xdj266r xhhsvwb xat24cr xgzva0m xxymvpz xlup9mm x1kky2od\"><img loading=\"lazy\" decoding=\"async\" class=\"xz74otr\" src=\"https:\/\/static.xx.fbcdn.net\/images\/emoji.php\/v9\/t8f\/3\/16\/2611.png\" alt=\"\u2611\ufe0f\" width=\"16\" height=\"16\" \/><\/span>\u00a0Va\u0161e! Velika je prednost ovog na\u010dina investiranja \u0161to ku\u0107icu mo\u017eete prodati i time jo\u0161 pove\u0107ati svoju dobit.<\/div>\n<\/div>\n<div class=\"x11i5rnm xat24cr x1mh8g0r x1vvkbs xtlvy1s x126k92a\">\n<div dir=\"auto\">\n<hr \/>\n<\/div>\n<div dir=\"auto\"><span class=\"x3nfvp2 x1j61x8r x1fcty0u xdj266r xhhsvwb xat24cr xgzva0m xxymvpz xlup9mm x1kky2od\"><img loading=\"lazy\" decoding=\"async\" class=\"xz74otr\" src=\"https:\/\/static.xx.fbcdn.net\/images\/emoji.php\/v9\/t72\/3\/16\/1f518.png\" alt=\"\ud83d\udd18\" width=\"16\" height=\"16\" \/><\/span>\u00a0Da li je i parcela u kampu moja ?<\/div>\n<div dir=\"auto\"><span class=\"x3nfvp2 x1j61x8r x1fcty0u xdj266r xhhsvwb xat24cr xgzva0m xxymvpz xlup9mm x1kky2od\"><img loading=\"lazy\" decoding=\"async\" class=\"xz74otr\" src=\"https:\/\/static.xx.fbcdn.net\/images\/emoji.php\/v9\/t8f\/3\/16\/2611.png\" alt=\"\u2611\ufe0f\" width=\"16\" height=\"16\" \/><\/span>\u00a0Ne! Zemlji\u0161te kampa privatno je vlasni\u0161tvo koje se daje u zakup na odre\u0111eni broj godina.<\/div>\n<\/div>\n<div class=\"x11i5rnm xat24cr x1mh8g0r x1vvkbs xtlvy1s x126k92a\">\n<div dir=\"auto\">\n<hr \/>\n<\/div>\n<div dir=\"auto\"><span class=\"x3nfvp2 x1j61x8r x1fcty0u xdj266r xhhsvwb xat24cr xgzva0m xxymvpz xlup9mm x1kky2od\"><img loading=\"lazy\" decoding=\"async\" class=\"xz74otr\" src=\"https:\/\/static.xx.fbcdn.net\/images\/emoji.php\/v9\/t72\/3\/16\/1f518.png\" alt=\"\ud83d\udd18\" width=\"16\" height=\"16\" \/><\/span> Isplati li se ulagati u mobilne ku\u0107ice u kampu Elka ?<\/div>\n<div dir=\"auto\">\n<p><span class=\"x3nfvp2 x1j61x8r x1fcty0u xdj266r xhhsvwb xat24cr xgzva0m xxymvpz xlup9mm x1kky2od\"><img loading=\"lazy\" decoding=\"async\" class=\"xz74otr\" src=\"https:\/\/static.xx.fbcdn.net\/images\/emoji.php\/v9\/t8f\/3\/16\/2611.png\" alt=\"\u2611\ufe0f\" width=\"16\" height=\"16\" \/><\/span>\u00a0Nazovite nas i saznajte detalje na\u0161e ponude!<\/p>\n<\/div>\n<\/div>\n<p dir=\"auto\">Za sve detalje i informacije o projektu \u201cMobilne ku\u0107ice u kampu Elka\u201d i ulaganju u turisti\u010dko iznajmljivanje, na raspolaganju smo vam na:<\/p>\n<div class=\"x11i5rnm xat24cr x1mh8g0r x1vvkbs xtlvy1s x126k92a\">\n<div dir=\"auto\">+385 (0)91 900 1525<br \/>\n+385 (0)99 366 4412<br \/>\n+385 (0)99 738 5893<br \/>\n+385 (0)95 724 2285<\/div>\n<div dir=\"auto\">info@charta-nekretnine.hr<\/div>\n<\/div>","protected":false},"featured_media":9247,"template":"","meta":{"_acf_changed":false,"ocean_post_layout":"","ocean_both_sidebars_style":"","ocean_both_sidebars_content_width":0,"ocean_both_sidebars_sidebars_width":0,"ocean_sidebar":"","ocean_second_sidebar":"","ocean_disable_margins":"enable","ocean_add_body_class":"","ocean_shortcode_before_top_bar":"","ocean_shortcode_after_top_bar":"","ocean_shortcode_before_header":"","ocean_shortcode_after_header":"","ocean_has_shortcode":"","ocean_shortcode_after_title":"","ocean_shortcode_before_footer_widgets":"","ocean_shortcode_after_footer_widgets":"","ocean_shortcode_before_footer_bottom":"","ocean_shortcode_after_footer_bottom":"","ocean_display_top_bar":"default","ocean_display_header":"default","ocean_header_style":"","ocean_center_header_left_menu":"","ocean_custom_header_template":"","ocean_custom_logo":0,"ocean_custom_retina_logo":0,"ocean_custom_logo_max_width":0,"ocean_custom_logo_tablet_max_width":0,"ocean_custom_logo_mobile_max_width":0,"ocean_custom_logo_max_height":0,"ocean_custom_logo_tablet_max_height":0,"ocean_custom_logo_mobile_max_height":0,"ocean_header_custom_menu":"","ocean_menu_typo_font_family":"","ocean_menu_typo_font_subset":"","ocean_menu_typo_font_size":0,"ocean_menu_typo_font_size_tablet":0,"ocean_menu_typo_font_size_mobile":0,"ocean_menu_typo_font_size_unit":"px","ocean_menu_typo_font_weight":"","ocean_menu_typo_font_weight_tablet":"","ocean_menu_typo_font_weight_mobile":"","ocean_menu_typo_transform":"","ocean_menu_typo_transform_tablet":"","ocean_menu_typo_transform_mobile":"","ocean_menu_typo_line_height":0,"ocean_menu_typo_line_height_tablet":0,"ocean_menu_typo_line_height_mobile":0,"ocean_menu_typo_line_height_unit":"","ocean_menu_typo_spacing":0,"ocean_menu_typo_spacing_tablet":0,"ocean_menu_typo_spacing_mobile":0,"ocean_menu_typo_spacing_unit":"","ocean_menu_link_color":"","ocean_menu_link_color_hover":"","ocean_menu_link_color_active":"","ocean_menu_link_background":"","ocean_menu_link_hover_background":"","ocean_menu_link_active_background":"","ocean_menu_social_links_bg":"","ocean_menu_social_hover_links_bg":"","ocean_menu_social_links_color":"","ocean_menu_social_hover_links_color":"","ocean_disable_title":"default","ocean_disable_heading":"default","ocean_post_title":"","ocean_post_subheading":"","ocean_post_title_style":"","ocean_post_title_background_color":"","ocean_post_title_background":0,"ocean_post_title_bg_image_position":"","ocean_post_title_bg_image_attachment":"","ocean_post_title_bg_image_repeat":"","ocean_post_title_bg_image_size":"","ocean_post_title_height":0,"ocean_post_title_bg_overlay":0.5,"ocean_post_title_bg_overlay_color":"","ocean_disable_breadcrumbs":"default","ocean_breadcrumbs_color":"","ocean_breadcrumbs_separator_color":"","ocean_breadcrumbs_links_color":"","ocean_breadcrumbs_links_hover_color":"","ocean_display_footer_widgets":"default","ocean_display_footer_bottom":"default","ocean_custom_footer_template":""},"product_brand":[],"product_cat":[265],"product_tag":[247,272],"class_list":{"0":"post-9244","1":"product","2":"type-product","3":"status-publish","4":"has-post-thumbnail","6":"product_cat-mobilne-kucice","7":"product_tag-prodaja","8":"product_tag-prodaja-mobilnih-kucica","9":"pa_broj-kupaonica-60","10":"pa_broj-spavacih-soba-52","11":"pa_cijena-37-000-plus-pdv","12":"pa_kvadratura-24-24-terasa","13":"pa_mjesto-pakostane","14":"pa_stanje-objekta-nove-mobilne-kucice","15":"pa_vrsta-objave-prodaja","17":"entry","18":"has-media","20":"first","21":"instock","22":"shipping-taxable","23":"product-type-simple","24":"has-product-nav","25":"col","26":"span_1_of_3","27":"owp-content-center","28":"owp-thumbs-layout-horizontal","29":"owp-btn-normal","30":"owp-tabs-layout-horizontal"},"acf":[],"jetpack_sharing_enabled":true,"_links":{"self":[{"href":"https:\/\/charta-nekretnine.hr\/en\/wp-json\/wp\/v2\/product\/9244","targetHints":{"allow":["GET"]}}],"collection":[{"href":"https:\/\/charta-nekretnine.hr\/en\/wp-json\/wp\/v2\/product"}],"about":[{"href":"https:\/\/charta-nekretnine.hr\/en\/wp-json\/wp\/v2\/types\/product"}],"wp:featuredmedia":[{"embeddable":true,"href":"https:\/\/charta-nekretnine.hr\/en\/wp-json\/wp\/v2\/media\/9247"}],"wp:attachment":[{"href":"https:\/\/charta-nekretnine.hr\/en\/wp-json\/wp\/v2\/media?parent=9244"}],"wp:term":[{"taxonomy":"product_brand","embeddable":true,"href":"https:\/\/charta-nekretnine.hr\/en\/wp-json\/wp\/v2\/product_brand?post=9244"},{"taxonomy":"product_cat","embeddable":true,"href":"https:\/\/charta-nekretnine.hr\/en\/wp-json\/wp\/v2\/product_cat?post=9244"},{"taxonomy":"product_tag","embeddable":true,"href":"https:\/\/charta-nekretnine.hr\/en\/wp-json\/wp\/v2\/product_tag?post=9244"}],"curies":[{"name":"wp","href":"https:\/\/api.w.org\/{rel}","templated":true}]}}