{"id":9318,"date":"2025-11-04T11:39:05","date_gmt":"2025-11-04T11:39:05","guid":{"rendered":"https:\/\/charta-nekretnine.hr\/?post_type=product&#038;p=9318"},"modified":"2025-11-04T11:49:56","modified_gmt":"2025-11-04T11:49:56","slug":"mobilne-kucice-blizu-mora-posedarje","status":"publish","type":"product","link":"https:\/\/charta-nekretnine.hr\/en\/product\/mobilne-kucice-blizu-mora-posedarje\/","title":{"rendered":"Mobilne ku\u0107ice blizu mora kamp Tonka, Posedarje"},"content":{"rendered":"","protected":false},"excerpt":{"rendered":"<h1>Mobilne ku\u0107ice blizu mora, kamp Tonka<\/h1>\n<p dir=\"auto\">Najnovija lokacija u Charta Mobile Homes ponudi je <span class=\"html-span xexx8yu xyri2b x18d9i69 x1c1uobl x1hl2dhg x16tdsg8 x1vvkbs x3nfvp2 x1j61x8r x1fcty0u xdj266r xat24cr xm2jcoa x1mpyi22 xxymvpz xlup9mm x1kky2od\">\ud835\uddde\ud835\uddee\ud835\uddfa\ud835\uddfd \ud835\udde7\ud835\uddfc\ud835\uddfb\ud835\uddf8\ud835\uddee koji se isti\u010de atraktivnom lokacijom u neposrednoj blizini ure\u0111ene pla\u017ee.<\/span><\/p>\n<p dir=\"auto\"><span class=\"html-span xexx8yu xyri2b x18d9i69 x1c1uobl x1hl2dhg x16tdsg8 x1vvkbs x3nfvp2 x1j61x8r x1fcty0u xdj266r xat24cr xm2jcoa x1mpyi22 xxymvpz xlup9mm x1kky2od\">Novi projekt pokre\u0107emo u Posedarju, gdje polo\u017eaj kampa u samoj blizini mora vlasnicima novih mobilnih ku\u0107ica daje priliku da u\u017eivaju u \u0161umu valova i svije\u017eem morskom zraku.<\/span><\/p>\n<figure id=\"attachment_9323\" aria-describedby=\"caption-attachment-9323\" style=\"width: 540px\" class=\"wp-caption aligncenter\"><img fetchpriority=\"high\" decoding=\"async\" class=\"wp-image-9323\" src=\"https:\/\/charta-nekretnine.hr\/wp-content\/uploads\/2025\/11\/Plaza-uz-kamp.jpg\" alt=\"Pla\u017ea kamp Tonka Posedarje\" width=\"540\" height=\"360\" srcset=\"https:\/\/charta-nekretnine.hr\/wp-content\/uploads\/2025\/11\/Plaza-uz-kamp.jpg 810w, https:\/\/charta-nekretnine.hr\/wp-content\/uploads\/2025\/11\/Plaza-uz-kamp-768x512.jpg 768w, https:\/\/charta-nekretnine.hr\/wp-content\/uploads\/2025\/11\/Plaza-uz-kamp-18x12.jpg 18w, https:\/\/charta-nekretnine.hr\/wp-content\/uploads\/2025\/11\/Plaza-uz-kamp-600x400.jpg 600w\" sizes=\"(max-width: 540px) 100vw, 540px\" \/><figcaption id=\"caption-attachment-9323\" class=\"wp-caption-text\">Od mobilne ku\u0107ice do pla\u017ee u manje od minute. Odli\u010dno, zar ne?<\/figcaption><\/figure>\n<p>Mobilne ku\u0107ice u kampu Tonka prvenstveno su namijenjene kao ulaganje u turisti\u010dki smje\u0161taj. Kupnjom mobilne ku\u0107e blizu mora postajete vlasnikom koji mo\u017ee mobilnu ku\u0107icu iznajmljivati i time pokrenuti <strong>samostalan i dugoro\u010dan dodatan izvor prihoda<\/strong>.<\/p>\n<p>Za parcelu na kojoj se nalazi mobilna ku\u0107ica pla\u0107a se godi\u0161nji pau\u0161al. U na\u0161em blogu potra\u017eite <strong><a title=\"Pau\u0161al u kampu\" href=\"https:\/\/charta-nekretnine.hr\/en\/2023\/04\/28\/pausal-za-mobilne-kucice-u-kampu\/\" target=\"_blank\" rel=\"noopener\">vi\u0161e o pojedinostima pau\u0161ala u kampu<\/a><\/strong>.<\/p>\n<h2>Detalji ponude mobilnih ku\u0107ica u kampu Tonka<\/h2>\n<div class=\"x11i5rnm xat24cr x1mh8g0r x1vvkbs xtlvy1s x126k92a\">\n<div dir=\"auto\">\n<ul>\n<li><strong>\u2022\u00a0<\/strong>Cijena mobilne ku\u0107ice model 24 m\u00b2: 37.500 \u20ac plus pdv<\/li>\n<li><strong>\u2022\u00a0<\/strong>Godi\u0161nji pau\u0161al: 5.500 \u20ac<\/li>\n<li><strong>\u2022\u00a0<\/strong>Ugovor na 10 godina<\/li>\n<li><strong>\u2022\u00a0<\/strong>Produljenje ugovora: mogu\u0107 dogovor<\/li>\n<\/ul>\n<hr \/>\n<ul>\n<li><strong>\u2022\u00a0<\/strong>Udaljenost od mora: 30 metara<\/li>\n<li><strong>\u2022\u00a0<\/strong>Pristup ku\u0107icama: cijele godine<\/li>\n<li><strong>\u2022<\/strong> Terasa: natkrivena 32 m\u00b2, po dogovoru ogra\u0111ena<\/li>\n<li><strong>\u2022\u00a0<\/strong>Stanje mobilne ku\u0107ice: nova, potpuno opremljena i ure\u0111ena<\/li>\n<li><strong>\u2022\u00a0<\/strong>Osiguran parking<\/li>\n<\/ul>\n<\/div>\n<\/div>\n<p dir=\"auto\">Mobilne ku\u0107ice se prodaju po sistemu klju\u010d u ruke, a na\u0161a usluga uklju\u010duje:<\/p>\n<div class=\"x11i5rnm xat24cr x1mh8g0r x1vvkbs xtlvy1s x126k92a\">\n<ul>\n<li dir=\"auto\">\u2022 Potpuno opremljenu i namje\u0161tenu mobilnu ku\u0107icu<\/li>\n<li dir=\"auto\">\u2022 Organiziran prijevoz i postavljanje ku\u0107ice<\/li>\n<li dir=\"auto\">\u2022 Natkrivenu terasu<br \/>\n<hr \/>\n<\/li>\n<li dir=\"auto\">\u2022 Monta\u017eu terase<\/li>\n<li dir=\"auto\">\u2022 Pripremljenu parcela sa priklju\u010dcima<\/li>\n<li dir=\"auto\">\u2022 Spajanje ku\u0107ice na priklju\u010dke<\/li>\n<\/ul>\n<\/div>\n<h2>Turisti\u010dko investicijski potencijal mobilne ku\u0107ice blizu mora<\/h2>\n<p>Namjena mobilnih ku\u0107ica prvenstveno je daljnje iznajmljivanje. Ugovor o zakupu parcele na koju dolaze nove mobilne ku\u0107ice blizu mora potpisuje se na 10 godina \u2013 uz mogu\u0107nost produ\u017eenja.<\/p>\n<p>Kroz investicijski period od 10 godina, od najma u mobilne ku\u0107ice u kampovima se o\u010dekuje povrat ulaganja kroz 4 do 6 godina, a preostali period do isteka ugovora od 10 godina, razdoblje je ostvarenja \u010distog prihoda.*<\/p>\n<p>Prema dosada\u0161njem iskustvu na\u0161ih klijenata, ovaj oblik ulaganja idealan je ako vam je cilj o\u010duvati vrijednost svojih, ve\u0107 postoje\u0107ih financijskih sredstava. Odnosno, ako ne \u017eelite da vam sredstva propadaju uslijed inflacije i drugih negativnih trendova.<\/p>\n<figure id=\"attachment_8920\" aria-describedby=\"caption-attachment-8920\" style=\"width: 640px\" class=\"wp-caption aligncenter\"><a href=\"https:\/\/charta-nekretnine.hr\/en\/2024\/12\/09\/vodic-za-ulaganje-u-mobilne-kucice\/\" target=\"_blank\" rel=\"noopener\"><img decoding=\"async\" class=\"wp-image-8920\" src=\"https:\/\/charta-nekretnine.hr\/wp-content\/uploads\/2024\/12\/Naslovna-web-Savjeti-vodic-3-1000x563.jpg\" alt=\"Ulaganje u mobilne ku\u0107ice\" width=\"640\" height=\"360\" srcset=\"https:\/\/charta-nekretnine.hr\/wp-content\/uploads\/2024\/12\/Naslovna-web-Savjeti-vodic-3-1000x563.jpg 1000w, https:\/\/charta-nekretnine.hr\/wp-content\/uploads\/2024\/12\/Naslovna-web-Savjeti-vodic-3-1024x576.jpg 1024w, https:\/\/charta-nekretnine.hr\/wp-content\/uploads\/2024\/12\/Naslovna-web-Savjeti-vodic-3-768x432.jpg 768w, https:\/\/charta-nekretnine.hr\/wp-content\/uploads\/2024\/12\/Naslovna-web-Savjeti-vodic-3-18x10.jpg 18w, https:\/\/charta-nekretnine.hr\/wp-content\/uploads\/2024\/12\/Naslovna-web-Savjeti-vodic-3-800x450.jpg 800w, https:\/\/charta-nekretnine.hr\/wp-content\/uploads\/2024\/12\/Naslovna-web-Savjeti-vodic-3-600x338.jpg 600w, https:\/\/charta-nekretnine.hr\/wp-content\/uploads\/2024\/12\/Naslovna-web-Savjeti-vodic-3.jpg 1280w\" sizes=\"(max-width: 640px) 100vw, 640px\" \/><\/a><figcaption id=\"caption-attachment-8920\" class=\"wp-caption-text\"><a href=\"https:\/\/charta-nekretnine.hr\/en\/2024\/12\/09\/vodic-za-ulaganje-u-mobilne-kucice\/\" target=\"_blank\" rel=\"noopener\"><strong>Vodi\u010d ispunjen savjetima za kupnju i ulaganje u mobilne ku\u0107ice<\/strong><\/a><\/figcaption><\/figure>\n<p>Procjena godi\u0161njeg prihoda od najma:\u00a0<strong>15.000 \u2013 20.000 \u20ac<\/strong><\/p>\n<p>Vlasnici svake pojedine i nove mobilne ku\u0107ice blizu mora mogu tako\u0111er odabrati mje\u0161oviti model upotrebe mobilne ku\u0107ice u kampovima.<\/p>\n<p>U svojoj mobilnoj ku\u0107ici mo\u017eete boraviti kadgod to po\u017eelite ili ugostiti va\u0161e prijatelje, obitelj ili poslovne partnere.<\/p>\n<p>Du\u017eni smo napomenuti da se kupnjom mobilne ku\u0107ice u kampovima, ona ne\u0107e iznajmljivati sama od sebe. Iako upravljanje ku\u0107icom nije intezivan i zahtjevan postupak, od vlasnika ku\u0107ica za odmor o\u010dekuje se odre\u0111eni anga\u017eman.<\/p>\n<p>*procjena prihoda od najma utvr\u0111ena je prema pokazateljima u prethodne 3 godine za smje\u0161taj u mobilnim ku\u0107icama na bliskim lokacijama.<\/p>\n<h3>Delux mobilne ku\u0107ice blizu mora 8 x 3 m (24 m\u00b2) sa terasom 32 m\u00b2<\/h3>\n<p>Moderno ure\u0111ene, ove mobilne ku\u0107ice imaju sve potrebne ure\u0111aje za ugodan boravak i odmor bez naprezanja.<\/p>\n<figure id=\"attachment_9181\" class=\"wp-caption aligncenter\" aria-describedby=\"caption-attachment-9181\">\n<figure id=\"attachment_9181\" aria-describedby=\"caption-attachment-9181\" style=\"width: 540px\" class=\"wp-caption aligncenter\"><img decoding=\"async\" class=\"wp-image-9181\" src=\"https:\/\/charta-nekretnine.hr\/wp-content\/uploads\/2025\/03\/pssaiwer333.jpg\" alt=\"Nove, potpuno opremljene mobilne ku\u0107ice\" width=\"540\" height=\"360\" srcset=\"https:\/\/charta-nekretnine.hr\/wp-content\/uploads\/2025\/03\/pssaiwer333.jpg 810w, https:\/\/charta-nekretnine.hr\/wp-content\/uploads\/2025\/03\/pssaiwer333-768x512.jpg 768w, https:\/\/charta-nekretnine.hr\/wp-content\/uploads\/2025\/03\/pssaiwer333-18x12.jpg 18w, https:\/\/charta-nekretnine.hr\/wp-content\/uploads\/2025\/03\/pssaiwer333-600x400.jpg 600w\" sizes=\"(max-width: 540px) 100vw, 540px\" \/><figcaption id=\"caption-attachment-9181\" class=\"wp-caption-text\">Nove, potpuno opremljene mobilne ku\u0107ice<\/figcaption><\/figure><figcaption id=\"caption-attachment-9181\" class=\"wp-caption-text\"><\/figcaption><\/figure>\n<p>&nbsp;<\/p>\n<p><strong>Kuhinja<\/strong>\u00a0ima veliki fri\u017eider, perilicu za pranje su\u0111a, plo\u010du za kuhanje i dovoljno prostora za odlaganje kuhinjskog pribora i manjih ure\u0111aja.<\/p>\n<p>Savjetujemo da svojim gostima pru\u017eite dodatan komfor nabavkom mikrovalne i aparata za kavu.<\/p>\n<p>Dvije\u00a0<strong>spava\u0107e sobe<\/strong>\u00a0mogu biti opremljene velikim krevetima ili\u00a0 onima za jednu osobu. Mogu\u0107e je dogovoriti i postavljanje kreveta na kat.<\/p>\n<p><strong>Kupaonica<\/strong> je projektirana tako da se isoristi svaki kvadratni centimetar \u0161to omogu\u0107ava nesmetano kretanje vi\u0161e osoba istovremeno.<\/p>\n<figure id=\"attachment_9319\" aria-describedby=\"caption-attachment-9319\" style=\"width: 640px\" class=\"wp-caption aligncenter\"><img loading=\"lazy\" decoding=\"async\" class=\"wp-image-9319\" src=\"https:\/\/charta-nekretnine.hr\/wp-content\/uploads\/2025\/11\/Dnevni-boravak.jpg\" alt=\"Mobilna ku\u0107ica interijer\" width=\"640\" height=\"360\" srcset=\"https:\/\/charta-nekretnine.hr\/wp-content\/uploads\/2025\/11\/Dnevni-boravak.jpg 960w, https:\/\/charta-nekretnine.hr\/wp-content\/uploads\/2025\/11\/Dnevni-boravak-768x432.jpg 768w, https:\/\/charta-nekretnine.hr\/wp-content\/uploads\/2025\/11\/Dnevni-boravak-18x10.jpg 18w, https:\/\/charta-nekretnine.hr\/wp-content\/uploads\/2025\/11\/Dnevni-boravak-800x450.jpg 800w, https:\/\/charta-nekretnine.hr\/wp-content\/uploads\/2025\/11\/Dnevni-boravak-600x338.jpg 600w\" sizes=\"(max-width: 640px) 100vw, 640px\" \/><figcaption id=\"caption-attachment-9319\" class=\"wp-caption-text\">Kuhinja i dnevni boravak su povezani u jedan prostor<\/figcaption><\/figure>\n<p><strong>Dnevni boravak<\/strong>\u00a0opremljen je kau\u010dem na razvla\u010denje \u0161to mo\u017ee obradovati privremene goste, smart TV-om i klima ure\u0111ajem.<\/p>\n<p><strong>Terasa<\/strong>\u00a0je mjesto okupljanja svih posjetitelja i prostor za unapre\u0111enje usluge smje\u0161taja. Uz vanjsku garnituru za opu\u0161tanje uz lagani vjetri\u0107, na terasu se mo\u017ee postaviti vanjska kuhinja te elektri\u010dni ro\u0161tilj.<\/p>\n<h3>Paket upravljanja za va\u0161u novu mobilnu ku\u0107icu u kampu Tonka<\/h3>\n<p>Za sve je mobilne ku\u0107ice blizu mora mogu\u0107e ugovoriti paket upravljanja koji uklju\u010duje:<\/p>\n<ul>\n<li><strong>\u2022\u00a0<\/strong>iznajmljivanje putem specijaliziranih portala<\/li>\n<li><strong>\u2022\u00a0<\/strong>koordinaciju raspolo\u017eivih termina na svim portalima<\/li>\n<li><strong>\u2022\u00a0<\/strong>check in \/ check out gostiju<\/li>\n<li><strong>\u2022\u00a0<\/strong>uslugu \u010di\u0161\u0107enja ku\u0107ice<\/li>\n<li><strong>\u2022\u00a0<\/strong>izradu web stranice i vo\u0111enje profila na dru\u0161tvenim mre\u017eama<\/li>\n<li><strong>\u2022\u00a0<\/strong>snimanje promo materijala za mobilne ku\u0107ice<\/li>\n<\/ul>\n<p dir=\"auto\">Za sve detalje i informacije o projektu ulaganja u turisti\u010dko iznajmljivanje, na raspolaganju smo vam<\/p>\n<div class=\"x11i5rnm xat24cr x1mh8g0r x1vvkbs xtlvy1s x126k92a\">\n<div dir=\"auto\">+385 (0)91 900 1525<br \/>\n+385 (0)99 366 4412<br \/>\n+385 (0)99 738 5893<br \/>\n+385 (0)95 724 2285<\/div>\n<div dir=\"auto\">info@charta-nekretnine.hr<\/div>\n<\/div>","protected":false},"featured_media":9326,"template":"","meta":{"_acf_changed":false,"ocean_post_layout":"","ocean_both_sidebars_style":"","ocean_both_sidebars_content_width":0,"ocean_both_sidebars_sidebars_width":0,"ocean_sidebar":"","ocean_second_sidebar":"","ocean_disable_margins":"enable","ocean_add_body_class":"","ocean_shortcode_before_top_bar":"","ocean_shortcode_after_top_bar":"","ocean_shortcode_before_header":"","ocean_shortcode_after_header":"","ocean_has_shortcode":"","ocean_shortcode_after_title":"","ocean_shortcode_before_footer_widgets":"","ocean_shortcode_after_footer_widgets":"","ocean_shortcode_before_footer_bottom":"","ocean_shortcode_after_footer_bottom":"","ocean_display_top_bar":"default","ocean_display_header":"default","ocean_header_style":"","ocean_center_header_left_menu":"","ocean_custom_header_template":"","ocean_custom_logo":0,"ocean_custom_retina_logo":0,"ocean_custom_logo_max_width":0,"ocean_custom_logo_tablet_max_width":0,"ocean_custom_logo_mobile_max_width":0,"ocean_custom_logo_max_height":0,"ocean_custom_logo_tablet_max_height":0,"ocean_custom_logo_mobile_max_height":0,"ocean_header_custom_menu":"","ocean_menu_typo_font_family":"","ocean_menu_typo_font_subset":"","ocean_menu_typo_font_size":0,"ocean_menu_typo_font_size_tablet":0,"ocean_menu_typo_font_size_mobile":0,"ocean_menu_typo_font_size_unit":"px","ocean_menu_typo_font_weight":"","ocean_menu_typo_font_weight_tablet":"","ocean_menu_typo_font_weight_mobile":"","ocean_menu_typo_transform":"","ocean_menu_typo_transform_tablet":"","ocean_menu_typo_transform_mobile":"","ocean_menu_typo_line_height":0,"ocean_menu_typo_line_height_tablet":0,"ocean_menu_typo_line_height_mobile":0,"ocean_menu_typo_line_height_unit":"","ocean_menu_typo_spacing":0,"ocean_menu_typo_spacing_tablet":0,"ocean_menu_typo_spacing_mobile":0,"ocean_menu_typo_spacing_unit":"","ocean_menu_link_color":"","ocean_menu_link_color_hover":"","ocean_menu_link_color_active":"","ocean_menu_link_background":"","ocean_menu_link_hover_background":"","ocean_menu_link_active_background":"","ocean_menu_social_links_bg":"","ocean_menu_social_hover_links_bg":"","ocean_menu_social_links_color":"","ocean_menu_social_hover_links_color":"","ocean_disable_title":"default","ocean_disable_heading":"default","ocean_post_title":"","ocean_post_subheading":"","ocean_post_title_style":"","ocean_post_title_background_color":"","ocean_post_title_background":0,"ocean_post_title_bg_image_position":"","ocean_post_title_bg_image_attachment":"","ocean_post_title_bg_image_repeat":"","ocean_post_title_bg_image_size":"","ocean_post_title_height":0,"ocean_post_title_bg_overlay":0.5,"ocean_post_title_bg_overlay_color":"","ocean_disable_breadcrumbs":"default","ocean_breadcrumbs_color":"","ocean_breadcrumbs_separator_color":"","ocean_breadcrumbs_links_color":"","ocean_breadcrumbs_links_hover_color":"","ocean_display_footer_widgets":"default","ocean_display_footer_bottom":"default","ocean_custom_footer_template":""},"product_brand":[],"product_cat":[265],"product_tag":[247,272],"class_list":{"0":"post-9318","1":"product","2":"type-product","3":"status-publish","4":"has-post-thumbnail","6":"product_cat-mobilne-kucice","7":"product_tag-prodaja","8":"product_tag-prodaja-mobilnih-kucica","9":"pa_broj-kupaonica-60","10":"pa_broj-spavacih-soba-52","11":"pa_cijena-37-500-plus-pdv","12":"pa_kvadratura-24-32-terasa","13":"pa_mjesto-posedarje","14":"pa_stanje-objekta-nove-mobilne-kucice","15":"pa_vrsta-objave-prodaja","17":"entry","18":"has-media","20":"first","21":"instock","22":"shipping-taxable","23":"product-type-simple","24":"has-product-nav","25":"col","26":"span_1_of_3","27":"owp-content-center","28":"owp-thumbs-layout-horizontal","29":"owp-btn-normal","30":"owp-tabs-layout-horizontal"},"acf":[],"jetpack_sharing_enabled":true,"_links":{"self":[{"href":"https:\/\/charta-nekretnine.hr\/en\/wp-json\/wp\/v2\/product\/9318","targetHints":{"allow":["GET"]}}],"collection":[{"href":"https:\/\/charta-nekretnine.hr\/en\/wp-json\/wp\/v2\/product"}],"about":[{"href":"https:\/\/charta-nekretnine.hr\/en\/wp-json\/wp\/v2\/types\/product"}],"wp:featuredmedia":[{"embeddable":true,"href":"https:\/\/charta-nekretnine.hr\/en\/wp-json\/wp\/v2\/media\/9326"}],"wp:attachment":[{"href":"https:\/\/charta-nekretnine.hr\/en\/wp-json\/wp\/v2\/media?parent=9318"}],"wp:term":[{"taxonomy":"product_brand","embeddable":true,"href":"https:\/\/charta-nekretnine.hr\/en\/wp-json\/wp\/v2\/product_brand?post=9318"},{"taxonomy":"product_cat","embeddable":true,"href":"https:\/\/charta-nekretnine.hr\/en\/wp-json\/wp\/v2\/product_cat?post=9318"},{"taxonomy":"product_tag","embeddable":true,"href":"https:\/\/charta-nekretnine.hr\/en\/wp-json\/wp\/v2\/product_tag?post=9318"}],"curies":[{"name":"wp","href":"https:\/\/api.w.org\/{rel}","templated":true}]}}