{"id":9333,"date":"2025-11-17T07:31:23","date_gmt":"2025-11-17T07:31:23","guid":{"rendered":"https:\/\/charta-nekretnine.hr\/?post_type=product&#038;p=9333"},"modified":"2025-11-17T07:45:32","modified_gmt":"2025-11-17T07:45:32","slug":"mobilne-kucice-sa-potencijalom-cjelogodisnjeg-najma","status":"publish","type":"product","link":"https:\/\/charta-nekretnine.hr\/en\/product\/mobilne-kucice-sa-potencijalom-cjelogodisnjeg-najma\/","title":{"rendered":"Mobilne ku\u0107ice sa potencijalom cjelogodi\u0161njeg najma"},"content":{"rendered":"","protected":false},"excerpt":{"rendered":"<h1>Mobilne ku\u0107ice sa potencijalom cjelogodi\u0161njeg najma<\/h1>\n<p>Za 2026. g, pokre\u0107emo <strong>kamp Re\u0161etar<\/strong> na samo 5 minuta vo\u017enje od <strong>Plitvi\u010dkih jezera<\/strong>.<\/p>\n<p>Idealan kao baza za cjelogodi\u0161nji turizam, u ovome kampu se nude nove potpuno opremljene mobilne ku\u0107ice ukupne povr\u0161ine <strong>64m\u00b2<\/strong>. Ku\u0107ice imaju <strong>dodatnu toplinsku izolaciju<\/strong> kako bi va\u0161i gosti u\u017eivali u boravku tijekom jeseni i zimskog razdoblja.<\/p>\n<figure id=\"attachment_9276\" aria-describedby=\"caption-attachment-9276\" style=\"width: 640px\" class=\"wp-caption aligncenter\"><img fetchpriority=\"high\" decoding=\"async\" class=\"wp-image-9276\" src=\"https:\/\/charta-nekretnine.hr\/wp-content\/uploads\/2025\/10\/Mobilna-kucica-u-snijegu.jpg\" alt=\"Mobilna ku\u0107ica u snijegu\" width=\"640\" height=\"360\" srcset=\"https:\/\/charta-nekretnine.hr\/wp-content\/uploads\/2025\/10\/Mobilna-kucica-u-snijegu.jpg 960w, https:\/\/charta-nekretnine.hr\/wp-content\/uploads\/2025\/10\/Mobilna-kucica-u-snijegu-768x432.jpg 768w, https:\/\/charta-nekretnine.hr\/wp-content\/uploads\/2025\/10\/Mobilna-kucica-u-snijegu-18x10.jpg 18w, https:\/\/charta-nekretnine.hr\/wp-content\/uploads\/2025\/10\/Mobilna-kucica-u-snijegu-800x450.jpg 800w, https:\/\/charta-nekretnine.hr\/wp-content\/uploads\/2025\/10\/Mobilna-kucica-u-snijegu-600x338.jpg 600w\" sizes=\"(max-width: 640px) 100vw, 640px\" \/><figcaption id=\"caption-attachment-9276\" class=\"wp-caption-text\">Rijetki su dani kad mobilne ku\u0107ice prekrije snijeg<\/figcaption><\/figure>\n<p>Mobilne ku\u0107ice se prodaju sa namjenom daljnjeg iznajmljivanja i predstavljaju investiciju sa jednistvenim pogodnostima.<\/p>\n<p>Ku\u0107ice su u potpunosti opremljene ku\u0107anskim ure\u0111ajima za svakodnevnu upotrebu. Na raspolaganju su vam plo\u010da za kuhanje, veliki fri\u017eider sa ledenicom, perilica posu\u0111a, Smart TV te osiguran WiFi. Vi\u0161e detalja o izgledu i opremljenosti ku\u0107ice pogledajte ni\u017ee u tekstu.<\/p>\n<p>Ugovor o zakupu parcele sklapa se na <strong>neograni\u010deno razdoblje<\/strong> \u0161to pospje\u0161uje povrat investicije i otvara mogu\u0107nost stvaranja trajnog prihoda od najma mobilne ku\u0107ice.<\/p>\n<h2>Potencijal lokacije kampa Re\u0161etar<\/h2>\n<p>Kamp Re\u0161etar smje\u0161ten je na podru\u010dju istoimene op\u0107ine Re\u0161etar koja se nalazi u blizina Nacionalnog parka Plitvi\u010dka jezera.<\/p>\n<p>Sama blizina ove svjetski poznate prirodne atrakcije otvara mogu\u0107nost da va\u0161a nova mobilna ku\u0107ica bude baza za mnogobrojne posjetitelje Plitvi\u010dkih jezera tijekom cijele godine.<\/p>\n<figure id=\"attachment_9344\" aria-describedby=\"caption-attachment-9344\" style=\"width: 360px\" class=\"wp-caption aligncenter\"><img decoding=\"async\" class=\"wp-image-9344\" src=\"https:\/\/charta-nekretnine.hr\/wp-content\/uploads\/2025\/11\/Plitvice-Charta-Resetar.jpg\" alt=\"Slapovi na Plitvi\u010dkim jezerima\" width=\"360\" height=\"360\" srcset=\"https:\/\/charta-nekretnine.hr\/wp-content\/uploads\/2025\/11\/Plitvice-Charta-Resetar.jpg 540w, https:\/\/charta-nekretnine.hr\/wp-content\/uploads\/2025\/11\/Plitvice-Charta-Resetar-12x12.jpg 12w, https:\/\/charta-nekretnine.hr\/wp-content\/uploads\/2025\/11\/Plitvice-Charta-Resetar-300x300.jpg 300w, https:\/\/charta-nekretnine.hr\/wp-content\/uploads\/2025\/11\/Plitvice-Charta-Resetar-100x100.jpg 100w\" sizes=\"(max-width: 360px) 100vw, 360px\" \/><figcaption id=\"caption-attachment-9344\" class=\"wp-caption-text\">\u0160etnica mo\u017ee biti i odmori\u0161te za o\u010di i du\u0161u<\/figcaption><\/figure>\n<p>Svatko kome je stalo da u\u017eiva u ljepotama slapova i \u0161etnicama unutar Nacionalnog parka od sada \u0107e imati priliku provesti vi\u0161e dana na lokaciji. U bilo koje doba godine.<\/p>\n<p>Naravno, va\u0161e \u0107e nove mobilne ku\u0107ice biti magnet za organizirane ture iz udaljenih destinacija i lako \u0107e postati nezaobilazno mjesto za vi\u0161ednevni odmor.<\/p>\n<p>O ljepotama i \u010darima <a href=\"https:\/\/np-plitvicka-jezera.hr\/\" target=\"_blank\" rel=\"noopener\">Nacionalnog parka Plitvi\u010dka jezera<\/a> upoznati su mnogobrojni doma\u0107i i strani turisti. Od sada, va\u0161a mobilna ku\u0107ica u kampu Re\u0161etar biti \u0107e mjesto za odmor svima koji \u017eele u\u017eivati u ovoj atrakciji.<\/p>\n<h2>Detalji ponude projekta \u201ckamp Re\u0161etar\u201d<\/h2>\n<div class=\"x11i5rnm xat24cr x1mh8g0r x1vvkbs xtlvy1s x126k92a\">\n<div dir=\"auto\">\n<ul>\n<li><strong>\u2022\u00a0<\/strong>Cijena mobilne ku\u0107ice model 64 m\u00b2: 47.000 \u20ac plus pdv<\/li>\n<li><strong>\u2022\u00a0<\/strong>Godi\u0161nji pau\u0161al: 6.000 \u20ac<\/li>\n<li><strong>\u2022\u00a0<\/strong>Ugovor o zakupu parcele: na neodre\u0111eno razdoblje<\/li>\n<\/ul>\n<hr \/>\n<ul>\n<li><strong>\u2022\u00a0<\/strong>Glavna atrakcija: blizina Nacionalnog parka Plitvi\u010dka jezera<\/li>\n<li><strong>\u2022\u00a0<\/strong>Pristup ku\u0107icama: cijele godine<\/li>\n<li><strong>\u2022<\/strong>\u00a0Terasa: natkrivena, po dogovoru ogra\u0111ena<\/li>\n<li><strong>\u2022\u00a0<\/strong>Stanje mobilne ku\u0107ice: nova, potpuno opremljena i ure\u0111ena<\/li>\n<li><strong>\u2022\u00a0<\/strong>Osiguran parking<\/li>\n<\/ul>\n<\/div>\n<\/div>\n<p dir=\"auto\">Mobilne ku\u0107ice sa potencijalom cjelogodi\u0161njeg najma se prodaju po sistemu klju\u010d u ruke, a na\u0161a usluga uklju\u010duje:<\/p>\n<div class=\"x11i5rnm xat24cr x1mh8g0r x1vvkbs xtlvy1s x126k92a\">\n<ul>\n<li dir=\"auto\">\u2022 Potpuno opremljenu i namje\u0161tenu mobilnu ku\u0107icu<\/li>\n<li dir=\"auto\">\u2022 Organiziran prijevoz i postavljanje ku\u0107ice<\/li>\n<li dir=\"auto\">\u2022 Natkrivenu terasu<br \/>\n<hr \/>\n<\/li>\n<li dir=\"auto\">\u2022 Monta\u017eu terase<\/li>\n<li dir=\"auto\">\u2022 Pripremljena parcela sa priklju\u010dcima<\/li>\n<li dir=\"auto\">\u2022 Spajanje ku\u0107ice na priklju\u010dke<\/li>\n<\/ul>\n<\/div>\n<h2>Turisti\u010dko investicijski potencijal kampa Re\u0161etar<\/h2>\n<p>Namjena mobilnih ku\u0107ica prvenstveno je daljnje iznajmljivanje. Ugovor o zakupu parcele na koju dolazi nova mobilna ku\u0107ica potpisuje se <strong>neograni\u010deno razdoblje<\/strong>.<\/p>\n<p>Kroz investicijski period, od najma u mobilne ku\u0107ice u kampovima se o\u010dekuje povrat ulaganja kroz 4 do 6 godina, a preostali period, razdoblje je ostvarenja \u010distog prihoda.*<\/p>\n<figure id=\"attachment_8919\" aria-describedby=\"caption-attachment-8919\" style=\"width: 640px\" class=\"wp-caption aligncenter\"><img decoding=\"async\" class=\"wp-image-8919\" src=\"https:\/\/charta-nekretnine.hr\/wp-content\/uploads\/2024\/12\/Naslovna-web-Savjeti-vodic-2-1000x563.jpg\" alt=\"Ulaganje u mobilne ku\u0107ice\" width=\"640\" height=\"360\" srcset=\"https:\/\/charta-nekretnine.hr\/wp-content\/uploads\/2024\/12\/Naslovna-web-Savjeti-vodic-2-1000x563.jpg 1000w, https:\/\/charta-nekretnine.hr\/wp-content\/uploads\/2024\/12\/Naslovna-web-Savjeti-vodic-2-1024x576.jpg 1024w, https:\/\/charta-nekretnine.hr\/wp-content\/uploads\/2024\/12\/Naslovna-web-Savjeti-vodic-2-768x432.jpg 768w, https:\/\/charta-nekretnine.hr\/wp-content\/uploads\/2024\/12\/Naslovna-web-Savjeti-vodic-2-18x10.jpg 18w, https:\/\/charta-nekretnine.hr\/wp-content\/uploads\/2024\/12\/Naslovna-web-Savjeti-vodic-2-800x450.jpg 800w, https:\/\/charta-nekretnine.hr\/wp-content\/uploads\/2024\/12\/Naslovna-web-Savjeti-vodic-2-600x338.jpg 600w, https:\/\/charta-nekretnine.hr\/wp-content\/uploads\/2024\/12\/Naslovna-web-Savjeti-vodic-2.jpg 1280w\" sizes=\"(max-width: 640px) 100vw, 640px\" \/><figcaption id=\"caption-attachment-8919\" class=\"wp-caption-text\"><a href=\"https:\/\/charta-nekretnine.hr\/en\/2024\/12\/09\/vodic-za-ulaganje-u-mobilne-kucice\/\" target=\"_blank\" rel=\"noopener\"><strong>Vodi\u010d ispunjen savjetima za kupnju i ulaganje u mobilne ku\u0107ice<\/strong><\/a><\/figcaption><\/figure>\n<p>Prema dosada\u0161njem iskustvu na\u0161ih klijenata, ovaj oblik ulaganja idealan je ako vam je cilj o\u010duvati vrijednost svojih, ve\u0107 postoje\u0107ih financijskih sredstava. Odnosno, ako ne \u017eelite da vam sredstva propadaju uslijed inflacije i drugih negativnih trendova.<\/p>\n<p>Procjena godi\u0161njeg prihoda od najma:\u00a0<strong>15.000 \u2013 20.000 \u20ac<\/strong><\/p>\n<p>Kako bi lak\u0161e donijeli odluku, pogledajte na\u0161 <a title=\"Vodi\u010d za ulaganje u mobilne ku\u0107ice\" href=\"https:\/\/charta-nekretnine.hr\/en\/2024\/12\/09\/vodic-za-ulaganje-u-mobilne-kucice\/\" target=\"_blank\" rel=\"noopener\"><strong>Charta vodi\u010d za razborito ulaganje u mobilne ku\u0107ice<\/strong><\/a>.<\/p>\n<h2>Opremljenost mobilne ku\u0107ice sa potencijalom cjelogodi\u0161njeg najma<\/h2>\n<p>Potpuna\u00a0<strong>opremljenost ku\u0107anskim ure\u0111ajima<\/strong>\u00a0zna\u010di da mo\u017eete ra\u010dunati na kuhinju sa perilicom posu\u0111a, velikim hladnjakom sa ledenicom te staklokerami\u010dkom plo\u010dom za kuhanje.<\/p>\n<p>Elementi za pohranu pribora za jelo i malih kuhinjskih ure\u0111aja dovoljno su veliki za potrebe va\u0161ih gostiju \u2013 od parova do cijelih obitelji.<\/p>\n<p>Na raspolaganju vam je odabir interijera sa 2 kupaonice, a spava\u0107e sobe mo\u017eete opremiti krevetima na kat, odvojenim krevetima ili velikim krevetom za dvije osobe.<\/p>\n<p>Moderno ure\u0111ene, ove mobilne ku\u0107ice sa pogledom na more opremljene su svim potrebnim ure\u0111ajima za ugodan boravak i odmor bez naprezanja.<\/p>\n<figure id=\"attachment_9263\" aria-describedby=\"caption-attachment-9263\" style=\"width: 480px\" class=\"wp-caption aligncenter\"><img loading=\"lazy\" decoding=\"async\" class=\"wp-image-9263\" src=\"https:\/\/charta-nekretnine.hr\/wp-content\/uploads\/2025\/10\/Kucica-spavaca-soba-2.jpg\" alt=\"Ku\u0107ica spava\u0107a soba 2\" width=\"480\" height=\"360\" srcset=\"https:\/\/charta-nekretnine.hr\/wp-content\/uploads\/2025\/10\/Kucica-spavaca-soba-2.jpg 720w, https:\/\/charta-nekretnine.hr\/wp-content\/uploads\/2025\/10\/Kucica-spavaca-soba-2-16x12.jpg 16w, https:\/\/charta-nekretnine.hr\/wp-content\/uploads\/2025\/10\/Kucica-spavaca-soba-2-600x450.jpg 600w\" sizes=\"(max-width: 480px) 100vw, 480px\" \/><figcaption id=\"caption-attachment-9263\" class=\"wp-caption-text\">Druga spava\u0107a soba mobilne ku\u0107ice dimenzija 8&#215;4 metara<\/figcaption><\/figure>\n<p><strong>Kuhinja<\/strong>\u00a0ima veliki fri\u017eider, perilicu za pranje su\u0111a, plo\u010du za kuhanje i dovoljno prostora za odlaganje kuhinjskog pribora i manjih ure\u0111aja.<\/p>\n<p>Savjetujemo da svojim gostima pru\u017eite dodatan komfor nabavkom mikrovalne i aparata za kavu.<\/p>\n<p><strong>Kupaonica<\/strong>\u00a0je pravo \u010dudo rasporeda elemenata i galanterije. Svaki kvadratni centimetar iskori\u0161ten je da omogu\u0107i nesmetano kretanje vi\u0161e osoba istovremeno.<\/p>\n<p><strong>Dnevni boravak<\/strong>\u00a0opremljen je kau\u010dem na razvla\u010denje \u0161to mo\u017ee obradovati privremene goste, smart TV-om i klima ure\u0111ajem.<\/p>\n<p><strong>Terasa<\/strong>\u00a0je mjesto okupljanja svih posjetitelja i prostor za unapre\u0111enje usluge smje\u0161taja. Uz vanjsku garnituru za opu\u0161tanje uz lagani vjetri\u0107, na terasu se mo\u017ee postaviti vanjska kuhinja te el. gril.<\/p>\n<p>Pru\u017eite svojim gostima iskustvo zajedni\u010dkih obroka na svje\u017eem zraku i rashla\u0111ene prostorije unutar mobilne ku\u0107ice.<\/p>\n<h3>\u010cesta pitanja i odgovori vezani uz ulaganje u mobilne ku\u0107ice<\/h3>\n<div class=\"x11i5rnm xat24cr x1mh8g0r x1vvkbs xtlvy1s x126k92a\">\n<p dir=\"auto\">Zanima li vas investicija u mobilne ku\u0107ice sa potencijalom cjelogodi\u0161njeg najma, sigurno \u017eelite znati odgovore na sljede\u0107a pitanja:<\/p>\n<\/div>\n<div class=\"x11i5rnm xat24cr x1mh8g0r x1vvkbs xtlvy1s x126k92a\">\n<div dir=\"auto\"><span class=\"x3nfvp2 x1j61x8r x1fcty0u xdj266r xhhsvwb xat24cr xgzva0m xxymvpz xlup9mm x1kky2od\"><img loading=\"lazy\" decoding=\"async\" class=\"xz74otr\" src=\"https:\/\/static.xx.fbcdn.net\/images\/emoji.php\/v9\/t72\/3\/16\/1f518.png\" alt=\"\ud83d\udd18\" width=\"16\" height=\"16\" \/><\/span>\u00a0\u0160to je pau\u0161al?<\/div>\n<div dir=\"auto\"><span class=\"x3nfvp2 x1j61x8r x1fcty0u xdj266r xhhsvwb xat24cr xgzva0m xxymvpz xlup9mm x1kky2od\"><img loading=\"lazy\" decoding=\"async\" class=\"xz74otr\" src=\"https:\/\/static.xx.fbcdn.net\/images\/emoji.php\/v9\/t8f\/3\/16\/2611.png\" alt=\"\u2611\ufe0f\" width=\"16\" height=\"16\" \/><\/span>\u00a0Godi\u0161nja naknada za kori\u0161tenje parcele koja se pla\u0107a vlasniku kampa<\/div>\n<\/div>\n<div class=\"x11i5rnm xat24cr x1mh8g0r x1vvkbs xtlvy1s x126k92a\">\n<div dir=\"auto\">\n<hr \/>\n<\/div>\n<\/div>\n<div class=\"x11i5rnm xat24cr x1mh8g0r x1vvkbs xtlvy1s x126k92a\">\n<div dir=\"auto\"><span class=\"x3nfvp2 x1j61x8r x1fcty0u xdj266r xhhsvwb xat24cr xgzva0m xxymvpz xlup9mm x1kky2od\"><img loading=\"lazy\" decoding=\"async\" class=\"xz74otr\" src=\"https:\/\/static.xx.fbcdn.net\/images\/emoji.php\/v9\/t72\/3\/16\/1f518.png\" alt=\"\ud83d\udd18\" width=\"16\" height=\"16\" \/><\/span>\u00a0Za koliko mogu vratiti ulo\u017eeno?<\/div>\n<div dir=\"auto\"><span class=\"x3nfvp2 x1j61x8r x1fcty0u xdj266r xhhsvwb xat24cr xgzva0m xxymvpz xlup9mm x1kky2od\"><img loading=\"lazy\" decoding=\"async\" class=\"xz74otr\" src=\"https:\/\/static.xx.fbcdn.net\/images\/emoji.php\/v9\/t8f\/3\/16\/2611.png\" alt=\"\u2611\ufe0f\" width=\"16\" height=\"16\" \/><\/span> O\u010dekivani povrat investicije je 4 do 6 godina<\/div>\n<\/div>\n<div class=\"x11i5rnm xat24cr x1mh8g0r x1vvkbs xtlvy1s x126k92a\">\n<div dir=\"auto\">\n<hr \/>\n<\/div>\n<div dir=\"auto\"><span class=\"x3nfvp2 x1j61x8r x1fcty0u xdj266r xhhsvwb xat24cr xgzva0m xxymvpz xlup9mm x1kky2od\"><img loading=\"lazy\" decoding=\"async\" class=\"xz74otr\" src=\"https:\/\/static.xx.fbcdn.net\/images\/emoji.php\/v9\/t72\/3\/16\/1f518.png\" alt=\"\ud83d\udd18\" width=\"16\" height=\"16\" \/><\/span>\u00a0Mogu li boraviti u mobilnoj ku\u0107ici?<\/div>\n<div dir=\"auto\"><span class=\"x3nfvp2 x1j61x8r x1fcty0u xdj266r xhhsvwb xat24cr xgzva0m xxymvpz xlup9mm x1kky2od\"><img loading=\"lazy\" decoding=\"async\" class=\"xz74otr\" src=\"https:\/\/static.xx.fbcdn.net\/images\/emoji.php\/v9\/t8f\/3\/16\/2611.png\" alt=\"\u2611\ufe0f\" width=\"16\" height=\"16\" \/><\/span>\u00a0Naravno, mo\u017eete kombinirati najam ku\u0107ice, boraviti u njoj ili pozvati prijatelje i rodbinu da odsjednu u njoj?<\/div>\n<\/div>\n<div class=\"x11i5rnm xat24cr x1mh8g0r x1vvkbs xtlvy1s x126k92a\">\n<div dir=\"auto\">\n<hr \/>\n<\/div>\n<div dir=\"auto\"><span class=\"x3nfvp2 x1j61x8r x1fcty0u xdj266r xhhsvwb xat24cr xgzva0m xxymvpz xlup9mm x1kky2od\"><img loading=\"lazy\" decoding=\"async\" class=\"xz74otr\" src=\"https:\/\/static.xx.fbcdn.net\/images\/emoji.php\/v9\/t72\/3\/16\/1f518.png\" alt=\"\ud83d\udd18\" width=\"16\" height=\"16\" \/><\/span> \u010cije su vlasni\u0161tvo ove mobilne ku\u0107ice sa potencijalom cjelogodi\u0161njeg najma?<\/div>\n<div dir=\"auto\"><span class=\"x3nfvp2 x1j61x8r x1fcty0u xdj266r xhhsvwb xat24cr xgzva0m xxymvpz xlup9mm x1kky2od\"><img loading=\"lazy\" decoding=\"async\" class=\"xz74otr\" src=\"https:\/\/static.xx.fbcdn.net\/images\/emoji.php\/v9\/t8f\/3\/16\/2611.png\" alt=\"\u2611\ufe0f\" width=\"16\" height=\"16\" \/><\/span>\u00a0Va\u0161e! Velika je prednost ovog na\u010dina investiranja \u0161to ku\u0107icu mo\u017eete prodati i time jo\u0161 pove\u0107ati svoju dobit.<\/div>\n<\/div>\n<div class=\"x11i5rnm xat24cr x1mh8g0r x1vvkbs xtlvy1s x126k92a\">\n<div dir=\"auto\">\n<hr \/>\n<\/div>\n<div dir=\"auto\"><span class=\"x3nfvp2 x1j61x8r x1fcty0u xdj266r xhhsvwb xat24cr xgzva0m xxymvpz xlup9mm x1kky2od\"><img loading=\"lazy\" decoding=\"async\" class=\"xz74otr\" src=\"https:\/\/static.xx.fbcdn.net\/images\/emoji.php\/v9\/t72\/3\/16\/1f518.png\" alt=\"\ud83d\udd18\" width=\"16\" height=\"16\" \/><\/span>\u00a0Da li je i parcela u kampu moja?<\/div>\n<div dir=\"auto\"><span class=\"x3nfvp2 x1j61x8r x1fcty0u xdj266r xhhsvwb xat24cr xgzva0m xxymvpz xlup9mm x1kky2od\"><img loading=\"lazy\" decoding=\"async\" class=\"xz74otr\" src=\"https:\/\/static.xx.fbcdn.net\/images\/emoji.php\/v9\/t8f\/3\/16\/2611.png\" alt=\"\u2611\ufe0f\" width=\"16\" height=\"16\" \/><\/span>\u00a0Ne! Zemlji\u0161te kampa privatno je vlasni\u0161tvo koje se daje u zakup na odre\u0111eni broj godina.<\/div>\n<\/div>\n<div class=\"x11i5rnm xat24cr x1mh8g0r x1vvkbs xtlvy1s x126k92a\">\n<div dir=\"auto\">\n<hr \/>\n<\/div>\n<div dir=\"auto\"><span class=\"x3nfvp2 x1j61x8r x1fcty0u xdj266r xhhsvwb xat24cr xgzva0m xxymvpz xlup9mm x1kky2od\"><img loading=\"lazy\" decoding=\"async\" class=\"xz74otr\" src=\"https:\/\/static.xx.fbcdn.net\/images\/emoji.php\/v9\/t72\/3\/16\/1f518.png\" alt=\"\ud83d\udd18\" width=\"16\" height=\"16\" \/><\/span> Isplati li se ulagati u mobilne ku\u0107ice u blizini Nacionalnog parka Plitvi\u010dka jezera?<\/div>\n<div dir=\"auto\">\n<p><span class=\"x3nfvp2 x1j61x8r x1fcty0u xdj266r xhhsvwb xat24cr xgzva0m xxymvpz xlup9mm x1kky2od\"><img loading=\"lazy\" decoding=\"async\" class=\"xz74otr\" src=\"https:\/\/static.xx.fbcdn.net\/images\/emoji.php\/v9\/t8f\/3\/16\/2611.png\" alt=\"\u2611\ufe0f\" width=\"16\" height=\"16\" \/><\/span>\u00a0Nazovite nas i saznajte detalje na\u0161e ponude!<\/p>\n<\/div>\n<\/div>\n<p dir=\"auto\">Za sve detalje i informacije o projektu \u201cMobilne ku\u0107ice sa potencijalom cjelogodi\u0161njeg najma\u201d i ulaganju u turisti\u010dko iznajmljivanje, na raspolaganju smo vam na:<\/p>\n<div class=\"x11i5rnm xat24cr x1mh8g0r x1vvkbs xtlvy1s x126k92a\">\n<div dir=\"auto\">+385 (0)91 900 1525<br \/>\n+385 (0)99 366 4412<br \/>\n+385 (0)99 738 5893<br \/>\n+385 (0)95 724 2285<\/div>\n<div dir=\"auto\">info@charta-nekretnine.hr<\/div>\n<\/div>","protected":false},"featured_media":9349,"template":"","meta":{"_acf_changed":false,"ocean_post_layout":"","ocean_both_sidebars_style":"","ocean_both_sidebars_content_width":0,"ocean_both_sidebars_sidebars_width":0,"ocean_sidebar":"","ocean_second_sidebar":"","ocean_disable_margins":"enable","ocean_add_body_class":"","ocean_shortcode_before_top_bar":"","ocean_shortcode_after_top_bar":"","ocean_shortcode_before_header":"","ocean_shortcode_after_header":"","ocean_has_shortcode":"","ocean_shortcode_after_title":"","ocean_shortcode_before_footer_widgets":"","ocean_shortcode_after_footer_widgets":"","ocean_shortcode_before_footer_bottom":"","ocean_shortcode_after_footer_bottom":"","ocean_display_top_bar":"default","ocean_display_header":"default","ocean_header_style":"","ocean_center_header_left_menu":"","ocean_custom_header_template":"","ocean_custom_logo":0,"ocean_custom_retina_logo":0,"ocean_custom_logo_max_width":0,"ocean_custom_logo_tablet_max_width":0,"ocean_custom_logo_mobile_max_width":0,"ocean_custom_logo_max_height":0,"ocean_custom_logo_tablet_max_height":0,"ocean_custom_logo_mobile_max_height":0,"ocean_header_custom_menu":"","ocean_menu_typo_font_family":"","ocean_menu_typo_font_subset":"","ocean_menu_typo_font_size":0,"ocean_menu_typo_font_size_tablet":0,"ocean_menu_typo_font_size_mobile":0,"ocean_menu_typo_font_size_unit":"px","ocean_menu_typo_font_weight":"","ocean_menu_typo_font_weight_tablet":"","ocean_menu_typo_font_weight_mobile":"","ocean_menu_typo_transform":"","ocean_menu_typo_transform_tablet":"","ocean_menu_typo_transform_mobile":"","ocean_menu_typo_line_height":0,"ocean_menu_typo_line_height_tablet":0,"ocean_menu_typo_line_height_mobile":0,"ocean_menu_typo_line_height_unit":"","ocean_menu_typo_spacing":0,"ocean_menu_typo_spacing_tablet":0,"ocean_menu_typo_spacing_mobile":0,"ocean_menu_typo_spacing_unit":"","ocean_menu_link_color":"","ocean_menu_link_color_hover":"","ocean_menu_link_color_active":"","ocean_menu_link_background":"","ocean_menu_link_hover_background":"","ocean_menu_link_active_background":"","ocean_menu_social_links_bg":"","ocean_menu_social_hover_links_bg":"","ocean_menu_social_links_color":"","ocean_menu_social_hover_links_color":"","ocean_disable_title":"default","ocean_disable_heading":"default","ocean_post_title":"","ocean_post_subheading":"","ocean_post_title_style":"","ocean_post_title_background_color":"","ocean_post_title_background":0,"ocean_post_title_bg_image_position":"","ocean_post_title_bg_image_attachment":"","ocean_post_title_bg_image_repeat":"","ocean_post_title_bg_image_size":"","ocean_post_title_height":0,"ocean_post_title_bg_overlay":0.5,"ocean_post_title_bg_overlay_color":"","ocean_disable_breadcrumbs":"default","ocean_breadcrumbs_color":"","ocean_breadcrumbs_separator_color":"","ocean_breadcrumbs_links_color":"","ocean_breadcrumbs_links_hover_color":"","ocean_display_footer_widgets":"default","ocean_display_footer_bottom":"default","ocean_custom_footer_template":""},"product_brand":[],"product_cat":[265],"product_tag":[247,272],"class_list":{"0":"post-9333","1":"product","2":"type-product","3":"status-publish","4":"has-post-thumbnail","6":"product_cat-mobilne-kucice","7":"product_tag-prodaja","8":"product_tag-prodaja-mobilnih-kucica","9":"pa_broj-kupaonica-1-ili-2","10":"pa_broj-spavacih-soba-52","11":"pa_cijena-47-000-plus-pdv","12":"pa_kvadratura-438","13":"pa_mjesto-resetar","14":"pa_stanje-objekta-nove-mobilne-kucice","15":"pa_vrsta-objave-prodaja","17":"entry","18":"has-media","20":"first","21":"instock","22":"shipping-taxable","23":"product-type-simple","24":"has-product-nav","25":"col","26":"span_1_of_3","27":"owp-content-center","28":"owp-thumbs-layout-horizontal","29":"owp-btn-normal","30":"owp-tabs-layout-horizontal"},"acf":[],"jetpack_sharing_enabled":true,"_links":{"self":[{"href":"https:\/\/charta-nekretnine.hr\/en\/wp-json\/wp\/v2\/product\/9333","targetHints":{"allow":["GET"]}}],"collection":[{"href":"https:\/\/charta-nekretnine.hr\/en\/wp-json\/wp\/v2\/product"}],"about":[{"href":"https:\/\/charta-nekretnine.hr\/en\/wp-json\/wp\/v2\/types\/product"}],"wp:featuredmedia":[{"embeddable":true,"href":"https:\/\/charta-nekretnine.hr\/en\/wp-json\/wp\/v2\/media\/9349"}],"wp:attachment":[{"href":"https:\/\/charta-nekretnine.hr\/en\/wp-json\/wp\/v2\/media?parent=9333"}],"wp:term":[{"taxonomy":"product_brand","embeddable":true,"href":"https:\/\/charta-nekretnine.hr\/en\/wp-json\/wp\/v2\/product_brand?post=9333"},{"taxonomy":"product_cat","embeddable":true,"href":"https:\/\/charta-nekretnine.hr\/en\/wp-json\/wp\/v2\/product_cat?post=9333"},{"taxonomy":"product_tag","embeddable":true,"href":"https:\/\/charta-nekretnine.hr\/en\/wp-json\/wp\/v2\/product_tag?post=9333"}],"curies":[{"name":"wp","href":"https:\/\/api.w.org\/{rel}","templated":true}]}}