{"id":9356,"date":"2026-01-05T04:01:41","date_gmt":"2026-01-05T04:01:41","guid":{"rendered":"https:\/\/charta-nekretnine.hr\/?post_type=product&#038;p=9356"},"modified":"2026-03-12T11:54:52","modified_gmt":"2026-03-12T11:54:52","slug":"kamp-espa-mobilne-kucice-kupi-rentaj","status":"publish","type":"product","link":"https:\/\/charta-nekretnine.hr\/en\/product\/kamp-espa-mobilne-kucice-kupi-rentaj\/","title":{"rendered":"Kamp Espa mobilne ku\u0107ice &#8220;Kupi &#038; Rentaj&#8221;"},"content":{"rendered":"","protected":false},"excerpt":{"rendered":"<h1>Kamp Espa mobilne ku\u0107ice, model &#8220;Kupi &amp; Rentaj&#8221;<\/h1>\n<p>U Pako\u0161tanima, na ogra\u0111enom kamp zemlji\u0161tu nalaze se 4 parcele gdje je mogu\u0107e kupiti potpuno novu mobilnu ku\u0107icu od 24 m\u00b2 sa natkrivenom terasom od 24\u00a0m\u00b2 i zapo\u010deti njezino iznajmljivanje putem <strong>Charta modela &#8220;Kupi &amp; Rentaj&#8221;<\/strong>.<\/p>\n<p>Za svaku mobilnu ku\u0107icu pla\u0107a se godi\u0161nji pau\u0161al kao zakup parcele.<\/p>\n<p>Prednost ove lokacije je <strong>iznimno povoljan pau\u0161al od 4.000 \u20ac\u00a0<\/strong>\u010dime se svakom investitoru u ove ku\u0107ice pru\u017ea jednostavan ulaz u vlasni\u0161tvo i najam mobilne ku\u0107ice te ostvarivanje dugoro\u010dnog, novog i stabilnog izvora prihoda.<\/p>\n<p>Dodatn zna\u010daj projekta &#8220;Kamp Espa mobilne ku\u0107ice&#8221; je <strong>konoba sa ro\u0161tiljem<\/strong> koja je na raspolaganju svim gostima va\u0161e nove mobilne ku\u0107ice.<\/p>\n<figure id=\"attachment_9360\" aria-describedby=\"caption-attachment-9360\" style=\"width: 540px\" class=\"wp-caption aligncenter\"><img fetchpriority=\"high\" decoding=\"async\" class=\"wp-image-9360\" src=\"https:\/\/charta-nekretnine.hr\/wp-content\/uploads\/2026\/01\/Vransko.jpg\" alt=\"Kamp Espa i pogled na Vransko jezero\" width=\"540\" height=\"360\" srcset=\"https:\/\/charta-nekretnine.hr\/wp-content\/uploads\/2026\/01\/Vransko.jpg 810w, https:\/\/charta-nekretnine.hr\/wp-content\/uploads\/2026\/01\/Vransko-768x512.jpg 768w, https:\/\/charta-nekretnine.hr\/wp-content\/uploads\/2026\/01\/Vransko-18x12.jpg 18w, https:\/\/charta-nekretnine.hr\/wp-content\/uploads\/2026\/01\/Vransko-600x400.jpg 600w\" sizes=\"(max-width: 540px) 100vw, 540px\" \/><figcaption id=\"caption-attachment-9360\" class=\"wp-caption-text\">Kamp se nalazi u blizini Vranskog jezera i brojnih staza za \u0161etnju<\/figcaption><\/figure>\n<h2>Detalji ponude projekta \u201cKamp Espa mobilne ku\u0107ice\u201d<\/h2>\n<div class=\"x11i5rnm xat24cr x1mh8g0r x1vvkbs xtlvy1s x126k92a\">\n<div dir=\"auto\">\n<ul>\n<li><strong>\u2022\u00a0<\/strong>Cijena mobilne ku\u0107ice model 48 m\u00b2: 34.000 \u20ac plus pdv<\/li>\n<li><strong>\u2022\u00a0<\/strong>Godi\u0161nji pau\u0161al: 4.000 \u20ac<\/li>\n<li><strong>\u2022\u00a0<\/strong>Ugovor o zakupu parcele: na 10 godina uz mogu\u0107nost produljenja<\/li>\n<\/ul>\n<hr \/>\n<ul>\n<li><strong>\u2022\u00a0<\/strong>Glavna atrakcija: blizina Vranskog jezera<\/li>\n<li><strong>\u2022\u00a0<\/strong>Pristup ku\u0107icama: cijele godine<\/li>\n<li><strong>\u2022<\/strong>\u00a0Terasa: natkrivena, po dogovoru ogra\u0111ena<\/li>\n<li><strong>\u2022\u00a0<\/strong>Stanje mobilne ku\u0107ice: nova, potpuno opremljena i ure\u0111ena<\/li>\n<li><strong>\u2022\u00a0<\/strong>Osiguran parking<\/li>\n<\/ul>\n<\/div>\n<\/div>\n<p dir=\"auto\">Mobilne ku\u0107ice sa potencijalom cjelogodi\u0161njeg najma se prodaju po sistemu klju\u010d u ruke, a na\u0161a usluga uklju\u010duje:<\/p>\n<div class=\"x11i5rnm xat24cr x1mh8g0r x1vvkbs xtlvy1s x126k92a\">\n<ul>\n<li dir=\"auto\">\u2022 Potpuno opremljenu i namje\u0161tenu mobilnu ku\u0107icu<\/li>\n<li dir=\"auto\">\u2022 Organiziran prijevoz i postavljanje ku\u0107ice<\/li>\n<li dir=\"auto\">\u2022 Natkrivenu terasu<br \/>\n<hr \/>\n<\/li>\n<li dir=\"auto\">\u2022 Monta\u017eu terase<\/li>\n<li dir=\"auto\">\u2022 Pripremljena parcela sa priklju\u010dcima<\/li>\n<li dir=\"auto\">\u2022 Spajanje ku\u0107ice na priklju\u010dke<\/li>\n<\/ul>\n<\/div>\n<h2>Model &#8220;Kupi &amp; Rentaj&#8221; za mobilne ku\u0107ice<\/h2>\n<p><strong>Charta model Kupi &amp; Rentaj<\/strong>\u00a0spaja u\u017eivanje u vlastitom prostoru uz more s pametnim kori\u0161tenjem ku\u0107ice kroz turisti\u010dki najam.<\/p>\n<p>Temelji se na kupnji nove, potpuno opremljene mobilne ku\u0107ice namijenjene turisti\u010dkom najmu, uz jasno definiran proces od odabira lokacije i parcele do postavljanja ku\u0107ice i pokretanja najma.<\/p>\n<p>Klju\u010dne prednosti ovog modela su predvidljivost tro\u0161kova, mogu\u0107nost ostvarivanja redovitih prihoda od najma te osobno kori\u0161tenje ku\u0107ice izvan glavne sezone.<\/p>\n<p>Kupnjom nove, potpuno opremljene mobilne ku\u0107ice dobivate svoj kutak za odmor, ali i mogu\u0107nost da ku\u0107ica radi za vas kada je ne koristite. Kao kupac postajete vlasnicima mobilne ku\u0107ice, dok se kori\u0161tenje parcele regulira dugoro\u010dnim ugovorom s vlasnikom kampa.<\/p>\n<figure id=\"attachment_9039\" aria-describedby=\"caption-attachment-9039\" style=\"width: 640px\" class=\"wp-caption aligncenter\"><img decoding=\"async\" class=\"wp-image-9039\" src=\"https:\/\/charta-nekretnine.hr\/wp-content\/uploads\/2025\/04\/naslovna-1000x563.jpg\" alt=\"Investicijom do jeftine mobilne ku\u0107ice\" width=\"640\" height=\"360\" srcset=\"https:\/\/charta-nekretnine.hr\/wp-content\/uploads\/2025\/04\/naslovna-1000x563.jpg 1000w, https:\/\/charta-nekretnine.hr\/wp-content\/uploads\/2025\/04\/naslovna-1024x576.jpg 1024w, https:\/\/charta-nekretnine.hr\/wp-content\/uploads\/2025\/04\/naslovna-768x432.jpg 768w, https:\/\/charta-nekretnine.hr\/wp-content\/uploads\/2025\/04\/naslovna-18x10.jpg 18w, https:\/\/charta-nekretnine.hr\/wp-content\/uploads\/2025\/04\/naslovna-800x450.jpg 800w, https:\/\/charta-nekretnine.hr\/wp-content\/uploads\/2025\/04\/naslovna-600x338.jpg 600w, https:\/\/charta-nekretnine.hr\/wp-content\/uploads\/2025\/04\/naslovna.jpg 1280w\" sizes=\"(max-width: 640px) 100vw, 640px\" \/><figcaption id=\"caption-attachment-9039\" class=\"wp-caption-text\">Mobilne ku\u0107ice u kampu<\/figcaption><\/figure>\n<p>Dugoro\u010dni ugovor za parcelu osigurava bezbri\u017enost, dok <strong>profesionalna podr\u0161ka Charta tima<\/strong> vodi brigu o svim tehni\u010dkim i organizacijskim detaljima.<\/p>\n<p>Uspje\u0161na realizacija Charta modela Kupi &amp; Rentaj vo\u0111ena je iskustvom i znanjem cijelog Charta Mobile Homes tima koji vodi potpuni proces: od provjere ugovornih odnosa i sigurnosti lokacije do organizacije postavljanja i podr\u0161ke u upravljanju najmom.<\/p>\n<p>Upravo na\u0161a stru\u010dna podr\u0161ka smanjuje rizike i omogu\u0107uje dugoro\u010dno odr\u017eiv i stabilan poslovni model.<\/p>\n<p>Zahvaljuju\u0107i iskustvu i poznavanju kampova i lokacija, cijeli proces odvija se jednostavno i sigurno, omogu\u0107uju\u0107i vam da se usredoto\u010dite na ono najva\u017enije\u00a0 kvalitetno vrijeme, dobar odmor i dugoro\u010dno zadovoljstvo.<\/p>\n<p>Kako bi lak\u0161e donijeli odluku, pogledajte na\u0161\u00a0<strong><a href=\"https:\/\/charta-nekretnine.hr\/en\/2023\/04\/28\/pausal-za-mobilne-kucice-u-kampu\/\" target=\"_blank\" rel=\"noopener\">prikaz tro\u0161kova i pau\u0161ala za mobilne ku\u0107ice<\/a><\/strong>.<\/p>\n<h2>Opremljenost mobilne ku\u0107ice sa potencijalom cjelogodi\u0161njeg najma<\/h2>\n<p>Potpuna\u00a0<strong>opremljenost ku\u0107anskim ure\u0111ajima<\/strong>\u00a0zna\u010di da mo\u017eete ra\u010dunati na kuhinju sa perilicom posu\u0111a, velikim hladnjakom sa ledenicom te staklokerami\u010dkom plo\u010dom za kuhanje.<\/p>\n<p>Elementi za pohranu pribora za jelo i malih kuhinjskih ure\u0111aja dovoljno su veliki za potrebe va\u0161ih gostiju \u2013 od parova do cijelih obitelji.<\/p>\n<p>Na raspolaganju vam je odabir interijera gdje spava\u0107e sobe mo\u017eete opremiti krevetima na kat, odvojenim krevetima ili velikim krevetom za dvije osobe.<\/p>\n<figure id=\"attachment_9081\" aria-describedby=\"caption-attachment-9081\" style=\"width: 606px\" class=\"wp-caption aligncenter\"><img decoding=\"async\" class=\"wp-image-9081\" src=\"https:\/\/charta-nekretnine.hr\/wp-content\/uploads\/2025\/04\/Tlocrt-mobilna-kucica.jpg\" alt=\"Tlocrt mobilne ku\u0107ice\" width=\"606\" height=\"360\" srcset=\"https:\/\/charta-nekretnine.hr\/wp-content\/uploads\/2025\/04\/Tlocrt-mobilna-kucica.jpg 909w, https:\/\/charta-nekretnine.hr\/wp-content\/uploads\/2025\/04\/Tlocrt-mobilna-kucica-768x456.jpg 768w, https:\/\/charta-nekretnine.hr\/wp-content\/uploads\/2025\/04\/Tlocrt-mobilna-kucica-18x12.jpg 18w, https:\/\/charta-nekretnine.hr\/wp-content\/uploads\/2025\/04\/Tlocrt-mobilna-kucica-600x356.jpg 600w\" sizes=\"(max-width: 606px) 100vw, 606px\" \/><figcaption id=\"caption-attachment-9081\" class=\"wp-caption-text\">Tlocrt mobilne ku\u0107ice<\/figcaption><\/figure>\n<p>Moderno ure\u0111ene, ove mobilne ku\u0107ice sa pogledom na more opremljene su svim potrebnim ure\u0111ajima za ugodan boravak i odmor bez naprezanja.<\/p>\n<p><strong>Kuhinja<\/strong>\u00a0ima veliki fri\u017eider, perilicu za pranje su\u0111a, plo\u010du za kuhanje i dovoljno prostora za odlaganje kuhinjskog pribora i manjih ure\u0111aja.<\/p>\n<p>Savjetujemo da svojim gostima pru\u017eite dodatan komfor nabavkom mikrovalne i aparata za kavu.<\/p>\n<p><strong>Kupaonica<\/strong>\u00a0je pravo \u010dudo rasporeda elemenata i galanterije. Svaki kvadratni centimetar iskori\u0161ten je da omogu\u0107i nesmetano kretanje vi\u0161e osoba istovremeno.<\/p>\n<p><strong>Dnevni boravak<\/strong>\u00a0opremljen je kau\u010dem na razvla\u010denje \u0161to mo\u017ee obradovati privremene goste, smart TV-om i klima ure\u0111ajem.<\/p>\n<p><strong>Terasa<\/strong>\u00a0je mjesto okupljanja svih posjetitelja i prostor za unapre\u0111enje usluge smje\u0161taja. Uz vanjsku garnituru za opu\u0161tanje uz lagani vjetri\u0107, na terasu se mo\u017ee postaviti vanjska kuhinja te el. gril.<\/p>\n<p>Pru\u017eite svojim gostima iskustvo zajedni\u010dkih obroka na svje\u017eem zraku i rashla\u0111ene prostorije unutar mobilne ku\u0107ice.<\/p>\n<h3>\u010cesta pitanja i odgovori vezani uz ulaganje u Kamp Espa mobilne ku\u0107ice<\/h3>\n<figure id=\"attachment_9223\" aria-describedby=\"caption-attachment-9223\" style=\"width: 512px\" class=\"wp-caption aligncenter\"><img loading=\"lazy\" decoding=\"async\" class=\"wp-image-9223\" src=\"https:\/\/charta-nekretnine.hr\/wp-content\/uploads\/2025\/09\/Charta-Mobile-Homes.jpg\" alt=\"Charta Mobile Homes\" width=\"512\" height=\"360\" srcset=\"https:\/\/charta-nekretnine.hr\/wp-content\/uploads\/2025\/09\/Charta-Mobile-Homes.jpg 768w, https:\/\/charta-nekretnine.hr\/wp-content\/uploads\/2025\/09\/Charta-Mobile-Homes-18x12.jpg 18w, https:\/\/charta-nekretnine.hr\/wp-content\/uploads\/2025\/09\/Charta-Mobile-Homes-600x422.jpg 600w\" sizes=\"(max-width: 512px) 100vw, 512px\" \/><figcaption id=\"caption-attachment-9223\" class=\"wp-caption-text\">Charta Mobile Homes ima vi\u0161egodi\u0161nje iskustvo u radu sa kampovima i mobilnim ku\u0107icama<\/figcaption><\/figure>\n<div class=\"x11i5rnm xat24cr x1mh8g0r x1vvkbs xtlvy1s x126k92a\">\n<p dir=\"auto\">Zanima li vas investicija u mobilne ku\u0107ice sa potencijalom cjelogodi\u0161njeg najma, sigurno \u017eelite znati odgovore na sljede\u0107a pitanja:<\/p>\n<\/div>\n<div class=\"x11i5rnm xat24cr x1mh8g0r x1vvkbs xtlvy1s x126k92a\">\n<div dir=\"auto\"><span class=\"x3nfvp2 x1j61x8r x1fcty0u xdj266r xhhsvwb xat24cr xgzva0m xxymvpz xlup9mm x1kky2od\"><img loading=\"lazy\" decoding=\"async\" class=\"xz74otr\" src=\"https:\/\/static.xx.fbcdn.net\/images\/emoji.php\/v9\/t72\/3\/16\/1f518.png\" alt=\"\ud83d\udd18\" width=\"16\" height=\"16\" \/><\/span>\u00a0\u0160to je pau\u0161al?<\/div>\n<div dir=\"auto\"><span class=\"x3nfvp2 x1j61x8r x1fcty0u xdj266r xhhsvwb xat24cr xgzva0m xxymvpz xlup9mm x1kky2od\"><img loading=\"lazy\" decoding=\"async\" class=\"xz74otr\" src=\"https:\/\/static.xx.fbcdn.net\/images\/emoji.php\/v9\/t8f\/3\/16\/2611.png\" alt=\"\u2611\ufe0f\" width=\"16\" height=\"16\" \/><\/span>\u00a0Godi\u0161nja naknada za kori\u0161tenje parcele koja se pla\u0107a vlasniku kampa<\/div>\n<\/div>\n<div class=\"x11i5rnm xat24cr x1mh8g0r x1vvkbs xtlvy1s x126k92a\">\n<div dir=\"auto\">\n<hr \/>\n<\/div>\n<\/div>\n<div class=\"x11i5rnm xat24cr x1mh8g0r x1vvkbs xtlvy1s x126k92a\">\n<div dir=\"auto\"><span class=\"x3nfvp2 x1j61x8r x1fcty0u xdj266r xhhsvwb xat24cr xgzva0m xxymvpz xlup9mm x1kky2od\"><img loading=\"lazy\" decoding=\"async\" class=\"xz74otr\" src=\"https:\/\/static.xx.fbcdn.net\/images\/emoji.php\/v9\/t72\/3\/16\/1f518.png\" alt=\"\ud83d\udd18\" width=\"16\" height=\"16\" \/><\/span>\u00a0Za koliko mogu vratiti ulo\u017eeno?<\/div>\n<div dir=\"auto\"><span class=\"x3nfvp2 x1j61x8r x1fcty0u xdj266r xhhsvwb xat24cr xgzva0m xxymvpz xlup9mm x1kky2od\"><img loading=\"lazy\" decoding=\"async\" class=\"xz74otr\" src=\"https:\/\/static.xx.fbcdn.net\/images\/emoji.php\/v9\/t8f\/3\/16\/2611.png\" alt=\"\u2611\ufe0f\" width=\"16\" height=\"16\" \/><\/span>\u00a0O\u010dekivani povrat investicije je 4 do 6 godina<\/div>\n<\/div>\n<div class=\"x11i5rnm xat24cr x1mh8g0r x1vvkbs xtlvy1s x126k92a\">\n<div dir=\"auto\">\n<hr \/>\n<\/div>\n<div dir=\"auto\"><span class=\"x3nfvp2 x1j61x8r x1fcty0u xdj266r xhhsvwb xat24cr xgzva0m xxymvpz xlup9mm x1kky2od\"><img loading=\"lazy\" decoding=\"async\" class=\"xz74otr\" src=\"https:\/\/static.xx.fbcdn.net\/images\/emoji.php\/v9\/t72\/3\/16\/1f518.png\" alt=\"\ud83d\udd18\" width=\"16\" height=\"16\" \/><\/span>\u00a0Mogu li boraviti u mobilnoj ku\u0107ici?<\/div>\n<div dir=\"auto\"><span class=\"x3nfvp2 x1j61x8r x1fcty0u xdj266r xhhsvwb xat24cr xgzva0m xxymvpz xlup9mm x1kky2od\"><img loading=\"lazy\" decoding=\"async\" class=\"xz74otr\" src=\"https:\/\/static.xx.fbcdn.net\/images\/emoji.php\/v9\/t8f\/3\/16\/2611.png\" alt=\"\u2611\ufe0f\" width=\"16\" height=\"16\" \/><\/span>\u00a0Naravno, mo\u017eete kombinirati najam ku\u0107ice, boraviti u njoj ili pozvati prijatelje i rodbinu da odsjednu u njoj?<\/div>\n<\/div>\n<div class=\"x11i5rnm xat24cr x1mh8g0r x1vvkbs xtlvy1s x126k92a\">\n<div dir=\"auto\">\n<hr \/>\n<\/div>\n<div dir=\"auto\"><span class=\"x3nfvp2 x1j61x8r x1fcty0u xdj266r xhhsvwb xat24cr xgzva0m xxymvpz xlup9mm x1kky2od\"><img loading=\"lazy\" decoding=\"async\" class=\"xz74otr\" src=\"https:\/\/static.xx.fbcdn.net\/images\/emoji.php\/v9\/t72\/3\/16\/1f518.png\" alt=\"\ud83d\udd18\" width=\"16\" height=\"16\" \/><\/span>\u00a0\u010cije su vlasni\u0161tvo ove mobilne ku\u0107ice sa potencijalom cjelogodi\u0161njeg najma?<\/div>\n<div dir=\"auto\"><span class=\"x3nfvp2 x1j61x8r x1fcty0u xdj266r xhhsvwb xat24cr xgzva0m xxymvpz xlup9mm x1kky2od\"><img loading=\"lazy\" decoding=\"async\" class=\"xz74otr\" src=\"https:\/\/static.xx.fbcdn.net\/images\/emoji.php\/v9\/t8f\/3\/16\/2611.png\" alt=\"\u2611\ufe0f\" width=\"16\" height=\"16\" \/><\/span>\u00a0Va\u0161e! Velika je prednost ovog na\u010dina investiranja \u0161to ku\u0107icu mo\u017eete prodati i time jo\u0161 pove\u0107ati svoju dobit.<\/div>\n<\/div>\n<div class=\"x11i5rnm xat24cr x1mh8g0r x1vvkbs xtlvy1s x126k92a\">\n<div dir=\"auto\">\n<hr \/>\n<\/div>\n<div dir=\"auto\"><span class=\"x3nfvp2 x1j61x8r x1fcty0u xdj266r xhhsvwb xat24cr xgzva0m xxymvpz xlup9mm x1kky2od\"><img loading=\"lazy\" decoding=\"async\" class=\"xz74otr\" src=\"https:\/\/static.xx.fbcdn.net\/images\/emoji.php\/v9\/t72\/3\/16\/1f518.png\" alt=\"\ud83d\udd18\" width=\"16\" height=\"16\" \/><\/span>\u00a0Da li je i parcela u kampu moja?<\/div>\n<div dir=\"auto\"><span class=\"x3nfvp2 x1j61x8r x1fcty0u xdj266r xhhsvwb xat24cr xgzva0m xxymvpz xlup9mm x1kky2od\"><img loading=\"lazy\" decoding=\"async\" class=\"xz74otr\" src=\"https:\/\/static.xx.fbcdn.net\/images\/emoji.php\/v9\/t8f\/3\/16\/2611.png\" alt=\"\u2611\ufe0f\" width=\"16\" height=\"16\" \/><\/span>\u00a0Ne! Zemlji\u0161te kampa privatno je vlasni\u0161tvo koje se daje u zakup na odre\u0111eni broj godina.<\/div>\n<\/div>\n<div class=\"x11i5rnm xat24cr x1mh8g0r x1vvkbs xtlvy1s x126k92a\">\n<div dir=\"auto\">\n<hr \/>\n<\/div>\n<div dir=\"auto\"><span class=\"x3nfvp2 x1j61x8r x1fcty0u xdj266r xhhsvwb xat24cr xgzva0m xxymvpz xlup9mm x1kky2od\"><img loading=\"lazy\" decoding=\"async\" class=\"xz74otr\" src=\"https:\/\/static.xx.fbcdn.net\/images\/emoji.php\/v9\/t72\/3\/16\/1f518.png\" alt=\"\ud83d\udd18\" width=\"16\" height=\"16\" \/><\/span> Isplati li se ulagati u projekt Kamp Espa mobilne ku\u0107ice u Pako\u0161tanima?<\/div>\n<div dir=\"auto\">\n<p><span class=\"x3nfvp2 x1j61x8r x1fcty0u xdj266r xhhsvwb xat24cr xgzva0m xxymvpz xlup9mm x1kky2od\"><img loading=\"lazy\" decoding=\"async\" class=\"xz74otr\" src=\"https:\/\/static.xx.fbcdn.net\/images\/emoji.php\/v9\/t8f\/3\/16\/2611.png\" alt=\"\u2611\ufe0f\" width=\"16\" height=\"16\" \/><\/span>\u00a0Nazovite nas i saznajte detalje na\u0161e ponude!<\/p>\n<\/div>\n<\/div>\n<p dir=\"auto\">Za sve detalje i informacije o projektu \u201cKamp Espa mobilne ku\u0107ice sa potencijalom cjelogodi\u0161njeg najma\u201d i ulaganju u turisti\u010dko iznajmljivanje, na raspolaganju smo vam na:<\/p>\n<div class=\"x11i5rnm xat24cr x1mh8g0r x1vvkbs xtlvy1s x126k92a\">\n<div dir=\"auto\">+385 (0)91 900 1525<br \/>\n+385 (0)99 366 4412<br \/>\n+385 (0)99 738 5893<br \/>\n+385 (0)95 724 2285<\/div>\n<div dir=\"auto\">info@charta-nekretnine.hr<\/div>\n<\/div>","protected":false},"featured_media":9361,"template":"","meta":{"_acf_changed":false,"ocean_post_layout":"","ocean_both_sidebars_style":"","ocean_both_sidebars_content_width":0,"ocean_both_sidebars_sidebars_width":0,"ocean_sidebar":"","ocean_second_sidebar":"","ocean_disable_margins":"enable","ocean_add_body_class":"","ocean_shortcode_before_top_bar":"","ocean_shortcode_after_top_bar":"","ocean_shortcode_before_header":"","ocean_shortcode_after_header":"","ocean_has_shortcode":"","ocean_shortcode_after_title":"","ocean_shortcode_before_footer_widgets":"","ocean_shortcode_after_footer_widgets":"","ocean_shortcode_before_footer_bottom":"","ocean_shortcode_after_footer_bottom":"","ocean_display_top_bar":"default","ocean_display_header":"default","ocean_header_style":"","ocean_center_header_left_menu":"","ocean_custom_header_template":"","ocean_custom_logo":0,"ocean_custom_retina_logo":0,"ocean_custom_logo_max_width":0,"ocean_custom_logo_tablet_max_width":0,"ocean_custom_logo_mobile_max_width":0,"ocean_custom_logo_max_height":0,"ocean_custom_logo_tablet_max_height":0,"ocean_custom_logo_mobile_max_height":0,"ocean_header_custom_menu":"","ocean_menu_typo_font_family":"","ocean_menu_typo_font_subset":"","ocean_menu_typo_font_size":0,"ocean_menu_typo_font_size_tablet":0,"ocean_menu_typo_font_size_mobile":0,"ocean_menu_typo_font_size_unit":"px","ocean_menu_typo_font_weight":"","ocean_menu_typo_font_weight_tablet":"","ocean_menu_typo_font_weight_mobile":"","ocean_menu_typo_transform":"","ocean_menu_typo_transform_tablet":"","ocean_menu_typo_transform_mobile":"","ocean_menu_typo_line_height":0,"ocean_menu_typo_line_height_tablet":0,"ocean_menu_typo_line_height_mobile":0,"ocean_menu_typo_line_height_unit":"","ocean_menu_typo_spacing":0,"ocean_menu_typo_spacing_tablet":0,"ocean_menu_typo_spacing_mobile":0,"ocean_menu_typo_spacing_unit":"","ocean_menu_link_color":"","ocean_menu_link_color_hover":"","ocean_menu_link_color_active":"","ocean_menu_link_background":"","ocean_menu_link_hover_background":"","ocean_menu_link_active_background":"","ocean_menu_social_links_bg":"","ocean_menu_social_hover_links_bg":"","ocean_menu_social_links_color":"","ocean_menu_social_hover_links_color":"","ocean_disable_title":"default","ocean_disable_heading":"default","ocean_post_title":"","ocean_post_subheading":"","ocean_post_title_style":"","ocean_post_title_background_color":"","ocean_post_title_background":0,"ocean_post_title_bg_image_position":"","ocean_post_title_bg_image_attachment":"","ocean_post_title_bg_image_repeat":"","ocean_post_title_bg_image_size":"","ocean_post_title_height":0,"ocean_post_title_bg_overlay":0.5,"ocean_post_title_bg_overlay_color":"","ocean_disable_breadcrumbs":"default","ocean_breadcrumbs_color":"","ocean_breadcrumbs_separator_color":"","ocean_breadcrumbs_links_color":"","ocean_breadcrumbs_links_hover_color":"","ocean_display_footer_widgets":"default","ocean_display_footer_bottom":"default","ocean_custom_footer_template":""},"product_brand":[],"product_cat":[265],"product_tag":[247],"class_list":{"0":"post-9356","1":"product","2":"type-product","3":"status-publish","4":"has-post-thumbnail","6":"product_cat-mobilne-kucice","7":"product_tag-prodaja","8":"pa_broj-kupaonica-60","9":"pa_broj-spavacih-soba-52","10":"pa_cijena-34-000-pdv","11":"pa_kvadratura-24-24-terasa","12":"pa_mjesto-pakostane","13":"pa_stanje-objekta-nove-mobilne-kucice","15":"entry","16":"has-media","18":"first","19":"instock","20":"shipping-taxable","21":"product-type-simple","22":"has-product-nav","23":"col","24":"span_1_of_3","25":"owp-content-center","26":"owp-thumbs-layout-horizontal","27":"owp-btn-normal","28":"owp-tabs-layout-horizontal"},"acf":[],"jetpack_sharing_enabled":true,"_links":{"self":[{"href":"https:\/\/charta-nekretnine.hr\/en\/wp-json\/wp\/v2\/product\/9356","targetHints":{"allow":["GET"]}}],"collection":[{"href":"https:\/\/charta-nekretnine.hr\/en\/wp-json\/wp\/v2\/product"}],"about":[{"href":"https:\/\/charta-nekretnine.hr\/en\/wp-json\/wp\/v2\/types\/product"}],"wp:featuredmedia":[{"embeddable":true,"href":"https:\/\/charta-nekretnine.hr\/en\/wp-json\/wp\/v2\/media\/9361"}],"wp:attachment":[{"href":"https:\/\/charta-nekretnine.hr\/en\/wp-json\/wp\/v2\/media?parent=9356"}],"wp:term":[{"taxonomy":"product_brand","embeddable":true,"href":"https:\/\/charta-nekretnine.hr\/en\/wp-json\/wp\/v2\/product_brand?post=9356"},{"taxonomy":"product_cat","embeddable":true,"href":"https:\/\/charta-nekretnine.hr\/en\/wp-json\/wp\/v2\/product_cat?post=9356"},{"taxonomy":"product_tag","embeddable":true,"href":"https:\/\/charta-nekretnine.hr\/en\/wp-json\/wp\/v2\/product_tag?post=9356"}],"curies":[{"name":"wp","href":"https:\/\/api.w.org\/{rel}","templated":true}]}}